





{"id":76042,"date":"2024-11-09T15:53:49","date_gmt":"2024-11-09T14:53:49","guid":{"rendered":"https:\/\/repliquemangacine.fr\/?post_type=product&#038;p=76042"},"modified":"2026-04-19T13:04:39","modified_gmt":"2026-04-19T11:04:39","slug":"statuetta-delluccisore-di-demoni-a-led-nichirin-sword-tanjiro-gratis","status":"publish","type":"product","link":"https:\/\/repliquemangacine.fr\/it\/katana-lumineux-demon-slayer\/epee-led-nichirin-tanjiro-figurine-demon-slayer-offerte\/","title":{"rendered":"Spada Led Nichirin Tanjiro"},"content":{"rendered":"<h2>Spada Led Nichirin Tanjiro in Demon Slayer<\/h2>\n<p>Per prima cosa, scoprite una straordinaria novit\u00e0: la<strong>Spada Nichirin Tanjiro,<\/strong> un'arma speciale dei Cacciatori di Demoni, forgiata con un metallo che assorbe la luce del sole, rendendo la lama letale per i demoni.<\/p>\n<p>Questa katana unica nel suo genere funziona a batterie e si illumina grazie a LED integrati, conferendo cos\u00ec una dimensione fiammeggiante a questa fedele riproduzione. Basta premere un pulsante di accensione\/spegnimento discretamente integrato nell'impugnatura. La lama si illumina istantaneamente, evocando la grazia e la precisione del suo stile di combattimento ispirato alla natura. Questa tecnologia a LED offre un realismo senza precedenti, una novit\u00e0 assoluta per le katana luminose di questa qualit\u00e0. Perfetta per collezionisti e appassionati. <a href=\"https:\/\/kimetsu-no-yaiba.fandom.com\/wiki\/Kimetsu_no_Yaiba_Wiki\" target=\"_blank\" rel=\"noopener noreferrer\">Ammazzademoni<\/a>. Questa katana combina autenticit\u00e0 e innovazione per offrire un'esperienza visiva di grande impatto. Ideale per esporre o ricreare scene epiche. Un vero tesoro per ogni fan dell'universo!<\/p>\n<h2>Scopri le altre katane leggere di Demon Slayer<\/h2>\n<p>Oltre al<strong>Spada Led Nichirin Tanjiro<\/strong> La gamma di katane luminose di Demon Slayer comprende anche altre impressionanti repliche.<\/p>\n<ul>\n<li>Le<a href=\"https:\/\/repliquemangacine.fr\/it\/katana-leggera-uccisore-di-demoni\/katana-luminosa-delluccisore-di-demoni-sanemi\/\"> La katana luminosa di Sanemi<\/a> Shinazugawa, uno spadaccino molto potente, il terzo pi\u00f9 potente. La lama si illumina all'istante, evocando la forza e l'agilit\u00e0 di Sanemi, pari a quelle di un demone.<\/li>\n<li>C'\u00e8 anche il <a href=\"https:\/\/repliquemangacine.fr\/it\/katana-uccisore-di-demoni\/katana-leggera-zenitsu\/\">La katana luminosa di Zenitsu Agatsuma<\/a> si illumina con dei LED che riflettono la potenza elettrizzante del suo Respiro del Fulmine.  Con il suo lampo di luce, simboleggia perfettamente gli attacchi fulminei di Zenitsu.<\/li>\n<li>Infine, il <a href=\"https:\/\/repliquemangacine.fr\/it\/katana-uccisore-di-demoni\/katana-luminosa-rengoku\/\">katana Rengoku luminosa<\/a> Kyojuro, il Pilastro di Fiamma, risplende con intensit\u00e0 infuocata grazie ai suoi LED, incarnando la potenza incandescente del suo Soffio di Fiamma.<\/li>\n<\/ul>\n<p>Ogni katana di questa collezione, dotata di LED, offre un'esperienza immersiva unica, che unisce innovazione tecnologica e rispetto dei dettagli dell'universo Demon Slayer.<\/p>\n<p>Queste repliche luminose sono perfette per i fan pi\u00f9 appassionati.<\/p>\n<h2>L'innovazione al servizio degli appassionati: eccezionali katane luminose<\/h2>\n<p>Il mondo delle repliche di katana ha raggiunto un nuovo livello con questi modelli luminosi. Ed \u00e8 una rivoluzione per i fan di Demon Slayer. Cos\u00ec come la loro qualit\u00e0 costruttiva e la loro fedelt\u00e0 alle armi viste nell'anime. Queste katane sono dotate di tecnologia LED che aggiunge una nuova dimensione immersiva. Ogni katana diventa molto pi\u00f9 di un semplice oggetto da collezione. \u00c8 un elemento veramente interattivo, in grado di brillare e di evocare il potere dei personaggi che rappresenta. I LED sono facilmente attivabili tramite un pulsante discreto, in modo da poter godere appieno dell'esperienza. Che si tratti di mostre, foto o anche di cosplay. Questa innovazione, che unisce tradizione e tecnologia, rende le katane luminose una rivoluzione per gli appassionati che cercano repliche autentiche ma innovative. Se volete arricchire la vostra collezione con qualcosa di unico e sorprendente, allora queste katane luminose fanno al caso vostro!<\/p>","protected":false},"excerpt":{"rendered":"<p>Splendida replica della spada Nichirin Tanjiro in versione luminosa (LED) in Demon Slayer.<\/p>\n<ul>\n<li>La lama \u00e8 realizzata in metallo nella parte superiore con decorazioni<\/li>\n<li>La parte inferiore \u00e8 realizzata in ABS spesso con LED rossi all'interno.<\/li>\n<li>Pulsante di accensione\/spegnimento discreto e facile da usare<\/li>\n<li>Protezione metallica appositamente sagomata<\/li>\n<li>Manico in finta pelle di razza rossa, ricoperto da una treccia di finta pelle nera<\/li>\n<li>L'estremit\u00e0 del manico pu\u00f2 essere staccata per inserire due batterie AAA (non fornite).<\/li>\n<li>Fodero in legno nero.<\/li>\n<li>Lunghezza lama: 67 cm - Lunghezza totale: 103 cm - Peso: 1065 grammi<\/li>\n<\/ul>","protected":false},"featured_media":76044,"template":"","meta":[],"product_brand":[896],"product_cat":[63,868,869,101],"product_tag":[],"class_list":{"0":"post-76042","1":"product","2":"type-product","3":"status-publish","4":"has-post-thumbnail","6":"product_brand-replique-manga-cine","7":"product_cat-katana-demon-slayer","8":"product_cat-katana-lumineux","9":"product_cat-katana-lumineux-demon-slayer","10":"product_cat-soldes","12":"first","13":"outofstock","14":"sale","15":"taxable","16":"shipping-taxable","17":"purchasable","18":"product-type-simple"},"yoast_head":"<!-- This site is optimized with the Yoast SEO plugin v27.4 - https:\/\/yoast.com\/product\/yoast-seo-wordpress\/ -->\n<title>Ep\u00e9e Led Nichirin Tanjiro | RMC<\/title>\n<meta name=\"description\" content=\"Exceptionnelle nouveaut\u00e9 que cette Ep\u00e9e Led Nichirin Tanjiro . Leds rouges. Lame m\u00e9tal. Fonctionne \u00e0 pile. Garde m\u00e9tal. 103 cm\" \/>\n<meta name=\"robots\" content=\"index, follow, max-snippet:-1, max-image-preview:large, max-video-preview:-1\" \/>\n<link rel=\"canonical\" href=\"https:\/\/repliquemangacine.fr\/it\/katana-leggera-uccisore-di-demoni\/statuetta-delluccisore-di-demoni-a-led-nichirin-sword-tanjiro-gratis\/\" \/>\n<meta property=\"og:locale\" content=\"it_IT\" \/>\n<meta property=\"og:type\" content=\"article\" \/>\n<meta property=\"og:title\" content=\"Ep\u00e9e Led Nichirin Tanjiro | RMC\" \/>\n<meta property=\"og:description\" content=\"Exceptionnelle nouveaut\u00e9 que cette Ep\u00e9e Led Nichirin Tanjiro . Leds rouges. Lame m\u00e9tal. Fonctionne \u00e0 pile. Garde m\u00e9tal. 103 cm\" \/>\n<meta property=\"og:url\" content=\"https:\/\/repliquemangacine.fr\/it\/katana-leggera-uccisore-di-demoni\/statuetta-delluccisore-di-demoni-a-led-nichirin-sword-tanjiro-gratis\/\" \/>\n<meta property=\"og:site_name\" content=\"R\u00e9plique Manga Cin\u00e9\" \/>\n<meta property=\"article:publisher\" content=\"https:\/\/www.facebook.com\/RepliqueMangaCine\" \/>\n<meta property=\"article:modified_time\" content=\"2026-04-19T11:04:39+00:00\" \/>\n<meta property=\"og:image\" content=\"https:\/\/repliquemangacine.fr\/wp-content\/uploads\/2024\/11\/Epee-Led-Nichirin-Tanjiro.jpg\" \/>\n\t<meta property=\"og:image:width\" content=\"500\" \/>\n\t<meta property=\"og:image:height\" content=\"500\" \/>\n\t<meta property=\"og:image:type\" content=\"image\/jpeg\" \/>\n<meta name=\"twitter:card\" content=\"summary_large_image\" \/>\n<meta name=\"twitter:label1\" content=\"Tempo di lettura stimato\" \/>\n\t<meta name=\"twitter:data1\" content=\"3 minuti\" \/>\n<script type=\"application\/ld+json\" class=\"yoast-schema-graph\">{\"@context\":\"https:\\\/\\\/schema.org\",\"@graph\":[{\"@type\":\"WebPage\",\"@id\":\"https:\\\/\\\/repliquemangacine.fr\\\/katana-lumineux-demon-slayer\\\/epee-led-nichirin-tanjiro-figurine-demon-slayer-offerte\\\/\",\"url\":\"https:\\\/\\\/repliquemangacine.fr\\\/katana-lumineux-demon-slayer\\\/epee-led-nichirin-tanjiro-figurine-demon-slayer-offerte\\\/\",\"name\":\"Ep\u00e9e Led Nichirin Tanjiro | RMC\",\"isPartOf\":{\"@id\":\"https:\\\/\\\/repliquemangacine.fr\\\/#website\"},\"primaryImageOfPage\":{\"@id\":\"https:\\\/\\\/repliquemangacine.fr\\\/katana-lumineux-demon-slayer\\\/epee-led-nichirin-tanjiro-figurine-demon-slayer-offerte\\\/#primaryimage\"},\"image\":{\"@id\":\"https:\\\/\\\/repliquemangacine.fr\\\/katana-lumineux-demon-slayer\\\/epee-led-nichirin-tanjiro-figurine-demon-slayer-offerte\\\/#primaryimage\"},\"thumbnailUrl\":\"https:\\\/\\\/repliquemangacine.fr\\\/wp-content\\\/uploads\\\/2024\\\/11\\\/Epee-Led-Nichirin-Tanjiro.jpg\",\"datePublished\":\"2024-11-09T14:53:49+00:00\",\"dateModified\":\"2026-04-19T11:04:39+00:00\",\"description\":\"Exceptionnelle nouveaut\u00e9 que cette Ep\u00e9e Led Nichirin Tanjiro . Leds rouges. Lame m\u00e9tal. Fonctionne \u00e0 pile. Garde m\u00e9tal. 103 cm\",\"breadcrumb\":{\"@id\":\"https:\\\/\\\/repliquemangacine.fr\\\/katana-lumineux-demon-slayer\\\/epee-led-nichirin-tanjiro-figurine-demon-slayer-offerte\\\/#breadcrumb\"},\"inLanguage\":\"it-IT\",\"potentialAction\":[{\"@type\":\"ReadAction\",\"target\":[\"https:\\\/\\\/repliquemangacine.fr\\\/katana-lumineux-demon-slayer\\\/epee-led-nichirin-tanjiro-figurine-demon-slayer-offerte\\\/\"]}]},{\"@type\":\"ImageObject\",\"inLanguage\":\"it-IT\",\"@id\":\"https:\\\/\\\/repliquemangacine.fr\\\/katana-lumineux-demon-slayer\\\/epee-led-nichirin-tanjiro-figurine-demon-slayer-offerte\\\/#primaryimage\",\"url\":\"https:\\\/\\\/repliquemangacine.fr\\\/wp-content\\\/uploads\\\/2024\\\/11\\\/Epee-Led-Nichirin-Tanjiro.jpg\",\"contentUrl\":\"https:\\\/\\\/repliquemangacine.fr\\\/wp-content\\\/uploads\\\/2024\\\/11\\\/Epee-Led-Nichirin-Tanjiro.jpg\",\"width\":500,\"height\":500,\"caption\":\"Ep\u00e9e Led Nichirin Tanjiro\"},{\"@type\":\"BreadcrumbList\",\"@id\":\"https:\\\/\\\/repliquemangacine.fr\\\/katana-lumineux-demon-slayer\\\/epee-led-nichirin-tanjiro-figurine-demon-slayer-offerte\\\/#breadcrumb\",\"itemListElement\":[{\"@type\":\"ListItem\",\"position\":1,\"name\":\"Accueil\",\"item\":\"https:\\\/\\\/repliquemangacine.fr\\\/\"},{\"@type\":\"ListItem\",\"position\":2,\"name\":\"Produits\",\"item\":\"https:\\\/\\\/repliquemangacine.fr\\\/boutique\\\/\"},{\"@type\":\"ListItem\",\"position\":3,\"name\":\"Ep\u00e9e Led Nichirin Tanjiro\"}]},{\"@type\":\"WebSite\",\"@id\":\"https:\\\/\\\/repliquemangacine.fr\\\/#website\",\"url\":\"https:\\\/\\\/repliquemangacine.fr\\\/\",\"name\":\"R\u00e9plique Manga Cin\u00e9\",\"description\":\"\",\"publisher\":{\"@id\":\"https:\\\/\\\/repliquemangacine.fr\\\/#organization\"},\"potentialAction\":[{\"@type\":\"SearchAction\",\"target\":{\"@type\":\"EntryPoint\",\"urlTemplate\":\"https:\\\/\\\/repliquemangacine.fr\\\/?s={search_term_string}\"},\"query-input\":{\"@type\":\"PropertyValueSpecification\",\"valueRequired\":true,\"valueName\":\"search_term_string\"}}],\"inLanguage\":\"it-IT\"},{\"@type\":\"Organization\",\"@id\":\"https:\\\/\\\/repliquemangacine.fr\\\/#organization\",\"name\":\"R\u00e9plique Manga Cin\u00e9\",\"url\":\"https:\\\/\\\/repliquemangacine.fr\\\/\",\"logo\":{\"@type\":\"ImageObject\",\"inLanguage\":\"it-IT\",\"@id\":\"https:\\\/\\\/repliquemangacine.fr\\\/#\\\/schema\\\/logo\\\/image\\\/\",\"url\":\"https:\\\/\\\/repliquemangacine.fr\\\/wp-content\\\/uploads\\\/2023\\\/10\\\/RMC-500250.png\",\"contentUrl\":\"https:\\\/\\\/repliquemangacine.fr\\\/wp-content\\\/uploads\\\/2023\\\/10\\\/RMC-500250.png\",\"width\":500,\"height\":250,\"caption\":\"R\u00e9plique Manga Cin\u00e9\"},\"image\":{\"@id\":\"https:\\\/\\\/repliquemangacine.fr\\\/#\\\/schema\\\/logo\\\/image\\\/\"},\"sameAs\":[\"https:\\\/\\\/www.facebook.com\\\/RepliqueMangaCine\",\"https:\\\/\\\/www.instagram.com\\\/repliquemangacine.fr\\\/\"]}]}<\/script>\n<!-- \/ Yoast SEO plugin. -->","yoast_head_json":{"title":"Spada Led Nichirin Tanjiro | RMC","description":"Una novit\u00e0 eccezionale: la spada LED Nichirin Tanjiro. LED rossi. Lama in metallo. Funziona a batteria. Guardia in metallo. 103 cm.","robots":{"index":"index","follow":"follow","max-snippet":"max-snippet:-1","max-image-preview":"max-image-preview:large","max-video-preview":"max-video-preview:-1"},"canonical":"https:\/\/repliquemangacine.fr\/it\/katana-leggera-uccisore-di-demoni\/statuetta-delluccisore-di-demoni-a-led-nichirin-sword-tanjiro-gratis\/","og_locale":"it_IT","og_type":"article","og_title":"Ep\u00e9e Led Nichirin Tanjiro | RMC","og_description":"Exceptionnelle nouveaut\u00e9 que cette Ep\u00e9e Led Nichirin Tanjiro . Leds rouges. Lame m\u00e9tal. Fonctionne \u00e0 pile. Garde m\u00e9tal. 103 cm","og_url":"https:\/\/repliquemangacine.fr\/it\/katana-leggera-uccisore-di-demoni\/statuetta-delluccisore-di-demoni-a-led-nichirin-sword-tanjiro-gratis\/","og_site_name":"R\u00e9plique Manga Cin\u00e9","article_publisher":"https:\/\/www.facebook.com\/RepliqueMangaCine","article_modified_time":"2026-04-19T11:04:39+00:00","og_image":[{"width":500,"height":500,"url":"https:\/\/repliquemangacine.fr\/wp-content\/uploads\/2024\/11\/Epee-Led-Nichirin-Tanjiro.jpg","type":"image\/jpeg"}],"twitter_card":"summary_large_image","twitter_misc":{"Tempo di lettura stimato":"3 minuti"},"schema":{"@context":"https:\/\/schema.org","@graph":[{"@type":"WebPage","@id":"https:\/\/repliquemangacine.fr\/katana-lumineux-demon-slayer\/epee-led-nichirin-tanjiro-figurine-demon-slayer-offerte\/","url":"https:\/\/repliquemangacine.fr\/katana-lumineux-demon-slayer\/epee-led-nichirin-tanjiro-figurine-demon-slayer-offerte\/","name":"Spada Led Nichirin Tanjiro | RMC","isPartOf":{"@id":"https:\/\/repliquemangacine.fr\/#website"},"primaryImageOfPage":{"@id":"https:\/\/repliquemangacine.fr\/katana-lumineux-demon-slayer\/epee-led-nichirin-tanjiro-figurine-demon-slayer-offerte\/#primaryimage"},"image":{"@id":"https:\/\/repliquemangacine.fr\/katana-lumineux-demon-slayer\/epee-led-nichirin-tanjiro-figurine-demon-slayer-offerte\/#primaryimage"},"thumbnailUrl":"https:\/\/repliquemangacine.fr\/wp-content\/uploads\/2024\/11\/Epee-Led-Nichirin-Tanjiro.jpg","datePublished":"2024-11-09T14:53:49+00:00","dateModified":"2026-04-19T11:04:39+00:00","description":"Una novit\u00e0 eccezionale: la spada LED Nichirin Tanjiro. LED rossi. Lama in metallo. Funziona a batteria. Guardia in metallo. 103 cm.","breadcrumb":{"@id":"https:\/\/repliquemangacine.fr\/katana-lumineux-demon-slayer\/epee-led-nichirin-tanjiro-figurine-demon-slayer-offerte\/#breadcrumb"},"inLanguage":"it-IT","potentialAction":[{"@type":"ReadAction","target":["https:\/\/repliquemangacine.fr\/katana-lumineux-demon-slayer\/epee-led-nichirin-tanjiro-figurine-demon-slayer-offerte\/"]}]},{"@type":"ImageObject","inLanguage":"it-IT","@id":"https:\/\/repliquemangacine.fr\/katana-lumineux-demon-slayer\/epee-led-nichirin-tanjiro-figurine-demon-slayer-offerte\/#primaryimage","url":"https:\/\/repliquemangacine.fr\/wp-content\/uploads\/2024\/11\/Epee-Led-Nichirin-Tanjiro.jpg","contentUrl":"https:\/\/repliquemangacine.fr\/wp-content\/uploads\/2024\/11\/Epee-Led-Nichirin-Tanjiro.jpg","width":500,"height":500,"caption":"Ep\u00e9e Led Nichirin Tanjiro"},{"@type":"BreadcrumbList","@id":"https:\/\/repliquemangacine.fr\/katana-lumineux-demon-slayer\/epee-led-nichirin-tanjiro-figurine-demon-slayer-offerte\/#breadcrumb","itemListElement":[{"@type":"ListItem","position":1,"name":"Accueil","item":"https:\/\/repliquemangacine.fr\/"},{"@type":"ListItem","position":2,"name":"Produits","item":"https:\/\/repliquemangacine.fr\/boutique\/"},{"@type":"ListItem","position":3,"name":"Ep\u00e9e Led Nichirin Tanjiro"}]},{"@type":"WebSite","@id":"https:\/\/repliquemangacine.fr\/#website","url":"https:\/\/repliquemangacine.fr\/","name":"R\u00e9plique Manga Cin\u00e9","description":"","publisher":{"@id":"https:\/\/repliquemangacine.fr\/#organization"},"potentialAction":[{"@type":"SearchAction","target":{"@type":"EntryPoint","urlTemplate":"https:\/\/repliquemangacine.fr\/?s={search_term_string}"},"query-input":{"@type":"PropertyValueSpecification","valueRequired":true,"valueName":"search_term_string"}}],"inLanguage":"it-IT"},{"@type":"Organization","@id":"https:\/\/repliquemangacine.fr\/#organization","name":"R\u00e9plique Manga Cin\u00e9","url":"https:\/\/repliquemangacine.fr\/","logo":{"@type":"ImageObject","inLanguage":"it-IT","@id":"https:\/\/repliquemangacine.fr\/#\/schema\/logo\/image\/","url":"https:\/\/repliquemangacine.fr\/wp-content\/uploads\/2023\/10\/RMC-500250.png","contentUrl":"https:\/\/repliquemangacine.fr\/wp-content\/uploads\/2023\/10\/RMC-500250.png","width":500,"height":250,"caption":"R\u00e9plique Manga Cin\u00e9"},"image":{"@id":"https:\/\/repliquemangacine.fr\/#\/schema\/logo\/image\/"},"sameAs":["https:\/\/www.facebook.com\/RepliqueMangaCine","https:\/\/www.instagram.com\/repliquemangacine.fr\/"]}]}},"_links":{"self":[{"href":"https:\/\/repliquemangacine.fr\/it\/wp-json\/wp\/v2\/product\/76042","targetHints":{"allow":["GET"]}}],"collection":[{"href":"https:\/\/repliquemangacine.fr\/it\/wp-json\/wp\/v2\/product"}],"about":[{"href":"https:\/\/repliquemangacine.fr\/it\/wp-json\/wp\/v2\/types\/product"}],"wp:featuredmedia":[{"embeddable":true,"href":"https:\/\/repliquemangacine.fr\/it\/wp-json\/wp\/v2\/media\/76044"}],"wp:attachment":[{"href":"https:\/\/repliquemangacine.fr\/it\/wp-json\/wp\/v2\/media?parent=76042"}],"wp:term":[{"taxonomy":"product_brand","embeddable":true,"href":"https:\/\/repliquemangacine.fr\/it\/wp-json\/wp\/v2\/product_brand?post=76042"},{"taxonomy":"product_cat","embeddable":true,"href":"https:\/\/repliquemangacine.fr\/it\/wp-json\/wp\/v2\/product_cat?post=76042"},{"taxonomy":"product_tag","embeddable":true,"href":"https:\/\/repliquemangacine.fr\/it\/wp-json\/wp\/v2\/product_tag?post=76042"}],"curies":[{"name":"wp","href":"https:\/\/api.w.org\/{rel}","templated":true}]}}