





{"id":75755,"date":"2024-10-31T20:17:29","date_gmt":"2024-10-31T19:17:29","guid":{"rendered":"https:\/\/repliquemangacine.fr\/?post_type=product&#038;p=75755"},"modified":"2025-12-04T20:47:15","modified_gmt":"2025-12-04T19:47:15","slug":"katana-luminosa-delluccisore-di-demoni-giyu","status":"publish","type":"product","link":"https:\/\/repliquemangacine.fr\/it\/katana-lumineux-demon-slayer\/katana-lumineux-de-giyu-demon-slayer\/","title":{"rendered":"La katana luminosa di Giyu"},"content":{"rendered":"<h2>Katana luminosa Giyu Tomioka in Demon Slayer<\/h2>\n<p>Per prima cosa, scoprite una novit\u00e0 straordinaria: la katana luminosa di <a href=\"https:\/\/kimetsu-no-yaiba.fandom.com\/fr\/wiki\/Giyu_Tomioka\" target=\"_blank\" rel=\"noopener noreferrer\">Giyu Tomioka<\/a>, Spadaccino molto potente, capace di sconfiggere facilmente il Padre Ragno Demone trasformato. Questa katana unica funziona a batterie e si illumina grazie a LED integrati. Conferendo cos\u00ec una dimensione fiammeggiante a questa fedele replica. Con una semplice pressione su un pulsante di accensione\/spegnimento discretamente integrato nell'impugnatura. La lama si illumina istantaneamente, evocando il potere incandescente di Giyu durante i suoi combattimenti.<\/p>\n<p>Questa tecnologia LED offre un realismo mai visto prima, segnando una novit\u00e0 assoluta per le katana luminose di questa qualit\u00e0. Perfetta per i collezionisti e gli appassionati di Demon Slayer. Questa katana unisce autenticit\u00e0 e innovazione per offrire un'esperienza visiva mozzafiato. Ideale per esporre o ricreare le scene epiche del Pilastro dell'Acqua. Un vero tesoro per tutti gli appassionati dell'universo!<\/p>\n<h2>Scopri le altre katane leggere di Demon Slayer<\/h2>\n<p>Oltre alla katana leggera di Sanemi Shinazugawa, la gamma di katane leggere di Demon Slayer comprende anche altre impressionanti repliche.<\/p>\n<ul>\n<li>Le <a href=\"https:\/\/repliquemangacine.fr\/it\/katana-leggera-uccisore-di-demoni\/katana-leggera-yoriichi\/\">La katana luminosa di Yoriichi<\/a> Tsugikuni, leggendario uccisore di demoni, si illumina per incarnare la potenza ineguagliabile di questo personaggio mitico. Il suo stile di combattimento \u00e8 il Soffio del Sole, noto anche come Soffio Originale.<\/li>\n<li>Le <a href=\"https:\/\/repliquemangacine.fr\/it\/katana-leggera-uccisore-di-demoni\/katana-luminosa-delluccisore-di-demoni-sanemi\/\">La katana luminosa di Sanemi<\/a> Shinazugawa, uno spadaccino molto potente, il terzo pi\u00f9 potente. La lama si illumina all'istante, evocando la forza e l'agilit\u00e0 di Sanemi, pari a quelle di un demone.<\/li>\n<li>Infine, il <a href=\"https:\/\/repliquemangacine.fr\/it\/katana-leggera-uccisore-di-demoni\/kanao-katana-leggera\/\">La katana luminosa di Kanao<\/a> Tsuyuri, riflette grazia e precisione. La lama si illumina istantaneamente, evocando il suo stile di combattimento ispirato alla natura. Ogni katana dotata di LED di questa collezione offre un'esperienza immersiva unica, che unisce l'innovazione tecnologica al rispetto dei dettagli dell'universo di Demon Slayer. Queste repliche luminose sono perfette per i fan pi\u00f9 appassionati.<\/li>\n<\/ul>\n<h2>L'innovazione al servizio degli appassionati: eccezionali katane luminose<\/h2>\n<p>Il mondo delle repliche di katana ha raggiunto un nuovo livello con questi modelli luminosi. Ed \u00e8 una rivoluzione per i fan di Demon Slayer. Cos\u00ec come la loro qualit\u00e0 costruttiva e la loro fedelt\u00e0 alle armi viste nell'anime. Queste katane sono dotate di tecnologia LED che aggiunge una nuova dimensione immersiva. Ogni katana diventa molto pi\u00f9 di un semplice oggetto da collezione. \u00c8 un elemento veramente interattivo, in grado di brillare e di evocare il potere dei personaggi che rappresenta. I LED sono facilmente attivabili tramite un pulsante discreto, in modo da poter godere appieno dell'esperienza. Che si tratti di mostre, foto o anche di cosplay. Questa innovazione, che unisce tradizione e tecnologia, rende le katane luminose una rivoluzione per gli appassionati che cercano repliche autentiche ma innovative. Se volete arricchire la vostra collezione con qualcosa di unico e sorprendente, allora queste katane luminose fanno al caso vostro!<\/p>","protected":false},"excerpt":{"rendered":"<p>Superba replica della katana di Giyu in versione luminosa (Led) in Demon Slayer.<\/p>\n<ul>\n<li>La lama \u00e8 dotata di una parte superiore in metallo con incisioni<\/li>\n<li>La parte inferiore \u00e8 realizzata in ABS spesso con LED bianchi all'interno.<\/li>\n<li>Pulsante di accensione\/spegnimento discreto e facile da usare<\/li>\n<li>Protezione metallica appositamente sagomata<\/li>\n<li>Manico in finta pelle di razza blu, ricoperto da una treccia di cotone bianco.<\/li>\n<li>L'estremit\u00e0 del manico pu\u00f2 essere staccata per inserire due batterie AAA (non fornite).<\/li>\n<li>Fodero in legno nero.<\/li>\n<li>Lunghezza lama: 67 cm - Lunghezza totale: 103 cm - Peso: 1055 grammi<\/li>\n<\/ul>","protected":false},"featured_media":75756,"template":"","meta":[],"product_brand":[896],"product_cat":[63,868,869,101],"product_tag":[],"class_list":{"0":"post-75755","1":"product","2":"type-product","3":"status-publish","4":"has-post-thumbnail","6":"product_brand-replique-manga-cine","7":"product_cat-katana-demon-slayer","8":"product_cat-katana-lumineux","9":"product_cat-katana-lumineux-demon-slayer","10":"product_cat-soldes","12":"first","13":"instock","14":"sale","15":"taxable","16":"shipping-taxable","17":"purchasable","18":"product-type-simple"},"yoast_head":"<!-- This site is optimized with the Yoast SEO plugin v27.4 - https:\/\/yoast.com\/product\/yoast-seo-wordpress\/ -->\n<title>Katana lumineux de Giyu | RMC<\/title>\n<meta name=\"description\" content=\"Extra ! Ce Katana lumineux de Giyu dans Demon Slayer. Lame en acier avec Leds blanches. Bouton marche-arr\u00eat. Fonctionne avec piles. Fourreau bois. 103 cm\" \/>\n<meta name=\"robots\" content=\"index, follow, max-snippet:-1, max-image-preview:large, max-video-preview:-1\" \/>\n<link rel=\"canonical\" href=\"https:\/\/repliquemangacine.fr\/it\/katana-leggera-uccisore-di-demoni\/katana-luminosa-delluccisore-di-demoni-giyu\/\" \/>\n<meta property=\"og:locale\" content=\"it_IT\" \/>\n<meta property=\"og:type\" content=\"article\" \/>\n<meta property=\"og:title\" content=\"Katana lumineux de Giyu | RMC\" \/>\n<meta property=\"og:description\" content=\"Extra ! Ce Katana lumineux de Giyu dans Demon Slayer. Lame en acier avec Leds blanches. Bouton marche-arr\u00eat. Fonctionne avec piles. Fourreau bois. 103 cm\" \/>\n<meta property=\"og:url\" content=\"https:\/\/repliquemangacine.fr\/it\/katana-leggera-uccisore-di-demoni\/katana-luminosa-delluccisore-di-demoni-giyu\/\" \/>\n<meta property=\"og:site_name\" content=\"R\u00e9plique Manga Cin\u00e9\" \/>\n<meta property=\"article:publisher\" content=\"https:\/\/www.facebook.com\/RepliqueMangaCine\" \/>\n<meta property=\"article:modified_time\" content=\"2025-12-04T19:47:15+00:00\" \/>\n<meta property=\"og:image\" content=\"https:\/\/repliquemangacine.fr\/wp-content\/uploads\/2024\/10\/Katana-lumineux-de-Giyu-Demon-Slayer.jpg\" \/>\n\t<meta property=\"og:image:width\" content=\"500\" \/>\n\t<meta property=\"og:image:height\" content=\"500\" \/>\n\t<meta property=\"og:image:type\" content=\"image\/jpeg\" \/>\n<meta name=\"twitter:card\" content=\"summary_large_image\" \/>\n<meta name=\"twitter:label1\" content=\"Tempo di lettura stimato\" \/>\n\t<meta name=\"twitter:data1\" content=\"3 minuti\" \/>\n<script type=\"application\/ld+json\" class=\"yoast-schema-graph\">{\"@context\":\"https:\\\/\\\/schema.org\",\"@graph\":[{\"@type\":\"WebPage\",\"@id\":\"https:\\\/\\\/repliquemangacine.fr\\\/katana-lumineux-demon-slayer\\\/katana-lumineux-de-giyu-demon-slayer\\\/\",\"url\":\"https:\\\/\\\/repliquemangacine.fr\\\/katana-lumineux-demon-slayer\\\/katana-lumineux-de-giyu-demon-slayer\\\/\",\"name\":\"Katana lumineux de Giyu | RMC\",\"isPartOf\":{\"@id\":\"https:\\\/\\\/repliquemangacine.fr\\\/#website\"},\"primaryImageOfPage\":{\"@id\":\"https:\\\/\\\/repliquemangacine.fr\\\/katana-lumineux-demon-slayer\\\/katana-lumineux-de-giyu-demon-slayer\\\/#primaryimage\"},\"image\":{\"@id\":\"https:\\\/\\\/repliquemangacine.fr\\\/katana-lumineux-demon-slayer\\\/katana-lumineux-de-giyu-demon-slayer\\\/#primaryimage\"},\"thumbnailUrl\":\"https:\\\/\\\/repliquemangacine.fr\\\/wp-content\\\/uploads\\\/2024\\\/10\\\/Katana-lumineux-de-Giyu-Demon-Slayer.jpg\",\"datePublished\":\"2024-10-31T19:17:29+00:00\",\"dateModified\":\"2025-12-04T19:47:15+00:00\",\"description\":\"Extra ! Ce Katana lumineux de Giyu dans Demon Slayer. Lame en acier avec Leds blanches. Bouton marche-arr\u00eat. Fonctionne avec piles. Fourreau bois. 103 cm\",\"breadcrumb\":{\"@id\":\"https:\\\/\\\/repliquemangacine.fr\\\/katana-lumineux-demon-slayer\\\/katana-lumineux-de-giyu-demon-slayer\\\/#breadcrumb\"},\"inLanguage\":\"it-IT\",\"potentialAction\":[{\"@type\":\"ReadAction\",\"target\":[\"https:\\\/\\\/repliquemangacine.fr\\\/katana-lumineux-demon-slayer\\\/katana-lumineux-de-giyu-demon-slayer\\\/\"]}]},{\"@type\":\"ImageObject\",\"inLanguage\":\"it-IT\",\"@id\":\"https:\\\/\\\/repliquemangacine.fr\\\/katana-lumineux-demon-slayer\\\/katana-lumineux-de-giyu-demon-slayer\\\/#primaryimage\",\"url\":\"https:\\\/\\\/repliquemangacine.fr\\\/wp-content\\\/uploads\\\/2024\\\/10\\\/Katana-lumineux-de-Giyu-Demon-Slayer.jpg\",\"contentUrl\":\"https:\\\/\\\/repliquemangacine.fr\\\/wp-content\\\/uploads\\\/2024\\\/10\\\/Katana-lumineux-de-Giyu-Demon-Slayer.jpg\",\"width\":500,\"height\":500,\"caption\":\"Katana lumineux de Giyu Demon slayer\"},{\"@type\":\"BreadcrumbList\",\"@id\":\"https:\\\/\\\/repliquemangacine.fr\\\/katana-lumineux-demon-slayer\\\/katana-lumineux-de-giyu-demon-slayer\\\/#breadcrumb\",\"itemListElement\":[{\"@type\":\"ListItem\",\"position\":1,\"name\":\"Accueil\",\"item\":\"https:\\\/\\\/repliquemangacine.fr\\\/\"},{\"@type\":\"ListItem\",\"position\":2,\"name\":\"Produits\",\"item\":\"https:\\\/\\\/repliquemangacine.fr\\\/boutique\\\/\"},{\"@type\":\"ListItem\",\"position\":3,\"name\":\"Katana lumineux de Giyu\"}]},{\"@type\":\"WebSite\",\"@id\":\"https:\\\/\\\/repliquemangacine.fr\\\/#website\",\"url\":\"https:\\\/\\\/repliquemangacine.fr\\\/\",\"name\":\"R\u00e9plique Manga Cin\u00e9\",\"description\":\"\",\"publisher\":{\"@id\":\"https:\\\/\\\/repliquemangacine.fr\\\/#organization\"},\"potentialAction\":[{\"@type\":\"SearchAction\",\"target\":{\"@type\":\"EntryPoint\",\"urlTemplate\":\"https:\\\/\\\/repliquemangacine.fr\\\/?s={search_term_string}\"},\"query-input\":{\"@type\":\"PropertyValueSpecification\",\"valueRequired\":true,\"valueName\":\"search_term_string\"}}],\"inLanguage\":\"it-IT\"},{\"@type\":\"Organization\",\"@id\":\"https:\\\/\\\/repliquemangacine.fr\\\/#organization\",\"name\":\"R\u00e9plique Manga Cin\u00e9\",\"url\":\"https:\\\/\\\/repliquemangacine.fr\\\/\",\"logo\":{\"@type\":\"ImageObject\",\"inLanguage\":\"it-IT\",\"@id\":\"https:\\\/\\\/repliquemangacine.fr\\\/#\\\/schema\\\/logo\\\/image\\\/\",\"url\":\"https:\\\/\\\/repliquemangacine.fr\\\/wp-content\\\/uploads\\\/2023\\\/10\\\/RMC-500250.png\",\"contentUrl\":\"https:\\\/\\\/repliquemangacine.fr\\\/wp-content\\\/uploads\\\/2023\\\/10\\\/RMC-500250.png\",\"width\":500,\"height\":250,\"caption\":\"R\u00e9plique Manga Cin\u00e9\"},\"image\":{\"@id\":\"https:\\\/\\\/repliquemangacine.fr\\\/#\\\/schema\\\/logo\\\/image\\\/\"},\"sameAs\":[\"https:\\\/\\\/www.facebook.com\\\/RepliqueMangaCine\",\"https:\\\/\\\/www.instagram.com\\\/repliquemangacine.fr\\\/\"]}]}<\/script>\n<!-- \/ Yoast SEO plugin. -->","yoast_head_json":{"title":"Katana luminosa di Giyu | RMC","description":"Extra! Questa Katana luminosa di Giyu in Demon Slayer. Lama in acciaio con LED bianchi. Pulsante di accensione e spegnimento. Funzionamento a batteria. Fodero in legno. Lunghezza 103 cm","robots":{"index":"index","follow":"follow","max-snippet":"max-snippet:-1","max-image-preview":"max-image-preview:large","max-video-preview":"max-video-preview:-1"},"canonical":"https:\/\/repliquemangacine.fr\/it\/katana-leggera-uccisore-di-demoni\/katana-luminosa-delluccisore-di-demoni-giyu\/","og_locale":"it_IT","og_type":"article","og_title":"Katana lumineux de Giyu | RMC","og_description":"Extra ! Ce Katana lumineux de Giyu dans Demon Slayer. Lame en acier avec Leds blanches. Bouton marche-arr\u00eat. Fonctionne avec piles. Fourreau bois. 103 cm","og_url":"https:\/\/repliquemangacine.fr\/it\/katana-leggera-uccisore-di-demoni\/katana-luminosa-delluccisore-di-demoni-giyu\/","og_site_name":"R\u00e9plique Manga Cin\u00e9","article_publisher":"https:\/\/www.facebook.com\/RepliqueMangaCine","article_modified_time":"2025-12-04T19:47:15+00:00","og_image":[{"width":500,"height":500,"url":"https:\/\/repliquemangacine.fr\/wp-content\/uploads\/2024\/10\/Katana-lumineux-de-Giyu-Demon-Slayer.jpg","type":"image\/jpeg"}],"twitter_card":"summary_large_image","twitter_misc":{"Tempo di lettura stimato":"3 minuti"},"schema":{"@context":"https:\/\/schema.org","@graph":[{"@type":"WebPage","@id":"https:\/\/repliquemangacine.fr\/katana-lumineux-demon-slayer\/katana-lumineux-de-giyu-demon-slayer\/","url":"https:\/\/repliquemangacine.fr\/katana-lumineux-demon-slayer\/katana-lumineux-de-giyu-demon-slayer\/","name":"Katana luminosa di Giyu | RMC","isPartOf":{"@id":"https:\/\/repliquemangacine.fr\/#website"},"primaryImageOfPage":{"@id":"https:\/\/repliquemangacine.fr\/katana-lumineux-demon-slayer\/katana-lumineux-de-giyu-demon-slayer\/#primaryimage"},"image":{"@id":"https:\/\/repliquemangacine.fr\/katana-lumineux-demon-slayer\/katana-lumineux-de-giyu-demon-slayer\/#primaryimage"},"thumbnailUrl":"https:\/\/repliquemangacine.fr\/wp-content\/uploads\/2024\/10\/Katana-lumineux-de-Giyu-Demon-Slayer.jpg","datePublished":"2024-10-31T19:17:29+00:00","dateModified":"2025-12-04T19:47:15+00:00","description":"Extra! Questa Katana luminosa di Giyu in Demon Slayer. Lama in acciaio con LED bianchi. Pulsante di accensione e spegnimento. Funzionamento a batteria. Fodero in legno. Lunghezza 103 cm","breadcrumb":{"@id":"https:\/\/repliquemangacine.fr\/katana-lumineux-demon-slayer\/katana-lumineux-de-giyu-demon-slayer\/#breadcrumb"},"inLanguage":"it-IT","potentialAction":[{"@type":"ReadAction","target":["https:\/\/repliquemangacine.fr\/katana-lumineux-demon-slayer\/katana-lumineux-de-giyu-demon-slayer\/"]}]},{"@type":"ImageObject","inLanguage":"it-IT","@id":"https:\/\/repliquemangacine.fr\/katana-lumineux-demon-slayer\/katana-lumineux-de-giyu-demon-slayer\/#primaryimage","url":"https:\/\/repliquemangacine.fr\/wp-content\/uploads\/2024\/10\/Katana-lumineux-de-Giyu-Demon-Slayer.jpg","contentUrl":"https:\/\/repliquemangacine.fr\/wp-content\/uploads\/2024\/10\/Katana-lumineux-de-Giyu-Demon-Slayer.jpg","width":500,"height":500,"caption":"Katana lumineux de Giyu Demon slayer"},{"@type":"BreadcrumbList","@id":"https:\/\/repliquemangacine.fr\/katana-lumineux-demon-slayer\/katana-lumineux-de-giyu-demon-slayer\/#breadcrumb","itemListElement":[{"@type":"ListItem","position":1,"name":"Accueil","item":"https:\/\/repliquemangacine.fr\/"},{"@type":"ListItem","position":2,"name":"Produits","item":"https:\/\/repliquemangacine.fr\/boutique\/"},{"@type":"ListItem","position":3,"name":"Katana lumineux de Giyu"}]},{"@type":"WebSite","@id":"https:\/\/repliquemangacine.fr\/#website","url":"https:\/\/repliquemangacine.fr\/","name":"R\u00e9plique Manga Cin\u00e9","description":"","publisher":{"@id":"https:\/\/repliquemangacine.fr\/#organization"},"potentialAction":[{"@type":"SearchAction","target":{"@type":"EntryPoint","urlTemplate":"https:\/\/repliquemangacine.fr\/?s={search_term_string}"},"query-input":{"@type":"PropertyValueSpecification","valueRequired":true,"valueName":"search_term_string"}}],"inLanguage":"it-IT"},{"@type":"Organization","@id":"https:\/\/repliquemangacine.fr\/#organization","name":"R\u00e9plique Manga Cin\u00e9","url":"https:\/\/repliquemangacine.fr\/","logo":{"@type":"ImageObject","inLanguage":"it-IT","@id":"https:\/\/repliquemangacine.fr\/#\/schema\/logo\/image\/","url":"https:\/\/repliquemangacine.fr\/wp-content\/uploads\/2023\/10\/RMC-500250.png","contentUrl":"https:\/\/repliquemangacine.fr\/wp-content\/uploads\/2023\/10\/RMC-500250.png","width":500,"height":250,"caption":"R\u00e9plique Manga Cin\u00e9"},"image":{"@id":"https:\/\/repliquemangacine.fr\/#\/schema\/logo\/image\/"},"sameAs":["https:\/\/www.facebook.com\/RepliqueMangaCine","https:\/\/www.instagram.com\/repliquemangacine.fr\/"]}]}},"_links":{"self":[{"href":"https:\/\/repliquemangacine.fr\/it\/wp-json\/wp\/v2\/product\/75755","targetHints":{"allow":["GET"]}}],"collection":[{"href":"https:\/\/repliquemangacine.fr\/it\/wp-json\/wp\/v2\/product"}],"about":[{"href":"https:\/\/repliquemangacine.fr\/it\/wp-json\/wp\/v2\/types\/product"}],"wp:featuredmedia":[{"embeddable":true,"href":"https:\/\/repliquemangacine.fr\/it\/wp-json\/wp\/v2\/media\/75756"}],"wp:attachment":[{"href":"https:\/\/repliquemangacine.fr\/it\/wp-json\/wp\/v2\/media?parent=75755"}],"wp:term":[{"taxonomy":"product_brand","embeddable":true,"href":"https:\/\/repliquemangacine.fr\/it\/wp-json\/wp\/v2\/product_brand?post=75755"},{"taxonomy":"product_cat","embeddable":true,"href":"https:\/\/repliquemangacine.fr\/it\/wp-json\/wp\/v2\/product_cat?post=75755"},{"taxonomy":"product_tag","embeddable":true,"href":"https:\/\/repliquemangacine.fr\/it\/wp-json\/wp\/v2\/product_tag?post=75755"}],"curies":[{"name":"wp","href":"https:\/\/api.w.org\/{rel}","templated":true}]}}