





{"id":75744,"date":"2024-10-31T19:26:25","date_gmt":"2024-10-31T18:26:25","guid":{"rendered":"https:\/\/repliquemangacine.fr\/?post_type=product&#038;p=75744"},"modified":"2025-12-17T13:28:49","modified_gmt":"2025-12-17T12:28:49","slug":"kanao-katana-leggera","status":"publish","type":"product","link":"https:\/\/repliquemangacine.fr\/it\/katana-lumineux-demon-slayer\/katana-lumineux-de-kanao\/","title":{"rendered":"Kanao katana luminosa"},"content":{"rendered":"<h2>Katana light Kanao Tsuyuri in Demon Slayer<\/h2>\n<p>Per prima cosa, scoprite una novit\u00e0 straordinaria: la katana luminosa di <a href=\"https:\/\/kimetsu-no-yaiba.fandom.com\/fr\/wiki\/Kanao_Tsuyuri\" target=\"_blank\" rel=\"noopener noreferrer\">Kanao Tsuyuri<\/a>, riflette la grazia e la precisione del suo stile di combattimento. Questa katana unica \u00e8 alimentata a batterie e si illumina grazie a LED integrati. Ci\u00f2 conferisce una dimensione sgargiante a questa fedele riproduzione. Basta premere un pulsante di accensione\/spegnimento discretamente integrato nell'impugnatura. La lama si illumina istantaneamente, evocando la grazia e la precisione del suo stile di combattimento ispirato alla natura.<\/p>\n<p>Questa tecnologia LED offre un realismo mai visto prima, segnando una novit\u00e0 assoluta per le katana luminose di questa qualit\u00e0. Perfetta per i collezionisti e gli appassionati di Demon Slayer. Questa katana unisce autenticit\u00e0 e innovazione per offrire un'esperienza visiva mozzafiato. Ideale per esporre o ricreare le scene epiche del Pilastro della Fiamma. Un vero tesoro per tutti gli appassionati dell'universo!<\/p>\n<h2>Scopri le altre katane leggere di Demon Slayer<\/h2>\n<p>Oltre al <strong>La katana luminosa di Kanao<\/strong> Tsuyuri, la gamma di katane luminose di Demon Slayer, comprende anche altre impressionanti repliche.<\/p>\n<ul>\n<li>Le <a href=\"https:\/\/repliquemangacine.fr\/it\/katana-leggera-uccisore-di-demoni\/katana-leggera-yoriichi\/\">La katana luminosa di Yoriichi<\/a> Tsugikuni, leggendario uccisore di demoni, si illumina per incarnare la potenza ineguagliabile di questo personaggio mitico. Il suo stile di combattimento \u00e8 il Soffio del Sole, noto anche come Soffio Originale.<\/li>\n<li>C'\u00e8 anche il <a href=\"https:\/\/repliquemangacine.fr\/it\/katana-leggera-uccisore-di-demoni\/kokushibo-katana-luminosa-statuetta-delluccisore-di-demoni\/\">Kokushibo katana luminosa<\/a>Riflette il suo lato spaventoso con il suo aspetto demoniaco e minaccioso.<\/li>\n<li>Infine, il <a href=\"https:\/\/repliquemangacine.fr\/it\/katana-uccisore-di-demoni\/katana-luminosa-rengoku\/\">katana Rengoku luminosa<\/a> Kyojuro, il Pilastro di Fiamma, si illumina con intensit\u00e0 infuocata grazie ai suoi LED, incarnando la potenza incandescente del suo Soffio di Fiamma. Ogni katana dotata di LED di questa collezione offre un'esperienza immersiva unica, che unisce l'innovazione tecnologica al rispetto dei dettagli dell'universo di Demon Slayer. Queste repliche luminose sono perfette per i fan pi\u00f9 appassionati.<\/li>\n<\/ul>\n<h2>L'innovazione al servizio degli appassionati: eccezionali katane luminose<\/h2>\n<p>Il mondo delle repliche di katana compie un nuovo passo avanti con questi modelli luminosi. Si tratta di una vera e propria rivoluzione per gli appassionati di Demon Slayer. Oltre alla loro qualit\u00e0 di fabbricazione e alla fedelt\u00e0 alle armi viste nell'anime, queste katana sono dotate di tecnologie LED che offrono una dimensione immersiva senza precedenti. Ogni katana diventa cos\u00ec molto pi\u00f9 di un semplice oggetto da collezione. Un vero e proprio elemento interattivo, in grado di brillare ed evocare la potenza dei personaggi che rappresenta.<\/p>\n<p>L'attivazione facile dei LED grazie a un pulsante discreto permette di vivere appieno l'esperienza. Infatti, sia che si tratti di mostre, foto o persino cosplay. Questa innovazione, che unisce tradizione e tecnologia, rende le katana luminose una rivoluzione per gli appassionati che cercano repliche autentiche, ma anche innovative. Se desiderate arricchire la vostra collezione con un oggetto unico e di grande effetto, queste katana luminose sono quello che fa per voi!<\/p>","protected":false},"excerpt":{"rendered":"<p>Superba replica della katana di Kanao in versione luminosa (Led) in Demon Slayer.<\/p>\n<ul>\n<li>La lama \u00e8 dotata di una parte superiore in metallo con incisioni<\/li>\n<li>La parte inferiore \u00e8 realizzata in ABS spesso con LED bianchi all'interno.<\/li>\n<li>Pulsante di accensione\/spegnimento discreto e facile da usare<\/li>\n<li>Protezione metallica appositamente sagomata<\/li>\n<li>Manico in finta pelle di razza rosa, ricoperto da una treccia di cotone bianco<\/li>\n<li>L'estremit\u00e0 del manico pu\u00f2 essere staccata per inserire due batterie AAA (non fornite).<\/li>\n<li>Fodero in legno nero.<\/li>\n<li>Lunghezza lama: 67 cm - Lunghezza totale: 103 cm - Peso: 1065 grammi<\/li>\n<\/ul>","protected":false},"featured_media":75745,"template":"","meta":[],"product_brand":[896],"product_cat":[63,868,869,101],"product_tag":[],"class_list":{"0":"post-75744","1":"product","2":"type-product","3":"status-publish","4":"has-post-thumbnail","6":"product_brand-replique-manga-cine","7":"product_cat-katana-demon-slayer","8":"product_cat-katana-lumineux","9":"product_cat-katana-lumineux-demon-slayer","10":"product_cat-soldes","12":"first","13":"instock","14":"sale","15":"taxable","16":"shipping-taxable","17":"purchasable","18":"product-type-simple"},"yoast_head":"<!-- This site is optimized with the Yoast SEO plugin v27.4 - https:\/\/yoast.com\/product\/yoast-seo-wordpress\/ -->\n<title>Katana lumineux de Kanao | RMC<\/title>\n<meta name=\"description\" content=\"Fantastique ! Ce Katana lumineux de Kanao avec sa lame en acier avec Led incorpor\u00e9e. Bouton marche\/arr\u00eat. Fonctionne avec piles. Fourreau bois. 103 cm\" \/>\n<meta name=\"robots\" content=\"index, follow, max-snippet:-1, max-image-preview:large, max-video-preview:-1\" \/>\n<link rel=\"canonical\" href=\"https:\/\/repliquemangacine.fr\/it\/katana-leggera-uccisore-di-demoni\/kanao-katana-leggera\/\" \/>\n<meta property=\"og:locale\" content=\"it_IT\" \/>\n<meta property=\"og:type\" content=\"article\" \/>\n<meta property=\"og:title\" content=\"Katana lumineux de Kanao | RMC\" \/>\n<meta property=\"og:description\" content=\"Fantastique ! Ce Katana lumineux de Kanao avec sa lame en acier avec Led incorpor\u00e9e. Bouton marche\/arr\u00eat. Fonctionne avec piles. Fourreau bois. 103 cm\" \/>\n<meta property=\"og:url\" content=\"https:\/\/repliquemangacine.fr\/it\/katana-leggera-uccisore-di-demoni\/kanao-katana-leggera\/\" \/>\n<meta property=\"og:site_name\" content=\"R\u00e9plique Manga Cin\u00e9\" \/>\n<meta property=\"article:publisher\" content=\"https:\/\/www.facebook.com\/RepliqueMangaCine\" \/>\n<meta property=\"article:modified_time\" content=\"2025-12-17T12:28:49+00:00\" \/>\n<meta property=\"og:image\" content=\"https:\/\/repliquemangacine.fr\/wp-content\/uploads\/2024\/10\/Katana-de-kanao-lumineux-Demon-slayer-.jpg\" \/>\n\t<meta property=\"og:image:width\" content=\"500\" \/>\n\t<meta property=\"og:image:height\" content=\"500\" \/>\n\t<meta property=\"og:image:type\" content=\"image\/jpeg\" \/>\n<meta name=\"twitter:card\" content=\"summary_large_image\" \/>\n<meta name=\"twitter:label1\" content=\"Tempo di lettura stimato\" \/>\n\t<meta name=\"twitter:data1\" content=\"3 minuti\" \/>\n<script type=\"application\/ld+json\" class=\"yoast-schema-graph\">{\"@context\":\"https:\\\/\\\/schema.org\",\"@graph\":[{\"@type\":\"WebPage\",\"@id\":\"https:\\\/\\\/repliquemangacine.fr\\\/katana-lumineux-demon-slayer\\\/katana-lumineux-de-kanao\\\/\",\"url\":\"https:\\\/\\\/repliquemangacine.fr\\\/katana-lumineux-demon-slayer\\\/katana-lumineux-de-kanao\\\/\",\"name\":\"Katana lumineux de Kanao | RMC\",\"isPartOf\":{\"@id\":\"https:\\\/\\\/repliquemangacine.fr\\\/#website\"},\"primaryImageOfPage\":{\"@id\":\"https:\\\/\\\/repliquemangacine.fr\\\/katana-lumineux-demon-slayer\\\/katana-lumineux-de-kanao\\\/#primaryimage\"},\"image\":{\"@id\":\"https:\\\/\\\/repliquemangacine.fr\\\/katana-lumineux-demon-slayer\\\/katana-lumineux-de-kanao\\\/#primaryimage\"},\"thumbnailUrl\":\"https:\\\/\\\/repliquemangacine.fr\\\/wp-content\\\/uploads\\\/2024\\\/10\\\/Katana-de-kanao-lumineux-Demon-slayer-.jpg\",\"datePublished\":\"2024-10-31T18:26:25+00:00\",\"dateModified\":\"2025-12-17T12:28:49+00:00\",\"description\":\"Fantastique ! Ce Katana lumineux de Kanao avec sa lame en acier avec Led incorpor\u00e9e. Bouton marche\\\/arr\u00eat. Fonctionne avec piles. Fourreau bois. 103 cm\",\"breadcrumb\":{\"@id\":\"https:\\\/\\\/repliquemangacine.fr\\\/katana-lumineux-demon-slayer\\\/katana-lumineux-de-kanao\\\/#breadcrumb\"},\"inLanguage\":\"it-IT\",\"potentialAction\":[{\"@type\":\"ReadAction\",\"target\":[\"https:\\\/\\\/repliquemangacine.fr\\\/katana-lumineux-demon-slayer\\\/katana-lumineux-de-kanao\\\/\"]}]},{\"@type\":\"ImageObject\",\"inLanguage\":\"it-IT\",\"@id\":\"https:\\\/\\\/repliquemangacine.fr\\\/katana-lumineux-demon-slayer\\\/katana-lumineux-de-kanao\\\/#primaryimage\",\"url\":\"https:\\\/\\\/repliquemangacine.fr\\\/wp-content\\\/uploads\\\/2024\\\/10\\\/Katana-de-kanao-lumineux-Demon-slayer-.jpg\",\"contentUrl\":\"https:\\\/\\\/repliquemangacine.fr\\\/wp-content\\\/uploads\\\/2024\\\/10\\\/Katana-de-kanao-lumineux-Demon-slayer-.jpg\",\"width\":500,\"height\":500,\"caption\":\"Katana lumineux de Kanao dans Demon Slayer\"},{\"@type\":\"BreadcrumbList\",\"@id\":\"https:\\\/\\\/repliquemangacine.fr\\\/katana-lumineux-demon-slayer\\\/katana-lumineux-de-kanao\\\/#breadcrumb\",\"itemListElement\":[{\"@type\":\"ListItem\",\"position\":1,\"name\":\"Accueil\",\"item\":\"https:\\\/\\\/repliquemangacine.fr\\\/\"},{\"@type\":\"ListItem\",\"position\":2,\"name\":\"Produits\",\"item\":\"https:\\\/\\\/repliquemangacine.fr\\\/boutique\\\/\"},{\"@type\":\"ListItem\",\"position\":3,\"name\":\"Katana lumineux de Kanao\"}]},{\"@type\":\"WebSite\",\"@id\":\"https:\\\/\\\/repliquemangacine.fr\\\/#website\",\"url\":\"https:\\\/\\\/repliquemangacine.fr\\\/\",\"name\":\"R\u00e9plique Manga Cin\u00e9\",\"description\":\"\",\"publisher\":{\"@id\":\"https:\\\/\\\/repliquemangacine.fr\\\/#organization\"},\"potentialAction\":[{\"@type\":\"SearchAction\",\"target\":{\"@type\":\"EntryPoint\",\"urlTemplate\":\"https:\\\/\\\/repliquemangacine.fr\\\/?s={search_term_string}\"},\"query-input\":{\"@type\":\"PropertyValueSpecification\",\"valueRequired\":true,\"valueName\":\"search_term_string\"}}],\"inLanguage\":\"it-IT\"},{\"@type\":\"Organization\",\"@id\":\"https:\\\/\\\/repliquemangacine.fr\\\/#organization\",\"name\":\"R\u00e9plique Manga Cin\u00e9\",\"url\":\"https:\\\/\\\/repliquemangacine.fr\\\/\",\"logo\":{\"@type\":\"ImageObject\",\"inLanguage\":\"it-IT\",\"@id\":\"https:\\\/\\\/repliquemangacine.fr\\\/#\\\/schema\\\/logo\\\/image\\\/\",\"url\":\"https:\\\/\\\/repliquemangacine.fr\\\/wp-content\\\/uploads\\\/2023\\\/10\\\/RMC-500250.png\",\"contentUrl\":\"https:\\\/\\\/repliquemangacine.fr\\\/wp-content\\\/uploads\\\/2023\\\/10\\\/RMC-500250.png\",\"width\":500,\"height\":250,\"caption\":\"R\u00e9plique Manga Cin\u00e9\"},\"image\":{\"@id\":\"https:\\\/\\\/repliquemangacine.fr\\\/#\\\/schema\\\/logo\\\/image\\\/\"},\"sameAs\":[\"https:\\\/\\\/www.facebook.com\\\/RepliqueMangaCine\",\"https:\\\/\\\/www.instagram.com\\\/repliquemangacine.fr\\\/\"]}]}<\/script>\n<!-- \/ Yoast SEO plugin. -->","yoast_head_json":{"title":"Katana illuminata di Kanao | RMC","description":"Fantastico! Questa Katana luminosa di Kanao \u00e8 dotata di una lama in acciaio con LED incorporato. Pulsante di accensione e spegnimento. Funziona a batteria. Fodero in legno. 103 cm","robots":{"index":"index","follow":"follow","max-snippet":"max-snippet:-1","max-image-preview":"max-image-preview:large","max-video-preview":"max-video-preview:-1"},"canonical":"https:\/\/repliquemangacine.fr\/it\/katana-leggera-uccisore-di-demoni\/kanao-katana-leggera\/","og_locale":"it_IT","og_type":"article","og_title":"Katana lumineux de Kanao | RMC","og_description":"Fantastique ! Ce Katana lumineux de Kanao avec sa lame en acier avec Led incorpor\u00e9e. Bouton marche\/arr\u00eat. Fonctionne avec piles. Fourreau bois. 103 cm","og_url":"https:\/\/repliquemangacine.fr\/it\/katana-leggera-uccisore-di-demoni\/kanao-katana-leggera\/","og_site_name":"R\u00e9plique Manga Cin\u00e9","article_publisher":"https:\/\/www.facebook.com\/RepliqueMangaCine","article_modified_time":"2025-12-17T12:28:49+00:00","og_image":[{"width":500,"height":500,"url":"https:\/\/repliquemangacine.fr\/wp-content\/uploads\/2024\/10\/Katana-de-kanao-lumineux-Demon-slayer-.jpg","type":"image\/jpeg"}],"twitter_card":"summary_large_image","twitter_misc":{"Tempo di lettura stimato":"3 minuti"},"schema":{"@context":"https:\/\/schema.org","@graph":[{"@type":"WebPage","@id":"https:\/\/repliquemangacine.fr\/katana-lumineux-demon-slayer\/katana-lumineux-de-kanao\/","url":"https:\/\/repliquemangacine.fr\/katana-lumineux-demon-slayer\/katana-lumineux-de-kanao\/","name":"Katana illuminata di Kanao | RMC","isPartOf":{"@id":"https:\/\/repliquemangacine.fr\/#website"},"primaryImageOfPage":{"@id":"https:\/\/repliquemangacine.fr\/katana-lumineux-demon-slayer\/katana-lumineux-de-kanao\/#primaryimage"},"image":{"@id":"https:\/\/repliquemangacine.fr\/katana-lumineux-demon-slayer\/katana-lumineux-de-kanao\/#primaryimage"},"thumbnailUrl":"https:\/\/repliquemangacine.fr\/wp-content\/uploads\/2024\/10\/Katana-de-kanao-lumineux-Demon-slayer-.jpg","datePublished":"2024-10-31T18:26:25+00:00","dateModified":"2025-12-17T12:28:49+00:00","description":"Fantastico! Questa Katana luminosa di Kanao \u00e8 dotata di una lama in acciaio con LED incorporato. Pulsante di accensione e spegnimento. Funziona a batteria. Fodero in legno. 103 cm","breadcrumb":{"@id":"https:\/\/repliquemangacine.fr\/katana-lumineux-demon-slayer\/katana-lumineux-de-kanao\/#breadcrumb"},"inLanguage":"it-IT","potentialAction":[{"@type":"ReadAction","target":["https:\/\/repliquemangacine.fr\/katana-lumineux-demon-slayer\/katana-lumineux-de-kanao\/"]}]},{"@type":"ImageObject","inLanguage":"it-IT","@id":"https:\/\/repliquemangacine.fr\/katana-lumineux-demon-slayer\/katana-lumineux-de-kanao\/#primaryimage","url":"https:\/\/repliquemangacine.fr\/wp-content\/uploads\/2024\/10\/Katana-de-kanao-lumineux-Demon-slayer-.jpg","contentUrl":"https:\/\/repliquemangacine.fr\/wp-content\/uploads\/2024\/10\/Katana-de-kanao-lumineux-Demon-slayer-.jpg","width":500,"height":500,"caption":"Katana lumineux de Kanao dans Demon Slayer"},{"@type":"BreadcrumbList","@id":"https:\/\/repliquemangacine.fr\/katana-lumineux-demon-slayer\/katana-lumineux-de-kanao\/#breadcrumb","itemListElement":[{"@type":"ListItem","position":1,"name":"Accueil","item":"https:\/\/repliquemangacine.fr\/"},{"@type":"ListItem","position":2,"name":"Produits","item":"https:\/\/repliquemangacine.fr\/boutique\/"},{"@type":"ListItem","position":3,"name":"Katana lumineux de Kanao"}]},{"@type":"WebSite","@id":"https:\/\/repliquemangacine.fr\/#website","url":"https:\/\/repliquemangacine.fr\/","name":"R\u00e9plique Manga Cin\u00e9","description":"","publisher":{"@id":"https:\/\/repliquemangacine.fr\/#organization"},"potentialAction":[{"@type":"SearchAction","target":{"@type":"EntryPoint","urlTemplate":"https:\/\/repliquemangacine.fr\/?s={search_term_string}"},"query-input":{"@type":"PropertyValueSpecification","valueRequired":true,"valueName":"search_term_string"}}],"inLanguage":"it-IT"},{"@type":"Organization","@id":"https:\/\/repliquemangacine.fr\/#organization","name":"R\u00e9plique Manga Cin\u00e9","url":"https:\/\/repliquemangacine.fr\/","logo":{"@type":"ImageObject","inLanguage":"it-IT","@id":"https:\/\/repliquemangacine.fr\/#\/schema\/logo\/image\/","url":"https:\/\/repliquemangacine.fr\/wp-content\/uploads\/2023\/10\/RMC-500250.png","contentUrl":"https:\/\/repliquemangacine.fr\/wp-content\/uploads\/2023\/10\/RMC-500250.png","width":500,"height":250,"caption":"R\u00e9plique Manga Cin\u00e9"},"image":{"@id":"https:\/\/repliquemangacine.fr\/#\/schema\/logo\/image\/"},"sameAs":["https:\/\/www.facebook.com\/RepliqueMangaCine","https:\/\/www.instagram.com\/repliquemangacine.fr\/"]}]}},"_links":{"self":[{"href":"https:\/\/repliquemangacine.fr\/it\/wp-json\/wp\/v2\/product\/75744","targetHints":{"allow":["GET"]}}],"collection":[{"href":"https:\/\/repliquemangacine.fr\/it\/wp-json\/wp\/v2\/product"}],"about":[{"href":"https:\/\/repliquemangacine.fr\/it\/wp-json\/wp\/v2\/types\/product"}],"wp:featuredmedia":[{"embeddable":true,"href":"https:\/\/repliquemangacine.fr\/it\/wp-json\/wp\/v2\/media\/75745"}],"wp:attachment":[{"href":"https:\/\/repliquemangacine.fr\/it\/wp-json\/wp\/v2\/media?parent=75744"}],"wp:term":[{"taxonomy":"product_brand","embeddable":true,"href":"https:\/\/repliquemangacine.fr\/it\/wp-json\/wp\/v2\/product_brand?post=75744"},{"taxonomy":"product_cat","embeddable":true,"href":"https:\/\/repliquemangacine.fr\/it\/wp-json\/wp\/v2\/product_cat?post=75744"},{"taxonomy":"product_tag","embeddable":true,"href":"https:\/\/repliquemangacine.fr\/it\/wp-json\/wp\/v2\/product_tag?post=75744"}],"curies":[{"name":"wp","href":"https:\/\/api.w.org\/{rel}","templated":true}]}}