





{"id":75737,"date":"2024-10-31T18:50:58","date_gmt":"2024-10-31T17:50:58","guid":{"rendered":"https:\/\/repliquemangacine.fr\/?post_type=product&#038;p=75737"},"modified":"2026-01-11T16:38:05","modified_gmt":"2026-01-11T15:38:05","slug":"katana-leggera-yoriichi","status":"publish","type":"product","link":"https:\/\/repliquemangacine.fr\/it\/katana-lumineux-demon-slayer\/katana-lumineux-yoriichi\/","title":{"rendered":"Katana luminosa Yoriichi"},"content":{"rendered":"<h2>Katana light Yoriichi Tsugikuni in Demon Slayer<\/h2>\n<p>Per prima cosa, scoprite una novit\u00e0 straordinaria: la katana luminosa di <a href=\"https:\/\/kimetsu-no-yaiba.fandom.com\/fr\/wiki\/Yoriichi_Tsugikuni\" target=\"_blank\" rel=\"noopener noreferrer\">Yoriichi Tsugikuni<\/a>, il leggendario cacciatore di demoni in Demon Slayer. Questa katana unica nel suo genere funziona a batterie e si illumina grazie a LED integrati, conferendo cos\u00ec una dimensione fiammeggiante a questa fedele replica. Con una semplice pressione del pulsante di accensione\/spegnimento discretamente integrato nell'impugnatura, la lama si illumina istantaneamente, evocando la potenza senza pari di questo personaggio mitico.<\/p>\n<p>Questa tecnologia LED offre un realismo mai visto prima, segnando una novit\u00e0 assoluta per le katana luminose di questa qualit\u00e0. Perfetta per i collezionisti e gli appassionati di Demon Slayer. Questa katana unisce autenticit\u00e0 e innovazione per offrire un'esperienza visiva mozzafiato. Ideale per esporre o ricreare le scene epiche dei cacciatori di demoni. Un vero tesoro per tutti gli appassionati dell'universo!<\/p>\n<h2>Scopri le altre katane leggere di Demon Slayer<\/h2>\n<p>Oltre al<strong> La katana luminosa di Yoriichi <\/strong>Tsugikuni, la gamma di katane luminose di Demon Slayer, comprende anche altre impressionanti repliche.<\/p>\n<ul>\n<li>Le <a href=\"https:\/\/repliquemangacine.fr\/it\/katana-leggera-uccisore-di-demoni\/katana-luminosa-delluccisore-di-demoni-sanemi\/\">La katana luminosa di Sanemi<\/a> Shinazugawa, uno spadaccino molto potente, il terzo pi\u00f9 potente. La lama si illumina all'istante, evocando la forza e l'agilit\u00e0 di Sanemi, pari a quelle di un demone.<\/li>\n<li>Le <a href=\"https:\/\/repliquemangacine.fr\/it\/katana-dacciaio-kimetsu-no-yaiba-metal-katana-demon-slayer\/katana-leggera-tanjiro\/\">La katana luminosa di Tanjiro Kamado<\/a>Anche Tanjiro, l'eroe principale della serie, ha dei LED che illuminano la sua lama nera, rappresentando la forza e la perseveranza di Tanjiro nel tentativo di proteggere la sua famiglia.<\/li>\n<li>Infine, il <a href=\"https:\/\/repliquemangacine.fr\/it\/katana-uccisore-di-demoni\/katana-leggera-muichiro\/\">La katana luminosa di Muichiro<\/a> Tokito, il Pilastro della Nebbia, con il suo sottile bagliore mistico, cattura perfettamente l'aura enigmatica del suo stile di combattimento. Ogni katana dotata di LED di questa collezione offre un'esperienza immersiva unica, che unisce l'innovazione tecnologica al rispetto dei dettagli dell'universo di Demon Slayer.<\/li>\n<\/ul>\n<h2>L'innovazione al servizio degli appassionati: eccezionali katane luminose<\/h2>\n<p>Il mondo delle repliche di katana compie un nuovo passo avanti con questi modelli luminosi. Si tratta di una vera rivoluzione per gli appassionati di Demon Slayer. Oltre alla loro qualit\u00e0 di fabbricazione e alla fedelt\u00e0 alle armi viste nell'anime, queste katana sono dotate di tecnologie LED che offrono una dimensione immersiva senza precedenti. Ogni katana diventa cos\u00ec molto pi\u00f9 di un semplice oggetto da collezione.<\/p>\n<p>Un vero e proprio elemento interattivo, in grado di brillare ed evocare la potenza dei personaggi che rappresenta. La facile attivazione dei LED tramite un pulsante discreto consente di vivere appieno l'esperienza. Infatti, sia che si tratti di mostre, foto o persino cosplay. Questa innovazione, che unisce tradizione e tecnologia, rende le katana luminose una rivoluzione per gli appassionati. Se state cercando di arricchire la vostra collezione con un oggetto unico e significativo, queste katana luminose sono fatte apposta per voi!<\/p>","protected":false},"excerpt":{"rendered":"<p>Superba replica della katana di Yoriichi in versione luminosa (Led) in Demon Slayer.<\/p>\n<ul>\n<li>La lama ha una parte superiore in metallo con incisioni.<\/li>\n<li>La parte inferiore della lama \u00e8 realizzata in ABS spesso con un LED rosso all'interno.<\/li>\n<li>Pulsante di accensione\/spegnimento discreto e facile da usare<\/li>\n<li>Protezione metallica appositamente sagomata<\/li>\n<li>Manico in legno rivestito di nastro giallo glitterato con scritta nera invecchiata.<\/li>\n<li>L'estremit\u00e0 del manico pu\u00f2 essere staccata per inserire due batterie AAA (non fornite).<\/li>\n<li>Fodero in legno nero.<\/li>\n<li>Lunghezza lama: 67 cm - Lunghezza totale: 99 cm - Peso: 1040 gr<\/li>\n<\/ul>","protected":false},"featured_media":75739,"template":"","meta":[],"product_brand":[896],"product_cat":[63,868,869,101],"product_tag":[],"class_list":{"0":"post-75737","1":"product","2":"type-product","3":"status-publish","4":"has-post-thumbnail","6":"product_brand-replique-manga-cine","7":"product_cat-katana-demon-slayer","8":"product_cat-katana-lumineux","9":"product_cat-katana-lumineux-demon-slayer","10":"product_cat-soldes","12":"first","13":"instock","14":"sale","15":"taxable","16":"shipping-taxable","17":"purchasable","18":"product-type-simple"},"yoast_head":"<!-- This site is optimized with the Yoast SEO plugin v27.4 - https:\/\/yoast.com\/product\/yoast-seo-wordpress\/ -->\n<title>Katana lumineux Yoriichi | RMC<\/title>\n<meta name=\"description\" content=\"Exceptionnelle ! D\u00e9couvrez ce Katana lumineux de Yoriichi dans D\u00e9mon Slayer. Lame en acier avec Led. Appuie sur le bouton, il s&#039;illumine. Fonctionne \u00e0 piles\" \/>\n<meta name=\"robots\" content=\"index, follow, max-snippet:-1, max-image-preview:large, max-video-preview:-1\" \/>\n<link rel=\"canonical\" href=\"https:\/\/repliquemangacine.fr\/it\/katana-leggera-uccisore-di-demoni\/katana-leggera-yoriichi\/\" \/>\n<meta property=\"og:locale\" content=\"it_IT\" \/>\n<meta property=\"og:type\" content=\"article\" \/>\n<meta property=\"og:title\" content=\"Katana lumineux Yoriichi | RMC\" \/>\n<meta property=\"og:description\" content=\"Exceptionnelle ! D\u00e9couvrez ce Katana lumineux de Yoriichi dans D\u00e9mon Slayer. Lame en acier avec Led. Appuie sur le bouton, il s&#039;illumine. Fonctionne \u00e0 piles\" \/>\n<meta property=\"og:url\" content=\"https:\/\/repliquemangacine.fr\/it\/katana-leggera-uccisore-di-demoni\/katana-leggera-yoriichi\/\" \/>\n<meta property=\"og:site_name\" content=\"R\u00e9plique Manga Cin\u00e9\" \/>\n<meta property=\"article:publisher\" content=\"https:\/\/www.facebook.com\/RepliqueMangaCine\" \/>\n<meta property=\"article:modified_time\" content=\"2026-01-11T15:38:05+00:00\" \/>\n<meta property=\"og:image\" content=\"https:\/\/repliquemangacine.fr\/wp-content\/uploads\/2024\/10\/Katana-lumineux-de-Yoriichi-Demon-Slayer.jpg\" \/>\n\t<meta property=\"og:image:width\" content=\"500\" \/>\n\t<meta property=\"og:image:height\" content=\"500\" \/>\n\t<meta property=\"og:image:type\" content=\"image\/jpeg\" \/>\n<meta name=\"twitter:card\" content=\"summary_large_image\" \/>\n<meta name=\"twitter:label1\" content=\"Tempo di lettura stimato\" \/>\n\t<meta name=\"twitter:data1\" content=\"3 minuti\" \/>\n<script type=\"application\/ld+json\" class=\"yoast-schema-graph\">{\"@context\":\"https:\\\/\\\/schema.org\",\"@graph\":[{\"@type\":\"WebPage\",\"@id\":\"https:\\\/\\\/repliquemangacine.fr\\\/katana-lumineux-demon-slayer\\\/katana-lumineux-yoriichi\\\/\",\"url\":\"https:\\\/\\\/repliquemangacine.fr\\\/katana-lumineux-demon-slayer\\\/katana-lumineux-yoriichi\\\/\",\"name\":\"Katana lumineux Yoriichi | RMC\",\"isPartOf\":{\"@id\":\"https:\\\/\\\/repliquemangacine.fr\\\/#website\"},\"primaryImageOfPage\":{\"@id\":\"https:\\\/\\\/repliquemangacine.fr\\\/katana-lumineux-demon-slayer\\\/katana-lumineux-yoriichi\\\/#primaryimage\"},\"image\":{\"@id\":\"https:\\\/\\\/repliquemangacine.fr\\\/katana-lumineux-demon-slayer\\\/katana-lumineux-yoriichi\\\/#primaryimage\"},\"thumbnailUrl\":\"https:\\\/\\\/repliquemangacine.fr\\\/wp-content\\\/uploads\\\/2024\\\/10\\\/Katana-lumineux-de-Yoriichi-Demon-Slayer.jpg\",\"datePublished\":\"2024-10-31T17:50:58+00:00\",\"dateModified\":\"2026-01-11T15:38:05+00:00\",\"description\":\"Exceptionnelle ! D\u00e9couvrez ce Katana lumineux de Yoriichi dans D\u00e9mon Slayer. Lame en acier avec Led. Appuie sur le bouton, il s'illumine. Fonctionne \u00e0 piles\",\"breadcrumb\":{\"@id\":\"https:\\\/\\\/repliquemangacine.fr\\\/katana-lumineux-demon-slayer\\\/katana-lumineux-yoriichi\\\/#breadcrumb\"},\"inLanguage\":\"it-IT\",\"potentialAction\":[{\"@type\":\"ReadAction\",\"target\":[\"https:\\\/\\\/repliquemangacine.fr\\\/katana-lumineux-demon-slayer\\\/katana-lumineux-yoriichi\\\/\"]}]},{\"@type\":\"ImageObject\",\"inLanguage\":\"it-IT\",\"@id\":\"https:\\\/\\\/repliquemangacine.fr\\\/katana-lumineux-demon-slayer\\\/katana-lumineux-yoriichi\\\/#primaryimage\",\"url\":\"https:\\\/\\\/repliquemangacine.fr\\\/wp-content\\\/uploads\\\/2024\\\/10\\\/Katana-lumineux-de-Yoriichi-Demon-Slayer.jpg\",\"contentUrl\":\"https:\\\/\\\/repliquemangacine.fr\\\/wp-content\\\/uploads\\\/2024\\\/10\\\/Katana-lumineux-de-Yoriichi-Demon-Slayer.jpg\",\"width\":500,\"height\":500,\"caption\":\"Katana-lumineux-de-Yoriichi-Demon-Slayer\"},{\"@type\":\"BreadcrumbList\",\"@id\":\"https:\\\/\\\/repliquemangacine.fr\\\/katana-lumineux-demon-slayer\\\/katana-lumineux-yoriichi\\\/#breadcrumb\",\"itemListElement\":[{\"@type\":\"ListItem\",\"position\":1,\"name\":\"Accueil\",\"item\":\"https:\\\/\\\/repliquemangacine.fr\\\/\"},{\"@type\":\"ListItem\",\"position\":2,\"name\":\"Produits\",\"item\":\"https:\\\/\\\/repliquemangacine.fr\\\/boutique\\\/\"},{\"@type\":\"ListItem\",\"position\":3,\"name\":\"Katana lumineux Yoriichi\"}]},{\"@type\":\"WebSite\",\"@id\":\"https:\\\/\\\/repliquemangacine.fr\\\/#website\",\"url\":\"https:\\\/\\\/repliquemangacine.fr\\\/\",\"name\":\"R\u00e9plique Manga Cin\u00e9\",\"description\":\"\",\"publisher\":{\"@id\":\"https:\\\/\\\/repliquemangacine.fr\\\/#organization\"},\"potentialAction\":[{\"@type\":\"SearchAction\",\"target\":{\"@type\":\"EntryPoint\",\"urlTemplate\":\"https:\\\/\\\/repliquemangacine.fr\\\/?s={search_term_string}\"},\"query-input\":{\"@type\":\"PropertyValueSpecification\",\"valueRequired\":true,\"valueName\":\"search_term_string\"}}],\"inLanguage\":\"it-IT\"},{\"@type\":\"Organization\",\"@id\":\"https:\\\/\\\/repliquemangacine.fr\\\/#organization\",\"name\":\"R\u00e9plique Manga Cin\u00e9\",\"url\":\"https:\\\/\\\/repliquemangacine.fr\\\/\",\"logo\":{\"@type\":\"ImageObject\",\"inLanguage\":\"it-IT\",\"@id\":\"https:\\\/\\\/repliquemangacine.fr\\\/#\\\/schema\\\/logo\\\/image\\\/\",\"url\":\"https:\\\/\\\/repliquemangacine.fr\\\/wp-content\\\/uploads\\\/2023\\\/10\\\/RMC-500250.png\",\"contentUrl\":\"https:\\\/\\\/repliquemangacine.fr\\\/wp-content\\\/uploads\\\/2023\\\/10\\\/RMC-500250.png\",\"width\":500,\"height\":250,\"caption\":\"R\u00e9plique Manga Cin\u00e9\"},\"image\":{\"@id\":\"https:\\\/\\\/repliquemangacine.fr\\\/#\\\/schema\\\/logo\\\/image\\\/\"},\"sameAs\":[\"https:\\\/\\\/www.facebook.com\\\/RepliqueMangaCine\",\"https:\\\/\\\/www.instagram.com\\\/repliquemangacine.fr\\\/\"]}]}<\/script>\n<!-- \/ Yoast SEO plugin. -->","yoast_head_json":{"title":"Katana illuminata Yoriichi | RMC","description":"Eccezionale! Scoprite questa Katana luminosa di Yoriichi in Demon Slayer. Lama in acciaio con LED. Premendo il pulsante, si illumina. Funzionamento a batteria","robots":{"index":"index","follow":"follow","max-snippet":"max-snippet:-1","max-image-preview":"max-image-preview:large","max-video-preview":"max-video-preview:-1"},"canonical":"https:\/\/repliquemangacine.fr\/it\/katana-leggera-uccisore-di-demoni\/katana-leggera-yoriichi\/","og_locale":"it_IT","og_type":"article","og_title":"Katana lumineux Yoriichi | RMC","og_description":"Exceptionnelle ! D\u00e9couvrez ce Katana lumineux de Yoriichi dans D\u00e9mon Slayer. Lame en acier avec Led. Appuie sur le bouton, il s'illumine. Fonctionne \u00e0 piles","og_url":"https:\/\/repliquemangacine.fr\/it\/katana-leggera-uccisore-di-demoni\/katana-leggera-yoriichi\/","og_site_name":"R\u00e9plique Manga Cin\u00e9","article_publisher":"https:\/\/www.facebook.com\/RepliqueMangaCine","article_modified_time":"2026-01-11T15:38:05+00:00","og_image":[{"width":500,"height":500,"url":"https:\/\/repliquemangacine.fr\/wp-content\/uploads\/2024\/10\/Katana-lumineux-de-Yoriichi-Demon-Slayer.jpg","type":"image\/jpeg"}],"twitter_card":"summary_large_image","twitter_misc":{"Tempo di lettura stimato":"3 minuti"},"schema":{"@context":"https:\/\/schema.org","@graph":[{"@type":"WebPage","@id":"https:\/\/repliquemangacine.fr\/katana-lumineux-demon-slayer\/katana-lumineux-yoriichi\/","url":"https:\/\/repliquemangacine.fr\/katana-lumineux-demon-slayer\/katana-lumineux-yoriichi\/","name":"Katana illuminata Yoriichi | RMC","isPartOf":{"@id":"https:\/\/repliquemangacine.fr\/#website"},"primaryImageOfPage":{"@id":"https:\/\/repliquemangacine.fr\/katana-lumineux-demon-slayer\/katana-lumineux-yoriichi\/#primaryimage"},"image":{"@id":"https:\/\/repliquemangacine.fr\/katana-lumineux-demon-slayer\/katana-lumineux-yoriichi\/#primaryimage"},"thumbnailUrl":"https:\/\/repliquemangacine.fr\/wp-content\/uploads\/2024\/10\/Katana-lumineux-de-Yoriichi-Demon-Slayer.jpg","datePublished":"2024-10-31T17:50:58+00:00","dateModified":"2026-01-11T15:38:05+00:00","description":"Eccezionale! Scoprite questa Katana luminosa di Yoriichi in Demon Slayer. Lama in acciaio con LED. Premendo il pulsante, si illumina. Funzionamento a batteria","breadcrumb":{"@id":"https:\/\/repliquemangacine.fr\/katana-lumineux-demon-slayer\/katana-lumineux-yoriichi\/#breadcrumb"},"inLanguage":"it-IT","potentialAction":[{"@type":"ReadAction","target":["https:\/\/repliquemangacine.fr\/katana-lumineux-demon-slayer\/katana-lumineux-yoriichi\/"]}]},{"@type":"ImageObject","inLanguage":"it-IT","@id":"https:\/\/repliquemangacine.fr\/katana-lumineux-demon-slayer\/katana-lumineux-yoriichi\/#primaryimage","url":"https:\/\/repliquemangacine.fr\/wp-content\/uploads\/2024\/10\/Katana-lumineux-de-Yoriichi-Demon-Slayer.jpg","contentUrl":"https:\/\/repliquemangacine.fr\/wp-content\/uploads\/2024\/10\/Katana-lumineux-de-Yoriichi-Demon-Slayer.jpg","width":500,"height":500,"caption":"Katana-lumineux-de-Yoriichi-Demon-Slayer"},{"@type":"BreadcrumbList","@id":"https:\/\/repliquemangacine.fr\/katana-lumineux-demon-slayer\/katana-lumineux-yoriichi\/#breadcrumb","itemListElement":[{"@type":"ListItem","position":1,"name":"Accueil","item":"https:\/\/repliquemangacine.fr\/"},{"@type":"ListItem","position":2,"name":"Produits","item":"https:\/\/repliquemangacine.fr\/boutique\/"},{"@type":"ListItem","position":3,"name":"Katana lumineux Yoriichi"}]},{"@type":"WebSite","@id":"https:\/\/repliquemangacine.fr\/#website","url":"https:\/\/repliquemangacine.fr\/","name":"R\u00e9plique Manga Cin\u00e9","description":"","publisher":{"@id":"https:\/\/repliquemangacine.fr\/#organization"},"potentialAction":[{"@type":"SearchAction","target":{"@type":"EntryPoint","urlTemplate":"https:\/\/repliquemangacine.fr\/?s={search_term_string}"},"query-input":{"@type":"PropertyValueSpecification","valueRequired":true,"valueName":"search_term_string"}}],"inLanguage":"it-IT"},{"@type":"Organization","@id":"https:\/\/repliquemangacine.fr\/#organization","name":"R\u00e9plique Manga Cin\u00e9","url":"https:\/\/repliquemangacine.fr\/","logo":{"@type":"ImageObject","inLanguage":"it-IT","@id":"https:\/\/repliquemangacine.fr\/#\/schema\/logo\/image\/","url":"https:\/\/repliquemangacine.fr\/wp-content\/uploads\/2023\/10\/RMC-500250.png","contentUrl":"https:\/\/repliquemangacine.fr\/wp-content\/uploads\/2023\/10\/RMC-500250.png","width":500,"height":250,"caption":"R\u00e9plique Manga Cin\u00e9"},"image":{"@id":"https:\/\/repliquemangacine.fr\/#\/schema\/logo\/image\/"},"sameAs":["https:\/\/www.facebook.com\/RepliqueMangaCine","https:\/\/www.instagram.com\/repliquemangacine.fr\/"]}]}},"_links":{"self":[{"href":"https:\/\/repliquemangacine.fr\/it\/wp-json\/wp\/v2\/product\/75737","targetHints":{"allow":["GET"]}}],"collection":[{"href":"https:\/\/repliquemangacine.fr\/it\/wp-json\/wp\/v2\/product"}],"about":[{"href":"https:\/\/repliquemangacine.fr\/it\/wp-json\/wp\/v2\/types\/product"}],"wp:featuredmedia":[{"embeddable":true,"href":"https:\/\/repliquemangacine.fr\/it\/wp-json\/wp\/v2\/media\/75739"}],"wp:attachment":[{"href":"https:\/\/repliquemangacine.fr\/it\/wp-json\/wp\/v2\/media?parent=75737"}],"wp:term":[{"taxonomy":"product_brand","embeddable":true,"href":"https:\/\/repliquemangacine.fr\/it\/wp-json\/wp\/v2\/product_brand?post=75737"},{"taxonomy":"product_cat","embeddable":true,"href":"https:\/\/repliquemangacine.fr\/it\/wp-json\/wp\/v2\/product_cat?post=75737"},{"taxonomy":"product_tag","embeddable":true,"href":"https:\/\/repliquemangacine.fr\/it\/wp-json\/wp\/v2\/product_tag?post=75737"}],"curies":[{"name":"wp","href":"https:\/\/api.w.org\/{rel}","templated":true}]}}