





{"id":75615,"date":"2024-10-27T19:02:17","date_gmt":"2024-10-27T18:02:17","guid":{"rendered":"https:\/\/repliquemangacine.fr\/?post_type=product&#038;p=75615"},"modified":"2026-03-09T10:57:51","modified_gmt":"2026-03-09T09:57:51","slug":"spada-nera-del-templare","status":"publish","type":"product","link":"https:\/\/repliquemangacine.fr\/it\/epee-templier-medievale\/epee-templiers-noirs\/","title":{"rendered":"Spada nera dei Templari"},"content":{"rendered":"<h2>Spada dei Templari Neri: simbolo sacro<\/h2>\n<p>Prima di tutto, la spada nera dei Templari, ornata dalla croce rossa dei Templari, un simbolo potente ed emblematico. Le spade dei <a href=\"https:\/\/www.templars-route.eu\/fr\/ordre-du-temple\/histoire-templiers\/\" target=\"_blank\" rel=\"noopener noreferrer\">Templari<\/a> si distinguono per la guardia diritta e il pomello circolare. Spesso recano la croce rossa templare, simbolo della fede cristiana e della sacra missione dell'Ordine. La lama \u00e8 diritta, a doppio taglio e progettata per combattimenti ravvicinati intensi. Il loro peso e il loro equilibrio le rendono efficaci nel tagliare, ma anche robuste nel parare i colpi avversari. Realizzate con metalli resistenti, queste spade di alta qualit\u00e0 sono progettate per durare nelle condizioni pi\u00f9 difficili.<\/p>\n<p>La croce rossa dei Templari \u00e8 molto pi\u00f9 di un semplice ornamento. Rappresenta il voto di devozione e sacrificio dei cavalieri alla loro fede e alla loro missione. Noti per la loro disciplina, il loro coraggio e la loro determinazione nel difendere gli ideali cristiani, i Templari ispirano rispetto e timore nei confronti delle forze avversarie.<\/p>\n<h2>La spada del Templare Nero oggi!<\/h2>\n<p>Oggi, le spade dei Templari hanno acquisito uno status unico come oggetti da collezione e decorativi, simboleggiando l'eredit\u00e0 dei cavalieri medievali e il loro impegno spirituale. Queste repliche sono spesso ricercate dagli appassionati di storia, mitologia cristiana e arte medievale per il loro valore simbolico ed estetico. Infatti, pi\u00f9 che un semplice ricordo del passato, incarnano lo spirito di coraggio, fede e fratellanza che caratterizzava i cavalieri del Tempio.<\/p>\n<p>Le spade dei Templari moderni conservano gli elementi classici delle armi originali. L'elsa diritta e il pomolo circolare, spesso decorati con la croce rossa dei Templari, sono fedeli alle spade storiche. Le lame, sebbene inattive, sono generalmente realizzate in acciaio inossidabile per garantire durata e brillantezza, rendendo queste repliche ideali per una presentazione di qualit\u00e0. Inoltre, alcune versioni includono incisioni o iscrizioni latine, che evocano i sacri voti dei Templari e ne rafforzano l'aspetto autentico.<\/p>\n<h2>Scoprite le nostre eccezionali spade medievali e templari<\/h2>\n<p>Immergetevi nella storia con la nostra collezione di spade templari e medievali, accuratamente riprodotte per gli appassionati di leggende e armi antiche. Scoprite il<a href=\"https:\/\/repliquemangacine.fr\/it\/spada-templare-medievale\/spada-del-templare-jacques-de-molay\/\">spada dell'ultimo Gran Maestro dei Cavalieri Templari, Jacques de Molay<\/a>un pezzo maestoso che segna la fine di un'epoca gloriosa. C'\u00e8 anche la spada<a href=\"https:\/\/repliquemangacine.fr\/it\/spada-templare-medievale\/spada-templare-da-combattimento\/\"> decorativo dei Cavalieri Templari<\/a>ideale per aggiungere un tocco autentico alla vostra collezione. E per gli amanti delle leggende arturiane, il<a href=\"https:\/\/repliquemangacine.fr\/it\/spada-templare-medievale\/excalibur-re-arthur-spada-leggendaria\/\">La spada di Re Art\u00f9 Excalibur<\/a> \u00e8 disponibile in una versione splendidamente dettagliata, simbolo di regalit\u00e0 e magia. Infine, offriamo il<a href=\"https:\/\/repliquemangacine.fr\/it\/bilanci\/spada-di-san-maurizio-di-torino-xiii-secolo\/\">Spada di San Maurizio di Torino<\/a>, un'arma del XIII secolo, simbolo di coraggio e storia. Queste spade, progettate per offrire un aspetto visivo straordinario e rendere omaggio alle epopee medievali. Ogni pezzo \u00e8 un ricordo tangibile delle grandi figure e dei miti che hanno segnato la storia.<\/p>\n<p>Per concludere, amici collezionisti e appassionati di storia, scoprite tutte le spade nel nostro negozio online.<\/p>","protected":false},"excerpt":{"rendered":"<p>Una magnifica spada templare vestita di nero.<\/p>\n<ul>\n<li>Lama a due tagli in acciaio inox 440<\/li>\n<li>Solida protezione in metallo<\/li>\n<li>Pomello rotondo in metallo con croce templare rossa<\/li>\n<li>Manico rivestito in similpelle nera con finiture dorate.<\/li>\n<li>Buona presa<\/li>\n<li>Fodero in legno rivestito in similpelle nera, finiture in acciaio<\/li>\n<li>Lunghezza lama: 68 cm - Lunghezza totale con fodero: 105 cm<\/li>\n<li>Peso: 1400 gr<\/li>\n<\/ul>\n<p>&nbsp;<\/p>","protected":false},"featured_media":75617,"template":"","meta":[],"product_brand":[896],"product_cat":[84],"product_tag":[],"class_list":{"0":"post-75615","1":"product","2":"type-product","3":"status-publish","4":"has-post-thumbnail","6":"product_brand-replique-manga-cine","7":"product_cat-epee-templier-medievale","9":"first","10":"instock","11":"taxable","12":"shipping-taxable","13":"purchasable","14":"product-type-simple"},"yoast_head":"<!-- This site is optimized with the Yoast SEO plugin v27.5 - https:\/\/yoast.com\/product\/yoast-seo-wordpress\/ -->\n<title>\u00c9p\u00e9e Templiers Noirs - R\u00e9plique Manga Cin\u00e9<\/title>\n<meta name=\"description\" content=\"Siperbe r\u00e9plique de l&#039;\u00c9p\u00e9e Templiers noirs. Lame en acier stainless. Fourreau recouvert de similicuir noir. Croix templi\u00e8re rouge. Longueur : 105 cm\" \/>\n<meta name=\"robots\" content=\"index, follow, max-snippet:-1, max-image-preview:large, max-video-preview:-1\" \/>\n<link rel=\"canonical\" href=\"https:\/\/repliquemangacine.fr\/it\/spada-templare-medievale\/spada-nera-del-templare\/\" \/>\n<meta property=\"og:locale\" content=\"it_IT\" \/>\n<meta property=\"og:type\" content=\"article\" \/>\n<meta property=\"og:title\" content=\"\u00c9p\u00e9e Templiers Noirs - R\u00e9plique Manga Cin\u00e9\" \/>\n<meta property=\"og:description\" content=\"Siperbe r\u00e9plique de l&#039;\u00c9p\u00e9e Templiers noirs. Lame en acier stainless. Fourreau recouvert de similicuir noir. Croix templi\u00e8re rouge. Longueur : 105 cm\" \/>\n<meta property=\"og:url\" content=\"https:\/\/repliquemangacine.fr\/it\/spada-templare-medievale\/spada-nera-del-templare\/\" \/>\n<meta property=\"og:site_name\" content=\"R\u00e9plique Manga Cin\u00e9\" \/>\n<meta property=\"article:publisher\" content=\"https:\/\/www.facebook.com\/RepliqueMangaCine\" \/>\n<meta property=\"article:modified_time\" content=\"2026-03-09T09:57:51+00:00\" \/>\n<meta property=\"og:image\" content=\"https:\/\/repliquemangacine.fr\/wp-content\/uploads\/2024\/10\/epee-templiere-noire.jpg\" \/>\n\t<meta property=\"og:image:width\" content=\"500\" \/>\n\t<meta property=\"og:image:height\" content=\"500\" \/>\n\t<meta property=\"og:image:type\" content=\"image\/jpeg\" \/>\n<meta name=\"twitter:card\" content=\"summary_large_image\" \/>\n<meta name=\"twitter:label1\" content=\"Tempo di lettura stimato\" \/>\n\t<meta name=\"twitter:data1\" content=\"3 minuti\" \/>\n<script type=\"application\/ld+json\" class=\"yoast-schema-graph\">{\"@context\":\"https:\\\/\\\/schema.org\",\"@graph\":[{\"@type\":\"WebPage\",\"@id\":\"https:\\\/\\\/repliquemangacine.fr\\\/epee-templier-medievale\\\/epee-templiers-noirs\\\/\",\"url\":\"https:\\\/\\\/repliquemangacine.fr\\\/epee-templier-medievale\\\/epee-templiers-noirs\\\/\",\"name\":\"\u00c9p\u00e9e Templiers Noirs - R\u00e9plique Manga Cin\u00e9\",\"isPartOf\":{\"@id\":\"https:\\\/\\\/repliquemangacine.fr\\\/#website\"},\"primaryImageOfPage\":{\"@id\":\"https:\\\/\\\/repliquemangacine.fr\\\/epee-templier-medievale\\\/epee-templiers-noirs\\\/#primaryimage\"},\"image\":{\"@id\":\"https:\\\/\\\/repliquemangacine.fr\\\/epee-templier-medievale\\\/epee-templiers-noirs\\\/#primaryimage\"},\"thumbnailUrl\":\"https:\\\/\\\/repliquemangacine.fr\\\/wp-content\\\/uploads\\\/2024\\\/10\\\/epee-templiere-noire.jpg\",\"datePublished\":\"2024-10-27T18:02:17+00:00\",\"dateModified\":\"2026-03-09T09:57:51+00:00\",\"description\":\"Siperbe r\u00e9plique de l'\u00c9p\u00e9e Templiers noirs. Lame en acier stainless. Fourreau recouvert de similicuir noir. Croix templi\u00e8re rouge. Longueur : 105 cm\",\"breadcrumb\":{\"@id\":\"https:\\\/\\\/repliquemangacine.fr\\\/epee-templier-medievale\\\/epee-templiers-noirs\\\/#breadcrumb\"},\"inLanguage\":\"it-IT\",\"potentialAction\":[{\"@type\":\"ReadAction\",\"target\":[\"https:\\\/\\\/repliquemangacine.fr\\\/epee-templier-medievale\\\/epee-templiers-noirs\\\/\"]}]},{\"@type\":\"ImageObject\",\"inLanguage\":\"it-IT\",\"@id\":\"https:\\\/\\\/repliquemangacine.fr\\\/epee-templier-medievale\\\/epee-templiers-noirs\\\/#primaryimage\",\"url\":\"https:\\\/\\\/repliquemangacine.fr\\\/wp-content\\\/uploads\\\/2024\\\/10\\\/epee-templiere-noire.jpg\",\"contentUrl\":\"https:\\\/\\\/repliquemangacine.fr\\\/wp-content\\\/uploads\\\/2024\\\/10\\\/epee-templiere-noire.jpg\",\"width\":500,\"height\":500,\"caption\":\"Ep\u00e9e templiers noirs\"},{\"@type\":\"BreadcrumbList\",\"@id\":\"https:\\\/\\\/repliquemangacine.fr\\\/epee-templier-medievale\\\/epee-templiers-noirs\\\/#breadcrumb\",\"itemListElement\":[{\"@type\":\"ListItem\",\"position\":1,\"name\":\"Accueil\",\"item\":\"https:\\\/\\\/repliquemangacine.fr\\\/\"},{\"@type\":\"ListItem\",\"position\":2,\"name\":\"Produits\",\"item\":\"https:\\\/\\\/repliquemangacine.fr\\\/boutique\\\/\"},{\"@type\":\"ListItem\",\"position\":3,\"name\":\"\u00c9p\u00e9e Templiers Noirs\"}]},{\"@type\":\"WebSite\",\"@id\":\"https:\\\/\\\/repliquemangacine.fr\\\/#website\",\"url\":\"https:\\\/\\\/repliquemangacine.fr\\\/\",\"name\":\"R\u00e9plique Manga Cin\u00e9\",\"description\":\"\",\"publisher\":{\"@id\":\"https:\\\/\\\/repliquemangacine.fr\\\/#organization\"},\"potentialAction\":[{\"@type\":\"SearchAction\",\"target\":{\"@type\":\"EntryPoint\",\"urlTemplate\":\"https:\\\/\\\/repliquemangacine.fr\\\/?s={search_term_string}\"},\"query-input\":{\"@type\":\"PropertyValueSpecification\",\"valueRequired\":true,\"valueName\":\"search_term_string\"}}],\"inLanguage\":\"it-IT\"},{\"@type\":\"Organization\",\"@id\":\"https:\\\/\\\/repliquemangacine.fr\\\/#organization\",\"name\":\"R\u00e9plique Manga Cin\u00e9\",\"url\":\"https:\\\/\\\/repliquemangacine.fr\\\/\",\"logo\":{\"@type\":\"ImageObject\",\"inLanguage\":\"it-IT\",\"@id\":\"https:\\\/\\\/repliquemangacine.fr\\\/#\\\/schema\\\/logo\\\/image\\\/\",\"url\":\"https:\\\/\\\/repliquemangacine.fr\\\/wp-content\\\/uploads\\\/2023\\\/10\\\/RMC-500250.png\",\"contentUrl\":\"https:\\\/\\\/repliquemangacine.fr\\\/wp-content\\\/uploads\\\/2023\\\/10\\\/RMC-500250.png\",\"width\":500,\"height\":250,\"caption\":\"R\u00e9plique Manga Cin\u00e9\"},\"image\":{\"@id\":\"https:\\\/\\\/repliquemangacine.fr\\\/#\\\/schema\\\/logo\\\/image\\\/\"},\"sameAs\":[\"https:\\\/\\\/www.facebook.com\\\/RepliqueMangaCine\",\"https:\\\/\\\/www.instagram.com\\\/repliquemangacine.fr\\\/\"]}]}<\/script>\n<!-- \/ Yoast SEO plugin. -->","yoast_head_json":{"title":"Spada Templare Nera - R\u00e9plique Manga Cin\u00e9","description":"Replica Siperbe della spada del Templare Nero. Lama in acciaio inossidabile. Fodero in similpelle nera. Croce rossa dei Templari. Lunghezza: 105 cm","robots":{"index":"index","follow":"follow","max-snippet":"max-snippet:-1","max-image-preview":"max-image-preview:large","max-video-preview":"max-video-preview:-1"},"canonical":"https:\/\/repliquemangacine.fr\/it\/spada-templare-medievale\/spada-nera-del-templare\/","og_locale":"it_IT","og_type":"article","og_title":"\u00c9p\u00e9e Templiers Noirs - R\u00e9plique Manga Cin\u00e9","og_description":"Siperbe r\u00e9plique de l'\u00c9p\u00e9e Templiers noirs. Lame en acier stainless. Fourreau recouvert de similicuir noir. Croix templi\u00e8re rouge. Longueur : 105 cm","og_url":"https:\/\/repliquemangacine.fr\/it\/spada-templare-medievale\/spada-nera-del-templare\/","og_site_name":"R\u00e9plique Manga Cin\u00e9","article_publisher":"https:\/\/www.facebook.com\/RepliqueMangaCine","article_modified_time":"2026-03-09T09:57:51+00:00","og_image":[{"width":500,"height":500,"url":"https:\/\/repliquemangacine.fr\/wp-content\/uploads\/2024\/10\/epee-templiere-noire.jpg","type":"image\/jpeg"}],"twitter_card":"summary_large_image","twitter_misc":{"Tempo di lettura stimato":"3 minuti"},"schema":{"@context":"https:\/\/schema.org","@graph":[{"@type":"WebPage","@id":"https:\/\/repliquemangacine.fr\/epee-templier-medievale\/epee-templiers-noirs\/","url":"https:\/\/repliquemangacine.fr\/epee-templier-medievale\/epee-templiers-noirs\/","name":"Spada Templare Nera - R\u00e9plique Manga Cin\u00e9","isPartOf":{"@id":"https:\/\/repliquemangacine.fr\/#website"},"primaryImageOfPage":{"@id":"https:\/\/repliquemangacine.fr\/epee-templier-medievale\/epee-templiers-noirs\/#primaryimage"},"image":{"@id":"https:\/\/repliquemangacine.fr\/epee-templier-medievale\/epee-templiers-noirs\/#primaryimage"},"thumbnailUrl":"https:\/\/repliquemangacine.fr\/wp-content\/uploads\/2024\/10\/epee-templiere-noire.jpg","datePublished":"2024-10-27T18:02:17+00:00","dateModified":"2026-03-09T09:57:51+00:00","description":"Replica Siperbe della spada del Templare Nero. Lama in acciaio inossidabile. Fodero in similpelle nera. Croce rossa dei Templari. Lunghezza: 105 cm","breadcrumb":{"@id":"https:\/\/repliquemangacine.fr\/epee-templier-medievale\/epee-templiers-noirs\/#breadcrumb"},"inLanguage":"it-IT","potentialAction":[{"@type":"ReadAction","target":["https:\/\/repliquemangacine.fr\/epee-templier-medievale\/epee-templiers-noirs\/"]}]},{"@type":"ImageObject","inLanguage":"it-IT","@id":"https:\/\/repliquemangacine.fr\/epee-templier-medievale\/epee-templiers-noirs\/#primaryimage","url":"https:\/\/repliquemangacine.fr\/wp-content\/uploads\/2024\/10\/epee-templiere-noire.jpg","contentUrl":"https:\/\/repliquemangacine.fr\/wp-content\/uploads\/2024\/10\/epee-templiere-noire.jpg","width":500,"height":500,"caption":"Ep\u00e9e templiers noirs"},{"@type":"BreadcrumbList","@id":"https:\/\/repliquemangacine.fr\/epee-templier-medievale\/epee-templiers-noirs\/#breadcrumb","itemListElement":[{"@type":"ListItem","position":1,"name":"Accueil","item":"https:\/\/repliquemangacine.fr\/"},{"@type":"ListItem","position":2,"name":"Produits","item":"https:\/\/repliquemangacine.fr\/boutique\/"},{"@type":"ListItem","position":3,"name":"\u00c9p\u00e9e Templiers Noirs"}]},{"@type":"WebSite","@id":"https:\/\/repliquemangacine.fr\/#website","url":"https:\/\/repliquemangacine.fr\/","name":"R\u00e9plique Manga Cin\u00e9","description":"","publisher":{"@id":"https:\/\/repliquemangacine.fr\/#organization"},"potentialAction":[{"@type":"SearchAction","target":{"@type":"EntryPoint","urlTemplate":"https:\/\/repliquemangacine.fr\/?s={search_term_string}"},"query-input":{"@type":"PropertyValueSpecification","valueRequired":true,"valueName":"search_term_string"}}],"inLanguage":"it-IT"},{"@type":"Organization","@id":"https:\/\/repliquemangacine.fr\/#organization","name":"R\u00e9plique Manga Cin\u00e9","url":"https:\/\/repliquemangacine.fr\/","logo":{"@type":"ImageObject","inLanguage":"it-IT","@id":"https:\/\/repliquemangacine.fr\/#\/schema\/logo\/image\/","url":"https:\/\/repliquemangacine.fr\/wp-content\/uploads\/2023\/10\/RMC-500250.png","contentUrl":"https:\/\/repliquemangacine.fr\/wp-content\/uploads\/2023\/10\/RMC-500250.png","width":500,"height":250,"caption":"R\u00e9plique Manga Cin\u00e9"},"image":{"@id":"https:\/\/repliquemangacine.fr\/#\/schema\/logo\/image\/"},"sameAs":["https:\/\/www.facebook.com\/RepliqueMangaCine","https:\/\/www.instagram.com\/repliquemangacine.fr\/"]}]}},"_links":{"self":[{"href":"https:\/\/repliquemangacine.fr\/it\/wp-json\/wp\/v2\/product\/75615","targetHints":{"allow":["GET"]}}],"collection":[{"href":"https:\/\/repliquemangacine.fr\/it\/wp-json\/wp\/v2\/product"}],"about":[{"href":"https:\/\/repliquemangacine.fr\/it\/wp-json\/wp\/v2\/types\/product"}],"wp:featuredmedia":[{"embeddable":true,"href":"https:\/\/repliquemangacine.fr\/it\/wp-json\/wp\/v2\/media\/75617"}],"wp:attachment":[{"href":"https:\/\/repliquemangacine.fr\/it\/wp-json\/wp\/v2\/media?parent=75615"}],"wp:term":[{"taxonomy":"product_brand","embeddable":true,"href":"https:\/\/repliquemangacine.fr\/it\/wp-json\/wp\/v2\/product_brand?post=75615"},{"taxonomy":"product_cat","embeddable":true,"href":"https:\/\/repliquemangacine.fr\/it\/wp-json\/wp\/v2\/product_cat?post=75615"},{"taxonomy":"product_tag","embeddable":true,"href":"https:\/\/repliquemangacine.fr\/it\/wp-json\/wp\/v2\/product_tag?post=75615"}],"curies":[{"name":"wp","href":"https:\/\/api.w.org\/{rel}","templated":true}]}}