





{"id":75605,"date":"2024-10-27T16:25:11","date_gmt":"2024-10-27T15:25:11","guid":{"rendered":"https:\/\/repliquemangacine.fr\/?post_type=product&#038;p=75605"},"modified":"2026-04-11T18:01:42","modified_gmt":"2026-04-11T16:01:42","slug":"spada-anduril-de-luxe","status":"publish","type":"product","link":"https:\/\/repliquemangacine.fr\/it\/epees-seigneur-des-anneaux\/epee-anduril-de-luxe\/","title":{"rendered":"Spada di lusso Anduril"},"content":{"rendered":"<h2>Spada Anduril deluxe ne Il Signore degli Anelli<\/h2>\n<p>Per cominciare, la lussuosa Spada Anduril, soprannominata La Fiamma dell'Ovest, l'arma pi\u00f9 leggendaria della trilogia. Un sontuoso oggetto da collezione per i fan de Il Signore degli Anelli. La lama, maestosa come sempre, mantiene il suo aspetto emblematico, ma il fodero aggiunge un tocco di eleganza senza precedenti. Realizzato in raffinata similpelle, presenta una placca metallica incisa con rune elfiche lungo la cucitura. Le estremit\u00e0 sono splendidamente decorate con ornamenti in nichel e oro, che aggiungono uno scintillio sorprendente. Due pratiche cinghie consentono di fissare la spada alla cintura, rendendola tanto funzionale quanto autentica. La placca da parete, invece, \u00e8 un'opera d'arte in legno lavorato con la corona reale di Elessar in metallo. Il risultato \u00e8 una presentazione maestosa. Questa versione di lusso di And\u00faril \u00e8 il tributo perfetto per gli amanti delle spade mitiche e per i collezionisti pi\u00f9 esigenti.<\/p>\n<h2>Origine And\u00faril spada di lusso: La Reforg\u00e9e de Narsil<\/h2>\n<p>In origine, And\u00faril era Narsil, la spada del re Elendil, famoso re di N\u00famenor. Durante la battaglia contro Sauron ai piedi del Monte del Destino, Elendil us\u00f2 Narsil per affrontare il Signore delle Tenebre, ma la spada si spezz\u00f2 durante il combattimento. Suo figlio, Isildur, utilizz\u00f2 allora un frammento della lama spezzata per tagliare l'Unico Anello dalla mano di Sauron, provocando cos\u00ec la sua prima caduta.<\/p>\n<p>Pi\u00f9 tardi, Narsil fu riforgiata dagli Elfi di Gran Burrone su ordine di Elrond per Aragorn, erede di Isildur e ultimo discendente della stirpe reale. La nuova lama fu ribattezzata And\u00faril, che in sindarin, la lingua degli Elfi, significa Fiamma dell'Occidente. La luce di And\u00faril diventa cos\u00ec il simbolo della redenzione della stirpe di Isildur e della lotta contro le tenebre.<\/p>\n<p>La spada And\u00faril \u00e8 quindi essenziale per la simbologia del Signore degli Anelli: un'arma nata dalle ceneri di un'epoca passata, riforgiata per riportare la luce in un mondo oscurato.<\/p>\n<h2>And\u00faril nella storia e nel simbolismo de Il Signore degli Anelli<\/h2>\n<p>And\u00faril \u00e8 l'incarnazione stessa dell'evoluzione di<a href=\"https:\/\/lotr.fandom.com\/fr\/wiki\/Aragorn\" target=\"_blank\" rel=\"noopener noreferrer\">Aragorn<\/a>. Quando decide di impugnare questa spada, abbandona la sua vita di vagabondo solitario e accetta il suo destino di re di Gondor. Si afferma come il capo capace di riunire le forze degli uomini, degli elfi e dei nani per resistere a Sauron.<\/p>\n<p>Questa spada \u00e8 presente in diversi momenti chiave della trilogia. In particolare quando Aragorn invoca l'esercito dei morti per aiutarlo a liberare Minas Tirith. Oppure quando raduna i soldati del Rohan attorno al re Th\u00e9oden e al suo <a href=\"https:\/\/repliquemangacine.fr\/it\/spade-del-signore-degli-anelli\/spada-di-theoden-spada-di-herugrim\/\">Spada Herugrim<\/a>.<\/p>\n<p>Del resto, nella trilogia compaiono diverse spade. Ad esempio: l\u2019<a href=\"https:\/\/repliquemangacine.fr\/it\/spade-del-signore-degli-anelli\/spada-di-frodo-2\/\">Dardo di spada<\/a> di Frodo Baggins. Oltre al machete <a href=\"https:\/\/repliquemangacine.fr\/it\/il-signore-degli-anelli\/uruk-hai-scimitarra-signore-degli-anelli\/\">Scimitarra Uruk-Hai<\/a>. Senza dimenticare, <a href=\"https:\/\/repliquemangacine.fr\/it\/le-spade-dello-hobbit\/signore-degli-anelli-glamdring-spada-gandalf\/\">Glamdring, la spada di Gandalf<\/a>realizzati dai nani per combattere gli orchi. Oppure il<a href=\"https:\/\/repliquemangacine.fr\/it\/spade-del-signore-degli-anelli\/signore-degli-anelli-nazgul-spada-cavalieri-neri-spada\/\">Spada Nazgul<\/a>Questo \u00e8 l'ultimo di una lunga serie di Cavalieri Neri al servizio di Sauron, con una guardia e una lama dalla forma molto particolare. E molto altro da scoprire nel nostro negozio online.<\/p>","protected":false},"excerpt":{"rendered":"<p>Splendida e rara a questo prezzo! Questa replica della spada di Aragorn, l'Anduril, nella sua versione di lusso.<\/p>\n<ul>\n<li>Lama in acciaio inox 440 incisa con rune elfiche.<\/li>\n<li>Spessore della lama: 5 mm<\/li>\n<li>Elsa e pomo in acciaio massiccio con decorazione in finto oro.<\/li>\n<li>Fodero in finta pelle nera con placca in acciaio con rune e decorazioni in nichel e oro alle estremit\u00e0.<\/li>\n<li>Lunga targa da parete in legno decorato, con corona del re in metallo sulla parte superiore.<\/li>\n<li>Sono inoltre presenti due cinghie che consentono di indossare la spada alla cintura.<\/li>\n<li>Lunghezza lama: 90 cm - Lunghezza totale: 133 cm<\/li>\n<li>Peso: 2707 gr<\/li>\n<\/ul>\n<p>Affrettatevi, non ce ne sar\u00e0 abbastanza per tutti!<\/p>","protected":false},"featured_media":75606,"template":"","meta":[],"product_brand":[896],"product_cat":[68,29],"product_tag":[],"class_list":{"0":"post-75605","1":"product","2":"type-product","3":"status-publish","4":"has-post-thumbnail","6":"product_brand-replique-manga-cine","7":"product_cat-epees-seigneur-des-anneaux","8":"product_cat-le-seigneur-des-anneaux","10":"first","11":"instock","12":"taxable","13":"shipping-taxable","14":"purchasable","15":"product-type-simple"},"yoast_head":"<!-- This site is optimized with the Yoast SEO plugin v27.4 - https:\/\/yoast.com\/product\/yoast-seo-wordpress\/ -->\n<title>Ep\u00e9e Anduril de luxe - Le Seigneur des Anneaux - R\u00e9plique Manga Cin\u00e9<\/title>\n<meta name=\"description\" content=\"Absolument remarquable cette r\u00e9plique de l&#039;Ep\u00e9e Anduril de luxe dans la trilogie Le Seigneur des Anneaux. Version haute gamme \u00e0 ne pas rater ! 133 cm\" \/>\n<meta name=\"robots\" content=\"index, follow, max-snippet:-1, max-image-preview:large, max-video-preview:-1\" \/>\n<link rel=\"canonical\" href=\"https:\/\/repliquemangacine.fr\/it\/spade-del-signore-degli-anelli\/spada-anduril-de-luxe\/\" \/>\n<meta property=\"og:locale\" content=\"it_IT\" \/>\n<meta property=\"og:type\" content=\"article\" \/>\n<meta property=\"og:title\" content=\"Ep\u00e9e Anduril de luxe - Le Seigneur des Anneaux - R\u00e9plique Manga Cin\u00e9\" \/>\n<meta property=\"og:description\" content=\"Absolument remarquable cette r\u00e9plique de l&#039;Ep\u00e9e Anduril de luxe dans la trilogie Le Seigneur des Anneaux. Version haute gamme \u00e0 ne pas rater ! 133 cm\" \/>\n<meta property=\"og:url\" content=\"https:\/\/repliquemangacine.fr\/it\/spade-del-signore-degli-anelli\/spada-anduril-de-luxe\/\" \/>\n<meta property=\"og:site_name\" content=\"R\u00e9plique Manga Cin\u00e9\" \/>\n<meta property=\"article:publisher\" content=\"https:\/\/www.facebook.com\/RepliqueMangaCine\" \/>\n<meta property=\"article:modified_time\" content=\"2026-04-11T16:01:42+00:00\" \/>\n<meta property=\"og:image\" content=\"https:\/\/repliquemangacine.fr\/wp-content\/uploads\/2024\/10\/Epee-Anduril-de-luxe-dans-son-fourreauet-sur-son-support-.jpg\" \/>\n\t<meta property=\"og:image:width\" content=\"500\" \/>\n\t<meta property=\"og:image:height\" content=\"500\" \/>\n\t<meta property=\"og:image:type\" content=\"image\/jpeg\" \/>\n<meta name=\"twitter:card\" content=\"summary_large_image\" \/>\n<meta name=\"twitter:label1\" content=\"Tempo di lettura stimato\" \/>\n\t<meta name=\"twitter:data1\" content=\"3 minuti\" \/>\n<script type=\"application\/ld+json\" class=\"yoast-schema-graph\">{\"@context\":\"https:\\\/\\\/schema.org\",\"@graph\":[{\"@type\":\"WebPage\",\"@id\":\"https:\\\/\\\/repliquemangacine.fr\\\/epees-seigneur-des-anneaux\\\/epee-anduril-de-luxe\\\/\",\"url\":\"https:\\\/\\\/repliquemangacine.fr\\\/epees-seigneur-des-anneaux\\\/epee-anduril-de-luxe\\\/\",\"name\":\"Ep\u00e9e Anduril de luxe - Le Seigneur des Anneaux - R\u00e9plique Manga Cin\u00e9\",\"isPartOf\":{\"@id\":\"https:\\\/\\\/repliquemangacine.fr\\\/#website\"},\"primaryImageOfPage\":{\"@id\":\"https:\\\/\\\/repliquemangacine.fr\\\/epees-seigneur-des-anneaux\\\/epee-anduril-de-luxe\\\/#primaryimage\"},\"image\":{\"@id\":\"https:\\\/\\\/repliquemangacine.fr\\\/epees-seigneur-des-anneaux\\\/epee-anduril-de-luxe\\\/#primaryimage\"},\"thumbnailUrl\":\"https:\\\/\\\/repliquemangacine.fr\\\/wp-content\\\/uploads\\\/2024\\\/10\\\/Epee-Anduril-de-luxe-dans-son-fourreauet-sur-son-support-.jpg\",\"datePublished\":\"2024-10-27T15:25:11+00:00\",\"dateModified\":\"2026-04-11T16:01:42+00:00\",\"description\":\"Absolument remarquable cette r\u00e9plique de l'Ep\u00e9e Anduril de luxe dans la trilogie Le Seigneur des Anneaux. Version haute gamme \u00e0 ne pas rater ! 133 cm\",\"breadcrumb\":{\"@id\":\"https:\\\/\\\/repliquemangacine.fr\\\/epees-seigneur-des-anneaux\\\/epee-anduril-de-luxe\\\/#breadcrumb\"},\"inLanguage\":\"it-IT\",\"potentialAction\":[{\"@type\":\"ReadAction\",\"target\":[\"https:\\\/\\\/repliquemangacine.fr\\\/epees-seigneur-des-anneaux\\\/epee-anduril-de-luxe\\\/\"]}]},{\"@type\":\"ImageObject\",\"inLanguage\":\"it-IT\",\"@id\":\"https:\\\/\\\/repliquemangacine.fr\\\/epees-seigneur-des-anneaux\\\/epee-anduril-de-luxe\\\/#primaryimage\",\"url\":\"https:\\\/\\\/repliquemangacine.fr\\\/wp-content\\\/uploads\\\/2024\\\/10\\\/Epee-Anduril-de-luxe-dans-son-fourreauet-sur-son-support-.jpg\",\"contentUrl\":\"https:\\\/\\\/repliquemangacine.fr\\\/wp-content\\\/uploads\\\/2024\\\/10\\\/Epee-Anduril-de-luxe-dans-son-fourreauet-sur-son-support-.jpg\",\"width\":500,\"height\":500,\"caption\":\"Ep\u00e9e Anduril de luxe avec son fourreau et sa plaque de pr\u00e9sentation\"},{\"@type\":\"BreadcrumbList\",\"@id\":\"https:\\\/\\\/repliquemangacine.fr\\\/epees-seigneur-des-anneaux\\\/epee-anduril-de-luxe\\\/#breadcrumb\",\"itemListElement\":[{\"@type\":\"ListItem\",\"position\":1,\"name\":\"Accueil\",\"item\":\"https:\\\/\\\/repliquemangacine.fr\\\/\"},{\"@type\":\"ListItem\",\"position\":2,\"name\":\"Produits\",\"item\":\"https:\\\/\\\/repliquemangacine.fr\\\/boutique\\\/\"},{\"@type\":\"ListItem\",\"position\":3,\"name\":\"Ep\u00e9e Anduril de luxe\"}]},{\"@type\":\"WebSite\",\"@id\":\"https:\\\/\\\/repliquemangacine.fr\\\/#website\",\"url\":\"https:\\\/\\\/repliquemangacine.fr\\\/\",\"name\":\"R\u00e9plique Manga Cin\u00e9\",\"description\":\"\",\"publisher\":{\"@id\":\"https:\\\/\\\/repliquemangacine.fr\\\/#organization\"},\"potentialAction\":[{\"@type\":\"SearchAction\",\"target\":{\"@type\":\"EntryPoint\",\"urlTemplate\":\"https:\\\/\\\/repliquemangacine.fr\\\/?s={search_term_string}\"},\"query-input\":{\"@type\":\"PropertyValueSpecification\",\"valueRequired\":true,\"valueName\":\"search_term_string\"}}],\"inLanguage\":\"it-IT\"},{\"@type\":\"Organization\",\"@id\":\"https:\\\/\\\/repliquemangacine.fr\\\/#organization\",\"name\":\"R\u00e9plique Manga Cin\u00e9\",\"url\":\"https:\\\/\\\/repliquemangacine.fr\\\/\",\"logo\":{\"@type\":\"ImageObject\",\"inLanguage\":\"it-IT\",\"@id\":\"https:\\\/\\\/repliquemangacine.fr\\\/#\\\/schema\\\/logo\\\/image\\\/\",\"url\":\"https:\\\/\\\/repliquemangacine.fr\\\/wp-content\\\/uploads\\\/2023\\\/10\\\/RMC-500250.png\",\"contentUrl\":\"https:\\\/\\\/repliquemangacine.fr\\\/wp-content\\\/uploads\\\/2023\\\/10\\\/RMC-500250.png\",\"width\":500,\"height\":250,\"caption\":\"R\u00e9plique Manga Cin\u00e9\"},\"image\":{\"@id\":\"https:\\\/\\\/repliquemangacine.fr\\\/#\\\/schema\\\/logo\\\/image\\\/\"},\"sameAs\":[\"https:\\\/\\\/www.facebook.com\\\/RepliqueMangaCine\",\"https:\\\/\\\/www.instagram.com\\\/repliquemangacine.fr\\\/\"]}]}<\/script>\n<!-- \/ Yoast SEO plugin. -->","yoast_head_json":{"title":"Spada Anduril Deluxe - Il Signore degli Anelli - R\u00e9plique Manga Cin\u00e9","description":"Una replica assolutamente straordinaria della lussuosa spada Anduril della trilogia de Il Signore degli Anelli. Una versione top di gamma da non perdere! 133 cm di lunghezza","robots":{"index":"index","follow":"follow","max-snippet":"max-snippet:-1","max-image-preview":"max-image-preview:large","max-video-preview":"max-video-preview:-1"},"canonical":"https:\/\/repliquemangacine.fr\/it\/spade-del-signore-degli-anelli\/spada-anduril-de-luxe\/","og_locale":"it_IT","og_type":"article","og_title":"Ep\u00e9e Anduril de luxe - Le Seigneur des Anneaux - R\u00e9plique Manga Cin\u00e9","og_description":"Absolument remarquable cette r\u00e9plique de l'Ep\u00e9e Anduril de luxe dans la trilogie Le Seigneur des Anneaux. Version haute gamme \u00e0 ne pas rater ! 133 cm","og_url":"https:\/\/repliquemangacine.fr\/it\/spade-del-signore-degli-anelli\/spada-anduril-de-luxe\/","og_site_name":"R\u00e9plique Manga Cin\u00e9","article_publisher":"https:\/\/www.facebook.com\/RepliqueMangaCine","article_modified_time":"2026-04-11T16:01:42+00:00","og_image":[{"width":500,"height":500,"url":"https:\/\/repliquemangacine.fr\/wp-content\/uploads\/2024\/10\/Epee-Anduril-de-luxe-dans-son-fourreauet-sur-son-support-.jpg","type":"image\/jpeg"}],"twitter_card":"summary_large_image","twitter_misc":{"Tempo di lettura stimato":"3 minuti"},"schema":{"@context":"https:\/\/schema.org","@graph":[{"@type":"WebPage","@id":"https:\/\/repliquemangacine.fr\/epees-seigneur-des-anneaux\/epee-anduril-de-luxe\/","url":"https:\/\/repliquemangacine.fr\/epees-seigneur-des-anneaux\/epee-anduril-de-luxe\/","name":"Spada Anduril Deluxe - Il Signore degli Anelli - R\u00e9plique Manga Cin\u00e9","isPartOf":{"@id":"https:\/\/repliquemangacine.fr\/#website"},"primaryImageOfPage":{"@id":"https:\/\/repliquemangacine.fr\/epees-seigneur-des-anneaux\/epee-anduril-de-luxe\/#primaryimage"},"image":{"@id":"https:\/\/repliquemangacine.fr\/epees-seigneur-des-anneaux\/epee-anduril-de-luxe\/#primaryimage"},"thumbnailUrl":"https:\/\/repliquemangacine.fr\/wp-content\/uploads\/2024\/10\/Epee-Anduril-de-luxe-dans-son-fourreauet-sur-son-support-.jpg","datePublished":"2024-10-27T15:25:11+00:00","dateModified":"2026-04-11T16:01:42+00:00","description":"Una replica assolutamente straordinaria della lussuosa spada Anduril della trilogia de Il Signore degli Anelli. Una versione top di gamma da non perdere! 133 cm di lunghezza","breadcrumb":{"@id":"https:\/\/repliquemangacine.fr\/epees-seigneur-des-anneaux\/epee-anduril-de-luxe\/#breadcrumb"},"inLanguage":"it-IT","potentialAction":[{"@type":"ReadAction","target":["https:\/\/repliquemangacine.fr\/epees-seigneur-des-anneaux\/epee-anduril-de-luxe\/"]}]},{"@type":"ImageObject","inLanguage":"it-IT","@id":"https:\/\/repliquemangacine.fr\/epees-seigneur-des-anneaux\/epee-anduril-de-luxe\/#primaryimage","url":"https:\/\/repliquemangacine.fr\/wp-content\/uploads\/2024\/10\/Epee-Anduril-de-luxe-dans-son-fourreauet-sur-son-support-.jpg","contentUrl":"https:\/\/repliquemangacine.fr\/wp-content\/uploads\/2024\/10\/Epee-Anduril-de-luxe-dans-son-fourreauet-sur-son-support-.jpg","width":500,"height":500,"caption":"Ep\u00e9e Anduril de luxe avec son fourreau et sa plaque de pr\u00e9sentation"},{"@type":"BreadcrumbList","@id":"https:\/\/repliquemangacine.fr\/epees-seigneur-des-anneaux\/epee-anduril-de-luxe\/#breadcrumb","itemListElement":[{"@type":"ListItem","position":1,"name":"Accueil","item":"https:\/\/repliquemangacine.fr\/"},{"@type":"ListItem","position":2,"name":"Produits","item":"https:\/\/repliquemangacine.fr\/boutique\/"},{"@type":"ListItem","position":3,"name":"Ep\u00e9e Anduril de luxe"}]},{"@type":"WebSite","@id":"https:\/\/repliquemangacine.fr\/#website","url":"https:\/\/repliquemangacine.fr\/","name":"R\u00e9plique Manga Cin\u00e9","description":"","publisher":{"@id":"https:\/\/repliquemangacine.fr\/#organization"},"potentialAction":[{"@type":"SearchAction","target":{"@type":"EntryPoint","urlTemplate":"https:\/\/repliquemangacine.fr\/?s={search_term_string}"},"query-input":{"@type":"PropertyValueSpecification","valueRequired":true,"valueName":"search_term_string"}}],"inLanguage":"it-IT"},{"@type":"Organization","@id":"https:\/\/repliquemangacine.fr\/#organization","name":"R\u00e9plique Manga Cin\u00e9","url":"https:\/\/repliquemangacine.fr\/","logo":{"@type":"ImageObject","inLanguage":"it-IT","@id":"https:\/\/repliquemangacine.fr\/#\/schema\/logo\/image\/","url":"https:\/\/repliquemangacine.fr\/wp-content\/uploads\/2023\/10\/RMC-500250.png","contentUrl":"https:\/\/repliquemangacine.fr\/wp-content\/uploads\/2023\/10\/RMC-500250.png","width":500,"height":250,"caption":"R\u00e9plique Manga Cin\u00e9"},"image":{"@id":"https:\/\/repliquemangacine.fr\/#\/schema\/logo\/image\/"},"sameAs":["https:\/\/www.facebook.com\/RepliqueMangaCine","https:\/\/www.instagram.com\/repliquemangacine.fr\/"]}]}},"_links":{"self":[{"href":"https:\/\/repliquemangacine.fr\/it\/wp-json\/wp\/v2\/product\/75605","targetHints":{"allow":["GET"]}}],"collection":[{"href":"https:\/\/repliquemangacine.fr\/it\/wp-json\/wp\/v2\/product"}],"about":[{"href":"https:\/\/repliquemangacine.fr\/it\/wp-json\/wp\/v2\/types\/product"}],"wp:featuredmedia":[{"embeddable":true,"href":"https:\/\/repliquemangacine.fr\/it\/wp-json\/wp\/v2\/media\/75606"}],"wp:attachment":[{"href":"https:\/\/repliquemangacine.fr\/it\/wp-json\/wp\/v2\/media?parent=75605"}],"wp:term":[{"taxonomy":"product_brand","embeddable":true,"href":"https:\/\/repliquemangacine.fr\/it\/wp-json\/wp\/v2\/product_brand?post=75605"},{"taxonomy":"product_cat","embeddable":true,"href":"https:\/\/repliquemangacine.fr\/it\/wp-json\/wp\/v2\/product_cat?post=75605"},{"taxonomy":"product_tag","embeddable":true,"href":"https:\/\/repliquemangacine.fr\/it\/wp-json\/wp\/v2\/product_tag?post=75605"}],"curies":[{"name":"wp","href":"https:\/\/api.w.org\/{rel}","templated":true}]}}