





{"id":75598,"date":"2024-10-27T14:56:32","date_gmt":"2024-10-27T13:56:32","guid":{"rendered":"https:\/\/repliquemangacine.fr\/?post_type=product&#038;p=75598"},"modified":"2026-02-18T16:08:21","modified_gmt":"2026-02-18T15:08:21","slug":"lame-del-caos-kratos","status":"publish","type":"product","link":"https:\/\/repliquemangacine.fr\/it\/katana-et-epee-de-jeux-video-autre-jeux-video\/lames-du-chaos-de-kratos\/","title":{"rendered":"Lame del Caos di Kratos"},"content":{"rendered":"<h2>Le Lame del Caos di Kratos in God of War 4<\/h2>\n<p>Innanzitutto, le Lame del Caos, armi emblematiche di Kratos, che porta con s\u00e9 sin dai primi capitoli della serie. Queste lame gemelle legate da catene, un tempo simboli del suo tragico passato e della sua fedelt\u00e0 agli dei greci, tornano nel quarto capitolo con un ruolo particolare e una storia ricca di simbolismo.<\/p>\n<p>Offerte (o meglio imposte) a <a href=\"https:\/\/create-garden.fandom.com\/fr\/wiki\/Kratos_(God_of_War)\" target=\"_blank\" rel=\"noopener noreferrer\">Kratos<\/a> da Ares, il dio della guerra nella mitologia greca. In cambio della sua servit\u00f9 nei confronti del dio, Kratos le riceve e si lega a un destino sanguinario e distruttivo. Fissate alle sue braccia con catene incandescenti, le lame diventano un'estensione della sua rabbia, progettate per seminare morte e terrore.<\/p>\n<p>Ma in God of War (2018), Kratos cerca di lasciarsi alle spalle il passato abbandonando le lame. Tuttavia, di fronte alle crescenti minacce e per proteggere suo figlio Atreus, non ha altra scelta che tornare a cercare le Lame del Caos. Questo ritorno simboleggia sia il ricordo del suo sanguinoso passato sia l'accettazione della sua vera natura per compiere un ultimo atto di protezione.<\/p>\n<h2>Lame del Caos: da usare in combattimento<\/h2>\n<p>\u2013 <strong>Movimenti :<\/strong> In primo luogo, Kratos usa le Spade del Caos con una fluidit\u00e0 impressionante. Fa oscillare e roteare le lame per attaccare pi\u00f9 nemici contemporaneamente. Le catene consentono movimenti acrobatici e attacchi a distanza.<\/p>\n<p><strong>Poteri speciali:<\/strong> Le spade possono essere incendiate, aggiungendo danni da fuoco a ogni colpo. Possono anche abbattere le difese nemiche e interagire con specifici elementi ambientali per risolvere gli enigmi.<\/p>\n<p><strong>Evoluzione :<\/strong> Nel corso dei giochi, le Spade del Caos si evolvono, acquisendo nuove abilit\u00e0 e diventando ancora pi\u00f9 temibili. In God of War (2018), Kratos impugna queste spade dopo aver inizialmente utilizzato l'Ascia del Leviatano, mostrando un'evoluzione personale e narrativa.<\/p>\n<h2>Armi leggendarie dei videogiochi: Repliche fedeli<\/h2>\n<p>Immergetevi nell'affascinante mondo dei videogiochi con la nostra eccezionale selezione di repliche di armi iconiche. Ogni pezzo \u00e8 meticolosamente realizzato per essere identico al modello del gioco. Offrendo un livello di dettaglio e qualit\u00e0 senza pari.<\/p>\n<ul>\n<li>Scoprire il <a href=\"https:\/\/repliquemangacine.fr\/it\/spade-di-world-of-warcraft\/le-lame-gemelle-di-azzinoth-la-leggendaria-spada-di-illidan\/\">lame gemelle di Azzinoth<\/a> in World of Warcraft, la leggendaria spada di Illidan.<\/li>\n<li>C'\u00e8 anche il<a href=\"https:\/\/repliquemangacine.fr\/it\/katana-e-spada-videogiochi-altri-videogiochi\/spada-rossa-regina-diavolo-il-mio-grido\/\">Spada della Regina Rossa<\/a> di N\u00e9ro in Devil My Cry.<\/li>\n<li>Cos\u00ec come il <a href=\"https:\/\/repliquemangacine.fr\/it\/katana-e-spada-videogiochi-altri-videogiochi\/ascia-del-leviatano-di-kratos-god-of-war-ragnarok\/\">Ascia Leviathan di Kratos<\/a>tratto da God of War, permette di sentire il potere del dio norreno della guerra ogni volta che lo si tiene in mano.<\/li>\n<li>Infine, il <a href=\"https:\/\/repliquemangacine.fr\/it\/katana-e-spada-videogiochi-altri-videogiochi\/spada-sephiroth-masamune-192-cm\/\">Katana Sephiroth Masamune<\/a> di Final Fantasy VII \u00e8 un must per tutti i fan di questo classico senza tempo, con la sua lunga ed elegante lama che incarna il potere e la mistica di Sephiroth.<\/li>\n<\/ul>\n<p>In conclusione, aggiungete queste leggendarie repliche alla vostra collezione e lasciatevi trasportare nei mondi epici dei vostri videogiochi preferiti.<\/p>","protected":false},"excerpt":{"rendered":"<p>Le due lame del caos di Kratos in God of War 4 sono assolutamente sublimi.<\/p>\n<ul>\n<li>Le lame sono in acciaio 440 appositamente sagomate e decorate con simboli antichi.<\/li>\n<li>Lame collegate a solide catene d'acciaio<\/li>\n<li>I manici e il pomo sono in acciaio con finitura in bronzo antico e decorati con un'immagine di colore nero.<\/li>\n<li>Le protezioni sono sagomate specificamente per l'Opus 4.<\/li>\n<li>Fornito con targa da parete in legno con logo e decorazioni<\/li>\n<li>Lunghezza di ciascuna lama: 32 cm - Lunghezza totale di ciascun pugnale: 54 cm<\/li>\n<li>Peso di ogni pezzo: 1301 gr<\/li>\n<\/ul>","protected":false},"featured_media":75599,"template":"","meta":[],"product_brand":[896],"product_cat":[985,67],"product_tag":[],"class_list":{"0":"post-75598","1":"product","2":"type-product","3":"status-publish","4":"has-post-thumbnail","6":"product_brand-replique-manga-cine","7":"product_cat-replique-god-of-war","8":"product_cat-katana-et-epee-de-jeux-video-autre-jeux-video","10":"first","11":"instock","12":"taxable","13":"shipping-taxable","14":"purchasable","15":"product-type-simple"},"yoast_head":"<!-- This site is optimized with the Yoast SEO plugin v27.4 - https:\/\/yoast.com\/product\/yoast-seo-wordpress\/ -->\n<title>Lames du Chaos de Kratos - God of War 4 - R\u00e9plique Manga Cin\u00e9<\/title>\n<meta name=\"description\" content=\"Absolument sublime ! les Lames du Chaos de Kratos dans God of War. Lames en m\u00e9tal avec symboles antiques. Poign\u00e9e en acier vieilli dor\u00e9. Livr\u00e9 avec support\" \/>\n<meta name=\"robots\" content=\"index, follow, max-snippet:-1, max-image-preview:large, max-video-preview:-1\" \/>\n<link rel=\"canonical\" href=\"https:\/\/repliquemangacine.fr\/it\/katana-e-spada-videogiochi-altri-videogiochi\/lame-del-caos-kratos\/\" \/>\n<meta property=\"og:locale\" content=\"it_IT\" \/>\n<meta property=\"og:type\" content=\"article\" \/>\n<meta property=\"og:title\" content=\"Lames du Chaos de Kratos - God of War 4 - R\u00e9plique Manga Cin\u00e9\" \/>\n<meta property=\"og:description\" content=\"Absolument sublime ! les Lames du Chaos de Kratos dans God of War. Lames en m\u00e9tal avec symboles antiques. Poign\u00e9e en acier vieilli dor\u00e9. Livr\u00e9 avec support\" \/>\n<meta property=\"og:url\" content=\"https:\/\/repliquemangacine.fr\/it\/katana-e-spada-videogiochi-altri-videogiochi\/lame-del-caos-kratos\/\" \/>\n<meta property=\"og:site_name\" content=\"R\u00e9plique Manga Cin\u00e9\" \/>\n<meta property=\"article:publisher\" content=\"https:\/\/www.facebook.com\/RepliqueMangaCine\" \/>\n<meta property=\"article:modified_time\" content=\"2026-02-18T15:08:21+00:00\" \/>\n<meta property=\"og:image\" content=\"https:\/\/repliquemangacine.fr\/wp-content\/uploads\/2024\/10\/dague-God-of-War.jpg\" \/>\n\t<meta property=\"og:image:width\" content=\"500\" \/>\n\t<meta property=\"og:image:height\" content=\"500\" \/>\n\t<meta property=\"og:image:type\" content=\"image\/jpeg\" \/>\n<meta name=\"twitter:card\" content=\"summary_large_image\" \/>\n<meta name=\"twitter:label1\" content=\"Tempo di lettura stimato\" \/>\n\t<meta name=\"twitter:data1\" content=\"3 minuti\" \/>\n<script type=\"application\/ld+json\" class=\"yoast-schema-graph\">{\"@context\":\"https:\\\/\\\/schema.org\",\"@graph\":[{\"@type\":\"WebPage\",\"@id\":\"https:\\\/\\\/repliquemangacine.fr\\\/katana-et-epee-de-jeux-video-autre-jeux-video\\\/lames-du-chaos-de-kratos\\\/\",\"url\":\"https:\\\/\\\/repliquemangacine.fr\\\/katana-et-epee-de-jeux-video-autre-jeux-video\\\/lames-du-chaos-de-kratos\\\/\",\"name\":\"Lames du Chaos de Kratos - God of War 4 - R\u00e9plique Manga Cin\u00e9\",\"isPartOf\":{\"@id\":\"https:\\\/\\\/repliquemangacine.fr\\\/#website\"},\"primaryImageOfPage\":{\"@id\":\"https:\\\/\\\/repliquemangacine.fr\\\/katana-et-epee-de-jeux-video-autre-jeux-video\\\/lames-du-chaos-de-kratos\\\/#primaryimage\"},\"image\":{\"@id\":\"https:\\\/\\\/repliquemangacine.fr\\\/katana-et-epee-de-jeux-video-autre-jeux-video\\\/lames-du-chaos-de-kratos\\\/#primaryimage\"},\"thumbnailUrl\":\"https:\\\/\\\/repliquemangacine.fr\\\/wp-content\\\/uploads\\\/2024\\\/10\\\/dague-God-of-War.jpg\",\"datePublished\":\"2024-10-27T13:56:32+00:00\",\"dateModified\":\"2026-02-18T15:08:21+00:00\",\"description\":\"Absolument sublime ! les Lames du Chaos de Kratos dans God of War. Lames en m\u00e9tal avec symboles antiques. Poign\u00e9e en acier vieilli dor\u00e9. Livr\u00e9 avec support\",\"breadcrumb\":{\"@id\":\"https:\\\/\\\/repliquemangacine.fr\\\/katana-et-epee-de-jeux-video-autre-jeux-video\\\/lames-du-chaos-de-kratos\\\/#breadcrumb\"},\"inLanguage\":\"it-IT\",\"potentialAction\":[{\"@type\":\"ReadAction\",\"target\":[\"https:\\\/\\\/repliquemangacine.fr\\\/katana-et-epee-de-jeux-video-autre-jeux-video\\\/lames-du-chaos-de-kratos\\\/\"]}]},{\"@type\":\"ImageObject\",\"inLanguage\":\"it-IT\",\"@id\":\"https:\\\/\\\/repliquemangacine.fr\\\/katana-et-epee-de-jeux-video-autre-jeux-video\\\/lames-du-chaos-de-kratos\\\/#primaryimage\",\"url\":\"https:\\\/\\\/repliquemangacine.fr\\\/wp-content\\\/uploads\\\/2024\\\/10\\\/dague-God-of-War.jpg\",\"contentUrl\":\"https:\\\/\\\/repliquemangacine.fr\\\/wp-content\\\/uploads\\\/2024\\\/10\\\/dague-God-of-War.jpg\",\"width\":500,\"height\":500,\"caption\":\"Lames du Chaos de Kratos dans God of War\"},{\"@type\":\"BreadcrumbList\",\"@id\":\"https:\\\/\\\/repliquemangacine.fr\\\/katana-et-epee-de-jeux-video-autre-jeux-video\\\/lames-du-chaos-de-kratos\\\/#breadcrumb\",\"itemListElement\":[{\"@type\":\"ListItem\",\"position\":1,\"name\":\"Accueil\",\"item\":\"https:\\\/\\\/repliquemangacine.fr\\\/\"},{\"@type\":\"ListItem\",\"position\":2,\"name\":\"Produits\",\"item\":\"https:\\\/\\\/repliquemangacine.fr\\\/boutique\\\/\"},{\"@type\":\"ListItem\",\"position\":3,\"name\":\"Lames du Chaos de Kratos\"}]},{\"@type\":\"WebSite\",\"@id\":\"https:\\\/\\\/repliquemangacine.fr\\\/#website\",\"url\":\"https:\\\/\\\/repliquemangacine.fr\\\/\",\"name\":\"R\u00e9plique Manga Cin\u00e9\",\"description\":\"\",\"publisher\":{\"@id\":\"https:\\\/\\\/repliquemangacine.fr\\\/#organization\"},\"potentialAction\":[{\"@type\":\"SearchAction\",\"target\":{\"@type\":\"EntryPoint\",\"urlTemplate\":\"https:\\\/\\\/repliquemangacine.fr\\\/?s={search_term_string}\"},\"query-input\":{\"@type\":\"PropertyValueSpecification\",\"valueRequired\":true,\"valueName\":\"search_term_string\"}}],\"inLanguage\":\"it-IT\"},{\"@type\":\"Organization\",\"@id\":\"https:\\\/\\\/repliquemangacine.fr\\\/#organization\",\"name\":\"R\u00e9plique Manga Cin\u00e9\",\"url\":\"https:\\\/\\\/repliquemangacine.fr\\\/\",\"logo\":{\"@type\":\"ImageObject\",\"inLanguage\":\"it-IT\",\"@id\":\"https:\\\/\\\/repliquemangacine.fr\\\/#\\\/schema\\\/logo\\\/image\\\/\",\"url\":\"https:\\\/\\\/repliquemangacine.fr\\\/wp-content\\\/uploads\\\/2023\\\/10\\\/RMC-500250.png\",\"contentUrl\":\"https:\\\/\\\/repliquemangacine.fr\\\/wp-content\\\/uploads\\\/2023\\\/10\\\/RMC-500250.png\",\"width\":500,\"height\":250,\"caption\":\"R\u00e9plique Manga Cin\u00e9\"},\"image\":{\"@id\":\"https:\\\/\\\/repliquemangacine.fr\\\/#\\\/schema\\\/logo\\\/image\\\/\"},\"sameAs\":[\"https:\\\/\\\/www.facebook.com\\\/RepliqueMangaCine\",\"https:\\\/\\\/www.instagram.com\\\/repliquemangacine.fr\\\/\"]}]}<\/script>\n<!-- \/ Yoast SEO plugin. -->","yoast_head_json":{"title":"Lame del Caos di Kratos - God of War 4 - R\u00e9plique Manga Cin\u00e9","description":"Assolutamente sublimi le Lame del Caos di Kratos in God of War. Lame in metallo con simboli antichi. Impugnatura in acciaio placcato oro antico. Fornito con supporto","robots":{"index":"index","follow":"follow","max-snippet":"max-snippet:-1","max-image-preview":"max-image-preview:large","max-video-preview":"max-video-preview:-1"},"canonical":"https:\/\/repliquemangacine.fr\/it\/katana-e-spada-videogiochi-altri-videogiochi\/lame-del-caos-kratos\/","og_locale":"it_IT","og_type":"article","og_title":"Lames du Chaos de Kratos - God of War 4 - R\u00e9plique Manga Cin\u00e9","og_description":"Absolument sublime ! les Lames du Chaos de Kratos dans God of War. Lames en m\u00e9tal avec symboles antiques. Poign\u00e9e en acier vieilli dor\u00e9. Livr\u00e9 avec support","og_url":"https:\/\/repliquemangacine.fr\/it\/katana-e-spada-videogiochi-altri-videogiochi\/lame-del-caos-kratos\/","og_site_name":"R\u00e9plique Manga Cin\u00e9","article_publisher":"https:\/\/www.facebook.com\/RepliqueMangaCine","article_modified_time":"2026-02-18T15:08:21+00:00","og_image":[{"width":500,"height":500,"url":"https:\/\/repliquemangacine.fr\/wp-content\/uploads\/2024\/10\/dague-God-of-War.jpg","type":"image\/jpeg"}],"twitter_card":"summary_large_image","twitter_misc":{"Tempo di lettura stimato":"3 minuti"},"schema":{"@context":"https:\/\/schema.org","@graph":[{"@type":"WebPage","@id":"https:\/\/repliquemangacine.fr\/katana-et-epee-de-jeux-video-autre-jeux-video\/lames-du-chaos-de-kratos\/","url":"https:\/\/repliquemangacine.fr\/katana-et-epee-de-jeux-video-autre-jeux-video\/lames-du-chaos-de-kratos\/","name":"Lame del Caos di Kratos - God of War 4 - R\u00e9plique Manga Cin\u00e9","isPartOf":{"@id":"https:\/\/repliquemangacine.fr\/#website"},"primaryImageOfPage":{"@id":"https:\/\/repliquemangacine.fr\/katana-et-epee-de-jeux-video-autre-jeux-video\/lames-du-chaos-de-kratos\/#primaryimage"},"image":{"@id":"https:\/\/repliquemangacine.fr\/katana-et-epee-de-jeux-video-autre-jeux-video\/lames-du-chaos-de-kratos\/#primaryimage"},"thumbnailUrl":"https:\/\/repliquemangacine.fr\/wp-content\/uploads\/2024\/10\/dague-God-of-War.jpg","datePublished":"2024-10-27T13:56:32+00:00","dateModified":"2026-02-18T15:08:21+00:00","description":"Assolutamente sublimi le Lame del Caos di Kratos in God of War. Lame in metallo con simboli antichi. Impugnatura in acciaio placcato oro antico. Fornito con supporto","breadcrumb":{"@id":"https:\/\/repliquemangacine.fr\/katana-et-epee-de-jeux-video-autre-jeux-video\/lames-du-chaos-de-kratos\/#breadcrumb"},"inLanguage":"it-IT","potentialAction":[{"@type":"ReadAction","target":["https:\/\/repliquemangacine.fr\/katana-et-epee-de-jeux-video-autre-jeux-video\/lames-du-chaos-de-kratos\/"]}]},{"@type":"ImageObject","inLanguage":"it-IT","@id":"https:\/\/repliquemangacine.fr\/katana-et-epee-de-jeux-video-autre-jeux-video\/lames-du-chaos-de-kratos\/#primaryimage","url":"https:\/\/repliquemangacine.fr\/wp-content\/uploads\/2024\/10\/dague-God-of-War.jpg","contentUrl":"https:\/\/repliquemangacine.fr\/wp-content\/uploads\/2024\/10\/dague-God-of-War.jpg","width":500,"height":500,"caption":"Lames du Chaos de Kratos dans God of War"},{"@type":"BreadcrumbList","@id":"https:\/\/repliquemangacine.fr\/katana-et-epee-de-jeux-video-autre-jeux-video\/lames-du-chaos-de-kratos\/#breadcrumb","itemListElement":[{"@type":"ListItem","position":1,"name":"Accueil","item":"https:\/\/repliquemangacine.fr\/"},{"@type":"ListItem","position":2,"name":"Produits","item":"https:\/\/repliquemangacine.fr\/boutique\/"},{"@type":"ListItem","position":3,"name":"Lames du Chaos de Kratos"}]},{"@type":"WebSite","@id":"https:\/\/repliquemangacine.fr\/#website","url":"https:\/\/repliquemangacine.fr\/","name":"R\u00e9plique Manga Cin\u00e9","description":"","publisher":{"@id":"https:\/\/repliquemangacine.fr\/#organization"},"potentialAction":[{"@type":"SearchAction","target":{"@type":"EntryPoint","urlTemplate":"https:\/\/repliquemangacine.fr\/?s={search_term_string}"},"query-input":{"@type":"PropertyValueSpecification","valueRequired":true,"valueName":"search_term_string"}}],"inLanguage":"it-IT"},{"@type":"Organization","@id":"https:\/\/repliquemangacine.fr\/#organization","name":"R\u00e9plique Manga Cin\u00e9","url":"https:\/\/repliquemangacine.fr\/","logo":{"@type":"ImageObject","inLanguage":"it-IT","@id":"https:\/\/repliquemangacine.fr\/#\/schema\/logo\/image\/","url":"https:\/\/repliquemangacine.fr\/wp-content\/uploads\/2023\/10\/RMC-500250.png","contentUrl":"https:\/\/repliquemangacine.fr\/wp-content\/uploads\/2023\/10\/RMC-500250.png","width":500,"height":250,"caption":"R\u00e9plique Manga Cin\u00e9"},"image":{"@id":"https:\/\/repliquemangacine.fr\/#\/schema\/logo\/image\/"},"sameAs":["https:\/\/www.facebook.com\/RepliqueMangaCine","https:\/\/www.instagram.com\/repliquemangacine.fr\/"]}]}},"_links":{"self":[{"href":"https:\/\/repliquemangacine.fr\/it\/wp-json\/wp\/v2\/product\/75598","targetHints":{"allow":["GET"]}}],"collection":[{"href":"https:\/\/repliquemangacine.fr\/it\/wp-json\/wp\/v2\/product"}],"about":[{"href":"https:\/\/repliquemangacine.fr\/it\/wp-json\/wp\/v2\/types\/product"}],"wp:featuredmedia":[{"embeddable":true,"href":"https:\/\/repliquemangacine.fr\/it\/wp-json\/wp\/v2\/media\/75599"}],"wp:attachment":[{"href":"https:\/\/repliquemangacine.fr\/it\/wp-json\/wp\/v2\/media?parent=75598"}],"wp:term":[{"taxonomy":"product_brand","embeddable":true,"href":"https:\/\/repliquemangacine.fr\/it\/wp-json\/wp\/v2\/product_brand?post=75598"},{"taxonomy":"product_cat","embeddable":true,"href":"https:\/\/repliquemangacine.fr\/it\/wp-json\/wp\/v2\/product_cat?post=75598"},{"taxonomy":"product_tag","embeddable":true,"href":"https:\/\/repliquemangacine.fr\/it\/wp-json\/wp\/v2\/product_tag?post=75598"}],"curies":[{"name":"wp","href":"https:\/\/api.w.org\/{rel}","templated":true}]}}