





{"id":75418,"date":"2024-10-18T19:22:08","date_gmt":"2024-10-18T17:22:08","guid":{"rendered":"https:\/\/repliquemangacine.fr\/?post_type=product&#038;p=75418"},"modified":"2026-04-19T17:16:18","modified_gmt":"2026-04-19T15:16:18","slug":"mg34-maschinengewehr-34","status":"publish","type":"product","link":"https:\/\/repliquemangacine.fr\/it\/reproductions-armes-seconde-guerre-mondiale-denix\/mg34-maschinengewehr-34\/","title":{"rendered":"MG34 (Maschinengewehr 34)"},"content":{"rendered":"<h2>Replica MG34 Denix - L'autenticit\u00e0 di un'icona della Seconda Guerra Mondiale<\/h2>\n<p>Innanzitutto, la MG34 Denix, una fedele riproduzione dell'arma leggendaria che ha segnato la storia militare tedesca. Realizzata con eccezionale precisione, questa replica riproduce ogni dettaglio dell'originale. Offre un'immersione totale nell'era dei grandi conflitti mondiali. Con il suo robusto bipiede e le finiture curate, questa mitragliatrice \u00e8 un vero capolavoro da collezione. In questa nuova versione, Denix offre diversi accessori e funzionalit\u00e0 che aggiungono ancora pi\u00f9 realismo.<\/p>\n<p>Infatti, ora il coperchio della testata si solleva. <a href=\"https:\/\/www.denix.fr\/fr\/catalogue\/guerres-mondiales-1914-1945\/mitraillettes-et-mitrailleuses\/9317\/\" target=\"_blank\" rel=\"noopener noreferrer\">Denix<\/a> aggiunge un mirino aereo, che ricorda l'uso versatile dell'MG34. Dotato anche di una cinghia per facilitarne il trasporto, proprio come i soldati dell'epoca. Il retro del calcio in legno \u00e8 scanalato come l'originale.<\/p>\n<p>Progettata per gli appassionati di storia, non spara proiettili, garantendo cos\u00ec una manipolazione in tutta sicurezza, ma con tutto il fascino di un vero pezzo da museo.<\/p>\n<h2>MG34: storia e uso<\/h2>\n<p><strong>Sviluppo<\/strong> Adottata nel 1934, la MG34 \u00e8 considerata una delle prime mitragliatrici multiuso o \"universali\". Poteva essere utilizzata sia come mitragliatrice leggera con un bipiede. Poteva anche essere utilizzata come mitragliatrice pesante con un treppiede pi\u00f9 stabile per scopi difensivi.<\/p>\n<p><strong>Versatilit\u00e0 :<\/strong> Arma estremamente flessibile. Utilizzata in una variet\u00e0 di ruoli sul campo di battaglia, sia montata su veicoli e carri armati che impiegata dalla fanteria.<\/p>\n<p><strong>Precisione ed elevata cadenza di fuoco<\/strong> Rispetto alle altre mitragliatrici dell'epoca, aveva una rapida cadenza di fuoco ed era rinomata per la sua precisione. Tuttavia, questa elevata cadenza di fuoco la rendeva anche pi\u00f9 incline a problemi di surriscaldamento.<\/p>\n<p><strong>Sostituito dall'MG42<\/strong> Sebbene l'MG34 fosse considerato un'arma eccezionale, era costoso e difficile da produrre in serie a causa del suo complesso meccanismo. Nel 1942 fu parzialmente sostituita dall'MG42, pi\u00f9 semplice e veloce da produrre. Anche se l'MG34 rimase in servizio fino alla fine della guerra.<\/p>\n<h2>Importanza storica :<\/h2>\n<p>La MG34 ha svolto un ruolo cruciale nelle tattiche della fanteria tedesca durante la Seconda guerra mondiale. In particolare con la strategia della Blitzkrieg, dove la potenza di fuoco e la mobilit\u00e0 erano fondamentali.<\/p>\n<p>Si tratta di un'arma che, oltre alla sua qualit\u00e0 tecnica, \u00e8 molto ricercata come oggetto da collezione dagli appassionati di storia militare e di repliche di armi storiche. Come del resto altre repliche quali:<\/p>\n<p>Le <a href=\"https:\/\/repliquemangacine.fr\/it\/riproduzione-armi-seconda-guerra-mondiale-denix\/fucile-m1-garand\/\">Fucile M1 garand<\/a>l'unico fucile semiautomatico adottato da una grande potenza militare. Oltre al mitico <a href=\"https:\/\/repliquemangacine.fr\/it\/denix\/colt-m1911a1-calcio-smontabile-denix-checkered\/\">Pistola M1911 A1<\/a> dell'esercito americano, che offriamo in diverse versioni. C'\u00e8 anche il famoso <a href=\"https:\/\/repliquemangacine.fr\/it\/denix\/parabellum-luger-p08-calcio-in-legno\/\">Luger P08 parabellum<\/a> e, naturalmente, l'MP40 Sub Machin Gun, una pistola mitragliatrice molto ricercata dalla Resistenza. E molto altro ancora da scoprire nel nostro negozio. Buona visita.<\/p>\n<p>&nbsp;<\/p>","protected":false},"excerpt":{"rendered":"<p>Magnifica replica del Denix MG34 in una nuova versione.<\/p>\n<ul>\n<li style=\"list-style-type: none;\">\n<ul>\n<li>Calcio in legno massiccio con dorso scanalato.<\/li>\n<li>Coperchio di culatta rimovibile.<\/li>\n<li>Mirino aereo<\/li>\n<li>Corpo e parti metalliche in Zamac.<\/li>\n<li>Spara e colpisce come una vera MG34.<\/li>\n<li>Non idoneo a sparare.<\/li>\n<li>Bipiede mobile.<\/li>\n<li>Cinghia<\/li>\n<li>Lunghezza totale: 122 cm - Peso: 7277 gr.<\/li>\n<\/ul>\n<\/li>\n<\/ul>\n<p><strong>Non \u00e8 richiesta alcuna autorizzazione. Vendita e possesso gratuiti<\/strong><\/p>","protected":false},"featured_media":75419,"template":"","meta":[],"product_brand":[896],"product_cat":[102,46,54,28,76],"product_tag":[],"class_list":{"0":"post-75418","1":"product","2":"type-product","3":"status-publish","4":"has-post-thumbnail","6":"product_brand-replique-manga-cine","7":"product_cat-denix","8":"product_cat-fusil-d-assaut-fusil-moderne","9":"product_cat-armes-accessoires-guerre-mondiale","10":"product_cat-repliques-darmes","11":"product_cat-reproductions-armes-seconde-guerre-mondiale-denix","13":"first","14":"instock","15":"taxable","16":"shipping-taxable","17":"purchasable","18":"product-type-simple"},"yoast_head":"<!-- This site is optimized with the Yoast SEO plugin v27.4 - https:\/\/yoast.com\/product\/yoast-seo-wordpress\/ -->\n<title>MG34 (Maschinengewehr 34) - Mitrailleuse allemande WW2 - RMC<\/title>\n<meta name=\"description\" content=\"D\u00e9couvrez la nouvelle version de la MG34 de chez Denix. Tout en zamac. Crosse bois. Viseur a\u00e9rien. Sangle. Capot de culasse amovible. 122 cm\" \/>\n<meta name=\"robots\" content=\"index, follow, max-snippet:-1, max-image-preview:large, max-video-preview:-1\" \/>\n<link rel=\"canonical\" href=\"https:\/\/repliquemangacine.fr\/it\/riproduzione-armi-seconda-guerra-mondiale-denix\/mg34-maschinengewehr-34\/\" \/>\n<meta property=\"og:locale\" content=\"it_IT\" \/>\n<meta property=\"og:type\" content=\"article\" \/>\n<meta property=\"og:title\" content=\"MG34 (Maschinengewehr 34) - Mitrailleuse allemande WW2 - RMC\" \/>\n<meta property=\"og:description\" content=\"D\u00e9couvrez la nouvelle version de la MG34 de chez Denix. Tout en zamac. Crosse bois. Viseur a\u00e9rien. Sangle. Capot de culasse amovible. 122 cm\" \/>\n<meta property=\"og:url\" content=\"https:\/\/repliquemangacine.fr\/it\/riproduzione-armi-seconda-guerra-mondiale-denix\/mg34-maschinengewehr-34\/\" \/>\n<meta property=\"og:site_name\" content=\"R\u00e9plique Manga Cin\u00e9\" \/>\n<meta property=\"article:publisher\" content=\"https:\/\/www.facebook.com\/RepliqueMangaCine\" \/>\n<meta property=\"article:modified_time\" content=\"2026-04-19T15:16:18+00:00\" \/>\n<meta property=\"og:image\" content=\"https:\/\/repliquemangacine.fr\/wp-content\/uploads\/2024\/10\/mg34.jpg\" \/>\n\t<meta property=\"og:image:width\" content=\"500\" \/>\n\t<meta property=\"og:image:height\" content=\"500\" \/>\n\t<meta property=\"og:image:type\" content=\"image\/jpeg\" \/>\n<meta name=\"twitter:card\" content=\"summary_large_image\" \/>\n<meta name=\"twitter:label1\" content=\"Tempo di lettura stimato\" \/>\n\t<meta name=\"twitter:data1\" content=\"3 minuti\" \/>\n<script type=\"application\/ld+json\" class=\"yoast-schema-graph\">{\"@context\":\"https:\\\/\\\/schema.org\",\"@graph\":[{\"@type\":\"WebPage\",\"@id\":\"https:\\\/\\\/repliquemangacine.fr\\\/reproductions-armes-seconde-guerre-mondiale-denix\\\/mg34-maschinengewehr-34\\\/\",\"url\":\"https:\\\/\\\/repliquemangacine.fr\\\/reproductions-armes-seconde-guerre-mondiale-denix\\\/mg34-maschinengewehr-34\\\/\",\"name\":\"MG34 (Maschinengewehr 34) - Mitrailleuse allemande WW2 - RMC\",\"isPartOf\":{\"@id\":\"https:\\\/\\\/repliquemangacine.fr\\\/#website\"},\"primaryImageOfPage\":{\"@id\":\"https:\\\/\\\/repliquemangacine.fr\\\/reproductions-armes-seconde-guerre-mondiale-denix\\\/mg34-maschinengewehr-34\\\/#primaryimage\"},\"image\":{\"@id\":\"https:\\\/\\\/repliquemangacine.fr\\\/reproductions-armes-seconde-guerre-mondiale-denix\\\/mg34-maschinengewehr-34\\\/#primaryimage\"},\"thumbnailUrl\":\"https:\\\/\\\/repliquemangacine.fr\\\/wp-content\\\/uploads\\\/2024\\\/10\\\/mg34.jpg\",\"datePublished\":\"2024-10-18T17:22:08+00:00\",\"dateModified\":\"2026-04-19T15:16:18+00:00\",\"description\":\"D\u00e9couvrez la nouvelle version de la MG34 de chez Denix. Tout en zamac. Crosse bois. Viseur a\u00e9rien. Sangle. Capot de culasse amovible. 122 cm\",\"breadcrumb\":{\"@id\":\"https:\\\/\\\/repliquemangacine.fr\\\/reproductions-armes-seconde-guerre-mondiale-denix\\\/mg34-maschinengewehr-34\\\/#breadcrumb\"},\"inLanguage\":\"it-IT\",\"potentialAction\":[{\"@type\":\"ReadAction\",\"target\":[\"https:\\\/\\\/repliquemangacine.fr\\\/reproductions-armes-seconde-guerre-mondiale-denix\\\/mg34-maschinengewehr-34\\\/\"]}]},{\"@type\":\"ImageObject\",\"inLanguage\":\"it-IT\",\"@id\":\"https:\\\/\\\/repliquemangacine.fr\\\/reproductions-armes-seconde-guerre-mondiale-denix\\\/mg34-maschinengewehr-34\\\/#primaryimage\",\"url\":\"https:\\\/\\\/repliquemangacine.fr\\\/wp-content\\\/uploads\\\/2024\\\/10\\\/mg34.jpg\",\"contentUrl\":\"https:\\\/\\\/repliquemangacine.fr\\\/wp-content\\\/uploads\\\/2024\\\/10\\\/mg34.jpg\",\"width\":500,\"height\":500,\"caption\":\"MG34 (Maschinengewehr 34) Denix\"},{\"@type\":\"BreadcrumbList\",\"@id\":\"https:\\\/\\\/repliquemangacine.fr\\\/reproductions-armes-seconde-guerre-mondiale-denix\\\/mg34-maschinengewehr-34\\\/#breadcrumb\",\"itemListElement\":[{\"@type\":\"ListItem\",\"position\":1,\"name\":\"Accueil\",\"item\":\"https:\\\/\\\/repliquemangacine.fr\\\/\"},{\"@type\":\"ListItem\",\"position\":2,\"name\":\"Produits\",\"item\":\"https:\\\/\\\/repliquemangacine.fr\\\/boutique\\\/\"},{\"@type\":\"ListItem\",\"position\":3,\"name\":\"MG34 (Maschinengewehr 34)\"}]},{\"@type\":\"WebSite\",\"@id\":\"https:\\\/\\\/repliquemangacine.fr\\\/#website\",\"url\":\"https:\\\/\\\/repliquemangacine.fr\\\/\",\"name\":\"R\u00e9plique Manga Cin\u00e9\",\"description\":\"\",\"publisher\":{\"@id\":\"https:\\\/\\\/repliquemangacine.fr\\\/#organization\"},\"potentialAction\":[{\"@type\":\"SearchAction\",\"target\":{\"@type\":\"EntryPoint\",\"urlTemplate\":\"https:\\\/\\\/repliquemangacine.fr\\\/?s={search_term_string}\"},\"query-input\":{\"@type\":\"PropertyValueSpecification\",\"valueRequired\":true,\"valueName\":\"search_term_string\"}}],\"inLanguage\":\"it-IT\"},{\"@type\":\"Organization\",\"@id\":\"https:\\\/\\\/repliquemangacine.fr\\\/#organization\",\"name\":\"R\u00e9plique Manga Cin\u00e9\",\"url\":\"https:\\\/\\\/repliquemangacine.fr\\\/\",\"logo\":{\"@type\":\"ImageObject\",\"inLanguage\":\"it-IT\",\"@id\":\"https:\\\/\\\/repliquemangacine.fr\\\/#\\\/schema\\\/logo\\\/image\\\/\",\"url\":\"https:\\\/\\\/repliquemangacine.fr\\\/wp-content\\\/uploads\\\/2023\\\/10\\\/RMC-500250.png\",\"contentUrl\":\"https:\\\/\\\/repliquemangacine.fr\\\/wp-content\\\/uploads\\\/2023\\\/10\\\/RMC-500250.png\",\"width\":500,\"height\":250,\"caption\":\"R\u00e9plique Manga Cin\u00e9\"},\"image\":{\"@id\":\"https:\\\/\\\/repliquemangacine.fr\\\/#\\\/schema\\\/logo\\\/image\\\/\"},\"sameAs\":[\"https:\\\/\\\/www.facebook.com\\\/RepliqueMangaCine\",\"https:\\\/\\\/www.instagram.com\\\/repliquemangacine.fr\\\/\"]}]}<\/script>\n<!-- \/ Yoast SEO plugin. -->","yoast_head_json":{"title":"MG34 (Maschinengewehr 34) - Mitragliatrice tedesca WW2 - RMC","description":"Scoprite la nuova versione dell'MG34 di Denix. Tutto in zamac. Calcio in legno. Mirino. Cinghia. Coperchio di culatta rimovibile. Lunghezza 122 cm","robots":{"index":"index","follow":"follow","max-snippet":"max-snippet:-1","max-image-preview":"max-image-preview:large","max-video-preview":"max-video-preview:-1"},"canonical":"https:\/\/repliquemangacine.fr\/it\/riproduzione-armi-seconda-guerra-mondiale-denix\/mg34-maschinengewehr-34\/","og_locale":"it_IT","og_type":"article","og_title":"MG34 (Maschinengewehr 34) - Mitrailleuse allemande WW2 - RMC","og_description":"D\u00e9couvrez la nouvelle version de la MG34 de chez Denix. Tout en zamac. Crosse bois. Viseur a\u00e9rien. Sangle. Capot de culasse amovible. 122 cm","og_url":"https:\/\/repliquemangacine.fr\/it\/riproduzione-armi-seconda-guerra-mondiale-denix\/mg34-maschinengewehr-34\/","og_site_name":"R\u00e9plique Manga Cin\u00e9","article_publisher":"https:\/\/www.facebook.com\/RepliqueMangaCine","article_modified_time":"2026-04-19T15:16:18+00:00","og_image":[{"width":500,"height":500,"url":"https:\/\/repliquemangacine.fr\/wp-content\/uploads\/2024\/10\/mg34.jpg","type":"image\/jpeg"}],"twitter_card":"summary_large_image","twitter_misc":{"Tempo di lettura stimato":"3 minuti"},"schema":{"@context":"https:\/\/schema.org","@graph":[{"@type":"WebPage","@id":"https:\/\/repliquemangacine.fr\/reproductions-armes-seconde-guerre-mondiale-denix\/mg34-maschinengewehr-34\/","url":"https:\/\/repliquemangacine.fr\/reproductions-armes-seconde-guerre-mondiale-denix\/mg34-maschinengewehr-34\/","name":"MG34 (Maschinengewehr 34) - Mitragliatrice tedesca WW2 - RMC","isPartOf":{"@id":"https:\/\/repliquemangacine.fr\/#website"},"primaryImageOfPage":{"@id":"https:\/\/repliquemangacine.fr\/reproductions-armes-seconde-guerre-mondiale-denix\/mg34-maschinengewehr-34\/#primaryimage"},"image":{"@id":"https:\/\/repliquemangacine.fr\/reproductions-armes-seconde-guerre-mondiale-denix\/mg34-maschinengewehr-34\/#primaryimage"},"thumbnailUrl":"https:\/\/repliquemangacine.fr\/wp-content\/uploads\/2024\/10\/mg34.jpg","datePublished":"2024-10-18T17:22:08+00:00","dateModified":"2026-04-19T15:16:18+00:00","description":"Scoprite la nuova versione dell'MG34 di Denix. Tutto in zamac. Calcio in legno. Mirino. Cinghia. Coperchio di culatta rimovibile. Lunghezza 122 cm","breadcrumb":{"@id":"https:\/\/repliquemangacine.fr\/reproductions-armes-seconde-guerre-mondiale-denix\/mg34-maschinengewehr-34\/#breadcrumb"},"inLanguage":"it-IT","potentialAction":[{"@type":"ReadAction","target":["https:\/\/repliquemangacine.fr\/reproductions-armes-seconde-guerre-mondiale-denix\/mg34-maschinengewehr-34\/"]}]},{"@type":"ImageObject","inLanguage":"it-IT","@id":"https:\/\/repliquemangacine.fr\/reproductions-armes-seconde-guerre-mondiale-denix\/mg34-maschinengewehr-34\/#primaryimage","url":"https:\/\/repliquemangacine.fr\/wp-content\/uploads\/2024\/10\/mg34.jpg","contentUrl":"https:\/\/repliquemangacine.fr\/wp-content\/uploads\/2024\/10\/mg34.jpg","width":500,"height":500,"caption":"MG34 (Maschinengewehr 34) Denix"},{"@type":"BreadcrumbList","@id":"https:\/\/repliquemangacine.fr\/reproductions-armes-seconde-guerre-mondiale-denix\/mg34-maschinengewehr-34\/#breadcrumb","itemListElement":[{"@type":"ListItem","position":1,"name":"Accueil","item":"https:\/\/repliquemangacine.fr\/"},{"@type":"ListItem","position":2,"name":"Produits","item":"https:\/\/repliquemangacine.fr\/boutique\/"},{"@type":"ListItem","position":3,"name":"MG34 (Maschinengewehr 34)"}]},{"@type":"WebSite","@id":"https:\/\/repliquemangacine.fr\/#website","url":"https:\/\/repliquemangacine.fr\/","name":"R\u00e9plique Manga Cin\u00e9","description":"","publisher":{"@id":"https:\/\/repliquemangacine.fr\/#organization"},"potentialAction":[{"@type":"SearchAction","target":{"@type":"EntryPoint","urlTemplate":"https:\/\/repliquemangacine.fr\/?s={search_term_string}"},"query-input":{"@type":"PropertyValueSpecification","valueRequired":true,"valueName":"search_term_string"}}],"inLanguage":"it-IT"},{"@type":"Organization","@id":"https:\/\/repliquemangacine.fr\/#organization","name":"R\u00e9plique Manga Cin\u00e9","url":"https:\/\/repliquemangacine.fr\/","logo":{"@type":"ImageObject","inLanguage":"it-IT","@id":"https:\/\/repliquemangacine.fr\/#\/schema\/logo\/image\/","url":"https:\/\/repliquemangacine.fr\/wp-content\/uploads\/2023\/10\/RMC-500250.png","contentUrl":"https:\/\/repliquemangacine.fr\/wp-content\/uploads\/2023\/10\/RMC-500250.png","width":500,"height":250,"caption":"R\u00e9plique Manga Cin\u00e9"},"image":{"@id":"https:\/\/repliquemangacine.fr\/#\/schema\/logo\/image\/"},"sameAs":["https:\/\/www.facebook.com\/RepliqueMangaCine","https:\/\/www.instagram.com\/repliquemangacine.fr\/"]}]}},"_links":{"self":[{"href":"https:\/\/repliquemangacine.fr\/it\/wp-json\/wp\/v2\/product\/75418","targetHints":{"allow":["GET"]}}],"collection":[{"href":"https:\/\/repliquemangacine.fr\/it\/wp-json\/wp\/v2\/product"}],"about":[{"href":"https:\/\/repliquemangacine.fr\/it\/wp-json\/wp\/v2\/types\/product"}],"wp:featuredmedia":[{"embeddable":true,"href":"https:\/\/repliquemangacine.fr\/it\/wp-json\/wp\/v2\/media\/75419"}],"wp:attachment":[{"href":"https:\/\/repliquemangacine.fr\/it\/wp-json\/wp\/v2\/media?parent=75418"}],"wp:term":[{"taxonomy":"product_brand","embeddable":true,"href":"https:\/\/repliquemangacine.fr\/it\/wp-json\/wp\/v2\/product_brand?post=75418"},{"taxonomy":"product_cat","embeddable":true,"href":"https:\/\/repliquemangacine.fr\/it\/wp-json\/wp\/v2\/product_cat?post=75418"},{"taxonomy":"product_tag","embeddable":true,"href":"https:\/\/repliquemangacine.fr\/it\/wp-json\/wp\/v2\/product_tag?post=75418"}],"curies":[{"name":"wp","href":"https:\/\/api.w.org\/{rel}","templated":true}]}}