





{"id":75391,"date":"2024-10-17T17:59:36","date_gmt":"2024-10-17T15:59:36","guid":{"rendered":"https:\/\/repliquemangacine.fr\/?post_type=product&#038;p=75391"},"modified":"2026-01-08T15:14:02","modified_gmt":"2026-01-08T14:14:02","slug":"spada-rossa-regina-diavolo-il-mio-grido","status":"publish","type":"product","link":"https:\/\/repliquemangacine.fr\/it\/katana-et-epee-de-jeux-video-autre-jeux-video\/epee-red-queen-devil-my-cry\/","title":{"rendered":"Spada della Regina Rossa - Devil my Cry"},"content":{"rendered":"<h2>Spada Red Queen di Nero - Un design di Devil May Cry<\/h2>\n<p>Per prima cosa, scoprite la spada Red Queen di Nero, tratta dal famoso videogioco Devil May Cry. Riprodotta con cura, cattura tutti i dettagli distintivi che l'hanno resa un'arma cult.<br \/>\nLa Red Queen, una spada massiccia in stile broadsword, con un design industriale che ricorda una spada da cavaliere, ma con dettagli meccanici. Unica grazie all'acceleratore sul pomolo, che le conferisce un aspetto da moto.<br \/>\nQuesta impugnatura \u00e8 essenziale per una delle caratteristiche chiave dell'arma. Ci\u00f2 che rende la Red Queen cos\u00ec speciale \u00e8 il suo sistema di \u201cmotore\u201d integrato. <a href=\"https:\/\/devilmaycrydmc.fandom.com\/fr\/wiki\/Nero\" target=\"_blank\" rel=\"noopener noreferrer\">Nero<\/a> pu\u00f2 usare l'elsa per \"ricaricare\" la spada, attivando un'abilit\u00e0 chiamata Exceed. Attivando l'acceleratore, egli infonde la spada di energia, infiammando la lama e aumentando drasticamente i danni inflitti dai suoi attacchi. Con un tempismo preciso, Nero pu\u00f2 \"ricaricare\" la spada per ottenere attacchi ancora pi\u00f9 potenti.<\/p>\n<h2>La spada della Regina Rossa: stile di combattimento e simbolismo<\/h2>\n<p>Va detto che la Red Queen si adatta perfettamente allo stile aggressivo e veloce di Nero. Gli permette di lanciarsi nella mischia, combinando gli attacchi con il suo braccio demoniaco, il Devil Bringer. Questo stile di combattimento ibrido, che unisce colpi di spada e manipolazioni a distanza con il Devil Bringer, lo rende un'arma estremamente versatile ed elegante.<\/p>\n<p>In termini di tradizione, la Red Queen \u00e8 pi\u00f9 di una semplice arma. \u00c8 parte integrante dell'identit\u00e0 di Nero, riflette il suo legame con la tradizione dei cacciatori di demoni e la sua lotta contro le sue origini misteriose, in particolare il suo legame familiare con Dante e Vergil. Incarna la sua determinazione e la sua combattivit\u00e0.<\/p>\n<p>In conclusione, il suo aspetto impressionante e le sue meccaniche di gioco uniche la rendono l'arma preferita dai fan. L'accelerazione della spada per infliggere colpi spettacolari aggiunge una dimensione strategica e stilistica, che \u00e8 al centro dell'esperienza di Devil May Cry.<\/p>\n<h2>Completa la tua collezione con la katana Yamato di Vergil e la spada Rebellion di Dante.<\/h2>\n<p>Oltre alla spada Red Queen di Nero, arricchite la vostra collezione con altre armi leggendarie in Devil May Cry.<\/p>\n<p>In primo luogo, il <a href=\"https:\/\/repliquemangacine.fr\/it\/katana-e-spada-videogiochi-altri-videogiochi\/katana-yamoto-vergil-dmc-devil-my-cry\/\">Katana Yamato<\/a> con la sua lunga ed elegante lama, simbolo dello stile preciso e implacabile di Vergil. Con le sue finiture impeccabili e il design ispirato alle tradizionali katane giapponesi, questa replica \u00e8 perfetta per gli appassionati di combattimenti con la katana. In effetti, troverete l'ultima versione del <a href=\"https:\/\/repliquemangacine.fr\/it\/katana-e-spada-videogiochi-altri-videogiochi\/katana-vergil-yamato-v2\/\">Katana Vergil V2<\/a> in Devil May Cry 5.<\/p>\n<p>Per quanto riguarda l\u2019<a href=\"https:\/\/repliquemangacine.fr\/it\/katana-e-spada-videogiochi-altri-videogiochi\/spada-ribelle-spada-di-dante-devil-may-cry\/\">Spada della ribellione<\/a>Con la sua lama massiccia e i motivi gotici, riflette la cruda potenza di Dante. Queste repliche sono realizzate con la stessa attenzione ai dettagli, garantendo una resa fedele e una qualit\u00e0 eccezionale. Combinando queste armi iconiche, potrete ricreare l'intenso mondo di Devil May Cry nella vostra collezione. Regalatevi questi pezzi imperdibili e immergetevi nell'azione come i vostri eroi preferiti!<\/p>","protected":false},"excerpt":{"rendered":"<p>Questa replica della spada Red Queen di Nero in Devil My Cry \u00e8 assolutamente notevole.<\/p>\n<ul>\n<li>Lama in acciaio, appositamente sagomata e decorata.<\/li>\n<li>Manico in legno rivestito di filo di cotone rosso<\/li>\n<li>Protezione in ABS stampata con impugnatura dell'acceleratore identica al set<\/li>\n<li>Fornito con supporto in legno<\/li>\n<li>Lunghezza lama: 95,5 cm - Lunghezza totale: 127 cm<\/li>\n<\/ul>","protected":false},"featured_media":75394,"template":"","meta":[],"product_brand":[],"product_cat":[880,67],"product_tag":[],"class_list":{"0":"post-75391","1":"product","2":"type-product","3":"status-publish","4":"has-post-thumbnail","6":"product_cat-devil-may-cry","7":"product_cat-katana-et-epee-de-jeux-video-autre-jeux-video","9":"first","10":"instock","11":"taxable","12":"shipping-taxable","13":"purchasable","14":"product-type-simple"},"yoast_head":"<!-- This site is optimized with the Yoast SEO plugin v27.4 - https:\/\/yoast.com\/product\/yoast-seo-wordpress\/ -->\n<title>Ep\u00e9e Red Queen - Devil my Cry - Ep\u00e9e de Nero dans Devil My Cry | R\u00e9plique Manga Cin\u00e9<\/title>\n<meta name=\"description\" content=\"R\u00e9plique fid\u00e8le de l&#039;Ep\u00e9e Red Queen de Nero (Devil May Cry), avec poign\u00e9e d&#039;acc\u00e9l\u00e9rateur. Une pi\u00e8ce incontournable pour les fans et collectionneurs.\" \/>\n<meta name=\"robots\" content=\"index, follow, max-snippet:-1, max-image-preview:large, max-video-preview:-1\" \/>\n<link rel=\"canonical\" href=\"https:\/\/repliquemangacine.fr\/it\/katana-e-spada-videogiochi-altri-videogiochi\/spada-rossa-regina-diavolo-il-mio-grido\/\" \/>\n<meta property=\"og:locale\" content=\"it_IT\" \/>\n<meta property=\"og:type\" content=\"article\" \/>\n<meta property=\"og:title\" content=\"Ep\u00e9e Red Queen - Devil my Cry - Ep\u00e9e de Nero dans Devil My Cry | R\u00e9plique Manga Cin\u00e9\" \/>\n<meta property=\"og:description\" content=\"R\u00e9plique fid\u00e8le de l&#039;Ep\u00e9e Red Queen de Nero (Devil May Cry), avec poign\u00e9e d&#039;acc\u00e9l\u00e9rateur. Une pi\u00e8ce incontournable pour les fans et collectionneurs.\" \/>\n<meta property=\"og:url\" content=\"https:\/\/repliquemangacine.fr\/it\/katana-e-spada-videogiochi-altri-videogiochi\/spada-rossa-regina-diavolo-il-mio-grido\/\" \/>\n<meta property=\"og:site_name\" content=\"R\u00e9plique Manga Cin\u00e9\" \/>\n<meta property=\"article:publisher\" content=\"https:\/\/www.facebook.com\/RepliqueMangaCine\" \/>\n<meta property=\"article:modified_time\" content=\"2026-01-08T14:14:02+00:00\" \/>\n<meta property=\"og:image\" content=\"https:\/\/repliquemangacine.fr\/wp-content\/uploads\/2024\/10\/epee-red-queen-sur-support.jpg\" \/>\n\t<meta property=\"og:image:width\" content=\"500\" \/>\n\t<meta property=\"og:image:height\" content=\"500\" \/>\n\t<meta property=\"og:image:type\" content=\"image\/jpeg\" \/>\n<meta name=\"twitter:card\" content=\"summary_large_image\" \/>\n<meta name=\"twitter:label1\" content=\"Tempo di lettura stimato\" \/>\n\t<meta name=\"twitter:data1\" content=\"3 minuti\" \/>\n<script type=\"application\/ld+json\" class=\"yoast-schema-graph\">{\"@context\":\"https:\\\/\\\/schema.org\",\"@graph\":[{\"@type\":\"WebPage\",\"@id\":\"https:\\\/\\\/repliquemangacine.fr\\\/katana-et-epee-de-jeux-video-autre-jeux-video\\\/epee-red-queen-devil-my-cry\\\/\",\"url\":\"https:\\\/\\\/repliquemangacine.fr\\\/katana-et-epee-de-jeux-video-autre-jeux-video\\\/epee-red-queen-devil-my-cry\\\/\",\"name\":\"Ep\u00e9e Red Queen - Devil my Cry - Ep\u00e9e de Nero dans Devil My Cry | R\u00e9plique Manga Cin\u00e9\",\"isPartOf\":{\"@id\":\"https:\\\/\\\/repliquemangacine.fr\\\/#website\"},\"primaryImageOfPage\":{\"@id\":\"https:\\\/\\\/repliquemangacine.fr\\\/katana-et-epee-de-jeux-video-autre-jeux-video\\\/epee-red-queen-devil-my-cry\\\/#primaryimage\"},\"image\":{\"@id\":\"https:\\\/\\\/repliquemangacine.fr\\\/katana-et-epee-de-jeux-video-autre-jeux-video\\\/epee-red-queen-devil-my-cry\\\/#primaryimage\"},\"thumbnailUrl\":\"https:\\\/\\\/repliquemangacine.fr\\\/wp-content\\\/uploads\\\/2024\\\/10\\\/epee-red-queen-sur-support.jpg\",\"datePublished\":\"2024-10-17T15:59:36+00:00\",\"dateModified\":\"2026-01-08T14:14:02+00:00\",\"description\":\"R\u00e9plique fid\u00e8le de l'Ep\u00e9e Red Queen de Nero (Devil May Cry), avec poign\u00e9e d'acc\u00e9l\u00e9rateur. Une pi\u00e8ce incontournable pour les fans et collectionneurs.\",\"breadcrumb\":{\"@id\":\"https:\\\/\\\/repliquemangacine.fr\\\/katana-et-epee-de-jeux-video-autre-jeux-video\\\/epee-red-queen-devil-my-cry\\\/#breadcrumb\"},\"inLanguage\":\"it-IT\",\"potentialAction\":[{\"@type\":\"ReadAction\",\"target\":[\"https:\\\/\\\/repliquemangacine.fr\\\/katana-et-epee-de-jeux-video-autre-jeux-video\\\/epee-red-queen-devil-my-cry\\\/\"]}]},{\"@type\":\"ImageObject\",\"inLanguage\":\"it-IT\",\"@id\":\"https:\\\/\\\/repliquemangacine.fr\\\/katana-et-epee-de-jeux-video-autre-jeux-video\\\/epee-red-queen-devil-my-cry\\\/#primaryimage\",\"url\":\"https:\\\/\\\/repliquemangacine.fr\\\/wp-content\\\/uploads\\\/2024\\\/10\\\/epee-red-queen-sur-support.jpg\",\"contentUrl\":\"https:\\\/\\\/repliquemangacine.fr\\\/wp-content\\\/uploads\\\/2024\\\/10\\\/epee-red-queen-sur-support.jpg\",\"width\":500,\"height\":500,\"caption\":\"Ep\u00e9e Red Queen Devil My Cry\"},{\"@type\":\"BreadcrumbList\",\"@id\":\"https:\\\/\\\/repliquemangacine.fr\\\/katana-et-epee-de-jeux-video-autre-jeux-video\\\/epee-red-queen-devil-my-cry\\\/#breadcrumb\",\"itemListElement\":[{\"@type\":\"ListItem\",\"position\":1,\"name\":\"Accueil\",\"item\":\"https:\\\/\\\/repliquemangacine.fr\\\/\"},{\"@type\":\"ListItem\",\"position\":2,\"name\":\"Produits\",\"item\":\"https:\\\/\\\/repliquemangacine.fr\\\/boutique\\\/\"},{\"@type\":\"ListItem\",\"position\":3,\"name\":\"Ep\u00e9e Red Queen &#8211; Devil my Cry\"}]},{\"@type\":\"WebSite\",\"@id\":\"https:\\\/\\\/repliquemangacine.fr\\\/#website\",\"url\":\"https:\\\/\\\/repliquemangacine.fr\\\/\",\"name\":\"R\u00e9plique Manga Cin\u00e9\",\"description\":\"\",\"publisher\":{\"@id\":\"https:\\\/\\\/repliquemangacine.fr\\\/#organization\"},\"potentialAction\":[{\"@type\":\"SearchAction\",\"target\":{\"@type\":\"EntryPoint\",\"urlTemplate\":\"https:\\\/\\\/repliquemangacine.fr\\\/?s={search_term_string}\"},\"query-input\":{\"@type\":\"PropertyValueSpecification\",\"valueRequired\":true,\"valueName\":\"search_term_string\"}}],\"inLanguage\":\"it-IT\"},{\"@type\":\"Organization\",\"@id\":\"https:\\\/\\\/repliquemangacine.fr\\\/#organization\",\"name\":\"R\u00e9plique Manga Cin\u00e9\",\"url\":\"https:\\\/\\\/repliquemangacine.fr\\\/\",\"logo\":{\"@type\":\"ImageObject\",\"inLanguage\":\"it-IT\",\"@id\":\"https:\\\/\\\/repliquemangacine.fr\\\/#\\\/schema\\\/logo\\\/image\\\/\",\"url\":\"https:\\\/\\\/repliquemangacine.fr\\\/wp-content\\\/uploads\\\/2023\\\/10\\\/RMC-500250.png\",\"contentUrl\":\"https:\\\/\\\/repliquemangacine.fr\\\/wp-content\\\/uploads\\\/2023\\\/10\\\/RMC-500250.png\",\"width\":500,\"height\":250,\"caption\":\"R\u00e9plique Manga Cin\u00e9\"},\"image\":{\"@id\":\"https:\\\/\\\/repliquemangacine.fr\\\/#\\\/schema\\\/logo\\\/image\\\/\"},\"sameAs\":[\"https:\\\/\\\/www.facebook.com\\\/RepliqueMangaCine\",\"https:\\\/\\\/www.instagram.com\\\/repliquemangacine.fr\\\/\"]}]}<\/script>\n<!-- \/ Yoast SEO plugin. -->","yoast_head_json":{"title":"Spada della Regina Rossa - Devil My Cry - Spada di Nero in Devil My Cry | R\u00e9plique Manga Cin\u00e9","description":"Replica fedele della spada Red Queen di Nero (Devil May Cry), con impugnatura a farfalla. Un must per i fan e i collezionisti.","robots":{"index":"index","follow":"follow","max-snippet":"max-snippet:-1","max-image-preview":"max-image-preview:large","max-video-preview":"max-video-preview:-1"},"canonical":"https:\/\/repliquemangacine.fr\/it\/katana-e-spada-videogiochi-altri-videogiochi\/spada-rossa-regina-diavolo-il-mio-grido\/","og_locale":"it_IT","og_type":"article","og_title":"Ep\u00e9e Red Queen - Devil my Cry - Ep\u00e9e de Nero dans Devil My Cry | R\u00e9plique Manga Cin\u00e9","og_description":"R\u00e9plique fid\u00e8le de l'Ep\u00e9e Red Queen de Nero (Devil May Cry), avec poign\u00e9e d'acc\u00e9l\u00e9rateur. Une pi\u00e8ce incontournable pour les fans et collectionneurs.","og_url":"https:\/\/repliquemangacine.fr\/it\/katana-e-spada-videogiochi-altri-videogiochi\/spada-rossa-regina-diavolo-il-mio-grido\/","og_site_name":"R\u00e9plique Manga Cin\u00e9","article_publisher":"https:\/\/www.facebook.com\/RepliqueMangaCine","article_modified_time":"2026-01-08T14:14:02+00:00","og_image":[{"width":500,"height":500,"url":"https:\/\/repliquemangacine.fr\/wp-content\/uploads\/2024\/10\/epee-red-queen-sur-support.jpg","type":"image\/jpeg"}],"twitter_card":"summary_large_image","twitter_misc":{"Tempo di lettura stimato":"3 minuti"},"schema":{"@context":"https:\/\/schema.org","@graph":[{"@type":"WebPage","@id":"https:\/\/repliquemangacine.fr\/katana-et-epee-de-jeux-video-autre-jeux-video\/epee-red-queen-devil-my-cry\/","url":"https:\/\/repliquemangacine.fr\/katana-et-epee-de-jeux-video-autre-jeux-video\/epee-red-queen-devil-my-cry\/","name":"Spada della Regina Rossa - Devil My Cry - Spada di Nero in Devil My Cry | R\u00e9plique Manga Cin\u00e9","isPartOf":{"@id":"https:\/\/repliquemangacine.fr\/#website"},"primaryImageOfPage":{"@id":"https:\/\/repliquemangacine.fr\/katana-et-epee-de-jeux-video-autre-jeux-video\/epee-red-queen-devil-my-cry\/#primaryimage"},"image":{"@id":"https:\/\/repliquemangacine.fr\/katana-et-epee-de-jeux-video-autre-jeux-video\/epee-red-queen-devil-my-cry\/#primaryimage"},"thumbnailUrl":"https:\/\/repliquemangacine.fr\/wp-content\/uploads\/2024\/10\/epee-red-queen-sur-support.jpg","datePublished":"2024-10-17T15:59:36+00:00","dateModified":"2026-01-08T14:14:02+00:00","description":"Replica fedele della spada Red Queen di Nero (Devil May Cry), con impugnatura a farfalla. Un must per i fan e i collezionisti.","breadcrumb":{"@id":"https:\/\/repliquemangacine.fr\/katana-et-epee-de-jeux-video-autre-jeux-video\/epee-red-queen-devil-my-cry\/#breadcrumb"},"inLanguage":"it-IT","potentialAction":[{"@type":"ReadAction","target":["https:\/\/repliquemangacine.fr\/katana-et-epee-de-jeux-video-autre-jeux-video\/epee-red-queen-devil-my-cry\/"]}]},{"@type":"ImageObject","inLanguage":"it-IT","@id":"https:\/\/repliquemangacine.fr\/katana-et-epee-de-jeux-video-autre-jeux-video\/epee-red-queen-devil-my-cry\/#primaryimage","url":"https:\/\/repliquemangacine.fr\/wp-content\/uploads\/2024\/10\/epee-red-queen-sur-support.jpg","contentUrl":"https:\/\/repliquemangacine.fr\/wp-content\/uploads\/2024\/10\/epee-red-queen-sur-support.jpg","width":500,"height":500,"caption":"Ep\u00e9e Red Queen Devil My Cry"},{"@type":"BreadcrumbList","@id":"https:\/\/repliquemangacine.fr\/katana-et-epee-de-jeux-video-autre-jeux-video\/epee-red-queen-devil-my-cry\/#breadcrumb","itemListElement":[{"@type":"ListItem","position":1,"name":"Accueil","item":"https:\/\/repliquemangacine.fr\/"},{"@type":"ListItem","position":2,"name":"Produits","item":"https:\/\/repliquemangacine.fr\/boutique\/"},{"@type":"ListItem","position":3,"name":"Ep\u00e9e Red Queen &#8211; Devil my Cry"}]},{"@type":"WebSite","@id":"https:\/\/repliquemangacine.fr\/#website","url":"https:\/\/repliquemangacine.fr\/","name":"R\u00e9plique Manga Cin\u00e9","description":"","publisher":{"@id":"https:\/\/repliquemangacine.fr\/#organization"},"potentialAction":[{"@type":"SearchAction","target":{"@type":"EntryPoint","urlTemplate":"https:\/\/repliquemangacine.fr\/?s={search_term_string}"},"query-input":{"@type":"PropertyValueSpecification","valueRequired":true,"valueName":"search_term_string"}}],"inLanguage":"it-IT"},{"@type":"Organization","@id":"https:\/\/repliquemangacine.fr\/#organization","name":"R\u00e9plique Manga Cin\u00e9","url":"https:\/\/repliquemangacine.fr\/","logo":{"@type":"ImageObject","inLanguage":"it-IT","@id":"https:\/\/repliquemangacine.fr\/#\/schema\/logo\/image\/","url":"https:\/\/repliquemangacine.fr\/wp-content\/uploads\/2023\/10\/RMC-500250.png","contentUrl":"https:\/\/repliquemangacine.fr\/wp-content\/uploads\/2023\/10\/RMC-500250.png","width":500,"height":250,"caption":"R\u00e9plique Manga Cin\u00e9"},"image":{"@id":"https:\/\/repliquemangacine.fr\/#\/schema\/logo\/image\/"},"sameAs":["https:\/\/www.facebook.com\/RepliqueMangaCine","https:\/\/www.instagram.com\/repliquemangacine.fr\/"]}]}},"_links":{"self":[{"href":"https:\/\/repliquemangacine.fr\/it\/wp-json\/wp\/v2\/product\/75391","targetHints":{"allow":["GET"]}}],"collection":[{"href":"https:\/\/repliquemangacine.fr\/it\/wp-json\/wp\/v2\/product"}],"about":[{"href":"https:\/\/repliquemangacine.fr\/it\/wp-json\/wp\/v2\/types\/product"}],"wp:featuredmedia":[{"embeddable":true,"href":"https:\/\/repliquemangacine.fr\/it\/wp-json\/wp\/v2\/media\/75394"}],"wp:attachment":[{"href":"https:\/\/repliquemangacine.fr\/it\/wp-json\/wp\/v2\/media?parent=75391"}],"wp:term":[{"taxonomy":"product_brand","embeddable":true,"href":"https:\/\/repliquemangacine.fr\/it\/wp-json\/wp\/v2\/product_brand?post=75391"},{"taxonomy":"product_cat","embeddable":true,"href":"https:\/\/repliquemangacine.fr\/it\/wp-json\/wp\/v2\/product_cat?post=75391"},{"taxonomy":"product_tag","embeddable":true,"href":"https:\/\/repliquemangacine.fr\/it\/wp-json\/wp\/v2\/product_tag?post=75391"}],"curies":[{"name":"wp","href":"https:\/\/api.w.org\/{rel}","templated":true}]}}