





{"id":75178,"date":"2024-10-09T17:26:10","date_gmt":"2024-10-09T15:26:10","guid":{"rendered":"https:\/\/repliquemangacine.fr\/?post_type=product&#038;p=75178"},"modified":"2025-12-22T09:49:18","modified_gmt":"2025-12-22T08:49:18","slug":"katana-leggera-tanjiro","status":"publish","type":"product","link":"https:\/\/repliquemangacine.fr\/it\/katana-lumineux-demon-slayer\/katana-lumineux-tanjiro\/","title":{"rendered":"Katana luminosa Tanjiro"},"content":{"rendered":"<h2>La Katana luminosa di Tanjiro Kamado in Demon Slayer<\/h2>\n<p>Per cominciare, scoprite una novit\u00e0 spettacolare: la katana luminosa di Tanjiro Kamado, l'eroe emblematico di Demon Slayer! Questa katana unica non \u00e8 solo una replica fedele dell'arma del personaggio. Si illumina grazie ai LED incorporati. Alimentati a batteria (non inclusa), i LED sono attivati da un semplice pulsante di accensione e spegnimento, abilmente nascosto per non compromettere il design autentico della katana. Questa innovazione tecnologica ricrea la potente aura luminosa di Tanjiro, rendendo l'arma ancora pi\u00f9 coinvolgente. Una tale qualit\u00e0 e attenzione ai dettagli in una replica luminosa \u00e8 una novit\u00e0 assoluta nel mondo delle katane. Garantisce ai collezionisti e agli appassionati un'esperienza visiva unica. Aggiungete questo pezzo eccezionale alla vostra collezione e lasciatevi trasportare dalla magia di Demon Slayer, con una katana che brilla con la stessa intensit\u00e0 dello spirito combattivo di Tanjiro!<\/p>\n<h2>Esplora le altre katane leggere di Demon Slayer<\/h2>\n<p>Oltre alla katana di Tanjiro, sono disponibili per gli appassionati altre katane luminose ispirate a Demon Slayer.<\/p>\n<ul>\n<li>Scoprire il <a href=\"https:\/\/repliquemangacine.fr\/it\/katana-uccisore-di-demoni\/katana-leggera-zenitsu\/\">Katana luminosa Zenitsu<\/a> Agatsuma, i cui LED ricreano perfettamente il lampo del suo Soffio di Fulmine. Questa katana riflette tutta l'energia esplosiva di Zenitsu in battaglia.<\/li>\n<li>Per i fan di <a href=\"https:\/\/repliquemangacine.fr\/it\/katana-leggera-uccisore-di-demoni\/mitsuri-luminous-katana-demon-slayer-figurine-gratis\/\">Mitsuri e la sua katana a led<\/a>Questa \u00e8 senza dubbio una delle armi pi\u00f9 caratteristiche tra gli Uccisori di Demoni. Progettata per il suo Soffio d'Amore, uno stile di combattimento basato sul Soffio di Fiamma.<\/li>\n<li>Infine, il<a href=\"https:\/\/repliquemangacine.fr\/it\/katana-leggera-uccisore-di-demoni\/statuetta-delluccisore-di-demoni-a-led-nichirin-sword-tanjiro-gratis\/\">Spada Led Nichirin Tanjiro<\/a>Un'arma speciale degli Uccisori di Demoni, forgiata con un metallo che assorbe la luce del sole, rendendo la lama letale per i demoni. Queste repliche luminose sono l'aggiunta perfetta a qualsiasi collezione, combinando autenticit\u00e0 e innovazione per un'esperienza ancora pi\u00f9 coinvolgente.<\/li>\n<\/ul>\n<h2>L'innovazione al servizio degli appassionati: eccezionali katane luminose<\/h2>\n<p>Il mondo delle repliche di katana ha raggiunto un nuovo livello con questi modelli luminosi. Ed \u00e8 una rivoluzione per gli appassionati di <a href=\"https:\/\/kimetsu-no-yaiba.fandom.com\/wiki\/Kimetsu_no_Yaiba_Wiki\" target=\"_blank\" rel=\"noopener noreferrer\">Ammazzademoni<\/a>. Oltre alla qualit\u00e0 costruttiva e alla fedelt\u00e0 alle armi viste nell'anime. Queste katane sono dotate di tecnologia LED che aggiunge una nuova dimensione immersiva. Ogni katana diventa molto pi\u00f9 di un semplice oggetto da collezione. \u00c8 un elemento veramente interattivo, in grado di brillare e di evocare il potere dei personaggi che rappresenta. I LED sono facilmente attivabili tramite un pulsante discreto, in modo da poter godere appieno dell'esperienza. Che si tratti di mostre, foto o anche di cosplay. Questa innovazione, che unisce tradizione e tecnologia, rende le katane illuminate una rivoluzione per gli appassionati che cercano repliche autentiche ma innovative. Se volete arricchire la vostra collezione con qualcosa di unico e sorprendente, allora queste katane illuminate fanno al caso vostro!<\/p>\n<p>&nbsp;<\/p>","protected":false},"excerpt":{"rendered":"<p>Superba replica della katana di Tanjiro in versione luminosa (Led) in Demon Slayer.<\/p>\n<ul>\n<li>La lama \u00e8 in metallo nella parte superiore, mentre la parte inferiore \u00e8 in ABS spesso con un LED all'interno.<\/li>\n<li>Pulsante di accensione\/spegnimento discreto e facile da usare<\/li>\n<li>Protezione metallica appositamente sagomata<\/li>\n<li>Manico in finta pelle di razza rossa, ricoperto di treccia di cotone nero<\/li>\n<li>L'estremit\u00e0 del manico pu\u00f2 essere staccata per inserire due batterie AAA (non fornite).<\/li>\n<li>Fodero in legno nero.<\/li>\n<li>Lunghezza lama: 69 cm - Lunghezza totale: 104 cm - Peso: 1050 gr<\/li>\n<\/ul>","protected":false},"featured_media":75182,"template":"","meta":[],"product_brand":[],"product_cat":[63,868,869,101],"product_tag":[],"class_list":{"0":"post-75178","1":"product","2":"type-product","3":"status-publish","4":"has-post-thumbnail","6":"product_cat-katana-demon-slayer","7":"product_cat-katana-lumineux","8":"product_cat-katana-lumineux-demon-slayer","9":"product_cat-soldes","11":"first","12":"instock","13":"sale","14":"taxable","15":"shipping-taxable","16":"purchasable","17":"product-type-simple"},"yoast_head":"<!-- This site is optimized with the Yoast SEO plugin v27.4 - https:\/\/yoast.com\/product\/yoast-seo-wordpress\/ -->\n<title>Katana lumineux Tanjiro - RMC<\/title>\n<meta name=\"description\" content=\"En exclusivit\u00e9 ! D\u00e9couvrez le Katana lumineux de Tanjiro Kamado dans Demon Slayer. Lame en m\u00e9tal et ABS leds. Fonctionne avec deux piles.\" \/>\n<meta name=\"robots\" content=\"index, follow, max-snippet:-1, max-image-preview:large, max-video-preview:-1\" \/>\n<link rel=\"canonical\" href=\"https:\/\/repliquemangacine.fr\/it\/katana-leggera-uccisore-di-demoni\/katana-leggera-tanjiro\/\" \/>\n<meta property=\"og:locale\" content=\"it_IT\" \/>\n<meta property=\"og:type\" content=\"article\" \/>\n<meta property=\"og:title\" content=\"Katana lumineux Tanjiro - RMC\" \/>\n<meta property=\"og:description\" content=\"En exclusivit\u00e9 ! D\u00e9couvrez le Katana lumineux de Tanjiro Kamado dans Demon Slayer. Lame en m\u00e9tal et ABS leds. Fonctionne avec deux piles.\" \/>\n<meta property=\"og:url\" content=\"https:\/\/repliquemangacine.fr\/it\/katana-leggera-uccisore-di-demoni\/katana-leggera-tanjiro\/\" \/>\n<meta property=\"og:site_name\" content=\"R\u00e9plique Manga Cin\u00e9\" \/>\n<meta property=\"article:publisher\" content=\"https:\/\/www.facebook.com\/RepliqueMangaCine\" \/>\n<meta property=\"article:modified_time\" content=\"2025-12-22T08:49:18+00:00\" \/>\n<meta property=\"og:image\" content=\"https:\/\/repliquemangacine.fr\/wp-content\/uploads\/2024\/10\/katana-with-led-lighting-zs650gd.jpg\" \/>\n\t<meta property=\"og:image:width\" content=\"500\" \/>\n\t<meta property=\"og:image:height\" content=\"500\" \/>\n\t<meta property=\"og:image:type\" content=\"image\/jpeg\" \/>\n<meta name=\"twitter:card\" content=\"summary_large_image\" \/>\n<meta name=\"twitter:label1\" content=\"Tempo di lettura stimato\" \/>\n\t<meta name=\"twitter:data1\" content=\"3 minuti\" \/>\n<script type=\"application\/ld+json\" class=\"yoast-schema-graph\">{\"@context\":\"https:\\\/\\\/schema.org\",\"@graph\":[{\"@type\":\"WebPage\",\"@id\":\"https:\\\/\\\/repliquemangacine.fr\\\/katana-lumineux-demon-slayer\\\/katana-lumineux-tanjiro\\\/\",\"url\":\"https:\\\/\\\/repliquemangacine.fr\\\/katana-lumineux-demon-slayer\\\/katana-lumineux-tanjiro\\\/\",\"name\":\"Katana lumineux Tanjiro - RMC\",\"isPartOf\":{\"@id\":\"https:\\\/\\\/repliquemangacine.fr\\\/#website\"},\"primaryImageOfPage\":{\"@id\":\"https:\\\/\\\/repliquemangacine.fr\\\/katana-lumineux-demon-slayer\\\/katana-lumineux-tanjiro\\\/#primaryimage\"},\"image\":{\"@id\":\"https:\\\/\\\/repliquemangacine.fr\\\/katana-lumineux-demon-slayer\\\/katana-lumineux-tanjiro\\\/#primaryimage\"},\"thumbnailUrl\":\"https:\\\/\\\/repliquemangacine.fr\\\/wp-content\\\/uploads\\\/2024\\\/10\\\/katana-with-led-lighting-zs650gd.jpg\",\"datePublished\":\"2024-10-09T15:26:10+00:00\",\"dateModified\":\"2025-12-22T08:49:18+00:00\",\"description\":\"En exclusivit\u00e9 ! D\u00e9couvrez le Katana lumineux de Tanjiro Kamado dans Demon Slayer. Lame en m\u00e9tal et ABS leds. Fonctionne avec deux piles.\",\"breadcrumb\":{\"@id\":\"https:\\\/\\\/repliquemangacine.fr\\\/katana-lumineux-demon-slayer\\\/katana-lumineux-tanjiro\\\/#breadcrumb\"},\"inLanguage\":\"it-IT\",\"potentialAction\":[{\"@type\":\"ReadAction\",\"target\":[\"https:\\\/\\\/repliquemangacine.fr\\\/katana-lumineux-demon-slayer\\\/katana-lumineux-tanjiro\\\/\"]}]},{\"@type\":\"ImageObject\",\"inLanguage\":\"it-IT\",\"@id\":\"https:\\\/\\\/repliquemangacine.fr\\\/katana-lumineux-demon-slayer\\\/katana-lumineux-tanjiro\\\/#primaryimage\",\"url\":\"https:\\\/\\\/repliquemangacine.fr\\\/wp-content\\\/uploads\\\/2024\\\/10\\\/katana-with-led-lighting-zs650gd.jpg\",\"contentUrl\":\"https:\\\/\\\/repliquemangacine.fr\\\/wp-content\\\/uploads\\\/2024\\\/10\\\/katana-with-led-lighting-zs650gd.jpg\",\"width\":500,\"height\":500,\"caption\":\"Katana lumineux Tanjiro dans Demon Slayer\"},{\"@type\":\"BreadcrumbList\",\"@id\":\"https:\\\/\\\/repliquemangacine.fr\\\/katana-lumineux-demon-slayer\\\/katana-lumineux-tanjiro\\\/#breadcrumb\",\"itemListElement\":[{\"@type\":\"ListItem\",\"position\":1,\"name\":\"Accueil\",\"item\":\"https:\\\/\\\/repliquemangacine.fr\\\/\"},{\"@type\":\"ListItem\",\"position\":2,\"name\":\"Produits\",\"item\":\"https:\\\/\\\/repliquemangacine.fr\\\/boutique\\\/\"},{\"@type\":\"ListItem\",\"position\":3,\"name\":\"Katana lumineux Tanjiro\"}]},{\"@type\":\"WebSite\",\"@id\":\"https:\\\/\\\/repliquemangacine.fr\\\/#website\",\"url\":\"https:\\\/\\\/repliquemangacine.fr\\\/\",\"name\":\"R\u00e9plique Manga Cin\u00e9\",\"description\":\"\",\"publisher\":{\"@id\":\"https:\\\/\\\/repliquemangacine.fr\\\/#organization\"},\"potentialAction\":[{\"@type\":\"SearchAction\",\"target\":{\"@type\":\"EntryPoint\",\"urlTemplate\":\"https:\\\/\\\/repliquemangacine.fr\\\/?s={search_term_string}\"},\"query-input\":{\"@type\":\"PropertyValueSpecification\",\"valueRequired\":true,\"valueName\":\"search_term_string\"}}],\"inLanguage\":\"it-IT\"},{\"@type\":\"Organization\",\"@id\":\"https:\\\/\\\/repliquemangacine.fr\\\/#organization\",\"name\":\"R\u00e9plique Manga Cin\u00e9\",\"url\":\"https:\\\/\\\/repliquemangacine.fr\\\/\",\"logo\":{\"@type\":\"ImageObject\",\"inLanguage\":\"it-IT\",\"@id\":\"https:\\\/\\\/repliquemangacine.fr\\\/#\\\/schema\\\/logo\\\/image\\\/\",\"url\":\"https:\\\/\\\/repliquemangacine.fr\\\/wp-content\\\/uploads\\\/2023\\\/10\\\/RMC-500250.png\",\"contentUrl\":\"https:\\\/\\\/repliquemangacine.fr\\\/wp-content\\\/uploads\\\/2023\\\/10\\\/RMC-500250.png\",\"width\":500,\"height\":250,\"caption\":\"R\u00e9plique Manga Cin\u00e9\"},\"image\":{\"@id\":\"https:\\\/\\\/repliquemangacine.fr\\\/#\\\/schema\\\/logo\\\/image\\\/\"},\"sameAs\":[\"https:\\\/\\\/www.facebook.com\\\/RepliqueMangaCine\",\"https:\\\/\\\/www.instagram.com\\\/repliquemangacine.fr\\\/\"]}]}<\/script>\n<!-- \/ Yoast SEO plugin. -->","yoast_head_json":{"title":"Katana luminosa Tanjiro - RMC","description":"Esclusivo! Scoprite la Katana luminosa di Tanjiro Kamado in Demon Slayer. Lama in metallo e LED in ABS. Alimentato da due batterie.","robots":{"index":"index","follow":"follow","max-snippet":"max-snippet:-1","max-image-preview":"max-image-preview:large","max-video-preview":"max-video-preview:-1"},"canonical":"https:\/\/repliquemangacine.fr\/it\/katana-leggera-uccisore-di-demoni\/katana-leggera-tanjiro\/","og_locale":"it_IT","og_type":"article","og_title":"Katana lumineux Tanjiro - RMC","og_description":"En exclusivit\u00e9 ! D\u00e9couvrez le Katana lumineux de Tanjiro Kamado dans Demon Slayer. Lame en m\u00e9tal et ABS leds. Fonctionne avec deux piles.","og_url":"https:\/\/repliquemangacine.fr\/it\/katana-leggera-uccisore-di-demoni\/katana-leggera-tanjiro\/","og_site_name":"R\u00e9plique Manga Cin\u00e9","article_publisher":"https:\/\/www.facebook.com\/RepliqueMangaCine","article_modified_time":"2025-12-22T08:49:18+00:00","og_image":[{"width":500,"height":500,"url":"https:\/\/repliquemangacine.fr\/wp-content\/uploads\/2024\/10\/katana-with-led-lighting-zs650gd.jpg","type":"image\/jpeg"}],"twitter_card":"summary_large_image","twitter_misc":{"Tempo di lettura stimato":"3 minuti"},"schema":{"@context":"https:\/\/schema.org","@graph":[{"@type":"WebPage","@id":"https:\/\/repliquemangacine.fr\/katana-lumineux-demon-slayer\/katana-lumineux-tanjiro\/","url":"https:\/\/repliquemangacine.fr\/katana-lumineux-demon-slayer\/katana-lumineux-tanjiro\/","name":"Katana luminosa Tanjiro - RMC","isPartOf":{"@id":"https:\/\/repliquemangacine.fr\/#website"},"primaryImageOfPage":{"@id":"https:\/\/repliquemangacine.fr\/katana-lumineux-demon-slayer\/katana-lumineux-tanjiro\/#primaryimage"},"image":{"@id":"https:\/\/repliquemangacine.fr\/katana-lumineux-demon-slayer\/katana-lumineux-tanjiro\/#primaryimage"},"thumbnailUrl":"https:\/\/repliquemangacine.fr\/wp-content\/uploads\/2024\/10\/katana-with-led-lighting-zs650gd.jpg","datePublished":"2024-10-09T15:26:10+00:00","dateModified":"2025-12-22T08:49:18+00:00","description":"Esclusivo! Scoprite la Katana luminosa di Tanjiro Kamado in Demon Slayer. Lama in metallo e LED in ABS. Alimentato da due batterie.","breadcrumb":{"@id":"https:\/\/repliquemangacine.fr\/katana-lumineux-demon-slayer\/katana-lumineux-tanjiro\/#breadcrumb"},"inLanguage":"it-IT","potentialAction":[{"@type":"ReadAction","target":["https:\/\/repliquemangacine.fr\/katana-lumineux-demon-slayer\/katana-lumineux-tanjiro\/"]}]},{"@type":"ImageObject","inLanguage":"it-IT","@id":"https:\/\/repliquemangacine.fr\/katana-lumineux-demon-slayer\/katana-lumineux-tanjiro\/#primaryimage","url":"https:\/\/repliquemangacine.fr\/wp-content\/uploads\/2024\/10\/katana-with-led-lighting-zs650gd.jpg","contentUrl":"https:\/\/repliquemangacine.fr\/wp-content\/uploads\/2024\/10\/katana-with-led-lighting-zs650gd.jpg","width":500,"height":500,"caption":"Katana lumineux Tanjiro dans Demon Slayer"},{"@type":"BreadcrumbList","@id":"https:\/\/repliquemangacine.fr\/katana-lumineux-demon-slayer\/katana-lumineux-tanjiro\/#breadcrumb","itemListElement":[{"@type":"ListItem","position":1,"name":"Accueil","item":"https:\/\/repliquemangacine.fr\/"},{"@type":"ListItem","position":2,"name":"Produits","item":"https:\/\/repliquemangacine.fr\/boutique\/"},{"@type":"ListItem","position":3,"name":"Katana lumineux Tanjiro"}]},{"@type":"WebSite","@id":"https:\/\/repliquemangacine.fr\/#website","url":"https:\/\/repliquemangacine.fr\/","name":"R\u00e9plique Manga Cin\u00e9","description":"","publisher":{"@id":"https:\/\/repliquemangacine.fr\/#organization"},"potentialAction":[{"@type":"SearchAction","target":{"@type":"EntryPoint","urlTemplate":"https:\/\/repliquemangacine.fr\/?s={search_term_string}"},"query-input":{"@type":"PropertyValueSpecification","valueRequired":true,"valueName":"search_term_string"}}],"inLanguage":"it-IT"},{"@type":"Organization","@id":"https:\/\/repliquemangacine.fr\/#organization","name":"R\u00e9plique Manga Cin\u00e9","url":"https:\/\/repliquemangacine.fr\/","logo":{"@type":"ImageObject","inLanguage":"it-IT","@id":"https:\/\/repliquemangacine.fr\/#\/schema\/logo\/image\/","url":"https:\/\/repliquemangacine.fr\/wp-content\/uploads\/2023\/10\/RMC-500250.png","contentUrl":"https:\/\/repliquemangacine.fr\/wp-content\/uploads\/2023\/10\/RMC-500250.png","width":500,"height":250,"caption":"R\u00e9plique Manga Cin\u00e9"},"image":{"@id":"https:\/\/repliquemangacine.fr\/#\/schema\/logo\/image\/"},"sameAs":["https:\/\/www.facebook.com\/RepliqueMangaCine","https:\/\/www.instagram.com\/repliquemangacine.fr\/"]}]}},"_links":{"self":[{"href":"https:\/\/repliquemangacine.fr\/it\/wp-json\/wp\/v2\/product\/75178","targetHints":{"allow":["GET"]}}],"collection":[{"href":"https:\/\/repliquemangacine.fr\/it\/wp-json\/wp\/v2\/product"}],"about":[{"href":"https:\/\/repliquemangacine.fr\/it\/wp-json\/wp\/v2\/types\/product"}],"wp:featuredmedia":[{"embeddable":true,"href":"https:\/\/repliquemangacine.fr\/it\/wp-json\/wp\/v2\/media\/75182"}],"wp:attachment":[{"href":"https:\/\/repliquemangacine.fr\/it\/wp-json\/wp\/v2\/media?parent=75178"}],"wp:term":[{"taxonomy":"product_brand","embeddable":true,"href":"https:\/\/repliquemangacine.fr\/it\/wp-json\/wp\/v2\/product_brand?post=75178"},{"taxonomy":"product_cat","embeddable":true,"href":"https:\/\/repliquemangacine.fr\/it\/wp-json\/wp\/v2\/product_cat?post=75178"},{"taxonomy":"product_tag","embeddable":true,"href":"https:\/\/repliquemangacine.fr\/it\/wp-json\/wp\/v2\/product_tag?post=75178"}],"curies":[{"name":"wp","href":"https:\/\/api.w.org\/{rel}","templated":true}]}}