





{"id":74490,"date":"2024-09-11T16:15:42","date_gmt":"2024-09-11T14:15:42","guid":{"rendered":"https:\/\/repliquemangacine.fr\/?post_type=product&#038;p=74490"},"modified":"2025-11-17T21:59:55","modified_gmt":"2025-11-17T20:59:55","slug":"spada-nera-di-sauron","status":"publish","type":"product","link":"https:\/\/repliquemangacine.fr\/it\/epees-et-dague-les-anneaux-de-pouvoir\/epee-noire-de-sauron\/","title":{"rendered":"Spada nera di Sauron"},"content":{"rendered":"<h2>Spada nera di Sauron con lama spezzata<\/h2>\n<p>Per cominciare, la Spada Nera di Sauron \u00e8 scura. La lama \u00e8 spezzata vicino all'elsa e porta il marchio di Sauron. Theo la trova per caso, ne rimane affascinato e decide di tenerla per s\u00e9. Inoltre, sembra esercitare su Theo un potere di attrazione identico a quello dell'Unico Anello sul suo possessore. <a href=\"https:\/\/lotr.fandom.com\/fr\/wiki\/Waldreg\" target=\"_blank\" rel=\"noopener noreferrer\">Waldreg<\/a> rivela a Theo che questa spada \u00e8 un potere concesso da Sauron agli antenati degli Uomini del Sud.<\/p>\n<p>La spada \u00e8 una chiave, Waldreg la attiva con il suo sangue e la immerge nel bassorilievo della cittadella. L'acqua del lago di montagna vicino a Ostirith viene liberata e scende a valle. Segue i tunnel scavati dagli orchi per riversarsi nella lava del vulcano dormiente della Montagna del Destino. L'improvviso afflusso d'acqua risveglia il vulcano, che entra in una terribile eruzione e ricopre la valle di Ud\u00fbn di cenere, scacciando gli umani e creando un nuovo rifugio per gli orchi che d\u00e0 il nome di Mordor alle Terre del Sud.<\/p>\n<h2>La tua Spada Nera di Sauron al miglior prezzo!<\/h2>\n<p>R\u00e9plique Manga Cin\u00e9 vi propone un'ampia scelta di repliche della serie \u201dIl Signore degli Anelli\u201d. Infatti, oltre a tutte le spade della trilogia \u201dIl Signore degli Anelli\u201d e ai gioielli, come ad esempio il ciondolo di Arwen o la spada Anduril con e senza fodero, passando per i pugnali di Legolas. Vi proponiamo anche tutte le spade della trilogia \u2018Lo Hobbit\u201c.<\/p>\n<p>Per quanto riguarda le repliche della serie  \u201dGli Anelli del Potere\u201c.<\/p>\n<ul>\n<li>C'\u00e8 il <a href=\"https:\/\/repliquemangacine.fr\/it\/spade-e-pugnali-gli-anelli-del-potere\/pugnale-finrod-pugnale-galadriel-gli-anelli-del-potere\/\">Il pugnale di Galadriel<\/a>un'arma letale che Galadriel usa per uccidere il Troll delle nevi nella Cittadella degli Orchi.<\/li>\n<li>Ma anche il<a href=\"https:\/\/repliquemangacine.fr\/it\/spade-e-pugnali-gli-anelli-del-potere\/spada-di-numenor-gli-anelli-del-potere\/\">spada di Numenor<\/a> con la testa del cavallo come pomo.<\/li>\n<li>Cos\u00ec come<a href=\"https:\/\/repliquemangacine.fr\/it\/spade-e-pugnali-gli-anelli-del-potere\/i-3-anelli-il-signore-degli-anelli\/\"> tre anelli elfici<\/a> che appare alla fine dell'episodio finale della prima stagione.<\/li>\n<li>E molti altri da scoprire nel nostro negozio online.<\/li>\n<\/ul>\n<p>In conclusione, \u00e8 possibile utilizzare questa spada per le sfilate cosplay o le feste a tema. Ma soprattutto, questa spada \u00e8 un oggetto da collezione e una decorazione.<\/p>\n<h2>Come si mantiene la lama della spada Ring of Power?<\/h2>\n<p>Le spade da collezione e decorative sono realizzate e assemblate in modo semplificato. Poich\u00e9 il loro uso \u00e8 decorativo, non hanno le caratteristiche di sicurezza necessarie per una spada giapponese destinata all'allenamento. Tuttavia, la Spada Nera di Sauron ha una lama in acciaio che deve essere mantenuta per evitare che si danneggi nel tempo. Se avete intenzione di esporre la vostra katana, i vostri amici saranno curiosi di vedere la lama e di toccarla. \u00c8 qui che bisogna fare attenzione, perch\u00e9 l'acidit\u00e0 delle dita \u00e8 molto dannosa per l'acciaio, qualunque sia la sua qualit\u00e0. Tuttavia, se ci\u00f2 accade, non fatevi prendere dal panico. \u00c8 sufficiente un panno inumidito con un po' di olio per eliminare le impronte digitali. Se lo farete, la vostra spada durer\u00e0 a lungo.<\/p>\n<p>&nbsp;<\/p>","protected":false},"excerpt":{"rendered":"<p>Una superba replica della spada nera di Sauron, trovata da Theo.<\/p>\n<ul>\n<li>Tutto in acciaio nero invecchiato<\/li>\n<li>Protezione in acciaio specifica e finemente dettagliata<\/li>\n<li>Lama spezzata con marchio di Sauron<\/li>\n<li>Fodero piccolo in similpelle<\/li>\n<li>Lunghezza: 40,5 cm<\/li>\n<\/ul>","protected":false},"featured_media":74492,"template":"","meta":[],"product_brand":[],"product_cat":[106],"product_tag":[],"class_list":{"0":"post-74490","1":"product","2":"type-product","3":"status-publish","4":"has-post-thumbnail","6":"product_cat-epees-et-dague-les-anneaux-de-pouvoir","8":"first","9":"instock","10":"taxable","11":"shipping-taxable","12":"purchasable","13":"product-type-simple"},"yoast_head":"<!-- This site is optimized with the Yoast SEO plugin v27.5 - https:\/\/yoast.com\/product\/yoast-seo-wordpress\/ -->\n<title>Ep\u00e9e noire de Sauron - R\u00e9plique Manga Cin\u00e9<\/title>\n<meta name=\"description\" content=\"D\u00e9couvrez cette superbe Ep\u00e9e noire de Sauron avec sa lame bris\u00e9e portant la marque de Sauron. Tout en acier, garde finement d\u00e9cor\u00e9. Fourreau. 40cm\" \/>\n<meta name=\"robots\" content=\"index, follow, max-snippet:-1, max-image-preview:large, max-video-preview:-1\" \/>\n<link rel=\"canonical\" href=\"https:\/\/repliquemangacine.fr\/it\/spade-e-pugnali-gli-anelli-del-potere\/spada-nera-di-sauron\/\" \/>\n<meta property=\"og:locale\" content=\"it_IT\" \/>\n<meta property=\"og:type\" content=\"article\" \/>\n<meta property=\"og:title\" content=\"Ep\u00e9e noire de Sauron - R\u00e9plique Manga Cin\u00e9\" \/>\n<meta property=\"og:description\" content=\"D\u00e9couvrez cette superbe Ep\u00e9e noire de Sauron avec sa lame bris\u00e9e portant la marque de Sauron. Tout en acier, garde finement d\u00e9cor\u00e9. Fourreau. 40cm\" \/>\n<meta property=\"og:url\" content=\"https:\/\/repliquemangacine.fr\/it\/spade-e-pugnali-gli-anelli-del-potere\/spada-nera-di-sauron\/\" \/>\n<meta property=\"og:site_name\" content=\"R\u00e9plique Manga Cin\u00e9\" \/>\n<meta property=\"article:publisher\" content=\"https:\/\/www.facebook.com\/RepliqueMangaCine\" \/>\n<meta property=\"article:modified_time\" content=\"2025-11-17T20:59:55+00:00\" \/>\n<meta property=\"og:image\" content=\"https:\/\/repliquemangacine.fr\/wp-content\/uploads\/2024\/09\/epee-de-sauron-verson-courte-avec-fourreau.jpg\" \/>\n\t<meta property=\"og:image:width\" content=\"500\" \/>\n\t<meta property=\"og:image:height\" content=\"500\" \/>\n\t<meta property=\"og:image:type\" content=\"image\/jpeg\" \/>\n<meta name=\"twitter:card\" content=\"summary_large_image\" \/>\n<meta name=\"twitter:label1\" content=\"Tempo di lettura stimato\" \/>\n\t<meta name=\"twitter:data1\" content=\"3 minuti\" \/>\n<script type=\"application\/ld+json\" class=\"yoast-schema-graph\">{\"@context\":\"https:\\\/\\\/schema.org\",\"@graph\":[{\"@type\":\"WebPage\",\"@id\":\"https:\\\/\\\/repliquemangacine.fr\\\/epees-et-dague-les-anneaux-de-pouvoir\\\/epee-noire-de-sauron\\\/\",\"url\":\"https:\\\/\\\/repliquemangacine.fr\\\/epees-et-dague-les-anneaux-de-pouvoir\\\/epee-noire-de-sauron\\\/\",\"name\":\"Ep\u00e9e noire de Sauron - R\u00e9plique Manga Cin\u00e9\",\"isPartOf\":{\"@id\":\"https:\\\/\\\/repliquemangacine.fr\\\/#website\"},\"primaryImageOfPage\":{\"@id\":\"https:\\\/\\\/repliquemangacine.fr\\\/epees-et-dague-les-anneaux-de-pouvoir\\\/epee-noire-de-sauron\\\/#primaryimage\"},\"image\":{\"@id\":\"https:\\\/\\\/repliquemangacine.fr\\\/epees-et-dague-les-anneaux-de-pouvoir\\\/epee-noire-de-sauron\\\/#primaryimage\"},\"thumbnailUrl\":\"https:\\\/\\\/repliquemangacine.fr\\\/wp-content\\\/uploads\\\/2024\\\/09\\\/epee-de-sauron-verson-courte-avec-fourreau.jpg\",\"datePublished\":\"2024-09-11T14:15:42+00:00\",\"dateModified\":\"2025-11-17T20:59:55+00:00\",\"description\":\"D\u00e9couvrez cette superbe Ep\u00e9e noire de Sauron avec sa lame bris\u00e9e portant la marque de Sauron. Tout en acier, garde finement d\u00e9cor\u00e9. Fourreau. 40cm\",\"breadcrumb\":{\"@id\":\"https:\\\/\\\/repliquemangacine.fr\\\/epees-et-dague-les-anneaux-de-pouvoir\\\/epee-noire-de-sauron\\\/#breadcrumb\"},\"inLanguage\":\"it-IT\",\"potentialAction\":[{\"@type\":\"ReadAction\",\"target\":[\"https:\\\/\\\/repliquemangacine.fr\\\/epees-et-dague-les-anneaux-de-pouvoir\\\/epee-noire-de-sauron\\\/\"]}]},{\"@type\":\"ImageObject\",\"inLanguage\":\"it-IT\",\"@id\":\"https:\\\/\\\/repliquemangacine.fr\\\/epees-et-dague-les-anneaux-de-pouvoir\\\/epee-noire-de-sauron\\\/#primaryimage\",\"url\":\"https:\\\/\\\/repliquemangacine.fr\\\/wp-content\\\/uploads\\\/2024\\\/09\\\/epee-de-sauron-verson-courte-avec-fourreau.jpg\",\"contentUrl\":\"https:\\\/\\\/repliquemangacine.fr\\\/wp-content\\\/uploads\\\/2024\\\/09\\\/epee-de-sauron-verson-courte-avec-fourreau.jpg\",\"width\":500,\"height\":500,\"caption\":\"Ep\u00e9e noire de Sauron lame bris\u00e9e\"},{\"@type\":\"BreadcrumbList\",\"@id\":\"https:\\\/\\\/repliquemangacine.fr\\\/epees-et-dague-les-anneaux-de-pouvoir\\\/epee-noire-de-sauron\\\/#breadcrumb\",\"itemListElement\":[{\"@type\":\"ListItem\",\"position\":1,\"name\":\"Accueil\",\"item\":\"https:\\\/\\\/repliquemangacine.fr\\\/\"},{\"@type\":\"ListItem\",\"position\":2,\"name\":\"Produits\",\"item\":\"https:\\\/\\\/repliquemangacine.fr\\\/boutique\\\/\"},{\"@type\":\"ListItem\",\"position\":3,\"name\":\"Ep\u00e9e noire de Sauron\"}]},{\"@type\":\"WebSite\",\"@id\":\"https:\\\/\\\/repliquemangacine.fr\\\/#website\",\"url\":\"https:\\\/\\\/repliquemangacine.fr\\\/\",\"name\":\"R\u00e9plique Manga Cin\u00e9\",\"description\":\"\",\"publisher\":{\"@id\":\"https:\\\/\\\/repliquemangacine.fr\\\/#organization\"},\"potentialAction\":[{\"@type\":\"SearchAction\",\"target\":{\"@type\":\"EntryPoint\",\"urlTemplate\":\"https:\\\/\\\/repliquemangacine.fr\\\/?s={search_term_string}\"},\"query-input\":{\"@type\":\"PropertyValueSpecification\",\"valueRequired\":true,\"valueName\":\"search_term_string\"}}],\"inLanguage\":\"it-IT\"},{\"@type\":\"Organization\",\"@id\":\"https:\\\/\\\/repliquemangacine.fr\\\/#organization\",\"name\":\"R\u00e9plique Manga Cin\u00e9\",\"url\":\"https:\\\/\\\/repliquemangacine.fr\\\/\",\"logo\":{\"@type\":\"ImageObject\",\"inLanguage\":\"it-IT\",\"@id\":\"https:\\\/\\\/repliquemangacine.fr\\\/#\\\/schema\\\/logo\\\/image\\\/\",\"url\":\"https:\\\/\\\/repliquemangacine.fr\\\/wp-content\\\/uploads\\\/2023\\\/10\\\/RMC-500250.png\",\"contentUrl\":\"https:\\\/\\\/repliquemangacine.fr\\\/wp-content\\\/uploads\\\/2023\\\/10\\\/RMC-500250.png\",\"width\":500,\"height\":250,\"caption\":\"R\u00e9plique Manga Cin\u00e9\"},\"image\":{\"@id\":\"https:\\\/\\\/repliquemangacine.fr\\\/#\\\/schema\\\/logo\\\/image\\\/\"},\"sameAs\":[\"https:\\\/\\\/www.facebook.com\\\/RepliqueMangaCine\",\"https:\\\/\\\/www.instagram.com\\\/repliquemangacine.fr\\\/\"]}]}<\/script>\n<!-- \/ Yoast SEO plugin. -->","yoast_head_json":{"title":"Spada nera di Sauron - R\u00e9plique Manga Cin\u00e9","description":"Scoprite questa superba Spada Nera di Sauron con la lama spezzata che porta il marchio di Sauron. Tutta in acciaio, elsa finemente decorata. Fodero. Lunghezza 40 cm","robots":{"index":"index","follow":"follow","max-snippet":"max-snippet:-1","max-image-preview":"max-image-preview:large","max-video-preview":"max-video-preview:-1"},"canonical":"https:\/\/repliquemangacine.fr\/it\/spade-e-pugnali-gli-anelli-del-potere\/spada-nera-di-sauron\/","og_locale":"it_IT","og_type":"article","og_title":"Ep\u00e9e noire de Sauron - R\u00e9plique Manga Cin\u00e9","og_description":"D\u00e9couvrez cette superbe Ep\u00e9e noire de Sauron avec sa lame bris\u00e9e portant la marque de Sauron. Tout en acier, garde finement d\u00e9cor\u00e9. Fourreau. 40cm","og_url":"https:\/\/repliquemangacine.fr\/it\/spade-e-pugnali-gli-anelli-del-potere\/spada-nera-di-sauron\/","og_site_name":"R\u00e9plique Manga Cin\u00e9","article_publisher":"https:\/\/www.facebook.com\/RepliqueMangaCine","article_modified_time":"2025-11-17T20:59:55+00:00","og_image":[{"width":500,"height":500,"url":"https:\/\/repliquemangacine.fr\/wp-content\/uploads\/2024\/09\/epee-de-sauron-verson-courte-avec-fourreau.jpg","type":"image\/jpeg"}],"twitter_card":"summary_large_image","twitter_misc":{"Tempo di lettura stimato":"3 minuti"},"schema":{"@context":"https:\/\/schema.org","@graph":[{"@type":"WebPage","@id":"https:\/\/repliquemangacine.fr\/epees-et-dague-les-anneaux-de-pouvoir\/epee-noire-de-sauron\/","url":"https:\/\/repliquemangacine.fr\/epees-et-dague-les-anneaux-de-pouvoir\/epee-noire-de-sauron\/","name":"Spada nera di Sauron - R\u00e9plique Manga Cin\u00e9","isPartOf":{"@id":"https:\/\/repliquemangacine.fr\/#website"},"primaryImageOfPage":{"@id":"https:\/\/repliquemangacine.fr\/epees-et-dague-les-anneaux-de-pouvoir\/epee-noire-de-sauron\/#primaryimage"},"image":{"@id":"https:\/\/repliquemangacine.fr\/epees-et-dague-les-anneaux-de-pouvoir\/epee-noire-de-sauron\/#primaryimage"},"thumbnailUrl":"https:\/\/repliquemangacine.fr\/wp-content\/uploads\/2024\/09\/epee-de-sauron-verson-courte-avec-fourreau.jpg","datePublished":"2024-09-11T14:15:42+00:00","dateModified":"2025-11-17T20:59:55+00:00","description":"Scoprite questa superba Spada Nera di Sauron con la lama spezzata che porta il marchio di Sauron. Tutta in acciaio, elsa finemente decorata. Fodero. Lunghezza 40 cm","breadcrumb":{"@id":"https:\/\/repliquemangacine.fr\/epees-et-dague-les-anneaux-de-pouvoir\/epee-noire-de-sauron\/#breadcrumb"},"inLanguage":"it-IT","potentialAction":[{"@type":"ReadAction","target":["https:\/\/repliquemangacine.fr\/epees-et-dague-les-anneaux-de-pouvoir\/epee-noire-de-sauron\/"]}]},{"@type":"ImageObject","inLanguage":"it-IT","@id":"https:\/\/repliquemangacine.fr\/epees-et-dague-les-anneaux-de-pouvoir\/epee-noire-de-sauron\/#primaryimage","url":"https:\/\/repliquemangacine.fr\/wp-content\/uploads\/2024\/09\/epee-de-sauron-verson-courte-avec-fourreau.jpg","contentUrl":"https:\/\/repliquemangacine.fr\/wp-content\/uploads\/2024\/09\/epee-de-sauron-verson-courte-avec-fourreau.jpg","width":500,"height":500,"caption":"Ep\u00e9e noire de Sauron lame bris\u00e9e"},{"@type":"BreadcrumbList","@id":"https:\/\/repliquemangacine.fr\/epees-et-dague-les-anneaux-de-pouvoir\/epee-noire-de-sauron\/#breadcrumb","itemListElement":[{"@type":"ListItem","position":1,"name":"Accueil","item":"https:\/\/repliquemangacine.fr\/"},{"@type":"ListItem","position":2,"name":"Produits","item":"https:\/\/repliquemangacine.fr\/boutique\/"},{"@type":"ListItem","position":3,"name":"Ep\u00e9e noire de Sauron"}]},{"@type":"WebSite","@id":"https:\/\/repliquemangacine.fr\/#website","url":"https:\/\/repliquemangacine.fr\/","name":"R\u00e9plique Manga Cin\u00e9","description":"","publisher":{"@id":"https:\/\/repliquemangacine.fr\/#organization"},"potentialAction":[{"@type":"SearchAction","target":{"@type":"EntryPoint","urlTemplate":"https:\/\/repliquemangacine.fr\/?s={search_term_string}"},"query-input":{"@type":"PropertyValueSpecification","valueRequired":true,"valueName":"search_term_string"}}],"inLanguage":"it-IT"},{"@type":"Organization","@id":"https:\/\/repliquemangacine.fr\/#organization","name":"R\u00e9plique Manga Cin\u00e9","url":"https:\/\/repliquemangacine.fr\/","logo":{"@type":"ImageObject","inLanguage":"it-IT","@id":"https:\/\/repliquemangacine.fr\/#\/schema\/logo\/image\/","url":"https:\/\/repliquemangacine.fr\/wp-content\/uploads\/2023\/10\/RMC-500250.png","contentUrl":"https:\/\/repliquemangacine.fr\/wp-content\/uploads\/2023\/10\/RMC-500250.png","width":500,"height":250,"caption":"R\u00e9plique Manga Cin\u00e9"},"image":{"@id":"https:\/\/repliquemangacine.fr\/#\/schema\/logo\/image\/"},"sameAs":["https:\/\/www.facebook.com\/RepliqueMangaCine","https:\/\/www.instagram.com\/repliquemangacine.fr\/"]}]}},"_links":{"self":[{"href":"https:\/\/repliquemangacine.fr\/it\/wp-json\/wp\/v2\/product\/74490","targetHints":{"allow":["GET"]}}],"collection":[{"href":"https:\/\/repliquemangacine.fr\/it\/wp-json\/wp\/v2\/product"}],"about":[{"href":"https:\/\/repliquemangacine.fr\/it\/wp-json\/wp\/v2\/types\/product"}],"wp:featuredmedia":[{"embeddable":true,"href":"https:\/\/repliquemangacine.fr\/it\/wp-json\/wp\/v2\/media\/74492"}],"wp:attachment":[{"href":"https:\/\/repliquemangacine.fr\/it\/wp-json\/wp\/v2\/media?parent=74490"}],"wp:term":[{"taxonomy":"product_brand","embeddable":true,"href":"https:\/\/repliquemangacine.fr\/it\/wp-json\/wp\/v2\/product_brand?post=74490"},{"taxonomy":"product_cat","embeddable":true,"href":"https:\/\/repliquemangacine.fr\/it\/wp-json\/wp\/v2\/product_cat?post=74490"},{"taxonomy":"product_tag","embeddable":true,"href":"https:\/\/repliquemangacine.fr\/it\/wp-json\/wp\/v2\/product_tag?post=74490"}],"curies":[{"name":"wp","href":"https:\/\/api.w.org\/{rel}","templated":true}]}}