





{"id":74332,"date":"2024-09-05T12:39:20","date_gmt":"2024-09-05T10:39:20","guid":{"rendered":"https:\/\/repliquemangacine.fr\/?post_type=product&#038;p=74332"},"modified":"2025-11-17T22:01:22","modified_gmt":"2025-11-17T21:01:22","slug":"pugnale-demoniaco-da-macello","status":"publish","type":"product","link":"https:\/\/repliquemangacine.fr\/it\/katana-et-epee-de-manga-anime-autre-manga\/poignard-slaughter-demon\/","title":{"rendered":"Pugnale del Demone della Strage"},"content":{"rendered":"<h2>Pugnale del Demone della Strage di Yuji Itadori in Jujutsu Kaisen<\/h2>\n<p>Per cominciare, il <strong>Pugnale del Demone della Strage<\/strong>uno strumento maledetto che originariamente apparteneva a Maki Zeninavant. Satoru Gojone lo prende in prestito e lo presta al suo nuovo allievo, <a href=\"https:\/\/jujutsu-kaisen.fandom.com\/fr\/wiki\/Yuji_Itadori\" target=\"_blank\" rel=\"noopener noreferrer\">Yuji Itadori<\/a>.<\/p>\n<p>Slaughter Demon, un pugnale intriso di energia maledetta che anche i non maghi potevano usare per esorcizzare le maledizioni . Satoru Gojo lo ha dato a Yuji come mezzo per respingere le maledizioni durante la sua prima prova sul campo .<\/p>\n<p>Grazie alle sue incredibili abilit\u00e0 fisiche, Yuji usa Slaughter Demon per eliminare rapidamente uno spirito maledetto in combattimento ravvicinato. Questo gli ha anche permesso di tagliare il braccio di un'altra maledizione per liberare un ostaggio durante lo stesso test.<\/p>\n<p>Infine, Satoru aveva inizialmente previsto di insegnare a Yuji a controllare la sua energia maledetta, utilizzando Slaughter Demon solo in caso di emergenza.<\/p>\n<h2>Il tuo Pugnale del Demone della Strage al miglior prezzo<\/h2>\n<p>Offriamo un'ampia gamma di repliche di manga e videogiochi ai migliori prezzi sul mercato.<\/p>\n<ul>\n<li>In primo luogo, il<a href=\"https:\/\/repliquemangacine.fr\/it\/katana-e-manga-spada-anime-altri-manga\/xeno-trunks-dbz-dragon-ball-z-spada\/\">La spada di Trunks<\/a> in Dragon Ball Z con il suo fodero.<\/li>\n<li>Sono presenti anche tutte le spade e le katane di One Piece, come la <a href=\"https:\/\/repliquemangacine.fr\/it\/videogiochi-manga-replica\/spada-katana-wado-ichimonji-spada-di-zoro\/\">katana Wado Ichimonji<\/a><\/li>\n<li>Cos\u00ec come il <a href=\"https:\/\/repliquemangacine.fr\/it\/katana-e-manga-spada-anime-altri-manga\/spada-rin-esorcista-blu-katana-kurikara\/\">Katana Kurikara<\/a> in Blue Exorcist tutti vestiti di blu.<\/li>\n<li>E molti altri da scoprire nel nostro negozio online.<\/li>\n<\/ul>\n<p>Questo pugnale Slaughter Demon in Jujutsu Kaisen \u00e8 solo a scopo decorativo. Pu\u00f2 essere utilizzato anche per le sfilate di cosplay o le feste a tema.<\/p>\n<h2>Come si mantiene la lama della katana manga?<\/h2>\n<p>Le katane da collezione e decorative sono realizzate e assemblate in modo semplificato. Poich\u00e9 il loro uso \u00e8 decorativo, non hanno le caratteristiche di sicurezza richieste da una sciabola giapponese destinata all'allenamento. Tuttavia, la vostra\u00a0 <strong>Pugnale del Demone della Strage<\/strong> a una lama d'acciaio che deve essere curata per evitare che si danneggi nel tempo. Quando si espone la katana, gli amici saranno curiosi di vedere la lama e di toccarla. \u00c8 qui che bisogna fare attenzione, perch\u00e9 l'acidit\u00e0 delle dita \u00e8 molto dannosa per l'acciaio, qualunque sia la sua qualit\u00e0. Tuttavia, se ci\u00f2 dovesse accadere, non fatevi prendere dal panico: basta usare un panno inumidito con un po' di olio e cancellare le impronte digitali. Se lo farete, la vostra spada durer\u00e0 molto a lungo.<\/p>","protected":false},"excerpt":{"rendered":"<p>Superba replica del pugnale Slaughter Demon di Yuji Itadori in Jujutsu Kaisen<\/p>\n<ul>\n<li>Lama larga in acciaio<\/li>\n<li>Due fori al centro della lama<\/li>\n<li>Maniglia in legno<\/li>\n<li>Protezione in pelliccia nera<\/li>\n<li>Bende alla base<\/li>\n<li>Fodero in similpelle marrone<\/li>\n<li>Lunghezza totale: 71 cm<\/li>\n<\/ul>","protected":false},"featured_media":74335,"template":"","meta":[],"product_brand":[],"product_cat":[65],"product_tag":[],"class_list":{"0":"post-74332","1":"product","2":"type-product","3":"status-publish","4":"has-post-thumbnail","6":"product_cat-katana-et-epee-de-manga-anime-autre-manga","8":"first","9":"instock","10":"taxable","11":"shipping-taxable","12":"purchasable","13":"product-type-simple"},"yoast_head":"<!-- This site is optimized with the Yoast SEO plugin v27.4 - https:\/\/yoast.com\/product\/yoast-seo-wordpress\/ -->\n<title>Poignard Slaughter Demon - Jujutsu Kaisen | R\u00e9plique Manga Cin\u00e9<\/title>\n<meta name=\"description\" content=\"Venez d\u00e9couvrir ce superbe Poignard Slaughter Demon dans Jujutsu Kaisen. Lame en acier. Garde en fourrure. Livr\u00e9 avec son fourreau. Longueur totale : 71 cm\" \/>\n<meta name=\"robots\" content=\"index, follow, max-snippet:-1, max-image-preview:large, max-video-preview:-1\" \/>\n<link rel=\"canonical\" href=\"https:\/\/repliquemangacine.fr\/it\/katana-e-manga-spada-anime-altri-manga\/pugnale-demoniaco-da-macello\/\" \/>\n<meta property=\"og:locale\" content=\"it_IT\" \/>\n<meta property=\"og:type\" content=\"article\" \/>\n<meta property=\"og:title\" content=\"Poignard Slaughter Demon - Jujutsu Kaisen | R\u00e9plique Manga Cin\u00e9\" \/>\n<meta property=\"og:description\" content=\"Venez d\u00e9couvrir ce superbe Poignard Slaughter Demon dans Jujutsu Kaisen. Lame en acier. Garde en fourrure. Livr\u00e9 avec son fourreau. Longueur totale : 71 cm\" \/>\n<meta property=\"og:url\" content=\"https:\/\/repliquemangacine.fr\/it\/katana-e-manga-spada-anime-altri-manga\/pugnale-demoniaco-da-macello\/\" \/>\n<meta property=\"og:site_name\" content=\"R\u00e9plique Manga Cin\u00e9\" \/>\n<meta property=\"article:publisher\" content=\"https:\/\/www.facebook.com\/RepliqueMangaCine\" \/>\n<meta property=\"article:modified_time\" content=\"2025-11-17T21:01:22+00:00\" \/>\n<meta property=\"og:image\" content=\"https:\/\/repliquemangacine.fr\/wp-content\/uploads\/2024\/09\/Poignard-Slaughter-Demon.jpg\" \/>\n\t<meta property=\"og:image:width\" content=\"500\" \/>\n\t<meta property=\"og:image:height\" content=\"500\" \/>\n\t<meta property=\"og:image:type\" content=\"image\/jpeg\" \/>\n<meta name=\"twitter:card\" content=\"summary_large_image\" \/>\n<meta name=\"twitter:label1\" content=\"Tempo di lettura stimato\" \/>\n\t<meta name=\"twitter:data1\" content=\"3 minuti\" \/>\n<script type=\"application\/ld+json\" class=\"yoast-schema-graph\">{\"@context\":\"https:\\\/\\\/schema.org\",\"@graph\":[{\"@type\":\"WebPage\",\"@id\":\"https:\\\/\\\/repliquemangacine.fr\\\/katana-et-epee-de-manga-anime-autre-manga\\\/poignard-slaughter-demon\\\/\",\"url\":\"https:\\\/\\\/repliquemangacine.fr\\\/katana-et-epee-de-manga-anime-autre-manga\\\/poignard-slaughter-demon\\\/\",\"name\":\"Poignard Slaughter Demon - Jujutsu Kaisen | R\u00e9plique Manga Cin\u00e9\",\"isPartOf\":{\"@id\":\"https:\\\/\\\/repliquemangacine.fr\\\/#website\"},\"primaryImageOfPage\":{\"@id\":\"https:\\\/\\\/repliquemangacine.fr\\\/katana-et-epee-de-manga-anime-autre-manga\\\/poignard-slaughter-demon\\\/#primaryimage\"},\"image\":{\"@id\":\"https:\\\/\\\/repliquemangacine.fr\\\/katana-et-epee-de-manga-anime-autre-manga\\\/poignard-slaughter-demon\\\/#primaryimage\"},\"thumbnailUrl\":\"https:\\\/\\\/repliquemangacine.fr\\\/wp-content\\\/uploads\\\/2024\\\/09\\\/Poignard-Slaughter-Demon.jpg\",\"datePublished\":\"2024-09-05T10:39:20+00:00\",\"dateModified\":\"2025-11-17T21:01:22+00:00\",\"description\":\"Venez d\u00e9couvrir ce superbe Poignard Slaughter Demon dans Jujutsu Kaisen. Lame en acier. Garde en fourrure. Livr\u00e9 avec son fourreau. Longueur totale : 71 cm\",\"breadcrumb\":{\"@id\":\"https:\\\/\\\/repliquemangacine.fr\\\/katana-et-epee-de-manga-anime-autre-manga\\\/poignard-slaughter-demon\\\/#breadcrumb\"},\"inLanguage\":\"it-IT\",\"potentialAction\":[{\"@type\":\"ReadAction\",\"target\":[\"https:\\\/\\\/repliquemangacine.fr\\\/katana-et-epee-de-manga-anime-autre-manga\\\/poignard-slaughter-demon\\\/\"]}]},{\"@type\":\"ImageObject\",\"inLanguage\":\"it-IT\",\"@id\":\"https:\\\/\\\/repliquemangacine.fr\\\/katana-et-epee-de-manga-anime-autre-manga\\\/poignard-slaughter-demon\\\/#primaryimage\",\"url\":\"https:\\\/\\\/repliquemangacine.fr\\\/wp-content\\\/uploads\\\/2024\\\/09\\\/Poignard-Slaughter-Demon.jpg\",\"contentUrl\":\"https:\\\/\\\/repliquemangacine.fr\\\/wp-content\\\/uploads\\\/2024\\\/09\\\/Poignard-Slaughter-Demon.jpg\",\"width\":500,\"height\":500,\"caption\":\"Poignard-Slaughter-Demon\"},{\"@type\":\"BreadcrumbList\",\"@id\":\"https:\\\/\\\/repliquemangacine.fr\\\/katana-et-epee-de-manga-anime-autre-manga\\\/poignard-slaughter-demon\\\/#breadcrumb\",\"itemListElement\":[{\"@type\":\"ListItem\",\"position\":1,\"name\":\"Accueil\",\"item\":\"https:\\\/\\\/repliquemangacine.fr\\\/\"},{\"@type\":\"ListItem\",\"position\":2,\"name\":\"Produits\",\"item\":\"https:\\\/\\\/repliquemangacine.fr\\\/boutique\\\/\"},{\"@type\":\"ListItem\",\"position\":3,\"name\":\"Poignard Slaughter Demon\"}]},{\"@type\":\"WebSite\",\"@id\":\"https:\\\/\\\/repliquemangacine.fr\\\/#website\",\"url\":\"https:\\\/\\\/repliquemangacine.fr\\\/\",\"name\":\"R\u00e9plique Manga Cin\u00e9\",\"description\":\"\",\"publisher\":{\"@id\":\"https:\\\/\\\/repliquemangacine.fr\\\/#organization\"},\"potentialAction\":[{\"@type\":\"SearchAction\",\"target\":{\"@type\":\"EntryPoint\",\"urlTemplate\":\"https:\\\/\\\/repliquemangacine.fr\\\/?s={search_term_string}\"},\"query-input\":{\"@type\":\"PropertyValueSpecification\",\"valueRequired\":true,\"valueName\":\"search_term_string\"}}],\"inLanguage\":\"it-IT\"},{\"@type\":\"Organization\",\"@id\":\"https:\\\/\\\/repliquemangacine.fr\\\/#organization\",\"name\":\"R\u00e9plique Manga Cin\u00e9\",\"url\":\"https:\\\/\\\/repliquemangacine.fr\\\/\",\"logo\":{\"@type\":\"ImageObject\",\"inLanguage\":\"it-IT\",\"@id\":\"https:\\\/\\\/repliquemangacine.fr\\\/#\\\/schema\\\/logo\\\/image\\\/\",\"url\":\"https:\\\/\\\/repliquemangacine.fr\\\/wp-content\\\/uploads\\\/2023\\\/10\\\/RMC-500250.png\",\"contentUrl\":\"https:\\\/\\\/repliquemangacine.fr\\\/wp-content\\\/uploads\\\/2023\\\/10\\\/RMC-500250.png\",\"width\":500,\"height\":250,\"caption\":\"R\u00e9plique Manga Cin\u00e9\"},\"image\":{\"@id\":\"https:\\\/\\\/repliquemangacine.fr\\\/#\\\/schema\\\/logo\\\/image\\\/\"},\"sameAs\":[\"https:\\\/\\\/www.facebook.com\\\/RepliqueMangaCine\",\"https:\\\/\\\/www.instagram.com\\\/repliquemangacine.fr\\\/\"]}]}<\/script>\n<!-- \/ Yoast SEO plugin. -->","yoast_head_json":{"title":"Pugnale del demone da macello - Jujutsu Kaisen | R\u00e9plique Manga Cin\u00e9","description":"Venite a scoprire questo superbo pugnale Slaughter Demon di Jujutsu Kaisen. Lama in acciaio. Protezione in pelliccia. Viene fornito con il fodero. Lunghezza totale: 71 cm","robots":{"index":"index","follow":"follow","max-snippet":"max-snippet:-1","max-image-preview":"max-image-preview:large","max-video-preview":"max-video-preview:-1"},"canonical":"https:\/\/repliquemangacine.fr\/it\/katana-e-manga-spada-anime-altri-manga\/pugnale-demoniaco-da-macello\/","og_locale":"it_IT","og_type":"article","og_title":"Poignard Slaughter Demon - Jujutsu Kaisen | R\u00e9plique Manga Cin\u00e9","og_description":"Venez d\u00e9couvrir ce superbe Poignard Slaughter Demon dans Jujutsu Kaisen. Lame en acier. Garde en fourrure. Livr\u00e9 avec son fourreau. Longueur totale : 71 cm","og_url":"https:\/\/repliquemangacine.fr\/it\/katana-e-manga-spada-anime-altri-manga\/pugnale-demoniaco-da-macello\/","og_site_name":"R\u00e9plique Manga Cin\u00e9","article_publisher":"https:\/\/www.facebook.com\/RepliqueMangaCine","article_modified_time":"2025-11-17T21:01:22+00:00","og_image":[{"width":500,"height":500,"url":"https:\/\/repliquemangacine.fr\/wp-content\/uploads\/2024\/09\/Poignard-Slaughter-Demon.jpg","type":"image\/jpeg"}],"twitter_card":"summary_large_image","twitter_misc":{"Tempo di lettura stimato":"3 minuti"},"schema":{"@context":"https:\/\/schema.org","@graph":[{"@type":"WebPage","@id":"https:\/\/repliquemangacine.fr\/katana-et-epee-de-manga-anime-autre-manga\/poignard-slaughter-demon\/","url":"https:\/\/repliquemangacine.fr\/katana-et-epee-de-manga-anime-autre-manga\/poignard-slaughter-demon\/","name":"Pugnale del demone da macello - Jujutsu Kaisen | R\u00e9plique Manga Cin\u00e9","isPartOf":{"@id":"https:\/\/repliquemangacine.fr\/#website"},"primaryImageOfPage":{"@id":"https:\/\/repliquemangacine.fr\/katana-et-epee-de-manga-anime-autre-manga\/poignard-slaughter-demon\/#primaryimage"},"image":{"@id":"https:\/\/repliquemangacine.fr\/katana-et-epee-de-manga-anime-autre-manga\/poignard-slaughter-demon\/#primaryimage"},"thumbnailUrl":"https:\/\/repliquemangacine.fr\/wp-content\/uploads\/2024\/09\/Poignard-Slaughter-Demon.jpg","datePublished":"2024-09-05T10:39:20+00:00","dateModified":"2025-11-17T21:01:22+00:00","description":"Venite a scoprire questo superbo pugnale Slaughter Demon di Jujutsu Kaisen. Lama in acciaio. Protezione in pelliccia. Viene fornito con il fodero. Lunghezza totale: 71 cm","breadcrumb":{"@id":"https:\/\/repliquemangacine.fr\/katana-et-epee-de-manga-anime-autre-manga\/poignard-slaughter-demon\/#breadcrumb"},"inLanguage":"it-IT","potentialAction":[{"@type":"ReadAction","target":["https:\/\/repliquemangacine.fr\/katana-et-epee-de-manga-anime-autre-manga\/poignard-slaughter-demon\/"]}]},{"@type":"ImageObject","inLanguage":"it-IT","@id":"https:\/\/repliquemangacine.fr\/katana-et-epee-de-manga-anime-autre-manga\/poignard-slaughter-demon\/#primaryimage","url":"https:\/\/repliquemangacine.fr\/wp-content\/uploads\/2024\/09\/Poignard-Slaughter-Demon.jpg","contentUrl":"https:\/\/repliquemangacine.fr\/wp-content\/uploads\/2024\/09\/Poignard-Slaughter-Demon.jpg","width":500,"height":500,"caption":"Poignard-Slaughter-Demon"},{"@type":"BreadcrumbList","@id":"https:\/\/repliquemangacine.fr\/katana-et-epee-de-manga-anime-autre-manga\/poignard-slaughter-demon\/#breadcrumb","itemListElement":[{"@type":"ListItem","position":1,"name":"Accueil","item":"https:\/\/repliquemangacine.fr\/"},{"@type":"ListItem","position":2,"name":"Produits","item":"https:\/\/repliquemangacine.fr\/boutique\/"},{"@type":"ListItem","position":3,"name":"Poignard Slaughter Demon"}]},{"@type":"WebSite","@id":"https:\/\/repliquemangacine.fr\/#website","url":"https:\/\/repliquemangacine.fr\/","name":"R\u00e9plique Manga Cin\u00e9","description":"","publisher":{"@id":"https:\/\/repliquemangacine.fr\/#organization"},"potentialAction":[{"@type":"SearchAction","target":{"@type":"EntryPoint","urlTemplate":"https:\/\/repliquemangacine.fr\/?s={search_term_string}"},"query-input":{"@type":"PropertyValueSpecification","valueRequired":true,"valueName":"search_term_string"}}],"inLanguage":"it-IT"},{"@type":"Organization","@id":"https:\/\/repliquemangacine.fr\/#organization","name":"R\u00e9plique Manga Cin\u00e9","url":"https:\/\/repliquemangacine.fr\/","logo":{"@type":"ImageObject","inLanguage":"it-IT","@id":"https:\/\/repliquemangacine.fr\/#\/schema\/logo\/image\/","url":"https:\/\/repliquemangacine.fr\/wp-content\/uploads\/2023\/10\/RMC-500250.png","contentUrl":"https:\/\/repliquemangacine.fr\/wp-content\/uploads\/2023\/10\/RMC-500250.png","width":500,"height":250,"caption":"R\u00e9plique Manga Cin\u00e9"},"image":{"@id":"https:\/\/repliquemangacine.fr\/#\/schema\/logo\/image\/"},"sameAs":["https:\/\/www.facebook.com\/RepliqueMangaCine","https:\/\/www.instagram.com\/repliquemangacine.fr\/"]}]}},"_links":{"self":[{"href":"https:\/\/repliquemangacine.fr\/it\/wp-json\/wp\/v2\/product\/74332","targetHints":{"allow":["GET"]}}],"collection":[{"href":"https:\/\/repliquemangacine.fr\/it\/wp-json\/wp\/v2\/product"}],"about":[{"href":"https:\/\/repliquemangacine.fr\/it\/wp-json\/wp\/v2\/types\/product"}],"wp:featuredmedia":[{"embeddable":true,"href":"https:\/\/repliquemangacine.fr\/it\/wp-json\/wp\/v2\/media\/74335"}],"wp:attachment":[{"href":"https:\/\/repliquemangacine.fr\/it\/wp-json\/wp\/v2\/media?parent=74332"}],"wp:term":[{"taxonomy":"product_brand","embeddable":true,"href":"https:\/\/repliquemangacine.fr\/it\/wp-json\/wp\/v2\/product_brand?post=74332"},{"taxonomy":"product_cat","embeddable":true,"href":"https:\/\/repliquemangacine.fr\/it\/wp-json\/wp\/v2\/product_cat?post=74332"},{"taxonomy":"product_tag","embeddable":true,"href":"https:\/\/repliquemangacine.fr\/it\/wp-json\/wp\/v2\/product_tag?post=74332"}],"curies":[{"name":"wp","href":"https:\/\/api.w.org\/{rel}","templated":true}]}}