





{"id":74329,"date":"2024-09-06T10:54:49","date_gmt":"2024-09-06T08:54:49","guid":{"rendered":"https:\/\/repliquemangacine.fr\/?post_type=product&#038;p=74329"},"modified":"2025-12-18T22:32:47","modified_gmt":"2025-12-18T21:32:47","slug":"spada-di-sauron","status":"publish","type":"product","link":"https:\/\/repliquemangacine.fr\/it\/epees-et-dague-les-anneaux-de-pouvoir\/epee-de-sauron\/","title":{"rendered":"Spada di Sauron"},"content":{"rendered":"<h2>Spada di Sauron - Spada nera<\/h2>\n<p>Per cominciare, la Spada di Sauron qui presentata con la sua lama intera. In effetti, quest'arma sembra essere magica. Theo scopre per caso un nascondiglio segreto sotto il pavimento del fienile di Waldreg. Esplorandolo con il suo amico Rowan, trova una strana spada nera spezzata che lo affascina e che decide di tenere per s\u00e9. La osserva: il simbolo di Sauron inciso sulla lama brilla. E quando per caso un po' del suo sangue gocciola sull'elsa, la spada sembra ricostituirsi magicamente.<\/p>\n<p>Sembra anche esercitare su Th\u00e9o un potere di attrazione identico a quello dell'Unico Anello sul suo possessore. Waldreg rivela a <a href=\"https:\/\/lotr.fandom.com\/fr\/wiki\/Theo\" target=\"_blank\" rel=\"noopener noreferrer\">Th\u00e9o<\/a> che questa spada \u00e8 un potere conferito da Sauron agli antenati degli Uomini del Sud.<\/p>\n<p>Va sottolineato che alcuni fan dell'opera di Tolkien ritengono che la spada corrisponda a un'arma leggendaria della Prima Era. Come spiega il canale Nerd of the Rings, potrebbe infatti trattarsi di Gurthang. Spada maledetta forgiata dall'Elfo Nero E\u00f6l ne Il Silmarillion e recuperata da T\u00farin Turambar.<\/p>\n<h2>La tua Spada di Sauron al miglior prezzo!<\/h2>\n<p>Offriamo un'ampia gamma di repliche delle serie degli Anelli del Potere e del Signore degli Anelli.<\/p>\n<ul>\n<li>Prima di tutto, il superbo <a href=\"https:\/\/repliquemangacine.fr\/it\/spade-e-pugnali-gli-anelli-del-potere\/spada-di-galadriel-anelli-del-potere\/\">La spada di Galadriel<\/a> di una forma molto specifica con il suo fodero.<\/li>\n<li>C'\u00e8 anche il<a href=\"https:\/\/repliquemangacine.fr\/it\/spade-e-pugnali-gli-anelli-del-potere\/spada-di-delendil-gli-anelli-del-potere\/\">spada di Elendil<\/a> con la sua lama lucida e le incisioni in oro.<\/li>\n<li>Cos\u00ec come il <a href=\"https:\/\/repliquemangacine.fr\/it\/spade-e-pugnali-gli-anelli-del-potere\/martello-di-celebrimbor\/\">Martello di Celebrimdor<\/a> tutto in resina con una notevole finitura.<\/li>\n<li>E molti altri da scoprire nel nostro negozio online.<\/li>\n<li>Ovviamente offriamo anche tutte le spade della trilogia del Signore dell'Anello.<\/li>\n<\/ul>\n<p>In conclusione, \u00e8 possibile utilizzare questa spada per le sfilate cosplay o le feste a tema. Ma soprattutto, questa spada \u00e8 un oggetto da collezione e una decorazione.<\/p>\n<h2>Come vengono realizzati i vostri oggetti da collezione?<\/h2>\n<p>Per cominciare, tutti i nostri prodotti derivati sono di altissima qualit\u00e0, realizzati con una meticolosa attenzione ai dettagli. Alcuni di questi vengono realizzati a mano, per riprodurre i minimi dettagli. Le parti pi\u00f9 importanti sono lavorate con macchine molto precise. Le incisioni sono generalmente realizzate con una punta di diamante o con il laser. La vostra Spada di Sauron \u00e8 realizzata in metallo per riprodurre esattamente ogni dettaglio. Per eguagliare l'eredit\u00e0 dei capolavori originali. L'accento \u00e8 posto sulla creazione di repliche di alta qualit\u00e0 che siano il pi\u00f9 possibile storicamente accurate. In conclusione, importate dalla Cina, dalla Spagna o dall'India, le nostre repliche vi stupiranno! R\u00e9plique Manga Cin\u00e9 \u00e8 un'azienda familiare francese.<\/p>","protected":false},"excerpt":{"rendered":"<p>Superba replica della Spada di Sauron della serie \"Gli Anelli del Potere\".<\/p>\n<ul>\n<li>Tutto in acciaio nero invecchiato<\/li>\n<li>Protezione in acciaio specifica e finemente dettagliata<\/li>\n<li>Lama intera con marchio di Sauron<\/li>\n<li>Fodero in similpelle<\/li>\n<li>Lunghezza totale: 96 cm<\/li>\n<\/ul>","protected":false},"featured_media":74349,"template":"","meta":[],"product_brand":[],"product_cat":[106],"product_tag":[],"class_list":{"0":"post-74329","1":"product","2":"type-product","3":"status-publish","4":"has-post-thumbnail","6":"product_cat-epees-et-dague-les-anneaux-de-pouvoir","8":"first","9":"instock","10":"taxable","11":"shipping-taxable","12":"purchasable","13":"product-type-simple"},"yoast_head":"<!-- This site is optimized with the Yoast SEO plugin v27.4 - https:\/\/yoast.com\/product\/yoast-seo-wordpress\/ -->\n<title>Ep\u00e9e de Sauron - Les Anneaux de Pouvoir | R\u00e9plique Manga Cin\u00e9<\/title>\n<meta name=\"description\" content=\"D\u00e9couvrez cette superbe r\u00e9plique de l&#039;Ep\u00e9e de Sauron dans la s\u00e9rie Les Anneaux de Pouvoir. Tout en m\u00e9tal. Longueur totale : 96 cm\" \/>\n<meta name=\"robots\" content=\"index, follow, max-snippet:-1, max-image-preview:large, max-video-preview:-1\" \/>\n<link rel=\"canonical\" href=\"https:\/\/repliquemangacine.fr\/it\/spade-e-pugnali-gli-anelli-del-potere\/spada-di-sauron\/\" \/>\n<meta property=\"og:locale\" content=\"it_IT\" \/>\n<meta property=\"og:type\" content=\"article\" \/>\n<meta property=\"og:title\" content=\"Ep\u00e9e de Sauron - Les Anneaux de Pouvoir | R\u00e9plique Manga Cin\u00e9\" \/>\n<meta property=\"og:description\" content=\"D\u00e9couvrez cette superbe r\u00e9plique de l&#039;Ep\u00e9e de Sauron dans la s\u00e9rie Les Anneaux de Pouvoir. Tout en m\u00e9tal. Longueur totale : 96 cm\" \/>\n<meta property=\"og:url\" content=\"https:\/\/repliquemangacine.fr\/it\/spade-e-pugnali-gli-anelli-del-potere\/spada-di-sauron\/\" \/>\n<meta property=\"og:site_name\" content=\"R\u00e9plique Manga Cin\u00e9\" \/>\n<meta property=\"article:publisher\" content=\"https:\/\/www.facebook.com\/RepliqueMangaCine\" \/>\n<meta property=\"article:modified_time\" content=\"2025-12-18T21:32:47+00:00\" \/>\n<meta property=\"og:image\" content=\"https:\/\/repliquemangacine.fr\/wp-content\/uploads\/2024\/09\/epee-de-sauron-avec-fourreau.jpg\" \/>\n\t<meta property=\"og:image:width\" content=\"500\" \/>\n\t<meta property=\"og:image:height\" content=\"500\" \/>\n\t<meta property=\"og:image:type\" content=\"image\/jpeg\" \/>\n<meta name=\"twitter:card\" content=\"summary_large_image\" \/>\n<meta name=\"twitter:label1\" content=\"Tempo di lettura stimato\" \/>\n\t<meta name=\"twitter:data1\" content=\"3 minuti\" \/>\n<script type=\"application\/ld+json\" class=\"yoast-schema-graph\">{\"@context\":\"https:\\\/\\\/schema.org\",\"@graph\":[{\"@type\":\"WebPage\",\"@id\":\"https:\\\/\\\/repliquemangacine.fr\\\/epees-et-dague-les-anneaux-de-pouvoir\\\/epee-de-sauron\\\/\",\"url\":\"https:\\\/\\\/repliquemangacine.fr\\\/epees-et-dague-les-anneaux-de-pouvoir\\\/epee-de-sauron\\\/\",\"name\":\"Ep\u00e9e de Sauron - Les Anneaux de Pouvoir | R\u00e9plique Manga Cin\u00e9\",\"isPartOf\":{\"@id\":\"https:\\\/\\\/repliquemangacine.fr\\\/#website\"},\"primaryImageOfPage\":{\"@id\":\"https:\\\/\\\/repliquemangacine.fr\\\/epees-et-dague-les-anneaux-de-pouvoir\\\/epee-de-sauron\\\/#primaryimage\"},\"image\":{\"@id\":\"https:\\\/\\\/repliquemangacine.fr\\\/epees-et-dague-les-anneaux-de-pouvoir\\\/epee-de-sauron\\\/#primaryimage\"},\"thumbnailUrl\":\"https:\\\/\\\/repliquemangacine.fr\\\/wp-content\\\/uploads\\\/2024\\\/09\\\/epee-de-sauron-avec-fourreau.jpg\",\"datePublished\":\"2024-09-06T08:54:49+00:00\",\"dateModified\":\"2025-12-18T21:32:47+00:00\",\"description\":\"D\u00e9couvrez cette superbe r\u00e9plique de l'Ep\u00e9e de Sauron dans la s\u00e9rie Les Anneaux de Pouvoir. Tout en m\u00e9tal. Longueur totale : 96 cm\",\"breadcrumb\":{\"@id\":\"https:\\\/\\\/repliquemangacine.fr\\\/epees-et-dague-les-anneaux-de-pouvoir\\\/epee-de-sauron\\\/#breadcrumb\"},\"inLanguage\":\"it-IT\",\"potentialAction\":[{\"@type\":\"ReadAction\",\"target\":[\"https:\\\/\\\/repliquemangacine.fr\\\/epees-et-dague-les-anneaux-de-pouvoir\\\/epee-de-sauron\\\/\"]}]},{\"@type\":\"ImageObject\",\"inLanguage\":\"it-IT\",\"@id\":\"https:\\\/\\\/repliquemangacine.fr\\\/epees-et-dague-les-anneaux-de-pouvoir\\\/epee-de-sauron\\\/#primaryimage\",\"url\":\"https:\\\/\\\/repliquemangacine.fr\\\/wp-content\\\/uploads\\\/2024\\\/09\\\/epee-de-sauron-avec-fourreau.jpg\",\"contentUrl\":\"https:\\\/\\\/repliquemangacine.fr\\\/wp-content\\\/uploads\\\/2024\\\/09\\\/epee-de-sauron-avec-fourreau.jpg\",\"width\":500,\"height\":500,\"caption\":\"Ep\u00e9e de Sauron avec son fourreau \u00e0 c\u00f4t\u00e9\"},{\"@type\":\"BreadcrumbList\",\"@id\":\"https:\\\/\\\/repliquemangacine.fr\\\/epees-et-dague-les-anneaux-de-pouvoir\\\/epee-de-sauron\\\/#breadcrumb\",\"itemListElement\":[{\"@type\":\"ListItem\",\"position\":1,\"name\":\"Accueil\",\"item\":\"https:\\\/\\\/repliquemangacine.fr\\\/\"},{\"@type\":\"ListItem\",\"position\":2,\"name\":\"Produits\",\"item\":\"https:\\\/\\\/repliquemangacine.fr\\\/boutique\\\/\"},{\"@type\":\"ListItem\",\"position\":3,\"name\":\"Ep\u00e9e de Sauron\"}]},{\"@type\":\"WebSite\",\"@id\":\"https:\\\/\\\/repliquemangacine.fr\\\/#website\",\"url\":\"https:\\\/\\\/repliquemangacine.fr\\\/\",\"name\":\"R\u00e9plique Manga Cin\u00e9\",\"description\":\"\",\"publisher\":{\"@id\":\"https:\\\/\\\/repliquemangacine.fr\\\/#organization\"},\"potentialAction\":[{\"@type\":\"SearchAction\",\"target\":{\"@type\":\"EntryPoint\",\"urlTemplate\":\"https:\\\/\\\/repliquemangacine.fr\\\/?s={search_term_string}\"},\"query-input\":{\"@type\":\"PropertyValueSpecification\",\"valueRequired\":true,\"valueName\":\"search_term_string\"}}],\"inLanguage\":\"it-IT\"},{\"@type\":\"Organization\",\"@id\":\"https:\\\/\\\/repliquemangacine.fr\\\/#organization\",\"name\":\"R\u00e9plique Manga Cin\u00e9\",\"url\":\"https:\\\/\\\/repliquemangacine.fr\\\/\",\"logo\":{\"@type\":\"ImageObject\",\"inLanguage\":\"it-IT\",\"@id\":\"https:\\\/\\\/repliquemangacine.fr\\\/#\\\/schema\\\/logo\\\/image\\\/\",\"url\":\"https:\\\/\\\/repliquemangacine.fr\\\/wp-content\\\/uploads\\\/2023\\\/10\\\/RMC-500250.png\",\"contentUrl\":\"https:\\\/\\\/repliquemangacine.fr\\\/wp-content\\\/uploads\\\/2023\\\/10\\\/RMC-500250.png\",\"width\":500,\"height\":250,\"caption\":\"R\u00e9plique Manga Cin\u00e9\"},\"image\":{\"@id\":\"https:\\\/\\\/repliquemangacine.fr\\\/#\\\/schema\\\/logo\\\/image\\\/\"},\"sameAs\":[\"https:\\\/\\\/www.facebook.com\\\/RepliqueMangaCine\",\"https:\\\/\\\/www.instagram.com\\\/repliquemangacine.fr\\\/\"]}]}<\/script>\n<!-- \/ Yoast SEO plugin. -->","yoast_head_json":{"title":"Spada di Sauron - Gli Anelli del Potere | R\u00e9plique Manga Cin\u00e9","description":"Scoprite questa splendida replica della Spada di Sauron della serie degli Anelli del Potere. Tutta in metallo. Lunghezza totale: 96 cm","robots":{"index":"index","follow":"follow","max-snippet":"max-snippet:-1","max-image-preview":"max-image-preview:large","max-video-preview":"max-video-preview:-1"},"canonical":"https:\/\/repliquemangacine.fr\/it\/spade-e-pugnali-gli-anelli-del-potere\/spada-di-sauron\/","og_locale":"it_IT","og_type":"article","og_title":"Ep\u00e9e de Sauron - Les Anneaux de Pouvoir | R\u00e9plique Manga Cin\u00e9","og_description":"D\u00e9couvrez cette superbe r\u00e9plique de l'Ep\u00e9e de Sauron dans la s\u00e9rie Les Anneaux de Pouvoir. Tout en m\u00e9tal. Longueur totale : 96 cm","og_url":"https:\/\/repliquemangacine.fr\/it\/spade-e-pugnali-gli-anelli-del-potere\/spada-di-sauron\/","og_site_name":"R\u00e9plique Manga Cin\u00e9","article_publisher":"https:\/\/www.facebook.com\/RepliqueMangaCine","article_modified_time":"2025-12-18T21:32:47+00:00","og_image":[{"width":500,"height":500,"url":"https:\/\/repliquemangacine.fr\/wp-content\/uploads\/2024\/09\/epee-de-sauron-avec-fourreau.jpg","type":"image\/jpeg"}],"twitter_card":"summary_large_image","twitter_misc":{"Tempo di lettura stimato":"3 minuti"},"schema":{"@context":"https:\/\/schema.org","@graph":[{"@type":"WebPage","@id":"https:\/\/repliquemangacine.fr\/epees-et-dague-les-anneaux-de-pouvoir\/epee-de-sauron\/","url":"https:\/\/repliquemangacine.fr\/epees-et-dague-les-anneaux-de-pouvoir\/epee-de-sauron\/","name":"Spada di Sauron - Gli Anelli del Potere | R\u00e9plique Manga Cin\u00e9","isPartOf":{"@id":"https:\/\/repliquemangacine.fr\/#website"},"primaryImageOfPage":{"@id":"https:\/\/repliquemangacine.fr\/epees-et-dague-les-anneaux-de-pouvoir\/epee-de-sauron\/#primaryimage"},"image":{"@id":"https:\/\/repliquemangacine.fr\/epees-et-dague-les-anneaux-de-pouvoir\/epee-de-sauron\/#primaryimage"},"thumbnailUrl":"https:\/\/repliquemangacine.fr\/wp-content\/uploads\/2024\/09\/epee-de-sauron-avec-fourreau.jpg","datePublished":"2024-09-06T08:54:49+00:00","dateModified":"2025-12-18T21:32:47+00:00","description":"Scoprite questa splendida replica della Spada di Sauron della serie degli Anelli del Potere. Tutta in metallo. Lunghezza totale: 96 cm","breadcrumb":{"@id":"https:\/\/repliquemangacine.fr\/epees-et-dague-les-anneaux-de-pouvoir\/epee-de-sauron\/#breadcrumb"},"inLanguage":"it-IT","potentialAction":[{"@type":"ReadAction","target":["https:\/\/repliquemangacine.fr\/epees-et-dague-les-anneaux-de-pouvoir\/epee-de-sauron\/"]}]},{"@type":"ImageObject","inLanguage":"it-IT","@id":"https:\/\/repliquemangacine.fr\/epees-et-dague-les-anneaux-de-pouvoir\/epee-de-sauron\/#primaryimage","url":"https:\/\/repliquemangacine.fr\/wp-content\/uploads\/2024\/09\/epee-de-sauron-avec-fourreau.jpg","contentUrl":"https:\/\/repliquemangacine.fr\/wp-content\/uploads\/2024\/09\/epee-de-sauron-avec-fourreau.jpg","width":500,"height":500,"caption":"Ep\u00e9e de Sauron avec son fourreau \u00e0 c\u00f4t\u00e9"},{"@type":"BreadcrumbList","@id":"https:\/\/repliquemangacine.fr\/epees-et-dague-les-anneaux-de-pouvoir\/epee-de-sauron\/#breadcrumb","itemListElement":[{"@type":"ListItem","position":1,"name":"Accueil","item":"https:\/\/repliquemangacine.fr\/"},{"@type":"ListItem","position":2,"name":"Produits","item":"https:\/\/repliquemangacine.fr\/boutique\/"},{"@type":"ListItem","position":3,"name":"Ep\u00e9e de Sauron"}]},{"@type":"WebSite","@id":"https:\/\/repliquemangacine.fr\/#website","url":"https:\/\/repliquemangacine.fr\/","name":"R\u00e9plique Manga Cin\u00e9","description":"","publisher":{"@id":"https:\/\/repliquemangacine.fr\/#organization"},"potentialAction":[{"@type":"SearchAction","target":{"@type":"EntryPoint","urlTemplate":"https:\/\/repliquemangacine.fr\/?s={search_term_string}"},"query-input":{"@type":"PropertyValueSpecification","valueRequired":true,"valueName":"search_term_string"}}],"inLanguage":"it-IT"},{"@type":"Organization","@id":"https:\/\/repliquemangacine.fr\/#organization","name":"R\u00e9plique Manga Cin\u00e9","url":"https:\/\/repliquemangacine.fr\/","logo":{"@type":"ImageObject","inLanguage":"it-IT","@id":"https:\/\/repliquemangacine.fr\/#\/schema\/logo\/image\/","url":"https:\/\/repliquemangacine.fr\/wp-content\/uploads\/2023\/10\/RMC-500250.png","contentUrl":"https:\/\/repliquemangacine.fr\/wp-content\/uploads\/2023\/10\/RMC-500250.png","width":500,"height":250,"caption":"R\u00e9plique Manga Cin\u00e9"},"image":{"@id":"https:\/\/repliquemangacine.fr\/#\/schema\/logo\/image\/"},"sameAs":["https:\/\/www.facebook.com\/RepliqueMangaCine","https:\/\/www.instagram.com\/repliquemangacine.fr\/"]}]}},"_links":{"self":[{"href":"https:\/\/repliquemangacine.fr\/it\/wp-json\/wp\/v2\/product\/74329","targetHints":{"allow":["GET"]}}],"collection":[{"href":"https:\/\/repliquemangacine.fr\/it\/wp-json\/wp\/v2\/product"}],"about":[{"href":"https:\/\/repliquemangacine.fr\/it\/wp-json\/wp\/v2\/types\/product"}],"wp:featuredmedia":[{"embeddable":true,"href":"https:\/\/repliquemangacine.fr\/it\/wp-json\/wp\/v2\/media\/74349"}],"wp:attachment":[{"href":"https:\/\/repliquemangacine.fr\/it\/wp-json\/wp\/v2\/media?parent=74329"}],"wp:term":[{"taxonomy":"product_brand","embeddable":true,"href":"https:\/\/repliquemangacine.fr\/it\/wp-json\/wp\/v2\/product_brand?post=74329"},{"taxonomy":"product_cat","embeddable":true,"href":"https:\/\/repliquemangacine.fr\/it\/wp-json\/wp\/v2\/product_cat?post=74329"},{"taxonomy":"product_tag","embeddable":true,"href":"https:\/\/repliquemangacine.fr\/it\/wp-json\/wp\/v2\/product_tag?post=74329"}],"curies":[{"name":"wp","href":"https:\/\/api.w.org\/{rel}","templated":true}]}}