





{"id":73198,"date":"2024-07-03T14:46:43","date_gmt":"2024-07-03T12:46:43","guid":{"rendered":"https:\/\/repliquemangacine.fr\/?post_type=product&#038;p=73198"},"modified":"2026-04-02T17:16:56","modified_gmt":"2026-04-02T15:16:56","slug":"spada-di-frodo-2","status":"publish","type":"product","link":"https:\/\/repliquemangacine.fr\/it\/epees-seigneur-des-anneaux\/epee-de-frodon-2\/","title":{"rendered":"La spada di Frodo Baggins"},"content":{"rendered":"<h2>La spada di Frodo Baggins : Storia e caratteristiche<\/h2>\n<p>Per cominciare, la spada di Frodo Baggins ne \u201cIl Signore degli Anelli\u201d, conosciuta con il nome di \u201cDard\u201d (o \u201cSting\u201d). Spada elfica, probabilmente forgiata a Gondolin, un'antica citt\u00e0 elfica. Bilbo Baggins scopre inizialmente la spada e la porta con s\u00e9 durante le sue avventure ne \u201cLo Hobbit\u201d. La lascia poi in eredit\u00e0 a Frodo all'inizio de \u201cIl Signore degli Anelli\u201d. Infatti, quando Bilbo lascia la Contea, regala Dard a Frodo, simboleggiando il passaggio del testimone e la fiducia nel nipote per portare a termine la missione.<\/p>\n<p>Dard, una spada corta, spesso descritta come un pugnale a causa delle sue dimensioni rispetto a quelle di uno hobbit. \u00c8 decorata con rune elfiche che brillano di una luce blu quando ci sono orchi nelle vicinanze. Questo la rende un'arma preziosa per chi la porta, avvertendolo del pericolo imminente. Come tutte le armi elfiche, Dard \u00e8 realizzata con un materiale estremamente resistente e affilato. \u00c8 in grado di tagliare le ragnatele dei ragni giganti della Foresta Nera.<\/p>\n<h2>La spada di Frodo Baggins: simbolismo e uso<\/h2>\n<p>In primo luogo, il Dard simboleggia il coraggio e la determinazione di chi lo indossa, <a href=\"https:\/\/lotr.fandom.com\/fr\/wiki\/Bilbon_Sacquet\" target=\"_blank\" rel=\"noopener noreferrer\">Bilbo<\/a> e Frodo. Nonostante le loro dimensioni ridotte e la mancanza di esperienza nel combattimento, si dimostrano capaci di superare grandi sfide. La spada rappresenta anche l'eredit\u00e0 delle avventure di Bilbo, tramandata di generazione in generazione. Mostra la continuit\u00e0 e la lotta contro le forze del male.<\/p>\n<ul>\n<li>Ne \"Lo Hobbit\": Bilbo usa Dart per combattere i ragni giganti della Foresta Nera e per difendersi da vari nemici durante il suo viaggio con i nani. Va notato che Bilbo chiama la spada \"Pungiglione\" dopo il suo primo combattimento con i ragni giganti, dove la trova particolarmente efficace.<\/li>\n<li>Ne \"Il Signore degli Anelli\": Frodo porta con s\u00e9 Dard durante la sua missione di distruzione dell'Unico Anello. La spada lo aiuta in diverse occasioni, in particolare rilevando la presenza di orchi e aiutandolo a difendersi.<\/li>\n<\/ul>\n<p>In conclusione, la spada di Frodo, il Pungolo, \u00e8 diventata una delle armi pi\u00f9 iconiche della letteratura e del cinema. Grazie al suo ruolo centrale nelle opere di J.R.R. Tolkien e al suo adattamento per il cinema da parte di Peter Jackson. Un simbolo dell'eroismo degli hobbit e della loro capacit\u00e0 di cambiare il destino del mondo nonostante le loro piccole dimensioni e le loro umili origini.<\/p>\n<h2>Le spade emblematiche della trilogia del Signore degli Anelli<\/h2>\n<p>Scoprite la nostra collezione di spade emblematiche della trilogia del Signore degli Anelli, disponibili presso R\u00e9plique Manga Cin\u00e9. Tra i nostri capolavori, la<a href=\"https:\/\/repliquemangacine.fr\/it\/spade-e-pugnali-gli-anelli-del-potere\/spada-anduril-aragorn-signore-degli-anelli\/\">Spada Anduril<\/a> si distingue per la sua storia leggendaria. Forgiata dai frammenti di Narsil, la spada spezzata di Elendil, Anduril diventa l'arma di Aragorn. Simbolo della regalit\u00e0 ritrovata e della speranza dei Popoli Liberi.<\/p>\n<p>Ci sono anche <a href=\"https:\/\/repliquemangacine.fr\/it\/spade-del-signore-degli-anelli\/signore-degli-anelli-legolas-sciabole\/\">Le spade di Legolas<\/a>Queste lame leggere ed eleganti riflettono l'agilit\u00e0 del principe elfico e sono perfette per gli appassionati di lame elfiche. L'<a href=\"https:\/\/repliquemangacine.fr\/it\/spade-del-signore-degli-anelli\/spada-arwen-sciabola-hadhafang\/\">spada di Arwen<\/a>, chiamata Hadhafang, incarna la bellezza e la forza dell'eroina elfica, aggiungendo un tocco di magia alla nostra collezione.<\/p>\n<p>L'<a href=\"https:\/\/repliquemangacine.fr\/it\/spade-del-signore-degli-anelli\/la-spada-di-boromir\/\">La spada di Boromir<\/a>\u00e8 una figura robusta e imponente, che rappresenta il coraggio e l'audacia del figlio di Gondor. Mentre il<a href=\"https:\/\/repliquemangacine.fr\/it\/spade-del-signore-degli-anelli\/spada-di-theoden-spada-di-herugrim\/\">La spada di Re Th\u00e9oden<\/a> simboleggia la nobilt\u00e0 e il dovere del sovrano di Rohan.<\/p>\n<p>Per gli amanti dell'oscurit\u00e0, proponiamo i <a href=\"https:\/\/repliquemangacine.fr\/it\/spade-del-signore-degli-anelli\/signore-degli-anelli-nazgul-spada-cavalieri-neri-spada\/\">Spade Nazg\u00fbl<\/a> e quella del Re Stregone. Sinistre e minacciose, perfette per i collezionisti desiderosi di repliche delle forze del male. Per concludere, ogni spada \u00e8 realizzata con un'attenzione eccezionale ai dettagli, rendendo omaggio all'epico universo di Tolkien.<\/p>\n<p>Esplora il nostro negozio online R\u00e9plique Manga Cin\u00e9 e lasciati sedurre da queste autentiche repliche che catturano l'essenza delle leggende della Terra di Mezzo.<\/p>","protected":false},"excerpt":{"rendered":"<p>Splendida replica della spada di Frodo della trilogia de Il Signore degli Anelli<\/p>\n<ul>\n<li>Lama in acciaio inossidabile con incisione elfica<\/li>\n<li>Manico in finto legno<\/li>\n<li>Guardia in acciaio con rune elfiche<\/li>\n<li>Fornito con staffa da parete in legno<\/li>\n<li>Lunghezza lama: 53,5 cm - Lunghezza totale: 74 cm<\/li>\n<li>Peso: 1051 gr<\/li>\n<\/ul>","protected":false},"featured_media":73200,"template":"","meta":[],"product_brand":[],"product_cat":[68,29],"product_tag":[],"class_list":{"0":"post-73198","1":"product","2":"type-product","3":"status-publish","4":"has-post-thumbnail","6":"product_cat-epees-seigneur-des-anneaux","7":"product_cat-le-seigneur-des-anneaux","9":"first","10":"instock","11":"taxable","12":"shipping-taxable","13":"purchasable","14":"product-type-simple"},"yoast_head":"<!-- This site is optimized with the Yoast SEO plugin v27.3 - https:\/\/yoast.com\/product\/yoast-seo-wordpress\/ -->\n<title>Ep\u00e9e de Frodon Sacquet - Le Seigneur des Anneaux | R\u00e9plique Manga Cin\u00e9<\/title>\n<meta name=\"description\" content=\"Superbe r\u00e9plique en taille r\u00e9elle de l&#039;Ep\u00e9e de Frodon Sacquet dans la trilogie Le Seigneur des Anneaux. Lame en acier grav\u00e9e. Support mural en bois - 74 cm\" \/>\n<meta name=\"robots\" content=\"index, follow, max-snippet:-1, max-image-preview:large, max-video-preview:-1\" \/>\n<link rel=\"canonical\" href=\"https:\/\/repliquemangacine.fr\/it\/spade-del-signore-degli-anelli\/spada-di-frodo-2\/\" \/>\n<meta property=\"og:locale\" content=\"it_IT\" \/>\n<meta property=\"og:type\" content=\"article\" \/>\n<meta property=\"og:title\" content=\"Ep\u00e9e de Frodon Sacquet - Le Seigneur des Anneaux | R\u00e9plique Manga Cin\u00e9\" \/>\n<meta property=\"og:description\" content=\"Superbe r\u00e9plique en taille r\u00e9elle de l&#039;Ep\u00e9e de Frodon Sacquet dans la trilogie Le Seigneur des Anneaux. Lame en acier grav\u00e9e. Support mural en bois - 74 cm\" \/>\n<meta property=\"og:url\" content=\"https:\/\/repliquemangacine.fr\/it\/spade-del-signore-degli-anelli\/spada-di-frodo-2\/\" \/>\n<meta property=\"og:site_name\" content=\"R\u00e9plique Manga Cin\u00e9\" \/>\n<meta property=\"article:publisher\" content=\"https:\/\/www.facebook.com\/RepliqueMangaCine\" \/>\n<meta property=\"article:modified_time\" content=\"2026-04-02T15:16:56+00:00\" \/>\n<meta property=\"og:image\" content=\"https:\/\/repliquemangacine.fr\/wp-content\/uploads\/2024\/07\/Epee-de-Frodon-Sacquet-sur-support.jpg\" \/>\n\t<meta property=\"og:image:width\" content=\"500\" \/>\n\t<meta property=\"og:image:height\" content=\"500\" \/>\n\t<meta property=\"og:image:type\" content=\"image\/jpeg\" \/>\n<meta name=\"twitter:card\" content=\"summary_large_image\" \/>\n<meta name=\"twitter:label1\" content=\"Tempo di lettura stimato\" \/>\n\t<meta name=\"twitter:data1\" content=\"4 minuti\" \/>\n<script type=\"application\/ld+json\" class=\"yoast-schema-graph\">{\"@context\":\"https:\\\/\\\/schema.org\",\"@graph\":[{\"@type\":\"WebPage\",\"@id\":\"https:\\\/\\\/repliquemangacine.fr\\\/epees-seigneur-des-anneaux\\\/epee-de-frodon-2\\\/\",\"url\":\"https:\\\/\\\/repliquemangacine.fr\\\/epees-seigneur-des-anneaux\\\/epee-de-frodon-2\\\/\",\"name\":\"Ep\u00e9e de Frodon Sacquet - Le Seigneur des Anneaux | R\u00e9plique Manga Cin\u00e9\",\"isPartOf\":{\"@id\":\"https:\\\/\\\/repliquemangacine.fr\\\/#website\"},\"primaryImageOfPage\":{\"@id\":\"https:\\\/\\\/repliquemangacine.fr\\\/epees-seigneur-des-anneaux\\\/epee-de-frodon-2\\\/#primaryimage\"},\"image\":{\"@id\":\"https:\\\/\\\/repliquemangacine.fr\\\/epees-seigneur-des-anneaux\\\/epee-de-frodon-2\\\/#primaryimage\"},\"thumbnailUrl\":\"https:\\\/\\\/repliquemangacine.fr\\\/wp-content\\\/uploads\\\/2024\\\/07\\\/Epee-de-Frodon-Sacquet-sur-support.jpg\",\"datePublished\":\"2024-07-03T12:46:43+00:00\",\"dateModified\":\"2026-04-02T15:16:56+00:00\",\"description\":\"Superbe r\u00e9plique en taille r\u00e9elle de l'Ep\u00e9e de Frodon Sacquet dans la trilogie Le Seigneur des Anneaux. Lame en acier grav\u00e9e. Support mural en bois - 74 cm\",\"breadcrumb\":{\"@id\":\"https:\\\/\\\/repliquemangacine.fr\\\/epees-seigneur-des-anneaux\\\/epee-de-frodon-2\\\/#breadcrumb\"},\"inLanguage\":\"it-IT\",\"potentialAction\":[{\"@type\":\"ReadAction\",\"target\":[\"https:\\\/\\\/repliquemangacine.fr\\\/epees-seigneur-des-anneaux\\\/epee-de-frodon-2\\\/\"]}]},{\"@type\":\"ImageObject\",\"inLanguage\":\"it-IT\",\"@id\":\"https:\\\/\\\/repliquemangacine.fr\\\/epees-seigneur-des-anneaux\\\/epee-de-frodon-2\\\/#primaryimage\",\"url\":\"https:\\\/\\\/repliquemangacine.fr\\\/wp-content\\\/uploads\\\/2024\\\/07\\\/Epee-de-Frodon-Sacquet-sur-support.jpg\",\"contentUrl\":\"https:\\\/\\\/repliquemangacine.fr\\\/wp-content\\\/uploads\\\/2024\\\/07\\\/Epee-de-Frodon-Sacquet-sur-support.jpg\",\"width\":500,\"height\":500,\"caption\":\"Ep\u00e9e-de-Frodon-Sacquet-sur-support\"},{\"@type\":\"BreadcrumbList\",\"@id\":\"https:\\\/\\\/repliquemangacine.fr\\\/epees-seigneur-des-anneaux\\\/epee-de-frodon-2\\\/#breadcrumb\",\"itemListElement\":[{\"@type\":\"ListItem\",\"position\":1,\"name\":\"Accueil\",\"item\":\"https:\\\/\\\/repliquemangacine.fr\\\/\"},{\"@type\":\"ListItem\",\"position\":2,\"name\":\"Produits\",\"item\":\"https:\\\/\\\/repliquemangacine.fr\\\/boutique\\\/\"},{\"@type\":\"ListItem\",\"position\":3,\"name\":\"Ep\u00e9e de Frodon Sacquet\"}]},{\"@type\":\"WebSite\",\"@id\":\"https:\\\/\\\/repliquemangacine.fr\\\/#website\",\"url\":\"https:\\\/\\\/repliquemangacine.fr\\\/\",\"name\":\"R\u00e9plique Manga Cin\u00e9\",\"description\":\"\",\"publisher\":{\"@id\":\"https:\\\/\\\/repliquemangacine.fr\\\/#organization\"},\"potentialAction\":[{\"@type\":\"SearchAction\",\"target\":{\"@type\":\"EntryPoint\",\"urlTemplate\":\"https:\\\/\\\/repliquemangacine.fr\\\/?s={search_term_string}\"},\"query-input\":{\"@type\":\"PropertyValueSpecification\",\"valueRequired\":true,\"valueName\":\"search_term_string\"}}],\"inLanguage\":\"it-IT\"},{\"@type\":\"Organization\",\"@id\":\"https:\\\/\\\/repliquemangacine.fr\\\/#organization\",\"name\":\"R\u00e9plique Manga Cin\u00e9\",\"url\":\"https:\\\/\\\/repliquemangacine.fr\\\/\",\"logo\":{\"@type\":\"ImageObject\",\"inLanguage\":\"it-IT\",\"@id\":\"https:\\\/\\\/repliquemangacine.fr\\\/#\\\/schema\\\/logo\\\/image\\\/\",\"url\":\"https:\\\/\\\/repliquemangacine.fr\\\/wp-content\\\/uploads\\\/2023\\\/10\\\/RMC-500250.png\",\"contentUrl\":\"https:\\\/\\\/repliquemangacine.fr\\\/wp-content\\\/uploads\\\/2023\\\/10\\\/RMC-500250.png\",\"width\":500,\"height\":250,\"caption\":\"R\u00e9plique Manga Cin\u00e9\"},\"image\":{\"@id\":\"https:\\\/\\\/repliquemangacine.fr\\\/#\\\/schema\\\/logo\\\/image\\\/\"},\"sameAs\":[\"https:\\\/\\\/www.facebook.com\\\/RepliqueMangaCine\",\"https:\\\/\\\/www.instagram.com\\\/repliquemangacine.fr\\\/\"]}]}<\/script>\n<!-- \/ Yoast SEO plugin. -->","yoast_head_json":{"title":"La spada di Frodo Baggins - Il Signore degli Anelli | R\u00e9plique Manga Cin\u00e9","description":"Splendida replica a grandezza naturale della spada di Frodo Baggins della trilogia de Il Signore degli Anelli. Lama in acciaio inciso. Supporto da parete in legno - 74 cm","robots":{"index":"index","follow":"follow","max-snippet":"max-snippet:-1","max-image-preview":"max-image-preview:large","max-video-preview":"max-video-preview:-1"},"canonical":"https:\/\/repliquemangacine.fr\/it\/spade-del-signore-degli-anelli\/spada-di-frodo-2\/","og_locale":"it_IT","og_type":"article","og_title":"Ep\u00e9e de Frodon Sacquet - Le Seigneur des Anneaux | R\u00e9plique Manga Cin\u00e9","og_description":"Superbe r\u00e9plique en taille r\u00e9elle de l'Ep\u00e9e de Frodon Sacquet dans la trilogie Le Seigneur des Anneaux. Lame en acier grav\u00e9e. Support mural en bois - 74 cm","og_url":"https:\/\/repliquemangacine.fr\/it\/spade-del-signore-degli-anelli\/spada-di-frodo-2\/","og_site_name":"R\u00e9plique Manga Cin\u00e9","article_publisher":"https:\/\/www.facebook.com\/RepliqueMangaCine","article_modified_time":"2026-04-02T15:16:56+00:00","og_image":[{"width":500,"height":500,"url":"https:\/\/repliquemangacine.fr\/wp-content\/uploads\/2024\/07\/Epee-de-Frodon-Sacquet-sur-support.jpg","type":"image\/jpeg"}],"twitter_card":"summary_large_image","twitter_misc":{"Tempo di lettura stimato":"4 minuti"},"schema":{"@context":"https:\/\/schema.org","@graph":[{"@type":"WebPage","@id":"https:\/\/repliquemangacine.fr\/epees-seigneur-des-anneaux\/epee-de-frodon-2\/","url":"https:\/\/repliquemangacine.fr\/epees-seigneur-des-anneaux\/epee-de-frodon-2\/","name":"La spada di Frodo Baggins - Il Signore degli Anelli | R\u00e9plique Manga Cin\u00e9","isPartOf":{"@id":"https:\/\/repliquemangacine.fr\/#website"},"primaryImageOfPage":{"@id":"https:\/\/repliquemangacine.fr\/epees-seigneur-des-anneaux\/epee-de-frodon-2\/#primaryimage"},"image":{"@id":"https:\/\/repliquemangacine.fr\/epees-seigneur-des-anneaux\/epee-de-frodon-2\/#primaryimage"},"thumbnailUrl":"https:\/\/repliquemangacine.fr\/wp-content\/uploads\/2024\/07\/Epee-de-Frodon-Sacquet-sur-support.jpg","datePublished":"2024-07-03T12:46:43+00:00","dateModified":"2026-04-02T15:16:56+00:00","description":"Splendida replica a grandezza naturale della spada di Frodo Baggins della trilogia de Il Signore degli Anelli. Lama in acciaio inciso. Supporto da parete in legno - 74 cm","breadcrumb":{"@id":"https:\/\/repliquemangacine.fr\/epees-seigneur-des-anneaux\/epee-de-frodon-2\/#breadcrumb"},"inLanguage":"it-IT","potentialAction":[{"@type":"ReadAction","target":["https:\/\/repliquemangacine.fr\/epees-seigneur-des-anneaux\/epee-de-frodon-2\/"]}]},{"@type":"ImageObject","inLanguage":"it-IT","@id":"https:\/\/repliquemangacine.fr\/epees-seigneur-des-anneaux\/epee-de-frodon-2\/#primaryimage","url":"https:\/\/repliquemangacine.fr\/wp-content\/uploads\/2024\/07\/Epee-de-Frodon-Sacquet-sur-support.jpg","contentUrl":"https:\/\/repliquemangacine.fr\/wp-content\/uploads\/2024\/07\/Epee-de-Frodon-Sacquet-sur-support.jpg","width":500,"height":500,"caption":"Ep\u00e9e-de-Frodon-Sacquet-sur-support"},{"@type":"BreadcrumbList","@id":"https:\/\/repliquemangacine.fr\/epees-seigneur-des-anneaux\/epee-de-frodon-2\/#breadcrumb","itemListElement":[{"@type":"ListItem","position":1,"name":"Accueil","item":"https:\/\/repliquemangacine.fr\/"},{"@type":"ListItem","position":2,"name":"Produits","item":"https:\/\/repliquemangacine.fr\/boutique\/"},{"@type":"ListItem","position":3,"name":"Ep\u00e9e de Frodon Sacquet"}]},{"@type":"WebSite","@id":"https:\/\/repliquemangacine.fr\/#website","url":"https:\/\/repliquemangacine.fr\/","name":"R\u00e9plique Manga Cin\u00e9","description":"","publisher":{"@id":"https:\/\/repliquemangacine.fr\/#organization"},"potentialAction":[{"@type":"SearchAction","target":{"@type":"EntryPoint","urlTemplate":"https:\/\/repliquemangacine.fr\/?s={search_term_string}"},"query-input":{"@type":"PropertyValueSpecification","valueRequired":true,"valueName":"search_term_string"}}],"inLanguage":"it-IT"},{"@type":"Organization","@id":"https:\/\/repliquemangacine.fr\/#organization","name":"R\u00e9plique Manga Cin\u00e9","url":"https:\/\/repliquemangacine.fr\/","logo":{"@type":"ImageObject","inLanguage":"it-IT","@id":"https:\/\/repliquemangacine.fr\/#\/schema\/logo\/image\/","url":"https:\/\/repliquemangacine.fr\/wp-content\/uploads\/2023\/10\/RMC-500250.png","contentUrl":"https:\/\/repliquemangacine.fr\/wp-content\/uploads\/2023\/10\/RMC-500250.png","width":500,"height":250,"caption":"R\u00e9plique Manga Cin\u00e9"},"image":{"@id":"https:\/\/repliquemangacine.fr\/#\/schema\/logo\/image\/"},"sameAs":["https:\/\/www.facebook.com\/RepliqueMangaCine","https:\/\/www.instagram.com\/repliquemangacine.fr\/"]}]}},"_links":{"self":[{"href":"https:\/\/repliquemangacine.fr\/it\/wp-json\/wp\/v2\/product\/73198","targetHints":{"allow":["GET"]}}],"collection":[{"href":"https:\/\/repliquemangacine.fr\/it\/wp-json\/wp\/v2\/product"}],"about":[{"href":"https:\/\/repliquemangacine.fr\/it\/wp-json\/wp\/v2\/types\/product"}],"wp:featuredmedia":[{"embeddable":true,"href":"https:\/\/repliquemangacine.fr\/it\/wp-json\/wp\/v2\/media\/73200"}],"wp:attachment":[{"href":"https:\/\/repliquemangacine.fr\/it\/wp-json\/wp\/v2\/media?parent=73198"}],"wp:term":[{"taxonomy":"product_brand","embeddable":true,"href":"https:\/\/repliquemangacine.fr\/it\/wp-json\/wp\/v2\/product_brand?post=73198"},{"taxonomy":"product_cat","embeddable":true,"href":"https:\/\/repliquemangacine.fr\/it\/wp-json\/wp\/v2\/product_cat?post=73198"},{"taxonomy":"product_tag","embeddable":true,"href":"https:\/\/repliquemangacine.fr\/it\/wp-json\/wp\/v2\/product_tag?post=73198"}],"curies":[{"name":"wp","href":"https:\/\/api.w.org\/{rel}","templated":true}]}}