





{"id":72827,"date":"2024-06-16T18:20:16","date_gmt":"2024-06-16T16:20:16","guid":{"rendered":"https:\/\/repliquemangacine.fr\/?post_type=product&#038;p=72827"},"modified":"2025-12-27T11:36:29","modified_gmt":"2025-12-27T10:36:29","slug":"uruk-hai-scimitarra-signore-degli-anelli","status":"publish","type":"product","link":"https:\/\/repliquemangacine.fr\/it\/le-seigneur-des-anneaux\/cimeterre-uruk-hai-le-seigneur-des-anneaux\/","title":{"rendered":"Scimitarra Uruk-Hai - Il Signore degli Anelli"},"content":{"rendered":"<h2>Scimitarra Uruk-Hai: uso in combattimento<\/h2>\n<p>In primo luogo, il Cimeterra degli Uruk-Hai nella trilogia Il Signore degli Anelli, un'arma intimidatoria. Infatti, le lame, con le loro punte ricurve, riflettono la natura selvaggia e spietata degli Uruk-Hai. Va sottolineato che questi machete non sono solo armi, ma anche simboli del terrore che incutono nei loro nemici. La loro silhouette distintiva \u00e8 riconoscibile e temuta sul campo di battaglia.<\/p>\n<p>L'arma \u00e8 particolarmente utile per gli attacchi di forza bruta, in grado di rompere gli scudi e infliggere gravi ferite all'avversario. Adatta anche a una variet\u00e0 di tecniche di combattimento, inclusi potenti colpi di taglio e attacchi rapidi. Il loro design consente agli Uruk-Hai di combattere efficacemente contro diversi tipi di nemici.<\/p>\n<p>In conclusione, l'uso di queste scimitarre contribuisce all'identit\u00e0 unica degli Uruk-Hai come soldati d'\u00e9lite tra gli orchi, distinti per il loro equipaggiamento superiore e la loro disciplina.<\/p>\n<h2>Scimitarre Uruk-Hai: Orchi feroci<\/h2>\n<p>Per cominciare, gli Uruk-Hai, una razza di orchi temibili e potenti creati da Saruman nella trilogia del Signore degli Anelli. Conosciuti per la loro forza bruta, resistenza e ferocia. Temibili guerrieri che svolgono un ruolo cruciale nella Guerra dell'Anello. Creati da <a href=\"https:\/\/lotr.fandom.com\/fr\/wiki\/Saroumane\" target=\"_blank\" rel=\"noopener noreferrer\">Saroumane<\/a> incrociando Orchi con uomini. Questo li rende pi\u00f9 grandi, pi\u00f9 forti e pi\u00f9 resistenti degli Orchi comuni. A differenza degli Orchi comuni, gli Uruk-Hai possono sopportare la luce del giorno senza indebolirsi. Ci\u00f2 permette loro, tra l'altro, di sferrare attacchi a qualsiasi ora.<\/p>\n<p>Gli Uruk-Hai svolgono un ruolo centrale negli sforzi di Saruman per distruggere la Compagnia dell'Anello e conquistare il regno di Rohan. Sono responsabili di diversi eventi chiave nella trilogia:<\/p>\n<ul>\n<li><strong>Catturare Merry e Pipino<\/strong> Gli Uruk-Hai catturano Merry e Pipino durante la Battaglia di Amon Hen, credendo che uno di loro sia il portatore dell'Anello.<\/li>\n<li><strong>La battaglia del Fosso di Helm<\/strong> Guidano l'assalto alla fortezza del Fosso di Helm, minacciando la sopravvivenza del popolo di Rohan.<\/li>\n<\/ul>\n<p>In conclusione, gli Uruk-Hai simboleggiano la corruzione e il degrado causati dal male nell'universo di Tolkien. La loro creazione da parte di Saruman rappresenta un tradimento della natura e un abuso di potere. Mostrano come il desiderio di dominio possa portare alla perversione.<\/p>\n<h2>Scoprite la nostra collezione di spade del Signore degli Anelli<\/h2>\n<p>Immergetevi nell'epico mondo de Il Signore degli Anelli con la nostra esclusiva collezione di repliche delle iconiche spade della saga.<\/p>\n<ol>\n<li>Innanzitutto, <a href=\"https:\/\/repliquemangacine.fr\/it\/spade-e-pugnali-gli-anelli-del-potere\/spada-anduril-aragorn-signore-degli-anelli\/\">And\u00faril<\/a>la Fiamma dell'Ovest, la leggendaria spada di Aragorn, forgiata dai frammenti di Narsil.<\/li>\n<li>Allora sentite la potenza del<a href=\"https:\/\/repliquemangacine.fr\/it\/spade-del-signore-degli-anelli\/signore-degli-anelli-nazgul-spada-cavalieri-neri-spada\/\"> Nazg\u00fbl<\/a> con le loro spade scure e minacciose, simbolo del terrore che ispirano.<\/li>\n<li>Ci sono anche <a href=\"https:\/\/repliquemangacine.fr\/it\/le-spade-dello-hobbit\/signore-degli-anelli-glamdring-spada-gandalf\/\">Glamdring, la spada di Gandalf<\/a>Quest'arma scintillante e temibile viene utilizzata dal mago nelle battaglie decisive.<\/li>\n<li>Gestire il <a href=\"https:\/\/repliquemangacine.fr\/it\/spade-del-signore-degli-anelli\/signore-degli-anelli-legolas-sciabole\/\">Le eleganti sciabole di Legolas<\/a>perfetto per i fan del famoso elfo sylvan.<\/li>\n<li>E molto altro ancora da scoprire nel nostro negozio.<\/li>\n<\/ol>\n<p>Ogni replica \u00e8 realizzata con eccezionale precisione e attenzione ai dettagli. Ideali per i collezionisti e gli appassionati di Tolkien, queste spade sono gli oggetti da collezione perfetti per onorare l'epica eredit\u00e0 della Terra di Mezzo.<\/p>","protected":false},"excerpt":{"rendered":"<p>Questo machete Uruk-Hai Scimitar della trilogia del Signore degli Anelli \u00e8 assolutamente magnifico.<\/p>\n<ul>\n<li>Realizzato in un unico pezzo (costruzione Full Tang)<\/li>\n<li>Manico in ecopelle per una presa sicura<\/li>\n<li>Fornito con fodero<\/li>\n<li>Supporto di presentazione in legno<\/li>\n<li>Lunghezza totale: 64 cm<\/li>\n<\/ul>","protected":false},"featured_media":72830,"template":"","meta":[],"product_brand":[],"product_cat":[68,29],"product_tag":[],"class_list":{"0":"post-72827","1":"product","2":"type-product","3":"status-publish","4":"has-post-thumbnail","6":"product_cat-epees-seigneur-des-anneaux","7":"product_cat-le-seigneur-des-anneaux","9":"first","10":"instock","11":"taxable","12":"shipping-taxable","13":"purchasable","14":"product-type-simple"},"yoast_head":"<!-- This site is optimized with the Yoast SEO plugin v27.5 - https:\/\/yoast.com\/product\/yoast-seo-wordpress\/ -->\n<title>Cimeterre Uruk-Hai - Le Seigneur des Anneaux - R\u00e9plique Manga Cin\u00e9<\/title>\n<meta name=\"description\" content=\"D\u00e9couvrez ce superbe Cimeterre Uruk-Hai dans la trilogie Le Seigneur des Anneaux. En acier et Full Tang Construction. Poign\u00e9e simili. Fourreau. 64 cm\" \/>\n<meta name=\"robots\" content=\"index, follow, max-snippet:-1, max-image-preview:large, max-video-preview:-1\" \/>\n<link rel=\"canonical\" href=\"https:\/\/repliquemangacine.fr\/it\/il-signore-degli-anelli\/uruk-hai-scimitarra-signore-degli-anelli\/\" \/>\n<meta property=\"og:locale\" content=\"it_IT\" \/>\n<meta property=\"og:type\" content=\"article\" \/>\n<meta property=\"og:title\" content=\"Cimeterre Uruk-Hai - Le Seigneur des Anneaux - R\u00e9plique Manga Cin\u00e9\" \/>\n<meta property=\"og:description\" content=\"D\u00e9couvrez ce superbe Cimeterre Uruk-Hai dans la trilogie Le Seigneur des Anneaux. En acier et Full Tang Construction. Poign\u00e9e simili. Fourreau. 64 cm\" \/>\n<meta property=\"og:url\" content=\"https:\/\/repliquemangacine.fr\/it\/il-signore-degli-anelli\/uruk-hai-scimitarra-signore-degli-anelli\/\" \/>\n<meta property=\"og:site_name\" content=\"R\u00e9plique Manga Cin\u00e9\" \/>\n<meta property=\"article:publisher\" content=\"https:\/\/www.facebook.com\/RepliqueMangaCine\" \/>\n<meta property=\"article:modified_time\" content=\"2025-12-27T10:36:29+00:00\" \/>\n<meta property=\"og:image\" content=\"https:\/\/repliquemangacine.fr\/wp-content\/uploads\/2024\/06\/epee-ukai.jpg\" \/>\n\t<meta property=\"og:image:width\" content=\"500\" \/>\n\t<meta property=\"og:image:height\" content=\"500\" \/>\n\t<meta property=\"og:image:type\" content=\"image\/jpeg\" \/>\n<meta name=\"twitter:card\" content=\"summary_large_image\" \/>\n<meta name=\"twitter:label1\" content=\"Tempo di lettura stimato\" \/>\n\t<meta name=\"twitter:data1\" content=\"3 minuti\" \/>\n<script type=\"application\/ld+json\" class=\"yoast-schema-graph\">{\"@context\":\"https:\\\/\\\/schema.org\",\"@graph\":[{\"@type\":\"WebPage\",\"@id\":\"https:\\\/\\\/repliquemangacine.fr\\\/le-seigneur-des-anneaux\\\/cimeterre-uruk-hai-le-seigneur-des-anneaux\\\/\",\"url\":\"https:\\\/\\\/repliquemangacine.fr\\\/le-seigneur-des-anneaux\\\/cimeterre-uruk-hai-le-seigneur-des-anneaux\\\/\",\"name\":\"Cimeterre Uruk-Hai - Le Seigneur des Anneaux - R\u00e9plique Manga Cin\u00e9\",\"isPartOf\":{\"@id\":\"https:\\\/\\\/repliquemangacine.fr\\\/#website\"},\"primaryImageOfPage\":{\"@id\":\"https:\\\/\\\/repliquemangacine.fr\\\/le-seigneur-des-anneaux\\\/cimeterre-uruk-hai-le-seigneur-des-anneaux\\\/#primaryimage\"},\"image\":{\"@id\":\"https:\\\/\\\/repliquemangacine.fr\\\/le-seigneur-des-anneaux\\\/cimeterre-uruk-hai-le-seigneur-des-anneaux\\\/#primaryimage\"},\"thumbnailUrl\":\"https:\\\/\\\/repliquemangacine.fr\\\/wp-content\\\/uploads\\\/2024\\\/06\\\/epee-ukai.jpg\",\"datePublished\":\"2024-06-16T16:20:16+00:00\",\"dateModified\":\"2025-12-27T10:36:29+00:00\",\"description\":\"D\u00e9couvrez ce superbe Cimeterre Uruk-Hai dans la trilogie Le Seigneur des Anneaux. En acier et Full Tang Construction. Poign\u00e9e simili. Fourreau. 64 cm\",\"breadcrumb\":{\"@id\":\"https:\\\/\\\/repliquemangacine.fr\\\/le-seigneur-des-anneaux\\\/cimeterre-uruk-hai-le-seigneur-des-anneaux\\\/#breadcrumb\"},\"inLanguage\":\"it-IT\",\"potentialAction\":[{\"@type\":\"ReadAction\",\"target\":[\"https:\\\/\\\/repliquemangacine.fr\\\/le-seigneur-des-anneaux\\\/cimeterre-uruk-hai-le-seigneur-des-anneaux\\\/\"]}]},{\"@type\":\"ImageObject\",\"inLanguage\":\"it-IT\",\"@id\":\"https:\\\/\\\/repliquemangacine.fr\\\/le-seigneur-des-anneaux\\\/cimeterre-uruk-hai-le-seigneur-des-anneaux\\\/#primaryimage\",\"url\":\"https:\\\/\\\/repliquemangacine.fr\\\/wp-content\\\/uploads\\\/2024\\\/06\\\/epee-ukai.jpg\",\"contentUrl\":\"https:\\\/\\\/repliquemangacine.fr\\\/wp-content\\\/uploads\\\/2024\\\/06\\\/epee-ukai.jpg\",\"width\":500,\"height\":500,\"caption\":\"Cimeterre Uruk-Hai avec fourreau et support\"},{\"@type\":\"BreadcrumbList\",\"@id\":\"https:\\\/\\\/repliquemangacine.fr\\\/le-seigneur-des-anneaux\\\/cimeterre-uruk-hai-le-seigneur-des-anneaux\\\/#breadcrumb\",\"itemListElement\":[{\"@type\":\"ListItem\",\"position\":1,\"name\":\"Accueil\",\"item\":\"https:\\\/\\\/repliquemangacine.fr\\\/\"},{\"@type\":\"ListItem\",\"position\":2,\"name\":\"Produits\",\"item\":\"https:\\\/\\\/repliquemangacine.fr\\\/boutique\\\/\"},{\"@type\":\"ListItem\",\"position\":3,\"name\":\"Cimeterre Uruk-Hai &#8211; Le Seigneur des Anneaux\"}]},{\"@type\":\"WebSite\",\"@id\":\"https:\\\/\\\/repliquemangacine.fr\\\/#website\",\"url\":\"https:\\\/\\\/repliquemangacine.fr\\\/\",\"name\":\"R\u00e9plique Manga Cin\u00e9\",\"description\":\"\",\"publisher\":{\"@id\":\"https:\\\/\\\/repliquemangacine.fr\\\/#organization\"},\"potentialAction\":[{\"@type\":\"SearchAction\",\"target\":{\"@type\":\"EntryPoint\",\"urlTemplate\":\"https:\\\/\\\/repliquemangacine.fr\\\/?s={search_term_string}\"},\"query-input\":{\"@type\":\"PropertyValueSpecification\",\"valueRequired\":true,\"valueName\":\"search_term_string\"}}],\"inLanguage\":\"it-IT\"},{\"@type\":\"Organization\",\"@id\":\"https:\\\/\\\/repliquemangacine.fr\\\/#organization\",\"name\":\"R\u00e9plique Manga Cin\u00e9\",\"url\":\"https:\\\/\\\/repliquemangacine.fr\\\/\",\"logo\":{\"@type\":\"ImageObject\",\"inLanguage\":\"it-IT\",\"@id\":\"https:\\\/\\\/repliquemangacine.fr\\\/#\\\/schema\\\/logo\\\/image\\\/\",\"url\":\"https:\\\/\\\/repliquemangacine.fr\\\/wp-content\\\/uploads\\\/2023\\\/10\\\/RMC-500250.png\",\"contentUrl\":\"https:\\\/\\\/repliquemangacine.fr\\\/wp-content\\\/uploads\\\/2023\\\/10\\\/RMC-500250.png\",\"width\":500,\"height\":250,\"caption\":\"R\u00e9plique Manga Cin\u00e9\"},\"image\":{\"@id\":\"https:\\\/\\\/repliquemangacine.fr\\\/#\\\/schema\\\/logo\\\/image\\\/\"},\"sameAs\":[\"https:\\\/\\\/www.facebook.com\\\/RepliqueMangaCine\",\"https:\\\/\\\/www.instagram.com\\\/repliquemangacine.fr\\\/\"]}]}<\/script>\n<!-- \/ Yoast SEO plugin. -->","yoast_head_json":{"title":"Scimitarra Uruk-Hai - Il Signore degli Anelli - R\u00e9plique Manga Cin\u00e9","description":"Scoprite questa superba scimitarra Uruk-Hai della trilogia de Il Signore degli Anelli. Realizzata in acciaio e costruzione Full Tang. Impugnatura simulata. Fodero. 64 cm","robots":{"index":"index","follow":"follow","max-snippet":"max-snippet:-1","max-image-preview":"max-image-preview:large","max-video-preview":"max-video-preview:-1"},"canonical":"https:\/\/repliquemangacine.fr\/it\/il-signore-degli-anelli\/uruk-hai-scimitarra-signore-degli-anelli\/","og_locale":"it_IT","og_type":"article","og_title":"Cimeterre Uruk-Hai - Le Seigneur des Anneaux - R\u00e9plique Manga Cin\u00e9","og_description":"D\u00e9couvrez ce superbe Cimeterre Uruk-Hai dans la trilogie Le Seigneur des Anneaux. En acier et Full Tang Construction. Poign\u00e9e simili. Fourreau. 64 cm","og_url":"https:\/\/repliquemangacine.fr\/it\/il-signore-degli-anelli\/uruk-hai-scimitarra-signore-degli-anelli\/","og_site_name":"R\u00e9plique Manga Cin\u00e9","article_publisher":"https:\/\/www.facebook.com\/RepliqueMangaCine","article_modified_time":"2025-12-27T10:36:29+00:00","og_image":[{"width":500,"height":500,"url":"https:\/\/repliquemangacine.fr\/wp-content\/uploads\/2024\/06\/epee-ukai.jpg","type":"image\/jpeg"}],"twitter_card":"summary_large_image","twitter_misc":{"Tempo di lettura stimato":"3 minuti"},"schema":{"@context":"https:\/\/schema.org","@graph":[{"@type":"WebPage","@id":"https:\/\/repliquemangacine.fr\/le-seigneur-des-anneaux\/cimeterre-uruk-hai-le-seigneur-des-anneaux\/","url":"https:\/\/repliquemangacine.fr\/le-seigneur-des-anneaux\/cimeterre-uruk-hai-le-seigneur-des-anneaux\/","name":"Scimitarra Uruk-Hai - Il Signore degli Anelli - R\u00e9plique Manga Cin\u00e9","isPartOf":{"@id":"https:\/\/repliquemangacine.fr\/#website"},"primaryImageOfPage":{"@id":"https:\/\/repliquemangacine.fr\/le-seigneur-des-anneaux\/cimeterre-uruk-hai-le-seigneur-des-anneaux\/#primaryimage"},"image":{"@id":"https:\/\/repliquemangacine.fr\/le-seigneur-des-anneaux\/cimeterre-uruk-hai-le-seigneur-des-anneaux\/#primaryimage"},"thumbnailUrl":"https:\/\/repliquemangacine.fr\/wp-content\/uploads\/2024\/06\/epee-ukai.jpg","datePublished":"2024-06-16T16:20:16+00:00","dateModified":"2025-12-27T10:36:29+00:00","description":"Scoprite questa superba scimitarra Uruk-Hai della trilogia de Il Signore degli Anelli. Realizzata in acciaio e costruzione Full Tang. Impugnatura simulata. Fodero. 64 cm","breadcrumb":{"@id":"https:\/\/repliquemangacine.fr\/le-seigneur-des-anneaux\/cimeterre-uruk-hai-le-seigneur-des-anneaux\/#breadcrumb"},"inLanguage":"it-IT","potentialAction":[{"@type":"ReadAction","target":["https:\/\/repliquemangacine.fr\/le-seigneur-des-anneaux\/cimeterre-uruk-hai-le-seigneur-des-anneaux\/"]}]},{"@type":"ImageObject","inLanguage":"it-IT","@id":"https:\/\/repliquemangacine.fr\/le-seigneur-des-anneaux\/cimeterre-uruk-hai-le-seigneur-des-anneaux\/#primaryimage","url":"https:\/\/repliquemangacine.fr\/wp-content\/uploads\/2024\/06\/epee-ukai.jpg","contentUrl":"https:\/\/repliquemangacine.fr\/wp-content\/uploads\/2024\/06\/epee-ukai.jpg","width":500,"height":500,"caption":"Cimeterre Uruk-Hai avec fourreau et support"},{"@type":"BreadcrumbList","@id":"https:\/\/repliquemangacine.fr\/le-seigneur-des-anneaux\/cimeterre-uruk-hai-le-seigneur-des-anneaux\/#breadcrumb","itemListElement":[{"@type":"ListItem","position":1,"name":"Accueil","item":"https:\/\/repliquemangacine.fr\/"},{"@type":"ListItem","position":2,"name":"Produits","item":"https:\/\/repliquemangacine.fr\/boutique\/"},{"@type":"ListItem","position":3,"name":"Cimeterre Uruk-Hai &#8211; Le Seigneur des Anneaux"}]},{"@type":"WebSite","@id":"https:\/\/repliquemangacine.fr\/#website","url":"https:\/\/repliquemangacine.fr\/","name":"R\u00e9plique Manga Cin\u00e9","description":"","publisher":{"@id":"https:\/\/repliquemangacine.fr\/#organization"},"potentialAction":[{"@type":"SearchAction","target":{"@type":"EntryPoint","urlTemplate":"https:\/\/repliquemangacine.fr\/?s={search_term_string}"},"query-input":{"@type":"PropertyValueSpecification","valueRequired":true,"valueName":"search_term_string"}}],"inLanguage":"it-IT"},{"@type":"Organization","@id":"https:\/\/repliquemangacine.fr\/#organization","name":"R\u00e9plique Manga Cin\u00e9","url":"https:\/\/repliquemangacine.fr\/","logo":{"@type":"ImageObject","inLanguage":"it-IT","@id":"https:\/\/repliquemangacine.fr\/#\/schema\/logo\/image\/","url":"https:\/\/repliquemangacine.fr\/wp-content\/uploads\/2023\/10\/RMC-500250.png","contentUrl":"https:\/\/repliquemangacine.fr\/wp-content\/uploads\/2023\/10\/RMC-500250.png","width":500,"height":250,"caption":"R\u00e9plique Manga Cin\u00e9"},"image":{"@id":"https:\/\/repliquemangacine.fr\/#\/schema\/logo\/image\/"},"sameAs":["https:\/\/www.facebook.com\/RepliqueMangaCine","https:\/\/www.instagram.com\/repliquemangacine.fr\/"]}]}},"_links":{"self":[{"href":"https:\/\/repliquemangacine.fr\/it\/wp-json\/wp\/v2\/product\/72827","targetHints":{"allow":["GET"]}}],"collection":[{"href":"https:\/\/repliquemangacine.fr\/it\/wp-json\/wp\/v2\/product"}],"about":[{"href":"https:\/\/repliquemangacine.fr\/it\/wp-json\/wp\/v2\/types\/product"}],"wp:featuredmedia":[{"embeddable":true,"href":"https:\/\/repliquemangacine.fr\/it\/wp-json\/wp\/v2\/media\/72830"}],"wp:attachment":[{"href":"https:\/\/repliquemangacine.fr\/it\/wp-json\/wp\/v2\/media?parent=72827"}],"wp:term":[{"taxonomy":"product_brand","embeddable":true,"href":"https:\/\/repliquemangacine.fr\/it\/wp-json\/wp\/v2\/product_brand?post=72827"},{"taxonomy":"product_cat","embeddable":true,"href":"https:\/\/repliquemangacine.fr\/it\/wp-json\/wp\/v2\/product_cat?post=72827"},{"taxonomy":"product_tag","embeddable":true,"href":"https:\/\/repliquemangacine.fr\/it\/wp-json\/wp\/v2\/product_tag?post=72827"}],"curies":[{"name":"wp","href":"https:\/\/api.w.org\/{rel}","templated":true}]}}