





{"id":72792,"date":"2024-06-16T16:55:54","date_gmt":"2024-06-16T14:55:54","guid":{"rendered":"https:\/\/repliquemangacine.fr\/?post_type=product&#038;p=72792"},"modified":"2026-04-15T12:02:06","modified_gmt":"2026-04-15T10:02:06","slug":"tomahawk-degli-assassini-assassins-creed-3","status":"publish","type":"product","link":"https:\/\/repliquemangacine.fr\/it\/armes-assassins-creed\/tomahawk-des-assassins-assassins-creed-3\/","title":{"rendered":"Tomahawk degli Assassini - Assassin's Creed 3"},"content":{"rendered":"<h2>Tomahawk degli Assassini: l'ascia di Connor<\/h2>\n<p>Innanzitutto, il Tomahawk degli Assassini, un'arma iconica utilizzata dal protagonista Connor Kenway. Si tratta di un'arma affascinante con una ricca storia e un profondo significato culturale, in particolare per i popoli nativi americani. In Assassin's Creed III: Liberation, l'arma si chiama Tomahawk di Connor e ha le stesse statistiche dell'ascia Chimbuya.<\/p>\n<p>In origine apparteneva a Jean de la Tour, il primo Assassino del Nuovo Mondo. Molti anni dopo fu ceduto a Connor. L'Assassina della Louisiana Aveline de Grandpr\u00e9 ottenne a sua volta il tomahawk dopo aver incontrato Connor nel 1777. Quest'ultimo la aiut\u00f2 ad assassinare il Templare George Davidson, membro del reggimento etiope di Lord Dunmore.<\/p>\n<p>Connor, il cui vero nome \u00e8 <a href=\"https:\/\/assassinscreed.fandom.com\/fr\/wiki\/Ratonhnhak%C3%A9:ton\" target=\"_blank\" rel=\"noopener noreferrer\">Ratonhnhak\u00e9: il tuo<\/a>Giovane di origine met\u00e0 inglese e met\u00e0 mohawk, vissuto durante la Rivoluzione americana. Maestro Assassino, membro della Confraternita Coloniale degli Assassini durante la Guerra Rivoluzionaria.<\/p>\n<h2>Tomahawk degli Assassini: simbolo e storia<\/h2>\n<p>Per cominciare, il tomahawk di Connor rappresenta il suo legame con le sue radici Mohawk. \u00c8 un'espressione della sua eredit\u00e0 culturale e della sua identit\u00e0 di guerriero e difensore della libert\u00e0. Va sottolineato che in alcune scene cinematografiche il tomahawk viene utilizzato per sottolineare momenti di trionfo o di tragedia, rafforzando cos\u00ec il suo ruolo simbolico nell'arco narrativo di Connor.<\/p>\n<p>Questa ascia svolge un ruolo chiave in diverse missioni cruciali della storia di \u201cAssassin's Creed 3\u201d. Viene utilizzata per raggiungere obiettivi importanti, eliminare bersagli di alto valore e difendere gli alleati di Connor. Inoltre, il gioco offre una serie di animazioni e movimenti di combattimento specifici per il tomahawk, rendendo ogni attacco visivamente impressionante e tatticamente vario.<\/p>\n<p>Infine, il tomahawk di Connor, diventato una delle armi pi\u00f9 iconiche e popolari della serie \u201cAssassin's Creed\u201d. Il suo design unico e la sua efficacia in combattimento sono stati molto apprezzati dai fan.<\/p>\n<h2>Merchandising e repliche: articoli essenziali per i collezionisti<\/h2>\n<p>Grazie alla sua popolarit\u00e0, il tomahawk di Connor ha ispirato molti prodotti derivati, tra cui repliche dettagliate per i collezionisti e i fan del gioco. R\u00e9plique Manga Cin\u00e9 offre una vasta gamma di riproduzioni fedeli delle armi di Assassin's Creed.<\/p>\n<ul>\n<li>In primo luogo, il<a href=\"https:\/\/repliquemangacine.fr\/it\/armi-di-assassins-creed\/spada-altair-assassins-creed\/\">spada di Alta\u00efr<\/a> nel primo capitolo della serie.<\/li>\n<li>C'\u00e8 anche il <a href=\"https:\/\/repliquemangacine.fr\/it\/armi-di-assassins-creed\/edward-kenway-pistola-a-pietra-focaia-italiana-assassin-s-creed-iv\/\">Pistola di Edward Kenway<\/a> in Assassin's Creed IV<\/li>\n<li>Cos\u00ec come il <a href=\"https:\/\/repliquemangacine.fr\/it\/armi-di-assassins-creed\/assassin-s-creed-odyssey-replica-lancia-spezzata-di-leonida\/\">La lancia spezzata di Leonida<\/a> in Odissea<\/li>\n<li>Ultimo ma non meno importante, il <a href=\"https:\/\/repliquemangacine.fr\/it\/armi-di-assassins-creed\/asce-assassins-creed-valhalla\/\">Assi di Eivor<\/a> nel Valhalla, ma anche il martello di Thor.<\/li>\n<li>E, naturalmente, c'\u00e8 molto altro da scoprire nel nostro negozio.<\/li>\n<\/ul>\n<p>Infine, troverete anche i famosi Guanti e le statuette.<\/p>","protected":false},"excerpt":{"rendered":"<p>Splendida replica dell'ascia di Connor, il \"Tomahawk degli Assassini\".<\/p>\n<ul>\n<li>Testa di Tomahawk in metallo appositamente sagomato<\/li>\n<li>Manico in legno con simbolo<\/li>\n<li>Piuma con perla<\/li>\n<li>Impugnatura rivestita in similpelle per una presa sicura.<\/li>\n<li>Lunghezza totale: 47,5 cm<\/li>\n<\/ul>","protected":false},"featured_media":72819,"template":"","meta":[],"product_brand":[],"product_cat":[836],"product_tag":[],"class_list":{"0":"post-72792","1":"product","2":"type-product","3":"status-publish","4":"has-post-thumbnail","6":"product_cat-armes-assassins-creed","8":"first","9":"instock","10":"taxable","11":"shipping-taxable","12":"purchasable","13":"product-type-simple"},"yoast_head":"<!-- This site is optimized with the Yoast SEO plugin v27.4 - https:\/\/yoast.com\/product\/yoast-seo-wordpress\/ -->\n<title>Tomahawk des Assassins - Assassin&#039;s Creed 3 - R\u00e9plique Manga Cin\u00e9<\/title>\n<meta name=\"description\" content=\"Venez d\u00e9couvrir cette superbe hache Tomahawk des Assassins au meilleur prix. T\u00eate en acier. Manche bois richement d\u00e9cor\u00e9 avec plume. 47.5cm\" \/>\n<meta name=\"robots\" content=\"index, follow, max-snippet:-1, max-image-preview:large, max-video-preview:-1\" \/>\n<link rel=\"canonical\" href=\"https:\/\/repliquemangacine.fr\/it\/armi-di-assassins-creed\/tomahawk-degli-assassini-assassins-creed-3\/\" \/>\n<meta property=\"og:locale\" content=\"it_IT\" \/>\n<meta property=\"og:type\" content=\"article\" \/>\n<meta property=\"og:title\" content=\"Tomahawk des Assassins - Assassin&#039;s Creed 3 - R\u00e9plique Manga Cin\u00e9\" \/>\n<meta property=\"og:description\" content=\"Venez d\u00e9couvrir cette superbe hache Tomahawk des Assassins au meilleur prix. T\u00eate en acier. Manche bois richement d\u00e9cor\u00e9 avec plume. 47.5cm\" \/>\n<meta property=\"og:url\" content=\"https:\/\/repliquemangacine.fr\/it\/armi-di-assassins-creed\/tomahawk-degli-assassini-assassins-creed-3\/\" \/>\n<meta property=\"og:site_name\" content=\"R\u00e9plique Manga Cin\u00e9\" \/>\n<meta property=\"article:publisher\" content=\"https:\/\/www.facebook.com\/RepliqueMangaCine\" \/>\n<meta property=\"article:modified_time\" content=\"2026-04-15T10:02:06+00:00\" \/>\n<meta property=\"og:image\" content=\"https:\/\/repliquemangacine.fr\/wp-content\/uploads\/2024\/06\/Tomahawk-des-Assassins.jpg\" \/>\n\t<meta property=\"og:image:width\" content=\"500\" \/>\n\t<meta property=\"og:image:height\" content=\"500\" \/>\n\t<meta property=\"og:image:type\" content=\"image\/jpeg\" \/>\n<meta name=\"twitter:card\" content=\"summary_large_image\" \/>\n<meta name=\"twitter:label1\" content=\"Tempo di lettura stimato\" \/>\n\t<meta name=\"twitter:data1\" content=\"3 minuti\" \/>\n<script type=\"application\/ld+json\" class=\"yoast-schema-graph\">{\"@context\":\"https:\\\/\\\/schema.org\",\"@graph\":[{\"@type\":\"WebPage\",\"@id\":\"https:\\\/\\\/repliquemangacine.fr\\\/armes-assassins-creed\\\/tomahawk-des-assassins-assassins-creed-3\\\/\",\"url\":\"https:\\\/\\\/repliquemangacine.fr\\\/armes-assassins-creed\\\/tomahawk-des-assassins-assassins-creed-3\\\/\",\"name\":\"Tomahawk des Assassins - Assassin's Creed 3 - R\u00e9plique Manga Cin\u00e9\",\"isPartOf\":{\"@id\":\"https:\\\/\\\/repliquemangacine.fr\\\/#website\"},\"primaryImageOfPage\":{\"@id\":\"https:\\\/\\\/repliquemangacine.fr\\\/armes-assassins-creed\\\/tomahawk-des-assassins-assassins-creed-3\\\/#primaryimage\"},\"image\":{\"@id\":\"https:\\\/\\\/repliquemangacine.fr\\\/armes-assassins-creed\\\/tomahawk-des-assassins-assassins-creed-3\\\/#primaryimage\"},\"thumbnailUrl\":\"https:\\\/\\\/repliquemangacine.fr\\\/wp-content\\\/uploads\\\/2024\\\/06\\\/Tomahawk-des-Assassins.jpg\",\"datePublished\":\"2024-06-16T14:55:54+00:00\",\"dateModified\":\"2026-04-15T10:02:06+00:00\",\"description\":\"Venez d\u00e9couvrir cette superbe hache Tomahawk des Assassins au meilleur prix. T\u00eate en acier. Manche bois richement d\u00e9cor\u00e9 avec plume. 47.5cm\",\"breadcrumb\":{\"@id\":\"https:\\\/\\\/repliquemangacine.fr\\\/armes-assassins-creed\\\/tomahawk-des-assassins-assassins-creed-3\\\/#breadcrumb\"},\"inLanguage\":\"it-IT\",\"potentialAction\":[{\"@type\":\"ReadAction\",\"target\":[\"https:\\\/\\\/repliquemangacine.fr\\\/armes-assassins-creed\\\/tomahawk-des-assassins-assassins-creed-3\\\/\"]}]},{\"@type\":\"ImageObject\",\"inLanguage\":\"it-IT\",\"@id\":\"https:\\\/\\\/repliquemangacine.fr\\\/armes-assassins-creed\\\/tomahawk-des-assassins-assassins-creed-3\\\/#primaryimage\",\"url\":\"https:\\\/\\\/repliquemangacine.fr\\\/wp-content\\\/uploads\\\/2024\\\/06\\\/Tomahawk-des-Assassins.jpg\",\"contentUrl\":\"https:\\\/\\\/repliquemangacine.fr\\\/wp-content\\\/uploads\\\/2024\\\/06\\\/Tomahawk-des-Assassins.jpg\",\"width\":500,\"height\":500,\"caption\":\"Tomahawk des Assassins\"},{\"@type\":\"BreadcrumbList\",\"@id\":\"https:\\\/\\\/repliquemangacine.fr\\\/armes-assassins-creed\\\/tomahawk-des-assassins-assassins-creed-3\\\/#breadcrumb\",\"itemListElement\":[{\"@type\":\"ListItem\",\"position\":1,\"name\":\"Accueil\",\"item\":\"https:\\\/\\\/repliquemangacine.fr\\\/\"},{\"@type\":\"ListItem\",\"position\":2,\"name\":\"Produits\",\"item\":\"https:\\\/\\\/repliquemangacine.fr\\\/boutique\\\/\"},{\"@type\":\"ListItem\",\"position\":3,\"name\":\"Tomahawk des Assassins &#8211; Assassin&#8217;s Creed 3\"}]},{\"@type\":\"WebSite\",\"@id\":\"https:\\\/\\\/repliquemangacine.fr\\\/#website\",\"url\":\"https:\\\/\\\/repliquemangacine.fr\\\/\",\"name\":\"R\u00e9plique Manga Cin\u00e9\",\"description\":\"\",\"publisher\":{\"@id\":\"https:\\\/\\\/repliquemangacine.fr\\\/#organization\"},\"potentialAction\":[{\"@type\":\"SearchAction\",\"target\":{\"@type\":\"EntryPoint\",\"urlTemplate\":\"https:\\\/\\\/repliquemangacine.fr\\\/?s={search_term_string}\"},\"query-input\":{\"@type\":\"PropertyValueSpecification\",\"valueRequired\":true,\"valueName\":\"search_term_string\"}}],\"inLanguage\":\"it-IT\"},{\"@type\":\"Organization\",\"@id\":\"https:\\\/\\\/repliquemangacine.fr\\\/#organization\",\"name\":\"R\u00e9plique Manga Cin\u00e9\",\"url\":\"https:\\\/\\\/repliquemangacine.fr\\\/\",\"logo\":{\"@type\":\"ImageObject\",\"inLanguage\":\"it-IT\",\"@id\":\"https:\\\/\\\/repliquemangacine.fr\\\/#\\\/schema\\\/logo\\\/image\\\/\",\"url\":\"https:\\\/\\\/repliquemangacine.fr\\\/wp-content\\\/uploads\\\/2023\\\/10\\\/RMC-500250.png\",\"contentUrl\":\"https:\\\/\\\/repliquemangacine.fr\\\/wp-content\\\/uploads\\\/2023\\\/10\\\/RMC-500250.png\",\"width\":500,\"height\":250,\"caption\":\"R\u00e9plique Manga Cin\u00e9\"},\"image\":{\"@id\":\"https:\\\/\\\/repliquemangacine.fr\\\/#\\\/schema\\\/logo\\\/image\\\/\"},\"sameAs\":[\"https:\\\/\\\/www.facebook.com\\\/RepliqueMangaCine\",\"https:\\\/\\\/www.instagram.com\\\/repliquemangacine.fr\\\/\"]}]}<\/script>\n<!-- \/ Yoast SEO plugin. -->","yoast_head_json":{"title":"Tomahawk degli Assassini - Assassin's Creed 3 - R\u00e9plique Manga Cin\u00e9","description":"Scoprite questa superba ascia Assassins Tomahawk al miglior prezzo. Testa in acciaio. Manico in legno riccamente decorato con piuma. Lunghezza 47,5 cm","robots":{"index":"index","follow":"follow","max-snippet":"max-snippet:-1","max-image-preview":"max-image-preview:large","max-video-preview":"max-video-preview:-1"},"canonical":"https:\/\/repliquemangacine.fr\/it\/armi-di-assassins-creed\/tomahawk-degli-assassini-assassins-creed-3\/","og_locale":"it_IT","og_type":"article","og_title":"Tomahawk des Assassins - Assassin's Creed 3 - R\u00e9plique Manga Cin\u00e9","og_description":"Venez d\u00e9couvrir cette superbe hache Tomahawk des Assassins au meilleur prix. T\u00eate en acier. Manche bois richement d\u00e9cor\u00e9 avec plume. 47.5cm","og_url":"https:\/\/repliquemangacine.fr\/it\/armi-di-assassins-creed\/tomahawk-degli-assassini-assassins-creed-3\/","og_site_name":"R\u00e9plique Manga Cin\u00e9","article_publisher":"https:\/\/www.facebook.com\/RepliqueMangaCine","article_modified_time":"2026-04-15T10:02:06+00:00","og_image":[{"width":500,"height":500,"url":"https:\/\/repliquemangacine.fr\/wp-content\/uploads\/2024\/06\/Tomahawk-des-Assassins.jpg","type":"image\/jpeg"}],"twitter_card":"summary_large_image","twitter_misc":{"Tempo di lettura stimato":"3 minuti"},"schema":{"@context":"https:\/\/schema.org","@graph":[{"@type":"WebPage","@id":"https:\/\/repliquemangacine.fr\/armes-assassins-creed\/tomahawk-des-assassins-assassins-creed-3\/","url":"https:\/\/repliquemangacine.fr\/armes-assassins-creed\/tomahawk-des-assassins-assassins-creed-3\/","name":"Tomahawk degli Assassini - Assassin's Creed 3 - R\u00e9plique Manga Cin\u00e9","isPartOf":{"@id":"https:\/\/repliquemangacine.fr\/#website"},"primaryImageOfPage":{"@id":"https:\/\/repliquemangacine.fr\/armes-assassins-creed\/tomahawk-des-assassins-assassins-creed-3\/#primaryimage"},"image":{"@id":"https:\/\/repliquemangacine.fr\/armes-assassins-creed\/tomahawk-des-assassins-assassins-creed-3\/#primaryimage"},"thumbnailUrl":"https:\/\/repliquemangacine.fr\/wp-content\/uploads\/2024\/06\/Tomahawk-des-Assassins.jpg","datePublished":"2024-06-16T14:55:54+00:00","dateModified":"2026-04-15T10:02:06+00:00","description":"Scoprite questa superba ascia Assassins Tomahawk al miglior prezzo. Testa in acciaio. Manico in legno riccamente decorato con piuma. Lunghezza 47,5 cm","breadcrumb":{"@id":"https:\/\/repliquemangacine.fr\/armes-assassins-creed\/tomahawk-des-assassins-assassins-creed-3\/#breadcrumb"},"inLanguage":"it-IT","potentialAction":[{"@type":"ReadAction","target":["https:\/\/repliquemangacine.fr\/armes-assassins-creed\/tomahawk-des-assassins-assassins-creed-3\/"]}]},{"@type":"ImageObject","inLanguage":"it-IT","@id":"https:\/\/repliquemangacine.fr\/armes-assassins-creed\/tomahawk-des-assassins-assassins-creed-3\/#primaryimage","url":"https:\/\/repliquemangacine.fr\/wp-content\/uploads\/2024\/06\/Tomahawk-des-Assassins.jpg","contentUrl":"https:\/\/repliquemangacine.fr\/wp-content\/uploads\/2024\/06\/Tomahawk-des-Assassins.jpg","width":500,"height":500,"caption":"Tomahawk des Assassins"},{"@type":"BreadcrumbList","@id":"https:\/\/repliquemangacine.fr\/armes-assassins-creed\/tomahawk-des-assassins-assassins-creed-3\/#breadcrumb","itemListElement":[{"@type":"ListItem","position":1,"name":"Accueil","item":"https:\/\/repliquemangacine.fr\/"},{"@type":"ListItem","position":2,"name":"Produits","item":"https:\/\/repliquemangacine.fr\/boutique\/"},{"@type":"ListItem","position":3,"name":"Tomahawk des Assassins &#8211; Assassin&#8217;s Creed 3"}]},{"@type":"WebSite","@id":"https:\/\/repliquemangacine.fr\/#website","url":"https:\/\/repliquemangacine.fr\/","name":"R\u00e9plique Manga Cin\u00e9","description":"","publisher":{"@id":"https:\/\/repliquemangacine.fr\/#organization"},"potentialAction":[{"@type":"SearchAction","target":{"@type":"EntryPoint","urlTemplate":"https:\/\/repliquemangacine.fr\/?s={search_term_string}"},"query-input":{"@type":"PropertyValueSpecification","valueRequired":true,"valueName":"search_term_string"}}],"inLanguage":"it-IT"},{"@type":"Organization","@id":"https:\/\/repliquemangacine.fr\/#organization","name":"R\u00e9plique Manga Cin\u00e9","url":"https:\/\/repliquemangacine.fr\/","logo":{"@type":"ImageObject","inLanguage":"it-IT","@id":"https:\/\/repliquemangacine.fr\/#\/schema\/logo\/image\/","url":"https:\/\/repliquemangacine.fr\/wp-content\/uploads\/2023\/10\/RMC-500250.png","contentUrl":"https:\/\/repliquemangacine.fr\/wp-content\/uploads\/2023\/10\/RMC-500250.png","width":500,"height":250,"caption":"R\u00e9plique Manga Cin\u00e9"},"image":{"@id":"https:\/\/repliquemangacine.fr\/#\/schema\/logo\/image\/"},"sameAs":["https:\/\/www.facebook.com\/RepliqueMangaCine","https:\/\/www.instagram.com\/repliquemangacine.fr\/"]}]}},"_links":{"self":[{"href":"https:\/\/repliquemangacine.fr\/it\/wp-json\/wp\/v2\/product\/72792","targetHints":{"allow":["GET"]}}],"collection":[{"href":"https:\/\/repliquemangacine.fr\/it\/wp-json\/wp\/v2\/product"}],"about":[{"href":"https:\/\/repliquemangacine.fr\/it\/wp-json\/wp\/v2\/types\/product"}],"wp:featuredmedia":[{"embeddable":true,"href":"https:\/\/repliquemangacine.fr\/it\/wp-json\/wp\/v2\/media\/72819"}],"wp:attachment":[{"href":"https:\/\/repliquemangacine.fr\/it\/wp-json\/wp\/v2\/media?parent=72792"}],"wp:term":[{"taxonomy":"product_brand","embeddable":true,"href":"https:\/\/repliquemangacine.fr\/it\/wp-json\/wp\/v2\/product_brand?post=72792"},{"taxonomy":"product_cat","embeddable":true,"href":"https:\/\/repliquemangacine.fr\/it\/wp-json\/wp\/v2\/product_cat?post=72792"},{"taxonomy":"product_tag","embeddable":true,"href":"https:\/\/repliquemangacine.fr\/it\/wp-json\/wp\/v2\/product_tag?post=72792"}],"curies":[{"name":"wp","href":"https:\/\/api.w.org\/{rel}","templated":true}]}}