





{"id":72769,"date":"2024-06-14T14:17:32","date_gmt":"2024-06-14T12:17:32","guid":{"rendered":"https:\/\/repliquemangacine.fr\/?post_type=product&#038;p=72769"},"modified":"2026-02-18T16:07:50","modified_gmt":"2026-02-18T15:07:50","slug":"spade-del-caos-in-metallo-di-god-of-war","status":"publish","type":"product","link":"https:\/\/repliquemangacine.fr\/it\/katana-et-epee-de-jeux-video-autre-jeux-video\/epees-du-chaos-metal-god-of-war\/","title":{"rendered":"Spade di metallo del Caos - God of War"},"content":{"rendered":"<h2>Spade di metallo del Caos : Replica di alta qualit\u00e0<\/h2>\n<p>Per prima cosa, immergiti nell'universo di God of War con le Spade del Caos in metallo. Queste repliche identiche sono state realizzate con meticolosa attenzione ai dettagli. Offrono sicurezza e realismo sia ai cosplayer che agli appassionati di giochi di ruolo.<\/p>\n<p>Per cominciare, torniamo alle origini. Prima di servire Ares, l'arma principale di Kratos era la sua spada. Sotto il regno di Ares, le armi principali di Kratos divennero le Lame del Caos. Un dono di Ares in segno di servit\u00f9. Si tratta essenzialmente di due lame simili a Falchion su lunghe catene. fuse in modo permanente e bruciate sugli avambracci di chi le impugna.<\/p>\n<p>Quindi, una volta che Kratos uccise Ares, Atena li sostitu\u00ec con un paio di lame quasi identiche chiamate Lame di Atena. Poi li sostitu\u00ec nuovamente in <a href=\"https:\/\/godofwar.fandom.com\/fr\/wiki\/Wiki_God_of_War\" target=\"_blank\" rel=\"noopener noreferrer\">Dio della Guerra<\/a> III dal molto simile Blades of Exile. Kratos dimostra di padroneggiare tutte le sue armi. Ci\u00f2 implica che ha appreso molte delle sue abilit\u00e0 di combattimento da Ares e da altre divinit\u00e0, tra cui lo stesso antico dio della guerra. Inizialmente, Kratos aveva anche un enorme esercito spartano sotto il suo comando. Utilizzato sia prima che durante la sua servit\u00f9 sotto Ares.<\/p>\n<h2>Spade di metallo del Caos: da usare in combattimento<\/h2>\n<ol>\n<li><strong>Movimenti<\/strong> In primo luogo, Kratos usa le Spade del Caos con una fluidit\u00e0 impressionante. Fa oscillare e roteare le lame per attaccare pi\u00f9 nemici contemporaneamente. Le catene consentono movimenti acrobatici e attacchi a distanza.<\/li>\n<li><strong>Poteri speciali<\/strong> Le spade possono essere incendiate, aggiungendo danni da fuoco a ogni colpo. Possono anche abbattere le difese nemiche e interagire con specifici elementi ambientali per risolvere gli enigmi.<\/li>\n<li><strong>L'evoluzione<\/strong> Nel corso di ogni gioco, le Spade del Caos si evolvono, acquisendo nuove abilit\u00e0 e diventando ancora pi\u00f9 temibili. In God of War (2018), Kratos impugna queste spade dopo aver inizialmente utilizzato l'Ascia del Leviatano, mostrando un'evoluzione personale e narrativa.<\/li>\n<\/ol>\n<h2>Armi leggendarie dei videogiochi: Repliche fedeli<\/h2>\n<p>Immergetevi nell'affascinante mondo dei videogiochi con la nostra eccezionale selezione di repliche di armi iconiche. Ogni pezzo \u00e8 meticolosamente realizzato per essere identico al modello del gioco. Offrendo un livello di dettaglio e qualit\u00e0 senza pari.<\/p>\n<ul>\n<li>Scoprire il<a href=\"https:\/\/repliquemangacine.fr\/it\/impatto-genshin\/fredom-spada-giurata-nellimpatto-di-genshin\/\">Fredom - Spada indossata<\/a> di Genshin Impact, con le sue finiture impeccabili che ricordano le avventure del vostro personaggio preferito.<\/li>\n<li>C'\u00e8 anche il <a href=\"https:\/\/repliquemangacine.fr\/it\/katana-e-spada-videogiochi-altri-videogiochi\/katana-del-fiume-insanguinato\/\">Katana del fiume insanguinato di Elden Ring<\/a>La replica perfetta per i fan del gioco e i collezionisti di armi fantasy.<\/li>\n<li>Cos\u00ec come il <a href=\"https:\/\/repliquemangacine.fr\/it\/katana-e-spada-videogiochi-altri-videogiochi\/ascia-del-leviatano-di-kratos-god-of-war-ragnarok\/\">Ascia Leviathan di Kratos<\/a>tratto da God of War, permette di sentire il potere del dio norreno della guerra ogni volta che lo si tiene in mano.<\/li>\n<li>Infine, il <a href=\"https:\/\/repliquemangacine.fr\/it\/katana-e-spada-videogiochi-altri-videogiochi\/spada-sephiroth-masamune-192-cm\/\">Katana Sephiroth Masamune<\/a> di Final Fantasy VII \u00e8 un must per tutti i fan di questo classico senza tempo, con la sua lunga ed elegante lama che incarna il potere e la mistica di Sephiroth.<\/li>\n<\/ul>\n<p>In conclusione, aggiungete queste leggendarie repliche alla vostra collezione e lasciatevi trasportare nei mondi epici dei vostri videogiochi preferiti.<\/p>","protected":false},"excerpt":{"rendered":"<p>Superbo set delle due spade del Caos nel videogioco God of War<\/p>\n<ul>\n<li>Lame in acciaio non affilate con ideogramma<\/li>\n<li>Protezione in metallo sagomata appositamente per il gioco<\/li>\n<li>Catena metallica che collega i due pugnali<\/li>\n<li>Manico rivestito in pelle<\/li>\n<li>Viene fornito con un supporto in legno con il nome di God Of War.<\/li>\n<li>Lunghezza: 44 cm<\/li>\n<\/ul>","protected":false},"featured_media":72770,"template":"","meta":[],"product_brand":[],"product_cat":[985,67],"product_tag":[],"class_list":{"0":"post-72769","1":"product","2":"type-product","3":"status-publish","4":"has-post-thumbnail","6":"product_cat-replique-god-of-war","7":"product_cat-katana-et-epee-de-jeux-video-autre-jeux-video","9":"first","10":"instock","11":"taxable","12":"shipping-taxable","13":"purchasable","14":"product-type-simple"},"yoast_head":"<!-- This site is optimized with the Yoast SEO plugin v27.5 - https:\/\/yoast.com\/product\/yoast-seo-wordpress\/ -->\n<title>\u00c9p\u00e9es du Chaos m\u00e9tal - God of War - R\u00e9plique Manga Cin\u00e9<\/title>\n<meta name=\"description\" content=\"Venez d\u00e9couvrir les \u00c9p\u00e9es du Chaos m\u00e9tal du jeu vid\u00e9o God of War. Lame en m\u00e9tal de forme sp\u00e9cifique. Poign\u00e9e en cuir. Chaine reliant les deux \u00e9p\u00e9es. 44 cm\" \/>\n<meta name=\"robots\" content=\"index, follow, max-snippet:-1, max-image-preview:large, max-video-preview:-1\" \/>\n<link rel=\"canonical\" href=\"https:\/\/repliquemangacine.fr\/it\/katana-e-spada-videogiochi-altri-videogiochi\/spade-del-caos-in-metallo-di-god-of-war\/\" \/>\n<meta property=\"og:locale\" content=\"it_IT\" \/>\n<meta property=\"og:type\" content=\"article\" \/>\n<meta property=\"og:title\" content=\"\u00c9p\u00e9es du Chaos m\u00e9tal - God of War - R\u00e9plique Manga Cin\u00e9\" \/>\n<meta property=\"og:description\" content=\"Venez d\u00e9couvrir les \u00c9p\u00e9es du Chaos m\u00e9tal du jeu vid\u00e9o God of War. Lame en m\u00e9tal de forme sp\u00e9cifique. Poign\u00e9e en cuir. Chaine reliant les deux \u00e9p\u00e9es. 44 cm\" \/>\n<meta property=\"og:url\" content=\"https:\/\/repliquemangacine.fr\/it\/katana-e-spada-videogiochi-altri-videogiochi\/spade-del-caos-in-metallo-di-god-of-war\/\" \/>\n<meta property=\"og:site_name\" content=\"R\u00e9plique Manga Cin\u00e9\" \/>\n<meta property=\"article:publisher\" content=\"https:\/\/www.facebook.com\/RepliqueMangaCine\" \/>\n<meta property=\"article:modified_time\" content=\"2026-02-18T15:07:50+00:00\" \/>\n<meta property=\"og:image\" content=\"https:\/\/repliquemangacine.fr\/wp-content\/uploads\/2024\/06\/support-epee-chaos.jpg\" \/>\n\t<meta property=\"og:image:width\" content=\"500\" \/>\n\t<meta property=\"og:image:height\" content=\"500\" \/>\n\t<meta property=\"og:image:type\" content=\"image\/jpeg\" \/>\n<meta name=\"twitter:card\" content=\"summary_large_image\" \/>\n<meta name=\"twitter:label1\" content=\"Tempo di lettura stimato\" \/>\n\t<meta name=\"twitter:data1\" content=\"3 minuti\" \/>\n<script type=\"application\/ld+json\" class=\"yoast-schema-graph\">{\"@context\":\"https:\\\/\\\/schema.org\",\"@graph\":[{\"@type\":\"WebPage\",\"@id\":\"https:\\\/\\\/repliquemangacine.fr\\\/katana-et-epee-de-jeux-video-autre-jeux-video\\\/epees-du-chaos-metal-god-of-war\\\/\",\"url\":\"https:\\\/\\\/repliquemangacine.fr\\\/katana-et-epee-de-jeux-video-autre-jeux-video\\\/epees-du-chaos-metal-god-of-war\\\/\",\"name\":\"\u00c9p\u00e9es du Chaos m\u00e9tal - God of War - R\u00e9plique Manga Cin\u00e9\",\"isPartOf\":{\"@id\":\"https:\\\/\\\/repliquemangacine.fr\\\/#website\"},\"primaryImageOfPage\":{\"@id\":\"https:\\\/\\\/repliquemangacine.fr\\\/katana-et-epee-de-jeux-video-autre-jeux-video\\\/epees-du-chaos-metal-god-of-war\\\/#primaryimage\"},\"image\":{\"@id\":\"https:\\\/\\\/repliquemangacine.fr\\\/katana-et-epee-de-jeux-video-autre-jeux-video\\\/epees-du-chaos-metal-god-of-war\\\/#primaryimage\"},\"thumbnailUrl\":\"https:\\\/\\\/repliquemangacine.fr\\\/wp-content\\\/uploads\\\/2024\\\/06\\\/support-epee-chaos.jpg\",\"datePublished\":\"2024-06-14T12:17:32+00:00\",\"dateModified\":\"2026-02-18T15:07:50+00:00\",\"description\":\"Venez d\u00e9couvrir les \u00c9p\u00e9es du Chaos m\u00e9tal du jeu vid\u00e9o God of War. Lame en m\u00e9tal de forme sp\u00e9cifique. Poign\u00e9e en cuir. Chaine reliant les deux \u00e9p\u00e9es. 44 cm\",\"breadcrumb\":{\"@id\":\"https:\\\/\\\/repliquemangacine.fr\\\/katana-et-epee-de-jeux-video-autre-jeux-video\\\/epees-du-chaos-metal-god-of-war\\\/#breadcrumb\"},\"inLanguage\":\"it-IT\",\"potentialAction\":[{\"@type\":\"ReadAction\",\"target\":[\"https:\\\/\\\/repliquemangacine.fr\\\/katana-et-epee-de-jeux-video-autre-jeux-video\\\/epees-du-chaos-metal-god-of-war\\\/\"]}]},{\"@type\":\"ImageObject\",\"inLanguage\":\"it-IT\",\"@id\":\"https:\\\/\\\/repliquemangacine.fr\\\/katana-et-epee-de-jeux-video-autre-jeux-video\\\/epees-du-chaos-metal-god-of-war\\\/#primaryimage\",\"url\":\"https:\\\/\\\/repliquemangacine.fr\\\/wp-content\\\/uploads\\\/2024\\\/06\\\/support-epee-chaos.jpg\",\"contentUrl\":\"https:\\\/\\\/repliquemangacine.fr\\\/wp-content\\\/uploads\\\/2024\\\/06\\\/support-epee-chaos.jpg\",\"width\":500,\"height\":500,\"caption\":\"\u00c9p\u00e9es du Chaos en m\u00e9tal God of War\"},{\"@type\":\"BreadcrumbList\",\"@id\":\"https:\\\/\\\/repliquemangacine.fr\\\/katana-et-epee-de-jeux-video-autre-jeux-video\\\/epees-du-chaos-metal-god-of-war\\\/#breadcrumb\",\"itemListElement\":[{\"@type\":\"ListItem\",\"position\":1,\"name\":\"Accueil\",\"item\":\"https:\\\/\\\/repliquemangacine.fr\\\/\"},{\"@type\":\"ListItem\",\"position\":2,\"name\":\"Produits\",\"item\":\"https:\\\/\\\/repliquemangacine.fr\\\/boutique\\\/\"},{\"@type\":\"ListItem\",\"position\":3,\"name\":\"\u00c9p\u00e9es du Chaos m\u00e9tal &#8211; God of War\"}]},{\"@type\":\"WebSite\",\"@id\":\"https:\\\/\\\/repliquemangacine.fr\\\/#website\",\"url\":\"https:\\\/\\\/repliquemangacine.fr\\\/\",\"name\":\"R\u00e9plique Manga Cin\u00e9\",\"description\":\"\",\"publisher\":{\"@id\":\"https:\\\/\\\/repliquemangacine.fr\\\/#organization\"},\"potentialAction\":[{\"@type\":\"SearchAction\",\"target\":{\"@type\":\"EntryPoint\",\"urlTemplate\":\"https:\\\/\\\/repliquemangacine.fr\\\/?s={search_term_string}\"},\"query-input\":{\"@type\":\"PropertyValueSpecification\",\"valueRequired\":true,\"valueName\":\"search_term_string\"}}],\"inLanguage\":\"it-IT\"},{\"@type\":\"Organization\",\"@id\":\"https:\\\/\\\/repliquemangacine.fr\\\/#organization\",\"name\":\"R\u00e9plique Manga Cin\u00e9\",\"url\":\"https:\\\/\\\/repliquemangacine.fr\\\/\",\"logo\":{\"@type\":\"ImageObject\",\"inLanguage\":\"it-IT\",\"@id\":\"https:\\\/\\\/repliquemangacine.fr\\\/#\\\/schema\\\/logo\\\/image\\\/\",\"url\":\"https:\\\/\\\/repliquemangacine.fr\\\/wp-content\\\/uploads\\\/2023\\\/10\\\/RMC-500250.png\",\"contentUrl\":\"https:\\\/\\\/repliquemangacine.fr\\\/wp-content\\\/uploads\\\/2023\\\/10\\\/RMC-500250.png\",\"width\":500,\"height\":250,\"caption\":\"R\u00e9plique Manga Cin\u00e9\"},\"image\":{\"@id\":\"https:\\\/\\\/repliquemangacine.fr\\\/#\\\/schema\\\/logo\\\/image\\\/\"},\"sameAs\":[\"https:\\\/\\\/www.facebook.com\\\/RepliqueMangaCine\",\"https:\\\/\\\/www.instagram.com\\\/repliquemangacine.fr\\\/\"]}]}<\/script>\n<!-- \/ Yoast SEO plugin. -->","yoast_head_json":{"title":"Spade di metallo del caos - God of War - R\u00e9plique Manga Cin\u00e9","description":"Scoprite le Spade del Caos in metallo del videogioco God of War. Lama in metallo appositamente sagomata. Impugnatura in pelle. Catena che collega le due spade. Lunghezza 44 cm","robots":{"index":"index","follow":"follow","max-snippet":"max-snippet:-1","max-image-preview":"max-image-preview:large","max-video-preview":"max-video-preview:-1"},"canonical":"https:\/\/repliquemangacine.fr\/it\/katana-e-spada-videogiochi-altri-videogiochi\/spade-del-caos-in-metallo-di-god-of-war\/","og_locale":"it_IT","og_type":"article","og_title":"\u00c9p\u00e9es du Chaos m\u00e9tal - God of War - R\u00e9plique Manga Cin\u00e9","og_description":"Venez d\u00e9couvrir les \u00c9p\u00e9es du Chaos m\u00e9tal du jeu vid\u00e9o God of War. Lame en m\u00e9tal de forme sp\u00e9cifique. Poign\u00e9e en cuir. Chaine reliant les deux \u00e9p\u00e9es. 44 cm","og_url":"https:\/\/repliquemangacine.fr\/it\/katana-e-spada-videogiochi-altri-videogiochi\/spade-del-caos-in-metallo-di-god-of-war\/","og_site_name":"R\u00e9plique Manga Cin\u00e9","article_publisher":"https:\/\/www.facebook.com\/RepliqueMangaCine","article_modified_time":"2026-02-18T15:07:50+00:00","og_image":[{"width":500,"height":500,"url":"https:\/\/repliquemangacine.fr\/wp-content\/uploads\/2024\/06\/support-epee-chaos.jpg","type":"image\/jpeg"}],"twitter_card":"summary_large_image","twitter_misc":{"Tempo di lettura stimato":"3 minuti"},"schema":{"@context":"https:\/\/schema.org","@graph":[{"@type":"WebPage","@id":"https:\/\/repliquemangacine.fr\/katana-et-epee-de-jeux-video-autre-jeux-video\/epees-du-chaos-metal-god-of-war\/","url":"https:\/\/repliquemangacine.fr\/katana-et-epee-de-jeux-video-autre-jeux-video\/epees-du-chaos-metal-god-of-war\/","name":"Spade di metallo del caos - God of War - R\u00e9plique Manga Cin\u00e9","isPartOf":{"@id":"https:\/\/repliquemangacine.fr\/#website"},"primaryImageOfPage":{"@id":"https:\/\/repliquemangacine.fr\/katana-et-epee-de-jeux-video-autre-jeux-video\/epees-du-chaos-metal-god-of-war\/#primaryimage"},"image":{"@id":"https:\/\/repliquemangacine.fr\/katana-et-epee-de-jeux-video-autre-jeux-video\/epees-du-chaos-metal-god-of-war\/#primaryimage"},"thumbnailUrl":"https:\/\/repliquemangacine.fr\/wp-content\/uploads\/2024\/06\/support-epee-chaos.jpg","datePublished":"2024-06-14T12:17:32+00:00","dateModified":"2026-02-18T15:07:50+00:00","description":"Scoprite le Spade del Caos in metallo del videogioco God of War. Lama in metallo appositamente sagomata. Impugnatura in pelle. Catena che collega le due spade. Lunghezza 44 cm","breadcrumb":{"@id":"https:\/\/repliquemangacine.fr\/katana-et-epee-de-jeux-video-autre-jeux-video\/epees-du-chaos-metal-god-of-war\/#breadcrumb"},"inLanguage":"it-IT","potentialAction":[{"@type":"ReadAction","target":["https:\/\/repliquemangacine.fr\/katana-et-epee-de-jeux-video-autre-jeux-video\/epees-du-chaos-metal-god-of-war\/"]}]},{"@type":"ImageObject","inLanguage":"it-IT","@id":"https:\/\/repliquemangacine.fr\/katana-et-epee-de-jeux-video-autre-jeux-video\/epees-du-chaos-metal-god-of-war\/#primaryimage","url":"https:\/\/repliquemangacine.fr\/wp-content\/uploads\/2024\/06\/support-epee-chaos.jpg","contentUrl":"https:\/\/repliquemangacine.fr\/wp-content\/uploads\/2024\/06\/support-epee-chaos.jpg","width":500,"height":500,"caption":"\u00c9p\u00e9es du Chaos en m\u00e9tal God of War"},{"@type":"BreadcrumbList","@id":"https:\/\/repliquemangacine.fr\/katana-et-epee-de-jeux-video-autre-jeux-video\/epees-du-chaos-metal-god-of-war\/#breadcrumb","itemListElement":[{"@type":"ListItem","position":1,"name":"Accueil","item":"https:\/\/repliquemangacine.fr\/"},{"@type":"ListItem","position":2,"name":"Produits","item":"https:\/\/repliquemangacine.fr\/boutique\/"},{"@type":"ListItem","position":3,"name":"\u00c9p\u00e9es du Chaos m\u00e9tal &#8211; God of War"}]},{"@type":"WebSite","@id":"https:\/\/repliquemangacine.fr\/#website","url":"https:\/\/repliquemangacine.fr\/","name":"R\u00e9plique Manga Cin\u00e9","description":"","publisher":{"@id":"https:\/\/repliquemangacine.fr\/#organization"},"potentialAction":[{"@type":"SearchAction","target":{"@type":"EntryPoint","urlTemplate":"https:\/\/repliquemangacine.fr\/?s={search_term_string}"},"query-input":{"@type":"PropertyValueSpecification","valueRequired":true,"valueName":"search_term_string"}}],"inLanguage":"it-IT"},{"@type":"Organization","@id":"https:\/\/repliquemangacine.fr\/#organization","name":"R\u00e9plique Manga Cin\u00e9","url":"https:\/\/repliquemangacine.fr\/","logo":{"@type":"ImageObject","inLanguage":"it-IT","@id":"https:\/\/repliquemangacine.fr\/#\/schema\/logo\/image\/","url":"https:\/\/repliquemangacine.fr\/wp-content\/uploads\/2023\/10\/RMC-500250.png","contentUrl":"https:\/\/repliquemangacine.fr\/wp-content\/uploads\/2023\/10\/RMC-500250.png","width":500,"height":250,"caption":"R\u00e9plique Manga Cin\u00e9"},"image":{"@id":"https:\/\/repliquemangacine.fr\/#\/schema\/logo\/image\/"},"sameAs":["https:\/\/www.facebook.com\/RepliqueMangaCine","https:\/\/www.instagram.com\/repliquemangacine.fr\/"]}]}},"_links":{"self":[{"href":"https:\/\/repliquemangacine.fr\/it\/wp-json\/wp\/v2\/product\/72769","targetHints":{"allow":["GET"]}}],"collection":[{"href":"https:\/\/repliquemangacine.fr\/it\/wp-json\/wp\/v2\/product"}],"about":[{"href":"https:\/\/repliquemangacine.fr\/it\/wp-json\/wp\/v2\/types\/product"}],"wp:featuredmedia":[{"embeddable":true,"href":"https:\/\/repliquemangacine.fr\/it\/wp-json\/wp\/v2\/media\/72770"}],"wp:attachment":[{"href":"https:\/\/repliquemangacine.fr\/it\/wp-json\/wp\/v2\/media?parent=72769"}],"wp:term":[{"taxonomy":"product_brand","embeddable":true,"href":"https:\/\/repliquemangacine.fr\/it\/wp-json\/wp\/v2\/product_brand?post=72769"},{"taxonomy":"product_cat","embeddable":true,"href":"https:\/\/repliquemangacine.fr\/it\/wp-json\/wp\/v2\/product_cat?post=72769"},{"taxonomy":"product_tag","embeddable":true,"href":"https:\/\/repliquemangacine.fr\/it\/wp-json\/wp\/v2\/product_tag?post=72769"}],"curies":[{"name":"wp","href":"https:\/\/api.w.org\/{rel}","templated":true}]}}