





{"id":72710,"date":"2024-06-13T14:51:02","date_gmt":"2024-06-13T12:51:02","guid":{"rendered":"https:\/\/repliquemangacine.fr\/?post_type=product&#038;p=72710"},"modified":"2025-12-12T21:08:56","modified_gmt":"2025-12-12T20:08:56","slug":"spada-a-doppia-lama-thanos","status":"publish","type":"product","link":"https:\/\/repliquemangacine.fr\/it\/super-heros-marvel\/epee-double-lames-de-thanos\/","title":{"rendered":"La spada a doppia lama di Thanos"},"content":{"rendered":"<h2>Spada a doppia lama di Thanos: un oggetto da collezione imperdibile<\/h2>\n<p>Per cominciare, scoprite la spada a doppia lama di Thanos, nota anche come Double-Edged Sword o Thanos\u2019 Blade. Arma iconica utilizzata dal Titano Pazzo nell'universo cinematografico Marvel (MCU). Ecco cosa sappiamo su questa temibile arma:<\/p>\n<p>La spada a doppia lama di Thanos appare per la prima volta nel film \u201c<a href=\"https:\/\/universcinematographiquemarvel.fandom.com\/fr\/wiki\/Avengers\" target=\"_blank\" rel=\"noopener noreferrer\">Vendicatori<\/a> : Endgame\u201d (2019). Si tratta di un'arma massiccia a doppio taglio, con una lama su ciascun lato di un'impugnatura centrale. Lame lunghe, simmetriche e affilate, in grado di tagliare quasi qualsiasi materiale.<br \/>\nSebbene il materiale esatto non sia specificato nei film, si presume che sia composto da un metallo estremamente resistente e potente. Probabilmente di origine extraterrestre, in grado di resistere ad attacchi e condizioni estreme.<\/p>\n<h2>Spada a doppia lama di Thanos: abilit\u00e0 e utilizzo<\/h2>\n<p>Va sottolineato che la spada \u00e8 incredibilmente robusta e resistente. Thanos la usa per parare e resistere agli attacchi degli Avengers, compresi quelli di personaggi potenti come Thor e Capitan America. \u00c8 in grado di causare danni enormi. Ad esempio, Thanos usa la sua spada per distruggere lo scudo di Capitan America, noto per essere praticamente indistruttibile. Oltre alle sue capacit\u00e0 distruttive, Thanos la usa per il combattimento ravvicinato e a distanza, dimostrando la sua maestria come guerriero.<\/p>\n<p>La spada simboleggia la forza bruta e la minaccia rappresentata da Thanos. \u00c8 un'estensione della sua volont\u00e0 di dominio e distruzione. Le dimensioni e il design della spada accentuano la statura gi\u00e0 imponente di Thanos, rafforzando la sua immagine di temibile tiranno galattico.<\/p>\n<p>Va anche detto che la spada gioca un ruolo cruciale nella battaglia finale di \u201cAvengers: Endgame\u201d. Inoltre, una delle scene pi\u00f9 memorabili che coinvolge la spada \u00e8 quella in cui Thanos, con la sua forza sovrumana e la sua spada, riesce a rompere lo scudo di Capitan America, un momento chiave che mostra la minaccia che rappresenta per gli eroi.<\/p>\n<h2>Repliche dell'universo Marvel<\/h2>\n<p>Scoprite la nostra eccezionale collezione di repliche dell'universo Marvel, perfetta per i fan e i collezionisti. Offriamo una gamma diversificata di prodotti, ciascuno progettato con una meticolosa attenzione ai dettagli.<\/p>\n<ul>\n<li>Prima di tutto, il magnifico <a href=\"https:\/\/repliquemangacine.fr\/it\/supereroi-marvel\/daquaman-trident-210-cm-metallo\/\">Il Tridente di Aquaman<\/a> 210 cm, interamente in metallo verniciato in oro metallizzato.<\/li>\n<li>Ci sono anche <a href=\"https:\/\/repliquemangacine.fr\/it\/supereroi-marvel\/bastoncini-viola-vedova-nera\/\">Bastoncini luminosi della Vedova Nera<\/a>. In ABS stampato e metallo grigio e viola.<\/li>\n<li>Oltre all'essenziale <a href=\"https:\/\/repliquemangacine.fr\/it\/supereroi-marvel\/scudo-di-capitan-america-versione-lusso\/\">Scudo di Capitan America<\/a> interamente in lega di alluminio aereo ad alta resistenza.<\/li>\n<li>Troverete anche le spade di Wonder Woman, le sciabole di Deadpool e gli artigli di Wolverine. E molto altro ancora nel nostro negozio online.<\/li>\n<\/ul>\n<p>In conclusione, per i fan e i collezionisti sono disponibili numerose repliche. Ognuna di esse rappresenta la potenza, la dignit\u00e0 e la leggenda dei vostri eroi preferiti.<\/p>","protected":false},"excerpt":{"rendered":"<p>Una splendida replica della spada a doppia lama di Thanos dell'universo Marvel.<\/p>\n<ul>\n<li>Tutto in schiuma rigida<\/li>\n<li>Sicuro per i vostri bambini<\/li>\n<li>Superba incisione e decorazione sulle lame<\/li>\n<li>Lunghezza totale: 110 cm<\/li>\n<\/ul>","protected":false},"featured_media":72721,"template":"","meta":[],"product_brand":[],"product_cat":[59],"product_tag":[],"class_list":{"0":"post-72710","1":"product","2":"type-product","3":"status-publish","4":"has-post-thumbnail","6":"product_cat-super-heros-marvel","8":"first","9":"instock","10":"taxable","11":"shipping-taxable","12":"purchasable","13":"product-type-simple"},"yoast_head":"<!-- This site is optimized with the Yoast SEO plugin v27.4 - https:\/\/yoast.com\/product\/yoast-seo-wordpress\/ -->\n<title>\u00c9p\u00e9e double lames de Thanos - R\u00e9plique Manga Cin\u00e9<\/title>\n<meta name=\"description\" content=\"D\u00e9couvrez l&#039;\u00c9p\u00e9e double lames de Thanos, \u00e9galement connue sous le nom de Double-Edged Sword de l&#039;univers Marvel. Tout en mousse rigide. 110 cm\" \/>\n<meta name=\"robots\" content=\"index, follow, max-snippet:-1, max-image-preview:large, max-video-preview:-1\" \/>\n<link rel=\"canonical\" href=\"https:\/\/repliquemangacine.fr\/it\/supereroi-marvel\/spada-a-doppia-lama-thanos\/\" \/>\n<meta property=\"og:locale\" content=\"it_IT\" \/>\n<meta property=\"og:type\" content=\"article\" \/>\n<meta property=\"og:title\" content=\"\u00c9p\u00e9e double lames de Thanos - R\u00e9plique Manga Cin\u00e9\" \/>\n<meta property=\"og:description\" content=\"D\u00e9couvrez l&#039;\u00c9p\u00e9e double lames de Thanos, \u00e9galement connue sous le nom de Double-Edged Sword de l&#039;univers Marvel. Tout en mousse rigide. 110 cm\" \/>\n<meta property=\"og:url\" content=\"https:\/\/repliquemangacine.fr\/it\/supereroi-marvel\/spada-a-doppia-lama-thanos\/\" \/>\n<meta property=\"og:site_name\" content=\"R\u00e9plique Manga Cin\u00e9\" \/>\n<meta property=\"article:publisher\" content=\"https:\/\/www.facebook.com\/RepliqueMangaCine\" \/>\n<meta property=\"article:modified_time\" content=\"2025-12-12T20:08:56+00:00\" \/>\n<meta property=\"og:image\" content=\"https:\/\/repliquemangacine.fr\/wp-content\/uploads\/2024\/06\/epee-double-de-thanos.jpg\" \/>\n\t<meta property=\"og:image:width\" content=\"500\" \/>\n\t<meta property=\"og:image:height\" content=\"500\" \/>\n\t<meta property=\"og:image:type\" content=\"image\/jpeg\" \/>\n<meta name=\"twitter:card\" content=\"summary_large_image\" \/>\n<meta name=\"twitter:label1\" content=\"Tempo di lettura stimato\" \/>\n\t<meta name=\"twitter:data1\" content=\"3 minuti\" \/>\n<script type=\"application\/ld+json\" class=\"yoast-schema-graph\">{\"@context\":\"https:\\\/\\\/schema.org\",\"@graph\":[{\"@type\":\"WebPage\",\"@id\":\"https:\\\/\\\/repliquemangacine.fr\\\/super-heros-marvel\\\/epee-double-lames-de-thanos\\\/\",\"url\":\"https:\\\/\\\/repliquemangacine.fr\\\/super-heros-marvel\\\/epee-double-lames-de-thanos\\\/\",\"name\":\"\u00c9p\u00e9e double lames de Thanos - R\u00e9plique Manga Cin\u00e9\",\"isPartOf\":{\"@id\":\"https:\\\/\\\/repliquemangacine.fr\\\/#website\"},\"primaryImageOfPage\":{\"@id\":\"https:\\\/\\\/repliquemangacine.fr\\\/super-heros-marvel\\\/epee-double-lames-de-thanos\\\/#primaryimage\"},\"image\":{\"@id\":\"https:\\\/\\\/repliquemangacine.fr\\\/super-heros-marvel\\\/epee-double-lames-de-thanos\\\/#primaryimage\"},\"thumbnailUrl\":\"https:\\\/\\\/repliquemangacine.fr\\\/wp-content\\\/uploads\\\/2024\\\/06\\\/epee-double-de-thanos.jpg\",\"datePublished\":\"2024-06-13T12:51:02+00:00\",\"dateModified\":\"2025-12-12T20:08:56+00:00\",\"description\":\"D\u00e9couvrez l'\u00c9p\u00e9e double lames de Thanos, \u00e9galement connue sous le nom de Double-Edged Sword de l'univers Marvel. Tout en mousse rigide. 110 cm\",\"breadcrumb\":{\"@id\":\"https:\\\/\\\/repliquemangacine.fr\\\/super-heros-marvel\\\/epee-double-lames-de-thanos\\\/#breadcrumb\"},\"inLanguage\":\"it-IT\",\"potentialAction\":[{\"@type\":\"ReadAction\",\"target\":[\"https:\\\/\\\/repliquemangacine.fr\\\/super-heros-marvel\\\/epee-double-lames-de-thanos\\\/\"]}]},{\"@type\":\"ImageObject\",\"inLanguage\":\"it-IT\",\"@id\":\"https:\\\/\\\/repliquemangacine.fr\\\/super-heros-marvel\\\/epee-double-lames-de-thanos\\\/#primaryimage\",\"url\":\"https:\\\/\\\/repliquemangacine.fr\\\/wp-content\\\/uploads\\\/2024\\\/06\\\/epee-double-de-thanos.jpg\",\"contentUrl\":\"https:\\\/\\\/repliquemangacine.fr\\\/wp-content\\\/uploads\\\/2024\\\/06\\\/epee-double-de-thanos.jpg\",\"width\":500,\"height\":500,\"caption\":\"\u00c9p\u00e9e double lames de Thanos\"},{\"@type\":\"BreadcrumbList\",\"@id\":\"https:\\\/\\\/repliquemangacine.fr\\\/super-heros-marvel\\\/epee-double-lames-de-thanos\\\/#breadcrumb\",\"itemListElement\":[{\"@type\":\"ListItem\",\"position\":1,\"name\":\"Accueil\",\"item\":\"https:\\\/\\\/repliquemangacine.fr\\\/\"},{\"@type\":\"ListItem\",\"position\":2,\"name\":\"Produits\",\"item\":\"https:\\\/\\\/repliquemangacine.fr\\\/boutique\\\/\"},{\"@type\":\"ListItem\",\"position\":3,\"name\":\"\u00c9p\u00e9e double lames de Thanos\"}]},{\"@type\":\"WebSite\",\"@id\":\"https:\\\/\\\/repliquemangacine.fr\\\/#website\",\"url\":\"https:\\\/\\\/repliquemangacine.fr\\\/\",\"name\":\"R\u00e9plique Manga Cin\u00e9\",\"description\":\"\",\"publisher\":{\"@id\":\"https:\\\/\\\/repliquemangacine.fr\\\/#organization\"},\"potentialAction\":[{\"@type\":\"SearchAction\",\"target\":{\"@type\":\"EntryPoint\",\"urlTemplate\":\"https:\\\/\\\/repliquemangacine.fr\\\/?s={search_term_string}\"},\"query-input\":{\"@type\":\"PropertyValueSpecification\",\"valueRequired\":true,\"valueName\":\"search_term_string\"}}],\"inLanguage\":\"it-IT\"},{\"@type\":\"Organization\",\"@id\":\"https:\\\/\\\/repliquemangacine.fr\\\/#organization\",\"name\":\"R\u00e9plique Manga Cin\u00e9\",\"url\":\"https:\\\/\\\/repliquemangacine.fr\\\/\",\"logo\":{\"@type\":\"ImageObject\",\"inLanguage\":\"it-IT\",\"@id\":\"https:\\\/\\\/repliquemangacine.fr\\\/#\\\/schema\\\/logo\\\/image\\\/\",\"url\":\"https:\\\/\\\/repliquemangacine.fr\\\/wp-content\\\/uploads\\\/2023\\\/10\\\/RMC-500250.png\",\"contentUrl\":\"https:\\\/\\\/repliquemangacine.fr\\\/wp-content\\\/uploads\\\/2023\\\/10\\\/RMC-500250.png\",\"width\":500,\"height\":250,\"caption\":\"R\u00e9plique Manga Cin\u00e9\"},\"image\":{\"@id\":\"https:\\\/\\\/repliquemangacine.fr\\\/#\\\/schema\\\/logo\\\/image\\\/\"},\"sameAs\":[\"https:\\\/\\\/www.facebook.com\\\/RepliqueMangaCine\",\"https:\\\/\\\/www.instagram.com\\\/repliquemangacine.fr\\\/\"]}]}<\/script>\n<!-- \/ Yoast SEO plugin. -->","yoast_head_json":{"title":"Spada a doppia lama Thanos - R\u00e9plique Manga Cin\u00e9","description":"Scoprite la Spada a doppio taglio di Thanos, conosciuta anche come Spada a doppio taglio nell'universo Marvel. Tutto in schiuma rigida. 110 cm","robots":{"index":"index","follow":"follow","max-snippet":"max-snippet:-1","max-image-preview":"max-image-preview:large","max-video-preview":"max-video-preview:-1"},"canonical":"https:\/\/repliquemangacine.fr\/it\/supereroi-marvel\/spada-a-doppia-lama-thanos\/","og_locale":"it_IT","og_type":"article","og_title":"\u00c9p\u00e9e double lames de Thanos - R\u00e9plique Manga Cin\u00e9","og_description":"D\u00e9couvrez l'\u00c9p\u00e9e double lames de Thanos, \u00e9galement connue sous le nom de Double-Edged Sword de l'univers Marvel. Tout en mousse rigide. 110 cm","og_url":"https:\/\/repliquemangacine.fr\/it\/supereroi-marvel\/spada-a-doppia-lama-thanos\/","og_site_name":"R\u00e9plique Manga Cin\u00e9","article_publisher":"https:\/\/www.facebook.com\/RepliqueMangaCine","article_modified_time":"2025-12-12T20:08:56+00:00","og_image":[{"width":500,"height":500,"url":"https:\/\/repliquemangacine.fr\/wp-content\/uploads\/2024\/06\/epee-double-de-thanos.jpg","type":"image\/jpeg"}],"twitter_card":"summary_large_image","twitter_misc":{"Tempo di lettura stimato":"3 minuti"},"schema":{"@context":"https:\/\/schema.org","@graph":[{"@type":"WebPage","@id":"https:\/\/repliquemangacine.fr\/super-heros-marvel\/epee-double-lames-de-thanos\/","url":"https:\/\/repliquemangacine.fr\/super-heros-marvel\/epee-double-lames-de-thanos\/","name":"Spada a doppia lama Thanos - R\u00e9plique Manga Cin\u00e9","isPartOf":{"@id":"https:\/\/repliquemangacine.fr\/#website"},"primaryImageOfPage":{"@id":"https:\/\/repliquemangacine.fr\/super-heros-marvel\/epee-double-lames-de-thanos\/#primaryimage"},"image":{"@id":"https:\/\/repliquemangacine.fr\/super-heros-marvel\/epee-double-lames-de-thanos\/#primaryimage"},"thumbnailUrl":"https:\/\/repliquemangacine.fr\/wp-content\/uploads\/2024\/06\/epee-double-de-thanos.jpg","datePublished":"2024-06-13T12:51:02+00:00","dateModified":"2025-12-12T20:08:56+00:00","description":"Scoprite la Spada a doppio taglio di Thanos, conosciuta anche come Spada a doppio taglio nell'universo Marvel. Tutto in schiuma rigida. 110 cm","breadcrumb":{"@id":"https:\/\/repliquemangacine.fr\/super-heros-marvel\/epee-double-lames-de-thanos\/#breadcrumb"},"inLanguage":"it-IT","potentialAction":[{"@type":"ReadAction","target":["https:\/\/repliquemangacine.fr\/super-heros-marvel\/epee-double-lames-de-thanos\/"]}]},{"@type":"ImageObject","inLanguage":"it-IT","@id":"https:\/\/repliquemangacine.fr\/super-heros-marvel\/epee-double-lames-de-thanos\/#primaryimage","url":"https:\/\/repliquemangacine.fr\/wp-content\/uploads\/2024\/06\/epee-double-de-thanos.jpg","contentUrl":"https:\/\/repliquemangacine.fr\/wp-content\/uploads\/2024\/06\/epee-double-de-thanos.jpg","width":500,"height":500,"caption":"\u00c9p\u00e9e double lames de Thanos"},{"@type":"BreadcrumbList","@id":"https:\/\/repliquemangacine.fr\/super-heros-marvel\/epee-double-lames-de-thanos\/#breadcrumb","itemListElement":[{"@type":"ListItem","position":1,"name":"Accueil","item":"https:\/\/repliquemangacine.fr\/"},{"@type":"ListItem","position":2,"name":"Produits","item":"https:\/\/repliquemangacine.fr\/boutique\/"},{"@type":"ListItem","position":3,"name":"\u00c9p\u00e9e double lames de Thanos"}]},{"@type":"WebSite","@id":"https:\/\/repliquemangacine.fr\/#website","url":"https:\/\/repliquemangacine.fr\/","name":"R\u00e9plique Manga Cin\u00e9","description":"","publisher":{"@id":"https:\/\/repliquemangacine.fr\/#organization"},"potentialAction":[{"@type":"SearchAction","target":{"@type":"EntryPoint","urlTemplate":"https:\/\/repliquemangacine.fr\/?s={search_term_string}"},"query-input":{"@type":"PropertyValueSpecification","valueRequired":true,"valueName":"search_term_string"}}],"inLanguage":"it-IT"},{"@type":"Organization","@id":"https:\/\/repliquemangacine.fr\/#organization","name":"R\u00e9plique Manga Cin\u00e9","url":"https:\/\/repliquemangacine.fr\/","logo":{"@type":"ImageObject","inLanguage":"it-IT","@id":"https:\/\/repliquemangacine.fr\/#\/schema\/logo\/image\/","url":"https:\/\/repliquemangacine.fr\/wp-content\/uploads\/2023\/10\/RMC-500250.png","contentUrl":"https:\/\/repliquemangacine.fr\/wp-content\/uploads\/2023\/10\/RMC-500250.png","width":500,"height":250,"caption":"R\u00e9plique Manga Cin\u00e9"},"image":{"@id":"https:\/\/repliquemangacine.fr\/#\/schema\/logo\/image\/"},"sameAs":["https:\/\/www.facebook.com\/RepliqueMangaCine","https:\/\/www.instagram.com\/repliquemangacine.fr\/"]}]}},"_links":{"self":[{"href":"https:\/\/repliquemangacine.fr\/it\/wp-json\/wp\/v2\/product\/72710","targetHints":{"allow":["GET"]}}],"collection":[{"href":"https:\/\/repliquemangacine.fr\/it\/wp-json\/wp\/v2\/product"}],"about":[{"href":"https:\/\/repliquemangacine.fr\/it\/wp-json\/wp\/v2\/types\/product"}],"wp:featuredmedia":[{"embeddable":true,"href":"https:\/\/repliquemangacine.fr\/it\/wp-json\/wp\/v2\/media\/72721"}],"wp:attachment":[{"href":"https:\/\/repliquemangacine.fr\/it\/wp-json\/wp\/v2\/media?parent=72710"}],"wp:term":[{"taxonomy":"product_brand","embeddable":true,"href":"https:\/\/repliquemangacine.fr\/it\/wp-json\/wp\/v2\/product_brand?post=72710"},{"taxonomy":"product_cat","embeddable":true,"href":"https:\/\/repliquemangacine.fr\/it\/wp-json\/wp\/v2\/product_cat?post=72710"},{"taxonomy":"product_tag","embeddable":true,"href":"https:\/\/repliquemangacine.fr\/it\/wp-json\/wp\/v2\/product_tag?post=72710"}],"curies":[{"name":"wp","href":"https:\/\/api.w.org\/{rel}","templated":true}]}}