





{"id":72703,"date":"2024-06-12T17:52:57","date_gmt":"2024-06-12T15:52:57","guid":{"rendered":"https:\/\/repliquemangacine.fr\/?post_type=product&#038;p=72703"},"modified":"2025-12-12T16:18:48","modified_gmt":"2025-12-12T15:18:48","slug":"martello-thor-in-schiuma-mjolnir","status":"publish","type":"product","link":"https:\/\/repliquemangacine.fr\/it\/super-heros-marvel\/mjolnir-en-mousse-marteau-de-thor\/","title":{"rendered":"Schiuma Mjolnir"},"content":{"rendered":"<h2>Schiuma Mjolnir: il martello di Thor<\/h2>\n<p>Per cominciare, Mjolnir in schiuma rigida con una finitura straordinaria \u00e8 il leggendario martello brandito da Thor, il dio del tuono, nell'universo Marvel. \u00c8 una delle armi pi\u00f9 iconiche e potenti dei fumetti e dei film Marvel.<\/p>\n<p>Per i fan e i collezionisti, sul nostro sito sono disponibili numerose repliche di Mjolnir. Queste repliche variano per dimensioni, materiali e dettagli. Alcune sono progettate per essere esposte, mentre altre sono realizzate per essere utilizzate come accessori per il cosplay.<\/p>\n<ul>\n<li><strong>I materiali<\/strong> Realizzati in vari modi, tra cui resina, metallo o schiuma rigida.<\/li>\n<li><strong>Dettagli<\/strong> Le repliche di alto livello spesso includono incisioni precise, finiture realistiche e talvolta anche effetti di luce per imitare i poteri del fulmine di Thor.<\/li>\n<\/ul>\n<h2>Origine e leggenda di Mjolnir<\/h2>\n<p>In primo luogo, Mjolnir, forgiato dai fratelli nani Brokkr ed Eitri. Rinomati per essere gli artigiani pi\u00f9 talentuosi dei Nove Regni. Capace di forgiare armi e oggetti di potenza senza pari. Realizzato con un metallo raro e magico chiamato Uru. Questo materiale, noto per la sua capacit\u00e0 di contenere e amplificare gli incantesimi.<br \/>\nPer creare Mjolnir \u00e8 stata necessaria una fucina alimentata dall'energia di una stella morente. Questa fucina speciale, nota come \u201cFucina dell'Eternit\u00e0\u201d, utilizza la potenza bruta dell'universo per forgiare armi di immenso potere.<\/p>\n<p>Dopo la sua creazione, Mjolnir \u00e8 stato incantato da <a href=\"https:\/\/universcinematographiquemarvel.fandom.com\/fr\/wiki\/Odin_Borson\" target=\"_blank\" rel=\"noopener noreferrer\">Odino<\/a>Padre di Thor, dotato di numerosi e potenti incantesimi:<\/p>\n<ul>\n<li><strong>Dignit\u00e0<\/strong> Il pi\u00f9 famoso incantesimo posto su Mjolnir recita: \"Chiunque impugner\u00e0 questo martello, se ne sar\u00e0 degno, ricever\u00e0 il potere di Thor\". Iscrizione incisa sul martello. Solo chi ha un cuore puro e uno spiccato senso dell'onore e della giustizia pu\u00f2 sollevarlo.<\/li>\n<li><strong>Protezione<\/strong> Mjolnir, indistruttibile con mezzi convenzionali. \u00c8 quindi in grado di resistere a forze colossali e ad attacchi magici.<\/li>\n<li><strong>Collegamento con Thor<\/strong> Il martello \u00e8 magicamente legato a Thor. Pu\u00f2 tornare nella sua mano quando lo chiama, anche attraverso grandi distanze e dimensioni diverse.<\/li>\n<\/ul>\n<h2>Immergetevi nell'universo Marvel con le nostre repliche.<\/h2>\n<p>Scoprite la nostra eccezionale collezione di repliche dell'universo Marvel, perfetta per i fan e i collezionisti. Offriamo una gamma diversificata di prodotti, ciascuno progettato con una meticolosa attenzione ai dettagli.<\/p>\n<ul>\n<li>Ammirate il <a href=\"https:\/\/repliquemangacine.fr\/it\/supereroi-marvel\/scudo-di-capitan-america-versione-lusso\/\">Lo scudo di Capitan America<\/a>emblematico del coraggio e della leadership di Steve Rogers. Realizzato con materiali di alta qualit\u00e0 per un'autenticit\u00e0 senza pari.<\/li>\n<li>Successivamente, il <a href=\"https:\/\/repliquemangacine.fr\/it\/supereroi-marvel\/reattore-ad-arco-mk1-reattore-cuore-uomo-di-ferro\/\">Cuore di Iron Man<\/a>il reattore ad arco in miniatura che simboleggia l'ingegno e la determinazione di Tony Stark.<\/li>\n<li>E infine, per i fan del potere cosmico, proponiamo il <a href=\"https:\/\/repliquemangacine.fr\/it\/supereroi-marvel\/replica-della-versione-di-hulk-del-guanto-di-sfida-nano\/\">Nano Gauntlet di Hulk<\/a>. Una replica fedele del guanto usato per brandire le Pietre dell'Infinito. Permette a Hulk di salvare l'universo.<\/li>\n<\/ul>\n<p>In conclusione, ogni pezzo della nostra collezione Marvel rende omaggio a questi eroi leggendari e porta un tocco di universo Marvel nella vostra casa.<\/p>","protected":false},"excerpt":{"rendered":"<p>Superba replica in schiuma del martello di Thor: Mjolnir.<\/p>\n<ul>\n<li>La massa \u00e8 costituita interamente da schiuma rigida<\/li>\n<li>Manico in resina finemente dettagliato<\/li>\n<li>Estremamente ben rifinito<\/li>\n<li>Lunghezza: 44 cm<\/li>\n<\/ul>","protected":false},"featured_media":72706,"template":"","meta":[],"product_brand":[896],"product_cat":[59],"product_tag":[],"class_list":{"0":"post-72703","1":"product","2":"type-product","3":"status-publish","4":"has-post-thumbnail","6":"product_brand-replique-manga-cine","7":"product_cat-super-heros-marvel","9":"first","10":"instock","11":"taxable","12":"shipping-taxable","13":"purchasable","14":"product-type-simple"},"yoast_head":"<!-- This site is optimized with the Yoast SEO plugin v27.4 - https:\/\/yoast.com\/product\/yoast-seo-wordpress\/ -->\n<title>Mjolnir en mousse - Marteau de Thor - R\u00e9plique Manga Cin\u00e9<\/title>\n<meta name=\"description\" content=\"D\u00e9couvrez cette superbe r\u00e9plique de Mjolnir en mousse. Ce marteau de Thor est d&#039;une finition remarquable. Sans danger pour les enfants. 44 cm\" \/>\n<meta name=\"robots\" content=\"index, follow, max-snippet:-1, max-image-preview:large, max-video-preview:-1\" \/>\n<link rel=\"canonical\" href=\"https:\/\/repliquemangacine.fr\/it\/supereroi-marvel\/martello-thor-in-schiuma-mjolnir\/\" \/>\n<meta property=\"og:locale\" content=\"it_IT\" \/>\n<meta property=\"og:type\" content=\"article\" \/>\n<meta property=\"og:title\" content=\"Mjolnir en mousse - Marteau de Thor - R\u00e9plique Manga Cin\u00e9\" \/>\n<meta property=\"og:description\" content=\"D\u00e9couvrez cette superbe r\u00e9plique de Mjolnir en mousse. Ce marteau de Thor est d&#039;une finition remarquable. Sans danger pour les enfants. 44 cm\" \/>\n<meta property=\"og:url\" content=\"https:\/\/repliquemangacine.fr\/it\/supereroi-marvel\/martello-thor-in-schiuma-mjolnir\/\" \/>\n<meta property=\"og:site_name\" content=\"R\u00e9plique Manga Cin\u00e9\" \/>\n<meta property=\"article:publisher\" content=\"https:\/\/www.facebook.com\/RepliqueMangaCine\" \/>\n<meta property=\"article:modified_time\" content=\"2025-12-12T15:18:48+00:00\" \/>\n<meta property=\"og:image\" content=\"https:\/\/repliquemangacine.fr\/wp-content\/uploads\/2024\/06\/marteau-de-thor-en-mousse.jpg\" \/>\n\t<meta property=\"og:image:width\" content=\"500\" \/>\n\t<meta property=\"og:image:height\" content=\"500\" \/>\n\t<meta property=\"og:image:type\" content=\"image\/jpeg\" \/>\n<meta name=\"twitter:card\" content=\"summary_large_image\" \/>\n<meta name=\"twitter:label1\" content=\"Tempo di lettura stimato\" \/>\n\t<meta name=\"twitter:data1\" content=\"3 minuti\" \/>\n<script type=\"application\/ld+json\" class=\"yoast-schema-graph\">{\"@context\":\"https:\\\/\\\/schema.org\",\"@graph\":[{\"@type\":\"WebPage\",\"@id\":\"https:\\\/\\\/repliquemangacine.fr\\\/super-heros-marvel\\\/mjolnir-en-mousse-marteau-de-thor\\\/\",\"url\":\"https:\\\/\\\/repliquemangacine.fr\\\/super-heros-marvel\\\/mjolnir-en-mousse-marteau-de-thor\\\/\",\"name\":\"Mjolnir en mousse - Marteau de Thor - R\u00e9plique Manga Cin\u00e9\",\"isPartOf\":{\"@id\":\"https:\\\/\\\/repliquemangacine.fr\\\/#website\"},\"primaryImageOfPage\":{\"@id\":\"https:\\\/\\\/repliquemangacine.fr\\\/super-heros-marvel\\\/mjolnir-en-mousse-marteau-de-thor\\\/#primaryimage\"},\"image\":{\"@id\":\"https:\\\/\\\/repliquemangacine.fr\\\/super-heros-marvel\\\/mjolnir-en-mousse-marteau-de-thor\\\/#primaryimage\"},\"thumbnailUrl\":\"https:\\\/\\\/repliquemangacine.fr\\\/wp-content\\\/uploads\\\/2024\\\/06\\\/marteau-de-thor-en-mousse.jpg\",\"datePublished\":\"2024-06-12T15:52:57+00:00\",\"dateModified\":\"2025-12-12T15:18:48+00:00\",\"description\":\"D\u00e9couvrez cette superbe r\u00e9plique de Mjolnir en mousse. Ce marteau de Thor est d'une finition remarquable. Sans danger pour les enfants. 44 cm\",\"breadcrumb\":{\"@id\":\"https:\\\/\\\/repliquemangacine.fr\\\/super-heros-marvel\\\/mjolnir-en-mousse-marteau-de-thor\\\/#breadcrumb\"},\"inLanguage\":\"it-IT\",\"potentialAction\":[{\"@type\":\"ReadAction\",\"target\":[\"https:\\\/\\\/repliquemangacine.fr\\\/super-heros-marvel\\\/mjolnir-en-mousse-marteau-de-thor\\\/\"]}]},{\"@type\":\"ImageObject\",\"inLanguage\":\"it-IT\",\"@id\":\"https:\\\/\\\/repliquemangacine.fr\\\/super-heros-marvel\\\/mjolnir-en-mousse-marteau-de-thor\\\/#primaryimage\",\"url\":\"https:\\\/\\\/repliquemangacine.fr\\\/wp-content\\\/uploads\\\/2024\\\/06\\\/marteau-de-thor-en-mousse.jpg\",\"contentUrl\":\"https:\\\/\\\/repliquemangacine.fr\\\/wp-content\\\/uploads\\\/2024\\\/06\\\/marteau-de-thor-en-mousse.jpg\",\"width\":500,\"height\":500,\"caption\":\"Mjolnir en mousse, Marteau de Thor\"},{\"@type\":\"BreadcrumbList\",\"@id\":\"https:\\\/\\\/repliquemangacine.fr\\\/super-heros-marvel\\\/mjolnir-en-mousse-marteau-de-thor\\\/#breadcrumb\",\"itemListElement\":[{\"@type\":\"ListItem\",\"position\":1,\"name\":\"Accueil\",\"item\":\"https:\\\/\\\/repliquemangacine.fr\\\/\"},{\"@type\":\"ListItem\",\"position\":2,\"name\":\"Produits\",\"item\":\"https:\\\/\\\/repliquemangacine.fr\\\/boutique\\\/\"},{\"@type\":\"ListItem\",\"position\":3,\"name\":\"Mjolnir en mousse\"}]},{\"@type\":\"WebSite\",\"@id\":\"https:\\\/\\\/repliquemangacine.fr\\\/#website\",\"url\":\"https:\\\/\\\/repliquemangacine.fr\\\/\",\"name\":\"R\u00e9plique Manga Cin\u00e9\",\"description\":\"\",\"publisher\":{\"@id\":\"https:\\\/\\\/repliquemangacine.fr\\\/#organization\"},\"potentialAction\":[{\"@type\":\"SearchAction\",\"target\":{\"@type\":\"EntryPoint\",\"urlTemplate\":\"https:\\\/\\\/repliquemangacine.fr\\\/?s={search_term_string}\"},\"query-input\":{\"@type\":\"PropertyValueSpecification\",\"valueRequired\":true,\"valueName\":\"search_term_string\"}}],\"inLanguage\":\"it-IT\"},{\"@type\":\"Organization\",\"@id\":\"https:\\\/\\\/repliquemangacine.fr\\\/#organization\",\"name\":\"R\u00e9plique Manga Cin\u00e9\",\"url\":\"https:\\\/\\\/repliquemangacine.fr\\\/\",\"logo\":{\"@type\":\"ImageObject\",\"inLanguage\":\"it-IT\",\"@id\":\"https:\\\/\\\/repliquemangacine.fr\\\/#\\\/schema\\\/logo\\\/image\\\/\",\"url\":\"https:\\\/\\\/repliquemangacine.fr\\\/wp-content\\\/uploads\\\/2023\\\/10\\\/RMC-500250.png\",\"contentUrl\":\"https:\\\/\\\/repliquemangacine.fr\\\/wp-content\\\/uploads\\\/2023\\\/10\\\/RMC-500250.png\",\"width\":500,\"height\":250,\"caption\":\"R\u00e9plique Manga Cin\u00e9\"},\"image\":{\"@id\":\"https:\\\/\\\/repliquemangacine.fr\\\/#\\\/schema\\\/logo\\\/image\\\/\"},\"sameAs\":[\"https:\\\/\\\/www.facebook.com\\\/RepliqueMangaCine\",\"https:\\\/\\\/www.instagram.com\\\/repliquemangacine.fr\\\/\"]}]}<\/script>\n<!-- \/ Yoast SEO plugin. -->","yoast_head_json":{"title":"Schiuma Mjolnir - Martello di Thor - R\u00e9plique Manga Cin\u00e9","description":"Scoprite questa superba replica in schiuma di Mjolnir. Il martello di Thor ha una finitura straordinaria. Sicuro per i bambini. 44 cm","robots":{"index":"index","follow":"follow","max-snippet":"max-snippet:-1","max-image-preview":"max-image-preview:large","max-video-preview":"max-video-preview:-1"},"canonical":"https:\/\/repliquemangacine.fr\/it\/supereroi-marvel\/martello-thor-in-schiuma-mjolnir\/","og_locale":"it_IT","og_type":"article","og_title":"Mjolnir en mousse - Marteau de Thor - R\u00e9plique Manga Cin\u00e9","og_description":"D\u00e9couvrez cette superbe r\u00e9plique de Mjolnir en mousse. Ce marteau de Thor est d'une finition remarquable. Sans danger pour les enfants. 44 cm","og_url":"https:\/\/repliquemangacine.fr\/it\/supereroi-marvel\/martello-thor-in-schiuma-mjolnir\/","og_site_name":"R\u00e9plique Manga Cin\u00e9","article_publisher":"https:\/\/www.facebook.com\/RepliqueMangaCine","article_modified_time":"2025-12-12T15:18:48+00:00","og_image":[{"width":500,"height":500,"url":"https:\/\/repliquemangacine.fr\/wp-content\/uploads\/2024\/06\/marteau-de-thor-en-mousse.jpg","type":"image\/jpeg"}],"twitter_card":"summary_large_image","twitter_misc":{"Tempo di lettura stimato":"3 minuti"},"schema":{"@context":"https:\/\/schema.org","@graph":[{"@type":"WebPage","@id":"https:\/\/repliquemangacine.fr\/super-heros-marvel\/mjolnir-en-mousse-marteau-de-thor\/","url":"https:\/\/repliquemangacine.fr\/super-heros-marvel\/mjolnir-en-mousse-marteau-de-thor\/","name":"Schiuma Mjolnir - Martello di Thor - R\u00e9plique Manga Cin\u00e9","isPartOf":{"@id":"https:\/\/repliquemangacine.fr\/#website"},"primaryImageOfPage":{"@id":"https:\/\/repliquemangacine.fr\/super-heros-marvel\/mjolnir-en-mousse-marteau-de-thor\/#primaryimage"},"image":{"@id":"https:\/\/repliquemangacine.fr\/super-heros-marvel\/mjolnir-en-mousse-marteau-de-thor\/#primaryimage"},"thumbnailUrl":"https:\/\/repliquemangacine.fr\/wp-content\/uploads\/2024\/06\/marteau-de-thor-en-mousse.jpg","datePublished":"2024-06-12T15:52:57+00:00","dateModified":"2025-12-12T15:18:48+00:00","description":"Scoprite questa superba replica in schiuma di Mjolnir. Il martello di Thor ha una finitura straordinaria. Sicuro per i bambini. 44 cm","breadcrumb":{"@id":"https:\/\/repliquemangacine.fr\/super-heros-marvel\/mjolnir-en-mousse-marteau-de-thor\/#breadcrumb"},"inLanguage":"it-IT","potentialAction":[{"@type":"ReadAction","target":["https:\/\/repliquemangacine.fr\/super-heros-marvel\/mjolnir-en-mousse-marteau-de-thor\/"]}]},{"@type":"ImageObject","inLanguage":"it-IT","@id":"https:\/\/repliquemangacine.fr\/super-heros-marvel\/mjolnir-en-mousse-marteau-de-thor\/#primaryimage","url":"https:\/\/repliquemangacine.fr\/wp-content\/uploads\/2024\/06\/marteau-de-thor-en-mousse.jpg","contentUrl":"https:\/\/repliquemangacine.fr\/wp-content\/uploads\/2024\/06\/marteau-de-thor-en-mousse.jpg","width":500,"height":500,"caption":"Mjolnir en mousse, Marteau de Thor"},{"@type":"BreadcrumbList","@id":"https:\/\/repliquemangacine.fr\/super-heros-marvel\/mjolnir-en-mousse-marteau-de-thor\/#breadcrumb","itemListElement":[{"@type":"ListItem","position":1,"name":"Accueil","item":"https:\/\/repliquemangacine.fr\/"},{"@type":"ListItem","position":2,"name":"Produits","item":"https:\/\/repliquemangacine.fr\/boutique\/"},{"@type":"ListItem","position":3,"name":"Mjolnir en mousse"}]},{"@type":"WebSite","@id":"https:\/\/repliquemangacine.fr\/#website","url":"https:\/\/repliquemangacine.fr\/","name":"R\u00e9plique Manga Cin\u00e9","description":"","publisher":{"@id":"https:\/\/repliquemangacine.fr\/#organization"},"potentialAction":[{"@type":"SearchAction","target":{"@type":"EntryPoint","urlTemplate":"https:\/\/repliquemangacine.fr\/?s={search_term_string}"},"query-input":{"@type":"PropertyValueSpecification","valueRequired":true,"valueName":"search_term_string"}}],"inLanguage":"it-IT"},{"@type":"Organization","@id":"https:\/\/repliquemangacine.fr\/#organization","name":"R\u00e9plique Manga Cin\u00e9","url":"https:\/\/repliquemangacine.fr\/","logo":{"@type":"ImageObject","inLanguage":"it-IT","@id":"https:\/\/repliquemangacine.fr\/#\/schema\/logo\/image\/","url":"https:\/\/repliquemangacine.fr\/wp-content\/uploads\/2023\/10\/RMC-500250.png","contentUrl":"https:\/\/repliquemangacine.fr\/wp-content\/uploads\/2023\/10\/RMC-500250.png","width":500,"height":250,"caption":"R\u00e9plique Manga Cin\u00e9"},"image":{"@id":"https:\/\/repliquemangacine.fr\/#\/schema\/logo\/image\/"},"sameAs":["https:\/\/www.facebook.com\/RepliqueMangaCine","https:\/\/www.instagram.com\/repliquemangacine.fr\/"]}]}},"_links":{"self":[{"href":"https:\/\/repliquemangacine.fr\/it\/wp-json\/wp\/v2\/product\/72703","targetHints":{"allow":["GET"]}}],"collection":[{"href":"https:\/\/repliquemangacine.fr\/it\/wp-json\/wp\/v2\/product"}],"about":[{"href":"https:\/\/repliquemangacine.fr\/it\/wp-json\/wp\/v2\/types\/product"}],"wp:featuredmedia":[{"embeddable":true,"href":"https:\/\/repliquemangacine.fr\/it\/wp-json\/wp\/v2\/media\/72706"}],"wp:attachment":[{"href":"https:\/\/repliquemangacine.fr\/it\/wp-json\/wp\/v2\/media?parent=72703"}],"wp:term":[{"taxonomy":"product_brand","embeddable":true,"href":"https:\/\/repliquemangacine.fr\/it\/wp-json\/wp\/v2\/product_brand?post=72703"},{"taxonomy":"product_cat","embeddable":true,"href":"https:\/\/repliquemangacine.fr\/it\/wp-json\/wp\/v2\/product_cat?post=72703"},{"taxonomy":"product_tag","embeddable":true,"href":"https:\/\/repliquemangacine.fr\/it\/wp-json\/wp\/v2\/product_tag?post=72703"}],"curies":[{"name":"wp","href":"https:\/\/api.w.org\/{rel}","templated":true}]}}