





{"id":72667,"date":"2024-06-11T19:25:58","date_gmt":"2024-06-11T17:25:58","guid":{"rendered":"https:\/\/repliquemangacine.fr\/?post_type=product&#038;p=72667"},"modified":"2026-02-16T08:39:43","modified_gmt":"2026-02-16T07:39:43","slug":"pepperbox-pistola-kolser-grigio","status":"publish","type":"product","link":"https:\/\/repliquemangacine.fr\/it\/armes-westerns\/pistolet-pepperbox-kolser-gris\/","title":{"rendered":"Kolser Pepperbox Grigio Pistola"},"content":{"rendered":"<h2>Pistola Allen &amp; Thurber 1837 Pepperbox di Kolser<\/h2>\n<p>Per prima cosa, immergetevi nella storia con l'autentica replica della pistola Pepperbox. <a href=\"https:\/\/en.wikipedia.org\/wiki\/Ethan_Allen_(armsmaker)\" target=\"_blank\" rel=\"noopener noreferrer\">Allen e Thurber<\/a> del 1837, realizzata da Kolser. Questo pezzo storico, emblematico dell'evoluzione delle armi da fuoco, \u00e8 un'aggiunta preziosa per ogni collezionista o appassionato di armeria. Disponibile in due versioni, questa replica \u00e8 un fedele omaggio al design originale, offrendo sia estetica che funzionalit\u00e0.<\/p>\n<p>Conosciuto anche come \u00abPepperbox\u00bb o pistola a 6 colpi. Kolser produce questa splendida arma e ne esalta la raffinata finitura in un bellissimo colore argento. Questa replica conserva i dettagli dell'originale, adattandosi perfettamente all'estetica dell'arma originale del 1837. Presenta dettagli incisi sulla parte superiore del calcio in metallo e legno. I materiali resistenti come il metallo e la resina garantiscono durata e conservazione nel tempo. Misura 23 centimetri ed \u00e8 impreziosita da una splendida finitura. Ideale per decorare qualsiasi spazio.<\/p>\n<h2>La storia della pistola Allen &amp; Thurber Pepperbox del 1837<\/h2>\n<p>In primo luogo, la pistola Pepperbox Allen &amp; Thurber del 1837 \u00e8 un simbolo dell'innovazione tecnologica dell'inizio del XIX secolo. Prodotto dalla famosa azienda Allen &amp; Thurber, questo modello \u00e8 uno dei primi ad adottare un design a canna multipla rotante. In un'epoca in cui le pistole a colpo singolo dominavano il mercato, la Pepperbox offriva una capacit\u00e0 di fuoco multipla senza ricarica immediata, rivoluzionando cos\u00ec l'armamento personale e militare.<\/p>\n<p>In Nord America, questo tipo di armi da fuoco a canna multipla era particolarmente popolare negli anni '30 dell'Ottocento. Infatti, durante la guerra civile, era utilizzato sia dai civili che dagli ufficiali militari durante la colonizzazione delle zone di frontiera. Sebbene la Pepperbox sia associata soprattutto al Far West, si diffuse rapidamente dagli Stati Uniti alla Gran Bretagna e persino all'Europa continentale.<\/p>\n<h2>Armi replica Kolser<\/h2>\n<p>Come gi\u00e0 sapete, noi di R\u00e9plique Manga Cin\u00e9 ci impegniamo a distribuire prodotti di qualit\u00e0 ai prezzi migliori. Abbiamo scelto i due marchi leader di repliche di armi, tra cui Kolser. La qualit\u00e0 delle finiture di questo marchio non ha bisogno di ulteriori prove. Ecco perch\u00e9 ampliamo costantemente il nostro catalogo con i loro prodotti. Ecco solo alcuni esempi:<\/p>\n<ul>\n<li>La <a href=\"https:\/\/repliquemangacine.fr\/it\/pistola-kolser\/mares-leg-55cm-grey-kolser\/\">Gamba di cavalla Winchester<\/a> di Josh Randall e con espulsione del proiettile. Disponibile in diverse versioni.<\/li>\n<li>C'\u00e8 anche il <a href=\"https:\/\/repliquemangacine.fr\/it\/armi-replica-occidentali\/pistola-derringer-kolser\/\">Pistola Derringer<\/a>. Disponibile anche in diverse versioni<\/li>\n<li>Cos\u00ec come il <a href=\"https:\/\/repliquemangacine.fr\/it\/pistola-kolser\/ottone-revolver-thunderer\/\">colt Thunderer in ottone<\/a> e il suo calcio in madreperla. Vari modelli<\/li>\n<li>E non dimentichiamo gli speciali proiettili finti per fucili Colt e Kolser, che consentono di utilizzare un innesco per petardi per un effetto ancora pi\u00f9 realistico.<\/li>\n<\/ul>\n<p>In conclusione, possedere una replica della pistola Pepperbox Allen &amp; Thurber del 1837 significa possedere un pezzo di storia dell'armaiolo. Un affascinante oggetto da collezione per tutti gli appassionati di armi storiche. Offre una visione unica dell'evoluzione delle tecnologie belliche nel XIX secolo. Se desiderate arricchire la vostra collezione o aggiungere un tocco di autenticit\u00e0 al vostro arsenale, questa replica \u00e8 una scelta imperdibile.<\/p>\n<p>Non esitate ad aggiungere questo magnifico esemplare alla vostra collezione e immergetevi nella storia con la Pepperbox Allen &amp; Thurber del 1837.<\/p>","protected":false},"excerpt":{"rendered":"<p>Replica identica della pistola Allen &amp; Thurber Pepperbox a 6 colpi del 1837<\/p>\n<ul>\n<li>Metallo (Zamak)<\/li>\n<li>Canna a 6 colpi con incisioni<\/li>\n<li>Stock di legno<\/li>\n<li>Fornito in una scatola Kolser decorata<\/li>\n<li>Lunghezza: 23 cm<\/li>\n<\/ul>","protected":false},"featured_media":72669,"template":"","meta":[],"product_brand":[896],"product_cat":[100,34,77,27,64],"product_tag":[],"class_list":{"0":"post-72667","1":"product","2":"type-product","3":"status-publish","4":"has-post-thumbnail","6":"product_brand-replique-manga-cine","7":"product_cat-arme-kolser","8":"product_cat-armes-westerns","9":"product_cat-colt-revolver-western","10":"product_cat-armes-et-accessoires-western","11":"product_cat-western-repliques-armes","13":"first","14":"instock","15":"taxable","16":"shipping-taxable","17":"purchasable","18":"product-type-simple"},"yoast_head":"<!-- This site is optimized with the Yoast SEO plugin v27.4 - https:\/\/yoast.com\/product\/yoast-seo-wordpress\/ -->\n<title>Pistolet Pepperbox Kolser Gris - R\u00e9plique Manga Cin\u00e9<\/title>\n<meta name=\"description\" content=\"Venez d\u00e9couvrir le superbe Pistolet Pepperbox Gris de la marque Kolser. Cette r\u00e9plique de 1837, muni d&#039;un canon \u00e0 6 coups. En m\u00e9tal. Longueur totale : 23 cm\" \/>\n<meta name=\"robots\" content=\"index, follow, max-snippet:-1, max-image-preview:large, max-video-preview:-1\" \/>\n<link rel=\"canonical\" href=\"https:\/\/repliquemangacine.fr\/it\/pistole-occidentali\/pepperbox-pistola-kolser-grigio\/\" \/>\n<meta property=\"og:locale\" content=\"it_IT\" \/>\n<meta property=\"og:type\" content=\"article\" \/>\n<meta property=\"og:title\" content=\"Pistolet Pepperbox Kolser Gris - R\u00e9plique Manga Cin\u00e9\" \/>\n<meta property=\"og:description\" content=\"Venez d\u00e9couvrir le superbe Pistolet Pepperbox Gris de la marque Kolser. Cette r\u00e9plique de 1837, muni d&#039;un canon \u00e0 6 coups. En m\u00e9tal. Longueur totale : 23 cm\" \/>\n<meta property=\"og:url\" content=\"https:\/\/repliquemangacine.fr\/it\/pistole-occidentali\/pepperbox-pistola-kolser-grigio\/\" \/>\n<meta property=\"og:site_name\" content=\"R\u00e9plique Manga Cin\u00e9\" \/>\n<meta property=\"article:publisher\" content=\"https:\/\/www.facebook.com\/RepliqueMangaCine\" \/>\n<meta property=\"article:modified_time\" content=\"2026-02-16T07:39:43+00:00\" \/>\n<meta property=\"og:image\" content=\"https:\/\/repliquemangacine.fr\/wp-content\/uploads\/2024\/06\/pistolet-ALLEN-THURBER-PEPPERBOX-6-shots.jpg\" \/>\n\t<meta property=\"og:image:width\" content=\"500\" \/>\n\t<meta property=\"og:image:height\" content=\"500\" \/>\n\t<meta property=\"og:image:type\" content=\"image\/jpeg\" \/>\n<meta name=\"twitter:card\" content=\"summary_large_image\" \/>\n<meta name=\"twitter:label1\" content=\"Tempo di lettura stimato\" \/>\n\t<meta name=\"twitter:data1\" content=\"3 minuti\" \/>\n<script type=\"application\/ld+json\" class=\"yoast-schema-graph\">{\"@context\":\"https:\\\/\\\/schema.org\",\"@graph\":[{\"@type\":\"WebPage\",\"@id\":\"https:\\\/\\\/repliquemangacine.fr\\\/armes-westerns\\\/pistolet-pepperbox-kolser-gris\\\/\",\"url\":\"https:\\\/\\\/repliquemangacine.fr\\\/armes-westerns\\\/pistolet-pepperbox-kolser-gris\\\/\",\"name\":\"Pistolet Pepperbox Kolser Gris - R\u00e9plique Manga Cin\u00e9\",\"isPartOf\":{\"@id\":\"https:\\\/\\\/repliquemangacine.fr\\\/#website\"},\"primaryImageOfPage\":{\"@id\":\"https:\\\/\\\/repliquemangacine.fr\\\/armes-westerns\\\/pistolet-pepperbox-kolser-gris\\\/#primaryimage\"},\"image\":{\"@id\":\"https:\\\/\\\/repliquemangacine.fr\\\/armes-westerns\\\/pistolet-pepperbox-kolser-gris\\\/#primaryimage\"},\"thumbnailUrl\":\"https:\\\/\\\/repliquemangacine.fr\\\/wp-content\\\/uploads\\\/2024\\\/06\\\/pistolet-ALLEN-THURBER-PEPPERBOX-6-shots.jpg\",\"datePublished\":\"2024-06-11T17:25:58+00:00\",\"dateModified\":\"2026-02-16T07:39:43+00:00\",\"description\":\"Venez d\u00e9couvrir le superbe Pistolet Pepperbox Gris de la marque Kolser. Cette r\u00e9plique de 1837, muni d'un canon \u00e0 6 coups. En m\u00e9tal. Longueur totale : 23 cm\",\"breadcrumb\":{\"@id\":\"https:\\\/\\\/repliquemangacine.fr\\\/armes-westerns\\\/pistolet-pepperbox-kolser-gris\\\/#breadcrumb\"},\"inLanguage\":\"it-IT\",\"potentialAction\":[{\"@type\":\"ReadAction\",\"target\":[\"https:\\\/\\\/repliquemangacine.fr\\\/armes-westerns\\\/pistolet-pepperbox-kolser-gris\\\/\"]}]},{\"@type\":\"ImageObject\",\"inLanguage\":\"it-IT\",\"@id\":\"https:\\\/\\\/repliquemangacine.fr\\\/armes-westerns\\\/pistolet-pepperbox-kolser-gris\\\/#primaryimage\",\"url\":\"https:\\\/\\\/repliquemangacine.fr\\\/wp-content\\\/uploads\\\/2024\\\/06\\\/pistolet-ALLEN-THURBER-PEPPERBOX-6-shots.jpg\",\"contentUrl\":\"https:\\\/\\\/repliquemangacine.fr\\\/wp-content\\\/uploads\\\/2024\\\/06\\\/pistolet-ALLEN-THURBER-PEPPERBOX-6-shots.jpg\",\"width\":500,\"height\":500,\"caption\":\"Pistolet Pepperbox Kolser 6 coups Allen & Thurber\"},{\"@type\":\"BreadcrumbList\",\"@id\":\"https:\\\/\\\/repliquemangacine.fr\\\/armes-westerns\\\/pistolet-pepperbox-kolser-gris\\\/#breadcrumb\",\"itemListElement\":[{\"@type\":\"ListItem\",\"position\":1,\"name\":\"Accueil\",\"item\":\"https:\\\/\\\/repliquemangacine.fr\\\/\"},{\"@type\":\"ListItem\",\"position\":2,\"name\":\"Produits\",\"item\":\"https:\\\/\\\/repliquemangacine.fr\\\/boutique\\\/\"},{\"@type\":\"ListItem\",\"position\":3,\"name\":\"Pistolet Pepperbox Kolser Gris\"}]},{\"@type\":\"WebSite\",\"@id\":\"https:\\\/\\\/repliquemangacine.fr\\\/#website\",\"url\":\"https:\\\/\\\/repliquemangacine.fr\\\/\",\"name\":\"R\u00e9plique Manga Cin\u00e9\",\"description\":\"\",\"publisher\":{\"@id\":\"https:\\\/\\\/repliquemangacine.fr\\\/#organization\"},\"potentialAction\":[{\"@type\":\"SearchAction\",\"target\":{\"@type\":\"EntryPoint\",\"urlTemplate\":\"https:\\\/\\\/repliquemangacine.fr\\\/?s={search_term_string}\"},\"query-input\":{\"@type\":\"PropertyValueSpecification\",\"valueRequired\":true,\"valueName\":\"search_term_string\"}}],\"inLanguage\":\"it-IT\"},{\"@type\":\"Organization\",\"@id\":\"https:\\\/\\\/repliquemangacine.fr\\\/#organization\",\"name\":\"R\u00e9plique Manga Cin\u00e9\",\"url\":\"https:\\\/\\\/repliquemangacine.fr\\\/\",\"logo\":{\"@type\":\"ImageObject\",\"inLanguage\":\"it-IT\",\"@id\":\"https:\\\/\\\/repliquemangacine.fr\\\/#\\\/schema\\\/logo\\\/image\\\/\",\"url\":\"https:\\\/\\\/repliquemangacine.fr\\\/wp-content\\\/uploads\\\/2023\\\/10\\\/RMC-500250.png\",\"contentUrl\":\"https:\\\/\\\/repliquemangacine.fr\\\/wp-content\\\/uploads\\\/2023\\\/10\\\/RMC-500250.png\",\"width\":500,\"height\":250,\"caption\":\"R\u00e9plique Manga Cin\u00e9\"},\"image\":{\"@id\":\"https:\\\/\\\/repliquemangacine.fr\\\/#\\\/schema\\\/logo\\\/image\\\/\"},\"sameAs\":[\"https:\\\/\\\/www.facebook.com\\\/RepliqueMangaCine\",\"https:\\\/\\\/www.instagram.com\\\/repliquemangacine.fr\\\/\"]}]}<\/script>\n<!-- \/ Yoast SEO plugin. -->","yoast_head_json":{"title":"Kolser Pepperbox Grigio Pistola - R\u00e9plique Manga Cin\u00e9","description":"Venite a scoprire la superba pistola Kolser Grey Pepperbox. Questa replica del 1837 ha una canna a 6 colpi. Realizzata in metallo. Lunghezza totale: 23 cm","robots":{"index":"index","follow":"follow","max-snippet":"max-snippet:-1","max-image-preview":"max-image-preview:large","max-video-preview":"max-video-preview:-1"},"canonical":"https:\/\/repliquemangacine.fr\/it\/pistole-occidentali\/pepperbox-pistola-kolser-grigio\/","og_locale":"it_IT","og_type":"article","og_title":"Pistolet Pepperbox Kolser Gris - R\u00e9plique Manga Cin\u00e9","og_description":"Venez d\u00e9couvrir le superbe Pistolet Pepperbox Gris de la marque Kolser. Cette r\u00e9plique de 1837, muni d'un canon \u00e0 6 coups. En m\u00e9tal. Longueur totale : 23 cm","og_url":"https:\/\/repliquemangacine.fr\/it\/pistole-occidentali\/pepperbox-pistola-kolser-grigio\/","og_site_name":"R\u00e9plique Manga Cin\u00e9","article_publisher":"https:\/\/www.facebook.com\/RepliqueMangaCine","article_modified_time":"2026-02-16T07:39:43+00:00","og_image":[{"width":500,"height":500,"url":"https:\/\/repliquemangacine.fr\/wp-content\/uploads\/2024\/06\/pistolet-ALLEN-THURBER-PEPPERBOX-6-shots.jpg","type":"image\/jpeg"}],"twitter_card":"summary_large_image","twitter_misc":{"Tempo di lettura stimato":"3 minuti"},"schema":{"@context":"https:\/\/schema.org","@graph":[{"@type":"WebPage","@id":"https:\/\/repliquemangacine.fr\/armes-westerns\/pistolet-pepperbox-kolser-gris\/","url":"https:\/\/repliquemangacine.fr\/armes-westerns\/pistolet-pepperbox-kolser-gris\/","name":"Kolser Pepperbox Grigio Pistola - R\u00e9plique Manga Cin\u00e9","isPartOf":{"@id":"https:\/\/repliquemangacine.fr\/#website"},"primaryImageOfPage":{"@id":"https:\/\/repliquemangacine.fr\/armes-westerns\/pistolet-pepperbox-kolser-gris\/#primaryimage"},"image":{"@id":"https:\/\/repliquemangacine.fr\/armes-westerns\/pistolet-pepperbox-kolser-gris\/#primaryimage"},"thumbnailUrl":"https:\/\/repliquemangacine.fr\/wp-content\/uploads\/2024\/06\/pistolet-ALLEN-THURBER-PEPPERBOX-6-shots.jpg","datePublished":"2024-06-11T17:25:58+00:00","dateModified":"2026-02-16T07:39:43+00:00","description":"Venite a scoprire la superba pistola Kolser Grey Pepperbox. Questa replica del 1837 ha una canna a 6 colpi. Realizzata in metallo. Lunghezza totale: 23 cm","breadcrumb":{"@id":"https:\/\/repliquemangacine.fr\/armes-westerns\/pistolet-pepperbox-kolser-gris\/#breadcrumb"},"inLanguage":"it-IT","potentialAction":[{"@type":"ReadAction","target":["https:\/\/repliquemangacine.fr\/armes-westerns\/pistolet-pepperbox-kolser-gris\/"]}]},{"@type":"ImageObject","inLanguage":"it-IT","@id":"https:\/\/repliquemangacine.fr\/armes-westerns\/pistolet-pepperbox-kolser-gris\/#primaryimage","url":"https:\/\/repliquemangacine.fr\/wp-content\/uploads\/2024\/06\/pistolet-ALLEN-THURBER-PEPPERBOX-6-shots.jpg","contentUrl":"https:\/\/repliquemangacine.fr\/wp-content\/uploads\/2024\/06\/pistolet-ALLEN-THURBER-PEPPERBOX-6-shots.jpg","width":500,"height":500,"caption":"Pistolet Pepperbox Kolser 6 coups Allen & Thurber"},{"@type":"BreadcrumbList","@id":"https:\/\/repliquemangacine.fr\/armes-westerns\/pistolet-pepperbox-kolser-gris\/#breadcrumb","itemListElement":[{"@type":"ListItem","position":1,"name":"Accueil","item":"https:\/\/repliquemangacine.fr\/"},{"@type":"ListItem","position":2,"name":"Produits","item":"https:\/\/repliquemangacine.fr\/boutique\/"},{"@type":"ListItem","position":3,"name":"Pistolet Pepperbox Kolser Gris"}]},{"@type":"WebSite","@id":"https:\/\/repliquemangacine.fr\/#website","url":"https:\/\/repliquemangacine.fr\/","name":"R\u00e9plique Manga Cin\u00e9","description":"","publisher":{"@id":"https:\/\/repliquemangacine.fr\/#organization"},"potentialAction":[{"@type":"SearchAction","target":{"@type":"EntryPoint","urlTemplate":"https:\/\/repliquemangacine.fr\/?s={search_term_string}"},"query-input":{"@type":"PropertyValueSpecification","valueRequired":true,"valueName":"search_term_string"}}],"inLanguage":"it-IT"},{"@type":"Organization","@id":"https:\/\/repliquemangacine.fr\/#organization","name":"R\u00e9plique Manga Cin\u00e9","url":"https:\/\/repliquemangacine.fr\/","logo":{"@type":"ImageObject","inLanguage":"it-IT","@id":"https:\/\/repliquemangacine.fr\/#\/schema\/logo\/image\/","url":"https:\/\/repliquemangacine.fr\/wp-content\/uploads\/2023\/10\/RMC-500250.png","contentUrl":"https:\/\/repliquemangacine.fr\/wp-content\/uploads\/2023\/10\/RMC-500250.png","width":500,"height":250,"caption":"R\u00e9plique Manga Cin\u00e9"},"image":{"@id":"https:\/\/repliquemangacine.fr\/#\/schema\/logo\/image\/"},"sameAs":["https:\/\/www.facebook.com\/RepliqueMangaCine","https:\/\/www.instagram.com\/repliquemangacine.fr\/"]}]}},"_links":{"self":[{"href":"https:\/\/repliquemangacine.fr\/it\/wp-json\/wp\/v2\/product\/72667","targetHints":{"allow":["GET"]}}],"collection":[{"href":"https:\/\/repliquemangacine.fr\/it\/wp-json\/wp\/v2\/product"}],"about":[{"href":"https:\/\/repliquemangacine.fr\/it\/wp-json\/wp\/v2\/types\/product"}],"wp:featuredmedia":[{"embeddable":true,"href":"https:\/\/repliquemangacine.fr\/it\/wp-json\/wp\/v2\/media\/72669"}],"wp:attachment":[{"href":"https:\/\/repliquemangacine.fr\/it\/wp-json\/wp\/v2\/media?parent=72667"}],"wp:term":[{"taxonomy":"product_brand","embeddable":true,"href":"https:\/\/repliquemangacine.fr\/it\/wp-json\/wp\/v2\/product_brand?post=72667"},{"taxonomy":"product_cat","embeddable":true,"href":"https:\/\/repliquemangacine.fr\/it\/wp-json\/wp\/v2\/product_cat?post=72667"},{"taxonomy":"product_tag","embeddable":true,"href":"https:\/\/repliquemangacine.fr\/it\/wp-json\/wp\/v2\/product_tag?post=72667"}],"curies":[{"name":"wp","href":"https:\/\/api.w.org\/{rel}","templated":true}]}}