





{"id":72658,"date":"2024-06-11T16:45:42","date_gmt":"2024-06-11T14:45:42","guid":{"rendered":"https:\/\/repliquemangacine.fr\/?post_type=product&#038;p=72658"},"modified":"2025-12-18T08:58:49","modified_gmt":"2025-12-18T07:58:49","slug":"daquaman-trident-210-cm-metallo","status":"publish","type":"product","link":"https:\/\/repliquemangacine.fr\/it\/super-heros-marvel\/trident-daquaman-210-cm-metal\/","title":{"rendered":"Tridente di Aquaman 210 cm in metallo"},"content":{"rendered":"<h2>Tridente a tre punte di Aquaman - Edizione metallizzata oro<\/h2>\n<p>Innanzitutto, il Tridente di Aquaman da 210 cm, replica identica a quella utilizzata da Arthur Curry alias Jason Momoa. In primo luogo, il tridente di Atlan, chiamato anche Tridente sacro. Un'antica reliquia atlantidea forgiata e utilizzata in origine dal re Atlan. Secoli dopo l'esilio e la morte dell'antico sovrano, il tridente \u00e8 stato reclamato da uno dei suoi discendenti, Aquaman, per sconfiggere Orm Marius.<\/p>\n<p>Per quanto riguarda <a href=\"https:\/\/dc-extended-universe.fandom.com\/fr\/wiki\/Arthur_Curry\" target=\"_blank\" rel=\"noopener noreferrer\">Arthur Curry<\/a> Re di Atlantide, figlio maggiore della regina Atlanna, fratellastro maggiore di Orm Marius. Membro della Justice League, nonch\u00e9 supereroe conosciuto in tutto il mondo come Aquaman.<\/p>\n<p>Va sottolineato che all'et\u00e0 di 13 anni Arthur si immerge ed esplora un relitto. Ma rimane intrappolato al suo interno. Dopo pochi secondi, si rende conto che probabilmente sta annegando e inizia a svenire. Al suo risveglio, Arthur si accorge di poter respirare sott'acqua. \u00c8 in quel momento che nota un uomo che nuota sopra di lui. Conosciuto come Nuidis Vulko, si presenta come il consigliere capo del re di Atlantide e inizia ad addestrarlo affinch\u00e9 utilizzi le sue capacit\u00e0 atlantidee, in modo che un giorno Arthur possa prendere il suo posto come legittimo sovrano di Atlantide.<\/p>\n<h2>Il Tridente di Aquaman: simbolo di potere e regalit\u00e0<\/h2>\n<p>Nei film dell'universo DC, il tridente riveste un ruolo centrale e simbolico. Non si tratta solo di un'arma, ma di un manufatto leggendario che conferisce a chi lo possiede il diritto di regnare sui sette mari. Questo tridente, un tempo appartenuto al re Atlan, \u00e8 un simbolo di potere, regalit\u00e0 e legittimit\u00e0. Arthur Curry, alias Aquaman, deve ritrovare questo tridente per dimostrare di essere il vero re di Atlantide.<\/p>\n<p>Il viaggio di Aquaman alla ricerca del tridente \u00e8 una prova di coraggio e determinazione. Il tridente \u00e8 nascosto nel Mare Nascosto, un luogo difficile da raggiungere e custodito dal Karathen, una creatura mitica e temibile. La ricerca del tridente mette in luce le qualit\u00e0 eroiche di Aquaman: il suo coraggio, la sua perseveranza e il suo senso del dovere.<\/p>\n<p>Il tridente di Aquaman non \u00e8 solo simbolico, ma \u00e8 anche dotato di poteri incredibili. Permette ad Aquaman di controllare l'acqua e le creature marine, di creare tsunami e di comunicare con gli abitanti del mare. Quest'arma conferisce ad Aquaman un potere senza pari, consentendogli di proteggere Atlantide e di mantenere la pace tra i regni sottomarini e la superficie.<\/p>\n<h2>Esplorate le altre armi leggendarie dell'Universo DC<\/h2>\n<p>Infine, l'Universo DC \u00e8 ricco di personaggi iconici e armi leggendarie che catturano l'immaginazione dei fan. Oltre al tridente di Aquaman, la nostra collezione comprende altre repliche eccezionali.<\/p>\n<ul>\n<li>Scoprire il<a href=\"https:\/\/repliquemangacine.fr\/it\/supereroi-marvel\/spada-dio-assassino-wonder-woman\/\">Spada God Killer<\/a> di Wonder Woman, un'arma maestosa forgiata per uccidere gli dei, che simboleggia la forza e la determinazione dell'Amazzone.<\/li>\n<li>Per gli amanti del caos e della malizia, il <a href=\"https:\/\/repliquemangacine.fr\/it\/supereroi-marvel\/il-bastone-della-squadra-suicida-del-joker\/\">Bastone di Joker<\/a> \u00e8 un must-have. Questo accessorio, con il suo design sgargiante e stravagante, riflette perfettamente la personalit\u00e0 eccentrica del Clown Principe del Crimine.<\/li>\n<li>Infine, il<a href=\"https:\/\/repliquemangacine.fr\/it\/supereroi-marvel\/mazza-da-baseball-harley-quinn\/\"> La mazza da baseball di Harley Quinn<\/a>vista in \"Suicide Squad\", \u00e8 un must per ogni collezionista. Con i suoi segni iconici e il suo aspetto vissuto, questa replica cattura lo spirito ribelle e l'audacia di Harley Quinn.<\/li>\n<\/ul>\n<p>In conclusione, ognuno di questi pezzi \u00e8 stato progettato con una meticolosa attenzione ai dettagli, rendendo queste repliche delle preziose aggiunte a qualsiasi collezione dedicata all'Universo DC.<\/p>","protected":false},"excerpt":{"rendered":"<p>Superba replica in scala 1\/1 del tridente di Arthur Curry<\/p>\n<ul>\n<li>Tutto il metallo<\/li>\n<li>Completamente ricoperto di vernice dorata metallizzata.<\/li>\n<li>Forchetta a tre punte<\/li>\n<li>Fornito smontato in tre parti con sistema di avvitamento (utensili inclusi)<\/li>\n<li>Lunghezza totale: 210 cm - Peso: 5580 gr<\/li>\n<\/ul>","protected":false},"featured_media":72661,"template":"","meta":[],"product_brand":[896],"product_cat":[59],"product_tag":[],"class_list":{"0":"post-72658","1":"product","2":"type-product","3":"status-publish","4":"has-post-thumbnail","6":"product_brand-replique-manga-cine","7":"product_cat-super-heros-marvel","9":"first","10":"instock","11":"taxable","12":"shipping-taxable","13":"purchasable","14":"product-type-simple"},"yoast_head":"<!-- This site is optimized with the Yoast SEO plugin v27.4 - https:\/\/yoast.com\/product\/yoast-seo-wordpress\/ -->\n<title>Trident d&#039;Aquaman 210 cm M\u00e9tal - R\u00e9plique Manga Cin\u00e9<\/title>\n<meta name=\"description\" content=\"D\u00e9couvrez cette superbe r\u00e9plique du Trident d&#039;Aquaman 210 cm tout en m\u00e9tal. Recouvert de peinture m\u00e9tallis\u00e9e en or. Livr\u00e9 en trois parties. Poids : 5580 gr\" \/>\n<meta name=\"robots\" content=\"index, follow, max-snippet:-1, max-image-preview:large, max-video-preview:-1\" \/>\n<link rel=\"canonical\" href=\"https:\/\/repliquemangacine.fr\/it\/supereroi-marvel\/daquaman-trident-210-cm-metallo\/\" \/>\n<meta property=\"og:locale\" content=\"it_IT\" \/>\n<meta property=\"og:type\" content=\"article\" \/>\n<meta property=\"og:title\" content=\"Trident d&#039;Aquaman 210 cm M\u00e9tal - R\u00e9plique Manga Cin\u00e9\" \/>\n<meta property=\"og:description\" content=\"D\u00e9couvrez cette superbe r\u00e9plique du Trident d&#039;Aquaman 210 cm tout en m\u00e9tal. Recouvert de peinture m\u00e9tallis\u00e9e en or. Livr\u00e9 en trois parties. Poids : 5580 gr\" \/>\n<meta property=\"og:url\" content=\"https:\/\/repliquemangacine.fr\/it\/supereroi-marvel\/daquaman-trident-210-cm-metallo\/\" \/>\n<meta property=\"og:site_name\" content=\"R\u00e9plique Manga Cin\u00e9\" \/>\n<meta property=\"article:publisher\" content=\"https:\/\/www.facebook.com\/RepliqueMangaCine\" \/>\n<meta property=\"article:modified_time\" content=\"2025-12-18T07:58:49+00:00\" \/>\n<meta property=\"og:image\" content=\"https:\/\/repliquemangacine.fr\/wp-content\/uploads\/2024\/06\/Trident-aquaman-fourche.jpg\" \/>\n\t<meta property=\"og:image:width\" content=\"500\" \/>\n\t<meta property=\"og:image:height\" content=\"500\" \/>\n\t<meta property=\"og:image:type\" content=\"image\/jpeg\" \/>\n<meta name=\"twitter:card\" content=\"summary_large_image\" \/>\n<meta name=\"twitter:label1\" content=\"Tempo di lettura stimato\" \/>\n\t<meta name=\"twitter:data1\" content=\"4 minuti\" \/>\n<script type=\"application\/ld+json\" class=\"yoast-schema-graph\">{\"@context\":\"https:\\\/\\\/schema.org\",\"@graph\":[{\"@type\":\"WebPage\",\"@id\":\"https:\\\/\\\/repliquemangacine.fr\\\/super-heros-marvel\\\/trident-daquaman-210-cm-metal\\\/\",\"url\":\"https:\\\/\\\/repliquemangacine.fr\\\/super-heros-marvel\\\/trident-daquaman-210-cm-metal\\\/\",\"name\":\"Trident d'Aquaman 210 cm M\u00e9tal - R\u00e9plique Manga Cin\u00e9\",\"isPartOf\":{\"@id\":\"https:\\\/\\\/repliquemangacine.fr\\\/#website\"},\"primaryImageOfPage\":{\"@id\":\"https:\\\/\\\/repliquemangacine.fr\\\/super-heros-marvel\\\/trident-daquaman-210-cm-metal\\\/#primaryimage\"},\"image\":{\"@id\":\"https:\\\/\\\/repliquemangacine.fr\\\/super-heros-marvel\\\/trident-daquaman-210-cm-metal\\\/#primaryimage\"},\"thumbnailUrl\":\"https:\\\/\\\/repliquemangacine.fr\\\/wp-content\\\/uploads\\\/2024\\\/06\\\/Trident-aquaman-fourche.jpg\",\"datePublished\":\"2024-06-11T14:45:42+00:00\",\"dateModified\":\"2025-12-18T07:58:49+00:00\",\"description\":\"D\u00e9couvrez cette superbe r\u00e9plique du Trident d'Aquaman 210 cm tout en m\u00e9tal. Recouvert de peinture m\u00e9tallis\u00e9e en or. Livr\u00e9 en trois parties. Poids : 5580 gr\",\"breadcrumb\":{\"@id\":\"https:\\\/\\\/repliquemangacine.fr\\\/super-heros-marvel\\\/trident-daquaman-210-cm-metal\\\/#breadcrumb\"},\"inLanguage\":\"it-IT\",\"potentialAction\":[{\"@type\":\"ReadAction\",\"target\":[\"https:\\\/\\\/repliquemangacine.fr\\\/super-heros-marvel\\\/trident-daquaman-210-cm-metal\\\/\"]}]},{\"@type\":\"ImageObject\",\"inLanguage\":\"it-IT\",\"@id\":\"https:\\\/\\\/repliquemangacine.fr\\\/super-heros-marvel\\\/trident-daquaman-210-cm-metal\\\/#primaryimage\",\"url\":\"https:\\\/\\\/repliquemangacine.fr\\\/wp-content\\\/uploads\\\/2024\\\/06\\\/Trident-aquaman-fourche.jpg\",\"contentUrl\":\"https:\\\/\\\/repliquemangacine.fr\\\/wp-content\\\/uploads\\\/2024\\\/06\\\/Trident-aquaman-fourche.jpg\",\"width\":500,\"height\":500,\"caption\":\"Trident d'Aquaman 210 cm\"},{\"@type\":\"BreadcrumbList\",\"@id\":\"https:\\\/\\\/repliquemangacine.fr\\\/super-heros-marvel\\\/trident-daquaman-210-cm-metal\\\/#breadcrumb\",\"itemListElement\":[{\"@type\":\"ListItem\",\"position\":1,\"name\":\"Accueil\",\"item\":\"https:\\\/\\\/repliquemangacine.fr\\\/\"},{\"@type\":\"ListItem\",\"position\":2,\"name\":\"Produits\",\"item\":\"https:\\\/\\\/repliquemangacine.fr\\\/boutique\\\/\"},{\"@type\":\"ListItem\",\"position\":3,\"name\":\"Trident d&#8217;Aquaman 210 cm M\u00e9tal\"}]},{\"@type\":\"WebSite\",\"@id\":\"https:\\\/\\\/repliquemangacine.fr\\\/#website\",\"url\":\"https:\\\/\\\/repliquemangacine.fr\\\/\",\"name\":\"R\u00e9plique Manga Cin\u00e9\",\"description\":\"\",\"publisher\":{\"@id\":\"https:\\\/\\\/repliquemangacine.fr\\\/#organization\"},\"potentialAction\":[{\"@type\":\"SearchAction\",\"target\":{\"@type\":\"EntryPoint\",\"urlTemplate\":\"https:\\\/\\\/repliquemangacine.fr\\\/?s={search_term_string}\"},\"query-input\":{\"@type\":\"PropertyValueSpecification\",\"valueRequired\":true,\"valueName\":\"search_term_string\"}}],\"inLanguage\":\"it-IT\"},{\"@type\":\"Organization\",\"@id\":\"https:\\\/\\\/repliquemangacine.fr\\\/#organization\",\"name\":\"R\u00e9plique Manga Cin\u00e9\",\"url\":\"https:\\\/\\\/repliquemangacine.fr\\\/\",\"logo\":{\"@type\":\"ImageObject\",\"inLanguage\":\"it-IT\",\"@id\":\"https:\\\/\\\/repliquemangacine.fr\\\/#\\\/schema\\\/logo\\\/image\\\/\",\"url\":\"https:\\\/\\\/repliquemangacine.fr\\\/wp-content\\\/uploads\\\/2023\\\/10\\\/RMC-500250.png\",\"contentUrl\":\"https:\\\/\\\/repliquemangacine.fr\\\/wp-content\\\/uploads\\\/2023\\\/10\\\/RMC-500250.png\",\"width\":500,\"height\":250,\"caption\":\"R\u00e9plique Manga Cin\u00e9\"},\"image\":{\"@id\":\"https:\\\/\\\/repliquemangacine.fr\\\/#\\\/schema\\\/logo\\\/image\\\/\"},\"sameAs\":[\"https:\\\/\\\/www.facebook.com\\\/RepliqueMangaCine\",\"https:\\\/\\\/www.instagram.com\\\/repliquemangacine.fr\\\/\"]}]}<\/script>\n<!-- \/ Yoast SEO plugin. -->","yoast_head_json":{"title":"Tridente di Aquaman 210 cm in metallo - R\u00e9plique Manga Cin\u00e9","description":"Scoprite questa superba replica di 210 cm del Tridente di Aquaman, interamente in metallo. Ricoperto di vernice dorata metallizzata. Fornito in tre parti. Peso: 5580 gr","robots":{"index":"index","follow":"follow","max-snippet":"max-snippet:-1","max-image-preview":"max-image-preview:large","max-video-preview":"max-video-preview:-1"},"canonical":"https:\/\/repliquemangacine.fr\/it\/supereroi-marvel\/daquaman-trident-210-cm-metallo\/","og_locale":"it_IT","og_type":"article","og_title":"Trident d'Aquaman 210 cm M\u00e9tal - R\u00e9plique Manga Cin\u00e9","og_description":"D\u00e9couvrez cette superbe r\u00e9plique du Trident d'Aquaman 210 cm tout en m\u00e9tal. Recouvert de peinture m\u00e9tallis\u00e9e en or. Livr\u00e9 en trois parties. Poids : 5580 gr","og_url":"https:\/\/repliquemangacine.fr\/it\/supereroi-marvel\/daquaman-trident-210-cm-metallo\/","og_site_name":"R\u00e9plique Manga Cin\u00e9","article_publisher":"https:\/\/www.facebook.com\/RepliqueMangaCine","article_modified_time":"2025-12-18T07:58:49+00:00","og_image":[{"width":500,"height":500,"url":"https:\/\/repliquemangacine.fr\/wp-content\/uploads\/2024\/06\/Trident-aquaman-fourche.jpg","type":"image\/jpeg"}],"twitter_card":"summary_large_image","twitter_misc":{"Tempo di lettura stimato":"4 minuti"},"schema":{"@context":"https:\/\/schema.org","@graph":[{"@type":"WebPage","@id":"https:\/\/repliquemangacine.fr\/super-heros-marvel\/trident-daquaman-210-cm-metal\/","url":"https:\/\/repliquemangacine.fr\/super-heros-marvel\/trident-daquaman-210-cm-metal\/","name":"Tridente di Aquaman 210 cm in metallo - R\u00e9plique Manga Cin\u00e9","isPartOf":{"@id":"https:\/\/repliquemangacine.fr\/#website"},"primaryImageOfPage":{"@id":"https:\/\/repliquemangacine.fr\/super-heros-marvel\/trident-daquaman-210-cm-metal\/#primaryimage"},"image":{"@id":"https:\/\/repliquemangacine.fr\/super-heros-marvel\/trident-daquaman-210-cm-metal\/#primaryimage"},"thumbnailUrl":"https:\/\/repliquemangacine.fr\/wp-content\/uploads\/2024\/06\/Trident-aquaman-fourche.jpg","datePublished":"2024-06-11T14:45:42+00:00","dateModified":"2025-12-18T07:58:49+00:00","description":"Scoprite questa superba replica di 210 cm del Tridente di Aquaman, interamente in metallo. Ricoperto di vernice dorata metallizzata. Fornito in tre parti. Peso: 5580 gr","breadcrumb":{"@id":"https:\/\/repliquemangacine.fr\/super-heros-marvel\/trident-daquaman-210-cm-metal\/#breadcrumb"},"inLanguage":"it-IT","potentialAction":[{"@type":"ReadAction","target":["https:\/\/repliquemangacine.fr\/super-heros-marvel\/trident-daquaman-210-cm-metal\/"]}]},{"@type":"ImageObject","inLanguage":"it-IT","@id":"https:\/\/repliquemangacine.fr\/super-heros-marvel\/trident-daquaman-210-cm-metal\/#primaryimage","url":"https:\/\/repliquemangacine.fr\/wp-content\/uploads\/2024\/06\/Trident-aquaman-fourche.jpg","contentUrl":"https:\/\/repliquemangacine.fr\/wp-content\/uploads\/2024\/06\/Trident-aquaman-fourche.jpg","width":500,"height":500,"caption":"Trident d'Aquaman 210 cm"},{"@type":"BreadcrumbList","@id":"https:\/\/repliquemangacine.fr\/super-heros-marvel\/trident-daquaman-210-cm-metal\/#breadcrumb","itemListElement":[{"@type":"ListItem","position":1,"name":"Accueil","item":"https:\/\/repliquemangacine.fr\/"},{"@type":"ListItem","position":2,"name":"Produits","item":"https:\/\/repliquemangacine.fr\/boutique\/"},{"@type":"ListItem","position":3,"name":"Trident d&#8217;Aquaman 210 cm M\u00e9tal"}]},{"@type":"WebSite","@id":"https:\/\/repliquemangacine.fr\/#website","url":"https:\/\/repliquemangacine.fr\/","name":"R\u00e9plique Manga Cin\u00e9","description":"","publisher":{"@id":"https:\/\/repliquemangacine.fr\/#organization"},"potentialAction":[{"@type":"SearchAction","target":{"@type":"EntryPoint","urlTemplate":"https:\/\/repliquemangacine.fr\/?s={search_term_string}"},"query-input":{"@type":"PropertyValueSpecification","valueRequired":true,"valueName":"search_term_string"}}],"inLanguage":"it-IT"},{"@type":"Organization","@id":"https:\/\/repliquemangacine.fr\/#organization","name":"R\u00e9plique Manga Cin\u00e9","url":"https:\/\/repliquemangacine.fr\/","logo":{"@type":"ImageObject","inLanguage":"it-IT","@id":"https:\/\/repliquemangacine.fr\/#\/schema\/logo\/image\/","url":"https:\/\/repliquemangacine.fr\/wp-content\/uploads\/2023\/10\/RMC-500250.png","contentUrl":"https:\/\/repliquemangacine.fr\/wp-content\/uploads\/2023\/10\/RMC-500250.png","width":500,"height":250,"caption":"R\u00e9plique Manga Cin\u00e9"},"image":{"@id":"https:\/\/repliquemangacine.fr\/#\/schema\/logo\/image\/"},"sameAs":["https:\/\/www.facebook.com\/RepliqueMangaCine","https:\/\/www.instagram.com\/repliquemangacine.fr\/"]}]}},"_links":{"self":[{"href":"https:\/\/repliquemangacine.fr\/it\/wp-json\/wp\/v2\/product\/72658","targetHints":{"allow":["GET"]}}],"collection":[{"href":"https:\/\/repliquemangacine.fr\/it\/wp-json\/wp\/v2\/product"}],"about":[{"href":"https:\/\/repliquemangacine.fr\/it\/wp-json\/wp\/v2\/types\/product"}],"wp:featuredmedia":[{"embeddable":true,"href":"https:\/\/repliquemangacine.fr\/it\/wp-json\/wp\/v2\/media\/72661"}],"wp:attachment":[{"href":"https:\/\/repliquemangacine.fr\/it\/wp-json\/wp\/v2\/media?parent=72658"}],"wp:term":[{"taxonomy":"product_brand","embeddable":true,"href":"https:\/\/repliquemangacine.fr\/it\/wp-json\/wp\/v2\/product_brand?post=72658"},{"taxonomy":"product_cat","embeddable":true,"href":"https:\/\/repliquemangacine.fr\/it\/wp-json\/wp\/v2\/product_cat?post=72658"},{"taxonomy":"product_tag","embeddable":true,"href":"https:\/\/repliquemangacine.fr\/it\/wp-json\/wp\/v2\/product_tag?post=72658"}],"curies":[{"name":"wp","href":"https:\/\/api.w.org\/{rel}","templated":true}]}}