





{"id":71829,"date":"2024-05-09T15:05:48","date_gmt":"2024-05-09T13:05:48","guid":{"rendered":"https:\/\/repliquemangacine.fr\/?post_type=product&#038;p=71829"},"modified":"2025-12-10T15:45:40","modified_gmt":"2025-12-10T14:45:40","slug":"pistola-derringer-kolser","status":"publish","type":"product","link":"https:\/\/repliquemangacine.fr\/it\/western-repliques-armes\/pistolet-derringer-kolser\/","title":{"rendered":"Pistola Derringer Kolser"},"content":{"rendered":"<h2>Pistola Derringer Kolser: una fedele riproduzione storica<\/h2>\n<p>In primo luogo, la Kolser Derringer Pistol, una fedele riproduzione della famosa pistola originale Remington Arms, nota per la sua produzione dal 1866 al 1935. Vale la pena ricordare che la storia della Derringer fu resa famosa dopo l'assassinio del Presidente Lincoln.<\/p>\n<p>La Remington Derringer, ufficialmente nota come Remington Model 95, fu introdotta per la prima volta nel 1866. Questo modello fu sviluppato da Remington &amp; Sons, un importante produttore americano di armi da fuoco. Anche se il nome \u201cDerringer\u201d deriva dalle pistole di Henry Deringer. Remington rese popolare il formato con il suo modello a doppia canna inclinabile. \u00c8 diventato emblematico della categoria Derringer.<\/p>\n<p>In breve, la Derringer del 1866, una pistola iconica che ha segnato la storia delle armi da fuoco con il suo design compatto e la sua discrezione. La sua funzionalit\u00e0 la rende ideale per gli amanti delle armi storiche o per i collezionisti. Inoltre, rimane un simbolo classico dell'epoca western.<\/p>\n<h2>Pistola Kolser Derringer: funzionalit\u00e0 e design compatto<\/h2>\n<p>Per cominciare, la Derringer del 1866, un'iconica pistola da tasca spesso associata alle discrete armi da difesa personale del 19\u1d49 secolo. Ecco alcuni fatti salienti su questa pistola:<\/p>\n<ul>\n<li>Design: il Remington Model 95, noto per il suo design a doppia canna. Le canne sono orientabili lateralmente per la ricarica, una caratteristica innovativa per l'epoca.<\/li>\n<li>Calibro: Generalmente camerato in .41 Rimfire, un calibro relativamente piccolo. Adatto all'uso a brevissima distanza, tipico delle situazioni di difesa personale.<\/li>\n<li>Design compatto: un'arma molto compatta, con un calcio privo di impugnatura, che la rende facile da nascondere.<\/li>\n<li>Uso: la Derringer era principalmente un'arma da difesa personale, progettata per le situazioni ravvicinate. Anche le donne la usavano come arma di difesa personale perch\u00e9 era facile da nascondere in una borsetta.<\/li>\n<\/ul>\n<p>In conclusione, la pistola Derringer rimane molto popolare tra i collezionisti e gli appassionati di armi.<\/p>\n<h2>Armi replica Kolser: qualit\u00e0\/prezzo garantiti<\/h2>\n<p>Come gi\u00e0 sapete, noi di R\u00e9plique Manga Cin\u00e9 ci impegniamo a distribuire prodotti di qualit\u00e0 ai prezzi migliori. Abbiamo scelto i due principali marchi di pistole replica, tra cui <a href=\"https:\/\/kolser.com\/fr\/\" target=\"_blank\" rel=\"noopener noreferrer\">Kolser<\/a> \u00e8 uno di questi. La qualit\u00e0 delle finiture di questo marchio \u00e8 indiscutibile. Ecco perch\u00e9 stiamo ampliando il nostro catalogo con un numero sempre maggiore di loro prodotti. Ecco solo alcuni esempi:<\/p>\n<ul>\n<li>La <a href=\"https:\/\/repliquemangacine.fr\/it\/pistola-kolser\/mares-leg-55cm-grey-kolser\/\">Gamba di cavalla Winchester<\/a> di Josh Randall e con espulsione del proiettile. Disponibile in diverse versioni.<\/li>\n<li>C'\u00e8 anche il <a href=\"https:\/\/repliquemangacine.fr\/it\/pistola-kolser\/colt-navy-1851-ottone\/\">Colt Navy 1851<\/a>Versione in ottone. Disponibile anche in diverse versioni<\/li>\n<li>Cos\u00ec come il <a href=\"https:\/\/repliquemangacine.fr\/it\/pistola-kolser\/colt-thunderer-calcio-in-madreperla\/\">colt Thunderer<\/a> e il suo calcio in madreperla. Vari modelli<\/li>\n<li>E non dimentichiamo gli speciali proiettili finti per fucili Colt e Kolser, che consentono di utilizzare un innesco per petardi per un effetto ancora pi\u00f9 realistico.<\/li>\n<\/ul>\n<p>&nbsp;<\/p>","protected":false},"excerpt":{"rendered":"<p>Splendida replica identica della pistola Kolser Derringer<\/p>\n<ul>\n<li>Struttura in metallo anticato, nichelato o patinato, a seconda del modello<\/li>\n<li>Calcio in finto avorio, perla, Abs e legno.<\/li>\n<li>Doppio barile<\/li>\n<li>Meccanismo funzionale<\/li>\n<li>Fornito con 2 palline finte<strong><br \/>\n<\/strong><\/li>\n<\/ul>\n<p><iframe title=\"Lettore video di YouTube\" src=\"https:\/\/www.youtube.com\/embed\/7KAdvrK6NQw?si=W5D00lRigU-i6B8X\" width=\"560\" height=\"315\" frameborder=\"0\" allowfullscreen=\"allowfullscreen\"><\/iframe><\/p>","protected":false},"featured_media":71889,"template":"","meta":[],"product_brand":[896],"product_cat":[100,34,33,77,64],"product_tag":[],"class_list":{"0":"post-71829","1":"product","2":"type-product","3":"status-publish","4":"has-post-thumbnail","6":"product_brand-replique-manga-cine","7":"product_cat-arme-kolser","8":"product_cat-armes-westerns","9":"product_cat-colt-pistolet","10":"product_cat-colt-revolver-western","11":"product_cat-western-repliques-armes","13":"first","14":"outofstock","15":"taxable","16":"shipping-taxable","17":"purchasable","18":"product-type-variable"},"yoast_head":"<!-- This site is optimized with the Yoast SEO plugin v27.5 - https:\/\/yoast.com\/product\/yoast-seo-wordpress\/ -->\n<title>Pistolet Derringer Kolser - Reproductions Armes Westerns - RMC<\/title>\n<meta name=\"description\" content=\"D\u00e9couvrez notre derni\u00e8re nouveaut\u00e9, le Pistolet Derringer de Kolser. M\u00e9canismes fonctionnels. Existe en plusieurs versions. Livr\u00e9 avec 2 balles factices.\" \/>\n<meta name=\"robots\" content=\"index, follow, max-snippet:-1, max-image-preview:large, max-video-preview:-1\" \/>\n<link rel=\"canonical\" href=\"https:\/\/repliquemangacine.fr\/it\/armi-replica-occidentali\/pistola-derringer-kolser\/\" \/>\n<meta property=\"og:locale\" content=\"it_IT\" \/>\n<meta property=\"og:type\" content=\"article\" \/>\n<meta property=\"og:title\" content=\"Pistolet Derringer Kolser - Reproductions Armes Westerns - RMC\" \/>\n<meta property=\"og:description\" content=\"D\u00e9couvrez notre derni\u00e8re nouveaut\u00e9, le Pistolet Derringer de Kolser. M\u00e9canismes fonctionnels. Existe en plusieurs versions. Livr\u00e9 avec 2 balles factices.\" \/>\n<meta property=\"og:url\" content=\"https:\/\/repliquemangacine.fr\/it\/armi-replica-occidentali\/pistola-derringer-kolser\/\" \/>\n<meta property=\"og:site_name\" content=\"R\u00e9plique Manga Cin\u00e9\" \/>\n<meta property=\"article:publisher\" content=\"https:\/\/www.facebook.com\/RepliqueMangaCine\" \/>\n<meta property=\"article:modified_time\" content=\"2025-12-10T14:45:40+00:00\" \/>\n<meta property=\"og:image\" content=\"https:\/\/repliquemangacine.fr\/wp-content\/uploads\/2024\/05\/8752M.jpg\" \/>\n\t<meta property=\"og:image:width\" content=\"500\" \/>\n\t<meta property=\"og:image:height\" content=\"500\" \/>\n\t<meta property=\"og:image:type\" content=\"image\/jpeg\" \/>\n<meta name=\"twitter:card\" content=\"summary_large_image\" \/>\n<meta name=\"twitter:label1\" content=\"Tempo di lettura stimato\" \/>\n\t<meta name=\"twitter:data1\" content=\"3 minuti\" \/>\n<script type=\"application\/ld+json\" class=\"yoast-schema-graph\">{\"@context\":\"https:\\\/\\\/schema.org\",\"@graph\":[{\"@type\":\"WebPage\",\"@id\":\"https:\\\/\\\/repliquemangacine.fr\\\/western-repliques-armes\\\/pistolet-derringer-kolser\\\/\",\"url\":\"https:\\\/\\\/repliquemangacine.fr\\\/western-repliques-armes\\\/pistolet-derringer-kolser\\\/\",\"name\":\"Pistolet Derringer Kolser - Reproductions Armes Westerns - RMC\",\"isPartOf\":{\"@id\":\"https:\\\/\\\/repliquemangacine.fr\\\/#website\"},\"primaryImageOfPage\":{\"@id\":\"https:\\\/\\\/repliquemangacine.fr\\\/western-repliques-armes\\\/pistolet-derringer-kolser\\\/#primaryimage\"},\"image\":{\"@id\":\"https:\\\/\\\/repliquemangacine.fr\\\/western-repliques-armes\\\/pistolet-derringer-kolser\\\/#primaryimage\"},\"thumbnailUrl\":\"https:\\\/\\\/repliquemangacine.fr\\\/wp-content\\\/uploads\\\/2024\\\/05\\\/8752M.jpg\",\"datePublished\":\"2024-05-09T13:05:48+00:00\",\"dateModified\":\"2025-12-10T14:45:40+00:00\",\"description\":\"D\u00e9couvrez notre derni\u00e8re nouveaut\u00e9, le Pistolet Derringer de Kolser. M\u00e9canismes fonctionnels. Existe en plusieurs versions. Livr\u00e9 avec 2 balles factices.\",\"breadcrumb\":{\"@id\":\"https:\\\/\\\/repliquemangacine.fr\\\/western-repliques-armes\\\/pistolet-derringer-kolser\\\/#breadcrumb\"},\"inLanguage\":\"it-IT\",\"potentialAction\":[{\"@type\":\"ReadAction\",\"target\":[\"https:\\\/\\\/repliquemangacine.fr\\\/western-repliques-armes\\\/pistolet-derringer-kolser\\\/\"]}]},{\"@type\":\"ImageObject\",\"inLanguage\":\"it-IT\",\"@id\":\"https:\\\/\\\/repliquemangacine.fr\\\/western-repliques-armes\\\/pistolet-derringer-kolser\\\/#primaryimage\",\"url\":\"https:\\\/\\\/repliquemangacine.fr\\\/wp-content\\\/uploads\\\/2024\\\/05\\\/8752M.jpg\",\"contentUrl\":\"https:\\\/\\\/repliquemangacine.fr\\\/wp-content\\\/uploads\\\/2024\\\/05\\\/8752M.jpg\",\"width\":500,\"height\":500,\"caption\":\"Pistolet Derringer Kolser Crosse ivoire m\u00e9tal patin\u00e9\"},{\"@type\":\"BreadcrumbList\",\"@id\":\"https:\\\/\\\/repliquemangacine.fr\\\/western-repliques-armes\\\/pistolet-derringer-kolser\\\/#breadcrumb\",\"itemListElement\":[{\"@type\":\"ListItem\",\"position\":1,\"name\":\"Accueil\",\"item\":\"https:\\\/\\\/repliquemangacine.fr\\\/\"},{\"@type\":\"ListItem\",\"position\":2,\"name\":\"Produits\",\"item\":\"https:\\\/\\\/repliquemangacine.fr\\\/boutique\\\/\"},{\"@type\":\"ListItem\",\"position\":3,\"name\":\"Pistolet Derringer Kolser\"}]},{\"@type\":\"WebSite\",\"@id\":\"https:\\\/\\\/repliquemangacine.fr\\\/#website\",\"url\":\"https:\\\/\\\/repliquemangacine.fr\\\/\",\"name\":\"R\u00e9plique Manga Cin\u00e9\",\"description\":\"\",\"publisher\":{\"@id\":\"https:\\\/\\\/repliquemangacine.fr\\\/#organization\"},\"potentialAction\":[{\"@type\":\"SearchAction\",\"target\":{\"@type\":\"EntryPoint\",\"urlTemplate\":\"https:\\\/\\\/repliquemangacine.fr\\\/?s={search_term_string}\"},\"query-input\":{\"@type\":\"PropertyValueSpecification\",\"valueRequired\":true,\"valueName\":\"search_term_string\"}}],\"inLanguage\":\"it-IT\"},{\"@type\":\"Organization\",\"@id\":\"https:\\\/\\\/repliquemangacine.fr\\\/#organization\",\"name\":\"R\u00e9plique Manga Cin\u00e9\",\"url\":\"https:\\\/\\\/repliquemangacine.fr\\\/\",\"logo\":{\"@type\":\"ImageObject\",\"inLanguage\":\"it-IT\",\"@id\":\"https:\\\/\\\/repliquemangacine.fr\\\/#\\\/schema\\\/logo\\\/image\\\/\",\"url\":\"https:\\\/\\\/repliquemangacine.fr\\\/wp-content\\\/uploads\\\/2023\\\/10\\\/RMC-500250.png\",\"contentUrl\":\"https:\\\/\\\/repliquemangacine.fr\\\/wp-content\\\/uploads\\\/2023\\\/10\\\/RMC-500250.png\",\"width\":500,\"height\":250,\"caption\":\"R\u00e9plique Manga Cin\u00e9\"},\"image\":{\"@id\":\"https:\\\/\\\/repliquemangacine.fr\\\/#\\\/schema\\\/logo\\\/image\\\/\"},\"sameAs\":[\"https:\\\/\\\/www.facebook.com\\\/RepliqueMangaCine\",\"https:\\\/\\\/www.instagram.com\\\/repliquemangacine.fr\\\/\"]}]}<\/script>\n<!-- \/ Yoast SEO plugin. -->","yoast_head_json":{"title":"Pistola Derringer Kolser - Riproduzione di armi occidentali - RMC","description":"Scoprite la nostra ultima innovazione, la pistola Kolser Derringer. Meccanismi funzionali. Disponibile in diverse versioni. Fornita con 2 proiettili finti.","robots":{"index":"index","follow":"follow","max-snippet":"max-snippet:-1","max-image-preview":"max-image-preview:large","max-video-preview":"max-video-preview:-1"},"canonical":"https:\/\/repliquemangacine.fr\/it\/armi-replica-occidentali\/pistola-derringer-kolser\/","og_locale":"it_IT","og_type":"article","og_title":"Pistolet Derringer Kolser - Reproductions Armes Westerns - RMC","og_description":"D\u00e9couvrez notre derni\u00e8re nouveaut\u00e9, le Pistolet Derringer de Kolser. M\u00e9canismes fonctionnels. Existe en plusieurs versions. Livr\u00e9 avec 2 balles factices.","og_url":"https:\/\/repliquemangacine.fr\/it\/armi-replica-occidentali\/pistola-derringer-kolser\/","og_site_name":"R\u00e9plique Manga Cin\u00e9","article_publisher":"https:\/\/www.facebook.com\/RepliqueMangaCine","article_modified_time":"2025-12-10T14:45:40+00:00","og_image":[{"width":500,"height":500,"url":"https:\/\/repliquemangacine.fr\/wp-content\/uploads\/2024\/05\/8752M.jpg","type":"image\/jpeg"}],"twitter_card":"summary_large_image","twitter_misc":{"Tempo di lettura stimato":"3 minuti"},"schema":{"@context":"https:\/\/schema.org","@graph":[{"@type":"WebPage","@id":"https:\/\/repliquemangacine.fr\/western-repliques-armes\/pistolet-derringer-kolser\/","url":"https:\/\/repliquemangacine.fr\/western-repliques-armes\/pistolet-derringer-kolser\/","name":"Pistola Derringer Kolser - Riproduzione di armi occidentali - RMC","isPartOf":{"@id":"https:\/\/repliquemangacine.fr\/#website"},"primaryImageOfPage":{"@id":"https:\/\/repliquemangacine.fr\/western-repliques-armes\/pistolet-derringer-kolser\/#primaryimage"},"image":{"@id":"https:\/\/repliquemangacine.fr\/western-repliques-armes\/pistolet-derringer-kolser\/#primaryimage"},"thumbnailUrl":"https:\/\/repliquemangacine.fr\/wp-content\/uploads\/2024\/05\/8752M.jpg","datePublished":"2024-05-09T13:05:48+00:00","dateModified":"2025-12-10T14:45:40+00:00","description":"Scoprite la nostra ultima innovazione, la pistola Kolser Derringer. Meccanismi funzionali. Disponibile in diverse versioni. Fornita con 2 proiettili finti.","breadcrumb":{"@id":"https:\/\/repliquemangacine.fr\/western-repliques-armes\/pistolet-derringer-kolser\/#breadcrumb"},"inLanguage":"it-IT","potentialAction":[{"@type":"ReadAction","target":["https:\/\/repliquemangacine.fr\/western-repliques-armes\/pistolet-derringer-kolser\/"]}]},{"@type":"ImageObject","inLanguage":"it-IT","@id":"https:\/\/repliquemangacine.fr\/western-repliques-armes\/pistolet-derringer-kolser\/#primaryimage","url":"https:\/\/repliquemangacine.fr\/wp-content\/uploads\/2024\/05\/8752M.jpg","contentUrl":"https:\/\/repliquemangacine.fr\/wp-content\/uploads\/2024\/05\/8752M.jpg","width":500,"height":500,"caption":"Pistolet Derringer Kolser Crosse ivoire m\u00e9tal patin\u00e9"},{"@type":"BreadcrumbList","@id":"https:\/\/repliquemangacine.fr\/western-repliques-armes\/pistolet-derringer-kolser\/#breadcrumb","itemListElement":[{"@type":"ListItem","position":1,"name":"Accueil","item":"https:\/\/repliquemangacine.fr\/"},{"@type":"ListItem","position":2,"name":"Produits","item":"https:\/\/repliquemangacine.fr\/boutique\/"},{"@type":"ListItem","position":3,"name":"Pistolet Derringer Kolser"}]},{"@type":"WebSite","@id":"https:\/\/repliquemangacine.fr\/#website","url":"https:\/\/repliquemangacine.fr\/","name":"R\u00e9plique Manga Cin\u00e9","description":"","publisher":{"@id":"https:\/\/repliquemangacine.fr\/#organization"},"potentialAction":[{"@type":"SearchAction","target":{"@type":"EntryPoint","urlTemplate":"https:\/\/repliquemangacine.fr\/?s={search_term_string}"},"query-input":{"@type":"PropertyValueSpecification","valueRequired":true,"valueName":"search_term_string"}}],"inLanguage":"it-IT"},{"@type":"Organization","@id":"https:\/\/repliquemangacine.fr\/#organization","name":"R\u00e9plique Manga Cin\u00e9","url":"https:\/\/repliquemangacine.fr\/","logo":{"@type":"ImageObject","inLanguage":"it-IT","@id":"https:\/\/repliquemangacine.fr\/#\/schema\/logo\/image\/","url":"https:\/\/repliquemangacine.fr\/wp-content\/uploads\/2023\/10\/RMC-500250.png","contentUrl":"https:\/\/repliquemangacine.fr\/wp-content\/uploads\/2023\/10\/RMC-500250.png","width":500,"height":250,"caption":"R\u00e9plique Manga Cin\u00e9"},"image":{"@id":"https:\/\/repliquemangacine.fr\/#\/schema\/logo\/image\/"},"sameAs":["https:\/\/www.facebook.com\/RepliqueMangaCine","https:\/\/www.instagram.com\/repliquemangacine.fr\/"]}]}},"_links":{"self":[{"href":"https:\/\/repliquemangacine.fr\/it\/wp-json\/wp\/v2\/product\/71829","targetHints":{"allow":["GET"]}}],"collection":[{"href":"https:\/\/repliquemangacine.fr\/it\/wp-json\/wp\/v2\/product"}],"about":[{"href":"https:\/\/repliquemangacine.fr\/it\/wp-json\/wp\/v2\/types\/product"}],"wp:featuredmedia":[{"embeddable":true,"href":"https:\/\/repliquemangacine.fr\/it\/wp-json\/wp\/v2\/media\/71889"}],"wp:attachment":[{"href":"https:\/\/repliquemangacine.fr\/it\/wp-json\/wp\/v2\/media?parent=71829"}],"wp:term":[{"taxonomy":"product_brand","embeddable":true,"href":"https:\/\/repliquemangacine.fr\/it\/wp-json\/wp\/v2\/product_brand?post=71829"},{"taxonomy":"product_cat","embeddable":true,"href":"https:\/\/repliquemangacine.fr\/it\/wp-json\/wp\/v2\/product_cat?post=71829"},{"taxonomy":"product_tag","embeddable":true,"href":"https:\/\/repliquemangacine.fr\/it\/wp-json\/wp\/v2\/product_tag?post=71829"}],"curies":[{"name":"wp","href":"https:\/\/api.w.org\/{rel}","templated":true}]}}