





{"id":71656,"date":"2024-04-30T18:46:42","date_gmt":"2024-04-30T16:46:42","guid":{"rendered":"https:\/\/repliquemangacine.fr\/?post_type=product&#038;p=71656"},"modified":"2026-02-28T06:06:32","modified_gmt":"2026-02-28T05:06:32","slug":"freydis-spada-vichinghi-valhalla","status":"publish","type":"product","link":"https:\/\/repliquemangacine.fr\/it\/armes-et-accessoires-vikings\/epee-de-freydis-vikings-valhalla\/","title":{"rendered":"Spada Vikings Valhalla Freydis"},"content":{"rendered":"<h2>Spada di Freydis - Vichinghi Valhalla<\/h2>\n<p>In primo luogo, il<strong>Spada di Freydis<\/strong> in Viking Valhalla, un pezzo imperdibile per la tua collezione.<\/p>\n<p>Personaggio chiave nella serie \u201c<a href=\"https:\/\/vikings.fandom.com\/fr\/wiki\/Vikings:_Valhalla\" target=\"_blank\" rel=\"noopener noreferrer\">Vichinghi: Valhalla<\/a>\u201c, sequel della serie originale \u201cVikings\u201d. Freydis, una feroce guerriera pagana e fervente credente degli antichi dei nordici. Descritta come una combattente eccezionale con un forte senso della giustizia. Nonch\u00e9 determinata a difendere la sua fede e il suo popolo dalle minacce, in particolare dall'avanzata del cristianesimo.<\/p>\n<p>Il suo personaggio \u00e8 ispirato a figure storiche e leggendarie dell'epoca vichinga, ma con alcune libert\u00e0 creative per l'adattamento televisivo. Nella serie, affronta numerose prove che mettono alla prova la sua fede, il suo coraggio e la sua capacit\u00e0 di unire e guidare le persone che la circondano. Freydis \u00e8 un personaggio complesso, le cui lotte e i cui successi catturano spesso l'attenzione degli spettatori, rendendola un pilastro essenziale di \u201cVikings: Valhalla\u201d.<\/p>\n<h2>La vostra spada Freydis al miglior prezzo.<\/h2>\n<p>Vi proponiamo un'ampia scelta di spade storiche dei vichinghi.<\/p>\n<p>Innanzitutto,<\/p>\n<ul>\n<li>Il famoso <a href=\"https:\/\/repliquemangacine.fr\/it\/spade-serie-tv-vichinghi\/replica-della-spada-di-re-ragnar-lothbrok-della-serie-tv-vikings\/\">La spada di Ragnar Lothbrok<\/a> nella serie Vikings<\/li>\n<li>C'\u00e8 anche il<a href=\"https:\/\/repliquemangacine.fr\/it\/spade-serie-tv-vichinghi\/spada-vichinga-con-impugnatura-in-bronzo\/\">La spada di Harald Sigurdsson<\/a> nel Valhalla dei Vichinghi<\/li>\n<li>Oltre ai due <a href=\"https:\/\/repliquemangacine.fr\/it\/armi-di-assassins-creed\/asce-assassins-creed-valhalla\/\">Assi di Eivor<\/a> in Assassin's Creed Valhalla.<\/li>\n<li>E molto altro ancora da scoprire nel nostro negozio online!<\/li>\n<\/ul>\n<p>Ecco perch\u00e9 queste sono ottime idee regalo per tutti i fan dei Viking. In conclusione, potete utilizzare questo <strong>Spada di Freydis<\/strong> per le vostre rievocazioni storiche. Ma soprattutto \u00e8 un oggetto da collezione e un pezzo decorativo.<\/p>\n<h2>Come faccio a mantenere la lama della mia spada?<\/h2>\n<p>Le spade da collezione e decorative sono realizzate e assemblate in modo semplificato. Poich\u00e9 il loro uso \u00e8 decorativo, non hanno le caratteristiche di sicurezza richieste da una spada giapponese destinata all'allenamento. Tuttavia, la vostra <strong>Spada di Freydis<\/strong> a una lama d'acciaio che deve essere mantenuta per evitare che si danneggi nel tempo. Quando si espone la spada, gli amici saranno curiosi di vedere la lama e di toccarla. \u00c8 qui che bisogna fare attenzione, perch\u00e9 l'acidit\u00e0 delle dita \u00e8 molto dannosa per l'acciaio, qualunque sia la sua qualit\u00e0. Tuttavia, se ci\u00f2 dovesse accadere, non fatevi prendere dal panico: basta usare un panno inumidito con un po' d'olio e cancellare le impronte digitali. Se lo farete, la vostra spada durer\u00e0 molto a lungo.<\/p>","protected":false},"excerpt":{"rendered":"<p>Superba replica della Spada di Freydis in Vikings: Valhalla<\/p>\n<ul>\n<li>Lama in acciaio con rune incise.<\/li>\n<li>Manico rivestito in pelle<\/li>\n<li>Elsa e pomo in acciaio antico<\/li>\n<li>Fornito con staffa a parete con logo della serie<\/li>\n<li>Lunghezza lama: 82 cm - Lunghezza totale: 105 cm<\/li>\n<li>Peso: 1210 gr<\/li>\n<\/ul>","protected":false},"featured_media":71665,"template":"","meta":[],"product_brand":[896],"product_cat":[112,103,57],"product_tag":[],"class_list":{"0":"post-71656","1":"product","2":"type-product","3":"status-publish","4":"has-post-thumbnail","6":"product_brand-replique-manga-cine","7":"product_cat-epees-serie-tv-vikings","8":"product_cat-armes-et-accessoires-vikings","9":"product_cat-armes-vikings","11":"first","12":"instock","13":"taxable","14":"shipping-taxable","15":"purchasable","16":"product-type-simple"},"yoast_head":"<!-- This site is optimized with the Yoast SEO plugin v27.4 - https:\/\/yoast.com\/product\/yoast-seo-wordpress\/ -->\n<title>\u00c9p\u00e9e de Freydis Vikings Valhalla - R\u00e9plique Manga Cin\u00e9<\/title>\n<meta name=\"description\" content=\"En exclusivit\u00e9 ! D\u00e9couvrez la superbe \u00c9p\u00e9e de Freydis dans Vikings Valhalla. Lame en acier grav\u00e9e. Poign\u00e9e cuir. Longueur totale : 105 cm\" \/>\n<meta name=\"robots\" content=\"index, follow, max-snippet:-1, max-image-preview:large, max-video-preview:-1\" \/>\n<link rel=\"canonical\" href=\"https:\/\/repliquemangacine.fr\/it\/armi-e-accessori-vichinghi\/freydis-spada-vichinghi-valhalla\/\" \/>\n<meta property=\"og:locale\" content=\"it_IT\" \/>\n<meta property=\"og:type\" content=\"article\" \/>\n<meta property=\"og:title\" content=\"\u00c9p\u00e9e de Freydis Vikings Valhalla - R\u00e9plique Manga Cin\u00e9\" \/>\n<meta property=\"og:description\" content=\"En exclusivit\u00e9 ! D\u00e9couvrez la superbe \u00c9p\u00e9e de Freydis dans Vikings Valhalla. Lame en acier grav\u00e9e. Poign\u00e9e cuir. Longueur totale : 105 cm\" \/>\n<meta property=\"og:url\" content=\"https:\/\/repliquemangacine.fr\/it\/armi-e-accessori-vichinghi\/freydis-spada-vichinghi-valhalla\/\" \/>\n<meta property=\"og:site_name\" content=\"R\u00e9plique Manga Cin\u00e9\" \/>\n<meta property=\"article:publisher\" content=\"https:\/\/www.facebook.com\/RepliqueMangaCine\" \/>\n<meta property=\"article:modified_time\" content=\"2026-02-28T05:06:32+00:00\" \/>\n<meta property=\"og:image\" content=\"https:\/\/repliquemangacine.fr\/wp-content\/uploads\/2024\/04\/Epee-de-Freydis-Vikings-valhalla.jpg\" \/>\n\t<meta property=\"og:image:width\" content=\"500\" \/>\n\t<meta property=\"og:image:height\" content=\"500\" \/>\n\t<meta property=\"og:image:type\" content=\"image\/jpeg\" \/>\n<meta name=\"twitter:card\" content=\"summary_large_image\" \/>\n<meta name=\"twitter:label1\" content=\"Tempo di lettura stimato\" \/>\n\t<meta name=\"twitter:data1\" content=\"3 minuti\" \/>\n<script type=\"application\/ld+json\" class=\"yoast-schema-graph\">{\"@context\":\"https:\\\/\\\/schema.org\",\"@graph\":[{\"@type\":\"WebPage\",\"@id\":\"https:\\\/\\\/repliquemangacine.fr\\\/armes-et-accessoires-vikings\\\/epee-de-freydis-vikings-valhalla\\\/\",\"url\":\"https:\\\/\\\/repliquemangacine.fr\\\/armes-et-accessoires-vikings\\\/epee-de-freydis-vikings-valhalla\\\/\",\"name\":\"\u00c9p\u00e9e de Freydis Vikings Valhalla - R\u00e9plique Manga Cin\u00e9\",\"isPartOf\":{\"@id\":\"https:\\\/\\\/repliquemangacine.fr\\\/#website\"},\"primaryImageOfPage\":{\"@id\":\"https:\\\/\\\/repliquemangacine.fr\\\/armes-et-accessoires-vikings\\\/epee-de-freydis-vikings-valhalla\\\/#primaryimage\"},\"image\":{\"@id\":\"https:\\\/\\\/repliquemangacine.fr\\\/armes-et-accessoires-vikings\\\/epee-de-freydis-vikings-valhalla\\\/#primaryimage\"},\"thumbnailUrl\":\"https:\\\/\\\/repliquemangacine.fr\\\/wp-content\\\/uploads\\\/2024\\\/04\\\/Epee-de-Freydis-Vikings-valhalla.jpg\",\"datePublished\":\"2024-04-30T16:46:42+00:00\",\"dateModified\":\"2026-02-28T05:06:32+00:00\",\"description\":\"En exclusivit\u00e9 ! D\u00e9couvrez la superbe \u00c9p\u00e9e de Freydis dans Vikings Valhalla. Lame en acier grav\u00e9e. Poign\u00e9e cuir. Longueur totale : 105 cm\",\"breadcrumb\":{\"@id\":\"https:\\\/\\\/repliquemangacine.fr\\\/armes-et-accessoires-vikings\\\/epee-de-freydis-vikings-valhalla\\\/#breadcrumb\"},\"inLanguage\":\"it-IT\",\"potentialAction\":[{\"@type\":\"ReadAction\",\"target\":[\"https:\\\/\\\/repliquemangacine.fr\\\/armes-et-accessoires-vikings\\\/epee-de-freydis-vikings-valhalla\\\/\"]}]},{\"@type\":\"ImageObject\",\"inLanguage\":\"it-IT\",\"@id\":\"https:\\\/\\\/repliquemangacine.fr\\\/armes-et-accessoires-vikings\\\/epee-de-freydis-vikings-valhalla\\\/#primaryimage\",\"url\":\"https:\\\/\\\/repliquemangacine.fr\\\/wp-content\\\/uploads\\\/2024\\\/04\\\/Epee-de-Freydis-Vikings-valhalla.jpg\",\"contentUrl\":\"https:\\\/\\\/repliquemangacine.fr\\\/wp-content\\\/uploads\\\/2024\\\/04\\\/Epee-de-Freydis-Vikings-valhalla.jpg\",\"width\":500,\"height\":500,\"caption\":\"Ep\u00e9e-de-Freydis-Vikings-valhalla\"},{\"@type\":\"BreadcrumbList\",\"@id\":\"https:\\\/\\\/repliquemangacine.fr\\\/armes-et-accessoires-vikings\\\/epee-de-freydis-vikings-valhalla\\\/#breadcrumb\",\"itemListElement\":[{\"@type\":\"ListItem\",\"position\":1,\"name\":\"Accueil\",\"item\":\"https:\\\/\\\/repliquemangacine.fr\\\/\"},{\"@type\":\"ListItem\",\"position\":2,\"name\":\"Produits\",\"item\":\"https:\\\/\\\/repliquemangacine.fr\\\/boutique\\\/\"},{\"@type\":\"ListItem\",\"position\":3,\"name\":\"\u00c9p\u00e9e de Freydis Vikings Valhalla\"}]},{\"@type\":\"WebSite\",\"@id\":\"https:\\\/\\\/repliquemangacine.fr\\\/#website\",\"url\":\"https:\\\/\\\/repliquemangacine.fr\\\/\",\"name\":\"R\u00e9plique Manga Cin\u00e9\",\"description\":\"\",\"publisher\":{\"@id\":\"https:\\\/\\\/repliquemangacine.fr\\\/#organization\"},\"potentialAction\":[{\"@type\":\"SearchAction\",\"target\":{\"@type\":\"EntryPoint\",\"urlTemplate\":\"https:\\\/\\\/repliquemangacine.fr\\\/?s={search_term_string}\"},\"query-input\":{\"@type\":\"PropertyValueSpecification\",\"valueRequired\":true,\"valueName\":\"search_term_string\"}}],\"inLanguage\":\"it-IT\"},{\"@type\":\"Organization\",\"@id\":\"https:\\\/\\\/repliquemangacine.fr\\\/#organization\",\"name\":\"R\u00e9plique Manga Cin\u00e9\",\"url\":\"https:\\\/\\\/repliquemangacine.fr\\\/\",\"logo\":{\"@type\":\"ImageObject\",\"inLanguage\":\"it-IT\",\"@id\":\"https:\\\/\\\/repliquemangacine.fr\\\/#\\\/schema\\\/logo\\\/image\\\/\",\"url\":\"https:\\\/\\\/repliquemangacine.fr\\\/wp-content\\\/uploads\\\/2023\\\/10\\\/RMC-500250.png\",\"contentUrl\":\"https:\\\/\\\/repliquemangacine.fr\\\/wp-content\\\/uploads\\\/2023\\\/10\\\/RMC-500250.png\",\"width\":500,\"height\":250,\"caption\":\"R\u00e9plique Manga Cin\u00e9\"},\"image\":{\"@id\":\"https:\\\/\\\/repliquemangacine.fr\\\/#\\\/schema\\\/logo\\\/image\\\/\"},\"sameAs\":[\"https:\\\/\\\/www.facebook.com\\\/RepliqueMangaCine\",\"https:\\\/\\\/www.instagram.com\\\/repliquemangacine.fr\\\/\"]}]}<\/script>\n<!-- \/ Yoast SEO plugin. -->","yoast_head_json":{"title":"Spada Vikings Valhalla Freydis - R\u00e9plique Manga Cin\u00e9","description":"Esclusivo! Scoprite la superba Spada di Freydis in Vikings Valhalla. Lama in acciaio inciso. Impugnatura in pelle. Lunghezza totale: 105 cm","robots":{"index":"index","follow":"follow","max-snippet":"max-snippet:-1","max-image-preview":"max-image-preview:large","max-video-preview":"max-video-preview:-1"},"canonical":"https:\/\/repliquemangacine.fr\/it\/armi-e-accessori-vichinghi\/freydis-spada-vichinghi-valhalla\/","og_locale":"it_IT","og_type":"article","og_title":"\u00c9p\u00e9e de Freydis Vikings Valhalla - R\u00e9plique Manga Cin\u00e9","og_description":"En exclusivit\u00e9 ! D\u00e9couvrez la superbe \u00c9p\u00e9e de Freydis dans Vikings Valhalla. Lame en acier grav\u00e9e. Poign\u00e9e cuir. Longueur totale : 105 cm","og_url":"https:\/\/repliquemangacine.fr\/it\/armi-e-accessori-vichinghi\/freydis-spada-vichinghi-valhalla\/","og_site_name":"R\u00e9plique Manga Cin\u00e9","article_publisher":"https:\/\/www.facebook.com\/RepliqueMangaCine","article_modified_time":"2026-02-28T05:06:32+00:00","og_image":[{"width":500,"height":500,"url":"https:\/\/repliquemangacine.fr\/wp-content\/uploads\/2024\/04\/Epee-de-Freydis-Vikings-valhalla.jpg","type":"image\/jpeg"}],"twitter_card":"summary_large_image","twitter_misc":{"Tempo di lettura stimato":"3 minuti"},"schema":{"@context":"https:\/\/schema.org","@graph":[{"@type":"WebPage","@id":"https:\/\/repliquemangacine.fr\/armes-et-accessoires-vikings\/epee-de-freydis-vikings-valhalla\/","url":"https:\/\/repliquemangacine.fr\/armes-et-accessoires-vikings\/epee-de-freydis-vikings-valhalla\/","name":"Spada Vikings Valhalla Freydis - R\u00e9plique Manga Cin\u00e9","isPartOf":{"@id":"https:\/\/repliquemangacine.fr\/#website"},"primaryImageOfPage":{"@id":"https:\/\/repliquemangacine.fr\/armes-et-accessoires-vikings\/epee-de-freydis-vikings-valhalla\/#primaryimage"},"image":{"@id":"https:\/\/repliquemangacine.fr\/armes-et-accessoires-vikings\/epee-de-freydis-vikings-valhalla\/#primaryimage"},"thumbnailUrl":"https:\/\/repliquemangacine.fr\/wp-content\/uploads\/2024\/04\/Epee-de-Freydis-Vikings-valhalla.jpg","datePublished":"2024-04-30T16:46:42+00:00","dateModified":"2026-02-28T05:06:32+00:00","description":"Esclusivo! Scoprite la superba Spada di Freydis in Vikings Valhalla. Lama in acciaio inciso. Impugnatura in pelle. Lunghezza totale: 105 cm","breadcrumb":{"@id":"https:\/\/repliquemangacine.fr\/armes-et-accessoires-vikings\/epee-de-freydis-vikings-valhalla\/#breadcrumb"},"inLanguage":"it-IT","potentialAction":[{"@type":"ReadAction","target":["https:\/\/repliquemangacine.fr\/armes-et-accessoires-vikings\/epee-de-freydis-vikings-valhalla\/"]}]},{"@type":"ImageObject","inLanguage":"it-IT","@id":"https:\/\/repliquemangacine.fr\/armes-et-accessoires-vikings\/epee-de-freydis-vikings-valhalla\/#primaryimage","url":"https:\/\/repliquemangacine.fr\/wp-content\/uploads\/2024\/04\/Epee-de-Freydis-Vikings-valhalla.jpg","contentUrl":"https:\/\/repliquemangacine.fr\/wp-content\/uploads\/2024\/04\/Epee-de-Freydis-Vikings-valhalla.jpg","width":500,"height":500,"caption":"Ep\u00e9e-de-Freydis-Vikings-valhalla"},{"@type":"BreadcrumbList","@id":"https:\/\/repliquemangacine.fr\/armes-et-accessoires-vikings\/epee-de-freydis-vikings-valhalla\/#breadcrumb","itemListElement":[{"@type":"ListItem","position":1,"name":"Accueil","item":"https:\/\/repliquemangacine.fr\/"},{"@type":"ListItem","position":2,"name":"Produits","item":"https:\/\/repliquemangacine.fr\/boutique\/"},{"@type":"ListItem","position":3,"name":"\u00c9p\u00e9e de Freydis Vikings Valhalla"}]},{"@type":"WebSite","@id":"https:\/\/repliquemangacine.fr\/#website","url":"https:\/\/repliquemangacine.fr\/","name":"R\u00e9plique Manga Cin\u00e9","description":"","publisher":{"@id":"https:\/\/repliquemangacine.fr\/#organization"},"potentialAction":[{"@type":"SearchAction","target":{"@type":"EntryPoint","urlTemplate":"https:\/\/repliquemangacine.fr\/?s={search_term_string}"},"query-input":{"@type":"PropertyValueSpecification","valueRequired":true,"valueName":"search_term_string"}}],"inLanguage":"it-IT"},{"@type":"Organization","@id":"https:\/\/repliquemangacine.fr\/#organization","name":"R\u00e9plique Manga Cin\u00e9","url":"https:\/\/repliquemangacine.fr\/","logo":{"@type":"ImageObject","inLanguage":"it-IT","@id":"https:\/\/repliquemangacine.fr\/#\/schema\/logo\/image\/","url":"https:\/\/repliquemangacine.fr\/wp-content\/uploads\/2023\/10\/RMC-500250.png","contentUrl":"https:\/\/repliquemangacine.fr\/wp-content\/uploads\/2023\/10\/RMC-500250.png","width":500,"height":250,"caption":"R\u00e9plique Manga Cin\u00e9"},"image":{"@id":"https:\/\/repliquemangacine.fr\/#\/schema\/logo\/image\/"},"sameAs":["https:\/\/www.facebook.com\/RepliqueMangaCine","https:\/\/www.instagram.com\/repliquemangacine.fr\/"]}]}},"_links":{"self":[{"href":"https:\/\/repliquemangacine.fr\/it\/wp-json\/wp\/v2\/product\/71656","targetHints":{"allow":["GET"]}}],"collection":[{"href":"https:\/\/repliquemangacine.fr\/it\/wp-json\/wp\/v2\/product"}],"about":[{"href":"https:\/\/repliquemangacine.fr\/it\/wp-json\/wp\/v2\/types\/product"}],"wp:featuredmedia":[{"embeddable":true,"href":"https:\/\/repliquemangacine.fr\/it\/wp-json\/wp\/v2\/media\/71665"}],"wp:attachment":[{"href":"https:\/\/repliquemangacine.fr\/it\/wp-json\/wp\/v2\/media?parent=71656"}],"wp:term":[{"taxonomy":"product_brand","embeddable":true,"href":"https:\/\/repliquemangacine.fr\/it\/wp-json\/wp\/v2\/product_brand?post=71656"},{"taxonomy":"product_cat","embeddable":true,"href":"https:\/\/repliquemangacine.fr\/it\/wp-json\/wp\/v2\/product_cat?post=71656"},{"taxonomy":"product_tag","embeddable":true,"href":"https:\/\/repliquemangacine.fr\/it\/wp-json\/wp\/v2\/product_tag?post=71656"}],"curies":[{"name":"wp","href":"https:\/\/api.w.org\/{rel}","templated":true}]}}