





{"id":70956,"date":"2024-04-05T10:59:36","date_gmt":"2024-04-05T08:59:36","guid":{"rendered":"https:\/\/repliquemangacine.fr\/?post_type=product&#038;p=70956"},"modified":"2026-04-21T13:22:29","modified_gmt":"2026-04-21T11:22:29","slug":"harry-potter-spada-godric","status":"publish","type":"product","link":"https:\/\/repliquemangacine.fr\/it\/baguettes-et-goodies-harry-potter\/epee-godric-harry-potter\/","title":{"rendered":"Spada di Harry Potter Godric"},"content":{"rendered":"<h2>La spada di Godric Grifondoro: pi\u00f9 che un'arma<\/h2>\n<p>In primo luogo, il<strong>Spada di Godric Grifondoro<\/strong>, \u00e8 una replica non ufficiale dai dettagli favolosi ispirata a Harry Potter. Per cominciare, un po' di storia: questa spada \u00e8 molto pi\u00f9 di una semplice arma nell'universo di Harry Potter.<\/p>\n<p>Creata dai folletti, artigiani rinomati per la loro incomparabile maestria nella metallurgia magica. Simboleggia i valori di coraggio, audacia e onore. Realizzata in argento puro e decorata con rubini scintillanti, riflette lo stemma della casa di Grifondoro. La sua capacit\u00e0 unica di presentarsi a un membro di Grifondoro nel momento del bisogno testimonia la sua magia antica e profonda, che trascende i secoli. Secondo la leggenda, \u00e8 stata concepita per apparire nel Cappello Parlante a un Grifondoro che deve affrontare una grande prova. Come nel caso di Harry Potter quando affront\u00f2 il basilisco nella Camera dei Segreti. Diventa una leggenda vivente, che rappresenta la speranza e la lotta contro le forze del male.<\/p>\n<p>La spada di Grifondoro non \u00e8 solo un reperto storico della saga, ma un potente simbolo di resistenza e integrit\u00e0, fonte di ispirazione per tutti coloro che credono nella magia del mondo di Harry Potter.<\/p>\n<h2>Il simbolismo degli artefatti in Harry Potter<\/h2>\n<p>Oltre alla spada di Godric Grifondoro, l'universo di Harry Potter \u00e8 ricco di manufatti magici dai poteri straordinari. Visitare <a href=\"https:\/\/repliquemangacine.fr\/it\/collezionisti-di-harry-potter-e-chicche\/cappello-interattivo-di-harry-potter\/\">Cappello magico<\/a>, ad esempio, detiene la chiave della distribuzione degli studenti di Hogwarts nelle quattro case, riflettendo la loro personalit\u00e0 e i loro valori pi\u00f9 profondi. Mentre il Giratempo sfida le leggi della fisica consentendo di viaggiare nel tempo.<\/p>\n<p>I manufatti hanno un profondo significato simbolico, che riflette i temi centrali della saga. La lotta tra il bene e il male, il potere dell'amicizia e il coraggio di fronte alle avversit\u00e0. Ad esempio, i <a href=\"https:\/\/harrypotter.fandom.com\/fr\/wiki\/Horcruxe\" target=\"_blank\" rel=\"noopener noreferrer\">Horcrux<\/a>creati da Voldemort nella sua ricerca dell'immortalit\u00e0. Rappresentano la divisione dell'anima e le conseguenze distruttive della brama di potere. Come il <a href=\"https:\/\/repliquemangacine.fr\/it\/collezionisti-di-harry-potter-e-chicche\/medaglione-serpentard-salazar\/\">Medaglione di Salazar Serpeverde.<\/a><\/p>\n<p>Questi manufatti non sono semplici oggetti. Si intrecciano con i trionfi e le prove dei personaggi, diventando attori chiave nella loro ricerca per sconfiggere il male. Ogni artefatto, con la sua storia e il suo potere unici, arricchisce l'universo magico della Rowling, offrendo intuizioni e soluzioni inaspettate nei momenti pi\u00f9 bui.<\/p>\n<h2>Come mantenere la lama della Spada di Godric<\/h2>\n<p>Le spade da collezione e decorative sono realizzate e assemblate in modo semplificato. Poich\u00e9 il loro uso \u00e8 decorativo, non hanno le caratteristiche di sicurezza richieste da una spada giapponese destinata all'allenamento. Tuttavia, la vostra <strong>La spada di Godric<\/strong> a una lama d'acciaio che deve essere mantenuta per evitare che si danneggi nel tempo. Quando si espone la spada, gli amici saranno curiosi di vedere la lama e di toccarla. \u00c8 qui che bisogna fare attenzione, perch\u00e9 l'acidit\u00e0 delle dita \u00e8 molto dannosa per l'acciaio, qualunque sia la sua qualit\u00e0. Tuttavia, se ci\u00f2 dovesse accadere, non fatevi prendere dal panico: basta usare un panno inumidito con un po' d'olio e cancellare le impronte. Se lo farete, la vostra spada durer\u00e0 molto a lungo. In conclusione, per i collezionisti e i fan di Harry Potter, possedere una replica della spada di Godric Grifondoro \u00e8 un vero tesoro.<\/p>","protected":false},"excerpt":{"rendered":"<p>Superba riproduzione della spada di Godric Grifondoro della saga di Harry Potter.<\/p>\n<ul>\n<li>Lama in acciaio inossidabile incisa<\/li>\n<li>Guardia e impugnatura in acciaio riccamente decorate<\/li>\n<li>Pietra rossa sul pomo e su entrambi i lati dell'elsa.<\/li>\n<li>Guaina nera in ABS<\/li>\n<li>Lunghezza lama: 65,5 cm - Lunghezza totale: 92,5 cm<\/li>\n<li>Peso: 630 g<\/li>\n<\/ul>","protected":false},"featured_media":70967,"template":"","meta":[],"product_brand":[],"product_cat":[87,41],"product_tag":[],"class_list":{"0":"post-70956","1":"product","2":"type-product","3":"status-publish","4":"has-post-thumbnail","6":"product_cat-collectors-et-goodies-harry-potter","7":"product_cat-baguettes-et-goodies-harry-potter","9":"first","10":"instock","11":"taxable","12":"shipping-taxable","13":"purchasable","14":"product-type-simple"},"yoast_head":"<!-- This site is optimized with the Yoast SEO plugin v27.4 - https:\/\/yoast.com\/product\/yoast-seo-wordpress\/ -->\n<title>\u00c9p\u00e9e de Godric Harry Potter - R\u00e9plique Manga Cin\u00e9<\/title>\n<meta name=\"description\" content=\"Venez d\u00e9couvrir cette superbe \u00c9p\u00e9e de Godric Gryffondor dans Harry Potter au meilleur prix. Lame acier grav\u00e9e. Fourreau. Longueur totale : 92.5 cm\" \/>\n<meta name=\"robots\" content=\"index, follow, max-snippet:-1, max-image-preview:large, max-video-preview:-1\" \/>\n<link rel=\"canonical\" href=\"https:\/\/repliquemangacine.fr\/it\/bacchette-e-oggetti-di-harry-potter\/harry-potter-spada-godric\/\" \/>\n<meta property=\"og:locale\" content=\"it_IT\" \/>\n<meta property=\"og:type\" content=\"article\" \/>\n<meta property=\"og:title\" content=\"\u00c9p\u00e9e de Godric Harry Potter - R\u00e9plique Manga Cin\u00e9\" \/>\n<meta property=\"og:description\" content=\"Venez d\u00e9couvrir cette superbe \u00c9p\u00e9e de Godric Gryffondor dans Harry Potter au meilleur prix. Lame acier grav\u00e9e. Fourreau. Longueur totale : 92.5 cm\" \/>\n<meta property=\"og:url\" content=\"https:\/\/repliquemangacine.fr\/it\/bacchette-e-oggetti-di-harry-potter\/harry-potter-spada-godric\/\" \/>\n<meta property=\"og:site_name\" content=\"R\u00e9plique Manga Cin\u00e9\" \/>\n<meta property=\"article:publisher\" content=\"https:\/\/www.facebook.com\/RepliqueMangaCine\" \/>\n<meta property=\"article:modified_time\" content=\"2026-04-21T11:22:29+00:00\" \/>\n<meta property=\"og:image\" content=\"https:\/\/repliquemangacine.fr\/wp-content\/uploads\/2024\/04\/Epee-Godric-Gryfondor-avec-fourreau.jpg\" \/>\n\t<meta property=\"og:image:width\" content=\"500\" \/>\n\t<meta property=\"og:image:height\" content=\"500\" \/>\n\t<meta property=\"og:image:type\" content=\"image\/jpeg\" \/>\n<meta name=\"twitter:card\" content=\"summary_large_image\" \/>\n<meta name=\"twitter:label1\" content=\"Tempo di lettura stimato\" \/>\n\t<meta name=\"twitter:data1\" content=\"3 minuti\" \/>\n<script type=\"application\/ld+json\" class=\"yoast-schema-graph\">{\"@context\":\"https:\\\/\\\/schema.org\",\"@graph\":[{\"@type\":\"WebPage\",\"@id\":\"https:\\\/\\\/repliquemangacine.fr\\\/baguettes-et-goodies-harry-potter\\\/epee-godric-harry-potter\\\/\",\"url\":\"https:\\\/\\\/repliquemangacine.fr\\\/baguettes-et-goodies-harry-potter\\\/epee-godric-harry-potter\\\/\",\"name\":\"\u00c9p\u00e9e de Godric Harry Potter - R\u00e9plique Manga Cin\u00e9\",\"isPartOf\":{\"@id\":\"https:\\\/\\\/repliquemangacine.fr\\\/#website\"},\"primaryImageOfPage\":{\"@id\":\"https:\\\/\\\/repliquemangacine.fr\\\/baguettes-et-goodies-harry-potter\\\/epee-godric-harry-potter\\\/#primaryimage\"},\"image\":{\"@id\":\"https:\\\/\\\/repliquemangacine.fr\\\/baguettes-et-goodies-harry-potter\\\/epee-godric-harry-potter\\\/#primaryimage\"},\"thumbnailUrl\":\"https:\\\/\\\/repliquemangacine.fr\\\/wp-content\\\/uploads\\\/2024\\\/04\\\/Epee-Godric-Gryfondor-avec-fourreau.jpg\",\"datePublished\":\"2024-04-05T08:59:36+00:00\",\"dateModified\":\"2026-04-21T11:22:29+00:00\",\"description\":\"Venez d\u00e9couvrir cette superbe \u00c9p\u00e9e de Godric Gryffondor dans Harry Potter au meilleur prix. Lame acier grav\u00e9e. Fourreau. Longueur totale : 92.5 cm\",\"breadcrumb\":{\"@id\":\"https:\\\/\\\/repliquemangacine.fr\\\/baguettes-et-goodies-harry-potter\\\/epee-godric-harry-potter\\\/#breadcrumb\"},\"inLanguage\":\"it-IT\",\"potentialAction\":[{\"@type\":\"ReadAction\",\"target\":[\"https:\\\/\\\/repliquemangacine.fr\\\/baguettes-et-goodies-harry-potter\\\/epee-godric-harry-potter\\\/\"]}]},{\"@type\":\"ImageObject\",\"inLanguage\":\"it-IT\",\"@id\":\"https:\\\/\\\/repliquemangacine.fr\\\/baguettes-et-goodies-harry-potter\\\/epee-godric-harry-potter\\\/#primaryimage\",\"url\":\"https:\\\/\\\/repliquemangacine.fr\\\/wp-content\\\/uploads\\\/2024\\\/04\\\/Epee-Godric-Gryfondor-avec-fourreau.jpg\",\"contentUrl\":\"https:\\\/\\\/repliquemangacine.fr\\\/wp-content\\\/uploads\\\/2024\\\/04\\\/Epee-Godric-Gryfondor-avec-fourreau.jpg\",\"width\":500,\"height\":500,\"caption\":\"Ep\u00e9e Godric Gryffondor Harry potter\"},{\"@type\":\"BreadcrumbList\",\"@id\":\"https:\\\/\\\/repliquemangacine.fr\\\/baguettes-et-goodies-harry-potter\\\/epee-godric-harry-potter\\\/#breadcrumb\",\"itemListElement\":[{\"@type\":\"ListItem\",\"position\":1,\"name\":\"Accueil\",\"item\":\"https:\\\/\\\/repliquemangacine.fr\\\/\"},{\"@type\":\"ListItem\",\"position\":2,\"name\":\"Produits\",\"item\":\"https:\\\/\\\/repliquemangacine.fr\\\/boutique\\\/\"},{\"@type\":\"ListItem\",\"position\":3,\"name\":\"\u00c9p\u00e9e de Godric Harry Potter\"}]},{\"@type\":\"WebSite\",\"@id\":\"https:\\\/\\\/repliquemangacine.fr\\\/#website\",\"url\":\"https:\\\/\\\/repliquemangacine.fr\\\/\",\"name\":\"R\u00e9plique Manga Cin\u00e9\",\"description\":\"\",\"publisher\":{\"@id\":\"https:\\\/\\\/repliquemangacine.fr\\\/#organization\"},\"potentialAction\":[{\"@type\":\"SearchAction\",\"target\":{\"@type\":\"EntryPoint\",\"urlTemplate\":\"https:\\\/\\\/repliquemangacine.fr\\\/?s={search_term_string}\"},\"query-input\":{\"@type\":\"PropertyValueSpecification\",\"valueRequired\":true,\"valueName\":\"search_term_string\"}}],\"inLanguage\":\"it-IT\"},{\"@type\":\"Organization\",\"@id\":\"https:\\\/\\\/repliquemangacine.fr\\\/#organization\",\"name\":\"R\u00e9plique Manga Cin\u00e9\",\"url\":\"https:\\\/\\\/repliquemangacine.fr\\\/\",\"logo\":{\"@type\":\"ImageObject\",\"inLanguage\":\"it-IT\",\"@id\":\"https:\\\/\\\/repliquemangacine.fr\\\/#\\\/schema\\\/logo\\\/image\\\/\",\"url\":\"https:\\\/\\\/repliquemangacine.fr\\\/wp-content\\\/uploads\\\/2023\\\/10\\\/RMC-500250.png\",\"contentUrl\":\"https:\\\/\\\/repliquemangacine.fr\\\/wp-content\\\/uploads\\\/2023\\\/10\\\/RMC-500250.png\",\"width\":500,\"height\":250,\"caption\":\"R\u00e9plique Manga Cin\u00e9\"},\"image\":{\"@id\":\"https:\\\/\\\/repliquemangacine.fr\\\/#\\\/schema\\\/logo\\\/image\\\/\"},\"sameAs\":[\"https:\\\/\\\/www.facebook.com\\\/RepliqueMangaCine\",\"https:\\\/\\\/www.instagram.com\\\/repliquemangacine.fr\\\/\"]}]}<\/script>\n<!-- \/ Yoast SEO plugin. -->","yoast_head_json":{"title":"Harry Potter Spada di Godric - R\u00e9plique Manga Cin\u00e9","description":"Venite a scoprire questa superba spada di Godric Grifondoro di Harry Potter al miglior prezzo. Lama in acciaio inciso. Fodero. Lunghezza totale: 92,5 cm","robots":{"index":"index","follow":"follow","max-snippet":"max-snippet:-1","max-image-preview":"max-image-preview:large","max-video-preview":"max-video-preview:-1"},"canonical":"https:\/\/repliquemangacine.fr\/it\/bacchette-e-oggetti-di-harry-potter\/harry-potter-spada-godric\/","og_locale":"it_IT","og_type":"article","og_title":"\u00c9p\u00e9e de Godric Harry Potter - R\u00e9plique Manga Cin\u00e9","og_description":"Venez d\u00e9couvrir cette superbe \u00c9p\u00e9e de Godric Gryffondor dans Harry Potter au meilleur prix. Lame acier grav\u00e9e. Fourreau. Longueur totale : 92.5 cm","og_url":"https:\/\/repliquemangacine.fr\/it\/bacchette-e-oggetti-di-harry-potter\/harry-potter-spada-godric\/","og_site_name":"R\u00e9plique Manga Cin\u00e9","article_publisher":"https:\/\/www.facebook.com\/RepliqueMangaCine","article_modified_time":"2026-04-21T11:22:29+00:00","og_image":[{"width":500,"height":500,"url":"https:\/\/repliquemangacine.fr\/wp-content\/uploads\/2024\/04\/Epee-Godric-Gryfondor-avec-fourreau.jpg","type":"image\/jpeg"}],"twitter_card":"summary_large_image","twitter_misc":{"Tempo di lettura stimato":"3 minuti"},"schema":{"@context":"https:\/\/schema.org","@graph":[{"@type":"WebPage","@id":"https:\/\/repliquemangacine.fr\/baguettes-et-goodies-harry-potter\/epee-godric-harry-potter\/","url":"https:\/\/repliquemangacine.fr\/baguettes-et-goodies-harry-potter\/epee-godric-harry-potter\/","name":"Harry Potter Spada di Godric - R\u00e9plique Manga Cin\u00e9","isPartOf":{"@id":"https:\/\/repliquemangacine.fr\/#website"},"primaryImageOfPage":{"@id":"https:\/\/repliquemangacine.fr\/baguettes-et-goodies-harry-potter\/epee-godric-harry-potter\/#primaryimage"},"image":{"@id":"https:\/\/repliquemangacine.fr\/baguettes-et-goodies-harry-potter\/epee-godric-harry-potter\/#primaryimage"},"thumbnailUrl":"https:\/\/repliquemangacine.fr\/wp-content\/uploads\/2024\/04\/Epee-Godric-Gryfondor-avec-fourreau.jpg","datePublished":"2024-04-05T08:59:36+00:00","dateModified":"2026-04-21T11:22:29+00:00","description":"Venite a scoprire questa superba spada di Godric Grifondoro di Harry Potter al miglior prezzo. Lama in acciaio inciso. Fodero. Lunghezza totale: 92,5 cm","breadcrumb":{"@id":"https:\/\/repliquemangacine.fr\/baguettes-et-goodies-harry-potter\/epee-godric-harry-potter\/#breadcrumb"},"inLanguage":"it-IT","potentialAction":[{"@type":"ReadAction","target":["https:\/\/repliquemangacine.fr\/baguettes-et-goodies-harry-potter\/epee-godric-harry-potter\/"]}]},{"@type":"ImageObject","inLanguage":"it-IT","@id":"https:\/\/repliquemangacine.fr\/baguettes-et-goodies-harry-potter\/epee-godric-harry-potter\/#primaryimage","url":"https:\/\/repliquemangacine.fr\/wp-content\/uploads\/2024\/04\/Epee-Godric-Gryfondor-avec-fourreau.jpg","contentUrl":"https:\/\/repliquemangacine.fr\/wp-content\/uploads\/2024\/04\/Epee-Godric-Gryfondor-avec-fourreau.jpg","width":500,"height":500,"caption":"Ep\u00e9e Godric Gryffondor Harry potter"},{"@type":"BreadcrumbList","@id":"https:\/\/repliquemangacine.fr\/baguettes-et-goodies-harry-potter\/epee-godric-harry-potter\/#breadcrumb","itemListElement":[{"@type":"ListItem","position":1,"name":"Accueil","item":"https:\/\/repliquemangacine.fr\/"},{"@type":"ListItem","position":2,"name":"Produits","item":"https:\/\/repliquemangacine.fr\/boutique\/"},{"@type":"ListItem","position":3,"name":"\u00c9p\u00e9e de Godric Harry Potter"}]},{"@type":"WebSite","@id":"https:\/\/repliquemangacine.fr\/#website","url":"https:\/\/repliquemangacine.fr\/","name":"R\u00e9plique Manga Cin\u00e9","description":"","publisher":{"@id":"https:\/\/repliquemangacine.fr\/#organization"},"potentialAction":[{"@type":"SearchAction","target":{"@type":"EntryPoint","urlTemplate":"https:\/\/repliquemangacine.fr\/?s={search_term_string}"},"query-input":{"@type":"PropertyValueSpecification","valueRequired":true,"valueName":"search_term_string"}}],"inLanguage":"it-IT"},{"@type":"Organization","@id":"https:\/\/repliquemangacine.fr\/#organization","name":"R\u00e9plique Manga Cin\u00e9","url":"https:\/\/repliquemangacine.fr\/","logo":{"@type":"ImageObject","inLanguage":"it-IT","@id":"https:\/\/repliquemangacine.fr\/#\/schema\/logo\/image\/","url":"https:\/\/repliquemangacine.fr\/wp-content\/uploads\/2023\/10\/RMC-500250.png","contentUrl":"https:\/\/repliquemangacine.fr\/wp-content\/uploads\/2023\/10\/RMC-500250.png","width":500,"height":250,"caption":"R\u00e9plique Manga Cin\u00e9"},"image":{"@id":"https:\/\/repliquemangacine.fr\/#\/schema\/logo\/image\/"},"sameAs":["https:\/\/www.facebook.com\/RepliqueMangaCine","https:\/\/www.instagram.com\/repliquemangacine.fr\/"]}]}},"_links":{"self":[{"href":"https:\/\/repliquemangacine.fr\/it\/wp-json\/wp\/v2\/product\/70956","targetHints":{"allow":["GET"]}}],"collection":[{"href":"https:\/\/repliquemangacine.fr\/it\/wp-json\/wp\/v2\/product"}],"about":[{"href":"https:\/\/repliquemangacine.fr\/it\/wp-json\/wp\/v2\/types\/product"}],"wp:featuredmedia":[{"embeddable":true,"href":"https:\/\/repliquemangacine.fr\/it\/wp-json\/wp\/v2\/media\/70967"}],"wp:attachment":[{"href":"https:\/\/repliquemangacine.fr\/it\/wp-json\/wp\/v2\/media?parent=70956"}],"wp:term":[{"taxonomy":"product_brand","embeddable":true,"href":"https:\/\/repliquemangacine.fr\/it\/wp-json\/wp\/v2\/product_brand?post=70956"},{"taxonomy":"product_cat","embeddable":true,"href":"https:\/\/repliquemangacine.fr\/it\/wp-json\/wp\/v2\/product_cat?post=70956"},{"taxonomy":"product_tag","embeddable":true,"href":"https:\/\/repliquemangacine.fr\/it\/wp-json\/wp\/v2\/product_tag?post=70956"}],"curies":[{"name":"wp","href":"https:\/\/api.w.org\/{rel}","templated":true}]}}