





{"id":70935,"date":"2024-04-04T18:59:45","date_gmt":"2024-04-04T16:59:45","guid":{"rendered":"https:\/\/repliquemangacine.fr\/?post_type=product&#038;p=70935"},"modified":"2026-02-09T20:31:56","modified_gmt":"2026-02-09T19:31:56","slug":"katana-vergil-yamato-v2","status":"publish","type":"product","link":"https:\/\/repliquemangacine.fr\/it\/katana-et-epee-de-jeux-video-autre-jeux-video\/katana-vergil-yamato-v2\/","title":{"rendered":"Katana Vergil Yamato V2"},"content":{"rendered":"<h2>Katana Vergil Yamato V2 : Devil My Cry 5<\/h2>\n<p>Per cominciare, il <strong>Katana Vergil Yamato V2<\/strong> in <a href=\"https:\/\/devilmaycry.fandom.com\/wiki\/Vergil#Devil_May_Cry_5:_Special_Edition\" target=\"_blank\" rel=\"noopener noreferrer\">Devil My Cry 5<\/a> \u00e8 identica a quella del videogioco. La Yamato \u00e8 una katana estremamente potente ed \u00e8 l'arma preferita di Vergil. Ha una serie di caratteristiche e poteri unici, tra cui :<\/p>\n<p><strong>- Capacit\u00e0 di aprire portali interdimensionali<\/strong> Il potere pi\u00f9 caratteristico di Yamato \u00e8 la sua capacit\u00e0 di aprire crepe nello spazio. Permette a Vergil di attraversare le dimensioni o di tagliare qualsiasi ostacolo, materiale o magico. Questa abilit\u00e0 \u00e8 centrale in diversi punti della trama della serie \"Devil May Cry\".<\/p>\n<p><strong>- Controllo e precisione<\/strong> Conosciuta per la sua incredibile precisione, \u00e8 in grado di tagliare quasi tutto senza sforzo. Questa spada simboleggia anche lo stile di combattimento di Vergil, che \u00e8 calmo, calcolato e incredibilmente veloce, in diretto contrasto con lo stile pi\u00f9 brutale e diretto di Dante.<\/p>\n<p><strong>- Patrimonio familiare<\/strong> Yamato apparteneva al loro padre, Sparda, un potente demone che si ribell\u00f2 al suo mondo per salvare l'umanit\u00e0. La spada \u00e8 quindi carica dell'eredit\u00e0 familiare e rappresenta il legame tra Vergil, Dante e il loro padre. \u00c8 spesso al centro della loro rivalit\u00e0 tra fratelli.<\/p>\n<p><strong>- Trasformazione<\/strong> Vergil usa anche Yamato per trasformarsi in una forma demoniaca pi\u00f9 potente, che gli conferisce un notevole aumento delle sue capacit\u00e0.<\/p>\n<h2>Katana Vergil Yamato V2 : Vergil<\/h2>\n<p>In primo luogo, Vergil \u00e8 un personaggio centrale della serie \u201cDevil May Cry\u201d, creata da Capcom. \u00c8 il fratello gemello di Dante, il protagonista principale della serie. Si distingue per la sua ossessione per il potere, che ritiene necessario per evitare di rivivere l'impotenza che ha provato alla morte della madre Eva, attaccata dai demoni. Questa ricerca del potere lo mette spesso in contrasto con Dante, che, pur condividendo un odio simile per i demoni, ha un approccio pi\u00f9 spensierato e valorizza la protezione degli innocenti.<\/p>\n<p>Caratterizzato dalla sua seriet\u00e0, dal suo stoicismo e dalla sua incrollabile dedizione alla ricerca del potere. A differenza di Dante, che trova conforto nei legami umani, Virgilio rifiuta tali legami, considerandoli una distrazione dal suo obiettivo. Tuttavia, nonostante il suo aspetto freddo e la sua ossessione, Vergil mostra momenti di vulnerabilit\u00e0, in particolare nei confronti della sua famiglia, rivelando una complessit\u00e0 e una profondit\u00e0 di carattere.<\/p>\n<p>Nel corso dei giochi della serie \u201cDevil May Cry\u201d, la storia di Vergil viene esplorata con maggiore profondit\u00e0, offrendo ai giocatori scorci delle sue motivazioni, delle sue sofferenze e delle sue lotte interiori. Il suo rapporto con Yamato \u00e8 un elemento chiave che illustra la sua evoluzione personale e la sua ricerca di redenzione. In conclusione, in \u201cDevil May Cry 5\u201d il tema della famiglia e dei legami tra i fratelli \u00e8 centrale.<\/p>\n<h2>Armi in Devil My Cry<\/h2>\n<p>Nell'universo di \u201cDevil May Cry\u201d, le spade rivestono un ruolo centrale. Non solo come armi preferite dai protagonisti e dagli antagonisti, ma anche come elementi chiave della trama. Ognuna di esse possiede caratteristiche uniche, storie ricche e spesso poteri soprannaturali, che riflettono la personalit\u00e0 e l'evoluzione di chi le brandisce. Ecco alcune delle spade pi\u00f9 iconiche della serie:<\/p>\n<p>\u2013 <a href=\"https:\/\/repliquemangacine.fr\/it\/katana-e-spada-videogiochi-altri-videogiochi\/spada-ribelle-spada-di-dante-devil-may-cry\/\">La ribellione<\/a> \u00e8 la spada distintiva di Dante, un regalo di suo padre, Sparda. Questa spada rappresenta l'eredit\u00e0 di Dante e il suo legame con la sua famiglia. Rebellion \u00e8 in grado di cambiare forma e si adatta allo stile di combattimento dinamico di Dante. Svolge un ruolo chiave nella sua capacit\u00e0 di accedere alle sue forme demoniache.<\/p>\n<p>\u2013 <a href=\"https:\/\/repliquemangacine.fr\/it\/katana-e-spada-videogiochi-altri-videogiochi\/katana-yamoto-vergil-dmc-devil-my-cry\/\">Yamato<\/a> (versione 1 e 2) \u00e8 una potente katana in grado di manipolare lo spazio e il tempo, ereditata da Vergil. Simboleggia il desiderio di potere di Vergil e la sua lotta interiore.<\/p>\n<p>\u2013 Red Queen \u00e8 la spada di Nero, unica nel suo genere grazie al meccanismo a gas integrato che consente a Nero di aumentare la potenza dei suoi attacchi. Questa spada \u00e8 rappresentativa dello stile di combattimento innovativo e dell'ingegnosit\u00e0 di Nero.<\/p>\n<p>Per concludere, queste spade non sono solo armi, ma anche estensioni dei personaggi che le brandiscono.<\/p>","protected":false},"excerpt":{"rendered":"<p>La superba katana di Vergil, la Yamato nella sua nuova versione in Devil My Cry 5<\/p>\n<ul>\n<li>Lama in acciaio riccamente decorata.<\/li>\n<li>Manico in legno ricoperto da una treccia di cotone bianco.<\/li>\n<li>Protezione in acciaio di forma specifica e identica al set<\/li>\n<li>Fodero in legno rivestito in similpelle nera<\/li>\n<li>Cinghia blu sul fodero per fissare la katana<\/li>\n<li>Lunghezza lama: 68 cm - Lunghezza totale: 103 cm<\/li>\n<\/ul>","protected":false},"featured_media":70937,"template":"","meta":[],"product_brand":[],"product_cat":[880,67],"product_tag":[],"class_list":{"0":"post-70935","1":"product","2":"type-product","3":"status-publish","4":"has-post-thumbnail","6":"product_cat-devil-may-cry","7":"product_cat-katana-et-epee-de-jeux-video-autre-jeux-video","9":"first","10":"instock","11":"taxable","12":"shipping-taxable","13":"purchasable","14":"product-type-simple"},"yoast_head":"<!-- This site is optimized with the Yoast SEO plugin v27.4 - https:\/\/yoast.com\/product\/yoast-seo-wordpress\/ -->\n<title>Katana Vergil Yamato V2 - R\u00e9plique Manga Cin\u00e9<\/title>\n<meta name=\"description\" content=\"Venez d\u00e9couvrir le nouveau design du katana de Vergil Yamato V2 au meilleur prix. Finition remarquable, la garde est finement d\u00e9taill\u00e9e comme dans le jeu\" \/>\n<meta name=\"robots\" content=\"index, follow, max-snippet:-1, max-image-preview:large, max-video-preview:-1\" \/>\n<link rel=\"canonical\" href=\"https:\/\/repliquemangacine.fr\/it\/katana-e-spada-videogiochi-altri-videogiochi\/katana-vergil-yamato-v2\/\" \/>\n<meta property=\"og:locale\" content=\"it_IT\" \/>\n<meta property=\"og:type\" content=\"article\" \/>\n<meta property=\"og:title\" content=\"Katana Vergil Yamato V2 - R\u00e9plique Manga Cin\u00e9\" \/>\n<meta property=\"og:description\" content=\"Venez d\u00e9couvrir le nouveau design du katana de Vergil Yamato V2 au meilleur prix. Finition remarquable, la garde est finement d\u00e9taill\u00e9e comme dans le jeu\" \/>\n<meta property=\"og:url\" content=\"https:\/\/repliquemangacine.fr\/it\/katana-e-spada-videogiochi-altri-videogiochi\/katana-vergil-yamato-v2\/\" \/>\n<meta property=\"og:site_name\" content=\"R\u00e9plique Manga Cin\u00e9\" \/>\n<meta property=\"article:publisher\" content=\"https:\/\/www.facebook.com\/RepliqueMangaCine\" \/>\n<meta property=\"article:modified_time\" content=\"2026-02-09T19:31:56+00:00\" \/>\n<meta property=\"og:image\" content=\"https:\/\/repliquemangacine.fr\/wp-content\/uploads\/2024\/04\/Katana-devil-may-cry.jpg\" \/>\n\t<meta property=\"og:image:width\" content=\"500\" \/>\n\t<meta property=\"og:image:height\" content=\"500\" \/>\n\t<meta property=\"og:image:type\" content=\"image\/jpeg\" \/>\n<meta name=\"twitter:card\" content=\"summary_large_image\" \/>\n<meta name=\"twitter:label1\" content=\"Tempo di lettura stimato\" \/>\n\t<meta name=\"twitter:data1\" content=\"4 minuti\" \/>\n<script type=\"application\/ld+json\" class=\"yoast-schema-graph\">{\"@context\":\"https:\\\/\\\/schema.org\",\"@graph\":[{\"@type\":\"WebPage\",\"@id\":\"https:\\\/\\\/repliquemangacine.fr\\\/katana-et-epee-de-jeux-video-autre-jeux-video\\\/katana-vergil-yamato-v2\\\/\",\"url\":\"https:\\\/\\\/repliquemangacine.fr\\\/katana-et-epee-de-jeux-video-autre-jeux-video\\\/katana-vergil-yamato-v2\\\/\",\"name\":\"Katana Vergil Yamato V2 - R\u00e9plique Manga Cin\u00e9\",\"isPartOf\":{\"@id\":\"https:\\\/\\\/repliquemangacine.fr\\\/#website\"},\"primaryImageOfPage\":{\"@id\":\"https:\\\/\\\/repliquemangacine.fr\\\/katana-et-epee-de-jeux-video-autre-jeux-video\\\/katana-vergil-yamato-v2\\\/#primaryimage\"},\"image\":{\"@id\":\"https:\\\/\\\/repliquemangacine.fr\\\/katana-et-epee-de-jeux-video-autre-jeux-video\\\/katana-vergil-yamato-v2\\\/#primaryimage\"},\"thumbnailUrl\":\"https:\\\/\\\/repliquemangacine.fr\\\/wp-content\\\/uploads\\\/2024\\\/04\\\/Katana-devil-may-cry.jpg\",\"datePublished\":\"2024-04-04T16:59:45+00:00\",\"dateModified\":\"2026-02-09T19:31:56+00:00\",\"description\":\"Venez d\u00e9couvrir le nouveau design du katana de Vergil Yamato V2 au meilleur prix. Finition remarquable, la garde est finement d\u00e9taill\u00e9e comme dans le jeu\",\"breadcrumb\":{\"@id\":\"https:\\\/\\\/repliquemangacine.fr\\\/katana-et-epee-de-jeux-video-autre-jeux-video\\\/katana-vergil-yamato-v2\\\/#breadcrumb\"},\"inLanguage\":\"it-IT\",\"potentialAction\":[{\"@type\":\"ReadAction\",\"target\":[\"https:\\\/\\\/repliquemangacine.fr\\\/katana-et-epee-de-jeux-video-autre-jeux-video\\\/katana-vergil-yamato-v2\\\/\"]}]},{\"@type\":\"ImageObject\",\"inLanguage\":\"it-IT\",\"@id\":\"https:\\\/\\\/repliquemangacine.fr\\\/katana-et-epee-de-jeux-video-autre-jeux-video\\\/katana-vergil-yamato-v2\\\/#primaryimage\",\"url\":\"https:\\\/\\\/repliquemangacine.fr\\\/wp-content\\\/uploads\\\/2024\\\/04\\\/Katana-devil-may-cry.jpg\",\"contentUrl\":\"https:\\\/\\\/repliquemangacine.fr\\\/wp-content\\\/uploads\\\/2024\\\/04\\\/Katana-devil-may-cry.jpg\",\"width\":500,\"height\":500,\"caption\":\"Katana Vergil Yamato V2 Devil My Cry\"},{\"@type\":\"BreadcrumbList\",\"@id\":\"https:\\\/\\\/repliquemangacine.fr\\\/katana-et-epee-de-jeux-video-autre-jeux-video\\\/katana-vergil-yamato-v2\\\/#breadcrumb\",\"itemListElement\":[{\"@type\":\"ListItem\",\"position\":1,\"name\":\"Accueil\",\"item\":\"https:\\\/\\\/repliquemangacine.fr\\\/\"},{\"@type\":\"ListItem\",\"position\":2,\"name\":\"Produits\",\"item\":\"https:\\\/\\\/repliquemangacine.fr\\\/boutique\\\/\"},{\"@type\":\"ListItem\",\"position\":3,\"name\":\"Katana Vergil Yamato V2\"}]},{\"@type\":\"WebSite\",\"@id\":\"https:\\\/\\\/repliquemangacine.fr\\\/#website\",\"url\":\"https:\\\/\\\/repliquemangacine.fr\\\/\",\"name\":\"R\u00e9plique Manga Cin\u00e9\",\"description\":\"\",\"publisher\":{\"@id\":\"https:\\\/\\\/repliquemangacine.fr\\\/#organization\"},\"potentialAction\":[{\"@type\":\"SearchAction\",\"target\":{\"@type\":\"EntryPoint\",\"urlTemplate\":\"https:\\\/\\\/repliquemangacine.fr\\\/?s={search_term_string}\"},\"query-input\":{\"@type\":\"PropertyValueSpecification\",\"valueRequired\":true,\"valueName\":\"search_term_string\"}}],\"inLanguage\":\"it-IT\"},{\"@type\":\"Organization\",\"@id\":\"https:\\\/\\\/repliquemangacine.fr\\\/#organization\",\"name\":\"R\u00e9plique Manga Cin\u00e9\",\"url\":\"https:\\\/\\\/repliquemangacine.fr\\\/\",\"logo\":{\"@type\":\"ImageObject\",\"inLanguage\":\"it-IT\",\"@id\":\"https:\\\/\\\/repliquemangacine.fr\\\/#\\\/schema\\\/logo\\\/image\\\/\",\"url\":\"https:\\\/\\\/repliquemangacine.fr\\\/wp-content\\\/uploads\\\/2023\\\/10\\\/RMC-500250.png\",\"contentUrl\":\"https:\\\/\\\/repliquemangacine.fr\\\/wp-content\\\/uploads\\\/2023\\\/10\\\/RMC-500250.png\",\"width\":500,\"height\":250,\"caption\":\"R\u00e9plique Manga Cin\u00e9\"},\"image\":{\"@id\":\"https:\\\/\\\/repliquemangacine.fr\\\/#\\\/schema\\\/logo\\\/image\\\/\"},\"sameAs\":[\"https:\\\/\\\/www.facebook.com\\\/RepliqueMangaCine\",\"https:\\\/\\\/www.instagram.com\\\/repliquemangacine.fr\\\/\"]}]}<\/script>\n<!-- \/ Yoast SEO plugin. -->","yoast_head_json":{"title":"Katana Vergil Yamato V2 - R\u00e9plique Manga Cin\u00e9","description":"Scoprite il nuovo design della katana Vergil Yamato V2 al miglior prezzo. Notevole finitura, la guardia \u00e8 finemente dettagliata proprio come nel gioco.","robots":{"index":"index","follow":"follow","max-snippet":"max-snippet:-1","max-image-preview":"max-image-preview:large","max-video-preview":"max-video-preview:-1"},"canonical":"https:\/\/repliquemangacine.fr\/it\/katana-e-spada-videogiochi-altri-videogiochi\/katana-vergil-yamato-v2\/","og_locale":"it_IT","og_type":"article","og_title":"Katana Vergil Yamato V2 - R\u00e9plique Manga Cin\u00e9","og_description":"Venez d\u00e9couvrir le nouveau design du katana de Vergil Yamato V2 au meilleur prix. Finition remarquable, la garde est finement d\u00e9taill\u00e9e comme dans le jeu","og_url":"https:\/\/repliquemangacine.fr\/it\/katana-e-spada-videogiochi-altri-videogiochi\/katana-vergil-yamato-v2\/","og_site_name":"R\u00e9plique Manga Cin\u00e9","article_publisher":"https:\/\/www.facebook.com\/RepliqueMangaCine","article_modified_time":"2026-02-09T19:31:56+00:00","og_image":[{"width":500,"height":500,"url":"https:\/\/repliquemangacine.fr\/wp-content\/uploads\/2024\/04\/Katana-devil-may-cry.jpg","type":"image\/jpeg"}],"twitter_card":"summary_large_image","twitter_misc":{"Tempo di lettura stimato":"4 minuti"},"schema":{"@context":"https:\/\/schema.org","@graph":[{"@type":"WebPage","@id":"https:\/\/repliquemangacine.fr\/katana-et-epee-de-jeux-video-autre-jeux-video\/katana-vergil-yamato-v2\/","url":"https:\/\/repliquemangacine.fr\/katana-et-epee-de-jeux-video-autre-jeux-video\/katana-vergil-yamato-v2\/","name":"Katana Vergil Yamato V2 - R\u00e9plique Manga Cin\u00e9","isPartOf":{"@id":"https:\/\/repliquemangacine.fr\/#website"},"primaryImageOfPage":{"@id":"https:\/\/repliquemangacine.fr\/katana-et-epee-de-jeux-video-autre-jeux-video\/katana-vergil-yamato-v2\/#primaryimage"},"image":{"@id":"https:\/\/repliquemangacine.fr\/katana-et-epee-de-jeux-video-autre-jeux-video\/katana-vergil-yamato-v2\/#primaryimage"},"thumbnailUrl":"https:\/\/repliquemangacine.fr\/wp-content\/uploads\/2024\/04\/Katana-devil-may-cry.jpg","datePublished":"2024-04-04T16:59:45+00:00","dateModified":"2026-02-09T19:31:56+00:00","description":"Scoprite il nuovo design della katana Vergil Yamato V2 al miglior prezzo. Notevole finitura, la guardia \u00e8 finemente dettagliata proprio come nel gioco.","breadcrumb":{"@id":"https:\/\/repliquemangacine.fr\/katana-et-epee-de-jeux-video-autre-jeux-video\/katana-vergil-yamato-v2\/#breadcrumb"},"inLanguage":"it-IT","potentialAction":[{"@type":"ReadAction","target":["https:\/\/repliquemangacine.fr\/katana-et-epee-de-jeux-video-autre-jeux-video\/katana-vergil-yamato-v2\/"]}]},{"@type":"ImageObject","inLanguage":"it-IT","@id":"https:\/\/repliquemangacine.fr\/katana-et-epee-de-jeux-video-autre-jeux-video\/katana-vergil-yamato-v2\/#primaryimage","url":"https:\/\/repliquemangacine.fr\/wp-content\/uploads\/2024\/04\/Katana-devil-may-cry.jpg","contentUrl":"https:\/\/repliquemangacine.fr\/wp-content\/uploads\/2024\/04\/Katana-devil-may-cry.jpg","width":500,"height":500,"caption":"Katana Vergil Yamato V2 Devil My Cry"},{"@type":"BreadcrumbList","@id":"https:\/\/repliquemangacine.fr\/katana-et-epee-de-jeux-video-autre-jeux-video\/katana-vergil-yamato-v2\/#breadcrumb","itemListElement":[{"@type":"ListItem","position":1,"name":"Accueil","item":"https:\/\/repliquemangacine.fr\/"},{"@type":"ListItem","position":2,"name":"Produits","item":"https:\/\/repliquemangacine.fr\/boutique\/"},{"@type":"ListItem","position":3,"name":"Katana Vergil Yamato V2"}]},{"@type":"WebSite","@id":"https:\/\/repliquemangacine.fr\/#website","url":"https:\/\/repliquemangacine.fr\/","name":"R\u00e9plique Manga Cin\u00e9","description":"","publisher":{"@id":"https:\/\/repliquemangacine.fr\/#organization"},"potentialAction":[{"@type":"SearchAction","target":{"@type":"EntryPoint","urlTemplate":"https:\/\/repliquemangacine.fr\/?s={search_term_string}"},"query-input":{"@type":"PropertyValueSpecification","valueRequired":true,"valueName":"search_term_string"}}],"inLanguage":"it-IT"},{"@type":"Organization","@id":"https:\/\/repliquemangacine.fr\/#organization","name":"R\u00e9plique Manga Cin\u00e9","url":"https:\/\/repliquemangacine.fr\/","logo":{"@type":"ImageObject","inLanguage":"it-IT","@id":"https:\/\/repliquemangacine.fr\/#\/schema\/logo\/image\/","url":"https:\/\/repliquemangacine.fr\/wp-content\/uploads\/2023\/10\/RMC-500250.png","contentUrl":"https:\/\/repliquemangacine.fr\/wp-content\/uploads\/2023\/10\/RMC-500250.png","width":500,"height":250,"caption":"R\u00e9plique Manga Cin\u00e9"},"image":{"@id":"https:\/\/repliquemangacine.fr\/#\/schema\/logo\/image\/"},"sameAs":["https:\/\/www.facebook.com\/RepliqueMangaCine","https:\/\/www.instagram.com\/repliquemangacine.fr\/"]}]}},"_links":{"self":[{"href":"https:\/\/repliquemangacine.fr\/it\/wp-json\/wp\/v2\/product\/70935","targetHints":{"allow":["GET"]}}],"collection":[{"href":"https:\/\/repliquemangacine.fr\/it\/wp-json\/wp\/v2\/product"}],"about":[{"href":"https:\/\/repliquemangacine.fr\/it\/wp-json\/wp\/v2\/types\/product"}],"wp:featuredmedia":[{"embeddable":true,"href":"https:\/\/repliquemangacine.fr\/it\/wp-json\/wp\/v2\/media\/70937"}],"wp:attachment":[{"href":"https:\/\/repliquemangacine.fr\/it\/wp-json\/wp\/v2\/media?parent=70935"}],"wp:term":[{"taxonomy":"product_brand","embeddable":true,"href":"https:\/\/repliquemangacine.fr\/it\/wp-json\/wp\/v2\/product_brand?post=70935"},{"taxonomy":"product_cat","embeddable":true,"href":"https:\/\/repliquemangacine.fr\/it\/wp-json\/wp\/v2\/product_cat?post=70935"},{"taxonomy":"product_tag","embeddable":true,"href":"https:\/\/repliquemangacine.fr\/it\/wp-json\/wp\/v2\/product_tag?post=70935"}],"curies":[{"name":"wp","href":"https:\/\/api.w.org\/{rel}","templated":true}]}}