





{"id":70724,"date":"2024-03-29T18:10:26","date_gmt":"2024-03-29T17:10:26","guid":{"rendered":"https:\/\/repliquemangacine.fr\/?post_type=product&#038;p=70724"},"modified":"2026-04-07T01:06:53","modified_gmt":"2026-04-06T23:06:53","slug":"confezione-the-walking-dead","status":"publish","type":"product","link":"https:\/\/repliquemangacine.fr\/it\/armes-the-walking-dead\/pack-the-walking-dead\/","title":{"rendered":"Pacchetto The Walking Dead"},"content":{"rendered":"<h2>Sopravvivere all'Apocalisse con il pacchetto \"The Walking Dead - Quelli che vivono\".<\/h2>\n<p>Per prima cosa, scoprite la nostra eccezionale offerta, il Pack The Walking Dead, per celebrare l'uscita in Francia della tanto attesa serie \u201cThe Walking Dead \u2013 The Ones Who Live\u201d.<\/p>\n<p>Innanzitutto, la storia di Rick Grimes e Michonne \u00e8 trasformata da un mondo cambiato, separati dalla distanza. Devono lottare per ritrovare la strada l'uno verso l'altra. Non solo per ravvivare il loro legame indissolubile, ma anche per diventare eroi in un mondo distrutto. I fan sono invitati a immergersi in una storia d'amore epica, definita dalle prove di un mondo devastato dai conflitti e dagli orrori apocalittici.<\/p>\n<p>Immergiti nell'universo post-apocalittico della serie cult con il nostro pacchetto esclusivo che include l'iconica katana di Michonne e la Colt Python di Rick Grimes. Realizzate con meticolosa attenzione ai dettagli, queste repliche sono molto pi\u00f9 che semplici oggetti da collezione. Sono un ponte verso il mondo spietato di \u201cThe Walking Dead\u201d, dove ogni giorno \u00e8 una lotta per la sopravvivenza.<\/p>\n<h2>Il pacchetto di The Walking Dead: battute degne di un sopravvissuto<\/h2>\n<p>Per cominciare, parliamo di Michonne, interpretata dalla bravissima Danai Gurira. Il <a href=\"https:\/\/repliquemangacine.fr\/it\/armi-the-walking-dead\/katana-di-michonne\/\">La katana di Michonne<\/a> \u00e8 molto pi\u00f9 di una semplice arma. \u00c8 anche un simbolo di resilienza, forza e incrollabile volont\u00e0 di sopravvivere in questo universo spietato.<\/p>\n<p>Questa replica meticolosamente realizzata cattura l'essenza stessa di Michonne, una delle sopravvissute pi\u00f9 carismatiche e temute. Con una lama in acciaio inossidabile di alta qualit\u00e0, questa katana unisce bellezza estetica e formidabile efficacia. Il manico, fedelmente riprodotto, offre una presa comoda e sicura, consentendo di rivivere con precisione i momenti pi\u00f9 eroici di Michonne.<\/p>\n<p>Ogni dettaglio, dall'intreccio dell'elsa all'elegante curvatura della lama, \u00e8 pensato per offrire agli appassionati e ai collezionisti un pezzo da collezione eccezionale. Possedere questa katana significa immergersi nel coraggio e nella determinazione che caratterizzano Michonne. Questo oggetto \u00e8 un must-have per ogni ammiratore di \u201cThe Walking Dead\u201d.<\/p>\n<h2>I vivi: il ritorno di Rick<\/h2>\n<p>Ci siamo, finalmente \u00e8 arrivato il grande ritorno di Rick Grims, tanto atteso da tutti. \u00c8 molto probabile che in questo spin-off ci saranno sorprese a non finire.<\/p>\n<p>Ma ricordate il <a href=\"https:\/\/repliquemangacine.fr\/it\/denix\/colt-python-rick-grimes\/\">Colt Python di Rick<\/a>, emblema della leadership, della giustizia e della lotta per la sopravvivenza. Questa replica, accuratamente realizzata, incarna lo spirito di Rick Grimes, determinato, incrollabile e sempre pronto a difendere ci\u00f2 che \u00e8 giusto.<\/p>\n<p>La Colt Python, con il suo design classico e la sua finitura metallica precisa, \u00e8 una riproduzione <a href=\"https:\/\/www.denix.fr\/fr\/catalogue\/armes-modernes-1945-1982\/revolvers\/6304\/\" target=\"_blank\" rel=\"noopener noreferrer\">Denix<\/a>L'arma scelta da Rick. Simboleggia non solo la lotta contro i non morti. Ma anche i conflitti interiori e le decisioni difficili che i sopravvissuti devono affrontare quotidianamente. Questo oggetto da collezione offre ai fan un legame tangibile con il personaggio di Rick Grimes. Ricorda infatti i momenti cruciali della serie, quando il coraggio e il sacrificio definiscono la vera essenza della sopravvivenza. In conclusione, acquistare questa Colt Python significa abbracciare l'eredit\u00e0 di Rick Grimes e il suo impatto indelebile su \"The Walking Dead\". \u00c8 quindi un must per i collezionisti e i fan della serie.<\/p>\n<p>&nbsp;<\/p>","protected":false},"excerpt":{"rendered":"<p>Superba confezione della katana di Michonne e della Colt di Rick nella serie The Walking Dead<\/p>","protected":false},"featured_media":70725,"template":"","meta":[],"product_brand":[],"product_cat":[62],"product_tag":[],"class_list":{"0":"post-70724","1":"product","2":"type-product","3":"status-publish","4":"has-post-thumbnail","6":"product_cat-armes-the-walking-dead","8":"first","9":"instock","10":"sale","11":"taxable","12":"shipping-taxable","13":"purchasable","14":"product-type-simple"},"yoast_head":"<!-- This site is optimized with the Yoast SEO plugin v27.4 - https:\/\/yoast.com\/product\/yoast-seo-wordpress\/ -->\n<title>Pack The Walking Dead - R\u00e9plique Manga Cin\u00e9<\/title>\n<meta name=\"description\" content=\"Offrez-vous les deux r\u00e9pliques les plus embl\u00e9matiques de la s\u00e9rie, gr\u00e2ce \u00e0 ce Pack The Walking Dead. Retrouvez le katana de Michonne et le Colt de Rick.\" \/>\n<meta name=\"robots\" content=\"index, follow, max-snippet:-1, max-image-preview:large, max-video-preview:-1\" \/>\n<link rel=\"canonical\" href=\"https:\/\/repliquemangacine.fr\/it\/armi-the-walking-dead\/confezione-the-walking-dead\/\" \/>\n<meta property=\"og:locale\" content=\"it_IT\" \/>\n<meta property=\"og:type\" content=\"article\" \/>\n<meta property=\"og:title\" content=\"Pack The Walking Dead - R\u00e9plique Manga Cin\u00e9\" \/>\n<meta property=\"og:description\" content=\"Offrez-vous les deux r\u00e9pliques les plus embl\u00e9matiques de la s\u00e9rie, gr\u00e2ce \u00e0 ce Pack The Walking Dead. Retrouvez le katana de Michonne et le Colt de Rick.\" \/>\n<meta property=\"og:url\" content=\"https:\/\/repliquemangacine.fr\/it\/armi-the-walking-dead\/confezione-the-walking-dead\/\" \/>\n<meta property=\"og:site_name\" content=\"R\u00e9plique Manga Cin\u00e9\" \/>\n<meta property=\"article:publisher\" content=\"https:\/\/www.facebook.com\/RepliqueMangaCine\" \/>\n<meta property=\"article:modified_time\" content=\"2026-04-06T23:06:53+00:00\" \/>\n<meta property=\"og:image\" content=\"https:\/\/repliquemangacine.fr\/wp-content\/uploads\/2024\/03\/Pack-armes-Walking-Dead.jpg\" \/>\n\t<meta property=\"og:image:width\" content=\"500\" \/>\n\t<meta property=\"og:image:height\" content=\"500\" \/>\n\t<meta property=\"og:image:type\" content=\"image\/jpeg\" \/>\n<meta name=\"twitter:card\" content=\"summary_large_image\" \/>\n<meta name=\"twitter:label1\" content=\"Tempo di lettura stimato\" \/>\n\t<meta name=\"twitter:data1\" content=\"3 minuti\" \/>\n<script type=\"application\/ld+json\" class=\"yoast-schema-graph\">{\"@context\":\"https:\\\/\\\/schema.org\",\"@graph\":[{\"@type\":\"WebPage\",\"@id\":\"https:\\\/\\\/repliquemangacine.fr\\\/armes-the-walking-dead\\\/pack-the-walking-dead\\\/\",\"url\":\"https:\\\/\\\/repliquemangacine.fr\\\/armes-the-walking-dead\\\/pack-the-walking-dead\\\/\",\"name\":\"Pack The Walking Dead - R\u00e9plique Manga Cin\u00e9\",\"isPartOf\":{\"@id\":\"https:\\\/\\\/repliquemangacine.fr\\\/#website\"},\"primaryImageOfPage\":{\"@id\":\"https:\\\/\\\/repliquemangacine.fr\\\/armes-the-walking-dead\\\/pack-the-walking-dead\\\/#primaryimage\"},\"image\":{\"@id\":\"https:\\\/\\\/repliquemangacine.fr\\\/armes-the-walking-dead\\\/pack-the-walking-dead\\\/#primaryimage\"},\"thumbnailUrl\":\"https:\\\/\\\/repliquemangacine.fr\\\/wp-content\\\/uploads\\\/2024\\\/03\\\/Pack-armes-Walking-Dead.jpg\",\"datePublished\":\"2024-03-29T17:10:26+00:00\",\"dateModified\":\"2026-04-06T23:06:53+00:00\",\"description\":\"Offrez-vous les deux r\u00e9pliques les plus embl\u00e9matiques de la s\u00e9rie, gr\u00e2ce \u00e0 ce Pack The Walking Dead. Retrouvez le katana de Michonne et le Colt de Rick.\",\"breadcrumb\":{\"@id\":\"https:\\\/\\\/repliquemangacine.fr\\\/armes-the-walking-dead\\\/pack-the-walking-dead\\\/#breadcrumb\"},\"inLanguage\":\"it-IT\",\"potentialAction\":[{\"@type\":\"ReadAction\",\"target\":[\"https:\\\/\\\/repliquemangacine.fr\\\/armes-the-walking-dead\\\/pack-the-walking-dead\\\/\"]}]},{\"@type\":\"ImageObject\",\"inLanguage\":\"it-IT\",\"@id\":\"https:\\\/\\\/repliquemangacine.fr\\\/armes-the-walking-dead\\\/pack-the-walking-dead\\\/#primaryimage\",\"url\":\"https:\\\/\\\/repliquemangacine.fr\\\/wp-content\\\/uploads\\\/2024\\\/03\\\/Pack-armes-Walking-Dead.jpg\",\"contentUrl\":\"https:\\\/\\\/repliquemangacine.fr\\\/wp-content\\\/uploads\\\/2024\\\/03\\\/Pack-armes-Walking-Dead.jpg\",\"width\":500,\"height\":500,\"caption\":\"Pack armes Walking Dead\"},{\"@type\":\"BreadcrumbList\",\"@id\":\"https:\\\/\\\/repliquemangacine.fr\\\/armes-the-walking-dead\\\/pack-the-walking-dead\\\/#breadcrumb\",\"itemListElement\":[{\"@type\":\"ListItem\",\"position\":1,\"name\":\"Accueil\",\"item\":\"https:\\\/\\\/repliquemangacine.fr\\\/\"},{\"@type\":\"ListItem\",\"position\":2,\"name\":\"Produits\",\"item\":\"https:\\\/\\\/repliquemangacine.fr\\\/boutique\\\/\"},{\"@type\":\"ListItem\",\"position\":3,\"name\":\"Pack The Walking Dead\"}]},{\"@type\":\"WebSite\",\"@id\":\"https:\\\/\\\/repliquemangacine.fr\\\/#website\",\"url\":\"https:\\\/\\\/repliquemangacine.fr\\\/\",\"name\":\"R\u00e9plique Manga Cin\u00e9\",\"description\":\"\",\"publisher\":{\"@id\":\"https:\\\/\\\/repliquemangacine.fr\\\/#organization\"},\"potentialAction\":[{\"@type\":\"SearchAction\",\"target\":{\"@type\":\"EntryPoint\",\"urlTemplate\":\"https:\\\/\\\/repliquemangacine.fr\\\/?s={search_term_string}\"},\"query-input\":{\"@type\":\"PropertyValueSpecification\",\"valueRequired\":true,\"valueName\":\"search_term_string\"}}],\"inLanguage\":\"it-IT\"},{\"@type\":\"Organization\",\"@id\":\"https:\\\/\\\/repliquemangacine.fr\\\/#organization\",\"name\":\"R\u00e9plique Manga Cin\u00e9\",\"url\":\"https:\\\/\\\/repliquemangacine.fr\\\/\",\"logo\":{\"@type\":\"ImageObject\",\"inLanguage\":\"it-IT\",\"@id\":\"https:\\\/\\\/repliquemangacine.fr\\\/#\\\/schema\\\/logo\\\/image\\\/\",\"url\":\"https:\\\/\\\/repliquemangacine.fr\\\/wp-content\\\/uploads\\\/2023\\\/10\\\/RMC-500250.png\",\"contentUrl\":\"https:\\\/\\\/repliquemangacine.fr\\\/wp-content\\\/uploads\\\/2023\\\/10\\\/RMC-500250.png\",\"width\":500,\"height\":250,\"caption\":\"R\u00e9plique Manga Cin\u00e9\"},\"image\":{\"@id\":\"https:\\\/\\\/repliquemangacine.fr\\\/#\\\/schema\\\/logo\\\/image\\\/\"},\"sameAs\":[\"https:\\\/\\\/www.facebook.com\\\/RepliqueMangaCine\",\"https:\\\/\\\/www.instagram.com\\\/repliquemangacine.fr\\\/\"]}]}<\/script>\n<!-- \/ Yoast SEO plugin. -->","yoast_head_json":{"title":"Pacchetto The Walking Dead - R\u00e9plique Manga Cin\u00e9","description":"Regalatevi le due linee pi\u00f9 iconiche della serie, grazie a questo The Walking Dead Pack. Troverete la katana di Michonne e la Colt di Rick.","robots":{"index":"index","follow":"follow","max-snippet":"max-snippet:-1","max-image-preview":"max-image-preview:large","max-video-preview":"max-video-preview:-1"},"canonical":"https:\/\/repliquemangacine.fr\/it\/armi-the-walking-dead\/confezione-the-walking-dead\/","og_locale":"it_IT","og_type":"article","og_title":"Pack The Walking Dead - R\u00e9plique Manga Cin\u00e9","og_description":"Offrez-vous les deux r\u00e9pliques les plus embl\u00e9matiques de la s\u00e9rie, gr\u00e2ce \u00e0 ce Pack The Walking Dead. Retrouvez le katana de Michonne et le Colt de Rick.","og_url":"https:\/\/repliquemangacine.fr\/it\/armi-the-walking-dead\/confezione-the-walking-dead\/","og_site_name":"R\u00e9plique Manga Cin\u00e9","article_publisher":"https:\/\/www.facebook.com\/RepliqueMangaCine","article_modified_time":"2026-04-06T23:06:53+00:00","og_image":[{"width":500,"height":500,"url":"https:\/\/repliquemangacine.fr\/wp-content\/uploads\/2024\/03\/Pack-armes-Walking-Dead.jpg","type":"image\/jpeg"}],"twitter_card":"summary_large_image","twitter_misc":{"Tempo di lettura stimato":"3 minuti"},"schema":{"@context":"https:\/\/schema.org","@graph":[{"@type":"WebPage","@id":"https:\/\/repliquemangacine.fr\/armes-the-walking-dead\/pack-the-walking-dead\/","url":"https:\/\/repliquemangacine.fr\/armes-the-walking-dead\/pack-the-walking-dead\/","name":"Pacchetto The Walking Dead - R\u00e9plique Manga Cin\u00e9","isPartOf":{"@id":"https:\/\/repliquemangacine.fr\/#website"},"primaryImageOfPage":{"@id":"https:\/\/repliquemangacine.fr\/armes-the-walking-dead\/pack-the-walking-dead\/#primaryimage"},"image":{"@id":"https:\/\/repliquemangacine.fr\/armes-the-walking-dead\/pack-the-walking-dead\/#primaryimage"},"thumbnailUrl":"https:\/\/repliquemangacine.fr\/wp-content\/uploads\/2024\/03\/Pack-armes-Walking-Dead.jpg","datePublished":"2024-03-29T17:10:26+00:00","dateModified":"2026-04-06T23:06:53+00:00","description":"Regalatevi le due linee pi\u00f9 iconiche della serie, grazie a questo The Walking Dead Pack. Troverete la katana di Michonne e la Colt di Rick.","breadcrumb":{"@id":"https:\/\/repliquemangacine.fr\/armes-the-walking-dead\/pack-the-walking-dead\/#breadcrumb"},"inLanguage":"it-IT","potentialAction":[{"@type":"ReadAction","target":["https:\/\/repliquemangacine.fr\/armes-the-walking-dead\/pack-the-walking-dead\/"]}]},{"@type":"ImageObject","inLanguage":"it-IT","@id":"https:\/\/repliquemangacine.fr\/armes-the-walking-dead\/pack-the-walking-dead\/#primaryimage","url":"https:\/\/repliquemangacine.fr\/wp-content\/uploads\/2024\/03\/Pack-armes-Walking-Dead.jpg","contentUrl":"https:\/\/repliquemangacine.fr\/wp-content\/uploads\/2024\/03\/Pack-armes-Walking-Dead.jpg","width":500,"height":500,"caption":"Pack armes Walking Dead"},{"@type":"BreadcrumbList","@id":"https:\/\/repliquemangacine.fr\/armes-the-walking-dead\/pack-the-walking-dead\/#breadcrumb","itemListElement":[{"@type":"ListItem","position":1,"name":"Accueil","item":"https:\/\/repliquemangacine.fr\/"},{"@type":"ListItem","position":2,"name":"Produits","item":"https:\/\/repliquemangacine.fr\/boutique\/"},{"@type":"ListItem","position":3,"name":"Pack The Walking Dead"}]},{"@type":"WebSite","@id":"https:\/\/repliquemangacine.fr\/#website","url":"https:\/\/repliquemangacine.fr\/","name":"R\u00e9plique Manga Cin\u00e9","description":"","publisher":{"@id":"https:\/\/repliquemangacine.fr\/#organization"},"potentialAction":[{"@type":"SearchAction","target":{"@type":"EntryPoint","urlTemplate":"https:\/\/repliquemangacine.fr\/?s={search_term_string}"},"query-input":{"@type":"PropertyValueSpecification","valueRequired":true,"valueName":"search_term_string"}}],"inLanguage":"it-IT"},{"@type":"Organization","@id":"https:\/\/repliquemangacine.fr\/#organization","name":"R\u00e9plique Manga Cin\u00e9","url":"https:\/\/repliquemangacine.fr\/","logo":{"@type":"ImageObject","inLanguage":"it-IT","@id":"https:\/\/repliquemangacine.fr\/#\/schema\/logo\/image\/","url":"https:\/\/repliquemangacine.fr\/wp-content\/uploads\/2023\/10\/RMC-500250.png","contentUrl":"https:\/\/repliquemangacine.fr\/wp-content\/uploads\/2023\/10\/RMC-500250.png","width":500,"height":250,"caption":"R\u00e9plique Manga Cin\u00e9"},"image":{"@id":"https:\/\/repliquemangacine.fr\/#\/schema\/logo\/image\/"},"sameAs":["https:\/\/www.facebook.com\/RepliqueMangaCine","https:\/\/www.instagram.com\/repliquemangacine.fr\/"]}]}},"_links":{"self":[{"href":"https:\/\/repliquemangacine.fr\/it\/wp-json\/wp\/v2\/product\/70724","targetHints":{"allow":["GET"]}}],"collection":[{"href":"https:\/\/repliquemangacine.fr\/it\/wp-json\/wp\/v2\/product"}],"about":[{"href":"https:\/\/repliquemangacine.fr\/it\/wp-json\/wp\/v2\/types\/product"}],"wp:featuredmedia":[{"embeddable":true,"href":"https:\/\/repliquemangacine.fr\/it\/wp-json\/wp\/v2\/media\/70725"}],"wp:attachment":[{"href":"https:\/\/repliquemangacine.fr\/it\/wp-json\/wp\/v2\/media?parent=70724"}],"wp:term":[{"taxonomy":"product_brand","embeddable":true,"href":"https:\/\/repliquemangacine.fr\/it\/wp-json\/wp\/v2\/product_brand?post=70724"},{"taxonomy":"product_cat","embeddable":true,"href":"https:\/\/repliquemangacine.fr\/it\/wp-json\/wp\/v2\/product_cat?post=70724"},{"taxonomy":"product_tag","embeddable":true,"href":"https:\/\/repliquemangacine.fr\/it\/wp-json\/wp\/v2\/product_tag?post=70724"}],"curies":[{"name":"wp","href":"https:\/\/api.w.org\/{rel}","templated":true}]}}