





{"id":70131,"date":"2024-03-07T15:35:09","date_gmt":"2024-03-07T14:35:09","guid":{"rendered":"https:\/\/repliquemangacine.fr\/?post_type=product&#038;p=70131"},"modified":"2025-11-28T16:55:25","modified_gmt":"2025-11-28T15:55:25","slug":"spada-di-aegon-casa-del-drago","status":"publish","type":"product","link":"https:\/\/repliquemangacine.fr\/it\/house-of-the-dragon\/epee-d-aegon-house-of-the-dragon\/","title":{"rendered":"La spada di Aegon - Versione romanzo"},"content":{"rendered":"<h2>Ep\u00e9e d&#8217;Aegon : Blackfyre \u00e9p\u00e9e l\u00e9gendaire d&#8217;Aegon le conqu\u00e9rant<\/h2>\n<div class=\"flex flex-grow flex-col max-w-full\">\n<div class=\"min-h-[20px] text-message flex flex-col items-start gap-3 whitespace-pre-wrap break-words [.text-message+&amp;]:mt-5 overflow-x-auto\" data-message-author-role=\"assistant\" data-message-id=\"5b3fd0b6-0417-4bf5-b263-9e8f1ed0da64\">\n<div class=\"markdown prose w-full break-words dark:prose-invert light\">\n<p>En premier lieu, George R.R. Martin, dans son roman, pr\u00e9sente l&#8217;Ep\u00e9e d&#8217;Aegon Blackfyre avec relativement peu de d\u00e9tails. Il pr\u00e9f\u00e8re mettre en avant les dragons comme les v\u00e9ritables &#8220;armes&#8221; d&#8217;Aegon, symboles de sa force et de son pouvoir.<\/p>\n<p>La relation des Targaryens avec leurs dragons se montre bien plus profonde que celle avec des \u00e9p\u00e9es sp\u00e9cifiques. Aegon et ses s\u0153urs-\u00e9pouses, Visenya et Rhaenys, ont utilis\u00e9 leurs dragons comme principaux instruments de conqu\u00eate, ce qui leur a permis de soumettre les royaumes de Westeros et d&#8217;unifier le continent sous leur domination.<\/p>\n<p>N\u00e9anmoins, les Targaryens ont h\u00e9rit\u00e9 d&#8217;\u00e9p\u00e9es en acier valyrien de g\u00e9n\u00e9ration en g\u00e9n\u00e9ration, parmi lesquelles figurent Blackfyre et Dark Sister. Aegon a privil\u00e9gi\u00e9 Blackfyre, qui est devenue un symbole de l\u00e9gitimit\u00e9 et de pouvoir pour les Targaryens qui ont suivi. Bien que cette \u00e9p\u00e9e soit davantage associ\u00e9e \u00e0 ses descendants qu&#8217;\u00e0 Aegon lui-m\u00eame. Sa s\u0153ur Visenya portait Dark Sister. Ces \u00e9p\u00e9es en acier valyrien, renomm\u00e9es pour leur qualit\u00e9 sup\u00e9rieure, leur tranchant incomparable et leur r\u00e9sistance magique, sont aussi v\u00e9n\u00e9r\u00e9es que les dragons eux-m\u00eames.<\/p>\n<\/div>\n<\/div>\n<\/div>\n<h2>Ep\u00e9e d&#8217;Aegon I : Le conqu\u00e9rant de Westeros<\/h2>\n<p>Tout d&#8217;abord, Aegon I Targaryen, plus connu sous le nom d&#8217;Aegon le Conqu\u00e9rant. Figure l\u00e9gendaire dans l&#8217;histoire de Westeros. Unifiant les sept royaumes disparates sous une seule banni\u00e8re gr\u00e2ce \u00e0 sa puissance et \u00e0 sa strat\u00e9gie sans \u00e9gales. Issu de la noble lign\u00e9e des <a href=\"https:\/\/gameofthrones.fandom.com\/fr\/wiki\/Maison_Targaryen\" target=\"_blank\" rel=\"noopener noreferrer\">Targaryen<\/a>, survivants de la doom de Valyria. Aegon d\u00e9barqua sur les c\u00f4tes de Westeros avec ses deux s\u0153urs-\u00e9pouses, Visenya et Rhaenys, ainsi que leurs trois dragons.<\/p>\n<p>Sa conqu\u00eate d\u00e9buta \u00e0 Dragonstone et s&#8217;\u00e9tendit rapidement \u00e0 travers le continent, chaque victoire consolidant sa l\u00e9gende. La bataille du Champ de Feu et la soumission du dernier roi du Nord sont des exemples frappants de sa tactique impitoyable et de sa volont\u00e9 de fer. Aegon n&#8217;\u00e9tait pas seulement un guerrier redout\u00e9.<\/p>\n<p>Souverain visionnaire, \u00e9tablissant King&#8217;s Landing comme capitale et forgeant le Tr\u00f4ne de Fer \u00e0 partir des lames de ses ennemis vaincus. Son r\u00e8gne posa les fondations d&#8217;une \u00e8re de stabilit\u00e9 relative et de prosp\u00e9rit\u00e9 sous la surveillance des Targaryen, faisant de lui un personnage central de l&#8217;histoire de Westeros.<\/p>\n<h2>Les armes dans House of the Dragon<\/h2>\n<p>Dans House of the Dragon, Dark sister est plus qu\u2019un simple accessoire. De toute \u00e9vidence, c\u2019est un personnage \u00e0 part enti\u00e8re, avec son histoire, son caract\u00e8re et son impact sur le cours des \u00e9v\u00e9nements. Sa pr\u00e9sence \u00e0 l\u2019\u00e9cran est un rappel constant de l\u2019h\u00e9ritage et de la puissance des Targaryen. Ainsi qu\u2019un symbole des liens indissolubles qui unissent les membres de cette famille tumultueuse, pour le meilleur et pour le pire.<\/p>\n<p>Mais ce n\u2019est pas la seule \u00e9p\u00e9e, il y a aussi l\u2019<a href=\"https:\/\/repliquemangacine.fr\/nouveautes\/epee-feunoyr-viserys-targaryen\/\">Ep\u00e9e Feunoyr<\/a> de Viserys Targaryen. Une longue \u00e9p\u00e9e l\u00e9gendaire en acier valyrien mani\u00e9e par Aegon le Conqu\u00e9rant. Il y a aussi l\u2019\u00e9p\u00e9e d\u2019Aegon mais d\u2019apr\u00e8s la version du roman. En outre, nous retrouvons \u00e9galement la dague Catspaw, dans les mains du roi Viserys. Il explique \u00e0 Rhaenyra que cette dague appartenait \u00e0 Aegon le Conqu\u00e9rant. Et avant cela \u00e0 Aenar Targaryen.<\/p>\n<p>En conclusion S\u0153ur Noire (<a href=\"https:\/\/repliquemangacine.fr\/house-of-the-dragon\/epee-dark-sister-house-of-the-dragon\/\">Dark Sister<\/a>) est un artefact de grande importance dans House of the Dragon. Faisant d\u2019elle une pi\u00e8ce ma\u00eetresse dans votre collection.<\/p>\n","protected":false},"excerpt":{"rendered":"<p>Splendida replica della spada di Aegon nella sua versione romanzata nella Casa del Drago<\/p>\n<ul>\n<li>Lama in acciaio inox<\/li>\n<li>Elsa in acciaio finemente decorata con due teste di drago<\/li>\n<li>Pomello in acciaio decorato con pietra decorativa blu o rossa a seconda della disponibilit\u00e0.<\/li>\n<li>Supporto da parete in legno con logo Targaryens<\/li>\n<li>Lunghezza lama: 90 cm - Lunghezza totale: 117 cm<\/li>\n<li>Peso: 1650 g<\/li>\n<\/ul>","protected":false},"featured_media":70132,"template":"","meta":[],"product_brand":[],"product_cat":[72,105],"product_tag":[],"class_list":{"0":"post-70131","1":"product","2":"type-product","3":"status-publish","4":"has-post-thumbnail","6":"product_cat-epees-game-of-thrones","7":"product_cat-house-of-the-dragon","9":"first","10":"outofstock","11":"taxable","12":"shipping-taxable","13":"purchasable","14":"product-type-simple"},"yoast_head":"<!-- This site is optimized with the Yoast SEO plugin v27.4 - https:\/\/yoast.com\/product\/yoast-seo-wordpress\/ -->\n<title>Ep\u00e9e d&#039;Aegon - Version Roman - House of the Dragon | RMC<\/title>\n<meta name=\"description\" content=\"D\u00e9couvrez la r\u00e9plique de l&#039;Ep\u00e9e d&#039;Aegon n version roman dans la s\u00e9rie House of the Dragon. Lame en acier inoxydable. Garde en acier. Support. 117 cm\" \/>\n<meta name=\"robots\" content=\"index, follow, max-snippet:-1, max-image-preview:large, max-video-preview:-1\" \/>\n<link rel=\"canonical\" href=\"https:\/\/repliquemangacine.fr\/it\/casa-del-drago\/spada-di-aegon-casa-del-drago\/\" \/>\n<meta property=\"og:locale\" content=\"it_IT\" \/>\n<meta property=\"og:type\" content=\"article\" \/>\n<meta property=\"og:title\" content=\"Ep\u00e9e d&#039;Aegon - Version Roman - House of the Dragon | RMC\" \/>\n<meta property=\"og:description\" content=\"D\u00e9couvrez la r\u00e9plique de l&#039;Ep\u00e9e d&#039;Aegon n version roman dans la s\u00e9rie House of the Dragon. Lame en acier inoxydable. Garde en acier. Support. 117 cm\" \/>\n<meta property=\"og:url\" content=\"https:\/\/repliquemangacine.fr\/it\/casa-del-drago\/spada-di-aegon-casa-del-drago\/\" \/>\n<meta property=\"og:site_name\" content=\"R\u00e9plique Manga Cin\u00e9\" \/>\n<meta property=\"article:publisher\" content=\"https:\/\/www.facebook.com\/RepliqueMangaCine\" \/>\n<meta property=\"article:modified_time\" content=\"2025-11-28T15:55:25+00:00\" \/>\n<meta property=\"og:image\" content=\"https:\/\/repliquemangacine.fr\/wp-content\/uploads\/2024\/03\/epee-aegon-roman.jpg\" \/>\n\t<meta property=\"og:image:width\" content=\"500\" \/>\n\t<meta property=\"og:image:height\" content=\"500\" \/>\n\t<meta property=\"og:image:type\" content=\"image\/jpeg\" \/>\n<meta name=\"twitter:card\" content=\"summary_large_image\" \/>\n<meta name=\"twitter:label1\" content=\"Tempo di lettura stimato\" \/>\n\t<meta name=\"twitter:data1\" content=\"3 minuti\" \/>\n<script type=\"application\/ld+json\" class=\"yoast-schema-graph\">{\"@context\":\"https:\\\/\\\/schema.org\",\"@graph\":[{\"@type\":\"WebPage\",\"@id\":\"https:\\\/\\\/repliquemangacine.fr\\\/house-of-the-dragon\\\/epee-d-aegon-house-of-the-dragon\\\/\",\"url\":\"https:\\\/\\\/repliquemangacine.fr\\\/house-of-the-dragon\\\/epee-d-aegon-house-of-the-dragon\\\/\",\"name\":\"Ep\u00e9e d'Aegon - Version Roman - House of the Dragon | RMC\",\"isPartOf\":{\"@id\":\"https:\\\/\\\/repliquemangacine.fr\\\/#website\"},\"primaryImageOfPage\":{\"@id\":\"https:\\\/\\\/repliquemangacine.fr\\\/house-of-the-dragon\\\/epee-d-aegon-house-of-the-dragon\\\/#primaryimage\"},\"image\":{\"@id\":\"https:\\\/\\\/repliquemangacine.fr\\\/house-of-the-dragon\\\/epee-d-aegon-house-of-the-dragon\\\/#primaryimage\"},\"thumbnailUrl\":\"https:\\\/\\\/repliquemangacine.fr\\\/wp-content\\\/uploads\\\/2024\\\/03\\\/epee-aegon-roman.jpg\",\"datePublished\":\"2024-03-07T14:35:09+00:00\",\"dateModified\":\"2025-11-28T15:55:25+00:00\",\"description\":\"D\u00e9couvrez la r\u00e9plique de l'Ep\u00e9e d'Aegon n version roman dans la s\u00e9rie House of the Dragon. Lame en acier inoxydable. Garde en acier. Support. 117 cm\",\"breadcrumb\":{\"@id\":\"https:\\\/\\\/repliquemangacine.fr\\\/house-of-the-dragon\\\/epee-d-aegon-house-of-the-dragon\\\/#breadcrumb\"},\"inLanguage\":\"it-IT\",\"potentialAction\":[{\"@type\":\"ReadAction\",\"target\":[\"https:\\\/\\\/repliquemangacine.fr\\\/house-of-the-dragon\\\/epee-d-aegon-house-of-the-dragon\\\/\"]}]},{\"@type\":\"ImageObject\",\"inLanguage\":\"it-IT\",\"@id\":\"https:\\\/\\\/repliquemangacine.fr\\\/house-of-the-dragon\\\/epee-d-aegon-house-of-the-dragon\\\/#primaryimage\",\"url\":\"https:\\\/\\\/repliquemangacine.fr\\\/wp-content\\\/uploads\\\/2024\\\/03\\\/epee-aegon-roman.jpg\",\"contentUrl\":\"https:\\\/\\\/repliquemangacine.fr\\\/wp-content\\\/uploads\\\/2024\\\/03\\\/epee-aegon-roman.jpg\",\"width\":500,\"height\":500,\"caption\":\"Ep\u00e9e d'Aegon House of the Dragon\"},{\"@type\":\"BreadcrumbList\",\"@id\":\"https:\\\/\\\/repliquemangacine.fr\\\/house-of-the-dragon\\\/epee-d-aegon-house-of-the-dragon\\\/#breadcrumb\",\"itemListElement\":[{\"@type\":\"ListItem\",\"position\":1,\"name\":\"Accueil\",\"item\":\"https:\\\/\\\/repliquemangacine.fr\\\/\"},{\"@type\":\"ListItem\",\"position\":2,\"name\":\"Produits\",\"item\":\"https:\\\/\\\/repliquemangacine.fr\\\/boutique\\\/\"},{\"@type\":\"ListItem\",\"position\":3,\"name\":\"Ep\u00e9e d&#8217;Aegon &#8211; Version Roman\"}]},{\"@type\":\"WebSite\",\"@id\":\"https:\\\/\\\/repliquemangacine.fr\\\/#website\",\"url\":\"https:\\\/\\\/repliquemangacine.fr\\\/\",\"name\":\"R\u00e9plique Manga Cin\u00e9\",\"description\":\"\",\"publisher\":{\"@id\":\"https:\\\/\\\/repliquemangacine.fr\\\/#organization\"},\"potentialAction\":[{\"@type\":\"SearchAction\",\"target\":{\"@type\":\"EntryPoint\",\"urlTemplate\":\"https:\\\/\\\/repliquemangacine.fr\\\/?s={search_term_string}\"},\"query-input\":{\"@type\":\"PropertyValueSpecification\",\"valueRequired\":true,\"valueName\":\"search_term_string\"}}],\"inLanguage\":\"it-IT\"},{\"@type\":\"Organization\",\"@id\":\"https:\\\/\\\/repliquemangacine.fr\\\/#organization\",\"name\":\"R\u00e9plique Manga Cin\u00e9\",\"url\":\"https:\\\/\\\/repliquemangacine.fr\\\/\",\"logo\":{\"@type\":\"ImageObject\",\"inLanguage\":\"it-IT\",\"@id\":\"https:\\\/\\\/repliquemangacine.fr\\\/#\\\/schema\\\/logo\\\/image\\\/\",\"url\":\"https:\\\/\\\/repliquemangacine.fr\\\/wp-content\\\/uploads\\\/2023\\\/10\\\/RMC-500250.png\",\"contentUrl\":\"https:\\\/\\\/repliquemangacine.fr\\\/wp-content\\\/uploads\\\/2023\\\/10\\\/RMC-500250.png\",\"width\":500,\"height\":250,\"caption\":\"R\u00e9plique Manga Cin\u00e9\"},\"image\":{\"@id\":\"https:\\\/\\\/repliquemangacine.fr\\\/#\\\/schema\\\/logo\\\/image\\\/\"},\"sameAs\":[\"https:\\\/\\\/www.facebook.com\\\/RepliqueMangaCine\",\"https:\\\/\\\/www.instagram.com\\\/repliquemangacine.fr\\\/\"]}]}<\/script>\n<!-- \/ Yoast SEO plugin. -->","yoast_head_json":{"title":"Spada di Aegon - Versione romana - Casa del Drago | RMC","description":"Scoprite la replica della Spada di Aegon n versione romanzo della serie House of the Dragon. Lama in acciaio inossidabile. Guardia in acciaio. Supporto. Lunghezza 117 cm","robots":{"index":"index","follow":"follow","max-snippet":"max-snippet:-1","max-image-preview":"max-image-preview:large","max-video-preview":"max-video-preview:-1"},"canonical":"https:\/\/repliquemangacine.fr\/it\/casa-del-drago\/spada-di-aegon-casa-del-drago\/","og_locale":"it_IT","og_type":"article","og_title":"Ep\u00e9e d'Aegon - Version Roman - House of the Dragon | RMC","og_description":"D\u00e9couvrez la r\u00e9plique de l'Ep\u00e9e d'Aegon n version roman dans la s\u00e9rie House of the Dragon. Lame en acier inoxydable. Garde en acier. Support. 117 cm","og_url":"https:\/\/repliquemangacine.fr\/it\/casa-del-drago\/spada-di-aegon-casa-del-drago\/","og_site_name":"R\u00e9plique Manga Cin\u00e9","article_publisher":"https:\/\/www.facebook.com\/RepliqueMangaCine","article_modified_time":"2025-11-28T15:55:25+00:00","og_image":[{"width":500,"height":500,"url":"https:\/\/repliquemangacine.fr\/wp-content\/uploads\/2024\/03\/epee-aegon-roman.jpg","type":"image\/jpeg"}],"twitter_card":"summary_large_image","twitter_misc":{"Tempo di lettura stimato":"3 minuti"},"schema":{"@context":"https:\/\/schema.org","@graph":[{"@type":"WebPage","@id":"https:\/\/repliquemangacine.fr\/house-of-the-dragon\/epee-d-aegon-house-of-the-dragon\/","url":"https:\/\/repliquemangacine.fr\/house-of-the-dragon\/epee-d-aegon-house-of-the-dragon\/","name":"Spada di Aegon - Versione romana - Casa del Drago | RMC","isPartOf":{"@id":"https:\/\/repliquemangacine.fr\/#website"},"primaryImageOfPage":{"@id":"https:\/\/repliquemangacine.fr\/house-of-the-dragon\/epee-d-aegon-house-of-the-dragon\/#primaryimage"},"image":{"@id":"https:\/\/repliquemangacine.fr\/house-of-the-dragon\/epee-d-aegon-house-of-the-dragon\/#primaryimage"},"thumbnailUrl":"https:\/\/repliquemangacine.fr\/wp-content\/uploads\/2024\/03\/epee-aegon-roman.jpg","datePublished":"2024-03-07T14:35:09+00:00","dateModified":"2025-11-28T15:55:25+00:00","description":"Scoprite la replica della Spada di Aegon n versione romanzo della serie House of the Dragon. Lama in acciaio inossidabile. Guardia in acciaio. Supporto. Lunghezza 117 cm","breadcrumb":{"@id":"https:\/\/repliquemangacine.fr\/house-of-the-dragon\/epee-d-aegon-house-of-the-dragon\/#breadcrumb"},"inLanguage":"it-IT","potentialAction":[{"@type":"ReadAction","target":["https:\/\/repliquemangacine.fr\/house-of-the-dragon\/epee-d-aegon-house-of-the-dragon\/"]}]},{"@type":"ImageObject","inLanguage":"it-IT","@id":"https:\/\/repliquemangacine.fr\/house-of-the-dragon\/epee-d-aegon-house-of-the-dragon\/#primaryimage","url":"https:\/\/repliquemangacine.fr\/wp-content\/uploads\/2024\/03\/epee-aegon-roman.jpg","contentUrl":"https:\/\/repliquemangacine.fr\/wp-content\/uploads\/2024\/03\/epee-aegon-roman.jpg","width":500,"height":500,"caption":"Ep\u00e9e d'Aegon House of the Dragon"},{"@type":"BreadcrumbList","@id":"https:\/\/repliquemangacine.fr\/house-of-the-dragon\/epee-d-aegon-house-of-the-dragon\/#breadcrumb","itemListElement":[{"@type":"ListItem","position":1,"name":"Accueil","item":"https:\/\/repliquemangacine.fr\/"},{"@type":"ListItem","position":2,"name":"Produits","item":"https:\/\/repliquemangacine.fr\/boutique\/"},{"@type":"ListItem","position":3,"name":"Ep\u00e9e d&#8217;Aegon &#8211; Version Roman"}]},{"@type":"WebSite","@id":"https:\/\/repliquemangacine.fr\/#website","url":"https:\/\/repliquemangacine.fr\/","name":"R\u00e9plique Manga Cin\u00e9","description":"","publisher":{"@id":"https:\/\/repliquemangacine.fr\/#organization"},"potentialAction":[{"@type":"SearchAction","target":{"@type":"EntryPoint","urlTemplate":"https:\/\/repliquemangacine.fr\/?s={search_term_string}"},"query-input":{"@type":"PropertyValueSpecification","valueRequired":true,"valueName":"search_term_string"}}],"inLanguage":"it-IT"},{"@type":"Organization","@id":"https:\/\/repliquemangacine.fr\/#organization","name":"R\u00e9plique Manga Cin\u00e9","url":"https:\/\/repliquemangacine.fr\/","logo":{"@type":"ImageObject","inLanguage":"it-IT","@id":"https:\/\/repliquemangacine.fr\/#\/schema\/logo\/image\/","url":"https:\/\/repliquemangacine.fr\/wp-content\/uploads\/2023\/10\/RMC-500250.png","contentUrl":"https:\/\/repliquemangacine.fr\/wp-content\/uploads\/2023\/10\/RMC-500250.png","width":500,"height":250,"caption":"R\u00e9plique Manga Cin\u00e9"},"image":{"@id":"https:\/\/repliquemangacine.fr\/#\/schema\/logo\/image\/"},"sameAs":["https:\/\/www.facebook.com\/RepliqueMangaCine","https:\/\/www.instagram.com\/repliquemangacine.fr\/"]}]}},"_links":{"self":[{"href":"https:\/\/repliquemangacine.fr\/it\/wp-json\/wp\/v2\/product\/70131","targetHints":{"allow":["GET"]}}],"collection":[{"href":"https:\/\/repliquemangacine.fr\/it\/wp-json\/wp\/v2\/product"}],"about":[{"href":"https:\/\/repliquemangacine.fr\/it\/wp-json\/wp\/v2\/types\/product"}],"wp:featuredmedia":[{"embeddable":true,"href":"https:\/\/repliquemangacine.fr\/it\/wp-json\/wp\/v2\/media\/70132"}],"wp:attachment":[{"href":"https:\/\/repliquemangacine.fr\/it\/wp-json\/wp\/v2\/media?parent=70131"}],"wp:term":[{"taxonomy":"product_brand","embeddable":true,"href":"https:\/\/repliquemangacine.fr\/it\/wp-json\/wp\/v2\/product_brand?post=70131"},{"taxonomy":"product_cat","embeddable":true,"href":"https:\/\/repliquemangacine.fr\/it\/wp-json\/wp\/v2\/product_cat?post=70131"},{"taxonomy":"product_tag","embeddable":true,"href":"https:\/\/repliquemangacine.fr\/it\/wp-json\/wp\/v2\/product_tag?post=70131"}],"curies":[{"name":"wp","href":"https:\/\/api.w.org\/{rel}","templated":true}]}}