





{"id":70126,"date":"2024-03-07T14:29:59","date_gmt":"2024-03-07T13:29:59","guid":{"rendered":"https:\/\/repliquemangacine.fr\/?post_type=product&#038;p=70126"},"modified":"2026-03-29T18:19:47","modified_gmt":"2026-03-29T16:19:47","slug":"spada-monopezzo-gold-rogers","status":"publish","type":"product","link":"https:\/\/repliquemangacine.fr\/it\/sabre-dabordage-de-pirate\/sabre-de-gold-rogers-one-piece\/","title":{"rendered":"Spada Rogers oro - Un pezzo"},"content":{"rendered":"<h2>Sciabola d'oro Rogers: una leggenda tagliente<\/h2>\n<p>In primo luogo, il <strong>Spada Rogers d'oro<\/strong> incarna la potenza e il mistero del leggendario Re dei Pirati in \u201cOne Piece\u201d. Chiamato Ace, \u00e8 uno dei 12 migliori spadaccini al mondo. La sua tecnica con la spada \u00e8 \u201cTr\u00e9pas divin\u201d (Morte divina), e impugna la spada con la mano destra. Roger la bilancia, creando una potente onda d'urto per colpire il suo avversario. Questa tecnica \u00e8 stata vista per la prima volta contro Kozuki Oden, colpendo il suo torace. Era abbastanza potente da schiacciare la difesa a due spade di Oden, respingendolo a grande distanza.<\/p>\n<p>Del resto, questa sciabola \u00e8 stata testimone delle battaglie pi\u00f9 dure e di avventure marittime senza pari. Rimane quindi un simbolo di forza incomparabile nel mondo dei pirati. I racconti sulla sciabola di Gold Roger evocano non solo la sua abilit\u00e0 senza pari come schermidore, ma anche la capacit\u00e0 della sciabola di attraversare i secoli, suscitando ammirazione e desiderio.<\/p>\n<p>I collezionisti e gli appassionati di anime sognano di possedere una replica di questa spada. Prova tangibile del passaggio del pi\u00f9 grande pirata che abbia mai solcato gli oceani. La reputazione della spada, proprio come quella del suo proprietario, stimola l'immaginazione dei fan. Collocandola al centro di racconti di coraggio e avventure infinite.<\/p>\n<h2>Sabre de Gold Rogers: l'unico signore dei pirati<\/h2>\n<p>Innanzitutto, Gold Roger, meglio conosciuto come Gol D. Roger. Una figura centrale e leggendaria nell'universo di \u201cOne Piece\u201d, il manga e anime creato da Eiichiro Oda. Conosciuto come il \u201cRe dei Pirati\u201d, Rogers \u00e8 colui che ha raggiunto la fine del mondo, Laughtale, l'isola del tesoro definitivo dove si trova il misterioso tesoro chiamato \u201cOne Piece\u201d.<\/p>\n<p>Verso la fine della sua vita, dopo aver appreso di essere affetto da una malattia incurabile, decise di consegnarsi alla Marina. Prima della sua esecuzione, pronunci\u00f2 le sue famose ultime parole che spinsero persone di tutto il mondo a prendere il mare alla ricerca del \u201cOne Piece\u201d. Dichiar\u00f2: \u201cIl mio tesoro? Se lo volete, potete averlo. Cercatelo! Ho lasciato tutto in un unico posto\u201d. Queste parole diedero inizio alla Grande Era dei Pirati.<\/p>\n<p>Il mistero di Gol D. Roger e del suo tesoro continua a svolgere un ruolo cruciale nel corso della serie. Nonostante la sua morte, la sua eredit\u00e0 influenza profondamente la trama, spingendo i pirati, compreso il protagonista Monkey D. Rufy, a perseguire i propri sogni e ad affrontare i pericoli della Rotta Maggiore alla ricerca del \u201c<a href=\"https:\/\/onepiece.fandom.com\/fr\/wiki\/One_Piece_Encyclop%C3%A9die\" target=\"_blank\" rel=\"noopener noreferrer\">Un pezzo<\/a>\u201c.<\/p>\n<h2>Armi leggendarie di One Piece<\/h2>\n<p>Per cominciare, l'universo di \u201cOne Piece\u201d \u00e8 ricco di armi leggendarie. Ognuna di esse racchiude le storie di battaglie storiche e guerrieri eccezionali che hanno segnato il mondo. Dalla spada di Gold Roger alle armi antiche che nascondono poteri devastanti. Va sottolineato che ogni pezzo rivela un frammento della ricca e complessa storia del mondo di \u201cOne Piece\u201d.<\/p>\n<p>\u2013 Tra queste, l\u2019<a href=\"https:\/\/repliquemangacine.fr\/it\/katana-in-metallo-monopezzo\/costume-intero-enma-katana-viola\/\">Spada Enma<\/a>, detenuta da Roronoa Zoro, si distingue per la sua capacit\u00e0 di prosciugare l'Haki di chi la usa.<\/p>\n<p>\u2013 C'\u00e8 anche Kikoku, il <a href=\"https:\/\/repliquemangacine.fr\/it\/katana-in-metallo-monopezzo\/costume-intero-katana-trafalgar-law-viola\/\">Katana della Legge di Trafalgar<\/a>, il chirurgo della morte. Grande spada maledetta dal passato oscuro.<\/p>\n<p>\u2013 Cos\u00ec come la <a href=\"https:\/\/repliquemangacine.fr\/it\/katana-in-metallo-monopezzo\/canna-da-spada-brook\/\">Bastone di Brook<\/a>, il musicista scheletrico dell'equipaggio. Va anche detto che questo elegante strumento nasconde una lama affilata.<\/p>\n<p>\u2013 Per concludere, non dimentichiamo i famosi <a href=\"https:\/\/repliquemangacine.fr\/it\/katana-in-metallo-monopezzo\/confezione-di-3-katane-di-zoro\/\">tre spade Zoro<\/a>. Insieme, queste spade illustrano il percorso di Zoro verso la maestria e la sua evoluzione come spadaccino. Infatti, ogni spada contribuisce alla sua leggenda nel mondo di \u201cOne Piece\u201d.<\/p>\n<p>In conclusione, le sue armi iconiche sono un'aggiunta essenziale alla tua collezione.<\/p>","protected":false},"excerpt":{"rendered":"<p>Superba replica della spada di Gold Rogers da One Piece<\/p>\n<ul>\n<li>Lama in acciaio decorata<\/li>\n<li>Supporto per pentole in acciaio<\/li>\n<li>Manico rivestito di treccia di cotone marrone<\/li>\n<li>Fornito con fodero a tracolla in finta pelle nera<\/li>\n<li>Lunghezza lama: 65 cm - Lunghezza totale: 95 cm<\/li>\n<li>Peso: 1395 g con fodero<\/li>\n<\/ul>","protected":false},"featured_media":70127,"template":"","meta":[],"product_brand":[],"product_cat":[123,36,115],"product_tag":[],"class_list":{"0":"post-70126","1":"product","2":"type-product","3":"status-publish","4":"has-post-thumbnail","6":"product_cat-katana-en-metal-one-piece","7":"product_cat-katana-one-piece","8":"product_cat-sabre-dabordage-de-pirate","10":"first","11":"instock","12":"taxable","13":"shipping-taxable","14":"purchasable","15":"product-type-simple"},"yoast_head":"<!-- This site is optimized with the Yoast SEO plugin v27.5 - https:\/\/yoast.com\/product\/yoast-seo-wordpress\/ -->\n<title>Sabre de Gold Rogers - One Piece - \u00c9p\u00e9e Ace | RMC<\/title>\n<meta name=\"description\" content=\"D\u00e9couvrez cette r\u00e9plique du Sabre de Gold Rogers dans One Piece au meilleur prix. Lame en acier d\u00e9cor\u00e9. Fourreau similicuir noir. Longueur : 95 cm\" \/>\n<meta name=\"robots\" content=\"index, follow, max-snippet:-1, max-image-preview:large, max-video-preview:-1\" \/>\n<link rel=\"canonical\" href=\"https:\/\/repliquemangacine.fr\/it\/spada-pirata\/spada-monopezzo-gold-rogers\/\" \/>\n<meta property=\"og:locale\" content=\"it_IT\" \/>\n<meta property=\"og:type\" content=\"article\" \/>\n<meta property=\"og:title\" content=\"Sabre de Gold Rogers - One Piece - \u00c9p\u00e9e Ace | RMC\" \/>\n<meta property=\"og:description\" content=\"D\u00e9couvrez cette r\u00e9plique du Sabre de Gold Rogers dans One Piece au meilleur prix. Lame en acier d\u00e9cor\u00e9. Fourreau similicuir noir. Longueur : 95 cm\" \/>\n<meta property=\"og:url\" content=\"https:\/\/repliquemangacine.fr\/it\/spada-pirata\/spada-monopezzo-gold-rogers\/\" \/>\n<meta property=\"og:site_name\" content=\"R\u00e9plique Manga Cin\u00e9\" \/>\n<meta property=\"article:publisher\" content=\"https:\/\/www.facebook.com\/RepliqueMangaCine\" \/>\n<meta property=\"article:modified_time\" content=\"2026-03-29T16:19:47+00:00\" \/>\n<meta property=\"og:image\" content=\"https:\/\/repliquemangacine.fr\/wp-content\/uploads\/2024\/03\/Epee-de-Gold-rogers.jpg\" \/>\n\t<meta property=\"og:image:width\" content=\"500\" \/>\n\t<meta property=\"og:image:height\" content=\"500\" \/>\n\t<meta property=\"og:image:type\" content=\"image\/jpeg\" \/>\n<meta name=\"twitter:card\" content=\"summary_large_image\" \/>\n<meta name=\"twitter:label1\" content=\"Tempo di lettura stimato\" \/>\n\t<meta name=\"twitter:data1\" content=\"4 minuti\" \/>\n<script type=\"application\/ld+json\" class=\"yoast-schema-graph\">{\"@context\":\"https:\\\/\\\/schema.org\",\"@graph\":[{\"@type\":\"WebPage\",\"@id\":\"https:\\\/\\\/repliquemangacine.fr\\\/sabre-dabordage-de-pirate\\\/sabre-de-gold-rogers-one-piece\\\/\",\"url\":\"https:\\\/\\\/repliquemangacine.fr\\\/sabre-dabordage-de-pirate\\\/sabre-de-gold-rogers-one-piece\\\/\",\"name\":\"Sabre de Gold Rogers - One Piece - \u00c9p\u00e9e Ace | RMC\",\"isPartOf\":{\"@id\":\"https:\\\/\\\/repliquemangacine.fr\\\/#website\"},\"primaryImageOfPage\":{\"@id\":\"https:\\\/\\\/repliquemangacine.fr\\\/sabre-dabordage-de-pirate\\\/sabre-de-gold-rogers-one-piece\\\/#primaryimage\"},\"image\":{\"@id\":\"https:\\\/\\\/repliquemangacine.fr\\\/sabre-dabordage-de-pirate\\\/sabre-de-gold-rogers-one-piece\\\/#primaryimage\"},\"thumbnailUrl\":\"https:\\\/\\\/repliquemangacine.fr\\\/wp-content\\\/uploads\\\/2024\\\/03\\\/Epee-de-Gold-rogers.jpg\",\"datePublished\":\"2024-03-07T13:29:59+00:00\",\"dateModified\":\"2026-03-29T16:19:47+00:00\",\"description\":\"D\u00e9couvrez cette r\u00e9plique du Sabre de Gold Rogers dans One Piece au meilleur prix. Lame en acier d\u00e9cor\u00e9. Fourreau similicuir noir. Longueur : 95 cm\",\"breadcrumb\":{\"@id\":\"https:\\\/\\\/repliquemangacine.fr\\\/sabre-dabordage-de-pirate\\\/sabre-de-gold-rogers-one-piece\\\/#breadcrumb\"},\"inLanguage\":\"it-IT\",\"potentialAction\":[{\"@type\":\"ReadAction\",\"target\":[\"https:\\\/\\\/repliquemangacine.fr\\\/sabre-dabordage-de-pirate\\\/sabre-de-gold-rogers-one-piece\\\/\"]}]},{\"@type\":\"ImageObject\",\"inLanguage\":\"it-IT\",\"@id\":\"https:\\\/\\\/repliquemangacine.fr\\\/sabre-dabordage-de-pirate\\\/sabre-de-gold-rogers-one-piece\\\/#primaryimage\",\"url\":\"https:\\\/\\\/repliquemangacine.fr\\\/wp-content\\\/uploads\\\/2024\\\/03\\\/Epee-de-Gold-rogers.jpg\",\"contentUrl\":\"https:\\\/\\\/repliquemangacine.fr\\\/wp-content\\\/uploads\\\/2024\\\/03\\\/Epee-de-Gold-rogers.jpg\",\"width\":500,\"height\":500,\"caption\":\"Sabre Gold Rogers dans One Piece\"},{\"@type\":\"BreadcrumbList\",\"@id\":\"https:\\\/\\\/repliquemangacine.fr\\\/sabre-dabordage-de-pirate\\\/sabre-de-gold-rogers-one-piece\\\/#breadcrumb\",\"itemListElement\":[{\"@type\":\"ListItem\",\"position\":1,\"name\":\"Accueil\",\"item\":\"https:\\\/\\\/repliquemangacine.fr\\\/\"},{\"@type\":\"ListItem\",\"position\":2,\"name\":\"Produits\",\"item\":\"https:\\\/\\\/repliquemangacine.fr\\\/boutique\\\/\"},{\"@type\":\"ListItem\",\"position\":3,\"name\":\"Sabre de Gold Rogers &#8211; One Piece\"}]},{\"@type\":\"WebSite\",\"@id\":\"https:\\\/\\\/repliquemangacine.fr\\\/#website\",\"url\":\"https:\\\/\\\/repliquemangacine.fr\\\/\",\"name\":\"R\u00e9plique Manga Cin\u00e9\",\"description\":\"\",\"publisher\":{\"@id\":\"https:\\\/\\\/repliquemangacine.fr\\\/#organization\"},\"potentialAction\":[{\"@type\":\"SearchAction\",\"target\":{\"@type\":\"EntryPoint\",\"urlTemplate\":\"https:\\\/\\\/repliquemangacine.fr\\\/?s={search_term_string}\"},\"query-input\":{\"@type\":\"PropertyValueSpecification\",\"valueRequired\":true,\"valueName\":\"search_term_string\"}}],\"inLanguage\":\"it-IT\"},{\"@type\":\"Organization\",\"@id\":\"https:\\\/\\\/repliquemangacine.fr\\\/#organization\",\"name\":\"R\u00e9plique Manga Cin\u00e9\",\"url\":\"https:\\\/\\\/repliquemangacine.fr\\\/\",\"logo\":{\"@type\":\"ImageObject\",\"inLanguage\":\"it-IT\",\"@id\":\"https:\\\/\\\/repliquemangacine.fr\\\/#\\\/schema\\\/logo\\\/image\\\/\",\"url\":\"https:\\\/\\\/repliquemangacine.fr\\\/wp-content\\\/uploads\\\/2023\\\/10\\\/RMC-500250.png\",\"contentUrl\":\"https:\\\/\\\/repliquemangacine.fr\\\/wp-content\\\/uploads\\\/2023\\\/10\\\/RMC-500250.png\",\"width\":500,\"height\":250,\"caption\":\"R\u00e9plique Manga Cin\u00e9\"},\"image\":{\"@id\":\"https:\\\/\\\/repliquemangacine.fr\\\/#\\\/schema\\\/logo\\\/image\\\/\"},\"sameAs\":[\"https:\\\/\\\/www.facebook.com\\\/RepliqueMangaCine\",\"https:\\\/\\\/www.instagram.com\\\/repliquemangacine.fr\\\/\"]}]}<\/script>\n<!-- \/ Yoast SEO plugin. -->","yoast_head_json":{"title":"Spada Rogers oro - One Piece - Ace Sword | RMC","description":"Scoprite questa replica della spada di Gold Rogers in One Piece al miglior prezzo. Lama in acciaio decorata. Fodero in similpelle nera. Lunghezza: 95 cm.","robots":{"index":"index","follow":"follow","max-snippet":"max-snippet:-1","max-image-preview":"max-image-preview:large","max-video-preview":"max-video-preview:-1"},"canonical":"https:\/\/repliquemangacine.fr\/it\/spada-pirata\/spada-monopezzo-gold-rogers\/","og_locale":"it_IT","og_type":"article","og_title":"Sabre de Gold Rogers - One Piece - \u00c9p\u00e9e Ace | RMC","og_description":"D\u00e9couvrez cette r\u00e9plique du Sabre de Gold Rogers dans One Piece au meilleur prix. Lame en acier d\u00e9cor\u00e9. Fourreau similicuir noir. Longueur : 95 cm","og_url":"https:\/\/repliquemangacine.fr\/it\/spada-pirata\/spada-monopezzo-gold-rogers\/","og_site_name":"R\u00e9plique Manga Cin\u00e9","article_publisher":"https:\/\/www.facebook.com\/RepliqueMangaCine","article_modified_time":"2026-03-29T16:19:47+00:00","og_image":[{"width":500,"height":500,"url":"https:\/\/repliquemangacine.fr\/wp-content\/uploads\/2024\/03\/Epee-de-Gold-rogers.jpg","type":"image\/jpeg"}],"twitter_card":"summary_large_image","twitter_misc":{"Tempo di lettura stimato":"4 minuti"},"schema":{"@context":"https:\/\/schema.org","@graph":[{"@type":"WebPage","@id":"https:\/\/repliquemangacine.fr\/sabre-dabordage-de-pirate\/sabre-de-gold-rogers-one-piece\/","url":"https:\/\/repliquemangacine.fr\/sabre-dabordage-de-pirate\/sabre-de-gold-rogers-one-piece\/","name":"Spada Rogers oro - One Piece - Ace Sword | RMC","isPartOf":{"@id":"https:\/\/repliquemangacine.fr\/#website"},"primaryImageOfPage":{"@id":"https:\/\/repliquemangacine.fr\/sabre-dabordage-de-pirate\/sabre-de-gold-rogers-one-piece\/#primaryimage"},"image":{"@id":"https:\/\/repliquemangacine.fr\/sabre-dabordage-de-pirate\/sabre-de-gold-rogers-one-piece\/#primaryimage"},"thumbnailUrl":"https:\/\/repliquemangacine.fr\/wp-content\/uploads\/2024\/03\/Epee-de-Gold-rogers.jpg","datePublished":"2024-03-07T13:29:59+00:00","dateModified":"2026-03-29T16:19:47+00:00","description":"Scoprite questa replica della spada di Gold Rogers in One Piece al miglior prezzo. Lama in acciaio decorata. Fodero in similpelle nera. Lunghezza: 95 cm.","breadcrumb":{"@id":"https:\/\/repliquemangacine.fr\/sabre-dabordage-de-pirate\/sabre-de-gold-rogers-one-piece\/#breadcrumb"},"inLanguage":"it-IT","potentialAction":[{"@type":"ReadAction","target":["https:\/\/repliquemangacine.fr\/sabre-dabordage-de-pirate\/sabre-de-gold-rogers-one-piece\/"]}]},{"@type":"ImageObject","inLanguage":"it-IT","@id":"https:\/\/repliquemangacine.fr\/sabre-dabordage-de-pirate\/sabre-de-gold-rogers-one-piece\/#primaryimage","url":"https:\/\/repliquemangacine.fr\/wp-content\/uploads\/2024\/03\/Epee-de-Gold-rogers.jpg","contentUrl":"https:\/\/repliquemangacine.fr\/wp-content\/uploads\/2024\/03\/Epee-de-Gold-rogers.jpg","width":500,"height":500,"caption":"Sabre Gold Rogers dans One Piece"},{"@type":"BreadcrumbList","@id":"https:\/\/repliquemangacine.fr\/sabre-dabordage-de-pirate\/sabre-de-gold-rogers-one-piece\/#breadcrumb","itemListElement":[{"@type":"ListItem","position":1,"name":"Accueil","item":"https:\/\/repliquemangacine.fr\/"},{"@type":"ListItem","position":2,"name":"Produits","item":"https:\/\/repliquemangacine.fr\/boutique\/"},{"@type":"ListItem","position":3,"name":"Sabre de Gold Rogers &#8211; One Piece"}]},{"@type":"WebSite","@id":"https:\/\/repliquemangacine.fr\/#website","url":"https:\/\/repliquemangacine.fr\/","name":"R\u00e9plique Manga Cin\u00e9","description":"","publisher":{"@id":"https:\/\/repliquemangacine.fr\/#organization"},"potentialAction":[{"@type":"SearchAction","target":{"@type":"EntryPoint","urlTemplate":"https:\/\/repliquemangacine.fr\/?s={search_term_string}"},"query-input":{"@type":"PropertyValueSpecification","valueRequired":true,"valueName":"search_term_string"}}],"inLanguage":"it-IT"},{"@type":"Organization","@id":"https:\/\/repliquemangacine.fr\/#organization","name":"R\u00e9plique Manga Cin\u00e9","url":"https:\/\/repliquemangacine.fr\/","logo":{"@type":"ImageObject","inLanguage":"it-IT","@id":"https:\/\/repliquemangacine.fr\/#\/schema\/logo\/image\/","url":"https:\/\/repliquemangacine.fr\/wp-content\/uploads\/2023\/10\/RMC-500250.png","contentUrl":"https:\/\/repliquemangacine.fr\/wp-content\/uploads\/2023\/10\/RMC-500250.png","width":500,"height":250,"caption":"R\u00e9plique Manga Cin\u00e9"},"image":{"@id":"https:\/\/repliquemangacine.fr\/#\/schema\/logo\/image\/"},"sameAs":["https:\/\/www.facebook.com\/RepliqueMangaCine","https:\/\/www.instagram.com\/repliquemangacine.fr\/"]}]}},"_links":{"self":[{"href":"https:\/\/repliquemangacine.fr\/it\/wp-json\/wp\/v2\/product\/70126","targetHints":{"allow":["GET"]}}],"collection":[{"href":"https:\/\/repliquemangacine.fr\/it\/wp-json\/wp\/v2\/product"}],"about":[{"href":"https:\/\/repliquemangacine.fr\/it\/wp-json\/wp\/v2\/types\/product"}],"wp:featuredmedia":[{"embeddable":true,"href":"https:\/\/repliquemangacine.fr\/it\/wp-json\/wp\/v2\/media\/70127"}],"wp:attachment":[{"href":"https:\/\/repliquemangacine.fr\/it\/wp-json\/wp\/v2\/media?parent=70126"}],"wp:term":[{"taxonomy":"product_brand","embeddable":true,"href":"https:\/\/repliquemangacine.fr\/it\/wp-json\/wp\/v2\/product_brand?post=70126"},{"taxonomy":"product_cat","embeddable":true,"href":"https:\/\/repliquemangacine.fr\/it\/wp-json\/wp\/v2\/product_cat?post=70126"},{"taxonomy":"product_tag","embeddable":true,"href":"https:\/\/repliquemangacine.fr\/it\/wp-json\/wp\/v2\/product_tag?post=70126"}],"curies":[{"name":"wp","href":"https:\/\/api.w.org\/{rel}","templated":true}]}}