





{"id":70104,"date":"2024-03-06T19:12:38","date_gmt":"2024-03-06T18:12:38","guid":{"rendered":"https:\/\/repliquemangacine.fr\/?post_type=product&#038;p=70104"},"modified":"2026-04-17T16:10:04","modified_gmt":"2026-04-17T14:10:04","slug":"spada-sorella-scura-casa-del-drago","status":"publish","type":"product","link":"https:\/\/repliquemangacine.fr\/it\/house-of-the-dragon\/epee-dark-sister-house-of-the-dragon\/","title":{"rendered":"Spada della Sorella Oscura - Casa del Drago"},"content":{"rendered":"<h2>Spada della Sorella Oscura : Lama del potere<\/h2>\n<p>In primo luogo, il<strong>Spada della Sorella Oscura<\/strong> (Sorella Nera), un'arma iconica ricca di storia e potere. Nell'universo della Casa del Drago, questa lama leggendaria, forgiata in acciaio di Valyria, \u00e8 pi\u00f9 di una semplice arma. \u00c8 un simbolo dell'eredit\u00e0 Targaryen, un testimone delle battaglie e degli intrighi che costituiscono il tessuto di questa epica saga.<\/p>\n<p><a href=\"https:\/\/gameofthrones.fandom.com\/wiki\/Dark_Sister\" target=\"_blank\" rel=\"noopener noreferrer\">Sorella scura<\/a>, originariamente brandita da Visenya Targaryen, una delle sorelle-mogli di Aegon il Conquistatore. Grande guerriera, la utilizzava in battaglia e per cavalcare il suo drago, Vhagar. Questa spada, dal filo incomparabile e dalla bellezza oscura, \u00e8 stata testimone dei primi giorni del dominio dei Targaryen sul continente. Nel corso dei secoli, \u00e8 stata tramandata di generazione in generazione, scegliendo portatori degni della sua eredit\u00e0 e del suo potere.<\/p>\n<p>Ecco perch\u00e9, durante il regno di Viserys I, circa sessant'anni dopo la morte di Visenya, Dark Sister fu donata a Daemon Targaryen, fratello minore del re Viserys I Targaryen.<\/p>\n<h2>Dark Sister sword: caratteristiche e simboli<\/h2>\n<p>Forgiata nel misterioso acciaio di Valyria, Sorella Nera \u00e8 rinomata per il suo filo tagliente. Capace di fendere anche le armature pi\u00f9 robuste e nota per la sua eccezionale resistenza. Il suo aspetto \u00e8 sorprendente quanto le sue capacit\u00e0. Con motivi in rilievo che sembrano danzare sulla lama alla luce. Come tutte le spade in acciaio di Valyria, \u00e8 leggera, quasi un'estensione della mano di chi la impugna. Offre una precisione e una rapidit\u00e0 senza pari.<\/p>\n<p>Dark Sister \u00e8 pi\u00f9 di un'arma, \u00e8 un simbolo della profondit\u00e0 storica e culturale dei Targaryen. Scegliere di portare Dark Sister significa incarnare lo spirito combattivo e la resilienza della casata dei Targaryen. In House of the Dragon, questa spada ricorda le lotte interne e i conflitti di potere che caratterizzano la dinastia dei Targaryen, mettendo in luce i temi della legittimit\u00e0, del potere e del destino che attraversano la serie.<\/p>\n<h2>Spade nella Casa del Drago<\/h2>\n<p>In House of the Dragon, Dark Sister \u00e8 pi\u00f9 di un semplice personaggio secondario. \u00c8 chiaramente un personaggio a s\u00e9 stante, con una sua storia, un suo carattere e un suo impatto sul corso degli eventi. La sua presenza sullo schermo \u00e8 un costante richiamo all'eredit\u00e0 e al potere dei Targaryen. \u00c8 anche un simbolo dei legami indissolubili che uniscono i membri di questa tumultuosa famiglia, nel bene e nel male.<\/p>\n<p>Ma non \u00e8 l'unica spada, c'\u00e8 anche l\u2019<a href=\"https:\/\/repliquemangacine.fr\/it\/nuovi-prodotti\/spada-feunoyr-viserys-targaryen\/\">Spada di Feunoyr<\/a> di Viserys Targaryen. Una leggendaria spada lunga in acciaio valyriano brandita da Aegon il Conquistatore.  C'\u00e8 anche la spada di Aegon, ma secondo la versione del romanzo. Troviamo anche la <a href=\"https:\/\/repliquemangacine.fr\/it\/casa-del-drago\/replica-pugnale-catspaw-game-of-thrones\/\">Pugnale Catspaw<\/a>, nelle mani del re Viserys. Spiega a Rhaenyra che questo pugnale apparteneva ad Aegon il Conquistatore. E prima ancora ad Aenar Targaryen.<\/p>\n<p>In conclusione, Dark Sister \u00e8 un manufatto di grande importanza in House of the Dragon. Questo la rende un pezzo fondamentale della tua collezione.<\/p>","protected":false},"excerpt":{"rendered":"<p>Splendida replica della spada di Daemon Targaryen nella Casa del Dragone<\/p>\n<ul>\n<li>Lama in acciaio martellato in stile valyriano<\/li>\n<li>Protezione in acciaio a forma di ali di drago<\/li>\n<li>Manopola in acciaio appositamente sagomata<\/li>\n<li>Fornito con staffa da parete in legno con logo Targaryen<\/li>\n<li>Lunghezza lama: 80 cm - Lunghezza totale: 107 cm<\/li>\n<li>Peso: 1 kg<\/li>\n<\/ul>","protected":false},"featured_media":70137,"template":"","meta":[],"product_brand":[],"product_cat":[72,105],"product_tag":[],"class_list":{"0":"post-70104","1":"product","2":"type-product","3":"status-publish","4":"has-post-thumbnail","6":"product_cat-epees-game-of-thrones","7":"product_cat-house-of-the-dragon","9":"first","10":"instock","11":"taxable","12":"shipping-taxable","13":"purchasable","14":"product-type-simple"},"yoast_head":"<!-- This site is optimized with the Yoast SEO plugin v27.4 - https:\/\/yoast.com\/product\/yoast-seo-wordpress\/ -->\n<title>Ep\u00e9e Dark Sister - House of the Dragon | RMC<\/title>\n<meta name=\"description\" content=\"Venez d\u00e9couvrir cette superbe Ep\u00e9e Dark Sister dans House of the Dragon. Lame en acier style Valyrien. Support bois avec logo. Longueur : 107 cm\" \/>\n<meta name=\"robots\" content=\"index, follow, max-snippet:-1, max-image-preview:large, max-video-preview:-1\" \/>\n<link rel=\"canonical\" href=\"https:\/\/repliquemangacine.fr\/it\/casa-del-drago\/spada-sorella-scura-casa-del-drago\/\" \/>\n<meta property=\"og:locale\" content=\"it_IT\" \/>\n<meta property=\"og:type\" content=\"article\" \/>\n<meta property=\"og:title\" content=\"Ep\u00e9e Dark Sister - House of the Dragon | RMC\" \/>\n<meta property=\"og:description\" content=\"Venez d\u00e9couvrir cette superbe Ep\u00e9e Dark Sister dans House of the Dragon. Lame en acier style Valyrien. Support bois avec logo. Longueur : 107 cm\" \/>\n<meta property=\"og:url\" content=\"https:\/\/repliquemangacine.fr\/it\/casa-del-drago\/spada-sorella-scura-casa-del-drago\/\" \/>\n<meta property=\"og:site_name\" content=\"R\u00e9plique Manga Cin\u00e9\" \/>\n<meta property=\"article:publisher\" content=\"https:\/\/www.facebook.com\/RepliqueMangaCine\" \/>\n<meta property=\"article:modified_time\" content=\"2026-04-17T14:10:04+00:00\" \/>\n<meta property=\"og:image\" content=\"https:\/\/repliquemangacine.fr\/wp-content\/uploads\/2024\/03\/Epee-Dark-Sister-1.jpg\" \/>\n\t<meta property=\"og:image:width\" content=\"500\" \/>\n\t<meta property=\"og:image:height\" content=\"500\" \/>\n\t<meta property=\"og:image:type\" content=\"image\/jpeg\" \/>\n<meta name=\"twitter:card\" content=\"summary_large_image\" \/>\n<meta name=\"twitter:label1\" content=\"Tempo di lettura stimato\" \/>\n\t<meta name=\"twitter:data1\" content=\"3 minuti\" \/>\n<script type=\"application\/ld+json\" class=\"yoast-schema-graph\">{\"@context\":\"https:\\\/\\\/schema.org\",\"@graph\":[{\"@type\":\"WebPage\",\"@id\":\"https:\\\/\\\/repliquemangacine.fr\\\/house-of-the-dragon\\\/epee-dark-sister-house-of-the-dragon\\\/\",\"url\":\"https:\\\/\\\/repliquemangacine.fr\\\/house-of-the-dragon\\\/epee-dark-sister-house-of-the-dragon\\\/\",\"name\":\"Ep\u00e9e Dark Sister - House of the Dragon | RMC\",\"isPartOf\":{\"@id\":\"https:\\\/\\\/repliquemangacine.fr\\\/#website\"},\"primaryImageOfPage\":{\"@id\":\"https:\\\/\\\/repliquemangacine.fr\\\/house-of-the-dragon\\\/epee-dark-sister-house-of-the-dragon\\\/#primaryimage\"},\"image\":{\"@id\":\"https:\\\/\\\/repliquemangacine.fr\\\/house-of-the-dragon\\\/epee-dark-sister-house-of-the-dragon\\\/#primaryimage\"},\"thumbnailUrl\":\"https:\\\/\\\/repliquemangacine.fr\\\/wp-content\\\/uploads\\\/2024\\\/03\\\/Epee-Dark-Sister-1.jpg\",\"datePublished\":\"2024-03-06T18:12:38+00:00\",\"dateModified\":\"2026-04-17T14:10:04+00:00\",\"description\":\"Venez d\u00e9couvrir cette superbe Ep\u00e9e Dark Sister dans House of the Dragon. Lame en acier style Valyrien. Support bois avec logo. Longueur : 107 cm\",\"breadcrumb\":{\"@id\":\"https:\\\/\\\/repliquemangacine.fr\\\/house-of-the-dragon\\\/epee-dark-sister-house-of-the-dragon\\\/#breadcrumb\"},\"inLanguage\":\"it-IT\",\"potentialAction\":[{\"@type\":\"ReadAction\",\"target\":[\"https:\\\/\\\/repliquemangacine.fr\\\/house-of-the-dragon\\\/epee-dark-sister-house-of-the-dragon\\\/\"]}]},{\"@type\":\"ImageObject\",\"inLanguage\":\"it-IT\",\"@id\":\"https:\\\/\\\/repliquemangacine.fr\\\/house-of-the-dragon\\\/epee-dark-sister-house-of-the-dragon\\\/#primaryimage\",\"url\":\"https:\\\/\\\/repliquemangacine.fr\\\/wp-content\\\/uploads\\\/2024\\\/03\\\/Epee-Dark-Sister-1.jpg\",\"contentUrl\":\"https:\\\/\\\/repliquemangacine.fr\\\/wp-content\\\/uploads\\\/2024\\\/03\\\/Epee-Dark-Sister-1.jpg\",\"width\":500,\"height\":500,\"caption\":\"Ep\u00e9e Dark Sister House of the dragon\"},{\"@type\":\"BreadcrumbList\",\"@id\":\"https:\\\/\\\/repliquemangacine.fr\\\/house-of-the-dragon\\\/epee-dark-sister-house-of-the-dragon\\\/#breadcrumb\",\"itemListElement\":[{\"@type\":\"ListItem\",\"position\":1,\"name\":\"Accueil\",\"item\":\"https:\\\/\\\/repliquemangacine.fr\\\/\"},{\"@type\":\"ListItem\",\"position\":2,\"name\":\"Produits\",\"item\":\"https:\\\/\\\/repliquemangacine.fr\\\/boutique\\\/\"},{\"@type\":\"ListItem\",\"position\":3,\"name\":\"Ep\u00e9e Dark Sister &#8211; House of the Dragon\"}]},{\"@type\":\"WebSite\",\"@id\":\"https:\\\/\\\/repliquemangacine.fr\\\/#website\",\"url\":\"https:\\\/\\\/repliquemangacine.fr\\\/\",\"name\":\"R\u00e9plique Manga Cin\u00e9\",\"description\":\"\",\"publisher\":{\"@id\":\"https:\\\/\\\/repliquemangacine.fr\\\/#organization\"},\"potentialAction\":[{\"@type\":\"SearchAction\",\"target\":{\"@type\":\"EntryPoint\",\"urlTemplate\":\"https:\\\/\\\/repliquemangacine.fr\\\/?s={search_term_string}\"},\"query-input\":{\"@type\":\"PropertyValueSpecification\",\"valueRequired\":true,\"valueName\":\"search_term_string\"}}],\"inLanguage\":\"it-IT\"},{\"@type\":\"Organization\",\"@id\":\"https:\\\/\\\/repliquemangacine.fr\\\/#organization\",\"name\":\"R\u00e9plique Manga Cin\u00e9\",\"url\":\"https:\\\/\\\/repliquemangacine.fr\\\/\",\"logo\":{\"@type\":\"ImageObject\",\"inLanguage\":\"it-IT\",\"@id\":\"https:\\\/\\\/repliquemangacine.fr\\\/#\\\/schema\\\/logo\\\/image\\\/\",\"url\":\"https:\\\/\\\/repliquemangacine.fr\\\/wp-content\\\/uploads\\\/2023\\\/10\\\/RMC-500250.png\",\"contentUrl\":\"https:\\\/\\\/repliquemangacine.fr\\\/wp-content\\\/uploads\\\/2023\\\/10\\\/RMC-500250.png\",\"width\":500,\"height\":250,\"caption\":\"R\u00e9plique Manga Cin\u00e9\"},\"image\":{\"@id\":\"https:\\\/\\\/repliquemangacine.fr\\\/#\\\/schema\\\/logo\\\/image\\\/\"},\"sameAs\":[\"https:\\\/\\\/www.facebook.com\\\/RepliqueMangaCine\",\"https:\\\/\\\/www.instagram.com\\\/repliquemangacine.fr\\\/\"]}]}<\/script>\n<!-- \/ Yoast SEO plugin. -->","yoast_head_json":{"title":"Spada Sorella Oscura - Casa del Drago | RMC","description":"Scoprite questa superba spada della Sorella Oscura della Casa del Drago. Lama in acciaio in stile valyriano. Supporto in legno con logo. Lunghezza: 107 cm","robots":{"index":"index","follow":"follow","max-snippet":"max-snippet:-1","max-image-preview":"max-image-preview:large","max-video-preview":"max-video-preview:-1"},"canonical":"https:\/\/repliquemangacine.fr\/it\/casa-del-drago\/spada-sorella-scura-casa-del-drago\/","og_locale":"it_IT","og_type":"article","og_title":"Ep\u00e9e Dark Sister - House of the Dragon | RMC","og_description":"Venez d\u00e9couvrir cette superbe Ep\u00e9e Dark Sister dans House of the Dragon. Lame en acier style Valyrien. Support bois avec logo. Longueur : 107 cm","og_url":"https:\/\/repliquemangacine.fr\/it\/casa-del-drago\/spada-sorella-scura-casa-del-drago\/","og_site_name":"R\u00e9plique Manga Cin\u00e9","article_publisher":"https:\/\/www.facebook.com\/RepliqueMangaCine","article_modified_time":"2026-04-17T14:10:04+00:00","og_image":[{"width":500,"height":500,"url":"https:\/\/repliquemangacine.fr\/wp-content\/uploads\/2024\/03\/Epee-Dark-Sister-1.jpg","type":"image\/jpeg"}],"twitter_card":"summary_large_image","twitter_misc":{"Tempo di lettura stimato":"3 minuti"},"schema":{"@context":"https:\/\/schema.org","@graph":[{"@type":"WebPage","@id":"https:\/\/repliquemangacine.fr\/house-of-the-dragon\/epee-dark-sister-house-of-the-dragon\/","url":"https:\/\/repliquemangacine.fr\/house-of-the-dragon\/epee-dark-sister-house-of-the-dragon\/","name":"Spada Sorella Oscura - Casa del Drago | RMC","isPartOf":{"@id":"https:\/\/repliquemangacine.fr\/#website"},"primaryImageOfPage":{"@id":"https:\/\/repliquemangacine.fr\/house-of-the-dragon\/epee-dark-sister-house-of-the-dragon\/#primaryimage"},"image":{"@id":"https:\/\/repliquemangacine.fr\/house-of-the-dragon\/epee-dark-sister-house-of-the-dragon\/#primaryimage"},"thumbnailUrl":"https:\/\/repliquemangacine.fr\/wp-content\/uploads\/2024\/03\/Epee-Dark-Sister-1.jpg","datePublished":"2024-03-06T18:12:38+00:00","dateModified":"2026-04-17T14:10:04+00:00","description":"Scoprite questa superba spada della Sorella Oscura della Casa del Drago. Lama in acciaio in stile valyriano. Supporto in legno con logo. Lunghezza: 107 cm","breadcrumb":{"@id":"https:\/\/repliquemangacine.fr\/house-of-the-dragon\/epee-dark-sister-house-of-the-dragon\/#breadcrumb"},"inLanguage":"it-IT","potentialAction":[{"@type":"ReadAction","target":["https:\/\/repliquemangacine.fr\/house-of-the-dragon\/epee-dark-sister-house-of-the-dragon\/"]}]},{"@type":"ImageObject","inLanguage":"it-IT","@id":"https:\/\/repliquemangacine.fr\/house-of-the-dragon\/epee-dark-sister-house-of-the-dragon\/#primaryimage","url":"https:\/\/repliquemangacine.fr\/wp-content\/uploads\/2024\/03\/Epee-Dark-Sister-1.jpg","contentUrl":"https:\/\/repliquemangacine.fr\/wp-content\/uploads\/2024\/03\/Epee-Dark-Sister-1.jpg","width":500,"height":500,"caption":"Ep\u00e9e Dark Sister House of the dragon"},{"@type":"BreadcrumbList","@id":"https:\/\/repliquemangacine.fr\/house-of-the-dragon\/epee-dark-sister-house-of-the-dragon\/#breadcrumb","itemListElement":[{"@type":"ListItem","position":1,"name":"Accueil","item":"https:\/\/repliquemangacine.fr\/"},{"@type":"ListItem","position":2,"name":"Produits","item":"https:\/\/repliquemangacine.fr\/boutique\/"},{"@type":"ListItem","position":3,"name":"Ep\u00e9e Dark Sister &#8211; House of the Dragon"}]},{"@type":"WebSite","@id":"https:\/\/repliquemangacine.fr\/#website","url":"https:\/\/repliquemangacine.fr\/","name":"R\u00e9plique Manga Cin\u00e9","description":"","publisher":{"@id":"https:\/\/repliquemangacine.fr\/#organization"},"potentialAction":[{"@type":"SearchAction","target":{"@type":"EntryPoint","urlTemplate":"https:\/\/repliquemangacine.fr\/?s={search_term_string}"},"query-input":{"@type":"PropertyValueSpecification","valueRequired":true,"valueName":"search_term_string"}}],"inLanguage":"it-IT"},{"@type":"Organization","@id":"https:\/\/repliquemangacine.fr\/#organization","name":"R\u00e9plique Manga Cin\u00e9","url":"https:\/\/repliquemangacine.fr\/","logo":{"@type":"ImageObject","inLanguage":"it-IT","@id":"https:\/\/repliquemangacine.fr\/#\/schema\/logo\/image\/","url":"https:\/\/repliquemangacine.fr\/wp-content\/uploads\/2023\/10\/RMC-500250.png","contentUrl":"https:\/\/repliquemangacine.fr\/wp-content\/uploads\/2023\/10\/RMC-500250.png","width":500,"height":250,"caption":"R\u00e9plique Manga Cin\u00e9"},"image":{"@id":"https:\/\/repliquemangacine.fr\/#\/schema\/logo\/image\/"},"sameAs":["https:\/\/www.facebook.com\/RepliqueMangaCine","https:\/\/www.instagram.com\/repliquemangacine.fr\/"]}]}},"_links":{"self":[{"href":"https:\/\/repliquemangacine.fr\/it\/wp-json\/wp\/v2\/product\/70104","targetHints":{"allow":["GET"]}}],"collection":[{"href":"https:\/\/repliquemangacine.fr\/it\/wp-json\/wp\/v2\/product"}],"about":[{"href":"https:\/\/repliquemangacine.fr\/it\/wp-json\/wp\/v2\/types\/product"}],"wp:featuredmedia":[{"embeddable":true,"href":"https:\/\/repliquemangacine.fr\/it\/wp-json\/wp\/v2\/media\/70137"}],"wp:attachment":[{"href":"https:\/\/repliquemangacine.fr\/it\/wp-json\/wp\/v2\/media?parent=70104"}],"wp:term":[{"taxonomy":"product_brand","embeddable":true,"href":"https:\/\/repliquemangacine.fr\/it\/wp-json\/wp\/v2\/product_brand?post=70104"},{"taxonomy":"product_cat","embeddable":true,"href":"https:\/\/repliquemangacine.fr\/it\/wp-json\/wp\/v2\/product_cat?post=70104"},{"taxonomy":"product_tag","embeddable":true,"href":"https:\/\/repliquemangacine.fr\/it\/wp-json\/wp\/v2\/product_tag?post=70104"}],"curies":[{"name":"wp","href":"https:\/\/api.w.org\/{rel}","templated":true}]}}