





{"id":70099,"date":"2024-03-06T17:18:27","date_gmt":"2024-03-06T16:18:27","guid":{"rendered":"https:\/\/repliquemangacine.fr\/?post_type=product&#038;p=70099"},"modified":"2026-04-15T16:25:03","modified_gmt":"2026-04-15T14:25:03","slug":"sostenere-il-witcher","status":"publish","type":"product","link":"https:\/\/repliquemangacine.fr\/it\/epee-the-witcher\/support-the-witcher\/","title":{"rendered":"Sostenere The Witcher"},"content":{"rendered":"<h2>Sostenere The Witcher - Un tributo al mondo dei Witcher<\/h2>\n<p>Per iniziare, vi presentiamo un accessorio indispensabile per le vostre spade: \u201cil supporto The Witcher\u201d. Progettato con meticolosa attenzione ai dettagli e alla qualit\u00e0, \u00e8 un omaggio tangibile all'universo di The Witcher. Destinato ad arricchire la vostra collezione e a mettere in risalto la vostra passione per questa saga iconica.<\/p>\n<p>Realizzati in legno pregiato, ogni supporto \u00e8 caratterizzato da una robustezza ed eleganza senza pari. Garantendo una presentazione degna dell'eredit\u00e0 dell\u2019<a href=\"https:\/\/witcher-archive.fandom.com\/fr\/wiki\/Sorceleur\" target=\"_blank\" rel=\"noopener noreferrer\">Stregato<\/a>. In cima c'\u00e8 una testa di lupo, serigrafata con notevole finezza. Si tratta del logo emblematico di The Witcher, un potente simbolo di forza, saggezza e protezione. Questo dettaglio estetico, ricco di significato, rende questo supporto un oggetto unico da collezione e un accattivante argomento di conversazione per tutti i fan. Oltre alla sua funzione pratica, questo supporto per spade aggiunge un tocco di autenticit\u00e0 e magia alla vostra casa.<\/p>\n<h2>Sostenete il Witcher al miglior prezzo<\/h2>\n<p>Progettato per ospitare tutte le spade dell'universo di The Witcher, questo supporto \u00e8 eccezionalmente versatile. Che siate collezionisti esperti o neofiti nel mondo del collezionismo di armi, \u00e8 perfetto per mostrare la vostra passione per la serie con stile ed eleganza. Il suo design universale garantisce che ogni spada, sia da combattimento che cerimoniale, trovi il suo posto, elevata e valorizzata come merita. Potrete infatti esporre le vostre spade come ad esempio:<\/p>\n<p>\u2013 L\u2019<a href=\"https:\/\/repliquemangacine.fr\/it\/spada-il-cacciatore\/spada-lupo-gemello-geralt-de-riv-the-witcher-3-con-il-suo-medaglione-come-un-dono\/\">Spada da stregone del Lupo Gemello<\/a> con le sue due teste sul pomello.<\/p>\n<p>\u2013 C'\u00e8 anche l\u2019<a href=\"https:\/\/repliquemangacine.fr\/it\/spada-il-cacciatore\/spada-zireael-de-ciri-the-witcher-3-lama-tagliata\/\">spada di Ciri<\/a> con la lama aperta al centro.<\/p>\n<p>\u2013 Cos\u00ec come la famosa <a href=\"https:\/\/repliquemangacine.fr\/it\/spada-il-cacciatore\/spilla-argent-geralt-de-riv-the-witcher\/\">spada d'argento<\/a> di Gerald de Riv, tutta vestita di bianco, una meraviglia! E molti altri ancora nel nostro negozio online.<\/p>\n<p>Da sottolineare che per ogni acquisto di una spada The Witcher offriamo in omaggio un medaglione Wolf.<\/p>\n<h2>Un piccolo investimento per una grande passione<\/h2>\n<p>Adottare questo supporto per spada The Witcher significa scegliere un oggetto da collezione che trascende il tempo. Un ponte tra il mondo delle storie epiche e la nostra realt\u00e0. \u00c8 un invito a celebrare la vostra ammirazione per la saga. Inoltre, \u00e8 un modo per mantenere vivo e presente nella vostra vita quotidiana lo spirito di The Witcher.<\/p>\n<p>Non aspettate oltre per dare alle vostre spade il posto d'onore che meritano. Trasformate il vostro spazio in un santuario dedicato alla gloria e all'avventura di The Witcher, con questo eccezionale supporto per spade, testimonianza della vostra passione incondizionata per l'universo dell'Incantatore.<\/p>\n<p>Bisogna dire che \u00e8 il regalo perfetto per i fan e i collezionisti. Cos\u00ec come per chiunque desideri aggiungere un tocco di mistero alla propria decorazione.<\/p>\n<p>In conclusione, tuffati nell'avventura, il tuo supporto per spada The Witcher ti aspetta.<\/p>","protected":false},"excerpt":{"rendered":"<p>Magnifico stand di The Witcher per esporre le spade dello stregone<\/p>\n<ul>\n<li>Realizzato interamente in legno<\/li>\n<li>Stampa serigrafica della testa di lupo di The Witcher<\/li>\n<li>Fornito con tutte le viti e i bulloni<\/li>\n<li>Altezza: 37 cm - Larghezza: 24,5 cm - Spessore: 1,2 cm<\/li>\n<\/ul>","protected":false},"featured_media":70101,"template":"","meta":[],"product_brand":[],"product_cat":[50,58],"product_tag":[],"class_list":{"0":"post-70099","1":"product","2":"type-product","3":"status-publish","4":"has-post-thumbnail","6":"product_cat-accessoires-katana","7":"product_cat-epee-the-witcher","9":"first","10":"instock","11":"taxable","12":"shipping-taxable","13":"purchasable","14":"product-type-simple"},"yoast_head":"<!-- This site is optimized with the Yoast SEO plugin v27.4 - https:\/\/yoast.com\/product\/yoast-seo-wordpress\/ -->\n<title>Support The Witcher | R\u00e9plique Manga Cin\u00e9<\/title>\n<meta name=\"description\" content=\"D\u00e9couvrez ce superbe Support The Witcher avec sa t\u00eate de loup s\u00e9rigraphi\u00e9. Tout en bois, visseries fournis. Id\u00e9al pour exposer vos \u00e9p\u00e9es de Gerald de Riv.\" \/>\n<meta name=\"robots\" content=\"index, follow, max-snippet:-1, max-image-preview:large, max-video-preview:-1\" \/>\n<link rel=\"canonical\" href=\"https:\/\/repliquemangacine.fr\/it\/spada-il-cacciatore\/sostenere-il-witcher\/\" \/>\n<meta property=\"og:locale\" content=\"it_IT\" \/>\n<meta property=\"og:type\" content=\"article\" \/>\n<meta property=\"og:title\" content=\"Support The Witcher | R\u00e9plique Manga Cin\u00e9\" \/>\n<meta property=\"og:description\" content=\"D\u00e9couvrez ce superbe Support The Witcher avec sa t\u00eate de loup s\u00e9rigraphi\u00e9. Tout en bois, visseries fournis. Id\u00e9al pour exposer vos \u00e9p\u00e9es de Gerald de Riv.\" \/>\n<meta property=\"og:url\" content=\"https:\/\/repliquemangacine.fr\/it\/spada-il-cacciatore\/sostenere-il-witcher\/\" \/>\n<meta property=\"og:site_name\" content=\"R\u00e9plique Manga Cin\u00e9\" \/>\n<meta property=\"article:publisher\" content=\"https:\/\/www.facebook.com\/RepliqueMangaCine\" \/>\n<meta property=\"article:modified_time\" content=\"2026-04-15T14:25:03+00:00\" \/>\n<meta property=\"og:image\" content=\"https:\/\/repliquemangacine.fr\/wp-content\/uploads\/2024\/03\/support-the-witcher.jpg\" \/>\n\t<meta property=\"og:image:width\" content=\"500\" \/>\n\t<meta property=\"og:image:height\" content=\"500\" \/>\n\t<meta property=\"og:image:type\" content=\"image\/jpeg\" \/>\n<meta name=\"twitter:card\" content=\"summary_large_image\" \/>\n<meta name=\"twitter:label1\" content=\"Tempo di lettura stimato\" \/>\n\t<meta name=\"twitter:data1\" content=\"3 minuti\" \/>\n<script type=\"application\/ld+json\" class=\"yoast-schema-graph\">{\"@context\":\"https:\\\/\\\/schema.org\",\"@graph\":[{\"@type\":\"WebPage\",\"@id\":\"https:\\\/\\\/repliquemangacine.fr\\\/epee-the-witcher\\\/support-the-witcher\\\/\",\"url\":\"https:\\\/\\\/repliquemangacine.fr\\\/epee-the-witcher\\\/support-the-witcher\\\/\",\"name\":\"Support The Witcher | R\u00e9plique Manga Cin\u00e9\",\"isPartOf\":{\"@id\":\"https:\\\/\\\/repliquemangacine.fr\\\/#website\"},\"primaryImageOfPage\":{\"@id\":\"https:\\\/\\\/repliquemangacine.fr\\\/epee-the-witcher\\\/support-the-witcher\\\/#primaryimage\"},\"image\":{\"@id\":\"https:\\\/\\\/repliquemangacine.fr\\\/epee-the-witcher\\\/support-the-witcher\\\/#primaryimage\"},\"thumbnailUrl\":\"https:\\\/\\\/repliquemangacine.fr\\\/wp-content\\\/uploads\\\/2024\\\/03\\\/support-the-witcher.jpg\",\"datePublished\":\"2024-03-06T16:18:27+00:00\",\"dateModified\":\"2026-04-15T14:25:03+00:00\",\"description\":\"D\u00e9couvrez ce superbe Support The Witcher avec sa t\u00eate de loup s\u00e9rigraphi\u00e9. Tout en bois, visseries fournis. Id\u00e9al pour exposer vos \u00e9p\u00e9es de Gerald de Riv.\",\"breadcrumb\":{\"@id\":\"https:\\\/\\\/repliquemangacine.fr\\\/epee-the-witcher\\\/support-the-witcher\\\/#breadcrumb\"},\"inLanguage\":\"it-IT\",\"potentialAction\":[{\"@type\":\"ReadAction\",\"target\":[\"https:\\\/\\\/repliquemangacine.fr\\\/epee-the-witcher\\\/support-the-witcher\\\/\"]}]},{\"@type\":\"ImageObject\",\"inLanguage\":\"it-IT\",\"@id\":\"https:\\\/\\\/repliquemangacine.fr\\\/epee-the-witcher\\\/support-the-witcher\\\/#primaryimage\",\"url\":\"https:\\\/\\\/repliquemangacine.fr\\\/wp-content\\\/uploads\\\/2024\\\/03\\\/support-the-witcher.jpg\",\"contentUrl\":\"https:\\\/\\\/repliquemangacine.fr\\\/wp-content\\\/uploads\\\/2024\\\/03\\\/support-the-witcher.jpg\",\"width\":500,\"height\":500,\"caption\":\"Support The Witcher en bois\"},{\"@type\":\"BreadcrumbList\",\"@id\":\"https:\\\/\\\/repliquemangacine.fr\\\/epee-the-witcher\\\/support-the-witcher\\\/#breadcrumb\",\"itemListElement\":[{\"@type\":\"ListItem\",\"position\":1,\"name\":\"Accueil\",\"item\":\"https:\\\/\\\/repliquemangacine.fr\\\/\"},{\"@type\":\"ListItem\",\"position\":2,\"name\":\"Produits\",\"item\":\"https:\\\/\\\/repliquemangacine.fr\\\/boutique\\\/\"},{\"@type\":\"ListItem\",\"position\":3,\"name\":\"Support The Witcher\"}]},{\"@type\":\"WebSite\",\"@id\":\"https:\\\/\\\/repliquemangacine.fr\\\/#website\",\"url\":\"https:\\\/\\\/repliquemangacine.fr\\\/\",\"name\":\"R\u00e9plique Manga Cin\u00e9\",\"description\":\"\",\"publisher\":{\"@id\":\"https:\\\/\\\/repliquemangacine.fr\\\/#organization\"},\"potentialAction\":[{\"@type\":\"SearchAction\",\"target\":{\"@type\":\"EntryPoint\",\"urlTemplate\":\"https:\\\/\\\/repliquemangacine.fr\\\/?s={search_term_string}\"},\"query-input\":{\"@type\":\"PropertyValueSpecification\",\"valueRequired\":true,\"valueName\":\"search_term_string\"}}],\"inLanguage\":\"it-IT\"},{\"@type\":\"Organization\",\"@id\":\"https:\\\/\\\/repliquemangacine.fr\\\/#organization\",\"name\":\"R\u00e9plique Manga Cin\u00e9\",\"url\":\"https:\\\/\\\/repliquemangacine.fr\\\/\",\"logo\":{\"@type\":\"ImageObject\",\"inLanguage\":\"it-IT\",\"@id\":\"https:\\\/\\\/repliquemangacine.fr\\\/#\\\/schema\\\/logo\\\/image\\\/\",\"url\":\"https:\\\/\\\/repliquemangacine.fr\\\/wp-content\\\/uploads\\\/2023\\\/10\\\/RMC-500250.png\",\"contentUrl\":\"https:\\\/\\\/repliquemangacine.fr\\\/wp-content\\\/uploads\\\/2023\\\/10\\\/RMC-500250.png\",\"width\":500,\"height\":250,\"caption\":\"R\u00e9plique Manga Cin\u00e9\"},\"image\":{\"@id\":\"https:\\\/\\\/repliquemangacine.fr\\\/#\\\/schema\\\/logo\\\/image\\\/\"},\"sameAs\":[\"https:\\\/\\\/www.facebook.com\\\/RepliqueMangaCine\",\"https:\\\/\\\/www.instagram.com\\\/repliquemangacine.fr\\\/\"]}]}<\/script>\n<!-- \/ Yoast SEO plugin. -->","yoast_head_json":{"title":"Sostenere The Witcher | R\u00e9plique Manga Cin\u00e9","description":"Scoprite questo superbo stand di The Witcher con la testa di lupo serigrafata. Tutto in legno, viti in dotazione. Ideale per esporre le spade di Gerald de Riv.","robots":{"index":"index","follow":"follow","max-snippet":"max-snippet:-1","max-image-preview":"max-image-preview:large","max-video-preview":"max-video-preview:-1"},"canonical":"https:\/\/repliquemangacine.fr\/it\/spada-il-cacciatore\/sostenere-il-witcher\/","og_locale":"it_IT","og_type":"article","og_title":"Support The Witcher | R\u00e9plique Manga Cin\u00e9","og_description":"D\u00e9couvrez ce superbe Support The Witcher avec sa t\u00eate de loup s\u00e9rigraphi\u00e9. Tout en bois, visseries fournis. Id\u00e9al pour exposer vos \u00e9p\u00e9es de Gerald de Riv.","og_url":"https:\/\/repliquemangacine.fr\/it\/spada-il-cacciatore\/sostenere-il-witcher\/","og_site_name":"R\u00e9plique Manga Cin\u00e9","article_publisher":"https:\/\/www.facebook.com\/RepliqueMangaCine","article_modified_time":"2026-04-15T14:25:03+00:00","og_image":[{"width":500,"height":500,"url":"https:\/\/repliquemangacine.fr\/wp-content\/uploads\/2024\/03\/support-the-witcher.jpg","type":"image\/jpeg"}],"twitter_card":"summary_large_image","twitter_misc":{"Tempo di lettura stimato":"3 minuti"},"schema":{"@context":"https:\/\/schema.org","@graph":[{"@type":"WebPage","@id":"https:\/\/repliquemangacine.fr\/epee-the-witcher\/support-the-witcher\/","url":"https:\/\/repliquemangacine.fr\/epee-the-witcher\/support-the-witcher\/","name":"Sostenere The Witcher | R\u00e9plique Manga Cin\u00e9","isPartOf":{"@id":"https:\/\/repliquemangacine.fr\/#website"},"primaryImageOfPage":{"@id":"https:\/\/repliquemangacine.fr\/epee-the-witcher\/support-the-witcher\/#primaryimage"},"image":{"@id":"https:\/\/repliquemangacine.fr\/epee-the-witcher\/support-the-witcher\/#primaryimage"},"thumbnailUrl":"https:\/\/repliquemangacine.fr\/wp-content\/uploads\/2024\/03\/support-the-witcher.jpg","datePublished":"2024-03-06T16:18:27+00:00","dateModified":"2026-04-15T14:25:03+00:00","description":"Scoprite questo superbo stand di The Witcher con la testa di lupo serigrafata. Tutto in legno, viti in dotazione. Ideale per esporre le spade di Gerald de Riv.","breadcrumb":{"@id":"https:\/\/repliquemangacine.fr\/epee-the-witcher\/support-the-witcher\/#breadcrumb"},"inLanguage":"it-IT","potentialAction":[{"@type":"ReadAction","target":["https:\/\/repliquemangacine.fr\/epee-the-witcher\/support-the-witcher\/"]}]},{"@type":"ImageObject","inLanguage":"it-IT","@id":"https:\/\/repliquemangacine.fr\/epee-the-witcher\/support-the-witcher\/#primaryimage","url":"https:\/\/repliquemangacine.fr\/wp-content\/uploads\/2024\/03\/support-the-witcher.jpg","contentUrl":"https:\/\/repliquemangacine.fr\/wp-content\/uploads\/2024\/03\/support-the-witcher.jpg","width":500,"height":500,"caption":"Support The Witcher en bois"},{"@type":"BreadcrumbList","@id":"https:\/\/repliquemangacine.fr\/epee-the-witcher\/support-the-witcher\/#breadcrumb","itemListElement":[{"@type":"ListItem","position":1,"name":"Accueil","item":"https:\/\/repliquemangacine.fr\/"},{"@type":"ListItem","position":2,"name":"Produits","item":"https:\/\/repliquemangacine.fr\/boutique\/"},{"@type":"ListItem","position":3,"name":"Support The Witcher"}]},{"@type":"WebSite","@id":"https:\/\/repliquemangacine.fr\/#website","url":"https:\/\/repliquemangacine.fr\/","name":"R\u00e9plique Manga Cin\u00e9","description":"","publisher":{"@id":"https:\/\/repliquemangacine.fr\/#organization"},"potentialAction":[{"@type":"SearchAction","target":{"@type":"EntryPoint","urlTemplate":"https:\/\/repliquemangacine.fr\/?s={search_term_string}"},"query-input":{"@type":"PropertyValueSpecification","valueRequired":true,"valueName":"search_term_string"}}],"inLanguage":"it-IT"},{"@type":"Organization","@id":"https:\/\/repliquemangacine.fr\/#organization","name":"R\u00e9plique Manga Cin\u00e9","url":"https:\/\/repliquemangacine.fr\/","logo":{"@type":"ImageObject","inLanguage":"it-IT","@id":"https:\/\/repliquemangacine.fr\/#\/schema\/logo\/image\/","url":"https:\/\/repliquemangacine.fr\/wp-content\/uploads\/2023\/10\/RMC-500250.png","contentUrl":"https:\/\/repliquemangacine.fr\/wp-content\/uploads\/2023\/10\/RMC-500250.png","width":500,"height":250,"caption":"R\u00e9plique Manga Cin\u00e9"},"image":{"@id":"https:\/\/repliquemangacine.fr\/#\/schema\/logo\/image\/"},"sameAs":["https:\/\/www.facebook.com\/RepliqueMangaCine","https:\/\/www.instagram.com\/repliquemangacine.fr\/"]}]}},"_links":{"self":[{"href":"https:\/\/repliquemangacine.fr\/it\/wp-json\/wp\/v2\/product\/70099","targetHints":{"allow":["GET"]}}],"collection":[{"href":"https:\/\/repliquemangacine.fr\/it\/wp-json\/wp\/v2\/product"}],"about":[{"href":"https:\/\/repliquemangacine.fr\/it\/wp-json\/wp\/v2\/types\/product"}],"wp:featuredmedia":[{"embeddable":true,"href":"https:\/\/repliquemangacine.fr\/it\/wp-json\/wp\/v2\/media\/70101"}],"wp:attachment":[{"href":"https:\/\/repliquemangacine.fr\/it\/wp-json\/wp\/v2\/media?parent=70099"}],"wp:term":[{"taxonomy":"product_brand","embeddable":true,"href":"https:\/\/repliquemangacine.fr\/it\/wp-json\/wp\/v2\/product_brand?post=70099"},{"taxonomy":"product_cat","embeddable":true,"href":"https:\/\/repliquemangacine.fr\/it\/wp-json\/wp\/v2\/product_cat?post=70099"},{"taxonomy":"product_tag","embeddable":true,"href":"https:\/\/repliquemangacine.fr\/it\/wp-json\/wp\/v2\/product_tag?post=70099"}],"curies":[{"name":"wp","href":"https:\/\/api.w.org\/{rel}","templated":true}]}}