





{"id":69996,"date":"2024-03-05T13:48:01","date_gmt":"2024-03-05T12:48:01","guid":{"rendered":"https:\/\/repliquemangacine.fr\/?post_type=product&#038;p=69996"},"modified":"2025-12-02T16:56:04","modified_gmt":"2025-12-02T15:56:04","slug":"katana-monopezzo-king","status":"publish","type":"product","link":"https:\/\/repliquemangacine.fr\/it\/katana-en-metal-one-piece\/katana-de-king-one-piece\/","title":{"rendered":"Katana del re - One Piece"},"content":{"rendered":"<h2>L'aura della Katana del Re: pi\u00f9 di un'arma<\/h2>\n<p>Innanzitutto, la katana di King \u00e8 avvolta da un'aura di mistero e potere. Riflette le eccezionali capacit\u00e0 di chi la porta. Non \u00e8 solo l'aspetto fisico dell'arma a impressionare. Ma anche l'aura che la circonda, capace di intimidire gli avversari ancor prima che inizi il combattimento. La lama stessa, forgiata con un materiale sconosciuto, sembra avere una volont\u00e0 propria. Risuona con lo spirito combattivo e la ferrea determinazione del Re. Questa sinergia tra il guerriero e la sua arma crea un duo invincibile sul campo di battaglia. La katana agisce come un'estensione della forza e della volont\u00e0 di King. La sua capacit\u00e0 di brandire la katana testimonia il suo posto tra i combattenti d'\u00e9lite di One Piece. La sua storia e la sua arma continueranno a incutere timore e rispetto, rendendolo una leggenda vivente.<\/p>\n<h2>Katana del re: l'arma di un comandante feroce<\/h2>\n<p>Si noti che <a href=\"https:\/\/onepiece.fandom.com\/fr\/wiki\/Alber\" target=\"_blank\" rel=\"noopener noreferrer\">Re<\/a> (Alber), membro eminente dell'equipaggio dei Pirati di Big Mom e uno dei tre comandanti dolci. Personaggio che incarna potenza e mistero nell'universo di One Piece. Noto per la sua forza bruta e la sua incrollabile fedelt\u00e0 a Big Mom. King si distingue anche per la sua arma preferita: una katana che non lascia mai il suo fianco. Questa katana non \u00e8 una semplice lama.<\/p>\n<p>\u00c8 il prolungamento della sua volont\u00e0, uno strumento che gli permette di tagliare ostacoli e nemici con precisione ed efficacia formidabili. La sua maestria con la katana \u00e8 tale da ispirare ammirazione e timore sia nei suoi alleati che nei suoi avversari. Ci\u00f2 sottolinea il suo status non solo di combattente d'\u00e9lite, ma anche di maestro d'armi. Per concludere, King \u00e8 un Lunariano. Quando le fiamme sulla sua schiena appaiono, diventa quasi invulnerabile agli attacchi.<\/p>\n<h2>Katane leggendarie di One Piece<\/h2>\n<p>Per cominciare, le katana nell'universo di One Piece non sono semplici armi. Sono simboli di potere, onore e tradizione, portate dai guerrieri pi\u00f9 valorosi e rispettati dei sette mari.<\/p>\n<p>R\u00e9plique Manga Cin\u00e9 vi propone le lame pi\u00f9 famose come:<\/p>\n<ul>\n<li>Le <a href=\"https:\/\/repliquemangacine.fr\/it\/katana-in-metallo-monopezzo\/spada-katana-wado-ichimonji-spada-di-zoro\/\">Wado Ichimonji<\/a> di Roronoa Zoro, quello che porta tra i denti<\/li>\n<li>C'\u00e8 anche il <a href=\"https:\/\/repliquemangacine.fr\/it\/katana-in-metallo-monopezzo\/spada-katana-sandai-kitetsu-zoro\/\">Sandai Kitetsu<\/a> e la sua aura maledetta, alla leggendaria Shusui, la lama nera di Ryuma.<\/li>\n<li>E molto altro ancora da scoprire nel nostro negozio online.<\/li>\n<\/ul>\n<p>In conclusione, queste katane non sono solo strumenti di combattimento, ma cimeli, tramandati di mano in mano attraverso le generazioni. Simboleggiano la forza, l'impegno e la determinazione di chi le porta, riflettendo i valori e gli ideali di chi le impugna. In One Piece, possedere una katana non \u00e8 solo una questione di scelta dell'arma. \u00c8 anche una dichiarazione dell'identit\u00e0 e del percorso del guerriero.<\/p>","protected":false},"excerpt":{"rendered":"<p>Superba replica della katana di King (Alber) in One Piece.<\/p>\n<ul>\n<li>Lama in acciaio finemente decorata<\/li>\n<li>Manico rivestito di treccia di cotone arancione<\/li>\n<li>Protezione in acciaio appositamente sagomata<\/li>\n<li>Fodero in legno laccato arancione con ornamenti<\/li>\n<li>Lunghezza lama: 68 cm - Lunghezza totale: 105 cm<\/li>\n<\/ul>","protected":false},"featured_media":69997,"template":"","meta":[],"product_brand":[],"product_cat":[123],"product_tag":[],"class_list":{"0":"post-69996","1":"product","2":"type-product","3":"status-publish","4":"has-post-thumbnail","6":"product_cat-katana-en-metal-one-piece","8":"first","9":"instock","10":"taxable","11":"shipping-taxable","12":"purchasable","13":"product-type-simple"},"yoast_head":"<!-- This site is optimized with the Yoast SEO plugin v27.4 - https:\/\/yoast.com\/product\/yoast-seo-wordpress\/ -->\n<title>Katana de King - One Piece | R\u00e9plique Manga Cin\u00e9<\/title>\n<meta name=\"description\" content=\"D\u00e9couvrez cette superbe r\u00e9plique du Katana de King dans One Piece au meilleur prix. Lame en acier d\u00e9cor\u00e9. Fourreau en bois laqu\u00e9 orange. Longueur : 105 cm\" \/>\n<meta name=\"robots\" content=\"index, follow, max-snippet:-1, max-image-preview:large, max-video-preview:-1\" \/>\n<link rel=\"canonical\" href=\"https:\/\/repliquemangacine.fr\/it\/katana-in-metallo-monopezzo\/katana-monopezzo-king\/\" \/>\n<meta property=\"og:locale\" content=\"it_IT\" \/>\n<meta property=\"og:type\" content=\"article\" \/>\n<meta property=\"og:title\" content=\"Katana de King - One Piece | R\u00e9plique Manga Cin\u00e9\" \/>\n<meta property=\"og:description\" content=\"D\u00e9couvrez cette superbe r\u00e9plique du Katana de King dans One Piece au meilleur prix. Lame en acier d\u00e9cor\u00e9. Fourreau en bois laqu\u00e9 orange. Longueur : 105 cm\" \/>\n<meta property=\"og:url\" content=\"https:\/\/repliquemangacine.fr\/it\/katana-in-metallo-monopezzo\/katana-monopezzo-king\/\" \/>\n<meta property=\"og:site_name\" content=\"R\u00e9plique Manga Cin\u00e9\" \/>\n<meta property=\"article:publisher\" content=\"https:\/\/www.facebook.com\/RepliqueMangaCine\" \/>\n<meta property=\"article:modified_time\" content=\"2025-12-02T15:56:04+00:00\" \/>\n<meta property=\"og:image\" content=\"https:\/\/repliquemangacine.fr\/wp-content\/uploads\/2024\/03\/Katana-King.jpg\" \/>\n\t<meta property=\"og:image:width\" content=\"500\" \/>\n\t<meta property=\"og:image:height\" content=\"500\" \/>\n\t<meta property=\"og:image:type\" content=\"image\/jpeg\" \/>\n<meta name=\"twitter:card\" content=\"summary_large_image\" \/>\n<meta name=\"twitter:label1\" content=\"Tempo di lettura stimato\" \/>\n\t<meta name=\"twitter:data1\" content=\"3 minuti\" \/>\n<script type=\"application\/ld+json\" class=\"yoast-schema-graph\">{\"@context\":\"https:\\\/\\\/schema.org\",\"@graph\":[{\"@type\":\"WebPage\",\"@id\":\"https:\\\/\\\/repliquemangacine.fr\\\/katana-en-metal-one-piece\\\/katana-de-king-one-piece\\\/\",\"url\":\"https:\\\/\\\/repliquemangacine.fr\\\/katana-en-metal-one-piece\\\/katana-de-king-one-piece\\\/\",\"name\":\"Katana de King - One Piece | R\u00e9plique Manga Cin\u00e9\",\"isPartOf\":{\"@id\":\"https:\\\/\\\/repliquemangacine.fr\\\/#website\"},\"primaryImageOfPage\":{\"@id\":\"https:\\\/\\\/repliquemangacine.fr\\\/katana-en-metal-one-piece\\\/katana-de-king-one-piece\\\/#primaryimage\"},\"image\":{\"@id\":\"https:\\\/\\\/repliquemangacine.fr\\\/katana-en-metal-one-piece\\\/katana-de-king-one-piece\\\/#primaryimage\"},\"thumbnailUrl\":\"https:\\\/\\\/repliquemangacine.fr\\\/wp-content\\\/uploads\\\/2024\\\/03\\\/Katana-King.jpg\",\"datePublished\":\"2024-03-05T12:48:01+00:00\",\"dateModified\":\"2025-12-02T15:56:04+00:00\",\"description\":\"D\u00e9couvrez cette superbe r\u00e9plique du Katana de King dans One Piece au meilleur prix. Lame en acier d\u00e9cor\u00e9. Fourreau en bois laqu\u00e9 orange. Longueur : 105 cm\",\"breadcrumb\":{\"@id\":\"https:\\\/\\\/repliquemangacine.fr\\\/katana-en-metal-one-piece\\\/katana-de-king-one-piece\\\/#breadcrumb\"},\"inLanguage\":\"it-IT\",\"potentialAction\":[{\"@type\":\"ReadAction\",\"target\":[\"https:\\\/\\\/repliquemangacine.fr\\\/katana-en-metal-one-piece\\\/katana-de-king-one-piece\\\/\"]}]},{\"@type\":\"ImageObject\",\"inLanguage\":\"it-IT\",\"@id\":\"https:\\\/\\\/repliquemangacine.fr\\\/katana-en-metal-one-piece\\\/katana-de-king-one-piece\\\/#primaryimage\",\"url\":\"https:\\\/\\\/repliquemangacine.fr\\\/wp-content\\\/uploads\\\/2024\\\/03\\\/Katana-King.jpg\",\"contentUrl\":\"https:\\\/\\\/repliquemangacine.fr\\\/wp-content\\\/uploads\\\/2024\\\/03\\\/Katana-King.jpg\",\"width\":500,\"height\":500,\"caption\":\"Katana de King dans One Piece\"},{\"@type\":\"BreadcrumbList\",\"@id\":\"https:\\\/\\\/repliquemangacine.fr\\\/katana-en-metal-one-piece\\\/katana-de-king-one-piece\\\/#breadcrumb\",\"itemListElement\":[{\"@type\":\"ListItem\",\"position\":1,\"name\":\"Accueil\",\"item\":\"https:\\\/\\\/repliquemangacine.fr\\\/\"},{\"@type\":\"ListItem\",\"position\":2,\"name\":\"Produits\",\"item\":\"https:\\\/\\\/repliquemangacine.fr\\\/boutique\\\/\"},{\"@type\":\"ListItem\",\"position\":3,\"name\":\"Katana de King &#8211; One Piece\"}]},{\"@type\":\"WebSite\",\"@id\":\"https:\\\/\\\/repliquemangacine.fr\\\/#website\",\"url\":\"https:\\\/\\\/repliquemangacine.fr\\\/\",\"name\":\"R\u00e9plique Manga Cin\u00e9\",\"description\":\"\",\"publisher\":{\"@id\":\"https:\\\/\\\/repliquemangacine.fr\\\/#organization\"},\"potentialAction\":[{\"@type\":\"SearchAction\",\"target\":{\"@type\":\"EntryPoint\",\"urlTemplate\":\"https:\\\/\\\/repliquemangacine.fr\\\/?s={search_term_string}\"},\"query-input\":{\"@type\":\"PropertyValueSpecification\",\"valueRequired\":true,\"valueName\":\"search_term_string\"}}],\"inLanguage\":\"it-IT\"},{\"@type\":\"Organization\",\"@id\":\"https:\\\/\\\/repliquemangacine.fr\\\/#organization\",\"name\":\"R\u00e9plique Manga Cin\u00e9\",\"url\":\"https:\\\/\\\/repliquemangacine.fr\\\/\",\"logo\":{\"@type\":\"ImageObject\",\"inLanguage\":\"it-IT\",\"@id\":\"https:\\\/\\\/repliquemangacine.fr\\\/#\\\/schema\\\/logo\\\/image\\\/\",\"url\":\"https:\\\/\\\/repliquemangacine.fr\\\/wp-content\\\/uploads\\\/2023\\\/10\\\/RMC-500250.png\",\"contentUrl\":\"https:\\\/\\\/repliquemangacine.fr\\\/wp-content\\\/uploads\\\/2023\\\/10\\\/RMC-500250.png\",\"width\":500,\"height\":250,\"caption\":\"R\u00e9plique Manga Cin\u00e9\"},\"image\":{\"@id\":\"https:\\\/\\\/repliquemangacine.fr\\\/#\\\/schema\\\/logo\\\/image\\\/\"},\"sameAs\":[\"https:\\\/\\\/www.facebook.com\\\/RepliqueMangaCine\",\"https:\\\/\\\/www.instagram.com\\\/repliquemangacine.fr\\\/\"]}]}<\/script>\n<!-- \/ Yoast SEO plugin. -->","yoast_head_json":{"title":"Katana del Re - One Piece | R\u00e9plique Manga Cin\u00e9","description":"Scoprite questa superba replica della Katana del Re in One Piece al miglior prezzo. Lama in acciaio decorata. Fodero in legno laccato arancione. Lunghezza: 105 cm","robots":{"index":"index","follow":"follow","max-snippet":"max-snippet:-1","max-image-preview":"max-image-preview:large","max-video-preview":"max-video-preview:-1"},"canonical":"https:\/\/repliquemangacine.fr\/it\/katana-in-metallo-monopezzo\/katana-monopezzo-king\/","og_locale":"it_IT","og_type":"article","og_title":"Katana de King - One Piece | R\u00e9plique Manga Cin\u00e9","og_description":"D\u00e9couvrez cette superbe r\u00e9plique du Katana de King dans One Piece au meilleur prix. Lame en acier d\u00e9cor\u00e9. Fourreau en bois laqu\u00e9 orange. Longueur : 105 cm","og_url":"https:\/\/repliquemangacine.fr\/it\/katana-in-metallo-monopezzo\/katana-monopezzo-king\/","og_site_name":"R\u00e9plique Manga Cin\u00e9","article_publisher":"https:\/\/www.facebook.com\/RepliqueMangaCine","article_modified_time":"2025-12-02T15:56:04+00:00","og_image":[{"width":500,"height":500,"url":"https:\/\/repliquemangacine.fr\/wp-content\/uploads\/2024\/03\/Katana-King.jpg","type":"image\/jpeg"}],"twitter_card":"summary_large_image","twitter_misc":{"Tempo di lettura stimato":"3 minuti"},"schema":{"@context":"https:\/\/schema.org","@graph":[{"@type":"WebPage","@id":"https:\/\/repliquemangacine.fr\/katana-en-metal-one-piece\/katana-de-king-one-piece\/","url":"https:\/\/repliquemangacine.fr\/katana-en-metal-one-piece\/katana-de-king-one-piece\/","name":"Katana del Re - One Piece | R\u00e9plique Manga Cin\u00e9","isPartOf":{"@id":"https:\/\/repliquemangacine.fr\/#website"},"primaryImageOfPage":{"@id":"https:\/\/repliquemangacine.fr\/katana-en-metal-one-piece\/katana-de-king-one-piece\/#primaryimage"},"image":{"@id":"https:\/\/repliquemangacine.fr\/katana-en-metal-one-piece\/katana-de-king-one-piece\/#primaryimage"},"thumbnailUrl":"https:\/\/repliquemangacine.fr\/wp-content\/uploads\/2024\/03\/Katana-King.jpg","datePublished":"2024-03-05T12:48:01+00:00","dateModified":"2025-12-02T15:56:04+00:00","description":"Scoprite questa superba replica della Katana del Re in One Piece al miglior prezzo. Lama in acciaio decorata. Fodero in legno laccato arancione. Lunghezza: 105 cm","breadcrumb":{"@id":"https:\/\/repliquemangacine.fr\/katana-en-metal-one-piece\/katana-de-king-one-piece\/#breadcrumb"},"inLanguage":"it-IT","potentialAction":[{"@type":"ReadAction","target":["https:\/\/repliquemangacine.fr\/katana-en-metal-one-piece\/katana-de-king-one-piece\/"]}]},{"@type":"ImageObject","inLanguage":"it-IT","@id":"https:\/\/repliquemangacine.fr\/katana-en-metal-one-piece\/katana-de-king-one-piece\/#primaryimage","url":"https:\/\/repliquemangacine.fr\/wp-content\/uploads\/2024\/03\/Katana-King.jpg","contentUrl":"https:\/\/repliquemangacine.fr\/wp-content\/uploads\/2024\/03\/Katana-King.jpg","width":500,"height":500,"caption":"Katana de King dans One Piece"},{"@type":"BreadcrumbList","@id":"https:\/\/repliquemangacine.fr\/katana-en-metal-one-piece\/katana-de-king-one-piece\/#breadcrumb","itemListElement":[{"@type":"ListItem","position":1,"name":"Accueil","item":"https:\/\/repliquemangacine.fr\/"},{"@type":"ListItem","position":2,"name":"Produits","item":"https:\/\/repliquemangacine.fr\/boutique\/"},{"@type":"ListItem","position":3,"name":"Katana de King &#8211; One Piece"}]},{"@type":"WebSite","@id":"https:\/\/repliquemangacine.fr\/#website","url":"https:\/\/repliquemangacine.fr\/","name":"R\u00e9plique Manga Cin\u00e9","description":"","publisher":{"@id":"https:\/\/repliquemangacine.fr\/#organization"},"potentialAction":[{"@type":"SearchAction","target":{"@type":"EntryPoint","urlTemplate":"https:\/\/repliquemangacine.fr\/?s={search_term_string}"},"query-input":{"@type":"PropertyValueSpecification","valueRequired":true,"valueName":"search_term_string"}}],"inLanguage":"it-IT"},{"@type":"Organization","@id":"https:\/\/repliquemangacine.fr\/#organization","name":"R\u00e9plique Manga Cin\u00e9","url":"https:\/\/repliquemangacine.fr\/","logo":{"@type":"ImageObject","inLanguage":"it-IT","@id":"https:\/\/repliquemangacine.fr\/#\/schema\/logo\/image\/","url":"https:\/\/repliquemangacine.fr\/wp-content\/uploads\/2023\/10\/RMC-500250.png","contentUrl":"https:\/\/repliquemangacine.fr\/wp-content\/uploads\/2023\/10\/RMC-500250.png","width":500,"height":250,"caption":"R\u00e9plique Manga Cin\u00e9"},"image":{"@id":"https:\/\/repliquemangacine.fr\/#\/schema\/logo\/image\/"},"sameAs":["https:\/\/www.facebook.com\/RepliqueMangaCine","https:\/\/www.instagram.com\/repliquemangacine.fr\/"]}]}},"_links":{"self":[{"href":"https:\/\/repliquemangacine.fr\/it\/wp-json\/wp\/v2\/product\/69996","targetHints":{"allow":["GET"]}}],"collection":[{"href":"https:\/\/repliquemangacine.fr\/it\/wp-json\/wp\/v2\/product"}],"about":[{"href":"https:\/\/repliquemangacine.fr\/it\/wp-json\/wp\/v2\/types\/product"}],"wp:featuredmedia":[{"embeddable":true,"href":"https:\/\/repliquemangacine.fr\/it\/wp-json\/wp\/v2\/media\/69997"}],"wp:attachment":[{"href":"https:\/\/repliquemangacine.fr\/it\/wp-json\/wp\/v2\/media?parent=69996"}],"wp:term":[{"taxonomy":"product_brand","embeddable":true,"href":"https:\/\/repliquemangacine.fr\/it\/wp-json\/wp\/v2\/product_brand?post=69996"},{"taxonomy":"product_cat","embeddable":true,"href":"https:\/\/repliquemangacine.fr\/it\/wp-json\/wp\/v2\/product_cat?post=69996"},{"taxonomy":"product_tag","embeddable":true,"href":"https:\/\/repliquemangacine.fr\/it\/wp-json\/wp\/v2\/product_tag?post=69996"}],"curies":[{"name":"wp","href":"https:\/\/api.w.org\/{rel}","templated":true}]}}