





{"id":69971,"date":"2024-03-05T12:13:12","date_gmt":"2024-03-05T11:13:12","guid":{"rendered":"https:\/\/repliquemangacine.fr\/?post_type=product&#038;p=69971"},"modified":"2026-01-22T18:56:11","modified_gmt":"2026-01-22T17:56:11","slug":"katana-uchigatana-elden-ring","status":"publish","type":"product","link":"https:\/\/repliquemangacine.fr\/it\/katana-et-epee-de-jeux-video-autre-jeux-video\/katana-uchigatana-elden-ring\/","title":{"rendered":"Katana Uchigatana - Anello di Elden"},"content":{"rendered":"<h2>Katana Uchigatana: la lama agile<\/h2>\n<p>Per iniziare, la Katana Uchigatana in <a href=\"https:\/\/eldenring.fandom.com\/wiki\/Elden_Ring_(game)\" target=\"_blank\" rel=\"noopener noreferrer\">Anello di Elden<\/a> \u00e8 una delle armi pi\u00f9 iconiche e accessibili all'inizio del gioco. Ci\u00f2 la rende molto popolare tra i giocatori, in particolare quelli che privilegiano l'agilit\u00e0 e la precisione nel loro stile di combattimento. Ecco una panoramica dettagliata dell'Uchigatana e delle sue caratteristiche nel gioco.<\/p>\n<p>L'Uchigatana, tradizionale katana giapponese nota per la sua caratteristica lama ricurva. In Elden Ring conserva questa estetica autentica, offrendo ai giocatori un'arma elegante e letale allo stesso tempo. Il suo design semplice ma raffinato affascina molti giocatori che cercano una combinazione di bellezza ed efficacia.<\/p>\n<p>Ci\u00f2 che contraddistingue l'Uchigatana \u00e8 la sua capacit\u00e0 di provocare emorragie. Ci\u00f2 pu\u00f2 rapidamente indebolire la salute dei nemici con attacchi successivi. Questa caratteristica rende l'arma particolarmente efficace contro avversari con un elevato numero di punti vita. Inoltre, l'Uchigatana consente l'uso della tecnica \u201cUnsheathe\u201d. Si tratta di un attacco rapido e potente, che pu\u00f2 essere sferrato da una posizione bassa. Offre un'apertura contro i nemici o una rapida fuga dopo un attacco.<\/p>\n<h2>Katana Uchigatana: requisiti e modalit\u00e0 di ottenimento<\/h2>\n<p>L'Uchigatana \u00e8 un'arma relativamente leggera che richiede destrezza per essere utilizzata in modo efficace. \u00c8 quindi ideale per i giocatori che basano il proprio personaggio sulla velocit\u00e0 e la precisione piuttosto che sulla forza bruta. Il danno che infligge e la sua capacit\u00e0 di causare sanguinamento la rendono un'arma valida per tutto il gioco. Tuttavia, molti giocatori scelgono di potenziarla o di integrarla con altre armi man mano che avanzano nel gioco.<\/p>\n<p>L'Uchigatana pu\u00f2 essere ottenuta relativamente presto in Elden Ring. Questo la rende un'opzione interessante sia per i nuovi giocatori che per coloro che ricominciano una partita. Spesso scelta come prima arma potente grazie alla sua disponibilit\u00e0 e versatilit\u00e0.<\/p>\n<p>In conclusione, l'Uchigatana \u00e8 pi\u00f9 di una semplice arma iniziale. \u00c8 un'estensione del giocatore che valorizza la finezza e la strategia. Con la sua capacit\u00e0 di provocare rapidamente emorragie e la sua tecnica di attacco unica. L'Uchigatana offre un percorso gratificante per coloro che desiderano padroneggiare il suo stile di combattimento agile e preciso. Che tu stia iniziando il tuo viaggio in Elden Ring o che tu sia un veterano alla ricerca di una nuova strategia, l'Uchigatana \u00e8 un'arma da prendere in considerazione per ogni avventuriero.<\/p>\n<h2>Armi in Elden Ring al miglior prezzo<\/h2>\n<p>Nell'Elden Ring ci sono molte armi (circa 300), ma le pi\u00f9 pregiate sono le katane. Ecco perch\u00e9 R\u00e9plique Manga Cin\u00e9 vi offre le tre migliori al miglior prezzo.<\/p>\n<ul>\n<li>Innanzitutto, l'indiscutibile <a href=\"https:\/\/repliquemangacine.fr\/it\/katana-e-spada-videogiochi-altri-videogiochi\/katana-del-fiume-insanguinato\/\">Katana del fiume insanguinato<\/a> con una lama che sembra assorbire il sangue dei suoi nemici. Ci\u00f2 che distingue la Bloody River dalle altre katane di Elden Ring \u00e8 la sua abilit\u00e0 speciale \"Corpse Piler\". Questo attacco permette al giocatore di sferrare una serie di colpi rapidi che infliggono ingenti danni da sanguinamento. \u00c8 semplicemente eccellente per una build di sanguinamento. Fiume di sangue richiede 12 Forza, 18 Destrezza e 20 Esoterismo.<\/li>\n<li>Poi c'\u00e8 il <a href=\"https:\/\/repliquemangacine.fr\/it\/nuovi-prodotti\/katana-moonveil-nellanello-elden\/\">Katana Moonveil<\/a> (Eclissi di Luna) prende il nome dal suo aspetto e dalle sue capacit\u00e0. Infatti, evoca l'immagine di un misterioso velo lunare. La caratteristica pi\u00f9 notevole di Moonveil \u00e8 la sua abilit\u00e0 speciale, \"Bordo trasversale\". Un attacco che proietta un'onda tagliente di energia magica a distanza ravvicinata. In conclusione, queste due katane con Uchigatana saranno un'importante aggiunta alla vostra collezione.<\/li>\n<\/ul>","protected":false},"excerpt":{"rendered":"<p>Splendida replica della Katana Uchigatana nell'anello di Elden<\/p>\n<ul>\n<li>Lama in acciaio con scanalatura<\/li>\n<li>Protezione in metallo placcato oro appositamente sagomata<\/li>\n<li>Manico in finta pelle di razza, rivestito di treccia di cotone verde<\/li>\n<li>Fodero in legno<\/li>\n<li>Lunghezza lama: 68 cm - Lunghezza totale: 105 cm<\/li>\n<\/ul>","protected":false},"featured_media":69972,"template":"","meta":[],"product_brand":[],"product_cat":[876,67],"product_tag":[],"class_list":{"0":"post-69971","1":"product","2":"type-product","3":"status-publish","4":"has-post-thumbnail","6":"product_cat-elden-ring","7":"product_cat-katana-et-epee-de-jeux-video-autre-jeux-video","9":"first","10":"instock","11":"taxable","12":"shipping-taxable","13":"purchasable","14":"product-type-simple"},"yoast_head":"<!-- This site is optimized with the Yoast SEO plugin v27.4 - https:\/\/yoast.com\/product\/yoast-seo-wordpress\/ -->\n<title>Katana Uchigatana - Elden ring - Elden Ring | R\u00e9plique Manga Cin\u00e9<\/title>\n<meta name=\"description\" content=\"D\u00e9couvrez ce magnifique Katana Uchigatana dans le jeu vid\u00e9o Elden Ring au meilleur prix. Lame acier avec gorge. Fourreau. Longueur totale : 105 cm\" \/>\n<meta name=\"robots\" content=\"index, follow, max-snippet:-1, max-image-preview:large, max-video-preview:-1\" \/>\n<link rel=\"canonical\" href=\"https:\/\/repliquemangacine.fr\/it\/katana-e-spada-videogiochi-altri-videogiochi\/katana-uchigatana-elden-ring\/\" \/>\n<meta property=\"og:locale\" content=\"it_IT\" \/>\n<meta property=\"og:type\" content=\"article\" \/>\n<meta property=\"og:title\" content=\"Katana Uchigatana - Elden ring - Elden Ring | R\u00e9plique Manga Cin\u00e9\" \/>\n<meta property=\"og:description\" content=\"D\u00e9couvrez ce magnifique Katana Uchigatana dans le jeu vid\u00e9o Elden Ring au meilleur prix. Lame acier avec gorge. Fourreau. Longueur totale : 105 cm\" \/>\n<meta property=\"og:url\" content=\"https:\/\/repliquemangacine.fr\/it\/katana-e-spada-videogiochi-altri-videogiochi\/katana-uchigatana-elden-ring\/\" \/>\n<meta property=\"og:site_name\" content=\"R\u00e9plique Manga Cin\u00e9\" \/>\n<meta property=\"article:publisher\" content=\"https:\/\/www.facebook.com\/RepliqueMangaCine\" \/>\n<meta property=\"article:modified_time\" content=\"2026-01-22T17:56:11+00:00\" \/>\n<meta property=\"og:image\" content=\"https:\/\/repliquemangacine.fr\/wp-content\/uploads\/2024\/03\/katana-Uchigatana-et-son-fourreau.jpg\" \/>\n\t<meta property=\"og:image:width\" content=\"500\" \/>\n\t<meta property=\"og:image:height\" content=\"500\" \/>\n\t<meta property=\"og:image:type\" content=\"image\/jpeg\" \/>\n<meta name=\"twitter:card\" content=\"summary_large_image\" \/>\n<meta name=\"twitter:label1\" content=\"Tempo di lettura stimato\" \/>\n\t<meta name=\"twitter:data1\" content=\"4 minuti\" \/>\n<script type=\"application\/ld+json\" class=\"yoast-schema-graph\">{\"@context\":\"https:\\\/\\\/schema.org\",\"@graph\":[{\"@type\":\"WebPage\",\"@id\":\"https:\\\/\\\/repliquemangacine.fr\\\/katana-et-epee-de-jeux-video-autre-jeux-video\\\/katana-uchigatana-elden-ring\\\/\",\"url\":\"https:\\\/\\\/repliquemangacine.fr\\\/katana-et-epee-de-jeux-video-autre-jeux-video\\\/katana-uchigatana-elden-ring\\\/\",\"name\":\"Katana Uchigatana - Elden ring - Elden Ring | R\u00e9plique Manga Cin\u00e9\",\"isPartOf\":{\"@id\":\"https:\\\/\\\/repliquemangacine.fr\\\/#website\"},\"primaryImageOfPage\":{\"@id\":\"https:\\\/\\\/repliquemangacine.fr\\\/katana-et-epee-de-jeux-video-autre-jeux-video\\\/katana-uchigatana-elden-ring\\\/#primaryimage\"},\"image\":{\"@id\":\"https:\\\/\\\/repliquemangacine.fr\\\/katana-et-epee-de-jeux-video-autre-jeux-video\\\/katana-uchigatana-elden-ring\\\/#primaryimage\"},\"thumbnailUrl\":\"https:\\\/\\\/repliquemangacine.fr\\\/wp-content\\\/uploads\\\/2024\\\/03\\\/katana-Uchigatana-et-son-fourreau.jpg\",\"datePublished\":\"2024-03-05T11:13:12+00:00\",\"dateModified\":\"2026-01-22T17:56:11+00:00\",\"description\":\"D\u00e9couvrez ce magnifique Katana Uchigatana dans le jeu vid\u00e9o Elden Ring au meilleur prix. Lame acier avec gorge. Fourreau. Longueur totale : 105 cm\",\"breadcrumb\":{\"@id\":\"https:\\\/\\\/repliquemangacine.fr\\\/katana-et-epee-de-jeux-video-autre-jeux-video\\\/katana-uchigatana-elden-ring\\\/#breadcrumb\"},\"inLanguage\":\"it-IT\",\"potentialAction\":[{\"@type\":\"ReadAction\",\"target\":[\"https:\\\/\\\/repliquemangacine.fr\\\/katana-et-epee-de-jeux-video-autre-jeux-video\\\/katana-uchigatana-elden-ring\\\/\"]}]},{\"@type\":\"ImageObject\",\"inLanguage\":\"it-IT\",\"@id\":\"https:\\\/\\\/repliquemangacine.fr\\\/katana-et-epee-de-jeux-video-autre-jeux-video\\\/katana-uchigatana-elden-ring\\\/#primaryimage\",\"url\":\"https:\\\/\\\/repliquemangacine.fr\\\/wp-content\\\/uploads\\\/2024\\\/03\\\/katana-Uchigatana-et-son-fourreau.jpg\",\"contentUrl\":\"https:\\\/\\\/repliquemangacine.fr\\\/wp-content\\\/uploads\\\/2024\\\/03\\\/katana-Uchigatana-et-son-fourreau.jpg\",\"width\":500,\"height\":500,\"caption\":\"Katana Uchigatana Elden Ring\"},{\"@type\":\"BreadcrumbList\",\"@id\":\"https:\\\/\\\/repliquemangacine.fr\\\/katana-et-epee-de-jeux-video-autre-jeux-video\\\/katana-uchigatana-elden-ring\\\/#breadcrumb\",\"itemListElement\":[{\"@type\":\"ListItem\",\"position\":1,\"name\":\"Accueil\",\"item\":\"https:\\\/\\\/repliquemangacine.fr\\\/\"},{\"@type\":\"ListItem\",\"position\":2,\"name\":\"Produits\",\"item\":\"https:\\\/\\\/repliquemangacine.fr\\\/boutique\\\/\"},{\"@type\":\"ListItem\",\"position\":3,\"name\":\"Katana Uchigatana &#8211; Elden ring\"}]},{\"@type\":\"WebSite\",\"@id\":\"https:\\\/\\\/repliquemangacine.fr\\\/#website\",\"url\":\"https:\\\/\\\/repliquemangacine.fr\\\/\",\"name\":\"R\u00e9plique Manga Cin\u00e9\",\"description\":\"\",\"publisher\":{\"@id\":\"https:\\\/\\\/repliquemangacine.fr\\\/#organization\"},\"potentialAction\":[{\"@type\":\"SearchAction\",\"target\":{\"@type\":\"EntryPoint\",\"urlTemplate\":\"https:\\\/\\\/repliquemangacine.fr\\\/?s={search_term_string}\"},\"query-input\":{\"@type\":\"PropertyValueSpecification\",\"valueRequired\":true,\"valueName\":\"search_term_string\"}}],\"inLanguage\":\"it-IT\"},{\"@type\":\"Organization\",\"@id\":\"https:\\\/\\\/repliquemangacine.fr\\\/#organization\",\"name\":\"R\u00e9plique Manga Cin\u00e9\",\"url\":\"https:\\\/\\\/repliquemangacine.fr\\\/\",\"logo\":{\"@type\":\"ImageObject\",\"inLanguage\":\"it-IT\",\"@id\":\"https:\\\/\\\/repliquemangacine.fr\\\/#\\\/schema\\\/logo\\\/image\\\/\",\"url\":\"https:\\\/\\\/repliquemangacine.fr\\\/wp-content\\\/uploads\\\/2023\\\/10\\\/RMC-500250.png\",\"contentUrl\":\"https:\\\/\\\/repliquemangacine.fr\\\/wp-content\\\/uploads\\\/2023\\\/10\\\/RMC-500250.png\",\"width\":500,\"height\":250,\"caption\":\"R\u00e9plique Manga Cin\u00e9\"},\"image\":{\"@id\":\"https:\\\/\\\/repliquemangacine.fr\\\/#\\\/schema\\\/logo\\\/image\\\/\"},\"sameAs\":[\"https:\\\/\\\/www.facebook.com\\\/RepliqueMangaCine\",\"https:\\\/\\\/www.instagram.com\\\/repliquemangacine.fr\\\/\"]}]}<\/script>\n<!-- \/ Yoast SEO plugin. -->","yoast_head_json":{"title":"Katana Uchigatana - Anello di Elden - Anello di Elden | R\u00e9plique Manga Cin\u00e9","description":"Scopri questa magnifica Katana Uchigatana nel videogioco Elden Ring al miglior prezzo. Lama in acciaio con gola. Fodero. Lunghezza totale: 105 cm","robots":{"index":"index","follow":"follow","max-snippet":"max-snippet:-1","max-image-preview":"max-image-preview:large","max-video-preview":"max-video-preview:-1"},"canonical":"https:\/\/repliquemangacine.fr\/it\/katana-e-spada-videogiochi-altri-videogiochi\/katana-uchigatana-elden-ring\/","og_locale":"it_IT","og_type":"article","og_title":"Katana Uchigatana - Elden ring - Elden Ring | R\u00e9plique Manga Cin\u00e9","og_description":"D\u00e9couvrez ce magnifique Katana Uchigatana dans le jeu vid\u00e9o Elden Ring au meilleur prix. Lame acier avec gorge. Fourreau. Longueur totale : 105 cm","og_url":"https:\/\/repliquemangacine.fr\/it\/katana-e-spada-videogiochi-altri-videogiochi\/katana-uchigatana-elden-ring\/","og_site_name":"R\u00e9plique Manga Cin\u00e9","article_publisher":"https:\/\/www.facebook.com\/RepliqueMangaCine","article_modified_time":"2026-01-22T17:56:11+00:00","og_image":[{"width":500,"height":500,"url":"https:\/\/repliquemangacine.fr\/wp-content\/uploads\/2024\/03\/katana-Uchigatana-et-son-fourreau.jpg","type":"image\/jpeg"}],"twitter_card":"summary_large_image","twitter_misc":{"Tempo di lettura stimato":"4 minuti"},"schema":{"@context":"https:\/\/schema.org","@graph":[{"@type":"WebPage","@id":"https:\/\/repliquemangacine.fr\/katana-et-epee-de-jeux-video-autre-jeux-video\/katana-uchigatana-elden-ring\/","url":"https:\/\/repliquemangacine.fr\/katana-et-epee-de-jeux-video-autre-jeux-video\/katana-uchigatana-elden-ring\/","name":"Katana Uchigatana - Anello di Elden - Anello di Elden | R\u00e9plique Manga Cin\u00e9","isPartOf":{"@id":"https:\/\/repliquemangacine.fr\/#website"},"primaryImageOfPage":{"@id":"https:\/\/repliquemangacine.fr\/katana-et-epee-de-jeux-video-autre-jeux-video\/katana-uchigatana-elden-ring\/#primaryimage"},"image":{"@id":"https:\/\/repliquemangacine.fr\/katana-et-epee-de-jeux-video-autre-jeux-video\/katana-uchigatana-elden-ring\/#primaryimage"},"thumbnailUrl":"https:\/\/repliquemangacine.fr\/wp-content\/uploads\/2024\/03\/katana-Uchigatana-et-son-fourreau.jpg","datePublished":"2024-03-05T11:13:12+00:00","dateModified":"2026-01-22T17:56:11+00:00","description":"Scopri questa magnifica Katana Uchigatana nel videogioco Elden Ring al miglior prezzo. Lama in acciaio con gola. Fodero. Lunghezza totale: 105 cm","breadcrumb":{"@id":"https:\/\/repliquemangacine.fr\/katana-et-epee-de-jeux-video-autre-jeux-video\/katana-uchigatana-elden-ring\/#breadcrumb"},"inLanguage":"it-IT","potentialAction":[{"@type":"ReadAction","target":["https:\/\/repliquemangacine.fr\/katana-et-epee-de-jeux-video-autre-jeux-video\/katana-uchigatana-elden-ring\/"]}]},{"@type":"ImageObject","inLanguage":"it-IT","@id":"https:\/\/repliquemangacine.fr\/katana-et-epee-de-jeux-video-autre-jeux-video\/katana-uchigatana-elden-ring\/#primaryimage","url":"https:\/\/repliquemangacine.fr\/wp-content\/uploads\/2024\/03\/katana-Uchigatana-et-son-fourreau.jpg","contentUrl":"https:\/\/repliquemangacine.fr\/wp-content\/uploads\/2024\/03\/katana-Uchigatana-et-son-fourreau.jpg","width":500,"height":500,"caption":"Katana Uchigatana Elden Ring"},{"@type":"BreadcrumbList","@id":"https:\/\/repliquemangacine.fr\/katana-et-epee-de-jeux-video-autre-jeux-video\/katana-uchigatana-elden-ring\/#breadcrumb","itemListElement":[{"@type":"ListItem","position":1,"name":"Accueil","item":"https:\/\/repliquemangacine.fr\/"},{"@type":"ListItem","position":2,"name":"Produits","item":"https:\/\/repliquemangacine.fr\/boutique\/"},{"@type":"ListItem","position":3,"name":"Katana Uchigatana &#8211; Elden ring"}]},{"@type":"WebSite","@id":"https:\/\/repliquemangacine.fr\/#website","url":"https:\/\/repliquemangacine.fr\/","name":"R\u00e9plique Manga Cin\u00e9","description":"","publisher":{"@id":"https:\/\/repliquemangacine.fr\/#organization"},"potentialAction":[{"@type":"SearchAction","target":{"@type":"EntryPoint","urlTemplate":"https:\/\/repliquemangacine.fr\/?s={search_term_string}"},"query-input":{"@type":"PropertyValueSpecification","valueRequired":true,"valueName":"search_term_string"}}],"inLanguage":"it-IT"},{"@type":"Organization","@id":"https:\/\/repliquemangacine.fr\/#organization","name":"R\u00e9plique Manga Cin\u00e9","url":"https:\/\/repliquemangacine.fr\/","logo":{"@type":"ImageObject","inLanguage":"it-IT","@id":"https:\/\/repliquemangacine.fr\/#\/schema\/logo\/image\/","url":"https:\/\/repliquemangacine.fr\/wp-content\/uploads\/2023\/10\/RMC-500250.png","contentUrl":"https:\/\/repliquemangacine.fr\/wp-content\/uploads\/2023\/10\/RMC-500250.png","width":500,"height":250,"caption":"R\u00e9plique Manga Cin\u00e9"},"image":{"@id":"https:\/\/repliquemangacine.fr\/#\/schema\/logo\/image\/"},"sameAs":["https:\/\/www.facebook.com\/RepliqueMangaCine","https:\/\/www.instagram.com\/repliquemangacine.fr\/"]}]}},"_links":{"self":[{"href":"https:\/\/repliquemangacine.fr\/it\/wp-json\/wp\/v2\/product\/69971","targetHints":{"allow":["GET"]}}],"collection":[{"href":"https:\/\/repliquemangacine.fr\/it\/wp-json\/wp\/v2\/product"}],"about":[{"href":"https:\/\/repliquemangacine.fr\/it\/wp-json\/wp\/v2\/types\/product"}],"wp:featuredmedia":[{"embeddable":true,"href":"https:\/\/repliquemangacine.fr\/it\/wp-json\/wp\/v2\/media\/69972"}],"wp:attachment":[{"href":"https:\/\/repliquemangacine.fr\/it\/wp-json\/wp\/v2\/media?parent=69971"}],"wp:term":[{"taxonomy":"product_brand","embeddable":true,"href":"https:\/\/repliquemangacine.fr\/it\/wp-json\/wp\/v2\/product_brand?post=69971"},{"taxonomy":"product_cat","embeddable":true,"href":"https:\/\/repliquemangacine.fr\/it\/wp-json\/wp\/v2\/product_cat?post=69971"},{"taxonomy":"product_tag","embeddable":true,"href":"https:\/\/repliquemangacine.fr\/it\/wp-json\/wp\/v2\/product_tag?post=69971"}],"curies":[{"name":"wp","href":"https:\/\/api.w.org\/{rel}","templated":true}]}}