





{"id":69952,"date":"2024-03-04T19:25:14","date_gmt":"2024-03-04T18:25:14","guid":{"rendered":"https:\/\/repliquemangacine.fr\/?post_type=product&#038;p=69952"},"modified":"2026-03-29T18:19:47","modified_gmt":"2026-03-29T16:19:47","slug":"katana-del-fiume-insanguinato","status":"publish","type":"product","link":"https:\/\/repliquemangacine.fr\/it\/katana-et-epee-de-jeux-video-autre-jeux-video\/katana-riviere-sanglante\/","title":{"rendered":"Katana del fiume insanguinato - Anello di Elden"},"content":{"rendered":"<h2>Fiume di sangue: Una Katana unica nel suo genere<\/h2>\n<p>Per cominciare, la Katana Rivi\u00e8re Sanglante con la sua lama a forma di onda di sangue \u00e8 assolutamente impressionante. Il suo design riflette perfettamente il suo nome, evocando il fiume e il sangue dei suoi nemici. Quest'arma, incredibilmente efficace in combattimento, le conferisce il titolo di Top One.<\/p>\n<p>Ci\u00f2 che distingue davvero la Rivi\u00e8re Sanglante dalle altre katana in <a href=\"https:\/\/eldenring.fandom.com\/wiki\/Elden_Ring_(game)\" target=\"_blank\" rel=\"noopener noreferrer\">Anello di Elden<\/a>, \u00e8 la sua abilit\u00e0 speciale, \u201cCorpse Piler\u201d. Questo attacco permette al giocatore di sferrare una serie di colpi rapidi che infliggono ingenti danni da sanguinamento. L'efficacia di quest'arma contro i nemici sensibili al sanguinamento la rende un'arma ideale per affrontare avversari difficili.<\/p>\n<p>Per poter usare il Fiume Sanguinario, i giocatori devono soddisfare determinati requisiti in termini di statistiche, destrezza e arcano. L'arma sfrutta le caratteristiche di chi la usa. Ci\u00f2 significa che pi\u00f9 il tuo personaggio \u00e8 adatto a queste statistiche, pi\u00f9 sarai in grado di massimizzare il danno inflitto.<\/p>\n<h2>Katana del fiume insanguinato: Ottenimento e strategie<\/h2>\n<p>Il Fiume Sanguinario pu\u00f2 essere ottenuto sconfiggendo un nemico specifico, il che rende l'acquisizione di quest'arma una missione a s\u00e9 stante. La ricerca e la sfida per ottenere quest'arma ne aumentano il fascino e il prestigio tra la comunit\u00e0 dei giocatori.<\/p>\n<p>Per usare efficacemente il Sanglante \u00e8 necessario comprenderne il ritmo e le abilit\u00e0 speciali. I giocatori devono imparare a padroneggiare l'abilit\u00e0 \u201cCorpse Piler\u201d per massimizzare i danni da sanguinamento. Allo stesso tempo, devono usare abilmente la mobilit\u00e0 e la velocit\u00e0 della katana per schivare gli attacchi nemici. Integrare quest'arma nella vostra strategia di combattimento pu\u00f2 aumentare notevolmente le vostre possibilit\u00e0 di sopravvivenza e di successo.<\/p>\n<p>Per concludere, il vantaggio di questa Katana \u00e8 che aumenta rapidamente l'effetto sanguinamento sui nemici. \u00c8 semplicemente eccellente per un build sanguinamento. Rivi\u00e8re Sanglante richiede 12 di forza, 18 di destrezza e 20 di esoterismo per essere equipaggiata.<\/p>\n<h2>Armi in Elden Ring al miglior prezzo<\/h2>\n<p>Va sottolineato che in Elden Ring ci sono molte armi (circa 300), ma le pi\u00f9 apprezzate sono le katana. Ecco perch\u00e9 R\u00e9plique Manga Cin\u00e9 vi propone le tre migliori al miglior prezzo. Ovviamente, la n. 1 \u00e8 Rivi\u00e8re Sanglante.<\/p>\n<p>In secondo luogo, continuiamo con <a href=\"https:\/\/repliquemangacine.fr\/it\/katana-e-spada-videogiochi-altri-videogiochi\/katana-uchigatana-elden-ring\/\">Uchigatana<\/a>, una katana tradizionale. Arma emblematica, particolarmente apprezzata dai fan della serie Souls per il suo ritorno come opzione valida fin dall'inizio del gioco. La sua silhouette slanciata e il suo design essenziale ricordano le armi tradizionali dei samurai. L'Uchigatana, caratterizzata dalla sua capacit\u00e0 di infliggere danni da sanguinamento, la rende la numero 2.<\/p>\n<p>Poi c'\u00e8 anche la katana Moonveil (Eclissi lunare), che prende il nome dal suo aspetto e dalle sue capacit\u00e0. Infatti, evoca l'immagine di un misterioso velo lunare. La caratteristica pi\u00f9 notevole di <a href=\"https:\/\/repliquemangacine.fr\/it\/nuovi-prodotti\/katana-moonveil-nellanello-elden\/\">Moonveil<\/a> \u00e8 la sua abilit\u00e0 speciale, \u201cTransversal Edge\u201d. Un attacco che lancia un'onda tagliente di energia magica a corto raggio.<\/p>\n<p>In conclusione, queste tre katana saranno un'aggiunta importante alla vostra collezione.<\/p>","protected":false},"excerpt":{"rendered":"<p>Splendida replica della Katana del Fiume Insanguinato nel videogioco \"Elden Ring\".<\/p>\n<ul>\n<li>Lama in acciaio a forma di onda e finemente decorata.<\/li>\n<li>Protezione in acciaio massiccio appositamente sagomata<\/li>\n<li>Manico in finta pelle di razza rossa, ricoperto da una treccia di pelle nera.<\/li>\n<li>Fodero in legno nero<\/li>\n<li>Lunghezza lama: 68 cm - Lunghezza totale: 105 cm<\/li>\n<\/ul>","protected":false},"featured_media":69953,"template":"","meta":[],"product_brand":[],"product_cat":[876,67],"product_tag":[],"class_list":{"0":"post-69952","1":"product","2":"type-product","3":"status-publish","4":"has-post-thumbnail","6":"product_cat-elden-ring","7":"product_cat-katana-et-epee-de-jeux-video-autre-jeux-video","9":"first","10":"instock","11":"taxable","12":"shipping-taxable","13":"purchasable","14":"product-type-simple"},"yoast_head":"<!-- This site is optimized with the Yoast SEO plugin v27.4 - https:\/\/yoast.com\/product\/yoast-seo-wordpress\/ -->\n<title>Katana Rivi\u00e8re Sanglante - Elden Ring - R\u00e9plique Manga Cin\u00e9<\/title>\n<meta name=\"description\" content=\"D\u00e9couvrez le Katana Rivi\u00e8re Sanglante dans Elden Ring, le katana le plus puissant du jeu. Lame acier en forme de vague d\u00e9cor\u00e9. Poign\u00e9e cuir noir. 105cm\" \/>\n<meta name=\"robots\" content=\"index, follow, max-snippet:-1, max-image-preview:large, max-video-preview:-1\" \/>\n<link rel=\"canonical\" href=\"https:\/\/repliquemangacine.fr\/it\/katana-e-spada-videogiochi-altri-videogiochi\/katana-del-fiume-insanguinato\/\" \/>\n<meta property=\"og:locale\" content=\"it_IT\" \/>\n<meta property=\"og:type\" content=\"article\" \/>\n<meta property=\"og:title\" content=\"Katana Rivi\u00e8re Sanglante - Elden Ring - R\u00e9plique Manga Cin\u00e9\" \/>\n<meta property=\"og:description\" content=\"D\u00e9couvrez le Katana Rivi\u00e8re Sanglante dans Elden Ring, le katana le plus puissant du jeu. Lame acier en forme de vague d\u00e9cor\u00e9. Poign\u00e9e cuir noir. 105cm\" \/>\n<meta property=\"og:url\" content=\"https:\/\/repliquemangacine.fr\/it\/katana-e-spada-videogiochi-altri-videogiochi\/katana-del-fiume-insanguinato\/\" \/>\n<meta property=\"og:site_name\" content=\"R\u00e9plique Manga Cin\u00e9\" \/>\n<meta property=\"article:publisher\" content=\"https:\/\/www.facebook.com\/RepliqueMangaCine\" \/>\n<meta property=\"article:modified_time\" content=\"2026-03-29T16:19:47+00:00\" \/>\n<meta property=\"og:image\" content=\"https:\/\/repliquemangacine.fr\/wp-content\/uploads\/2024\/03\/Riviere-sanglante.jpg\" \/>\n\t<meta property=\"og:image:width\" content=\"500\" \/>\n\t<meta property=\"og:image:height\" content=\"500\" \/>\n\t<meta property=\"og:image:type\" content=\"image\/jpeg\" \/>\n<meta name=\"twitter:card\" content=\"summary_large_image\" \/>\n<meta name=\"twitter:label1\" content=\"Tempo di lettura stimato\" \/>\n\t<meta name=\"twitter:data1\" content=\"3 minuti\" \/>\n<script type=\"application\/ld+json\" class=\"yoast-schema-graph\">{\"@context\":\"https:\\\/\\\/schema.org\",\"@graph\":[{\"@type\":\"WebPage\",\"@id\":\"https:\\\/\\\/repliquemangacine.fr\\\/katana-et-epee-de-jeux-video-autre-jeux-video\\\/katana-riviere-sanglante\\\/\",\"url\":\"https:\\\/\\\/repliquemangacine.fr\\\/katana-et-epee-de-jeux-video-autre-jeux-video\\\/katana-riviere-sanglante\\\/\",\"name\":\"Katana Rivi\u00e8re Sanglante - Elden Ring - R\u00e9plique Manga Cin\u00e9\",\"isPartOf\":{\"@id\":\"https:\\\/\\\/repliquemangacine.fr\\\/#website\"},\"primaryImageOfPage\":{\"@id\":\"https:\\\/\\\/repliquemangacine.fr\\\/katana-et-epee-de-jeux-video-autre-jeux-video\\\/katana-riviere-sanglante\\\/#primaryimage\"},\"image\":{\"@id\":\"https:\\\/\\\/repliquemangacine.fr\\\/katana-et-epee-de-jeux-video-autre-jeux-video\\\/katana-riviere-sanglante\\\/#primaryimage\"},\"thumbnailUrl\":\"https:\\\/\\\/repliquemangacine.fr\\\/wp-content\\\/uploads\\\/2024\\\/03\\\/Riviere-sanglante.jpg\",\"datePublished\":\"2024-03-04T18:25:14+00:00\",\"dateModified\":\"2026-03-29T16:19:47+00:00\",\"description\":\"D\u00e9couvrez le Katana Rivi\u00e8re Sanglante dans Elden Ring, le katana le plus puissant du jeu. Lame acier en forme de vague d\u00e9cor\u00e9. Poign\u00e9e cuir noir. 105cm\",\"breadcrumb\":{\"@id\":\"https:\\\/\\\/repliquemangacine.fr\\\/katana-et-epee-de-jeux-video-autre-jeux-video\\\/katana-riviere-sanglante\\\/#breadcrumb\"},\"inLanguage\":\"it-IT\",\"potentialAction\":[{\"@type\":\"ReadAction\",\"target\":[\"https:\\\/\\\/repliquemangacine.fr\\\/katana-et-epee-de-jeux-video-autre-jeux-video\\\/katana-riviere-sanglante\\\/\"]}]},{\"@type\":\"ImageObject\",\"inLanguage\":\"it-IT\",\"@id\":\"https:\\\/\\\/repliquemangacine.fr\\\/katana-et-epee-de-jeux-video-autre-jeux-video\\\/katana-riviere-sanglante\\\/#primaryimage\",\"url\":\"https:\\\/\\\/repliquemangacine.fr\\\/wp-content\\\/uploads\\\/2024\\\/03\\\/Riviere-sanglante.jpg\",\"contentUrl\":\"https:\\\/\\\/repliquemangacine.fr\\\/wp-content\\\/uploads\\\/2024\\\/03\\\/Riviere-sanglante.jpg\",\"width\":500,\"height\":500,\"caption\":\"Katana rivi\u00e8re Sanglante Elden Ring\"},{\"@type\":\"BreadcrumbList\",\"@id\":\"https:\\\/\\\/repliquemangacine.fr\\\/katana-et-epee-de-jeux-video-autre-jeux-video\\\/katana-riviere-sanglante\\\/#breadcrumb\",\"itemListElement\":[{\"@type\":\"ListItem\",\"position\":1,\"name\":\"Accueil\",\"item\":\"https:\\\/\\\/repliquemangacine.fr\\\/\"},{\"@type\":\"ListItem\",\"position\":2,\"name\":\"Produits\",\"item\":\"https:\\\/\\\/repliquemangacine.fr\\\/boutique\\\/\"},{\"@type\":\"ListItem\",\"position\":3,\"name\":\"Katana Rivi\u00e8re Sanglante &#8211; Elden Ring\"}]},{\"@type\":\"WebSite\",\"@id\":\"https:\\\/\\\/repliquemangacine.fr\\\/#website\",\"url\":\"https:\\\/\\\/repliquemangacine.fr\\\/\",\"name\":\"R\u00e9plique Manga Cin\u00e9\",\"description\":\"\",\"publisher\":{\"@id\":\"https:\\\/\\\/repliquemangacine.fr\\\/#organization\"},\"potentialAction\":[{\"@type\":\"SearchAction\",\"target\":{\"@type\":\"EntryPoint\",\"urlTemplate\":\"https:\\\/\\\/repliquemangacine.fr\\\/?s={search_term_string}\"},\"query-input\":{\"@type\":\"PropertyValueSpecification\",\"valueRequired\":true,\"valueName\":\"search_term_string\"}}],\"inLanguage\":\"it-IT\"},{\"@type\":\"Organization\",\"@id\":\"https:\\\/\\\/repliquemangacine.fr\\\/#organization\",\"name\":\"R\u00e9plique Manga Cin\u00e9\",\"url\":\"https:\\\/\\\/repliquemangacine.fr\\\/\",\"logo\":{\"@type\":\"ImageObject\",\"inLanguage\":\"it-IT\",\"@id\":\"https:\\\/\\\/repliquemangacine.fr\\\/#\\\/schema\\\/logo\\\/image\\\/\",\"url\":\"https:\\\/\\\/repliquemangacine.fr\\\/wp-content\\\/uploads\\\/2023\\\/10\\\/RMC-500250.png\",\"contentUrl\":\"https:\\\/\\\/repliquemangacine.fr\\\/wp-content\\\/uploads\\\/2023\\\/10\\\/RMC-500250.png\",\"width\":500,\"height\":250,\"caption\":\"R\u00e9plique Manga Cin\u00e9\"},\"image\":{\"@id\":\"https:\\\/\\\/repliquemangacine.fr\\\/#\\\/schema\\\/logo\\\/image\\\/\"},\"sameAs\":[\"https:\\\/\\\/www.facebook.com\\\/RepliqueMangaCine\",\"https:\\\/\\\/www.instagram.com\\\/repliquemangacine.fr\\\/\"]}]}<\/script>\n<!-- \/ Yoast SEO plugin. -->","yoast_head_json":{"title":"Katana del fiume insanguinato - Anello di Elden - R\u00e9plique Manga Cin\u00e9","description":"Scopri la Katana del Fiume Insanguinato nell'Elden Ring, la katana pi\u00f9 potente del gioco. Lama in acciaio a forma di onda decorata. Manico in pelle nera. 105 cm","robots":{"index":"index","follow":"follow","max-snippet":"max-snippet:-1","max-image-preview":"max-image-preview:large","max-video-preview":"max-video-preview:-1"},"canonical":"https:\/\/repliquemangacine.fr\/it\/katana-e-spada-videogiochi-altri-videogiochi\/katana-del-fiume-insanguinato\/","og_locale":"it_IT","og_type":"article","og_title":"Katana Rivi\u00e8re Sanglante - Elden Ring - R\u00e9plique Manga Cin\u00e9","og_description":"D\u00e9couvrez le Katana Rivi\u00e8re Sanglante dans Elden Ring, le katana le plus puissant du jeu. Lame acier en forme de vague d\u00e9cor\u00e9. Poign\u00e9e cuir noir. 105cm","og_url":"https:\/\/repliquemangacine.fr\/it\/katana-e-spada-videogiochi-altri-videogiochi\/katana-del-fiume-insanguinato\/","og_site_name":"R\u00e9plique Manga Cin\u00e9","article_publisher":"https:\/\/www.facebook.com\/RepliqueMangaCine","article_modified_time":"2026-03-29T16:19:47+00:00","og_image":[{"width":500,"height":500,"url":"https:\/\/repliquemangacine.fr\/wp-content\/uploads\/2024\/03\/Riviere-sanglante.jpg","type":"image\/jpeg"}],"twitter_card":"summary_large_image","twitter_misc":{"Tempo di lettura stimato":"3 minuti"},"schema":{"@context":"https:\/\/schema.org","@graph":[{"@type":"WebPage","@id":"https:\/\/repliquemangacine.fr\/katana-et-epee-de-jeux-video-autre-jeux-video\/katana-riviere-sanglante\/","url":"https:\/\/repliquemangacine.fr\/katana-et-epee-de-jeux-video-autre-jeux-video\/katana-riviere-sanglante\/","name":"Katana del fiume insanguinato - Anello di Elden - R\u00e9plique Manga Cin\u00e9","isPartOf":{"@id":"https:\/\/repliquemangacine.fr\/#website"},"primaryImageOfPage":{"@id":"https:\/\/repliquemangacine.fr\/katana-et-epee-de-jeux-video-autre-jeux-video\/katana-riviere-sanglante\/#primaryimage"},"image":{"@id":"https:\/\/repliquemangacine.fr\/katana-et-epee-de-jeux-video-autre-jeux-video\/katana-riviere-sanglante\/#primaryimage"},"thumbnailUrl":"https:\/\/repliquemangacine.fr\/wp-content\/uploads\/2024\/03\/Riviere-sanglante.jpg","datePublished":"2024-03-04T18:25:14+00:00","dateModified":"2026-03-29T16:19:47+00:00","description":"Scopri la Katana del Fiume Insanguinato nell'Elden Ring, la katana pi\u00f9 potente del gioco. Lama in acciaio a forma di onda decorata. Manico in pelle nera. 105 cm","breadcrumb":{"@id":"https:\/\/repliquemangacine.fr\/katana-et-epee-de-jeux-video-autre-jeux-video\/katana-riviere-sanglante\/#breadcrumb"},"inLanguage":"it-IT","potentialAction":[{"@type":"ReadAction","target":["https:\/\/repliquemangacine.fr\/katana-et-epee-de-jeux-video-autre-jeux-video\/katana-riviere-sanglante\/"]}]},{"@type":"ImageObject","inLanguage":"it-IT","@id":"https:\/\/repliquemangacine.fr\/katana-et-epee-de-jeux-video-autre-jeux-video\/katana-riviere-sanglante\/#primaryimage","url":"https:\/\/repliquemangacine.fr\/wp-content\/uploads\/2024\/03\/Riviere-sanglante.jpg","contentUrl":"https:\/\/repliquemangacine.fr\/wp-content\/uploads\/2024\/03\/Riviere-sanglante.jpg","width":500,"height":500,"caption":"Katana rivi\u00e8re Sanglante Elden Ring"},{"@type":"BreadcrumbList","@id":"https:\/\/repliquemangacine.fr\/katana-et-epee-de-jeux-video-autre-jeux-video\/katana-riviere-sanglante\/#breadcrumb","itemListElement":[{"@type":"ListItem","position":1,"name":"Accueil","item":"https:\/\/repliquemangacine.fr\/"},{"@type":"ListItem","position":2,"name":"Produits","item":"https:\/\/repliquemangacine.fr\/boutique\/"},{"@type":"ListItem","position":3,"name":"Katana Rivi\u00e8re Sanglante &#8211; Elden Ring"}]},{"@type":"WebSite","@id":"https:\/\/repliquemangacine.fr\/#website","url":"https:\/\/repliquemangacine.fr\/","name":"R\u00e9plique Manga Cin\u00e9","description":"","publisher":{"@id":"https:\/\/repliquemangacine.fr\/#organization"},"potentialAction":[{"@type":"SearchAction","target":{"@type":"EntryPoint","urlTemplate":"https:\/\/repliquemangacine.fr\/?s={search_term_string}"},"query-input":{"@type":"PropertyValueSpecification","valueRequired":true,"valueName":"search_term_string"}}],"inLanguage":"it-IT"},{"@type":"Organization","@id":"https:\/\/repliquemangacine.fr\/#organization","name":"R\u00e9plique Manga Cin\u00e9","url":"https:\/\/repliquemangacine.fr\/","logo":{"@type":"ImageObject","inLanguage":"it-IT","@id":"https:\/\/repliquemangacine.fr\/#\/schema\/logo\/image\/","url":"https:\/\/repliquemangacine.fr\/wp-content\/uploads\/2023\/10\/RMC-500250.png","contentUrl":"https:\/\/repliquemangacine.fr\/wp-content\/uploads\/2023\/10\/RMC-500250.png","width":500,"height":250,"caption":"R\u00e9plique Manga Cin\u00e9"},"image":{"@id":"https:\/\/repliquemangacine.fr\/#\/schema\/logo\/image\/"},"sameAs":["https:\/\/www.facebook.com\/RepliqueMangaCine","https:\/\/www.instagram.com\/repliquemangacine.fr\/"]}]}},"_links":{"self":[{"href":"https:\/\/repliquemangacine.fr\/it\/wp-json\/wp\/v2\/product\/69952","targetHints":{"allow":["GET"]}}],"collection":[{"href":"https:\/\/repliquemangacine.fr\/it\/wp-json\/wp\/v2\/product"}],"about":[{"href":"https:\/\/repliquemangacine.fr\/it\/wp-json\/wp\/v2\/types\/product"}],"wp:featuredmedia":[{"embeddable":true,"href":"https:\/\/repliquemangacine.fr\/it\/wp-json\/wp\/v2\/media\/69953"}],"wp:attachment":[{"href":"https:\/\/repliquemangacine.fr\/it\/wp-json\/wp\/v2\/media?parent=69952"}],"wp:term":[{"taxonomy":"product_brand","embeddable":true,"href":"https:\/\/repliquemangacine.fr\/it\/wp-json\/wp\/v2\/product_brand?post=69952"},{"taxonomy":"product_cat","embeddable":true,"href":"https:\/\/repliquemangacine.fr\/it\/wp-json\/wp\/v2\/product_cat?post=69952"},{"taxonomy":"product_tag","embeddable":true,"href":"https:\/\/repliquemangacine.fr\/it\/wp-json\/wp\/v2\/product_tag?post=69952"}],"curies":[{"name":"wp","href":"https:\/\/api.w.org\/{rel}","templated":true}]}}