





{"id":69038,"date":"2024-02-09T17:35:31","date_gmt":"2024-02-09T16:35:31","guid":{"rendered":"https:\/\/repliquemangacine.fr\/?post_type=product&#038;p=69038"},"modified":"2025-11-18T14:48:32","modified_gmt":"2025-11-18T13:48:32","slug":"kit-di-sigilli-e-cera-di-harry-potter","status":"publish","type":"product","link":"https:\/\/repliquemangacine.fr\/it\/collectors-et-goodies-harry-potter\/kit-sceau-et-cire-harry-potter\/","title":{"rendered":"Kit sigillo e cera Harry Potter"},"content":{"rendered":"<h2>Kit di sigilli e cera di Harry Potter: L'arte antica incontra la magia<\/h2>\n<p>Per cominciare, scoprite il <strong>Kit sigillo e cera Harry Potter<\/strong>, una vera e propria celebrazione dell'arte tradizionale della cancelleria. Magnificamente reinventata attraverso il prisma del magico universo di Harry Potter. Questo eccezionale cofanetto contiene tutto il necessario per personalizzare la vostra corrispondenza con un tocco di eleganza.<\/p>\n<p>Il cuore di questo kit \u00e8 costituito da un porta-sigilli con l'emblema di Grifondoro. I 4 sigilli diversi consentono di variare i piaceri e personalizzare ogni invio con un simbolo unico. In questo modo la vostra corrispondenza avr\u00e0 un tocco personale e distintivo.<\/p>\n<p>I due flaconi di cera, dai colori ricchi e intensi, sono stati appositamente progettati per armonizzarsi con il tema di Grifondoro. Il cucchiaio in metallo non solo \u00e8 pratico per sciogliere la cera, ma aggiunge anche un tocco di autenticit\u00e0 e fascino all'intero processo.<\/p>\n<p>La candela fornita garantisce una fonte di calore affidabile e costante per sciogliere la cera. Il pennarello dorato permette invece di aggiungere un tocco finale elegante alle vostre lettere o alle vostre buste.<\/p>\n<p>In conclusione, questo kit sigillo e ceralacca Harry Potter \u00e8 molto pi\u00f9 di un semplice set di strumenti. \u00c8 un invito a rivivere la magia e il romanticismo della corrispondenza manoscritta, arricchita dall'estetica iconica dell'universo di Harry Potter.<\/p>\n<h2>Kit di sigilli e cera di Harry Potter: un tesoro di qualit\u00e0 a un prezzo accessibile<\/h2>\n<p>Le <strong>Kit sigillo e cera Harry Potter<\/strong> non \u00e8 solo un omaggio alla delicata arte della fabbricazione dei sigilli. Rappresenta anche il nostro impegno a offrire prodotti di alta qualit\u00e0 a prezzi che rispettano il vostro budget. Progettato per gli appassionati dell'universo di Harry Potter, questo cofanetto combina con brio finiture accurate, materiali di prima scelta e accessibilit\u00e0, riflettendo l'eccellenza e l'autenticit\u00e0 che vi aspettate da qualsiasi articolo con il marchio Harry Potter.<\/p>\n<p>Arricchite la vostra collezione con questo kit, ma non fermatevi qui. Il nostro negozio \u00e8 pieno di tesori provenienti direttamente dal mondo magico. Infatti, per coloro che desiderano approfondire la loro immersione nell'arte della scrittura magica, c'\u00e8 il <a href=\"https:\/\/repliquemangacine.fr\/it\/collezionisti-di-harry-potter-e-chicche\/set-calligrafia-harry-potter\/\">set completo di calligrafia,<\/a> cos\u00ec come il nostro <a href=\"https:\/\/repliquemangacine.fr\/it\/varie-chicche\/set-bacchetta-harry-potter\/\">scatole da collezione di bacchette con anello portachiavi<\/a>. Offrono un'esperienza autentica e arricchente, consentendoti di ricreare gli incantesimi e le lettere emblematiche della saga.<\/p>\n<p>Poi, i nostri <a href=\"https:\/\/repliquemangacine.fr\/it\/collezionisti-di-harry-potter-e-chicche\/tazza-hogwarts-500-ml\/\">tazze<\/a> Case di Hogwarts, progettate per resistere alla prova del tempo. Sono il compagno ideale per i vostri drink mattutini o serali, unendo utilit\u00e0 e passione.<\/p>\n<h2>I must di Hogwarts: i prodotti ufficiali di Harry Potter<\/h2>\n<p>Diventa il pi\u00f9 grande mago con la nostra esclusiva selezione di prodotti ufficiali, autorizzati dalla Warner Bros e distribuiti da <a href=\"https:\/\/noblecollection.fr\/produits-issus-univers-harry-potter-c-163_10.html\" target=\"_blank\" rel=\"noopener noreferrer\">Collezione Nobile<\/a>. Ogni pezzo di questa collezione \u00e8 stato progettato per trasportarvi direttamente nel mondo incantato di J.K. Rowling, grazie a repliche autentiche e magiche che catturano l'immaginazione.<\/p>\n<p>Prima di tutto, il <a href=\"https:\/\/repliquemangacine.fr\/it\/collezionisti-di-harry-potter-e-chicche\/carta-del-predone\/\">Carta Marauder<\/a>Un passaporto per l'avventura che svela i segreti di Hogwarts. A seguire, il <a href=\"https:\/\/repliquemangacine.fr\/it\/collezionisti-di-harry-potter-e-chicche\/il-deluminatore-di-ron-weasley\/\">Deluminatore<\/a>, fedele replica di quello ereditato da Ron Weasley, un affascinante oggetto da collezione. Non solo \u00e8 un forte simbolo di amicizia e luce nell'oscurit\u00e0, ma \u00e8 anche un esempio dell'eccezionale maestria che sta dietro alla creazione dei prodotti ufficiali di Harry Potter. Ci sono anche la scopa Firebolt, la borsa di Hermione e molti altri oggetti da scoprire.<\/p>\n<p>Questi imperdibili articoli di Hogwarts sono pi\u00f9 che semplici souvenir. Sono un invito a rivivere la magia, a immergersi nell'avventura e ad abbracciare l'immaginario dell'universo di Harry Potter. Che tu sia un collezionista esperto o un nuovo fan, questi prodotti ufficiali di Harry Potter sono tesori da custodire gelosamente, testimoni della magia senza tempo che continua a ispirare e ad affascinare intere generazioni.<\/p>","protected":false},"excerpt":{"rendered":"<p>Superbo kit di sigilli e cera, ispirato alla saga di Harry Potter.<\/p>\n<p>Questo set comprende :<\/p>\n<ul>\n<li>un porta sigillo Grifondoro<\/li>\n<li>Quattro sigilli<\/li>\n<li>Due bottiglie di cera<\/li>\n<li>un cucchiaio di metallo con manico di legno<\/li>\n<li>Una lampada da t\u00e8<\/li>\n<li>Un pennarello dorato<\/li>\n<\/ul>","protected":false},"featured_media":69041,"template":"","meta":[],"product_brand":[896],"product_cat":[87,41],"product_tag":[],"class_list":{"0":"post-69038","1":"product","2":"type-product","3":"status-publish","4":"has-post-thumbnail","6":"product_brand-replique-manga-cine","7":"product_cat-collectors-et-goodies-harry-potter","8":"product_cat-baguettes-et-goodies-harry-potter","10":"first","11":"outofstock","12":"taxable","13":"shipping-taxable","14":"purchasable","15":"product-type-simple"},"yoast_head":"<!-- This site is optimized with the Yoast SEO plugin v27.4 - https:\/\/yoast.com\/product\/yoast-seo-wordpress\/ -->\n<title>Kit Sceau et Cire Harry Potter | R\u00e9plique Manga Cin\u00e9<\/title>\n<meta name=\"description\" content=\"Venez d\u00e9couvrir notre Kit Sceau et Cire Harry Potter au meilleur prix. Ce petit coffret vous permettra d&#039;apposer une touche originale \u00e0 vos courriers.\" \/>\n<meta name=\"robots\" content=\"index, follow, max-snippet:-1, max-image-preview:large, max-video-preview:-1\" \/>\n<link rel=\"canonical\" href=\"https:\/\/repliquemangacine.fr\/it\/collezionisti-di-harry-potter-e-chicche\/kit-di-sigilli-e-cera-di-harry-potter\/\" \/>\n<meta property=\"og:locale\" content=\"it_IT\" \/>\n<meta property=\"og:type\" content=\"article\" \/>\n<meta property=\"og:title\" content=\"Kit Sceau et Cire Harry Potter | R\u00e9plique Manga Cin\u00e9\" \/>\n<meta property=\"og:description\" content=\"Venez d\u00e9couvrir notre Kit Sceau et Cire Harry Potter au meilleur prix. Ce petit coffret vous permettra d&#039;apposer une touche originale \u00e0 vos courriers.\" \/>\n<meta property=\"og:url\" content=\"https:\/\/repliquemangacine.fr\/it\/collezionisti-di-harry-potter-e-chicche\/kit-di-sigilli-e-cera-di-harry-potter\/\" \/>\n<meta property=\"og:site_name\" content=\"R\u00e9plique Manga Cin\u00e9\" \/>\n<meta property=\"article:publisher\" content=\"https:\/\/www.facebook.com\/RepliqueMangaCine\" \/>\n<meta property=\"article:modified_time\" content=\"2025-11-18T13:48:32+00:00\" \/>\n<meta property=\"og:image\" content=\"https:\/\/repliquemangacine.fr\/wp-content\/uploads\/2024\/02\/coffret-tampon-et-cire-hp-boite.jpg\" \/>\n\t<meta property=\"og:image:width\" content=\"500\" \/>\n\t<meta property=\"og:image:height\" content=\"500\" \/>\n\t<meta property=\"og:image:type\" content=\"image\/jpeg\" \/>\n<meta name=\"twitter:card\" content=\"summary_large_image\" \/>\n<meta name=\"twitter:label1\" content=\"Tempo di lettura stimato\" \/>\n\t<meta name=\"twitter:data1\" content=\"4 minuti\" \/>\n<script type=\"application\/ld+json\" class=\"yoast-schema-graph\">{\"@context\":\"https:\\\/\\\/schema.org\",\"@graph\":[{\"@type\":\"WebPage\",\"@id\":\"https:\\\/\\\/repliquemangacine.fr\\\/collectors-et-goodies-harry-potter\\\/kit-sceau-et-cire-harry-potter\\\/\",\"url\":\"https:\\\/\\\/repliquemangacine.fr\\\/collectors-et-goodies-harry-potter\\\/kit-sceau-et-cire-harry-potter\\\/\",\"name\":\"Kit Sceau et Cire Harry Potter | R\u00e9plique Manga Cin\u00e9\",\"isPartOf\":{\"@id\":\"https:\\\/\\\/repliquemangacine.fr\\\/#website\"},\"primaryImageOfPage\":{\"@id\":\"https:\\\/\\\/repliquemangacine.fr\\\/collectors-et-goodies-harry-potter\\\/kit-sceau-et-cire-harry-potter\\\/#primaryimage\"},\"image\":{\"@id\":\"https:\\\/\\\/repliquemangacine.fr\\\/collectors-et-goodies-harry-potter\\\/kit-sceau-et-cire-harry-potter\\\/#primaryimage\"},\"thumbnailUrl\":\"https:\\\/\\\/repliquemangacine.fr\\\/wp-content\\\/uploads\\\/2024\\\/02\\\/coffret-tampon-et-cire-hp-boite.jpg\",\"datePublished\":\"2024-02-09T16:35:31+00:00\",\"dateModified\":\"2025-11-18T13:48:32+00:00\",\"description\":\"Venez d\u00e9couvrir notre Kit Sceau et Cire Harry Potter au meilleur prix. Ce petit coffret vous permettra d'apposer une touche originale \u00e0 vos courriers.\",\"breadcrumb\":{\"@id\":\"https:\\\/\\\/repliquemangacine.fr\\\/collectors-et-goodies-harry-potter\\\/kit-sceau-et-cire-harry-potter\\\/#breadcrumb\"},\"inLanguage\":\"it-IT\",\"potentialAction\":[{\"@type\":\"ReadAction\",\"target\":[\"https:\\\/\\\/repliquemangacine.fr\\\/collectors-et-goodies-harry-potter\\\/kit-sceau-et-cire-harry-potter\\\/\"]}]},{\"@type\":\"ImageObject\",\"inLanguage\":\"it-IT\",\"@id\":\"https:\\\/\\\/repliquemangacine.fr\\\/collectors-et-goodies-harry-potter\\\/kit-sceau-et-cire-harry-potter\\\/#primaryimage\",\"url\":\"https:\\\/\\\/repliquemangacine.fr\\\/wp-content\\\/uploads\\\/2024\\\/02\\\/coffret-tampon-et-cire-hp-boite.jpg\",\"contentUrl\":\"https:\\\/\\\/repliquemangacine.fr\\\/wp-content\\\/uploads\\\/2024\\\/02\\\/coffret-tampon-et-cire-hp-boite.jpg\",\"width\":500,\"height\":500,\"caption\":\"Kit Sceau et Cire Harry Potter\"},{\"@type\":\"BreadcrumbList\",\"@id\":\"https:\\\/\\\/repliquemangacine.fr\\\/collectors-et-goodies-harry-potter\\\/kit-sceau-et-cire-harry-potter\\\/#breadcrumb\",\"itemListElement\":[{\"@type\":\"ListItem\",\"position\":1,\"name\":\"Accueil\",\"item\":\"https:\\\/\\\/repliquemangacine.fr\\\/\"},{\"@type\":\"ListItem\",\"position\":2,\"name\":\"Produits\",\"item\":\"https:\\\/\\\/repliquemangacine.fr\\\/boutique\\\/\"},{\"@type\":\"ListItem\",\"position\":3,\"name\":\"Kit Sceau et Cire Harry Potter\"}]},{\"@type\":\"WebSite\",\"@id\":\"https:\\\/\\\/repliquemangacine.fr\\\/#website\",\"url\":\"https:\\\/\\\/repliquemangacine.fr\\\/\",\"name\":\"R\u00e9plique Manga Cin\u00e9\",\"description\":\"\",\"publisher\":{\"@id\":\"https:\\\/\\\/repliquemangacine.fr\\\/#organization\"},\"potentialAction\":[{\"@type\":\"SearchAction\",\"target\":{\"@type\":\"EntryPoint\",\"urlTemplate\":\"https:\\\/\\\/repliquemangacine.fr\\\/?s={search_term_string}\"},\"query-input\":{\"@type\":\"PropertyValueSpecification\",\"valueRequired\":true,\"valueName\":\"search_term_string\"}}],\"inLanguage\":\"it-IT\"},{\"@type\":\"Organization\",\"@id\":\"https:\\\/\\\/repliquemangacine.fr\\\/#organization\",\"name\":\"R\u00e9plique Manga Cin\u00e9\",\"url\":\"https:\\\/\\\/repliquemangacine.fr\\\/\",\"logo\":{\"@type\":\"ImageObject\",\"inLanguage\":\"it-IT\",\"@id\":\"https:\\\/\\\/repliquemangacine.fr\\\/#\\\/schema\\\/logo\\\/image\\\/\",\"url\":\"https:\\\/\\\/repliquemangacine.fr\\\/wp-content\\\/uploads\\\/2023\\\/10\\\/RMC-500250.png\",\"contentUrl\":\"https:\\\/\\\/repliquemangacine.fr\\\/wp-content\\\/uploads\\\/2023\\\/10\\\/RMC-500250.png\",\"width\":500,\"height\":250,\"caption\":\"R\u00e9plique Manga Cin\u00e9\"},\"image\":{\"@id\":\"https:\\\/\\\/repliquemangacine.fr\\\/#\\\/schema\\\/logo\\\/image\\\/\"},\"sameAs\":[\"https:\\\/\\\/www.facebook.com\\\/RepliqueMangaCine\",\"https:\\\/\\\/www.instagram.com\\\/repliquemangacine.fr\\\/\"]}]}<\/script>\n<!-- \/ Yoast SEO plugin. -->","yoast_head_json":{"title":"Harry Potter Kit sigillo e cera | R\u00e9plique Manga Cin\u00e9","description":"Venite a scoprire il nostro kit di sigilli e cera di Harry Potter al miglior prezzo. Questa piccola scatola dar\u00e0 un tocco originale alle vostre lettere.","robots":{"index":"index","follow":"follow","max-snippet":"max-snippet:-1","max-image-preview":"max-image-preview:large","max-video-preview":"max-video-preview:-1"},"canonical":"https:\/\/repliquemangacine.fr\/it\/collezionisti-di-harry-potter-e-chicche\/kit-di-sigilli-e-cera-di-harry-potter\/","og_locale":"it_IT","og_type":"article","og_title":"Kit Sceau et Cire Harry Potter | R\u00e9plique Manga Cin\u00e9","og_description":"Venez d\u00e9couvrir notre Kit Sceau et Cire Harry Potter au meilleur prix. Ce petit coffret vous permettra d'apposer une touche originale \u00e0 vos courriers.","og_url":"https:\/\/repliquemangacine.fr\/it\/collezionisti-di-harry-potter-e-chicche\/kit-di-sigilli-e-cera-di-harry-potter\/","og_site_name":"R\u00e9plique Manga Cin\u00e9","article_publisher":"https:\/\/www.facebook.com\/RepliqueMangaCine","article_modified_time":"2025-11-18T13:48:32+00:00","og_image":[{"width":500,"height":500,"url":"https:\/\/repliquemangacine.fr\/wp-content\/uploads\/2024\/02\/coffret-tampon-et-cire-hp-boite.jpg","type":"image\/jpeg"}],"twitter_card":"summary_large_image","twitter_misc":{"Tempo di lettura stimato":"4 minuti"},"schema":{"@context":"https:\/\/schema.org","@graph":[{"@type":"WebPage","@id":"https:\/\/repliquemangacine.fr\/collectors-et-goodies-harry-potter\/kit-sceau-et-cire-harry-potter\/","url":"https:\/\/repliquemangacine.fr\/collectors-et-goodies-harry-potter\/kit-sceau-et-cire-harry-potter\/","name":"Harry Potter Kit sigillo e cera | R\u00e9plique Manga Cin\u00e9","isPartOf":{"@id":"https:\/\/repliquemangacine.fr\/#website"},"primaryImageOfPage":{"@id":"https:\/\/repliquemangacine.fr\/collectors-et-goodies-harry-potter\/kit-sceau-et-cire-harry-potter\/#primaryimage"},"image":{"@id":"https:\/\/repliquemangacine.fr\/collectors-et-goodies-harry-potter\/kit-sceau-et-cire-harry-potter\/#primaryimage"},"thumbnailUrl":"https:\/\/repliquemangacine.fr\/wp-content\/uploads\/2024\/02\/coffret-tampon-et-cire-hp-boite.jpg","datePublished":"2024-02-09T16:35:31+00:00","dateModified":"2025-11-18T13:48:32+00:00","description":"Venite a scoprire il nostro kit di sigilli e cera di Harry Potter al miglior prezzo. Questa piccola scatola dar\u00e0 un tocco originale alle vostre lettere.","breadcrumb":{"@id":"https:\/\/repliquemangacine.fr\/collectors-et-goodies-harry-potter\/kit-sceau-et-cire-harry-potter\/#breadcrumb"},"inLanguage":"it-IT","potentialAction":[{"@type":"ReadAction","target":["https:\/\/repliquemangacine.fr\/collectors-et-goodies-harry-potter\/kit-sceau-et-cire-harry-potter\/"]}]},{"@type":"ImageObject","inLanguage":"it-IT","@id":"https:\/\/repliquemangacine.fr\/collectors-et-goodies-harry-potter\/kit-sceau-et-cire-harry-potter\/#primaryimage","url":"https:\/\/repliquemangacine.fr\/wp-content\/uploads\/2024\/02\/coffret-tampon-et-cire-hp-boite.jpg","contentUrl":"https:\/\/repliquemangacine.fr\/wp-content\/uploads\/2024\/02\/coffret-tampon-et-cire-hp-boite.jpg","width":500,"height":500,"caption":"Kit Sceau et Cire Harry Potter"},{"@type":"BreadcrumbList","@id":"https:\/\/repliquemangacine.fr\/collectors-et-goodies-harry-potter\/kit-sceau-et-cire-harry-potter\/#breadcrumb","itemListElement":[{"@type":"ListItem","position":1,"name":"Accueil","item":"https:\/\/repliquemangacine.fr\/"},{"@type":"ListItem","position":2,"name":"Produits","item":"https:\/\/repliquemangacine.fr\/boutique\/"},{"@type":"ListItem","position":3,"name":"Kit Sceau et Cire Harry Potter"}]},{"@type":"WebSite","@id":"https:\/\/repliquemangacine.fr\/#website","url":"https:\/\/repliquemangacine.fr\/","name":"R\u00e9plique Manga Cin\u00e9","description":"","publisher":{"@id":"https:\/\/repliquemangacine.fr\/#organization"},"potentialAction":[{"@type":"SearchAction","target":{"@type":"EntryPoint","urlTemplate":"https:\/\/repliquemangacine.fr\/?s={search_term_string}"},"query-input":{"@type":"PropertyValueSpecification","valueRequired":true,"valueName":"search_term_string"}}],"inLanguage":"it-IT"},{"@type":"Organization","@id":"https:\/\/repliquemangacine.fr\/#organization","name":"R\u00e9plique Manga Cin\u00e9","url":"https:\/\/repliquemangacine.fr\/","logo":{"@type":"ImageObject","inLanguage":"it-IT","@id":"https:\/\/repliquemangacine.fr\/#\/schema\/logo\/image\/","url":"https:\/\/repliquemangacine.fr\/wp-content\/uploads\/2023\/10\/RMC-500250.png","contentUrl":"https:\/\/repliquemangacine.fr\/wp-content\/uploads\/2023\/10\/RMC-500250.png","width":500,"height":250,"caption":"R\u00e9plique Manga Cin\u00e9"},"image":{"@id":"https:\/\/repliquemangacine.fr\/#\/schema\/logo\/image\/"},"sameAs":["https:\/\/www.facebook.com\/RepliqueMangaCine","https:\/\/www.instagram.com\/repliquemangacine.fr\/"]}]}},"_links":{"self":[{"href":"https:\/\/repliquemangacine.fr\/it\/wp-json\/wp\/v2\/product\/69038","targetHints":{"allow":["GET"]}}],"collection":[{"href":"https:\/\/repliquemangacine.fr\/it\/wp-json\/wp\/v2\/product"}],"about":[{"href":"https:\/\/repliquemangacine.fr\/it\/wp-json\/wp\/v2\/types\/product"}],"wp:featuredmedia":[{"embeddable":true,"href":"https:\/\/repliquemangacine.fr\/it\/wp-json\/wp\/v2\/media\/69041"}],"wp:attachment":[{"href":"https:\/\/repliquemangacine.fr\/it\/wp-json\/wp\/v2\/media?parent=69038"}],"wp:term":[{"taxonomy":"product_brand","embeddable":true,"href":"https:\/\/repliquemangacine.fr\/it\/wp-json\/wp\/v2\/product_brand?post=69038"},{"taxonomy":"product_cat","embeddable":true,"href":"https:\/\/repliquemangacine.fr\/it\/wp-json\/wp\/v2\/product_cat?post=69038"},{"taxonomy":"product_tag","embeddable":true,"href":"https:\/\/repliquemangacine.fr\/it\/wp-json\/wp\/v2\/product_tag?post=69038"}],"curies":[{"name":"wp","href":"https:\/\/api.w.org\/{rel}","templated":true}]}}