





{"id":69030,"date":"2024-02-09T14:55:00","date_gmt":"2024-02-09T13:55:00","guid":{"rendered":"https:\/\/repliquemangacine.fr\/?post_type=product&#038;p=69030"},"modified":"2025-11-18T14:49:26","modified_gmt":"2025-11-18T13:49:26","slug":"kit-calligrafia-harry-potter","status":"publish","type":"product","link":"https:\/\/repliquemangacine.fr\/it\/collectors-et-goodies-harry-potter\/kit-calligraphie-harry-potter\/","title":{"rendered":"Kit di calligrafia Harry Potter"},"content":{"rendered":"<h2>Kit di calligrafia di Harry Potter: un viaggio magico nell'arte della scrittura<\/h2>\n<p>Per cominciare, scoprite questo affascinante <strong>Kit di calligrafia di Harry Potter. <\/strong>Un invito ad immergersi nell'incantevole mondo della scrittura a mano con un tocco di magia. Questo kit eccezionale \u00e8 pensato per gli appassionati della saga di J.K. Rowling e gli amanti dell'arte epistolare. Include una magnifica penna stilografica rossa, decorata con la scritta Harry Potter, che promette un'esperienza di scrittura fluida ed elegante. Il portapennino incluso aggiunge un tocco di autenticit\u00e0 alla vostra pratica calligrafica.<\/p>\n<p>Il flacone di inchiostro Harry Potter \u00e8 un vero e proprio oggetto da collezione. Accompagnato da 5 ricariche di inchiostri di diversi colori, offre una vasta gamma di possibilit\u00e0 per abbellire i vostri scritti. Che scriviate lettere, inviti o incantesimi, le sfumature disponibili sapranno ispirare la vostra creativit\u00e0. Infine, il segnalibro a forma di penna \u00e8 l'accessorio perfetto per segnare la pagina in qualsiasi grimorio o libro di incantesimi.<\/p>\n<p>Questo kit non \u00e8 solo un set di strumenti per scrivere, ma \u00e8 una porta d'accesso al magico universo di Harry Potter, che offre un'esperienza coinvolgente a tutti coloro che desiderano incantare la loro quotidianit\u00e0. In conclusione, il Kit Calligrafia Harry Potter \u00e8 il vostro passaporto per un mondo in cui la scrittura diventa un'arte magica.<\/p>\n<h2>Ampliate la vostra collezione con i tesori di Harry Potter<\/h2>\n<p>Oltre all'accattivante <strong>Kit di calligrafia Harry Potter<\/strong>Il nostro sito web trabocca di tesori provenienti dal magico mondo di J.K. Rowling. Tra queste gemme, scoprite le figurine ufficiali di <a href=\"https:\/\/noblecollection.fr\/produits-issus-univers-harry-potter-c-163_10.html\" target=\"_blank\" rel=\"noopener noreferrer\">Collezione Nobile<\/a>, pezzi da collezione curati nei minimi dettagli. Ogni statuina \u00e8 un omaggio alla magia di Harry Potter, perfetta per abbellire qualsiasi ambiente della vostra casa.<\/p>\n<p>Per gli appassionati della serie, ci sono anche i nostri imperdibili <a href=\"https:\/\/repliquemangacine.fr\/it\/collezionisti-di-harry-potter-e-chicche\/tazza-grifondoro-600-ml\/\">Tazze da 600 ml<\/a> delle quattro case. Iniziate la giornata con una pozione a vostra scelta, servita in una tazza che ricorda con orgoglio la vostra appartenenza alla casa.<\/p>\n<p>I giovani maghi in erba adoreranno i nostri cofanetti da 6 pezzi di <a href=\"https:\/\/repliquemangacine.fr\/it\/nuovi-prodotti\/set-6-pezzi-grifondoro\/\">Travestimento da Grifondoro<\/a> per bambini, un set indispensabile per qualsiasi avventura nell'universo di Harry Potter.<\/p>\n<p>E per i veri intenditori, la nostra collezione di <a href=\"https:\/\/repliquemangacine.fr\/it\/bacchette-dei-personaggi-di-harry-potter\/\">bacchette magiche<\/a> \u00e8 assolutamente impareggiabile. Innanzitutto, va detto che ogni bacchetta \u00e8 la fedele riproduzione dei personaggi della saga. Realizzata in resina di alta qualit\u00e0 con un'asta in metallo all'interno per garantirne la durata e la solidit\u00e0.<\/p>\n<p>Per concludere, esplora il nostro sito per immergerti nello straordinario mondo di Harry Potter. La nostra variegata selezione ti trasporter\u00e0 nell'incantevole mondo della magia.<\/p>\n<h2>Kit di calligrafia di Harry Potter: tesori incantati autentici e convenienti<\/h2>\n<p>Immergiti nel magico universo di Harry Potter con la nostra selezione esclusiva di prodotti ufficiali, autorizzati dalla Warner Bros e distribuiti dalla Noble Collection. Ogni articolo \u00e8 una porta aperta sul fantastico mondo di Hogwarts. Autenticit\u00e0 e qualit\u00e0 a un prezzo accessibile a tutti gli aspiranti maghi e streghe.<\/p>\n<p>Spicca il volo con il <a href=\"https:\/\/repliquemangacine.fr\/it\/collezionisti-di-harry-potter-e-chicche\/scopa-di-harry-potter-firebolt\/\">Scopa Firebolt<\/a>, una riproduzione fedele della scopa pi\u00f9 veloce della saga di Harry Potter. Distribuita da Noble Collection, questa scopa non \u00e8 solo un oggetto decorativo di grande effetto. \u00c8 un invito a sognare frenetiche partite di Quidditch, rendendo l'esperienza ancora pi\u00f9 reale per i fan.<\/p>\n<p>Il Cappello Parlante interattivo \u00e8 una meraviglia tecnologica che porta la magia di Hogwarts direttamente a casa tua. Inoltre, grazie alla sua capacit\u00e0 di interagire e \u201cscegliere\u201d la tua casa, questo cappello offre un'esperienza immersiva unica.<\/p>\n<p>Infine, il <a href=\"https:\/\/repliquemangacine.fr\/it\/varie-chicche\/scacchiera-dei-maghi-gioco-degli-scacchi-hp\/\">Set di scacchi Wizard<\/a> \u00e8 la replica perfetta del gioco visto in \u201cHarry Potter e la pietra filosofale\u201d. Ogni pezzo \u00e8 quindi accuratamente progettato per catturare l'essenza del gioco degli scacchi magico, consentendo ai giocatori di immergersi in battaglie strategiche degne di un mago.<\/p>\n<p>Questi prodotti, che combinano fedelt\u00e0, qualit\u00e0 e prezzi accessibili, sono perfetti per ampliare la tua collezione di Harry Potter o per fare un regalo a un tuo caro appassionato di questo incantevole universo. Visita il nostro sito per scoprire questi e molti altri tesori, tutti garantiti per portare un tocco di magia nella tua vita.<\/p>","protected":false},"excerpt":{"rendered":"<p>Superbo kit di calligrafia ispirato alla saga di Harry Potter.<\/p>\n<p>Il kit comprende :<\/p>\n<ul>\n<li>Una penna stilografica rossa con iscrizione<\/li>\n<li>Un portapenne in acciaio invecchiato<\/li>\n<li>Una bottiglia di inchiostro di Harry Potter<\/li>\n<li>5 ricariche di inchiostro multicolore<\/li>\n<li>Una penna segnalibro con tre ideogrammi<\/li>\n<li>Cofanetto con i colori della saga<\/li>\n<\/ul>\n<p>&nbsp;<\/p>","protected":false},"featured_media":69032,"template":"","meta":[],"product_brand":[896],"product_cat":[87,41],"product_tag":[],"class_list":{"0":"post-69030","1":"product","2":"type-product","3":"status-publish","4":"has-post-thumbnail","6":"product_brand-replique-manga-cine","7":"product_cat-collectors-et-goodies-harry-potter","8":"product_cat-baguettes-et-goodies-harry-potter","10":"first","11":"outofstock","12":"taxable","13":"shipping-taxable","14":"purchasable","15":"product-type-simple"},"yoast_head":"<!-- This site is optimized with the Yoast SEO plugin v27.4 - https:\/\/yoast.com\/product\/yoast-seo-wordpress\/ -->\n<title>Kit Calligraphie Harry Potter | R\u00e9plique Manga Cin\u00e9<\/title>\n<meta name=\"description\" content=\"D\u00e9couvrez ce superbe Kit Calligraphie Harry Potter au meilleur prix. Stylo plume rouge, Porte-plume, 5 recharges d&#039;encres, Plume marque page et id\u00e9ogramme\" \/>\n<meta name=\"robots\" content=\"index, follow, max-snippet:-1, max-image-preview:large, max-video-preview:-1\" \/>\n<link rel=\"canonical\" href=\"https:\/\/repliquemangacine.fr\/it\/collezionisti-di-harry-potter-e-chicche\/kit-calligrafia-harry-potter\/\" \/>\n<meta property=\"og:locale\" content=\"it_IT\" \/>\n<meta property=\"og:type\" content=\"article\" \/>\n<meta property=\"og:title\" content=\"Kit Calligraphie Harry Potter | R\u00e9plique Manga Cin\u00e9\" \/>\n<meta property=\"og:description\" content=\"D\u00e9couvrez ce superbe Kit Calligraphie Harry Potter au meilleur prix. Stylo plume rouge, Porte-plume, 5 recharges d&#039;encres, Plume marque page et id\u00e9ogramme\" \/>\n<meta property=\"og:url\" content=\"https:\/\/repliquemangacine.fr\/it\/collezionisti-di-harry-potter-e-chicche\/kit-calligrafia-harry-potter\/\" \/>\n<meta property=\"og:site_name\" content=\"R\u00e9plique Manga Cin\u00e9\" \/>\n<meta property=\"article:publisher\" content=\"https:\/\/www.facebook.com\/RepliqueMangaCine\" \/>\n<meta property=\"article:modified_time\" content=\"2025-11-18T13:49:26+00:00\" \/>\n<meta property=\"og:image\" content=\"https:\/\/repliquemangacine.fr\/wp-content\/uploads\/2024\/02\/kit-calligraphie-hp.jpg\" \/>\n\t<meta property=\"og:image:width\" content=\"500\" \/>\n\t<meta property=\"og:image:height\" content=\"500\" \/>\n\t<meta property=\"og:image:type\" content=\"image\/jpeg\" \/>\n<meta name=\"twitter:card\" content=\"summary_large_image\" \/>\n<meta name=\"twitter:label1\" content=\"Tempo di lettura stimato\" \/>\n\t<meta name=\"twitter:data1\" content=\"4 minuti\" \/>\n<script type=\"application\/ld+json\" class=\"yoast-schema-graph\">{\"@context\":\"https:\\\/\\\/schema.org\",\"@graph\":[{\"@type\":\"WebPage\",\"@id\":\"https:\\\/\\\/repliquemangacine.fr\\\/collectors-et-goodies-harry-potter\\\/kit-calligraphie-harry-potter\\\/\",\"url\":\"https:\\\/\\\/repliquemangacine.fr\\\/collectors-et-goodies-harry-potter\\\/kit-calligraphie-harry-potter\\\/\",\"name\":\"Kit Calligraphie Harry Potter | R\u00e9plique Manga Cin\u00e9\",\"isPartOf\":{\"@id\":\"https:\\\/\\\/repliquemangacine.fr\\\/#website\"},\"primaryImageOfPage\":{\"@id\":\"https:\\\/\\\/repliquemangacine.fr\\\/collectors-et-goodies-harry-potter\\\/kit-calligraphie-harry-potter\\\/#primaryimage\"},\"image\":{\"@id\":\"https:\\\/\\\/repliquemangacine.fr\\\/collectors-et-goodies-harry-potter\\\/kit-calligraphie-harry-potter\\\/#primaryimage\"},\"thumbnailUrl\":\"https:\\\/\\\/repliquemangacine.fr\\\/wp-content\\\/uploads\\\/2024\\\/02\\\/kit-calligraphie-hp.jpg\",\"datePublished\":\"2024-02-09T13:55:00+00:00\",\"dateModified\":\"2025-11-18T13:49:26+00:00\",\"description\":\"D\u00e9couvrez ce superbe Kit Calligraphie Harry Potter au meilleur prix. Stylo plume rouge, Porte-plume, 5 recharges d'encres, Plume marque page et id\u00e9ogramme\",\"breadcrumb\":{\"@id\":\"https:\\\/\\\/repliquemangacine.fr\\\/collectors-et-goodies-harry-potter\\\/kit-calligraphie-harry-potter\\\/#breadcrumb\"},\"inLanguage\":\"it-IT\",\"potentialAction\":[{\"@type\":\"ReadAction\",\"target\":[\"https:\\\/\\\/repliquemangacine.fr\\\/collectors-et-goodies-harry-potter\\\/kit-calligraphie-harry-potter\\\/\"]}]},{\"@type\":\"ImageObject\",\"inLanguage\":\"it-IT\",\"@id\":\"https:\\\/\\\/repliquemangacine.fr\\\/collectors-et-goodies-harry-potter\\\/kit-calligraphie-harry-potter\\\/#primaryimage\",\"url\":\"https:\\\/\\\/repliquemangacine.fr\\\/wp-content\\\/uploads\\\/2024\\\/02\\\/kit-calligraphie-hp.jpg\",\"contentUrl\":\"https:\\\/\\\/repliquemangacine.fr\\\/wp-content\\\/uploads\\\/2024\\\/02\\\/kit-calligraphie-hp.jpg\",\"width\":500,\"height\":500,\"caption\":\"Kit Calligraphie Harry Potter\"},{\"@type\":\"BreadcrumbList\",\"@id\":\"https:\\\/\\\/repliquemangacine.fr\\\/collectors-et-goodies-harry-potter\\\/kit-calligraphie-harry-potter\\\/#breadcrumb\",\"itemListElement\":[{\"@type\":\"ListItem\",\"position\":1,\"name\":\"Accueil\",\"item\":\"https:\\\/\\\/repliquemangacine.fr\\\/\"},{\"@type\":\"ListItem\",\"position\":2,\"name\":\"Produits\",\"item\":\"https:\\\/\\\/repliquemangacine.fr\\\/boutique\\\/\"},{\"@type\":\"ListItem\",\"position\":3,\"name\":\"Kit Calligraphie Harry Potter\"}]},{\"@type\":\"WebSite\",\"@id\":\"https:\\\/\\\/repliquemangacine.fr\\\/#website\",\"url\":\"https:\\\/\\\/repliquemangacine.fr\\\/\",\"name\":\"R\u00e9plique Manga Cin\u00e9\",\"description\":\"\",\"publisher\":{\"@id\":\"https:\\\/\\\/repliquemangacine.fr\\\/#organization\"},\"potentialAction\":[{\"@type\":\"SearchAction\",\"target\":{\"@type\":\"EntryPoint\",\"urlTemplate\":\"https:\\\/\\\/repliquemangacine.fr\\\/?s={search_term_string}\"},\"query-input\":{\"@type\":\"PropertyValueSpecification\",\"valueRequired\":true,\"valueName\":\"search_term_string\"}}],\"inLanguage\":\"it-IT\"},{\"@type\":\"Organization\",\"@id\":\"https:\\\/\\\/repliquemangacine.fr\\\/#organization\",\"name\":\"R\u00e9plique Manga Cin\u00e9\",\"url\":\"https:\\\/\\\/repliquemangacine.fr\\\/\",\"logo\":{\"@type\":\"ImageObject\",\"inLanguage\":\"it-IT\",\"@id\":\"https:\\\/\\\/repliquemangacine.fr\\\/#\\\/schema\\\/logo\\\/image\\\/\",\"url\":\"https:\\\/\\\/repliquemangacine.fr\\\/wp-content\\\/uploads\\\/2023\\\/10\\\/RMC-500250.png\",\"contentUrl\":\"https:\\\/\\\/repliquemangacine.fr\\\/wp-content\\\/uploads\\\/2023\\\/10\\\/RMC-500250.png\",\"width\":500,\"height\":250,\"caption\":\"R\u00e9plique Manga Cin\u00e9\"},\"image\":{\"@id\":\"https:\\\/\\\/repliquemangacine.fr\\\/#\\\/schema\\\/logo\\\/image\\\/\"},\"sameAs\":[\"https:\\\/\\\/www.facebook.com\\\/RepliqueMangaCine\",\"https:\\\/\\\/www.instagram.com\\\/repliquemangacine.fr\\\/\"]}]}<\/script>\n<!-- \/ Yoast SEO plugin. -->","yoast_head_json":{"title":"Kit di calligrafia Harry Potter | R\u00e9plique Manga Cin\u00e9","description":"Scoprite questo superbo kit di calligrafia di Harry Potter al miglior prezzo. Penna stilografica rossa, portapenna, 5 ricariche d'inchiostro, segnalibro e pennino ideogramma.","robots":{"index":"index","follow":"follow","max-snippet":"max-snippet:-1","max-image-preview":"max-image-preview:large","max-video-preview":"max-video-preview:-1"},"canonical":"https:\/\/repliquemangacine.fr\/it\/collezionisti-di-harry-potter-e-chicche\/kit-calligrafia-harry-potter\/","og_locale":"it_IT","og_type":"article","og_title":"Kit Calligraphie Harry Potter | R\u00e9plique Manga Cin\u00e9","og_description":"D\u00e9couvrez ce superbe Kit Calligraphie Harry Potter au meilleur prix. Stylo plume rouge, Porte-plume, 5 recharges d'encres, Plume marque page et id\u00e9ogramme","og_url":"https:\/\/repliquemangacine.fr\/it\/collezionisti-di-harry-potter-e-chicche\/kit-calligrafia-harry-potter\/","og_site_name":"R\u00e9plique Manga Cin\u00e9","article_publisher":"https:\/\/www.facebook.com\/RepliqueMangaCine","article_modified_time":"2025-11-18T13:49:26+00:00","og_image":[{"width":500,"height":500,"url":"https:\/\/repliquemangacine.fr\/wp-content\/uploads\/2024\/02\/kit-calligraphie-hp.jpg","type":"image\/jpeg"}],"twitter_card":"summary_large_image","twitter_misc":{"Tempo di lettura stimato":"4 minuti"},"schema":{"@context":"https:\/\/schema.org","@graph":[{"@type":"WebPage","@id":"https:\/\/repliquemangacine.fr\/collectors-et-goodies-harry-potter\/kit-calligraphie-harry-potter\/","url":"https:\/\/repliquemangacine.fr\/collectors-et-goodies-harry-potter\/kit-calligraphie-harry-potter\/","name":"Kit di calligrafia Harry Potter | R\u00e9plique Manga Cin\u00e9","isPartOf":{"@id":"https:\/\/repliquemangacine.fr\/#website"},"primaryImageOfPage":{"@id":"https:\/\/repliquemangacine.fr\/collectors-et-goodies-harry-potter\/kit-calligraphie-harry-potter\/#primaryimage"},"image":{"@id":"https:\/\/repliquemangacine.fr\/collectors-et-goodies-harry-potter\/kit-calligraphie-harry-potter\/#primaryimage"},"thumbnailUrl":"https:\/\/repliquemangacine.fr\/wp-content\/uploads\/2024\/02\/kit-calligraphie-hp.jpg","datePublished":"2024-02-09T13:55:00+00:00","dateModified":"2025-11-18T13:49:26+00:00","description":"Scoprite questo superbo kit di calligrafia di Harry Potter al miglior prezzo. Penna stilografica rossa, portapenna, 5 ricariche d'inchiostro, segnalibro e pennino ideogramma.","breadcrumb":{"@id":"https:\/\/repliquemangacine.fr\/collectors-et-goodies-harry-potter\/kit-calligraphie-harry-potter\/#breadcrumb"},"inLanguage":"it-IT","potentialAction":[{"@type":"ReadAction","target":["https:\/\/repliquemangacine.fr\/collectors-et-goodies-harry-potter\/kit-calligraphie-harry-potter\/"]}]},{"@type":"ImageObject","inLanguage":"it-IT","@id":"https:\/\/repliquemangacine.fr\/collectors-et-goodies-harry-potter\/kit-calligraphie-harry-potter\/#primaryimage","url":"https:\/\/repliquemangacine.fr\/wp-content\/uploads\/2024\/02\/kit-calligraphie-hp.jpg","contentUrl":"https:\/\/repliquemangacine.fr\/wp-content\/uploads\/2024\/02\/kit-calligraphie-hp.jpg","width":500,"height":500,"caption":"Kit Calligraphie Harry Potter"},{"@type":"BreadcrumbList","@id":"https:\/\/repliquemangacine.fr\/collectors-et-goodies-harry-potter\/kit-calligraphie-harry-potter\/#breadcrumb","itemListElement":[{"@type":"ListItem","position":1,"name":"Accueil","item":"https:\/\/repliquemangacine.fr\/"},{"@type":"ListItem","position":2,"name":"Produits","item":"https:\/\/repliquemangacine.fr\/boutique\/"},{"@type":"ListItem","position":3,"name":"Kit Calligraphie Harry Potter"}]},{"@type":"WebSite","@id":"https:\/\/repliquemangacine.fr\/#website","url":"https:\/\/repliquemangacine.fr\/","name":"R\u00e9plique Manga Cin\u00e9","description":"","publisher":{"@id":"https:\/\/repliquemangacine.fr\/#organization"},"potentialAction":[{"@type":"SearchAction","target":{"@type":"EntryPoint","urlTemplate":"https:\/\/repliquemangacine.fr\/?s={search_term_string}"},"query-input":{"@type":"PropertyValueSpecification","valueRequired":true,"valueName":"search_term_string"}}],"inLanguage":"it-IT"},{"@type":"Organization","@id":"https:\/\/repliquemangacine.fr\/#organization","name":"R\u00e9plique Manga Cin\u00e9","url":"https:\/\/repliquemangacine.fr\/","logo":{"@type":"ImageObject","inLanguage":"it-IT","@id":"https:\/\/repliquemangacine.fr\/#\/schema\/logo\/image\/","url":"https:\/\/repliquemangacine.fr\/wp-content\/uploads\/2023\/10\/RMC-500250.png","contentUrl":"https:\/\/repliquemangacine.fr\/wp-content\/uploads\/2023\/10\/RMC-500250.png","width":500,"height":250,"caption":"R\u00e9plique Manga Cin\u00e9"},"image":{"@id":"https:\/\/repliquemangacine.fr\/#\/schema\/logo\/image\/"},"sameAs":["https:\/\/www.facebook.com\/RepliqueMangaCine","https:\/\/www.instagram.com\/repliquemangacine.fr\/"]}]}},"_links":{"self":[{"href":"https:\/\/repliquemangacine.fr\/it\/wp-json\/wp\/v2\/product\/69030","targetHints":{"allow":["GET"]}}],"collection":[{"href":"https:\/\/repliquemangacine.fr\/it\/wp-json\/wp\/v2\/product"}],"about":[{"href":"https:\/\/repliquemangacine.fr\/it\/wp-json\/wp\/v2\/types\/product"}],"wp:featuredmedia":[{"embeddable":true,"href":"https:\/\/repliquemangacine.fr\/it\/wp-json\/wp\/v2\/media\/69032"}],"wp:attachment":[{"href":"https:\/\/repliquemangacine.fr\/it\/wp-json\/wp\/v2\/media?parent=69030"}],"wp:term":[{"taxonomy":"product_brand","embeddable":true,"href":"https:\/\/repliquemangacine.fr\/it\/wp-json\/wp\/v2\/product_brand?post=69030"},{"taxonomy":"product_cat","embeddable":true,"href":"https:\/\/repliquemangacine.fr\/it\/wp-json\/wp\/v2\/product_cat?post=69030"},{"taxonomy":"product_tag","embeddable":true,"href":"https:\/\/repliquemangacine.fr\/it\/wp-json\/wp\/v2\/product_tag?post=69030"}],"curies":[{"name":"wp","href":"https:\/\/api.w.org\/{rel}","templated":true}]}}