





{"id":68952,"date":"2024-02-08T17:51:19","date_gmt":"2024-02-08T16:51:19","guid":{"rendered":"https:\/\/repliquemangacine.fr\/?post_type=product&#038;p=68952"},"modified":"2026-04-01T10:24:01","modified_gmt":"2026-04-01T08:24:01","slug":"set-di-11-portachiavi-hp","status":"publish","type":"product","link":"https:\/\/repliquemangacine.fr\/it\/collectors-et-goodies-harry-potter\/coffret-11-baguettes-porte-cles-hp\/","title":{"rendered":"Set di 11 bacchette portachiavi HP"},"content":{"rendered":"<h2>Set di 11 bacchette portachiavi di Harry Potter: un tesoro per gli appassionati<\/h2>\n<p>Per iniziare, immergetevi nel magico universo di Harry Potter con il cofanetto 11 bacchette portachiavi. Un oggetto da collezione imperdibile per gli appassionati della saga. Queste repliche in miniatura, fedeli alle bacchette dei personaggi emblematici, sono pi\u00f9 di un semplice accessorio. Rappresentano un frammento dell'anima di ogni mago e strega, catturando l'essenza del loro potere e della loro personalit\u00e0. Questo cofanetto eccezionale vi offre la possibilit\u00e0 di possedere un pezzo dell'universo magico. Infatti, con le bacchette di Harry, Voldemort, Silente e molti altri, ognuna racconta la propria storia.<\/p>\n<p>Perfetto quindi per i collezionisti o come regalo unico. Questo cofanetto conquister\u00e0 sia i giovani fan che gli adulti nostalgici della loro prima immersione nel mondo incantato di Hogwarts. Progettato con attenzione ai dettagli, promette di portare la magia di Harry Potter nella vostra vita quotidiana. Non perdete l'occasione di mostrare la vostra passione per la magia con questa splendida collezione.<\/p>\n<h2>Esplorate la magia con la nostra collezione Harry Potter<\/h2>\n<p>Il nostro negozio non si limita al set di portachiavi con 11 bacchette di Harry Potter. Offriamo una vasta gamma di prodotti autentici per tutti i maghi e le streghe. Infatti, tra i nostri tesori, scoprite il <a href=\"https:\/\/repliquemangacine.fr\/it\/bacchette-dei-personaggi-di-harry-potter\/\">bacchette per personaggi<\/a> repliche a grandezza naturale di quelle utilizzate dai vostri eroi preferiti nei film. Lasciatevi tentare dalle <a href=\"https:\/\/repliquemangacine.fr\/it\/collezionisti-di-harry-potter-e-chicche\/la-borsa-di-hermione\/\">La borsa di Hermione<\/a>un must per gli appassionati di moda magica, distribuito da <a href=\"https:\/\/noblecollection.fr\/produits-issus-univers-harry-potter-c-163_10.html\" target=\"_blank\" rel=\"noopener noreferrer\">Collezione Nobile<\/a>.<\/p>\n<p>Per gli strateghi e gli appassionati di giochi, il <a href=\"https:\/\/repliquemangacine.fr\/it\/varie-chicche\/scacchiera-dei-maghi-gioco-degli-scacchi-hp\/\">gioco degli scacchi<\/a> versione stregone promette giochi epici. Ci sono anche i nostri grandi <a href=\"https:\/\/repliquemangacine.fr\/it\/collezionisti-di-harry-potter-e-chicche\/tazza-grifondoro-600-ml\/\">tazze<\/a> che rappresentano gli emblemi delle quattro case di Hogwarts delizieranno i fan durante le loro meritate pause. Ogni prodotto della nostra collezione \u00e8 stato accuratamente selezionato per offrire un'esperienza coinvolgente nel mondo di Harry Potter. Che siate alla ricerca di un oggetto da collezione o di un regalo magico, il nostro negozio \u00e8 la vostra destinazione ideale per articoli incantevoli che porteranno un po' di magia nella vostra vita quotidiana.<\/p>\n<h2>Set di 11 bacchette portachiavi: miglior rapporto qualit\u00e0\/prezzo<\/h2>\n<p>Nel nostro intento di portare la magia dell'universo di Harry Potter nella vostra vita quotidiana, ci impegniamo a combinare qualit\u00e0 eccezionale e prezzi accessibili.  Non bisogna dimenticare che ogni prodotto \u00e8 realizzato con meticolosa attenzione ai dettagli. Collaboriamo strettamente con fornitori rinomati come Noble Collection per garantire repliche fedeli e di alta qualit\u00e0 che soddisfino le aspettative dei fan pi\u00f9 esigenti.<\/p>\n<p>Comprendiamo l'importanza di rendere l'universo di Harry Potter accessibile a tutti. Ecco perch\u00e9 ci impegniamo a offrire i nostri prodotti magici a prezzi equi, senza mai comprometterne la qualit\u00e0. Che tu voglia arricchire la tua collezione personale o trovare il regalo perfetto per una persona cara. Il nostro negozio \u00e8 il luogo ideale per scoprire articoli incantati che combinano meravigliosamente autenticit\u00e0 e rapporto qualit\u00e0-prezzo. Immergetevi nella magia senza spendere una fortuna grazie alla nostra selezione accuratamente scelta per maghi di tutte le et\u00e0.<\/p>","protected":false},"excerpt":{"rendered":"<p>Magnifico set di 11 mini bacchette su portachiavi che rappresentano i personaggi della saga di Harry Potter.<\/p>\n<ul>\n<li>Bacchette per personaggi da 11 13 cm<\/li>\n<li>1 moschettone piccolo<\/li>\n<li>1 portachiavi<\/li>\n<li>Cofanetto da collezione con la saga<\/li>\n<\/ul>","protected":false},"featured_media":68954,"template":"","meta":[],"product_brand":[896],"product_cat":[87,41],"product_tag":[],"class_list":{"0":"post-68952","1":"product","2":"type-product","3":"status-publish","4":"has-post-thumbnail","6":"product_brand-replique-manga-cine","7":"product_cat-collectors-et-goodies-harry-potter","8":"product_cat-baguettes-et-goodies-harry-potter","10":"first","11":"outofstock","12":"taxable","13":"shipping-taxable","14":"purchasable","15":"product-type-simple"},"yoast_head":"<!-- This site is optimized with the Yoast SEO plugin v27.4 - https:\/\/yoast.com\/product\/yoast-seo-wordpress\/ -->\n<title>Coffret 11 Baguettes Porte-cl\u00e9s HP - Harry Potter | RMC<\/title>\n<meta name=\"description\" content=\"D\u00e9couvrez le Coffret 11 Baguettes Porte-cl\u00e9s Harry Potter, des r\u00e9pliques miniatures de vos personnages favoris. Avec RMC c&#039;est la magie au quotidien.\" \/>\n<meta name=\"robots\" content=\"index, follow, max-snippet:-1, max-image-preview:large, max-video-preview:-1\" \/>\n<link rel=\"canonical\" href=\"https:\/\/repliquemangacine.fr\/it\/collezionisti-di-harry-potter-e-chicche\/set-di-11-portachiavi-hp\/\" \/>\n<meta property=\"og:locale\" content=\"it_IT\" \/>\n<meta property=\"og:type\" content=\"article\" \/>\n<meta property=\"og:title\" content=\"Coffret 11 Baguettes Porte-cl\u00e9s HP - Harry Potter | RMC\" \/>\n<meta property=\"og:description\" content=\"D\u00e9couvrez le Coffret 11 Baguettes Porte-cl\u00e9s Harry Potter, des r\u00e9pliques miniatures de vos personnages favoris. Avec RMC c&#039;est la magie au quotidien.\" \/>\n<meta property=\"og:url\" content=\"https:\/\/repliquemangacine.fr\/it\/collezionisti-di-harry-potter-e-chicche\/set-di-11-portachiavi-hp\/\" \/>\n<meta property=\"og:site_name\" content=\"R\u00e9plique Manga Cin\u00e9\" \/>\n<meta property=\"article:publisher\" content=\"https:\/\/www.facebook.com\/RepliqueMangaCine\" \/>\n<meta property=\"article:modified_time\" content=\"2026-04-01T08:24:01+00:00\" \/>\n<meta property=\"og:image\" content=\"https:\/\/repliquemangacine.fr\/wp-content\/uploads\/2024\/02\/coffret-de-11-baguettes-Harry-Potter-boite.jpg\" \/>\n\t<meta property=\"og:image:width\" content=\"500\" \/>\n\t<meta property=\"og:image:height\" content=\"500\" \/>\n\t<meta property=\"og:image:type\" content=\"image\/jpeg\" \/>\n<meta name=\"twitter:card\" content=\"summary_large_image\" \/>\n<meta name=\"twitter:label1\" content=\"Tempo di lettura stimato\" \/>\n\t<meta name=\"twitter:data1\" content=\"3 minuti\" \/>\n<script type=\"application\/ld+json\" class=\"yoast-schema-graph\">{\"@context\":\"https:\\\/\\\/schema.org\",\"@graph\":[{\"@type\":\"WebPage\",\"@id\":\"https:\\\/\\\/repliquemangacine.fr\\\/collectors-et-goodies-harry-potter\\\/coffret-11-baguettes-porte-cles-hp\\\/\",\"url\":\"https:\\\/\\\/repliquemangacine.fr\\\/collectors-et-goodies-harry-potter\\\/coffret-11-baguettes-porte-cles-hp\\\/\",\"name\":\"Coffret 11 Baguettes Porte-cl\u00e9s HP - Harry Potter | RMC\",\"isPartOf\":{\"@id\":\"https:\\\/\\\/repliquemangacine.fr\\\/#website\"},\"primaryImageOfPage\":{\"@id\":\"https:\\\/\\\/repliquemangacine.fr\\\/collectors-et-goodies-harry-potter\\\/coffret-11-baguettes-porte-cles-hp\\\/#primaryimage\"},\"image\":{\"@id\":\"https:\\\/\\\/repliquemangacine.fr\\\/collectors-et-goodies-harry-potter\\\/coffret-11-baguettes-porte-cles-hp\\\/#primaryimage\"},\"thumbnailUrl\":\"https:\\\/\\\/repliquemangacine.fr\\\/wp-content\\\/uploads\\\/2024\\\/02\\\/coffret-de-11-baguettes-Harry-Potter-boite.jpg\",\"datePublished\":\"2024-02-08T16:51:19+00:00\",\"dateModified\":\"2026-04-01T08:24:01+00:00\",\"description\":\"D\u00e9couvrez le Coffret 11 Baguettes Porte-cl\u00e9s Harry Potter, des r\u00e9pliques miniatures de vos personnages favoris. Avec RMC c'est la magie au quotidien.\",\"breadcrumb\":{\"@id\":\"https:\\\/\\\/repliquemangacine.fr\\\/collectors-et-goodies-harry-potter\\\/coffret-11-baguettes-porte-cles-hp\\\/#breadcrumb\"},\"inLanguage\":\"it-IT\",\"potentialAction\":[{\"@type\":\"ReadAction\",\"target\":[\"https:\\\/\\\/repliquemangacine.fr\\\/collectors-et-goodies-harry-potter\\\/coffret-11-baguettes-porte-cles-hp\\\/\"]}]},{\"@type\":\"ImageObject\",\"inLanguage\":\"it-IT\",\"@id\":\"https:\\\/\\\/repliquemangacine.fr\\\/collectors-et-goodies-harry-potter\\\/coffret-11-baguettes-porte-cles-hp\\\/#primaryimage\",\"url\":\"https:\\\/\\\/repliquemangacine.fr\\\/wp-content\\\/uploads\\\/2024\\\/02\\\/coffret-de-11-baguettes-Harry-Potter-boite.jpg\",\"contentUrl\":\"https:\\\/\\\/repliquemangacine.fr\\\/wp-content\\\/uploads\\\/2024\\\/02\\\/coffret-de-11-baguettes-Harry-Potter-boite.jpg\",\"width\":500,\"height\":500,\"caption\":\"Coffret 11 Baguettes Porte-cl\u00e9s Harry Potter\"},{\"@type\":\"BreadcrumbList\",\"@id\":\"https:\\\/\\\/repliquemangacine.fr\\\/collectors-et-goodies-harry-potter\\\/coffret-11-baguettes-porte-cles-hp\\\/#breadcrumb\",\"itemListElement\":[{\"@type\":\"ListItem\",\"position\":1,\"name\":\"Accueil\",\"item\":\"https:\\\/\\\/repliquemangacine.fr\\\/\"},{\"@type\":\"ListItem\",\"position\":2,\"name\":\"Produits\",\"item\":\"https:\\\/\\\/repliquemangacine.fr\\\/boutique\\\/\"},{\"@type\":\"ListItem\",\"position\":3,\"name\":\"Coffret 11 Baguettes Porte-cl\u00e9s HP\"}]},{\"@type\":\"WebSite\",\"@id\":\"https:\\\/\\\/repliquemangacine.fr\\\/#website\",\"url\":\"https:\\\/\\\/repliquemangacine.fr\\\/\",\"name\":\"R\u00e9plique Manga Cin\u00e9\",\"description\":\"\",\"publisher\":{\"@id\":\"https:\\\/\\\/repliquemangacine.fr\\\/#organization\"},\"potentialAction\":[{\"@type\":\"SearchAction\",\"target\":{\"@type\":\"EntryPoint\",\"urlTemplate\":\"https:\\\/\\\/repliquemangacine.fr\\\/?s={search_term_string}\"},\"query-input\":{\"@type\":\"PropertyValueSpecification\",\"valueRequired\":true,\"valueName\":\"search_term_string\"}}],\"inLanguage\":\"it-IT\"},{\"@type\":\"Organization\",\"@id\":\"https:\\\/\\\/repliquemangacine.fr\\\/#organization\",\"name\":\"R\u00e9plique Manga Cin\u00e9\",\"url\":\"https:\\\/\\\/repliquemangacine.fr\\\/\",\"logo\":{\"@type\":\"ImageObject\",\"inLanguage\":\"it-IT\",\"@id\":\"https:\\\/\\\/repliquemangacine.fr\\\/#\\\/schema\\\/logo\\\/image\\\/\",\"url\":\"https:\\\/\\\/repliquemangacine.fr\\\/wp-content\\\/uploads\\\/2023\\\/10\\\/RMC-500250.png\",\"contentUrl\":\"https:\\\/\\\/repliquemangacine.fr\\\/wp-content\\\/uploads\\\/2023\\\/10\\\/RMC-500250.png\",\"width\":500,\"height\":250,\"caption\":\"R\u00e9plique Manga Cin\u00e9\"},\"image\":{\"@id\":\"https:\\\/\\\/repliquemangacine.fr\\\/#\\\/schema\\\/logo\\\/image\\\/\"},\"sameAs\":[\"https:\\\/\\\/www.facebook.com\\\/RepliqueMangaCine\",\"https:\\\/\\\/www.instagram.com\\\/repliquemangacine.fr\\\/\"]}]}<\/script>\n<!-- \/ Yoast SEO plugin. -->","yoast_head_json":{"title":"Set di 11 bacchette portachiavi HP - Harry Potter | RMC","description":"Scoprite le 11 bacchette portachiavi di Harry Potter, repliche in miniatura dei vostri personaggi preferiti. RMC rende la magia parte della vita quotidiana.","robots":{"index":"index","follow":"follow","max-snippet":"max-snippet:-1","max-image-preview":"max-image-preview:large","max-video-preview":"max-video-preview:-1"},"canonical":"https:\/\/repliquemangacine.fr\/it\/collezionisti-di-harry-potter-e-chicche\/set-di-11-portachiavi-hp\/","og_locale":"it_IT","og_type":"article","og_title":"Coffret 11 Baguettes Porte-cl\u00e9s HP - Harry Potter | RMC","og_description":"D\u00e9couvrez le Coffret 11 Baguettes Porte-cl\u00e9s Harry Potter, des r\u00e9pliques miniatures de vos personnages favoris. Avec RMC c'est la magie au quotidien.","og_url":"https:\/\/repliquemangacine.fr\/it\/collezionisti-di-harry-potter-e-chicche\/set-di-11-portachiavi-hp\/","og_site_name":"R\u00e9plique Manga Cin\u00e9","article_publisher":"https:\/\/www.facebook.com\/RepliqueMangaCine","article_modified_time":"2026-04-01T08:24:01+00:00","og_image":[{"width":500,"height":500,"url":"https:\/\/repliquemangacine.fr\/wp-content\/uploads\/2024\/02\/coffret-de-11-baguettes-Harry-Potter-boite.jpg","type":"image\/jpeg"}],"twitter_card":"summary_large_image","twitter_misc":{"Tempo di lettura stimato":"3 minuti"},"schema":{"@context":"https:\/\/schema.org","@graph":[{"@type":"WebPage","@id":"https:\/\/repliquemangacine.fr\/collectors-et-goodies-harry-potter\/coffret-11-baguettes-porte-cles-hp\/","url":"https:\/\/repliquemangacine.fr\/collectors-et-goodies-harry-potter\/coffret-11-baguettes-porte-cles-hp\/","name":"Set di 11 bacchette portachiavi HP - Harry Potter | RMC","isPartOf":{"@id":"https:\/\/repliquemangacine.fr\/#website"},"primaryImageOfPage":{"@id":"https:\/\/repliquemangacine.fr\/collectors-et-goodies-harry-potter\/coffret-11-baguettes-porte-cles-hp\/#primaryimage"},"image":{"@id":"https:\/\/repliquemangacine.fr\/collectors-et-goodies-harry-potter\/coffret-11-baguettes-porte-cles-hp\/#primaryimage"},"thumbnailUrl":"https:\/\/repliquemangacine.fr\/wp-content\/uploads\/2024\/02\/coffret-de-11-baguettes-Harry-Potter-boite.jpg","datePublished":"2024-02-08T16:51:19+00:00","dateModified":"2026-04-01T08:24:01+00:00","description":"Scoprite le 11 bacchette portachiavi di Harry Potter, repliche in miniatura dei vostri personaggi preferiti. RMC rende la magia parte della vita quotidiana.","breadcrumb":{"@id":"https:\/\/repliquemangacine.fr\/collectors-et-goodies-harry-potter\/coffret-11-baguettes-porte-cles-hp\/#breadcrumb"},"inLanguage":"it-IT","potentialAction":[{"@type":"ReadAction","target":["https:\/\/repliquemangacine.fr\/collectors-et-goodies-harry-potter\/coffret-11-baguettes-porte-cles-hp\/"]}]},{"@type":"ImageObject","inLanguage":"it-IT","@id":"https:\/\/repliquemangacine.fr\/collectors-et-goodies-harry-potter\/coffret-11-baguettes-porte-cles-hp\/#primaryimage","url":"https:\/\/repliquemangacine.fr\/wp-content\/uploads\/2024\/02\/coffret-de-11-baguettes-Harry-Potter-boite.jpg","contentUrl":"https:\/\/repliquemangacine.fr\/wp-content\/uploads\/2024\/02\/coffret-de-11-baguettes-Harry-Potter-boite.jpg","width":500,"height":500,"caption":"Coffret 11 Baguettes Porte-cl\u00e9s Harry Potter"},{"@type":"BreadcrumbList","@id":"https:\/\/repliquemangacine.fr\/collectors-et-goodies-harry-potter\/coffret-11-baguettes-porte-cles-hp\/#breadcrumb","itemListElement":[{"@type":"ListItem","position":1,"name":"Accueil","item":"https:\/\/repliquemangacine.fr\/"},{"@type":"ListItem","position":2,"name":"Produits","item":"https:\/\/repliquemangacine.fr\/boutique\/"},{"@type":"ListItem","position":3,"name":"Coffret 11 Baguettes Porte-cl\u00e9s HP"}]},{"@type":"WebSite","@id":"https:\/\/repliquemangacine.fr\/#website","url":"https:\/\/repliquemangacine.fr\/","name":"R\u00e9plique Manga Cin\u00e9","description":"","publisher":{"@id":"https:\/\/repliquemangacine.fr\/#organization"},"potentialAction":[{"@type":"SearchAction","target":{"@type":"EntryPoint","urlTemplate":"https:\/\/repliquemangacine.fr\/?s={search_term_string}"},"query-input":{"@type":"PropertyValueSpecification","valueRequired":true,"valueName":"search_term_string"}}],"inLanguage":"it-IT"},{"@type":"Organization","@id":"https:\/\/repliquemangacine.fr\/#organization","name":"R\u00e9plique Manga Cin\u00e9","url":"https:\/\/repliquemangacine.fr\/","logo":{"@type":"ImageObject","inLanguage":"it-IT","@id":"https:\/\/repliquemangacine.fr\/#\/schema\/logo\/image\/","url":"https:\/\/repliquemangacine.fr\/wp-content\/uploads\/2023\/10\/RMC-500250.png","contentUrl":"https:\/\/repliquemangacine.fr\/wp-content\/uploads\/2023\/10\/RMC-500250.png","width":500,"height":250,"caption":"R\u00e9plique Manga Cin\u00e9"},"image":{"@id":"https:\/\/repliquemangacine.fr\/#\/schema\/logo\/image\/"},"sameAs":["https:\/\/www.facebook.com\/RepliqueMangaCine","https:\/\/www.instagram.com\/repliquemangacine.fr\/"]}]}},"_links":{"self":[{"href":"https:\/\/repliquemangacine.fr\/it\/wp-json\/wp\/v2\/product\/68952","targetHints":{"allow":["GET"]}}],"collection":[{"href":"https:\/\/repliquemangacine.fr\/it\/wp-json\/wp\/v2\/product"}],"about":[{"href":"https:\/\/repliquemangacine.fr\/it\/wp-json\/wp\/v2\/types\/product"}],"wp:featuredmedia":[{"embeddable":true,"href":"https:\/\/repliquemangacine.fr\/it\/wp-json\/wp\/v2\/media\/68954"}],"wp:attachment":[{"href":"https:\/\/repliquemangacine.fr\/it\/wp-json\/wp\/v2\/media?parent=68952"}],"wp:term":[{"taxonomy":"product_brand","embeddable":true,"href":"https:\/\/repliquemangacine.fr\/it\/wp-json\/wp\/v2\/product_brand?post=68952"},{"taxonomy":"product_cat","embeddable":true,"href":"https:\/\/repliquemangacine.fr\/it\/wp-json\/wp\/v2\/product_cat?post=68952"},{"taxonomy":"product_tag","embeddable":true,"href":"https:\/\/repliquemangacine.fr\/it\/wp-json\/wp\/v2\/product_tag?post=68952"}],"curies":[{"name":"wp","href":"https:\/\/api.w.org\/{rel}","templated":true}]}}