





{"id":68780,"date":"2024-02-01T12:12:00","date_gmt":"2024-02-01T11:12:00","guid":{"rendered":"https:\/\/repliquemangacine.fr\/?post_type=product&#038;p=68780"},"modified":"2025-11-18T14:51:14","modified_gmt":"2025-11-18T13:51:14","slug":"set-calligrafia-harry-potter","status":"publish","type":"product","link":"https:\/\/repliquemangacine.fr\/it\/collectors-et-goodies-harry-potter\/coffret-de-calligraphie-harry-potter\/","title":{"rendered":"Set calligrafia Harry Potter"},"content":{"rendered":"<h2>Set regalo per la calligrafia di Harry Potter: un'esclusiva per i fan<\/h2>\n<p>Iniziate immergendovi nel magico mondo di Harry Potter con i nostri <strong>Set per calligrafia<\/strong> Esclusivo. Un oggetto da collezione imperdibile per ogni aspirante mago o fan della saga. Questo set completo offre tutto il necessario per dare vita alle vostre corrispondenze o alle vostre creazioni artistiche. Include un taccuino decorato con i colori di Harry Potter, perfetto per annotare i vostri incantesimi o i vostri pensieri pi\u00f9 preziosi.<\/p>\n<p>Il set \u00e8 inoltre dotato di un esclusivo segnalibro a forma di penna. Una splendida penna stilografica rossa con il nome di Harry Potter scritto in lettere dorate. Cinque penne di ricambio per scrivere senza sosta. Un portapenne con un flacone vuoto (senza inchiostro) che sfoggia con orgoglio il nome di Harry.<\/p>\n<p>Per gli amanti della corrispondenza tradizionale, il cofanetto contiene un timbro con gli emblemi delle quattro case di Hogwarts, una candela e un cucchiaio speciale per sciogliere la ceralacca, oltre a un flacone di ceralacca per sigillare le vostre lettere con eleganza. Infine, il tagliacarte incluso aggiunge un tocco finale perfetto al vostro set di calligrafia Harry Potter.<\/p>\n<p>Va sottolineato che questo cofanetto \u00e8 molto pi\u00f9 di un semplice set per scrivere. \u00c8 un invito a esplorare la propria creativit\u00e0 celebrando al contempo l'universo di Harry Potter. Che sia per un regalo o per aggiungere un pezzo unico alla propria collezione, questo cofanetto di calligrafia sapr\u00e0 sicuramente affascinare e ispirare.<\/p>\n<h2>Esplora il nostro universo di Harry Potter: tesori per collezionisti e fan<\/h2>\n<p>Al di l\u00e0 del nostro magnifico <strong>Set per calligrafia<\/strong> Harry Potter, il nostro sito \u00e8 ricco di altre meraviglie provenienti dall'universo di Harry Potter, pensate appositamente per incantare i cuori di maghi e streghe. Tra la nostra selezione, scoprite le tazze ispirate alle case di Hogwarts, perfette per accompagnare le vostre mattine magiche o le vostre pause t\u00e8 incantate.<\/p>\n<p>Lasciatevi sedurre anche dai nostri <a href=\"https:\/\/repliquemangacine.fr\/it\/bacchette-dei-personaggi-di-harry-potter\/\">bacchette per personaggi<\/a>, fedeli riproduzioni che vi faranno sentire il potere dei pi\u00f9 grandi maghi e streghe a portata di mano. Ogni bacchetta \u00e8 un'opera d'arte, che rappresenta la personalit\u00e0 e le imprese dei suoi leggendari proprietari.<\/p>\n<p>Per gli ammiratori, le nostre statuine ufficiali distribuite da <a href=\"https:\/\/noblecollection.fr\/produits-issus-univers-harry-potter-c-163_10.html\" target=\"_blank\" rel=\"noopener noreferrer\">Collezione Nobile<\/a> offrono un'immersione senza precedenti nell'universo di Harry Potter.<\/p>\n<p>L'<a href=\"https:\/\/repliquemangacine.fr\/it\/collezionisti-di-harry-potter-e-chicche\/harry-potter-godric-grifondoro-spada\/\">Spada di Godric Grifondoro<\/a>, una maestosa replica, \u00e8 disponibile anche per chi desidera possedere un pezzo di storia di Hogwarts.<\/p>\n<p>RMC \u00e8 il posto giusto dove trovare questi oggetti da collezione e molto altro ancora, ognuno con la sua storia magica da raccontare. Che tu stia cercando di completare la tua collezione o di fare il regalo perfetto a un fan di Harry Potter, troverai tesori che stimoleranno la tua immaginazione e porteranno un tocco di magia nella tua vita quotidiana.<\/p>","protected":false},"excerpt":{"rendered":"<p>Esclusivo! Magnifico set di cera e calligrafia di Harry Potter che comprende :<\/p>\n<ul>\n<li>Un notebook con i colori HP<\/li>\n<li>Un segnalibro di piume<\/li>\n<li>Una penna stilografica rossa con il nome di Harry Potter in oro<\/li>\n<li>5 piume di ricambio<\/li>\n<li>Una penna stilografica con una boccetta (vuota senza inchiostro) che porta il nome di Harry<\/li>\n<li>Tampone per timbri HP Four Houses<\/li>\n<li>Una candela<\/li>\n<li>Un cucchiaio per sciogliere la candela<\/li>\n<li>Una bottiglia di cera<\/li>\n<li>Un tagliacarte<\/li>\n<\/ul>","protected":false},"featured_media":68781,"template":"","meta":[],"product_brand":[896],"product_cat":[87,41],"product_tag":[],"class_list":{"0":"post-68780","1":"product","2":"type-product","3":"status-publish","4":"has-post-thumbnail","6":"product_brand-replique-manga-cine","7":"product_cat-collectors-et-goodies-harry-potter","8":"product_cat-baguettes-et-goodies-harry-potter","10":"first","11":"outofstock","12":"taxable","13":"shipping-taxable","14":"purchasable","15":"product-type-simple"},"yoast_head":"<!-- This site is optimized with the Yoast SEO plugin v27.4 - https:\/\/yoast.com\/product\/yoast-seo-wordpress\/ -->\n<title>Coffret de Calligraphie Harry Potter | R\u00e9plique Manga Cin\u00e9<\/title>\n<meta name=\"description\" content=\"En exclusivit\u00e9 ! Magnifique Coffret de Calligraphie Harry Potter \u00e0 prix bas. Vous trouverez 14 pi\u00e8ces aux couleurs de la saga. Stylo et Plumes, tampon, cire\" \/>\n<meta name=\"robots\" content=\"index, follow, max-snippet:-1, max-image-preview:large, max-video-preview:-1\" \/>\n<link rel=\"canonical\" href=\"https:\/\/repliquemangacine.fr\/it\/collezionisti-di-harry-potter-e-chicche\/set-calligrafia-harry-potter\/\" \/>\n<meta property=\"og:locale\" content=\"it_IT\" \/>\n<meta property=\"og:type\" content=\"article\" \/>\n<meta property=\"og:title\" content=\"Coffret de Calligraphie Harry Potter | R\u00e9plique Manga Cin\u00e9\" \/>\n<meta property=\"og:description\" content=\"En exclusivit\u00e9 ! Magnifique Coffret de Calligraphie Harry Potter \u00e0 prix bas. Vous trouverez 14 pi\u00e8ces aux couleurs de la saga. Stylo et Plumes, tampon, cire\" \/>\n<meta property=\"og:url\" content=\"https:\/\/repliquemangacine.fr\/it\/collezionisti-di-harry-potter-e-chicche\/set-calligrafia-harry-potter\/\" \/>\n<meta property=\"og:site_name\" content=\"R\u00e9plique Manga Cin\u00e9\" \/>\n<meta property=\"article:publisher\" content=\"https:\/\/www.facebook.com\/RepliqueMangaCine\" \/>\n<meta property=\"article:modified_time\" content=\"2025-11-18T13:51:14+00:00\" \/>\n<meta property=\"og:image\" content=\"https:\/\/repliquemangacine.fr\/wp-content\/uploads\/2024\/02\/coffret-ecriture-Harry-Potter.jpg\" \/>\n\t<meta property=\"og:image:width\" content=\"500\" \/>\n\t<meta property=\"og:image:height\" content=\"500\" \/>\n\t<meta property=\"og:image:type\" content=\"image\/jpeg\" \/>\n<meta name=\"twitter:card\" content=\"summary_large_image\" \/>\n<meta name=\"twitter:label1\" content=\"Tempo di lettura stimato\" \/>\n\t<meta name=\"twitter:data1\" content=\"3 minuti\" \/>\n<script type=\"application\/ld+json\" class=\"yoast-schema-graph\">{\"@context\":\"https:\\\/\\\/schema.org\",\"@graph\":[{\"@type\":\"WebPage\",\"@id\":\"https:\\\/\\\/repliquemangacine.fr\\\/collectors-et-goodies-harry-potter\\\/coffret-de-calligraphie-harry-potter\\\/\",\"url\":\"https:\\\/\\\/repliquemangacine.fr\\\/collectors-et-goodies-harry-potter\\\/coffret-de-calligraphie-harry-potter\\\/\",\"name\":\"Coffret de Calligraphie Harry Potter | R\u00e9plique Manga Cin\u00e9\",\"isPartOf\":{\"@id\":\"https:\\\/\\\/repliquemangacine.fr\\\/#website\"},\"primaryImageOfPage\":{\"@id\":\"https:\\\/\\\/repliquemangacine.fr\\\/collectors-et-goodies-harry-potter\\\/coffret-de-calligraphie-harry-potter\\\/#primaryimage\"},\"image\":{\"@id\":\"https:\\\/\\\/repliquemangacine.fr\\\/collectors-et-goodies-harry-potter\\\/coffret-de-calligraphie-harry-potter\\\/#primaryimage\"},\"thumbnailUrl\":\"https:\\\/\\\/repliquemangacine.fr\\\/wp-content\\\/uploads\\\/2024\\\/02\\\/coffret-ecriture-Harry-Potter.jpg\",\"datePublished\":\"2024-02-01T11:12:00+00:00\",\"dateModified\":\"2025-11-18T13:51:14+00:00\",\"description\":\"En exclusivit\u00e9 ! Magnifique Coffret de Calligraphie Harry Potter \u00e0 prix bas. Vous trouverez 14 pi\u00e8ces aux couleurs de la saga. Stylo et Plumes, tampon, cire\",\"breadcrumb\":{\"@id\":\"https:\\\/\\\/repliquemangacine.fr\\\/collectors-et-goodies-harry-potter\\\/coffret-de-calligraphie-harry-potter\\\/#breadcrumb\"},\"inLanguage\":\"it-IT\",\"potentialAction\":[{\"@type\":\"ReadAction\",\"target\":[\"https:\\\/\\\/repliquemangacine.fr\\\/collectors-et-goodies-harry-potter\\\/coffret-de-calligraphie-harry-potter\\\/\"]}]},{\"@type\":\"ImageObject\",\"inLanguage\":\"it-IT\",\"@id\":\"https:\\\/\\\/repliquemangacine.fr\\\/collectors-et-goodies-harry-potter\\\/coffret-de-calligraphie-harry-potter\\\/#primaryimage\",\"url\":\"https:\\\/\\\/repliquemangacine.fr\\\/wp-content\\\/uploads\\\/2024\\\/02\\\/coffret-ecriture-Harry-Potter.jpg\",\"contentUrl\":\"https:\\\/\\\/repliquemangacine.fr\\\/wp-content\\\/uploads\\\/2024\\\/02\\\/coffret-ecriture-Harry-Potter.jpg\",\"width\":500,\"height\":500,\"caption\":\"Coffret Calligraphie Harry Potter\"},{\"@type\":\"BreadcrumbList\",\"@id\":\"https:\\\/\\\/repliquemangacine.fr\\\/collectors-et-goodies-harry-potter\\\/coffret-de-calligraphie-harry-potter\\\/#breadcrumb\",\"itemListElement\":[{\"@type\":\"ListItem\",\"position\":1,\"name\":\"Accueil\",\"item\":\"https:\\\/\\\/repliquemangacine.fr\\\/\"},{\"@type\":\"ListItem\",\"position\":2,\"name\":\"Produits\",\"item\":\"https:\\\/\\\/repliquemangacine.fr\\\/boutique\\\/\"},{\"@type\":\"ListItem\",\"position\":3,\"name\":\"Coffret de Calligraphie Harry Potter\"}]},{\"@type\":\"WebSite\",\"@id\":\"https:\\\/\\\/repliquemangacine.fr\\\/#website\",\"url\":\"https:\\\/\\\/repliquemangacine.fr\\\/\",\"name\":\"R\u00e9plique Manga Cin\u00e9\",\"description\":\"\",\"publisher\":{\"@id\":\"https:\\\/\\\/repliquemangacine.fr\\\/#organization\"},\"potentialAction\":[{\"@type\":\"SearchAction\",\"target\":{\"@type\":\"EntryPoint\",\"urlTemplate\":\"https:\\\/\\\/repliquemangacine.fr\\\/?s={search_term_string}\"},\"query-input\":{\"@type\":\"PropertyValueSpecification\",\"valueRequired\":true,\"valueName\":\"search_term_string\"}}],\"inLanguage\":\"it-IT\"},{\"@type\":\"Organization\",\"@id\":\"https:\\\/\\\/repliquemangacine.fr\\\/#organization\",\"name\":\"R\u00e9plique Manga Cin\u00e9\",\"url\":\"https:\\\/\\\/repliquemangacine.fr\\\/\",\"logo\":{\"@type\":\"ImageObject\",\"inLanguage\":\"it-IT\",\"@id\":\"https:\\\/\\\/repliquemangacine.fr\\\/#\\\/schema\\\/logo\\\/image\\\/\",\"url\":\"https:\\\/\\\/repliquemangacine.fr\\\/wp-content\\\/uploads\\\/2023\\\/10\\\/RMC-500250.png\",\"contentUrl\":\"https:\\\/\\\/repliquemangacine.fr\\\/wp-content\\\/uploads\\\/2023\\\/10\\\/RMC-500250.png\",\"width\":500,\"height\":250,\"caption\":\"R\u00e9plique Manga Cin\u00e9\"},\"image\":{\"@id\":\"https:\\\/\\\/repliquemangacine.fr\\\/#\\\/schema\\\/logo\\\/image\\\/\"},\"sameAs\":[\"https:\\\/\\\/www.facebook.com\\\/RepliqueMangaCine\",\"https:\\\/\\\/www.instagram.com\\\/repliquemangacine.fr\\\/\"]}]}<\/script>\n<!-- \/ Yoast SEO plugin. -->","yoast_head_json":{"title":"Set calligrafia Harry Potter | R\u00e9plique Manga Cin\u00e9","description":"Esclusivo! Magnifica scatola calligrafica di Harry Potter a basso prezzo. Troverete 14 pezzi nei colori della saga. Penna e stilografica, timbro, cera","robots":{"index":"index","follow":"follow","max-snippet":"max-snippet:-1","max-image-preview":"max-image-preview:large","max-video-preview":"max-video-preview:-1"},"canonical":"https:\/\/repliquemangacine.fr\/it\/collezionisti-di-harry-potter-e-chicche\/set-calligrafia-harry-potter\/","og_locale":"it_IT","og_type":"article","og_title":"Coffret de Calligraphie Harry Potter | R\u00e9plique Manga Cin\u00e9","og_description":"En exclusivit\u00e9 ! Magnifique Coffret de Calligraphie Harry Potter \u00e0 prix bas. Vous trouverez 14 pi\u00e8ces aux couleurs de la saga. Stylo et Plumes, tampon, cire","og_url":"https:\/\/repliquemangacine.fr\/it\/collezionisti-di-harry-potter-e-chicche\/set-calligrafia-harry-potter\/","og_site_name":"R\u00e9plique Manga Cin\u00e9","article_publisher":"https:\/\/www.facebook.com\/RepliqueMangaCine","article_modified_time":"2025-11-18T13:51:14+00:00","og_image":[{"width":500,"height":500,"url":"https:\/\/repliquemangacine.fr\/wp-content\/uploads\/2024\/02\/coffret-ecriture-Harry-Potter.jpg","type":"image\/jpeg"}],"twitter_card":"summary_large_image","twitter_misc":{"Tempo di lettura stimato":"3 minuti"},"schema":{"@context":"https:\/\/schema.org","@graph":[{"@type":"WebPage","@id":"https:\/\/repliquemangacine.fr\/collectors-et-goodies-harry-potter\/coffret-de-calligraphie-harry-potter\/","url":"https:\/\/repliquemangacine.fr\/collectors-et-goodies-harry-potter\/coffret-de-calligraphie-harry-potter\/","name":"Set calligrafia Harry Potter | R\u00e9plique Manga Cin\u00e9","isPartOf":{"@id":"https:\/\/repliquemangacine.fr\/#website"},"primaryImageOfPage":{"@id":"https:\/\/repliquemangacine.fr\/collectors-et-goodies-harry-potter\/coffret-de-calligraphie-harry-potter\/#primaryimage"},"image":{"@id":"https:\/\/repliquemangacine.fr\/collectors-et-goodies-harry-potter\/coffret-de-calligraphie-harry-potter\/#primaryimage"},"thumbnailUrl":"https:\/\/repliquemangacine.fr\/wp-content\/uploads\/2024\/02\/coffret-ecriture-Harry-Potter.jpg","datePublished":"2024-02-01T11:12:00+00:00","dateModified":"2025-11-18T13:51:14+00:00","description":"Esclusivo! Magnifica scatola calligrafica di Harry Potter a basso prezzo. Troverete 14 pezzi nei colori della saga. Penna e stilografica, timbro, cera","breadcrumb":{"@id":"https:\/\/repliquemangacine.fr\/collectors-et-goodies-harry-potter\/coffret-de-calligraphie-harry-potter\/#breadcrumb"},"inLanguage":"it-IT","potentialAction":[{"@type":"ReadAction","target":["https:\/\/repliquemangacine.fr\/collectors-et-goodies-harry-potter\/coffret-de-calligraphie-harry-potter\/"]}]},{"@type":"ImageObject","inLanguage":"it-IT","@id":"https:\/\/repliquemangacine.fr\/collectors-et-goodies-harry-potter\/coffret-de-calligraphie-harry-potter\/#primaryimage","url":"https:\/\/repliquemangacine.fr\/wp-content\/uploads\/2024\/02\/coffret-ecriture-Harry-Potter.jpg","contentUrl":"https:\/\/repliquemangacine.fr\/wp-content\/uploads\/2024\/02\/coffret-ecriture-Harry-Potter.jpg","width":500,"height":500,"caption":"Coffret Calligraphie Harry Potter"},{"@type":"BreadcrumbList","@id":"https:\/\/repliquemangacine.fr\/collectors-et-goodies-harry-potter\/coffret-de-calligraphie-harry-potter\/#breadcrumb","itemListElement":[{"@type":"ListItem","position":1,"name":"Accueil","item":"https:\/\/repliquemangacine.fr\/"},{"@type":"ListItem","position":2,"name":"Produits","item":"https:\/\/repliquemangacine.fr\/boutique\/"},{"@type":"ListItem","position":3,"name":"Coffret de Calligraphie Harry Potter"}]},{"@type":"WebSite","@id":"https:\/\/repliquemangacine.fr\/#website","url":"https:\/\/repliquemangacine.fr\/","name":"R\u00e9plique Manga Cin\u00e9","description":"","publisher":{"@id":"https:\/\/repliquemangacine.fr\/#organization"},"potentialAction":[{"@type":"SearchAction","target":{"@type":"EntryPoint","urlTemplate":"https:\/\/repliquemangacine.fr\/?s={search_term_string}"},"query-input":{"@type":"PropertyValueSpecification","valueRequired":true,"valueName":"search_term_string"}}],"inLanguage":"it-IT"},{"@type":"Organization","@id":"https:\/\/repliquemangacine.fr\/#organization","name":"R\u00e9plique Manga Cin\u00e9","url":"https:\/\/repliquemangacine.fr\/","logo":{"@type":"ImageObject","inLanguage":"it-IT","@id":"https:\/\/repliquemangacine.fr\/#\/schema\/logo\/image\/","url":"https:\/\/repliquemangacine.fr\/wp-content\/uploads\/2023\/10\/RMC-500250.png","contentUrl":"https:\/\/repliquemangacine.fr\/wp-content\/uploads\/2023\/10\/RMC-500250.png","width":500,"height":250,"caption":"R\u00e9plique Manga Cin\u00e9"},"image":{"@id":"https:\/\/repliquemangacine.fr\/#\/schema\/logo\/image\/"},"sameAs":["https:\/\/www.facebook.com\/RepliqueMangaCine","https:\/\/www.instagram.com\/repliquemangacine.fr\/"]}]}},"_links":{"self":[{"href":"https:\/\/repliquemangacine.fr\/it\/wp-json\/wp\/v2\/product\/68780","targetHints":{"allow":["GET"]}}],"collection":[{"href":"https:\/\/repliquemangacine.fr\/it\/wp-json\/wp\/v2\/product"}],"about":[{"href":"https:\/\/repliquemangacine.fr\/it\/wp-json\/wp\/v2\/types\/product"}],"wp:featuredmedia":[{"embeddable":true,"href":"https:\/\/repliquemangacine.fr\/it\/wp-json\/wp\/v2\/media\/68781"}],"wp:attachment":[{"href":"https:\/\/repliquemangacine.fr\/it\/wp-json\/wp\/v2\/media?parent=68780"}],"wp:term":[{"taxonomy":"product_brand","embeddable":true,"href":"https:\/\/repliquemangacine.fr\/it\/wp-json\/wp\/v2\/product_brand?post=68780"},{"taxonomy":"product_cat","embeddable":true,"href":"https:\/\/repliquemangacine.fr\/it\/wp-json\/wp\/v2\/product_cat?post=68780"},{"taxonomy":"product_tag","embeddable":true,"href":"https:\/\/repliquemangacine.fr\/it\/wp-json\/wp\/v2\/product_tag?post=68780"}],"curies":[{"name":"wp","href":"https:\/\/api.w.org\/{rel}","templated":true}]}}