





{"id":68768,"date":"2024-01-31T17:19:00","date_gmt":"2024-01-31T16:19:00","guid":{"rendered":"https:\/\/repliquemangacine.fr\/?post_type=product&#038;p=68768"},"modified":"2026-01-13T10:41:04","modified_gmt":"2026-01-13T09:41:04","slug":"tazza-hogwarts-500-ml","status":"publish","type":"product","link":"https:\/\/repliquemangacine.fr\/it\/collectors-et-goodies-harry-potter\/mug-poudlard-500-ml\/","title":{"rendered":"Tazza Hogwarts 500 ml"},"content":{"rendered":"<h2>Tazza di Hogwarts: un simbolo dell'universo magico<\/h2>\n<p>In primo luogo, il \"sistema\".<strong>Tazza di Hogwarts<\/strong>\u201d cattura l'essenza della famosa scuola di magia di Harry Potter. Questa tazza da 500 ml \u00e8 realizzata in resina di alta qualit\u00e0 e dipinta a mano. Garantisce un livello di dettaglio e una finitura senza pari. Su un lato della tazza, lo stemma di Hogwarts riunisce gli emblemi delle quattro case, simboleggiando l'unit\u00e0 e la diversit\u00e0 della scuola. Sull'altro lato, una rappresentazione in 3D del castello di Hogwarts offre una vista spettacolare e dettagliata dell'iconico edificio, evocando la magia e i misteri nascosti dietro le sue mura.<\/p>\n<p>Il manico della tazza, accuratamente decorato, aggiunge un tocco di raffinatezza e garantisce una presa piacevole. L'interno in alluminio della tazza non solo ne assicura la robustezza, ma anche un'ottima conservazione della temperatura delle bevande, sia calde che fredde. Quindi questo \u201c<strong>Tazza di Hogwarts<\/strong>\"\u00e8 pi\u00f9 di un semplice contenitore. \u00c8 un oggetto unico da collezione per i fan e un modo quotidiano per celebrare lo spirito di Hogwarts.<\/p>\n<h2>Derivati di Harry Potter: un universo magico da scoprire<\/h2>\n<p>Immergetevi nell'incantevole mondo di Harry Potter con la nostra vasta selezione di articoli, scelti con cura per soddisfare i desideri dei fan pi\u00f9 appassionati. Tra i nostri tesori, troverete le repliche delle <a href=\"https:\/\/repliquemangacine.fr\/it\/bacchette-dei-personaggi-di-harry-potter\/\">bacchette per tutti i personaggi<\/a> emblematici della saga, da Harry stesso a Silente, passando per Hermione e Ron. Ogni bacchetta \u00e8 una fedele riproduzione dei modelli utilizzati nei film, offrendo un'esperienza autentica e magica.<\/p>\n<p>Scopri anche il <a href=\"https:\/\/repliquemangacine.fr\/it\/collezionisti-di-harry-potter-e-chicche\/la-borsa-di-hermione\/\">La borsa di Hermione<\/a>Un accessorio indispensabile per chi ama lo stile e la funzionalit\u00e0. Il <a href=\"https:\/\/repliquemangacine.fr\/it\/collezionisti-di-harry-potter-e-chicche\/carta-del-predone\/\">Carta Marauder<\/a>delizier\u00e0 gli appassionati di mistero e avventura, svelando i segreti di <a href=\"https:\/\/harrypotter.fandom.com\/fr\/wiki\/Coll%C3%A8ge_Poudlard,_%C3%A9cole_de_sorcellerie\">Hogwarts<\/a>. L'<a href=\"https:\/\/repliquemangacine.fr\/it\/collezionisti-di-harry-potter-e-chicche\/harry-potter-godric-grifondoro-spada\/\">Spada di Grifondoro<\/a>Questo epico oggetto da collezione \u00e8 un omaggio all'audacia e al coraggio della famosa casa. Per un tocco di magia quotidiana, il <a href=\"https:\/\/repliquemangacine.fr\/it\/collezionisti-di-harry-potter-e-chicche\/pietra-filosofale-harry-potter\/\">Pietra filosofale<\/a> \u00e8 una scelta elegante e ricca di significato.<\/p>\n<p>La nostra gamma non si ferma qui: esplora la nostra collezione per scoprire molto altro ancora, dall'abbigliamento agli accessori, tutti ispirati al mondo di Harry Potter. \u00c8 importante sottolineare che ogni prodotto \u00e8 selezionato per la sua qualit\u00e0 e autenticit\u00e0, garantendo ai fan un'immersione totale nel magico mondo di J.K. Rowling.<\/p>\n<p>In conclusione, con \u201cI prodotti derivati di Harry Potter\u201d entrerete in un mondo in cui la magia incontra la realt\u00e0.<\/p>\n<p>&nbsp;<\/p>","protected":false},"excerpt":{"rendered":"<p>Splendida tazza ispirata a Hogwarts in Harry Potter<\/p>\n<ul>\n<li>Interno in alluminio<\/li>\n<li>Manico in resina decorata<\/li>\n<li>Tazza in resina 3D del Castello di Hogwarts<\/li>\n<li>Sull'altro lato c'\u00e8 lo stemma delle 4 case<\/li>\n<li>Capacit\u00e0: 500 ml<\/li>\n<li>Altezza: 11 cm - Diametro: 8 cm<\/li>\n<\/ul>","protected":false},"featured_media":68769,"template":"","meta":[],"product_brand":[896],"product_cat":[87,41],"product_tag":[],"class_list":{"0":"post-68768","1":"product","2":"type-product","3":"status-publish","4":"has-post-thumbnail","6":"product_brand-replique-manga-cine","7":"product_cat-collectors-et-goodies-harry-potter","8":"product_cat-baguettes-et-goodies-harry-potter","10":"first","11":"instock","12":"taxable","13":"shipping-taxable","14":"purchasable","15":"product-type-simple"},"yoast_head":"<!-- This site is optimized with the Yoast SEO plugin v27.4 - https:\/\/yoast.com\/product\/yoast-seo-wordpress\/ -->\n<title>Mug Poudlard 500 ml - Harry Potter | R\u00e9plique Manga Cin\u00e9<\/title>\n<meta name=\"description\" content=\"Venez d\u00e9couvrir ce superbe Mug Poudlard 500 ml dans Harry Potter au meilleur prix. Int\u00e9rieur en aluminium. Poign\u00e9e en r\u00e9sine. Ch\u00e2teau en 3D en r\u00e9sine.\" \/>\n<meta name=\"robots\" content=\"index, follow, max-snippet:-1, max-image-preview:large, max-video-preview:-1\" \/>\n<link rel=\"canonical\" href=\"https:\/\/repliquemangacine.fr\/it\/collezionisti-di-harry-potter-e-chicche\/tazza-hogwarts-500-ml\/\" \/>\n<meta property=\"og:locale\" content=\"it_IT\" \/>\n<meta property=\"og:type\" content=\"article\" \/>\n<meta property=\"og:title\" content=\"Mug Poudlard 500 ml - Harry Potter | R\u00e9plique Manga Cin\u00e9\" \/>\n<meta property=\"og:description\" content=\"Venez d\u00e9couvrir ce superbe Mug Poudlard 500 ml dans Harry Potter au meilleur prix. Int\u00e9rieur en aluminium. Poign\u00e9e en r\u00e9sine. Ch\u00e2teau en 3D en r\u00e9sine.\" \/>\n<meta property=\"og:url\" content=\"https:\/\/repliquemangacine.fr\/it\/collezionisti-di-harry-potter-e-chicche\/tazza-hogwarts-500-ml\/\" \/>\n<meta property=\"og:site_name\" content=\"R\u00e9plique Manga Cin\u00e9\" \/>\n<meta property=\"article:publisher\" content=\"https:\/\/www.facebook.com\/RepliqueMangaCine\" \/>\n<meta property=\"article:modified_time\" content=\"2026-01-13T09:41:04+00:00\" \/>\n<meta property=\"og:image\" content=\"https:\/\/repliquemangacine.fr\/wp-content\/uploads\/2024\/01\/Mug-Poudlard.jpg\" \/>\n\t<meta property=\"og:image:width\" content=\"500\" \/>\n\t<meta property=\"og:image:height\" content=\"500\" \/>\n\t<meta property=\"og:image:type\" content=\"image\/jpeg\" \/>\n<meta name=\"twitter:card\" content=\"summary_large_image\" \/>\n<meta name=\"twitter:label1\" content=\"Tempo di lettura stimato\" \/>\n\t<meta name=\"twitter:data1\" content=\"3 minuti\" \/>\n<script type=\"application\/ld+json\" class=\"yoast-schema-graph\">{\"@context\":\"https:\\\/\\\/schema.org\",\"@graph\":[{\"@type\":\"WebPage\",\"@id\":\"https:\\\/\\\/repliquemangacine.fr\\\/collectors-et-goodies-harry-potter\\\/mug-poudlard-500-ml\\\/\",\"url\":\"https:\\\/\\\/repliquemangacine.fr\\\/collectors-et-goodies-harry-potter\\\/mug-poudlard-500-ml\\\/\",\"name\":\"Mug Poudlard 500 ml - Harry Potter | R\u00e9plique Manga Cin\u00e9\",\"isPartOf\":{\"@id\":\"https:\\\/\\\/repliquemangacine.fr\\\/#website\"},\"primaryImageOfPage\":{\"@id\":\"https:\\\/\\\/repliquemangacine.fr\\\/collectors-et-goodies-harry-potter\\\/mug-poudlard-500-ml\\\/#primaryimage\"},\"image\":{\"@id\":\"https:\\\/\\\/repliquemangacine.fr\\\/collectors-et-goodies-harry-potter\\\/mug-poudlard-500-ml\\\/#primaryimage\"},\"thumbnailUrl\":\"https:\\\/\\\/repliquemangacine.fr\\\/wp-content\\\/uploads\\\/2024\\\/01\\\/Mug-Poudlard.jpg\",\"datePublished\":\"2024-01-31T16:19:00+00:00\",\"dateModified\":\"2026-01-13T09:41:04+00:00\",\"description\":\"Venez d\u00e9couvrir ce superbe Mug Poudlard 500 ml dans Harry Potter au meilleur prix. Int\u00e9rieur en aluminium. Poign\u00e9e en r\u00e9sine. Ch\u00e2teau en 3D en r\u00e9sine.\",\"breadcrumb\":{\"@id\":\"https:\\\/\\\/repliquemangacine.fr\\\/collectors-et-goodies-harry-potter\\\/mug-poudlard-500-ml\\\/#breadcrumb\"},\"inLanguage\":\"it-IT\",\"potentialAction\":[{\"@type\":\"ReadAction\",\"target\":[\"https:\\\/\\\/repliquemangacine.fr\\\/collectors-et-goodies-harry-potter\\\/mug-poudlard-500-ml\\\/\"]}]},{\"@type\":\"ImageObject\",\"inLanguage\":\"it-IT\",\"@id\":\"https:\\\/\\\/repliquemangacine.fr\\\/collectors-et-goodies-harry-potter\\\/mug-poudlard-500-ml\\\/#primaryimage\",\"url\":\"https:\\\/\\\/repliquemangacine.fr\\\/wp-content\\\/uploads\\\/2024\\\/01\\\/Mug-Poudlard.jpg\",\"contentUrl\":\"https:\\\/\\\/repliquemangacine.fr\\\/wp-content\\\/uploads\\\/2024\\\/01\\\/Mug-Poudlard.jpg\",\"width\":500,\"height\":500,\"caption\":\"Mug Poudlard Harry Potter\"},{\"@type\":\"BreadcrumbList\",\"@id\":\"https:\\\/\\\/repliquemangacine.fr\\\/collectors-et-goodies-harry-potter\\\/mug-poudlard-500-ml\\\/#breadcrumb\",\"itemListElement\":[{\"@type\":\"ListItem\",\"position\":1,\"name\":\"Accueil\",\"item\":\"https:\\\/\\\/repliquemangacine.fr\\\/\"},{\"@type\":\"ListItem\",\"position\":2,\"name\":\"Produits\",\"item\":\"https:\\\/\\\/repliquemangacine.fr\\\/boutique\\\/\"},{\"@type\":\"ListItem\",\"position\":3,\"name\":\"Mug Poudlard 500 ml\"}]},{\"@type\":\"WebSite\",\"@id\":\"https:\\\/\\\/repliquemangacine.fr\\\/#website\",\"url\":\"https:\\\/\\\/repliquemangacine.fr\\\/\",\"name\":\"R\u00e9plique Manga Cin\u00e9\",\"description\":\"\",\"publisher\":{\"@id\":\"https:\\\/\\\/repliquemangacine.fr\\\/#organization\"},\"potentialAction\":[{\"@type\":\"SearchAction\",\"target\":{\"@type\":\"EntryPoint\",\"urlTemplate\":\"https:\\\/\\\/repliquemangacine.fr\\\/?s={search_term_string}\"},\"query-input\":{\"@type\":\"PropertyValueSpecification\",\"valueRequired\":true,\"valueName\":\"search_term_string\"}}],\"inLanguage\":\"it-IT\"},{\"@type\":\"Organization\",\"@id\":\"https:\\\/\\\/repliquemangacine.fr\\\/#organization\",\"name\":\"R\u00e9plique Manga Cin\u00e9\",\"url\":\"https:\\\/\\\/repliquemangacine.fr\\\/\",\"logo\":{\"@type\":\"ImageObject\",\"inLanguage\":\"it-IT\",\"@id\":\"https:\\\/\\\/repliquemangacine.fr\\\/#\\\/schema\\\/logo\\\/image\\\/\",\"url\":\"https:\\\/\\\/repliquemangacine.fr\\\/wp-content\\\/uploads\\\/2023\\\/10\\\/RMC-500250.png\",\"contentUrl\":\"https:\\\/\\\/repliquemangacine.fr\\\/wp-content\\\/uploads\\\/2023\\\/10\\\/RMC-500250.png\",\"width\":500,\"height\":250,\"caption\":\"R\u00e9plique Manga Cin\u00e9\"},\"image\":{\"@id\":\"https:\\\/\\\/repliquemangacine.fr\\\/#\\\/schema\\\/logo\\\/image\\\/\"},\"sameAs\":[\"https:\\\/\\\/www.facebook.com\\\/RepliqueMangaCine\",\"https:\\\/\\\/www.instagram.com\\\/repliquemangacine.fr\\\/\"]}]}<\/script>\n<!-- \/ Yoast SEO plugin. -->","yoast_head_json":{"title":"Tazza Hogwarts 500 ml - Harry Potter | R\u00e9plique Manga Cin\u00e9","description":"Venite a scoprire questa superba tazza Hogwarts da 500 ml di Harry Potter al miglior prezzo. Interno in alluminio. Manico in resina. Castello in resina 3D.","robots":{"index":"index","follow":"follow","max-snippet":"max-snippet:-1","max-image-preview":"max-image-preview:large","max-video-preview":"max-video-preview:-1"},"canonical":"https:\/\/repliquemangacine.fr\/it\/collezionisti-di-harry-potter-e-chicche\/tazza-hogwarts-500-ml\/","og_locale":"it_IT","og_type":"article","og_title":"Mug Poudlard 500 ml - Harry Potter | R\u00e9plique Manga Cin\u00e9","og_description":"Venez d\u00e9couvrir ce superbe Mug Poudlard 500 ml dans Harry Potter au meilleur prix. Int\u00e9rieur en aluminium. Poign\u00e9e en r\u00e9sine. Ch\u00e2teau en 3D en r\u00e9sine.","og_url":"https:\/\/repliquemangacine.fr\/it\/collezionisti-di-harry-potter-e-chicche\/tazza-hogwarts-500-ml\/","og_site_name":"R\u00e9plique Manga Cin\u00e9","article_publisher":"https:\/\/www.facebook.com\/RepliqueMangaCine","article_modified_time":"2026-01-13T09:41:04+00:00","og_image":[{"width":500,"height":500,"url":"https:\/\/repliquemangacine.fr\/wp-content\/uploads\/2024\/01\/Mug-Poudlard.jpg","type":"image\/jpeg"}],"twitter_card":"summary_large_image","twitter_misc":{"Tempo di lettura stimato":"3 minuti"},"schema":{"@context":"https:\/\/schema.org","@graph":[{"@type":"WebPage","@id":"https:\/\/repliquemangacine.fr\/collectors-et-goodies-harry-potter\/mug-poudlard-500-ml\/","url":"https:\/\/repliquemangacine.fr\/collectors-et-goodies-harry-potter\/mug-poudlard-500-ml\/","name":"Tazza Hogwarts 500 ml - Harry Potter | R\u00e9plique Manga Cin\u00e9","isPartOf":{"@id":"https:\/\/repliquemangacine.fr\/#website"},"primaryImageOfPage":{"@id":"https:\/\/repliquemangacine.fr\/collectors-et-goodies-harry-potter\/mug-poudlard-500-ml\/#primaryimage"},"image":{"@id":"https:\/\/repliquemangacine.fr\/collectors-et-goodies-harry-potter\/mug-poudlard-500-ml\/#primaryimage"},"thumbnailUrl":"https:\/\/repliquemangacine.fr\/wp-content\/uploads\/2024\/01\/Mug-Poudlard.jpg","datePublished":"2024-01-31T16:19:00+00:00","dateModified":"2026-01-13T09:41:04+00:00","description":"Venite a scoprire questa superba tazza Hogwarts da 500 ml di Harry Potter al miglior prezzo. Interno in alluminio. Manico in resina. Castello in resina 3D.","breadcrumb":{"@id":"https:\/\/repliquemangacine.fr\/collectors-et-goodies-harry-potter\/mug-poudlard-500-ml\/#breadcrumb"},"inLanguage":"it-IT","potentialAction":[{"@type":"ReadAction","target":["https:\/\/repliquemangacine.fr\/collectors-et-goodies-harry-potter\/mug-poudlard-500-ml\/"]}]},{"@type":"ImageObject","inLanguage":"it-IT","@id":"https:\/\/repliquemangacine.fr\/collectors-et-goodies-harry-potter\/mug-poudlard-500-ml\/#primaryimage","url":"https:\/\/repliquemangacine.fr\/wp-content\/uploads\/2024\/01\/Mug-Poudlard.jpg","contentUrl":"https:\/\/repliquemangacine.fr\/wp-content\/uploads\/2024\/01\/Mug-Poudlard.jpg","width":500,"height":500,"caption":"Mug Poudlard Harry Potter"},{"@type":"BreadcrumbList","@id":"https:\/\/repliquemangacine.fr\/collectors-et-goodies-harry-potter\/mug-poudlard-500-ml\/#breadcrumb","itemListElement":[{"@type":"ListItem","position":1,"name":"Accueil","item":"https:\/\/repliquemangacine.fr\/"},{"@type":"ListItem","position":2,"name":"Produits","item":"https:\/\/repliquemangacine.fr\/boutique\/"},{"@type":"ListItem","position":3,"name":"Mug Poudlard 500 ml"}]},{"@type":"WebSite","@id":"https:\/\/repliquemangacine.fr\/#website","url":"https:\/\/repliquemangacine.fr\/","name":"R\u00e9plique Manga Cin\u00e9","description":"","publisher":{"@id":"https:\/\/repliquemangacine.fr\/#organization"},"potentialAction":[{"@type":"SearchAction","target":{"@type":"EntryPoint","urlTemplate":"https:\/\/repliquemangacine.fr\/?s={search_term_string}"},"query-input":{"@type":"PropertyValueSpecification","valueRequired":true,"valueName":"search_term_string"}}],"inLanguage":"it-IT"},{"@type":"Organization","@id":"https:\/\/repliquemangacine.fr\/#organization","name":"R\u00e9plique Manga Cin\u00e9","url":"https:\/\/repliquemangacine.fr\/","logo":{"@type":"ImageObject","inLanguage":"it-IT","@id":"https:\/\/repliquemangacine.fr\/#\/schema\/logo\/image\/","url":"https:\/\/repliquemangacine.fr\/wp-content\/uploads\/2023\/10\/RMC-500250.png","contentUrl":"https:\/\/repliquemangacine.fr\/wp-content\/uploads\/2023\/10\/RMC-500250.png","width":500,"height":250,"caption":"R\u00e9plique Manga Cin\u00e9"},"image":{"@id":"https:\/\/repliquemangacine.fr\/#\/schema\/logo\/image\/"},"sameAs":["https:\/\/www.facebook.com\/RepliqueMangaCine","https:\/\/www.instagram.com\/repliquemangacine.fr\/"]}]}},"_links":{"self":[{"href":"https:\/\/repliquemangacine.fr\/it\/wp-json\/wp\/v2\/product\/68768","targetHints":{"allow":["GET"]}}],"collection":[{"href":"https:\/\/repliquemangacine.fr\/it\/wp-json\/wp\/v2\/product"}],"about":[{"href":"https:\/\/repliquemangacine.fr\/it\/wp-json\/wp\/v2\/types\/product"}],"wp:featuredmedia":[{"embeddable":true,"href":"https:\/\/repliquemangacine.fr\/it\/wp-json\/wp\/v2\/media\/68769"}],"wp:attachment":[{"href":"https:\/\/repliquemangacine.fr\/it\/wp-json\/wp\/v2\/media?parent=68768"}],"wp:term":[{"taxonomy":"product_brand","embeddable":true,"href":"https:\/\/repliquemangacine.fr\/it\/wp-json\/wp\/v2\/product_brand?post=68768"},{"taxonomy":"product_cat","embeddable":true,"href":"https:\/\/repliquemangacine.fr\/it\/wp-json\/wp\/v2\/product_cat?post=68768"},{"taxonomy":"product_tag","embeddable":true,"href":"https:\/\/repliquemangacine.fr\/it\/wp-json\/wp\/v2\/product_tag?post=68768"}],"curies":[{"name":"wp","href":"https:\/\/api.w.org\/{rel}","templated":true}]}}