





{"id":68762,"date":"2024-01-31T15:47:56","date_gmt":"2024-01-31T14:47:56","guid":{"rendered":"https:\/\/repliquemangacine.fr\/?post_type=product&#038;p=68762"},"modified":"2025-11-18T14:52:55","modified_gmt":"2025-11-18T13:52:55","slug":"boccale-serpeverde-600-ml","status":"publish","type":"product","link":"https:\/\/repliquemangacine.fr\/it\/collectors-et-goodies-harry-potter\/mug-serdaigle-600-ml\/","title":{"rendered":"Boccale Serpeverde 600 ml"},"content":{"rendered":"<h2>Tazza Serpeverde: un omaggio all'intelligenza e alla creativit\u00e0<\/h2>\n<p>In primo luogo, il \"sistema\".<strong>Tazza Serpeverde<\/strong>\u201c, dal design magnifico, \u00e8 un must-have per gli ammiratori della casa di Serpeverde di Hogwarts. Tazza da 600 ml, realizzata in resina  e dipinta a mano, che mette in risalto l'artigianato artistico. Su sfondo blu, colore emblematico di Serpeverde, \u00e8 decorata con lo stemma della casa, che raffigura un'aquila, simbolo di saggezza e intelligenza. Sull'altro lato della tazza \u00e8 raffigurata la testa dell'aquila, dipinta con impressionante precisione, che cattura lo spirito nobile e perspicace di Serpeverde.<\/p>\n<p>Il manico, a forma di aquila, aggiunge un tocco di eleganza e offre una presa comoda e sicura. L'interno della tazza in alluminio garantisce non solo una lunga durata, ma anche una conservazione ottimale della temperatura delle vostre bevande, sia calde che fredde. Questa tazza non \u00e8 solo un oggetto pratico per la vostra vita quotidiana, ma anche un pezzo da collezione. Rappresenta la scelta perfetta per i fan che desiderano un prodotto esteticamente gradevole, di qualit\u00e0 e intriso della magia dell'universo di Harry Potter.<\/p>\n<h2>Tazza Serdaigle e collezione diversificata: qualit\u00e0 e prezzo accessibili<\/h2>\n<p>Il \"<strong>Tazza Serpeverde<\/strong>\u201d \u00e8 solo l'inizio della nostra gamma di prodotti Harry Potter dall'ottimo rapporto qualit\u00e0-prezzo. Oltre a questa tazza, siamo orgogliosi di presentare una variet\u00e0 di articoli per i fan a prezzi accessibili. La nostra collezione comprende costumi per bambini, per consentire ai pi\u00f9 piccoli di vestire i panni dei loro personaggi preferiti.<\/p>\n<p>Inoltre, offriamo tutte le bacchette dei personaggi in replica, tra cui la <a href=\"https:\/\/repliquemangacine.fr\/it\/bacchette-dei-personaggi-di-harry-potter\/luna-lovegood-bacchetta-con-anima-in-metallo-di-alta-qualita\/\">La bacchetta di Luna Lovegood<\/a>. C'\u00e8 anche il famoso <a href=\"https:\/\/repliquemangacine.fr\/it\/collezionisti-di-harry-potter-e-chicche\/cappello-interattivo-di-harry-potter\/\">Selezione della bandiera<\/a>noto per l'assegnazione degli alunni alle diverse case di Hogwarts. Oltre alle figurine finemente lavorate distribuite da <a href=\"https:\/\/noblecollection.fr\/produits-issus-univers-harry-potter-c-163_10.html\" target=\"_blank\" rel=\"noopener noreferrer\">Collezione Nobile<\/a>. Avrete inoltre il piacere di scoprire la <a href=\"https:\/\/repliquemangacine.fr\/it\/collezionisti-di-harry-potter-e-chicche\/scopa-di-harry-potter-firebolt\/\">Scopa Firebolt<\/a> con licenza ufficiale, disegnato dagli archivi della Warner Bros.<\/p>\n<p>Da RMC troverete articoli di alta qualit\u00e0 che celebrano la magia di Harry Potter, il tutto a prezzi che rendono la magia accessibile a tutti.<\/p>\n<h2>Esplorate la magia di Serdaigle House<\/h2>\n<p>Ravenclaw (Serdaigle in francese) \u00e8 una delle quattro case della scuola di magia di Hogwarts nella saga di Harry Potter. Fondata da Rowena Serdaigle, questa casa \u00e8 nota per valorizzare l'intelligenza, la creativit\u00e0, la saggezza e l'apprendimento. Gli studenti di Serpeverde sono spesso descritti come curiosi, assetati di conoscenza e innovativi nel loro approccio alla magia.<\/p>\n<p>Il simbolo di Ravenclaw \u00e8 l'aquila e i suoi colori sono il blu. La sala comune di Ravenclaw si trova in cima a una torre di Hogwarts e offre una vista mozzafiato sul paesaggio circostante. \u00c8 famosa per la sua atmosfera tranquilla, ideale per lo studio e la riflessione.<\/p>\n<p>Tra i personaggi illustri di Serpeverde troviamo Luna Lovegood, nota per il suo spirito originale e il suo punto di vista unico, e Cho Chang, una studentessa dotata di grande talento nell'arte degli incantesimi. Serpeverde \u00e8 spesso associato all'eccellenza accademica e a un approccio alla vita riflessivo e aperto.<\/p>\n<p>I prodotti derivati da Serpeverde, come le repliche delle bacchette magiche, i capi di abbigliamento con i colori della casa o gli accessori con l'effigie dell'aquila, sono molto apprezzati dai fan di Harry Potter. Questi prodotti consentono agli ammiratori della casa di celebrare il loro amore per la conoscenza, la saggezza e l'originalit\u00e0.<\/p>","protected":false},"excerpt":{"rendered":"<p>Splendida tazza ispirata alla Casa di Serdaigle di Harry Potter.<\/p>\n<ul>\n<li>Interno in alluminio<\/li>\n<li>Dipinto a mano<\/li>\n<li>La tazza in resina \u00e8 finemente decorata<\/li>\n<li>Manico in resina a forma di aquila<\/li>\n<li>Capacit\u00e0: 600 ml<\/li>\n<li>Altezza: 15 cm - Diametro: 9,5 cm<\/li>\n<\/ul>","protected":false},"featured_media":68764,"template":"","meta":[],"product_brand":[896],"product_cat":[87,41],"product_tag":[],"class_list":{"0":"post-68762","1":"product","2":"type-product","3":"status-publish","4":"has-post-thumbnail","6":"product_brand-replique-manga-cine","7":"product_cat-collectors-et-goodies-harry-potter","8":"product_cat-baguettes-et-goodies-harry-potter","10":"first","11":"outofstock","12":"taxable","13":"shipping-taxable","14":"purchasable","15":"product-type-simple"},"yoast_head":"<!-- This site is optimized with the Yoast SEO plugin v27.4 - https:\/\/yoast.com\/product\/yoast-seo-wordpress\/ -->\n<title>Mug Serdaigle 600 ml - Harry Potter | R\u00e9plique Manga Cin\u00e9<\/title>\n<meta name=\"description\" content=\"D\u00e9couvrez ce superbe Mug Serdaigle 600 ml dans Harry Potter au meilleur prix. Int\u00e9rieur en Aluminium. Poign\u00e9e en forme d&#039;aigle. D\u00e9cor\u00e9 et Peint \u00e0 la main.\" \/>\n<meta name=\"robots\" content=\"index, follow, max-snippet:-1, max-image-preview:large, max-video-preview:-1\" \/>\n<link rel=\"canonical\" href=\"https:\/\/repliquemangacine.fr\/it\/collezionisti-di-harry-potter-e-chicche\/boccale-serpeverde-600-ml\/\" \/>\n<meta property=\"og:locale\" content=\"it_IT\" \/>\n<meta property=\"og:type\" content=\"article\" \/>\n<meta property=\"og:title\" content=\"Mug Serdaigle 600 ml - Harry Potter | R\u00e9plique Manga Cin\u00e9\" \/>\n<meta property=\"og:description\" content=\"D\u00e9couvrez ce superbe Mug Serdaigle 600 ml dans Harry Potter au meilleur prix. Int\u00e9rieur en Aluminium. Poign\u00e9e en forme d&#039;aigle. D\u00e9cor\u00e9 et Peint \u00e0 la main.\" \/>\n<meta property=\"og:url\" content=\"https:\/\/repliquemangacine.fr\/it\/collezionisti-di-harry-potter-e-chicche\/boccale-serpeverde-600-ml\/\" \/>\n<meta property=\"og:site_name\" content=\"R\u00e9plique Manga Cin\u00e9\" \/>\n<meta property=\"article:publisher\" content=\"https:\/\/www.facebook.com\/RepliqueMangaCine\" \/>\n<meta property=\"article:modified_time\" content=\"2025-11-18T13:52:55+00:00\" \/>\n<meta property=\"og:image\" content=\"https:\/\/repliquemangacine.fr\/wp-content\/uploads\/2024\/01\/Mug-Serdaigle.jpg\" \/>\n\t<meta property=\"og:image:width\" content=\"500\" \/>\n\t<meta property=\"og:image:height\" content=\"500\" \/>\n\t<meta property=\"og:image:type\" content=\"image\/jpeg\" \/>\n<meta name=\"twitter:card\" content=\"summary_large_image\" \/>\n<meta name=\"twitter:label1\" content=\"Tempo di lettura stimato\" \/>\n\t<meta name=\"twitter:data1\" content=\"4 minuti\" \/>\n<script type=\"application\/ld+json\" class=\"yoast-schema-graph\">{\"@context\":\"https:\\\/\\\/schema.org\",\"@graph\":[{\"@type\":\"WebPage\",\"@id\":\"https:\\\/\\\/repliquemangacine.fr\\\/collectors-et-goodies-harry-potter\\\/mug-serdaigle-600-ml\\\/\",\"url\":\"https:\\\/\\\/repliquemangacine.fr\\\/collectors-et-goodies-harry-potter\\\/mug-serdaigle-600-ml\\\/\",\"name\":\"Mug Serdaigle 600 ml - Harry Potter | R\u00e9plique Manga Cin\u00e9\",\"isPartOf\":{\"@id\":\"https:\\\/\\\/repliquemangacine.fr\\\/#website\"},\"primaryImageOfPage\":{\"@id\":\"https:\\\/\\\/repliquemangacine.fr\\\/collectors-et-goodies-harry-potter\\\/mug-serdaigle-600-ml\\\/#primaryimage\"},\"image\":{\"@id\":\"https:\\\/\\\/repliquemangacine.fr\\\/collectors-et-goodies-harry-potter\\\/mug-serdaigle-600-ml\\\/#primaryimage\"},\"thumbnailUrl\":\"https:\\\/\\\/repliquemangacine.fr\\\/wp-content\\\/uploads\\\/2024\\\/01\\\/Mug-Serdaigle.jpg\",\"datePublished\":\"2024-01-31T14:47:56+00:00\",\"dateModified\":\"2025-11-18T13:52:55+00:00\",\"description\":\"D\u00e9couvrez ce superbe Mug Serdaigle 600 ml dans Harry Potter au meilleur prix. Int\u00e9rieur en Aluminium. Poign\u00e9e en forme d'aigle. D\u00e9cor\u00e9 et Peint \u00e0 la main.\",\"breadcrumb\":{\"@id\":\"https:\\\/\\\/repliquemangacine.fr\\\/collectors-et-goodies-harry-potter\\\/mug-serdaigle-600-ml\\\/#breadcrumb\"},\"inLanguage\":\"it-IT\",\"potentialAction\":[{\"@type\":\"ReadAction\",\"target\":[\"https:\\\/\\\/repliquemangacine.fr\\\/collectors-et-goodies-harry-potter\\\/mug-serdaigle-600-ml\\\/\"]}]},{\"@type\":\"ImageObject\",\"inLanguage\":\"it-IT\",\"@id\":\"https:\\\/\\\/repliquemangacine.fr\\\/collectors-et-goodies-harry-potter\\\/mug-serdaigle-600-ml\\\/#primaryimage\",\"url\":\"https:\\\/\\\/repliquemangacine.fr\\\/wp-content\\\/uploads\\\/2024\\\/01\\\/Mug-Serdaigle.jpg\",\"contentUrl\":\"https:\\\/\\\/repliquemangacine.fr\\\/wp-content\\\/uploads\\\/2024\\\/01\\\/Mug-Serdaigle.jpg\",\"width\":500,\"height\":500,\"caption\":\"Mug Serdaigle Harry Potter\"},{\"@type\":\"BreadcrumbList\",\"@id\":\"https:\\\/\\\/repliquemangacine.fr\\\/collectors-et-goodies-harry-potter\\\/mug-serdaigle-600-ml\\\/#breadcrumb\",\"itemListElement\":[{\"@type\":\"ListItem\",\"position\":1,\"name\":\"Accueil\",\"item\":\"https:\\\/\\\/repliquemangacine.fr\\\/\"},{\"@type\":\"ListItem\",\"position\":2,\"name\":\"Produits\",\"item\":\"https:\\\/\\\/repliquemangacine.fr\\\/boutique\\\/\"},{\"@type\":\"ListItem\",\"position\":3,\"name\":\"Mug Serdaigle 600 ml\"}]},{\"@type\":\"WebSite\",\"@id\":\"https:\\\/\\\/repliquemangacine.fr\\\/#website\",\"url\":\"https:\\\/\\\/repliquemangacine.fr\\\/\",\"name\":\"R\u00e9plique Manga Cin\u00e9\",\"description\":\"\",\"publisher\":{\"@id\":\"https:\\\/\\\/repliquemangacine.fr\\\/#organization\"},\"potentialAction\":[{\"@type\":\"SearchAction\",\"target\":{\"@type\":\"EntryPoint\",\"urlTemplate\":\"https:\\\/\\\/repliquemangacine.fr\\\/?s={search_term_string}\"},\"query-input\":{\"@type\":\"PropertyValueSpecification\",\"valueRequired\":true,\"valueName\":\"search_term_string\"}}],\"inLanguage\":\"it-IT\"},{\"@type\":\"Organization\",\"@id\":\"https:\\\/\\\/repliquemangacine.fr\\\/#organization\",\"name\":\"R\u00e9plique Manga Cin\u00e9\",\"url\":\"https:\\\/\\\/repliquemangacine.fr\\\/\",\"logo\":{\"@type\":\"ImageObject\",\"inLanguage\":\"it-IT\",\"@id\":\"https:\\\/\\\/repliquemangacine.fr\\\/#\\\/schema\\\/logo\\\/image\\\/\",\"url\":\"https:\\\/\\\/repliquemangacine.fr\\\/wp-content\\\/uploads\\\/2023\\\/10\\\/RMC-500250.png\",\"contentUrl\":\"https:\\\/\\\/repliquemangacine.fr\\\/wp-content\\\/uploads\\\/2023\\\/10\\\/RMC-500250.png\",\"width\":500,\"height\":250,\"caption\":\"R\u00e9plique Manga Cin\u00e9\"},\"image\":{\"@id\":\"https:\\\/\\\/repliquemangacine.fr\\\/#\\\/schema\\\/logo\\\/image\\\/\"},\"sameAs\":[\"https:\\\/\\\/www.facebook.com\\\/RepliqueMangaCine\",\"https:\\\/\\\/www.instagram.com\\\/repliquemangacine.fr\\\/\"]}]}<\/script>\n<!-- \/ Yoast SEO plugin. -->","yoast_head_json":{"title":"Tazza Serpeverde 600 ml - Harry Potter | R\u00e9plique Manga Cin\u00e9","description":"Scoprite questa superba tazza Serdaigle da 600 ml di Harry Potter al miglior prezzo. Interno in alluminio. Manico a forma di aquila. Decorata e dipinta a mano.","robots":{"index":"index","follow":"follow","max-snippet":"max-snippet:-1","max-image-preview":"max-image-preview:large","max-video-preview":"max-video-preview:-1"},"canonical":"https:\/\/repliquemangacine.fr\/it\/collezionisti-di-harry-potter-e-chicche\/boccale-serpeverde-600-ml\/","og_locale":"it_IT","og_type":"article","og_title":"Mug Serdaigle 600 ml - Harry Potter | R\u00e9plique Manga Cin\u00e9","og_description":"D\u00e9couvrez ce superbe Mug Serdaigle 600 ml dans Harry Potter au meilleur prix. Int\u00e9rieur en Aluminium. Poign\u00e9e en forme d'aigle. D\u00e9cor\u00e9 et Peint \u00e0 la main.","og_url":"https:\/\/repliquemangacine.fr\/it\/collezionisti-di-harry-potter-e-chicche\/boccale-serpeverde-600-ml\/","og_site_name":"R\u00e9plique Manga Cin\u00e9","article_publisher":"https:\/\/www.facebook.com\/RepliqueMangaCine","article_modified_time":"2025-11-18T13:52:55+00:00","og_image":[{"width":500,"height":500,"url":"https:\/\/repliquemangacine.fr\/wp-content\/uploads\/2024\/01\/Mug-Serdaigle.jpg","type":"image\/jpeg"}],"twitter_card":"summary_large_image","twitter_misc":{"Tempo di lettura stimato":"4 minuti"},"schema":{"@context":"https:\/\/schema.org","@graph":[{"@type":"WebPage","@id":"https:\/\/repliquemangacine.fr\/collectors-et-goodies-harry-potter\/mug-serdaigle-600-ml\/","url":"https:\/\/repliquemangacine.fr\/collectors-et-goodies-harry-potter\/mug-serdaigle-600-ml\/","name":"Tazza Serpeverde 600 ml - Harry Potter | R\u00e9plique Manga Cin\u00e9","isPartOf":{"@id":"https:\/\/repliquemangacine.fr\/#website"},"primaryImageOfPage":{"@id":"https:\/\/repliquemangacine.fr\/collectors-et-goodies-harry-potter\/mug-serdaigle-600-ml\/#primaryimage"},"image":{"@id":"https:\/\/repliquemangacine.fr\/collectors-et-goodies-harry-potter\/mug-serdaigle-600-ml\/#primaryimage"},"thumbnailUrl":"https:\/\/repliquemangacine.fr\/wp-content\/uploads\/2024\/01\/Mug-Serdaigle.jpg","datePublished":"2024-01-31T14:47:56+00:00","dateModified":"2025-11-18T13:52:55+00:00","description":"Scoprite questa superba tazza Serdaigle da 600 ml di Harry Potter al miglior prezzo. Interno in alluminio. Manico a forma di aquila. Decorata e dipinta a mano.","breadcrumb":{"@id":"https:\/\/repliquemangacine.fr\/collectors-et-goodies-harry-potter\/mug-serdaigle-600-ml\/#breadcrumb"},"inLanguage":"it-IT","potentialAction":[{"@type":"ReadAction","target":["https:\/\/repliquemangacine.fr\/collectors-et-goodies-harry-potter\/mug-serdaigle-600-ml\/"]}]},{"@type":"ImageObject","inLanguage":"it-IT","@id":"https:\/\/repliquemangacine.fr\/collectors-et-goodies-harry-potter\/mug-serdaigle-600-ml\/#primaryimage","url":"https:\/\/repliquemangacine.fr\/wp-content\/uploads\/2024\/01\/Mug-Serdaigle.jpg","contentUrl":"https:\/\/repliquemangacine.fr\/wp-content\/uploads\/2024\/01\/Mug-Serdaigle.jpg","width":500,"height":500,"caption":"Mug Serdaigle Harry Potter"},{"@type":"BreadcrumbList","@id":"https:\/\/repliquemangacine.fr\/collectors-et-goodies-harry-potter\/mug-serdaigle-600-ml\/#breadcrumb","itemListElement":[{"@type":"ListItem","position":1,"name":"Accueil","item":"https:\/\/repliquemangacine.fr\/"},{"@type":"ListItem","position":2,"name":"Produits","item":"https:\/\/repliquemangacine.fr\/boutique\/"},{"@type":"ListItem","position":3,"name":"Mug Serdaigle 600 ml"}]},{"@type":"WebSite","@id":"https:\/\/repliquemangacine.fr\/#website","url":"https:\/\/repliquemangacine.fr\/","name":"R\u00e9plique Manga Cin\u00e9","description":"","publisher":{"@id":"https:\/\/repliquemangacine.fr\/#organization"},"potentialAction":[{"@type":"SearchAction","target":{"@type":"EntryPoint","urlTemplate":"https:\/\/repliquemangacine.fr\/?s={search_term_string}"},"query-input":{"@type":"PropertyValueSpecification","valueRequired":true,"valueName":"search_term_string"}}],"inLanguage":"it-IT"},{"@type":"Organization","@id":"https:\/\/repliquemangacine.fr\/#organization","name":"R\u00e9plique Manga Cin\u00e9","url":"https:\/\/repliquemangacine.fr\/","logo":{"@type":"ImageObject","inLanguage":"it-IT","@id":"https:\/\/repliquemangacine.fr\/#\/schema\/logo\/image\/","url":"https:\/\/repliquemangacine.fr\/wp-content\/uploads\/2023\/10\/RMC-500250.png","contentUrl":"https:\/\/repliquemangacine.fr\/wp-content\/uploads\/2023\/10\/RMC-500250.png","width":500,"height":250,"caption":"R\u00e9plique Manga Cin\u00e9"},"image":{"@id":"https:\/\/repliquemangacine.fr\/#\/schema\/logo\/image\/"},"sameAs":["https:\/\/www.facebook.com\/RepliqueMangaCine","https:\/\/www.instagram.com\/repliquemangacine.fr\/"]}]}},"_links":{"self":[{"href":"https:\/\/repliquemangacine.fr\/it\/wp-json\/wp\/v2\/product\/68762","targetHints":{"allow":["GET"]}}],"collection":[{"href":"https:\/\/repliquemangacine.fr\/it\/wp-json\/wp\/v2\/product"}],"about":[{"href":"https:\/\/repliquemangacine.fr\/it\/wp-json\/wp\/v2\/types\/product"}],"wp:featuredmedia":[{"embeddable":true,"href":"https:\/\/repliquemangacine.fr\/it\/wp-json\/wp\/v2\/media\/68764"}],"wp:attachment":[{"href":"https:\/\/repliquemangacine.fr\/it\/wp-json\/wp\/v2\/media?parent=68762"}],"wp:term":[{"taxonomy":"product_brand","embeddable":true,"href":"https:\/\/repliquemangacine.fr\/it\/wp-json\/wp\/v2\/product_brand?post=68762"},{"taxonomy":"product_cat","embeddable":true,"href":"https:\/\/repliquemangacine.fr\/it\/wp-json\/wp\/v2\/product_cat?post=68762"},{"taxonomy":"product_tag","embeddable":true,"href":"https:\/\/repliquemangacine.fr\/it\/wp-json\/wp\/v2\/product_tag?post=68762"}],"curies":[{"name":"wp","href":"https:\/\/api.w.org\/{rel}","templated":true}]}}