





{"id":68754,"date":"2024-01-31T14:39:27","date_gmt":"2024-01-31T13:39:27","guid":{"rendered":"https:\/\/repliquemangacine.fr\/?post_type=product&#038;p=68754"},"modified":"2025-11-18T14:53:58","modified_gmt":"2025-11-18T13:53:58","slug":"tazza-serpentard-600-ml","status":"publish","type":"product","link":"https:\/\/repliquemangacine.fr\/it\/collectors-et-goodies-harry-potter\/mug-serpentard-600-ml\/","title":{"rendered":"Boccale Serpeverde 600 ml"},"content":{"rendered":"<h2>Mug Serpentard : L&#8217;\u00c9l\u00e9gance et le Myst\u00e8re<\/h2>\n<p>Pour commencer, d\u00e9couvrez le charme envo\u00fbtant du &#8220;<strong>Mug Serpentard<\/strong>&#8220;(Slytherin en anglais). Une pi\u00e8ce de collection fascinante pour tous les admirateurs de l&#8217;univers de Harry Potter. Ce mug, d&#8217;une capacit\u00e9 g\u00e9n\u00e9reuse de 600 ml, est un v\u00e9ritable hommage \u00e0 la maison Serpentard. Connue pour son \u00e9l\u00e9gance et son myst\u00e8re. R\u00e9alis\u00e9 en r\u00e9sine de haute qualit\u00e9 et peint \u00e0 la main. Il arbore un fond vert profond, couleur embl\u00e9matique de Serpentard, orn\u00e9 de l&#8217;\u00e9cusson de la maison. Cet \u00e9cusson, repr\u00e9sentant un serpent agile et majestueux, symbolise parfaitement l&#8217;ambition et la ruse des membres de cette maison.<\/p>\n<p>De l&#8217;autre c\u00f4t\u00e9 du mug, la t\u00eate d&#8217;un serpent est soigneusement d\u00e9peinte, ajoutant une touche de caract\u00e8re et de distinction. La poign\u00e9e, con\u00e7ue en forme de serpent, est non seulement un d\u00e9tail artistique, mais aussi un \u00e9l\u00e9ment ergonomique, offrant une prise en main confortable et s\u00fbre. L&#8217;int\u00e9rieur du mug en aluminium garantit la durabilit\u00e9 du produit et la conservation optimale de la temp\u00e9rature de vos boissons, qu&#8217;elles soient chaudes ou froides. Ce mug Serpentard allie \u00e0 la perfection design raffin\u00e9e, qualit\u00e9 de fabrication et praticit\u00e9, le rendant id\u00e9al pour un usage quotidien ou comme pi\u00e8ce ma\u00eetresse de votre collection Harry Potter.<\/p>\n<h2>Collection Serpentard : Une S\u00e9lection Riche et Vari\u00e9e<\/h2>\n<div class=\"flex flex-grow flex-col max-w-full\">\n<div class=\"min-h-[20px] text-message flex flex-col items-start gap-3 whitespace-pre-wrap break-words [.text-message+&amp;]:mt-5 overflow-x-auto\" data-message-author-role=\"assistant\" data-message-id=\"ed38380b-cdb1-4a24-90f4-08077ac7e98c\">\n<div class=\"markdown prose w-full break-words dark:prose-invert light\">\n<p>Le &#8220;<strong>Mug Serpentard<\/strong>&#8221; n&#8217;est que le d\u00e9but d&#8217;une immersion fascinante dans l&#8217;univers de la maison Serpentard, c\u00e9l\u00e8bre pour son myst\u00e8re. Notre boutique propose une s\u00e9lection riche et vari\u00e9e de produits d\u00e9riv\u00e9s Serpentard. Con\u00e7us pour satisfaire les fans les plus exigeants de l&#8217;univers Harry Potter. Parmi nos articles phares, la <a href=\"https:\/\/repliquemangacine.fr\/nouveautes\/coffret-6-pieces-serpentard\/\">tenue enfant Serpentard<\/a> de 6 pi\u00e8ces se d\u00e9marque. Ce costume complet permet aux jeunes sorciers de se glisser dans la peau de leurs h\u00e9ros pr\u00e9f\u00e9r\u00e9s de Serpentard.<\/p>\n<p>En plus de la tenue, nous avons le <a href=\"https:\/\/repliquemangacine.fr\/collectors-et-goodies-harry-potter\/medaillon-de-salazar-serpentard\/\">m\u00e9daillon de Salazar<\/a>, de <a href=\"https:\/\/noblecollection.fr\/produits-issus-univers-harry-potter-c-163_10.html\" target=\"_blank\" rel=\"noopener noreferrer\">Noble Collection<\/a>, un objet embl\u00e9matique de la maison. Les fans seront \u00e9galement ravis de d\u00e9couvrir notre gamme de r\u00e9pliques des baguettes des personnages embl\u00e9matiques de Serpentard. Il faut souligner que chaque baguette est une fid\u00e8le reproduction des mod\u00e8les utilis\u00e9s dans les films. En effet, la <a href=\"https:\/\/repliquemangacine.fr\/baguettes-personnages-harry-potter\/baguette-drago-malfoy-noyau-metal\/\">baguette de Drago <\/a>Malfoy et de Lucius sont \u00e0 l&#8217;identique. Ainsi d&#8217;ailleurs que la <a href=\"https:\/\/repliquemangacine.fr\/baguettes-personnages-harry-potter\/baguette-bellatrix-lestrange-noyau-metal\/\">baguette de B\u00e9atrix<\/a> et Severus.<\/p>\n<p>En conclusion, notre collection Serpentard est une c\u00e9l\u00e9bration de l&#8217;ambition, de la ruse et de l&#8217;\u00e9l\u00e9gance, caract\u00e9ristiques de cette maison embl\u00e9matique de Poudlard.<\/p>\n<h2>Mug Serpentard : La Qualit\u00e9 au Meilleur Prix<\/h2>\n<p>Serpentard (Slytherin en anglais) est l&#8217;une des quatre maisons de l&#8217;\u00e9cole de sorcellerie de Poudlard. Cette maison est c\u00e9l\u00e8bre pour valoriser des traits tels que l&#8217;ambition, la ruse, le leadership et la d\u00e9termination. Les \u00e9l\u00e8ves de Serpentard, souvent d\u00e9crits comme \u00e9tant pr\u00eats \u00e0 tout pour atteindre leurs objectifs et pour leur esprit de comp\u00e9tition.<br \/>\nSerpentard a produit de nombreux sorciers et sorci\u00e8res notables, y compris certains des plus grands antagonistes de la s\u00e9rie, comme Lord Voldemort.<\/p>\n<p>Les produits d\u00e9riv\u00e9s de Serpentard, tels que les r\u00e9pliques de baguettes, ainsi que les v\u00eatements aux couleurs de la maison ou les accessoires \u00e0 l&#8217;effigie du serpent, sont tr\u00e8s pris\u00e9s par les fans de Harry Potter. Ils permettent aux adeptes de la maison de montrer leur fiert\u00e9 pour ces qualit\u00e9s d&#8217;ambition et de ruse.<\/p>\n<p>Le <strong>Mug Serpentard<\/strong> illustre parfaitement notre engagement \u00e0 offrir des produits de qualit\u00e9 au meilleur prix pour les passionn\u00e9s de l&#8217;univers Harry Potter. Chaque produit, s\u00e9lectionn\u00e9 pour son authenticit\u00e9 et sa durabilit\u00e9, garantissant aux fans un excellent rapport qualit\u00e9-prix.<\/p>\n<p>En conclusion, notre collection Serpentard est la preuve que vous pouvez poss\u00e9der des articles magnifiques sans compromettre votre budget.<\/p>\n<\/div>\n<\/div>\n<\/div>\n","protected":false},"excerpt":{"rendered":"<p>Superba tazza da Serpeverde<\/p>\n<ul>\n<li>Interno in alluminio<\/li>\n<li>Manico in resina a forma di serpente<\/li>\n<li>La tazza \u00e8 realizzata in resina riccamente decorata<\/li>\n<li>Dipinto a mano<\/li>\n<li>Capacit\u00e0: 600 ml<\/li>\n<li>Altezza: 15 cm - Diametro: 9,5 cm<\/li>\n<\/ul>","protected":false},"featured_media":68756,"template":"","meta":[],"product_brand":[896],"product_cat":[87,41],"product_tag":[],"class_list":{"0":"post-68754","1":"product","2":"type-product","3":"status-publish","4":"has-post-thumbnail","6":"product_brand-replique-manga-cine","7":"product_cat-collectors-et-goodies-harry-potter","8":"product_cat-baguettes-et-goodies-harry-potter","10":"first","11":"outofstock","12":"taxable","13":"shipping-taxable","14":"purchasable","15":"product-type-simple"},"yoast_head":"<!-- This site is optimized with the Yoast SEO plugin v27.4 - https:\/\/yoast.com\/product\/yoast-seo-wordpress\/ -->\n<title>Mug Serpentard 600 ml - Harry Potter | R\u00e9plique Manga Cin\u00e9<\/title>\n<meta name=\"description\" content=\"D\u00e9couvrez ce magnifique Mug Serpentard de 600 ml au meilleur prix. Int\u00e9rieur en aluminium. En r\u00e9sine finement d\u00e9cor\u00e9e. Peint \u00e0 la main\" \/>\n<meta name=\"robots\" content=\"index, follow, max-snippet:-1, max-image-preview:large, max-video-preview:-1\" \/>\n<link rel=\"canonical\" href=\"https:\/\/repliquemangacine.fr\/it\/collezionisti-di-harry-potter-e-chicche\/tazza-serpentard-600-ml\/\" \/>\n<meta property=\"og:locale\" content=\"it_IT\" \/>\n<meta property=\"og:type\" content=\"article\" \/>\n<meta property=\"og:title\" content=\"Mug Serpentard 600 ml - Harry Potter | R\u00e9plique Manga Cin\u00e9\" \/>\n<meta property=\"og:description\" content=\"D\u00e9couvrez ce magnifique Mug Serpentard de 600 ml au meilleur prix. Int\u00e9rieur en aluminium. En r\u00e9sine finement d\u00e9cor\u00e9e. Peint \u00e0 la main\" \/>\n<meta property=\"og:url\" content=\"https:\/\/repliquemangacine.fr\/it\/collezionisti-di-harry-potter-e-chicche\/tazza-serpentard-600-ml\/\" \/>\n<meta property=\"og:site_name\" content=\"R\u00e9plique Manga Cin\u00e9\" \/>\n<meta property=\"article:publisher\" content=\"https:\/\/www.facebook.com\/RepliqueMangaCine\" \/>\n<meta property=\"article:modified_time\" content=\"2025-11-18T13:53:58+00:00\" \/>\n<meta property=\"og:image\" content=\"https:\/\/repliquemangacine.fr\/wp-content\/uploads\/2024\/01\/Mug-Serpentard.jpg\" \/>\n\t<meta property=\"og:image:width\" content=\"500\" \/>\n\t<meta property=\"og:image:height\" content=\"500\" \/>\n\t<meta property=\"og:image:type\" content=\"image\/jpeg\" \/>\n<meta name=\"twitter:card\" content=\"summary_large_image\" \/>\n<meta name=\"twitter:label1\" content=\"Tempo di lettura stimato\" \/>\n\t<meta name=\"twitter:data1\" content=\"4 minuti\" \/>\n<script type=\"application\/ld+json\" class=\"yoast-schema-graph\">{\"@context\":\"https:\\\/\\\/schema.org\",\"@graph\":[{\"@type\":\"WebPage\",\"@id\":\"https:\\\/\\\/repliquemangacine.fr\\\/collectors-et-goodies-harry-potter\\\/mug-serpentard-600-ml\\\/\",\"url\":\"https:\\\/\\\/repliquemangacine.fr\\\/collectors-et-goodies-harry-potter\\\/mug-serpentard-600-ml\\\/\",\"name\":\"Mug Serpentard 600 ml - Harry Potter | R\u00e9plique Manga Cin\u00e9\",\"isPartOf\":{\"@id\":\"https:\\\/\\\/repliquemangacine.fr\\\/#website\"},\"primaryImageOfPage\":{\"@id\":\"https:\\\/\\\/repliquemangacine.fr\\\/collectors-et-goodies-harry-potter\\\/mug-serpentard-600-ml\\\/#primaryimage\"},\"image\":{\"@id\":\"https:\\\/\\\/repliquemangacine.fr\\\/collectors-et-goodies-harry-potter\\\/mug-serpentard-600-ml\\\/#primaryimage\"},\"thumbnailUrl\":\"https:\\\/\\\/repliquemangacine.fr\\\/wp-content\\\/uploads\\\/2024\\\/01\\\/Mug-Serpentard.jpg\",\"datePublished\":\"2024-01-31T13:39:27+00:00\",\"dateModified\":\"2025-11-18T13:53:58+00:00\",\"description\":\"D\u00e9couvrez ce magnifique Mug Serpentard de 600 ml au meilleur prix. Int\u00e9rieur en aluminium. En r\u00e9sine finement d\u00e9cor\u00e9e. Peint \u00e0 la main\",\"breadcrumb\":{\"@id\":\"https:\\\/\\\/repliquemangacine.fr\\\/collectors-et-goodies-harry-potter\\\/mug-serpentard-600-ml\\\/#breadcrumb\"},\"inLanguage\":\"it-IT\",\"potentialAction\":[{\"@type\":\"ReadAction\",\"target\":[\"https:\\\/\\\/repliquemangacine.fr\\\/collectors-et-goodies-harry-potter\\\/mug-serpentard-600-ml\\\/\"]}]},{\"@type\":\"ImageObject\",\"inLanguage\":\"it-IT\",\"@id\":\"https:\\\/\\\/repliquemangacine.fr\\\/collectors-et-goodies-harry-potter\\\/mug-serpentard-600-ml\\\/#primaryimage\",\"url\":\"https:\\\/\\\/repliquemangacine.fr\\\/wp-content\\\/uploads\\\/2024\\\/01\\\/Mug-Serpentard.jpg\",\"contentUrl\":\"https:\\\/\\\/repliquemangacine.fr\\\/wp-content\\\/uploads\\\/2024\\\/01\\\/Mug-Serpentard.jpg\",\"width\":500,\"height\":500,\"caption\":\"Mug Serpentard Harry Potter\"},{\"@type\":\"BreadcrumbList\",\"@id\":\"https:\\\/\\\/repliquemangacine.fr\\\/collectors-et-goodies-harry-potter\\\/mug-serpentard-600-ml\\\/#breadcrumb\",\"itemListElement\":[{\"@type\":\"ListItem\",\"position\":1,\"name\":\"Accueil\",\"item\":\"https:\\\/\\\/repliquemangacine.fr\\\/\"},{\"@type\":\"ListItem\",\"position\":2,\"name\":\"Produits\",\"item\":\"https:\\\/\\\/repliquemangacine.fr\\\/boutique\\\/\"},{\"@type\":\"ListItem\",\"position\":3,\"name\":\"Mug Serpentard 600 ml\"}]},{\"@type\":\"WebSite\",\"@id\":\"https:\\\/\\\/repliquemangacine.fr\\\/#website\",\"url\":\"https:\\\/\\\/repliquemangacine.fr\\\/\",\"name\":\"R\u00e9plique Manga Cin\u00e9\",\"description\":\"\",\"publisher\":{\"@id\":\"https:\\\/\\\/repliquemangacine.fr\\\/#organization\"},\"potentialAction\":[{\"@type\":\"SearchAction\",\"target\":{\"@type\":\"EntryPoint\",\"urlTemplate\":\"https:\\\/\\\/repliquemangacine.fr\\\/?s={search_term_string}\"},\"query-input\":{\"@type\":\"PropertyValueSpecification\",\"valueRequired\":true,\"valueName\":\"search_term_string\"}}],\"inLanguage\":\"it-IT\"},{\"@type\":\"Organization\",\"@id\":\"https:\\\/\\\/repliquemangacine.fr\\\/#organization\",\"name\":\"R\u00e9plique Manga Cin\u00e9\",\"url\":\"https:\\\/\\\/repliquemangacine.fr\\\/\",\"logo\":{\"@type\":\"ImageObject\",\"inLanguage\":\"it-IT\",\"@id\":\"https:\\\/\\\/repliquemangacine.fr\\\/#\\\/schema\\\/logo\\\/image\\\/\",\"url\":\"https:\\\/\\\/repliquemangacine.fr\\\/wp-content\\\/uploads\\\/2023\\\/10\\\/RMC-500250.png\",\"contentUrl\":\"https:\\\/\\\/repliquemangacine.fr\\\/wp-content\\\/uploads\\\/2023\\\/10\\\/RMC-500250.png\",\"width\":500,\"height\":250,\"caption\":\"R\u00e9plique Manga Cin\u00e9\"},\"image\":{\"@id\":\"https:\\\/\\\/repliquemangacine.fr\\\/#\\\/schema\\\/logo\\\/image\\\/\"},\"sameAs\":[\"https:\\\/\\\/www.facebook.com\\\/RepliqueMangaCine\",\"https:\\\/\\\/www.instagram.com\\\/repliquemangacine.fr\\\/\"]}]}<\/script>\n<!-- \/ Yoast SEO plugin. -->","yoast_head_json":{"title":"Tazza Serpeverde 600 ml - Harry Potter | R\u00e9plique Manga Cin\u00e9","description":"Scoprite questa magnifica tazza Serpeverde da 600 ml al miglior prezzo. Interno in alluminio. Resina finemente decorata. Dipinta a mano.","robots":{"index":"index","follow":"follow","max-snippet":"max-snippet:-1","max-image-preview":"max-image-preview:large","max-video-preview":"max-video-preview:-1"},"canonical":"https:\/\/repliquemangacine.fr\/it\/collezionisti-di-harry-potter-e-chicche\/tazza-serpentard-600-ml\/","og_locale":"it_IT","og_type":"article","og_title":"Mug Serpentard 600 ml - Harry Potter | R\u00e9plique Manga Cin\u00e9","og_description":"D\u00e9couvrez ce magnifique Mug Serpentard de 600 ml au meilleur prix. Int\u00e9rieur en aluminium. En r\u00e9sine finement d\u00e9cor\u00e9e. Peint \u00e0 la main","og_url":"https:\/\/repliquemangacine.fr\/it\/collezionisti-di-harry-potter-e-chicche\/tazza-serpentard-600-ml\/","og_site_name":"R\u00e9plique Manga Cin\u00e9","article_publisher":"https:\/\/www.facebook.com\/RepliqueMangaCine","article_modified_time":"2025-11-18T13:53:58+00:00","og_image":[{"width":500,"height":500,"url":"https:\/\/repliquemangacine.fr\/wp-content\/uploads\/2024\/01\/Mug-Serpentard.jpg","type":"image\/jpeg"}],"twitter_card":"summary_large_image","twitter_misc":{"Tempo di lettura stimato":"4 minuti"},"schema":{"@context":"https:\/\/schema.org","@graph":[{"@type":"WebPage","@id":"https:\/\/repliquemangacine.fr\/collectors-et-goodies-harry-potter\/mug-serpentard-600-ml\/","url":"https:\/\/repliquemangacine.fr\/collectors-et-goodies-harry-potter\/mug-serpentard-600-ml\/","name":"Tazza Serpeverde 600 ml - Harry Potter | R\u00e9plique Manga Cin\u00e9","isPartOf":{"@id":"https:\/\/repliquemangacine.fr\/#website"},"primaryImageOfPage":{"@id":"https:\/\/repliquemangacine.fr\/collectors-et-goodies-harry-potter\/mug-serpentard-600-ml\/#primaryimage"},"image":{"@id":"https:\/\/repliquemangacine.fr\/collectors-et-goodies-harry-potter\/mug-serpentard-600-ml\/#primaryimage"},"thumbnailUrl":"https:\/\/repliquemangacine.fr\/wp-content\/uploads\/2024\/01\/Mug-Serpentard.jpg","datePublished":"2024-01-31T13:39:27+00:00","dateModified":"2025-11-18T13:53:58+00:00","description":"Scoprite questa magnifica tazza Serpeverde da 600 ml al miglior prezzo. Interno in alluminio. Resina finemente decorata. Dipinta a mano.","breadcrumb":{"@id":"https:\/\/repliquemangacine.fr\/collectors-et-goodies-harry-potter\/mug-serpentard-600-ml\/#breadcrumb"},"inLanguage":"it-IT","potentialAction":[{"@type":"ReadAction","target":["https:\/\/repliquemangacine.fr\/collectors-et-goodies-harry-potter\/mug-serpentard-600-ml\/"]}]},{"@type":"ImageObject","inLanguage":"it-IT","@id":"https:\/\/repliquemangacine.fr\/collectors-et-goodies-harry-potter\/mug-serpentard-600-ml\/#primaryimage","url":"https:\/\/repliquemangacine.fr\/wp-content\/uploads\/2024\/01\/Mug-Serpentard.jpg","contentUrl":"https:\/\/repliquemangacine.fr\/wp-content\/uploads\/2024\/01\/Mug-Serpentard.jpg","width":500,"height":500,"caption":"Mug Serpentard Harry Potter"},{"@type":"BreadcrumbList","@id":"https:\/\/repliquemangacine.fr\/collectors-et-goodies-harry-potter\/mug-serpentard-600-ml\/#breadcrumb","itemListElement":[{"@type":"ListItem","position":1,"name":"Accueil","item":"https:\/\/repliquemangacine.fr\/"},{"@type":"ListItem","position":2,"name":"Produits","item":"https:\/\/repliquemangacine.fr\/boutique\/"},{"@type":"ListItem","position":3,"name":"Mug Serpentard 600 ml"}]},{"@type":"WebSite","@id":"https:\/\/repliquemangacine.fr\/#website","url":"https:\/\/repliquemangacine.fr\/","name":"R\u00e9plique Manga Cin\u00e9","description":"","publisher":{"@id":"https:\/\/repliquemangacine.fr\/#organization"},"potentialAction":[{"@type":"SearchAction","target":{"@type":"EntryPoint","urlTemplate":"https:\/\/repliquemangacine.fr\/?s={search_term_string}"},"query-input":{"@type":"PropertyValueSpecification","valueRequired":true,"valueName":"search_term_string"}}],"inLanguage":"it-IT"},{"@type":"Organization","@id":"https:\/\/repliquemangacine.fr\/#organization","name":"R\u00e9plique Manga Cin\u00e9","url":"https:\/\/repliquemangacine.fr\/","logo":{"@type":"ImageObject","inLanguage":"it-IT","@id":"https:\/\/repliquemangacine.fr\/#\/schema\/logo\/image\/","url":"https:\/\/repliquemangacine.fr\/wp-content\/uploads\/2023\/10\/RMC-500250.png","contentUrl":"https:\/\/repliquemangacine.fr\/wp-content\/uploads\/2023\/10\/RMC-500250.png","width":500,"height":250,"caption":"R\u00e9plique Manga Cin\u00e9"},"image":{"@id":"https:\/\/repliquemangacine.fr\/#\/schema\/logo\/image\/"},"sameAs":["https:\/\/www.facebook.com\/RepliqueMangaCine","https:\/\/www.instagram.com\/repliquemangacine.fr\/"]}]}},"_links":{"self":[{"href":"https:\/\/repliquemangacine.fr\/it\/wp-json\/wp\/v2\/product\/68754","targetHints":{"allow":["GET"]}}],"collection":[{"href":"https:\/\/repliquemangacine.fr\/it\/wp-json\/wp\/v2\/product"}],"about":[{"href":"https:\/\/repliquemangacine.fr\/it\/wp-json\/wp\/v2\/types\/product"}],"wp:featuredmedia":[{"embeddable":true,"href":"https:\/\/repliquemangacine.fr\/it\/wp-json\/wp\/v2\/media\/68756"}],"wp:attachment":[{"href":"https:\/\/repliquemangacine.fr\/it\/wp-json\/wp\/v2\/media?parent=68754"}],"wp:term":[{"taxonomy":"product_brand","embeddable":true,"href":"https:\/\/repliquemangacine.fr\/it\/wp-json\/wp\/v2\/product_brand?post=68754"},{"taxonomy":"product_cat","embeddable":true,"href":"https:\/\/repliquemangacine.fr\/it\/wp-json\/wp\/v2\/product_cat?post=68754"},{"taxonomy":"product_tag","embeddable":true,"href":"https:\/\/repliquemangacine.fr\/it\/wp-json\/wp\/v2\/product_tag?post=68754"}],"curies":[{"name":"wp","href":"https:\/\/api.w.org\/{rel}","templated":true}]}}