





{"id":68747,"date":"2024-01-31T12:32:53","date_gmt":"2024-01-31T11:32:53","guid":{"rendered":"https:\/\/repliquemangacine.fr\/?post_type=product&#038;p=68747"},"modified":"2026-03-02T19:30:22","modified_gmt":"2026-03-02T18:30:22","slug":"tazza-grifondoro-600-ml","status":"publish","type":"product","link":"https:\/\/repliquemangacine.fr\/it\/collectors-et-goodies-harry-potter\/mug-gryffondor-600-ml\/","title":{"rendered":"Tazza Grifondoro 600 ml"},"content":{"rendered":"<h2>Tazza Grifondoro: un pezzo unico da collezione<\/h2>\n<p>In primo luogo, il \"sistema\".<strong>Tazza Grifondoro<\/strong>\u201d \u00e8 una creazione eccezionale per i fan di Harry Potter, che unisce estetica e qualit\u00e0. Con una capacit\u00e0 di 600 ml, questa tazza in resina dipinta a mano \u00e8 un vero capolavoro. Il suo design accattivante presenta uno sfondo rosso vivo, colore emblematico della casa di Grifondoro, su cui troneggia orgogliosamente lo stemma della casa, simbolo di coraggio e valore. Sull'altro lato della tazza, la testa del leone, emblema di Grifondoro, \u00e8 raffigurata con particolare attenzione ai dettagli, catturando lo spirito eroico e la forza di carattere della casa. Il manico a forma di leone aggiunge un tocco distintivo ed ergonomico, rendendo ogni utilizzo della tazza unico.<\/p>\n<p>Va sottolineato che l'interno in alluminio della tazza non \u00e8 solo una scelta estetica, ma anche pratica. Infatti, garantisce la durata della tazza e la sua capacit\u00e0 di mantenere la temperatura delle bevande, sia calde che fredde. Questa tazza non \u00e8 solo un oggetto utilitario, ma anche un pezzo da collezione. Riflette l'audacia e la nobilt\u00e0 di Grifondoro. Ideale per l'uso quotidiano o come elemento decorativo. La \u201cTazza Grifondoro\u201d \u00e8 un regalo perfetto per gli ammiratori della saga, che combina qualit\u00e0 e un ottimo rapporto qualit\u00e0-prezzo.<\/p>\n<h2>Scoprite la nostra vasta collezione di Harry Potter<\/h2>\n<p>Oltre allo splendido \"<strong>Tazza Grifondoro<\/strong>\"Il nostro negozio offre un'ampia gamma di prodotti legati a Harry Potter, pensati per catturare i cuori di maghi e streghe in erba. I nostri tesori includono repliche di <a href=\"https:\/\/repliquemangacine.fr\/it\/bacchette-dei-personaggi-di-harry-potter\/\">bacchette per personaggi<\/a> emblematici come Harry, Hermione e Ron. Ogni bacchetta \u00e8 una fedele riproduzione di quelle utilizzate nei film, offrendo un'esperienza autentica ai fan. Proponiamo anche il peluche di Edvige, la fedele civetta di Harry, perfetta per accompagnare i giovani maghi.<\/p>\n<p>Per i collezionisti, i nostri <a href=\"https:\/\/repliquemangacine.fr\/it\/varie-chicche\/harry-potter-set-da-14-pezzi\/\">scatole da collezione<\/a> i portachiavi sono un must. Sono un modo elegante e pratico per portare con s\u00e9 un pezzo di magia di Harry Potter ovunque si vada. Inoltre, i nostri <a href=\"https:\/\/repliquemangacine.fr\/it\/varie-chicche\/scacchiera-dei-maghi-gioco-degli-scacchi-hp\/\">Scacchiera di Harry Potter<\/a> \u00e8 un eccezionale oggetto da collezione. Disponibile ufficialmente presso <a href=\"https:\/\/noblecollection.fr\/produits-issus-univers-harry-potter-c-163_10.html\" target=\"_blank\" rel=\"noopener noreferrer\">Collezione Nobile<\/a>Questa scacchiera \u00e8 un magnifico oggetto decorativo. Con questi prodotti e molti altri, il nostro negozio \u00e8 la destinazione ideale per tutti i fan dell'universo di Harry Potter, offrendo qualit\u00e0, autenticit\u00e0 e un'ampia variet\u00e0 di articoli per soddisfare ogni magico desiderio.<\/p>\n<h2>Tazza Grifondoro e collezione diversificata: qualit\u00e0 e prezzo convenienti<\/h2>\n<p>Il \"<strong>Tazza Grifondoro<\/strong>\u201d \u00e8 solo l'inizio della nostra gamma di prodotti Harry Potter dall'ottimo rapporto qualit\u00e0-prezzo. Oltre a questa tazza ricca di dettagli e carattere, siamo orgogliosi di presentare una vasta selezione di articoli per tutti i fan, a prezzi accessibili. La nostra collezione comprende set di costumi per bambini, perfetti per consentire ai pi\u00f9 piccoli di vestire i panni dei loro personaggi preferiti e vivere le loro avventure magiche. Questi set sono progettati per essere divertenti e sicuri, garantendo ore di gioco e scoperta.<\/p>\n<p>Inoltre, offriamo una serie di affascinanti figurine, tra cui Edvige, l'elegante gufo di Harry. C'\u00e8 anche il Medaglione di Salazar, uno dei sette Horcrux creati da Voldemort. E il famoso Cappello Parlante, noto per distribuire gli studenti nelle diverse case di Hogwarts.<\/p>\n<p>In conclusione, troverete articoli che celebrano la magia di Harry Potter, a prezzi accessibili a tutti.<\/p>\n<p>&nbsp;<\/p>","protected":false},"excerpt":{"rendered":"<p>Superba tazza che rappresenta la casa Grifondoro<\/p>\n<ul>\n<li>Interno in alluminio<\/li>\n<li>La tazza \u00e8 realizzata in resina riccamente decorata<\/li>\n<li>Dipinto a mano<\/li>\n<li>Il manico ha la forma di un leone<\/li>\n<li>Capacit\u00e0: 600 ml<\/li>\n<li>Altezza: 15 cm - Diametro: 9,5 cm<\/li>\n<\/ul>","protected":false},"featured_media":68748,"template":"","meta":[],"product_brand":[896],"product_cat":[87,41],"product_tag":[],"class_list":{"0":"post-68747","1":"product","2":"type-product","3":"status-publish","4":"has-post-thumbnail","6":"product_brand-replique-manga-cine","7":"product_cat-collectors-et-goodies-harry-potter","8":"product_cat-baguettes-et-goodies-harry-potter","10":"first","11":"instock","12":"taxable","13":"shipping-taxable","14":"purchasable","15":"product-type-simple"},"yoast_head":"<!-- This site is optimized with the Yoast SEO plugin v27.4 - https:\/\/yoast.com\/product\/yoast-seo-wordpress\/ -->\n<title>Mug Gryffondor 600 ml - Harry Potter | R\u00e9plique Manga Cin\u00e9<\/title>\n<meta name=\"description\" content=\"D\u00e9couvrez ce splendide Mug Gryffondor de 600 ml au meilleur prix. Int\u00e9rieur en aluminium. Richement d\u00e9cor\u00e9 du lion de la maison. Peint \u00e0 la main.\" \/>\n<meta name=\"robots\" content=\"index, follow, max-snippet:-1, max-image-preview:large, max-video-preview:-1\" \/>\n<link rel=\"canonical\" href=\"https:\/\/repliquemangacine.fr\/it\/collezionisti-di-harry-potter-e-chicche\/tazza-grifondoro-600-ml\/\" \/>\n<meta property=\"og:locale\" content=\"it_IT\" \/>\n<meta property=\"og:type\" content=\"article\" \/>\n<meta property=\"og:title\" content=\"Mug Gryffondor 600 ml - Harry Potter | R\u00e9plique Manga Cin\u00e9\" \/>\n<meta property=\"og:description\" content=\"D\u00e9couvrez ce splendide Mug Gryffondor de 600 ml au meilleur prix. Int\u00e9rieur en aluminium. Richement d\u00e9cor\u00e9 du lion de la maison. Peint \u00e0 la main.\" \/>\n<meta property=\"og:url\" content=\"https:\/\/repliquemangacine.fr\/it\/collezionisti-di-harry-potter-e-chicche\/tazza-grifondoro-600-ml\/\" \/>\n<meta property=\"og:site_name\" content=\"R\u00e9plique Manga Cin\u00e9\" \/>\n<meta property=\"article:publisher\" content=\"https:\/\/www.facebook.com\/RepliqueMangaCine\" \/>\n<meta property=\"article:modified_time\" content=\"2026-03-02T18:30:22+00:00\" \/>\n<meta property=\"og:image\" content=\"https:\/\/repliquemangacine.fr\/wp-content\/uploads\/2024\/01\/Mug-Gryffondor-ecusson.jpg\" \/>\n\t<meta property=\"og:image:width\" content=\"500\" \/>\n\t<meta property=\"og:image:height\" content=\"500\" \/>\n\t<meta property=\"og:image:type\" content=\"image\/jpeg\" \/>\n<meta name=\"twitter:card\" content=\"summary_large_image\" \/>\n<meta name=\"twitter:label1\" content=\"Tempo di lettura stimato\" \/>\n\t<meta name=\"twitter:data1\" content=\"4 minuti\" \/>\n<script type=\"application\/ld+json\" class=\"yoast-schema-graph\">{\"@context\":\"https:\\\/\\\/schema.org\",\"@graph\":[{\"@type\":\"WebPage\",\"@id\":\"https:\\\/\\\/repliquemangacine.fr\\\/collectors-et-goodies-harry-potter\\\/mug-gryffondor-600-ml\\\/\",\"url\":\"https:\\\/\\\/repliquemangacine.fr\\\/collectors-et-goodies-harry-potter\\\/mug-gryffondor-600-ml\\\/\",\"name\":\"Mug Gryffondor 600 ml - Harry Potter | R\u00e9plique Manga Cin\u00e9\",\"isPartOf\":{\"@id\":\"https:\\\/\\\/repliquemangacine.fr\\\/#website\"},\"primaryImageOfPage\":{\"@id\":\"https:\\\/\\\/repliquemangacine.fr\\\/collectors-et-goodies-harry-potter\\\/mug-gryffondor-600-ml\\\/#primaryimage\"},\"image\":{\"@id\":\"https:\\\/\\\/repliquemangacine.fr\\\/collectors-et-goodies-harry-potter\\\/mug-gryffondor-600-ml\\\/#primaryimage\"},\"thumbnailUrl\":\"https:\\\/\\\/repliquemangacine.fr\\\/wp-content\\\/uploads\\\/2024\\\/01\\\/Mug-Gryffondor-ecusson.jpg\",\"datePublished\":\"2024-01-31T11:32:53+00:00\",\"dateModified\":\"2026-03-02T18:30:22+00:00\",\"description\":\"D\u00e9couvrez ce splendide Mug Gryffondor de 600 ml au meilleur prix. Int\u00e9rieur en aluminium. Richement d\u00e9cor\u00e9 du lion de la maison. Peint \u00e0 la main.\",\"breadcrumb\":{\"@id\":\"https:\\\/\\\/repliquemangacine.fr\\\/collectors-et-goodies-harry-potter\\\/mug-gryffondor-600-ml\\\/#breadcrumb\"},\"inLanguage\":\"it-IT\",\"potentialAction\":[{\"@type\":\"ReadAction\",\"target\":[\"https:\\\/\\\/repliquemangacine.fr\\\/collectors-et-goodies-harry-potter\\\/mug-gryffondor-600-ml\\\/\"]}]},{\"@type\":\"ImageObject\",\"inLanguage\":\"it-IT\",\"@id\":\"https:\\\/\\\/repliquemangacine.fr\\\/collectors-et-goodies-harry-potter\\\/mug-gryffondor-600-ml\\\/#primaryimage\",\"url\":\"https:\\\/\\\/repliquemangacine.fr\\\/wp-content\\\/uploads\\\/2024\\\/01\\\/Mug-Gryffondor-ecusson.jpg\",\"contentUrl\":\"https:\\\/\\\/repliquemangacine.fr\\\/wp-content\\\/uploads\\\/2024\\\/01\\\/Mug-Gryffondor-ecusson.jpg\",\"width\":500,\"height\":500,\"caption\":\"Mug Gryffondor 600 ml\"},{\"@type\":\"BreadcrumbList\",\"@id\":\"https:\\\/\\\/repliquemangacine.fr\\\/collectors-et-goodies-harry-potter\\\/mug-gryffondor-600-ml\\\/#breadcrumb\",\"itemListElement\":[{\"@type\":\"ListItem\",\"position\":1,\"name\":\"Accueil\",\"item\":\"https:\\\/\\\/repliquemangacine.fr\\\/\"},{\"@type\":\"ListItem\",\"position\":2,\"name\":\"Produits\",\"item\":\"https:\\\/\\\/repliquemangacine.fr\\\/boutique\\\/\"},{\"@type\":\"ListItem\",\"position\":3,\"name\":\"Mug Gryffondor 600 ml\"}]},{\"@type\":\"WebSite\",\"@id\":\"https:\\\/\\\/repliquemangacine.fr\\\/#website\",\"url\":\"https:\\\/\\\/repliquemangacine.fr\\\/\",\"name\":\"R\u00e9plique Manga Cin\u00e9\",\"description\":\"\",\"publisher\":{\"@id\":\"https:\\\/\\\/repliquemangacine.fr\\\/#organization\"},\"potentialAction\":[{\"@type\":\"SearchAction\",\"target\":{\"@type\":\"EntryPoint\",\"urlTemplate\":\"https:\\\/\\\/repliquemangacine.fr\\\/?s={search_term_string}\"},\"query-input\":{\"@type\":\"PropertyValueSpecification\",\"valueRequired\":true,\"valueName\":\"search_term_string\"}}],\"inLanguage\":\"it-IT\"},{\"@type\":\"Organization\",\"@id\":\"https:\\\/\\\/repliquemangacine.fr\\\/#organization\",\"name\":\"R\u00e9plique Manga Cin\u00e9\",\"url\":\"https:\\\/\\\/repliquemangacine.fr\\\/\",\"logo\":{\"@type\":\"ImageObject\",\"inLanguage\":\"it-IT\",\"@id\":\"https:\\\/\\\/repliquemangacine.fr\\\/#\\\/schema\\\/logo\\\/image\\\/\",\"url\":\"https:\\\/\\\/repliquemangacine.fr\\\/wp-content\\\/uploads\\\/2023\\\/10\\\/RMC-500250.png\",\"contentUrl\":\"https:\\\/\\\/repliquemangacine.fr\\\/wp-content\\\/uploads\\\/2023\\\/10\\\/RMC-500250.png\",\"width\":500,\"height\":250,\"caption\":\"R\u00e9plique Manga Cin\u00e9\"},\"image\":{\"@id\":\"https:\\\/\\\/repliquemangacine.fr\\\/#\\\/schema\\\/logo\\\/image\\\/\"},\"sameAs\":[\"https:\\\/\\\/www.facebook.com\\\/RepliqueMangaCine\",\"https:\\\/\\\/www.instagram.com\\\/repliquemangacine.fr\\\/\"]}]}<\/script>\n<!-- \/ Yoast SEO plugin. -->","yoast_head_json":{"title":"Tazza Grifondoro 600 ml - Harry Potter | R\u00e9plique Manga Cin\u00e9","description":"Scoprite questa splendida tazza Grifondoro da 600 ml al miglior prezzo. Interno in alluminio. Riccamente decorata con il leone della casa. Dipinta a mano.","robots":{"index":"index","follow":"follow","max-snippet":"max-snippet:-1","max-image-preview":"max-image-preview:large","max-video-preview":"max-video-preview:-1"},"canonical":"https:\/\/repliquemangacine.fr\/it\/collezionisti-di-harry-potter-e-chicche\/tazza-grifondoro-600-ml\/","og_locale":"it_IT","og_type":"article","og_title":"Mug Gryffondor 600 ml - Harry Potter | R\u00e9plique Manga Cin\u00e9","og_description":"D\u00e9couvrez ce splendide Mug Gryffondor de 600 ml au meilleur prix. Int\u00e9rieur en aluminium. Richement d\u00e9cor\u00e9 du lion de la maison. Peint \u00e0 la main.","og_url":"https:\/\/repliquemangacine.fr\/it\/collezionisti-di-harry-potter-e-chicche\/tazza-grifondoro-600-ml\/","og_site_name":"R\u00e9plique Manga Cin\u00e9","article_publisher":"https:\/\/www.facebook.com\/RepliqueMangaCine","article_modified_time":"2026-03-02T18:30:22+00:00","og_image":[{"width":500,"height":500,"url":"https:\/\/repliquemangacine.fr\/wp-content\/uploads\/2024\/01\/Mug-Gryffondor-ecusson.jpg","type":"image\/jpeg"}],"twitter_card":"summary_large_image","twitter_misc":{"Tempo di lettura stimato":"4 minuti"},"schema":{"@context":"https:\/\/schema.org","@graph":[{"@type":"WebPage","@id":"https:\/\/repliquemangacine.fr\/collectors-et-goodies-harry-potter\/mug-gryffondor-600-ml\/","url":"https:\/\/repliquemangacine.fr\/collectors-et-goodies-harry-potter\/mug-gryffondor-600-ml\/","name":"Tazza Grifondoro 600 ml - Harry Potter | R\u00e9plique Manga Cin\u00e9","isPartOf":{"@id":"https:\/\/repliquemangacine.fr\/#website"},"primaryImageOfPage":{"@id":"https:\/\/repliquemangacine.fr\/collectors-et-goodies-harry-potter\/mug-gryffondor-600-ml\/#primaryimage"},"image":{"@id":"https:\/\/repliquemangacine.fr\/collectors-et-goodies-harry-potter\/mug-gryffondor-600-ml\/#primaryimage"},"thumbnailUrl":"https:\/\/repliquemangacine.fr\/wp-content\/uploads\/2024\/01\/Mug-Gryffondor-ecusson.jpg","datePublished":"2024-01-31T11:32:53+00:00","dateModified":"2026-03-02T18:30:22+00:00","description":"Scoprite questa splendida tazza Grifondoro da 600 ml al miglior prezzo. Interno in alluminio. Riccamente decorata con il leone della casa. Dipinta a mano.","breadcrumb":{"@id":"https:\/\/repliquemangacine.fr\/collectors-et-goodies-harry-potter\/mug-gryffondor-600-ml\/#breadcrumb"},"inLanguage":"it-IT","potentialAction":[{"@type":"ReadAction","target":["https:\/\/repliquemangacine.fr\/collectors-et-goodies-harry-potter\/mug-gryffondor-600-ml\/"]}]},{"@type":"ImageObject","inLanguage":"it-IT","@id":"https:\/\/repliquemangacine.fr\/collectors-et-goodies-harry-potter\/mug-gryffondor-600-ml\/#primaryimage","url":"https:\/\/repliquemangacine.fr\/wp-content\/uploads\/2024\/01\/Mug-Gryffondor-ecusson.jpg","contentUrl":"https:\/\/repliquemangacine.fr\/wp-content\/uploads\/2024\/01\/Mug-Gryffondor-ecusson.jpg","width":500,"height":500,"caption":"Mug Gryffondor 600 ml"},{"@type":"BreadcrumbList","@id":"https:\/\/repliquemangacine.fr\/collectors-et-goodies-harry-potter\/mug-gryffondor-600-ml\/#breadcrumb","itemListElement":[{"@type":"ListItem","position":1,"name":"Accueil","item":"https:\/\/repliquemangacine.fr\/"},{"@type":"ListItem","position":2,"name":"Produits","item":"https:\/\/repliquemangacine.fr\/boutique\/"},{"@type":"ListItem","position":3,"name":"Mug Gryffondor 600 ml"}]},{"@type":"WebSite","@id":"https:\/\/repliquemangacine.fr\/#website","url":"https:\/\/repliquemangacine.fr\/","name":"R\u00e9plique Manga Cin\u00e9","description":"","publisher":{"@id":"https:\/\/repliquemangacine.fr\/#organization"},"potentialAction":[{"@type":"SearchAction","target":{"@type":"EntryPoint","urlTemplate":"https:\/\/repliquemangacine.fr\/?s={search_term_string}"},"query-input":{"@type":"PropertyValueSpecification","valueRequired":true,"valueName":"search_term_string"}}],"inLanguage":"it-IT"},{"@type":"Organization","@id":"https:\/\/repliquemangacine.fr\/#organization","name":"R\u00e9plique Manga Cin\u00e9","url":"https:\/\/repliquemangacine.fr\/","logo":{"@type":"ImageObject","inLanguage":"it-IT","@id":"https:\/\/repliquemangacine.fr\/#\/schema\/logo\/image\/","url":"https:\/\/repliquemangacine.fr\/wp-content\/uploads\/2023\/10\/RMC-500250.png","contentUrl":"https:\/\/repliquemangacine.fr\/wp-content\/uploads\/2023\/10\/RMC-500250.png","width":500,"height":250,"caption":"R\u00e9plique Manga Cin\u00e9"},"image":{"@id":"https:\/\/repliquemangacine.fr\/#\/schema\/logo\/image\/"},"sameAs":["https:\/\/www.facebook.com\/RepliqueMangaCine","https:\/\/www.instagram.com\/repliquemangacine.fr\/"]}]}},"_links":{"self":[{"href":"https:\/\/repliquemangacine.fr\/it\/wp-json\/wp\/v2\/product\/68747","targetHints":{"allow":["GET"]}}],"collection":[{"href":"https:\/\/repliquemangacine.fr\/it\/wp-json\/wp\/v2\/product"}],"about":[{"href":"https:\/\/repliquemangacine.fr\/it\/wp-json\/wp\/v2\/types\/product"}],"wp:featuredmedia":[{"embeddable":true,"href":"https:\/\/repliquemangacine.fr\/it\/wp-json\/wp\/v2\/media\/68748"}],"wp:attachment":[{"href":"https:\/\/repliquemangacine.fr\/it\/wp-json\/wp\/v2\/media?parent=68747"}],"wp:term":[{"taxonomy":"product_brand","embeddable":true,"href":"https:\/\/repliquemangacine.fr\/it\/wp-json\/wp\/v2\/product_brand?post=68747"},{"taxonomy":"product_cat","embeddable":true,"href":"https:\/\/repliquemangacine.fr\/it\/wp-json\/wp\/v2\/product_cat?post=68747"},{"taxonomy":"product_tag","embeddable":true,"href":"https:\/\/repliquemangacine.fr\/it\/wp-json\/wp\/v2\/product_tag?post=68747"}],"curies":[{"name":"wp","href":"https:\/\/api.w.org\/{rel}","templated":true}]}}