





{"id":68711,"date":"2024-01-30T18:14:51","date_gmt":"2024-01-30T17:14:51","guid":{"rendered":"https:\/\/repliquemangacine.fr\/?post_type=product&#038;p=68711"},"modified":"2026-03-02T19:30:22","modified_gmt":"2026-03-02T18:30:22","slug":"tazza-hufflepuff-600ml","status":"publish","type":"product","link":"https:\/\/repliquemangacine.fr\/it\/collectors-et-goodies-harry-potter\/mug-poufsouffle-600ml\/","title":{"rendered":"Tazza Tassorosso 600ml"},"content":{"rendered":"<h2>Tazza Hufflepuff: un tesoro per i fan di Harry Potter<\/h2>\n<p>Per cominciare, scoprite il sito \"<strong>Tazza Tassorosso<\/strong>\u201c, un oggetto da collezione imperdibile per tutti gli appassionati del magico universo di Harry Potter. Con una generosa capacit\u00e0 di 600 ml, questa tazza \u00e8 pensata per maghi e streghe che amano bere grandi quantit\u00e0 della loro bevanda preferita.<\/p>\n<p>Realizzata in resina di alta qualit\u00e0, sfoggia con orgoglio i simboli emblematici della casa di Hufflepuff. Un audace tasso su uno sfondo giallo brillante, circondato dalle qualit\u00e0 che la casa rappresenta, come lealt\u00e0, pazienza e senso di giustizia. Sull'altro lato della tazza \u00e8 magnificamente raffigurato lo stemma della casa di Hufflepuff, che aggiunge un tocco di eleganza e orgoglio ad ogni sorso. Il manico a forma di tasso conferisce un fascino unico e una presa confortevole, rendendo questa tazza un oggetto pratico oltre che decorativo.<\/p>\n<p>\u00c8 importante sottolineare che l'interno della tazza \u00e8 in alluminio. Infatti, l'alluminio offre una maggiore durata e la capacit\u00e0 di mantenere la temperatura della bevanda.<\/p>\n<h2>Una vasta scelta di prodotti di Harry Potter<\/h2>\n<p>La nostra collezione di Harry Potter non si ferma qui! Oltre al magnifico \"<strong>Tazza Tassorosso<\/strong>\u201c, offriamo una vasta gamma di prodotti derivati per soddisfare tutti gli appassionati del mondo dei maghi.<\/p>\n<p>Tra questi, la <a href=\"https:\/\/repliquemangacine.fr\/it\/bacchette-dei-personaggi-di-harry-potter\/cedric-diggory-asta-con-anima-in-metallo\/\">La bacchetta di Cedric Diggory<\/a>Cedric Cedric, personaggio emblematico della Casa Hufflepuff, \u00e8 un must-have. Questa replica dettagliata \u00e8 un perfetto tributo all'eredit\u00e0 di Cedric e allo spirito Hufflepuff. Nella nostra collezione troverete anche <a href=\"https:\/\/repliquemangacine.fr\/it\/collezionisti-di-harry-potter-e-chicche\/peluche-harry-potter-hedwige\/\">il peluche di Hedwige<\/a>L'indispensabile gufo messaggero di Harry. Ci sono anche set di mini bacchette trasformate in portachiavi. E il <a href=\"https:\/\/repliquemangacine.fr\/it\/collezionisti-di-harry-potter-e-chicche\/il-deluminatore-di-ron-weasley\/\">deluminatore<\/a> da Silente da <a href=\"https:\/\/noblecollection.fr\/produits-issus-univers-harry-potter-c-163_10.html\" target=\"_blank\" rel=\"noopener noreferrer\">Collezione Nobile<\/a>, e molte altre sorprese.<\/p>\n<p>Ogni prodotto \u00e8 accuratamente selezionato per la sua qualit\u00e0 e il suo prezzo, garantendo un'esperienza coinvolgente nel magico mondo di Harry Potter. I fan apprezzeranno la variet\u00e0 della nostra collezione, che combina oggetti da collezione di alta qualit\u00e0 a prezzi accessibili.<\/p>\n<h2>Fate il regalo perfetto con la tazza Hufflepuff<\/h2>\n<p>Il \"<strong>Tazza Tassorosso<\/strong>\u201d \u00e8 il regalo ideale per tutti gli appassionati di Harry Potter, poich\u00e9 offre un modo unico per celebrare lo spirito di questa casa iconica. Perfetta per un compleanno, un'occasione speciale o semplicemente per fare un regalo, questa tazza \u00e8 una scelta eccellente per i fan di tutte le et\u00e0.<\/p>\n<p>Non \u00e8 solo un oggetto pratico, ma anche un simbolo di appartenenza a una comunit\u00e0, quella degli ammiratori di Hufflepuff. Regalando questa tazza, dimostrerete il vostro apprezzamento per valori come la lealt\u00e0 e la perseveranza.<\/p>\n<p>Non dimenticate di dare un'occhiata alla nostra collezione completa di Harry Potter per scoprire altri articoli che potrebbero accompagnare il vostro \u201c<strong>Tazza Tassorosso<\/strong>\u201c. Grazie alla nostra gamma diversificata e conveniente, troverete sicuramente il regalo perfetto per stupire maghi e streghe.<\/p>\n<p>In conclusione, questa tazza combina un design accattivante e funzionalit\u00e0. Un ottimo rapporto qualit\u00e0-prezzo per un prodotto non ufficiale, che delizier\u00e0 i fan di Harry Potter alla ricerca di una tazza pratica, robusta ed elegante.<\/p>","protected":false},"excerpt":{"rendered":"<p>Superba tazza della casa Hufflepuff<\/p>\n<ul>\n<li>Tutto in resina<\/li>\n<li>Interno in alluminio<\/li>\n<li>Set magnifici<\/li>\n<li>Realizzato a mano<\/li>\n<li>Capacit\u00e0: 600 ml<\/li>\n<li>Altezza: 15 cm - Diametro: 9,5 cm<\/li>\n<\/ul>","protected":false},"featured_media":68713,"template":"","meta":[],"product_brand":[896],"product_cat":[87,41],"product_tag":[],"class_list":{"0":"post-68711","1":"product","2":"type-product","3":"status-publish","4":"has-post-thumbnail","6":"product_brand-replique-manga-cine","7":"product_cat-collectors-et-goodies-harry-potter","8":"product_cat-baguettes-et-goodies-harry-potter","10":"first","11":"outofstock","12":"taxable","13":"shipping-taxable","14":"purchasable","15":"product-type-simple"},"yoast_head":"<!-- This site is optimized with the Yoast SEO plugin v27.4 - https:\/\/yoast.com\/product\/yoast-seo-wordpress\/ -->\n<title>Mug Poufsouffle 600ml - Harry Potter | R\u00e9plique Manga Cin\u00e9<\/title>\n<meta name=\"description\" content=\"D\u00e9couvrez le Mug Poufsouffle en r\u00e9sine de 600 ml, id\u00e9al pour fans de Harry Potter. Design unique, durable, parfait pour cadeaux et collectionneurs.\" \/>\n<meta name=\"robots\" content=\"index, follow, max-snippet:-1, max-image-preview:large, max-video-preview:-1\" \/>\n<link rel=\"canonical\" href=\"https:\/\/repliquemangacine.fr\/it\/collezionisti-di-harry-potter-e-chicche\/tazza-hufflepuff-600ml\/\" \/>\n<meta property=\"og:locale\" content=\"it_IT\" \/>\n<meta property=\"og:type\" content=\"article\" \/>\n<meta property=\"og:title\" content=\"Mug Poufsouffle 600ml - Harry Potter | R\u00e9plique Manga Cin\u00e9\" \/>\n<meta property=\"og:description\" content=\"D\u00e9couvrez le Mug Poufsouffle en r\u00e9sine de 600 ml, id\u00e9al pour fans de Harry Potter. Design unique, durable, parfait pour cadeaux et collectionneurs.\" \/>\n<meta property=\"og:url\" content=\"https:\/\/repliquemangacine.fr\/it\/collezionisti-di-harry-potter-e-chicche\/tazza-hufflepuff-600ml\/\" \/>\n<meta property=\"og:site_name\" content=\"R\u00e9plique Manga Cin\u00e9\" \/>\n<meta property=\"article:publisher\" content=\"https:\/\/www.facebook.com\/RepliqueMangaCine\" \/>\n<meta property=\"article:modified_time\" content=\"2026-03-02T18:30:22+00:00\" \/>\n<meta property=\"og:image\" content=\"https:\/\/repliquemangacine.fr\/wp-content\/uploads\/2024\/01\/Mug-Poufsouffle.jpg\" \/>\n\t<meta property=\"og:image:width\" content=\"500\" \/>\n\t<meta property=\"og:image:height\" content=\"500\" \/>\n\t<meta property=\"og:image:type\" content=\"image\/jpeg\" \/>\n<meta name=\"twitter:card\" content=\"summary_large_image\" \/>\n<meta name=\"twitter:label1\" content=\"Tempo di lettura stimato\" \/>\n\t<meta name=\"twitter:data1\" content=\"3 minuti\" \/>\n<script type=\"application\/ld+json\" class=\"yoast-schema-graph\">{\"@context\":\"https:\\\/\\\/schema.org\",\"@graph\":[{\"@type\":\"WebPage\",\"@id\":\"https:\\\/\\\/repliquemangacine.fr\\\/collectors-et-goodies-harry-potter\\\/mug-poufsouffle-600ml\\\/\",\"url\":\"https:\\\/\\\/repliquemangacine.fr\\\/collectors-et-goodies-harry-potter\\\/mug-poufsouffle-600ml\\\/\",\"name\":\"Mug Poufsouffle 600ml - Harry Potter | R\u00e9plique Manga Cin\u00e9\",\"isPartOf\":{\"@id\":\"https:\\\/\\\/repliquemangacine.fr\\\/#website\"},\"primaryImageOfPage\":{\"@id\":\"https:\\\/\\\/repliquemangacine.fr\\\/collectors-et-goodies-harry-potter\\\/mug-poufsouffle-600ml\\\/#primaryimage\"},\"image\":{\"@id\":\"https:\\\/\\\/repliquemangacine.fr\\\/collectors-et-goodies-harry-potter\\\/mug-poufsouffle-600ml\\\/#primaryimage\"},\"thumbnailUrl\":\"https:\\\/\\\/repliquemangacine.fr\\\/wp-content\\\/uploads\\\/2024\\\/01\\\/Mug-Poufsouffle.jpg\",\"datePublished\":\"2024-01-30T17:14:51+00:00\",\"dateModified\":\"2026-03-02T18:30:22+00:00\",\"description\":\"D\u00e9couvrez le Mug Poufsouffle en r\u00e9sine de 600 ml, id\u00e9al pour fans de Harry Potter. Design unique, durable, parfait pour cadeaux et collectionneurs.\",\"breadcrumb\":{\"@id\":\"https:\\\/\\\/repliquemangacine.fr\\\/collectors-et-goodies-harry-potter\\\/mug-poufsouffle-600ml\\\/#breadcrumb\"},\"inLanguage\":\"it-IT\",\"potentialAction\":[{\"@type\":\"ReadAction\",\"target\":[\"https:\\\/\\\/repliquemangacine.fr\\\/collectors-et-goodies-harry-potter\\\/mug-poufsouffle-600ml\\\/\"]}]},{\"@type\":\"ImageObject\",\"inLanguage\":\"it-IT\",\"@id\":\"https:\\\/\\\/repliquemangacine.fr\\\/collectors-et-goodies-harry-potter\\\/mug-poufsouffle-600ml\\\/#primaryimage\",\"url\":\"https:\\\/\\\/repliquemangacine.fr\\\/wp-content\\\/uploads\\\/2024\\\/01\\\/Mug-Poufsouffle.jpg\",\"contentUrl\":\"https:\\\/\\\/repliquemangacine.fr\\\/wp-content\\\/uploads\\\/2024\\\/01\\\/Mug-Poufsouffle.jpg\",\"width\":500,\"height\":500,\"caption\":\"Mug Poufsouffle Harry Potter\"},{\"@type\":\"BreadcrumbList\",\"@id\":\"https:\\\/\\\/repliquemangacine.fr\\\/collectors-et-goodies-harry-potter\\\/mug-poufsouffle-600ml\\\/#breadcrumb\",\"itemListElement\":[{\"@type\":\"ListItem\",\"position\":1,\"name\":\"Accueil\",\"item\":\"https:\\\/\\\/repliquemangacine.fr\\\/\"},{\"@type\":\"ListItem\",\"position\":2,\"name\":\"Produits\",\"item\":\"https:\\\/\\\/repliquemangacine.fr\\\/boutique\\\/\"},{\"@type\":\"ListItem\",\"position\":3,\"name\":\"Mug Poufsouffle 600ml\"}]},{\"@type\":\"WebSite\",\"@id\":\"https:\\\/\\\/repliquemangacine.fr\\\/#website\",\"url\":\"https:\\\/\\\/repliquemangacine.fr\\\/\",\"name\":\"R\u00e9plique Manga Cin\u00e9\",\"description\":\"\",\"publisher\":{\"@id\":\"https:\\\/\\\/repliquemangacine.fr\\\/#organization\"},\"potentialAction\":[{\"@type\":\"SearchAction\",\"target\":{\"@type\":\"EntryPoint\",\"urlTemplate\":\"https:\\\/\\\/repliquemangacine.fr\\\/?s={search_term_string}\"},\"query-input\":{\"@type\":\"PropertyValueSpecification\",\"valueRequired\":true,\"valueName\":\"search_term_string\"}}],\"inLanguage\":\"it-IT\"},{\"@type\":\"Organization\",\"@id\":\"https:\\\/\\\/repliquemangacine.fr\\\/#organization\",\"name\":\"R\u00e9plique Manga Cin\u00e9\",\"url\":\"https:\\\/\\\/repliquemangacine.fr\\\/\",\"logo\":{\"@type\":\"ImageObject\",\"inLanguage\":\"it-IT\",\"@id\":\"https:\\\/\\\/repliquemangacine.fr\\\/#\\\/schema\\\/logo\\\/image\\\/\",\"url\":\"https:\\\/\\\/repliquemangacine.fr\\\/wp-content\\\/uploads\\\/2023\\\/10\\\/RMC-500250.png\",\"contentUrl\":\"https:\\\/\\\/repliquemangacine.fr\\\/wp-content\\\/uploads\\\/2023\\\/10\\\/RMC-500250.png\",\"width\":500,\"height\":250,\"caption\":\"R\u00e9plique Manga Cin\u00e9\"},\"image\":{\"@id\":\"https:\\\/\\\/repliquemangacine.fr\\\/#\\\/schema\\\/logo\\\/image\\\/\"},\"sameAs\":[\"https:\\\/\\\/www.facebook.com\\\/RepliqueMangaCine\",\"https:\\\/\\\/www.instagram.com\\\/repliquemangacine.fr\\\/\"]}]}<\/script>\n<!-- \/ Yoast SEO plugin. -->","yoast_head_json":{"title":"Tazza Hufflepuff 600ml - Harry Potter | R\u00e9plique Manga Cin\u00e9","description":"Scoprite la tazza Hufflepuff in resina da 600 ml, ideale per i fan di Harry Potter. Design unico e resistente, perfetto per regali e collezionisti.","robots":{"index":"index","follow":"follow","max-snippet":"max-snippet:-1","max-image-preview":"max-image-preview:large","max-video-preview":"max-video-preview:-1"},"canonical":"https:\/\/repliquemangacine.fr\/it\/collezionisti-di-harry-potter-e-chicche\/tazza-hufflepuff-600ml\/","og_locale":"it_IT","og_type":"article","og_title":"Mug Poufsouffle 600ml - Harry Potter | R\u00e9plique Manga Cin\u00e9","og_description":"D\u00e9couvrez le Mug Poufsouffle en r\u00e9sine de 600 ml, id\u00e9al pour fans de Harry Potter. Design unique, durable, parfait pour cadeaux et collectionneurs.","og_url":"https:\/\/repliquemangacine.fr\/it\/collezionisti-di-harry-potter-e-chicche\/tazza-hufflepuff-600ml\/","og_site_name":"R\u00e9plique Manga Cin\u00e9","article_publisher":"https:\/\/www.facebook.com\/RepliqueMangaCine","article_modified_time":"2026-03-02T18:30:22+00:00","og_image":[{"width":500,"height":500,"url":"https:\/\/repliquemangacine.fr\/wp-content\/uploads\/2024\/01\/Mug-Poufsouffle.jpg","type":"image\/jpeg"}],"twitter_card":"summary_large_image","twitter_misc":{"Tempo di lettura stimato":"3 minuti"},"schema":{"@context":"https:\/\/schema.org","@graph":[{"@type":"WebPage","@id":"https:\/\/repliquemangacine.fr\/collectors-et-goodies-harry-potter\/mug-poufsouffle-600ml\/","url":"https:\/\/repliquemangacine.fr\/collectors-et-goodies-harry-potter\/mug-poufsouffle-600ml\/","name":"Tazza Hufflepuff 600ml - Harry Potter | R\u00e9plique Manga Cin\u00e9","isPartOf":{"@id":"https:\/\/repliquemangacine.fr\/#website"},"primaryImageOfPage":{"@id":"https:\/\/repliquemangacine.fr\/collectors-et-goodies-harry-potter\/mug-poufsouffle-600ml\/#primaryimage"},"image":{"@id":"https:\/\/repliquemangacine.fr\/collectors-et-goodies-harry-potter\/mug-poufsouffle-600ml\/#primaryimage"},"thumbnailUrl":"https:\/\/repliquemangacine.fr\/wp-content\/uploads\/2024\/01\/Mug-Poufsouffle.jpg","datePublished":"2024-01-30T17:14:51+00:00","dateModified":"2026-03-02T18:30:22+00:00","description":"Scoprite la tazza Hufflepuff in resina da 600 ml, ideale per i fan di Harry Potter. Design unico e resistente, perfetto per regali e collezionisti.","breadcrumb":{"@id":"https:\/\/repliquemangacine.fr\/collectors-et-goodies-harry-potter\/mug-poufsouffle-600ml\/#breadcrumb"},"inLanguage":"it-IT","potentialAction":[{"@type":"ReadAction","target":["https:\/\/repliquemangacine.fr\/collectors-et-goodies-harry-potter\/mug-poufsouffle-600ml\/"]}]},{"@type":"ImageObject","inLanguage":"it-IT","@id":"https:\/\/repliquemangacine.fr\/collectors-et-goodies-harry-potter\/mug-poufsouffle-600ml\/#primaryimage","url":"https:\/\/repliquemangacine.fr\/wp-content\/uploads\/2024\/01\/Mug-Poufsouffle.jpg","contentUrl":"https:\/\/repliquemangacine.fr\/wp-content\/uploads\/2024\/01\/Mug-Poufsouffle.jpg","width":500,"height":500,"caption":"Mug Poufsouffle Harry Potter"},{"@type":"BreadcrumbList","@id":"https:\/\/repliquemangacine.fr\/collectors-et-goodies-harry-potter\/mug-poufsouffle-600ml\/#breadcrumb","itemListElement":[{"@type":"ListItem","position":1,"name":"Accueil","item":"https:\/\/repliquemangacine.fr\/"},{"@type":"ListItem","position":2,"name":"Produits","item":"https:\/\/repliquemangacine.fr\/boutique\/"},{"@type":"ListItem","position":3,"name":"Mug Poufsouffle 600ml"}]},{"@type":"WebSite","@id":"https:\/\/repliquemangacine.fr\/#website","url":"https:\/\/repliquemangacine.fr\/","name":"R\u00e9plique Manga Cin\u00e9","description":"","publisher":{"@id":"https:\/\/repliquemangacine.fr\/#organization"},"potentialAction":[{"@type":"SearchAction","target":{"@type":"EntryPoint","urlTemplate":"https:\/\/repliquemangacine.fr\/?s={search_term_string}"},"query-input":{"@type":"PropertyValueSpecification","valueRequired":true,"valueName":"search_term_string"}}],"inLanguage":"it-IT"},{"@type":"Organization","@id":"https:\/\/repliquemangacine.fr\/#organization","name":"R\u00e9plique Manga Cin\u00e9","url":"https:\/\/repliquemangacine.fr\/","logo":{"@type":"ImageObject","inLanguage":"it-IT","@id":"https:\/\/repliquemangacine.fr\/#\/schema\/logo\/image\/","url":"https:\/\/repliquemangacine.fr\/wp-content\/uploads\/2023\/10\/RMC-500250.png","contentUrl":"https:\/\/repliquemangacine.fr\/wp-content\/uploads\/2023\/10\/RMC-500250.png","width":500,"height":250,"caption":"R\u00e9plique Manga Cin\u00e9"},"image":{"@id":"https:\/\/repliquemangacine.fr\/#\/schema\/logo\/image\/"},"sameAs":["https:\/\/www.facebook.com\/RepliqueMangaCine","https:\/\/www.instagram.com\/repliquemangacine.fr\/"]}]}},"_links":{"self":[{"href":"https:\/\/repliquemangacine.fr\/it\/wp-json\/wp\/v2\/product\/68711","targetHints":{"allow":["GET"]}}],"collection":[{"href":"https:\/\/repliquemangacine.fr\/it\/wp-json\/wp\/v2\/product"}],"about":[{"href":"https:\/\/repliquemangacine.fr\/it\/wp-json\/wp\/v2\/types\/product"}],"wp:featuredmedia":[{"embeddable":true,"href":"https:\/\/repliquemangacine.fr\/it\/wp-json\/wp\/v2\/media\/68713"}],"wp:attachment":[{"href":"https:\/\/repliquemangacine.fr\/it\/wp-json\/wp\/v2\/media?parent=68711"}],"wp:term":[{"taxonomy":"product_brand","embeddable":true,"href":"https:\/\/repliquemangacine.fr\/it\/wp-json\/wp\/v2\/product_brand?post=68711"},{"taxonomy":"product_cat","embeddable":true,"href":"https:\/\/repliquemangacine.fr\/it\/wp-json\/wp\/v2\/product_cat?post=68711"},{"taxonomy":"product_tag","embeddable":true,"href":"https:\/\/repliquemangacine.fr\/it\/wp-json\/wp\/v2\/product_tag?post=68711"}],"curies":[{"name":"wp","href":"https:\/\/api.w.org\/{rel}","templated":true}]}}