





{"id":68116,"date":"2024-01-17T14:27:23","date_gmt":"2024-01-17T13:27:23","guid":{"rendered":"https:\/\/repliquemangacine.fr\/?post_type=product&#038;p=68116"},"modified":"2026-03-21T09:28:40","modified_gmt":"2026-03-21T08:28:40","slug":"kit-di-manutenzione-per-katana","status":"publish","type":"product","link":"https:\/\/repliquemangacine.fr\/it\/katana-forge\/kit-dentretien-pour-katana\/","title":{"rendered":"Kit di manutenzione della katana"},"content":{"rendered":"<h2>Elementi essenziali per la manutenzione della katana<\/h2>\n<p>In primo luogo, il <strong>Kit di manutenzione della katana<\/strong> \u00e8 fondamentale per preservarne la bellezza e la funzionalit\u00e0.<\/p>\n<p>La manutenzione di un <a href=\"https:\/\/www.ici-japon.com\/culture-japonaise\/arts-martiaux-japonais\/les-sabres-japonais\/\" target=\"_blank\" rel=\"noopener noreferrer\">sciabola<\/a> \u00e8 un'arte in s\u00e9, che richiede cura e precisione. La nostra offerta \u00e8 stata appositamente studiata per soddisfare tutte le esigenze della vostra preziosa spada. Include tutto il necessario: olio di alta qualit\u00e0 per proteggere la lama, un panno morbido per la manutenzione, polvere per lucidare, nonch\u00e9 un piccolo martello e un mekugi di ricambio. Questo kit non solo manterr\u00e0 la vostra katana al meglio, ma ne garantir\u00e0 anche la longevit\u00e0 e il buon funzionamento.<\/p>\n<h2>Perch\u00e9 scegliere il nostro kit di manutenzione per katana?<\/h2>\n<p>Quando scegliete un kit di manutenzione per la vostra katana, \u00e8 importante selezionare prodotti di alta qualit\u00e0. Un buon kit prolungher\u00e0 la durata della vostra spada e garantir\u00e0 che rimanga un oggetto di orgoglio e di prestazioni eccellenti.<\/p>\n<p>Il nostro kit di manutenzione per katana si distingue per la qualit\u00e0 dei suoi componenti. Innanzitutto, l'olio di ch\u00f4ji, essenziale per proteggere la lama dalla corrosione e dall'umidit\u00e0. Poi, la carta di riso o il panno morbido, utilizzati per applicare l'olio e lucidare la lama. \u00c8 incluso anche un martello di legno (mekugi-nuki) per smontare la katana, consentendo una pulizia e una manutenzione approfondite. Infine, la polvere lucidante (uchiko) serve a preservare la lama e a rimuovere i vecchi strati di olio, garantendo cos\u00ec una lucentezza e una protezione ottimali.<\/p>\n<h2>Vantaggi della manutenzione regolare con il nostro kit<\/h2>\n<p>L'uso regolare del nostro kit di manutenzione per katana \u00e8 fondamentale per mantenere la tua spada in perfette condizioni. Effettuando una manutenzione mensile, eviterai la corrosione e preserverai il filo della lama. Il nostro kit \u00e8 inoltre progettato per essere facile da usare, sia che tu sia un esperto o un principiante nella cura delle katana. Ogni componente del kit \u00e8 stato selezionato per la sua facilit\u00e0 d'uso e la sua efficacia. Permettendoti di prenderti cura della tua katana come un vero samurai.<\/p>\n<p>In conclusione, potete quindi esporre la vostra katana su un <a href=\"https:\/\/repliquemangacine.fr\/it\/accessori-per-katana\/supporto-per-katana-da-parete-a-1-posto\/\">staffa a parete<\/a> o ufficio e ammirarlo come dovrebbe essere ammirato. Scoprite la nostra gamma di <a href=\"https:\/\/repliquemangacine.fr\/it\/fucina-di-katana\/\">katana forgiata<\/a> al miglior prezzo.<\/p>","protected":false},"excerpt":{"rendered":"<p>Questo kit di manutenzione per katana comprende :<\/p>\n<ul>\n<li>Un panno<\/li>\n<li>Olio per la lama<\/li>\n<li>Una pallina di polvere lucidante<\/li>\n<li>Un piccolo martello<\/li>\n<li>Confezionato in una scatola di legno<\/li>\n<\/ul>","protected":false},"featured_media":68117,"template":"","meta":[],"product_brand":[896],"product_cat":[50,38],"product_tag":[],"class_list":{"0":"post-68116","1":"product","2":"type-product","3":"status-publish","4":"has-post-thumbnail","6":"product_brand-replique-manga-cine","7":"product_cat-accessoires-katana","8":"product_cat-katana-forge","10":"first","11":"instock","12":"taxable","13":"shipping-taxable","14":"purchasable","15":"product-type-simple"},"yoast_head":"<!-- This site is optimized with the Yoast SEO plugin v27.4 - https:\/\/yoast.com\/product\/yoast-seo-wordpress\/ -->\n<title>Kit d&#039;entretien pour katana | R\u00e9plique Manga Cin\u00e9<\/title>\n<meta name=\"description\" content=\"D\u00e9couvrez notre Kit d&#039;entretien pour katana : Haute qualit\u00e9, facile d&#039;utilisation. Efficacit\u00e9 et tradition pour un entretien impeccable !\" \/>\n<meta name=\"robots\" content=\"index, follow, max-snippet:-1, max-image-preview:large, max-video-preview:-1\" \/>\n<link rel=\"canonical\" href=\"https:\/\/repliquemangacine.fr\/it\/fucina-di-katana\/kit-di-manutenzione-per-katana\/\" \/>\n<meta property=\"og:locale\" content=\"it_IT\" \/>\n<meta property=\"og:type\" content=\"article\" \/>\n<meta property=\"og:title\" content=\"Kit d&#039;entretien pour katana | R\u00e9plique Manga Cin\u00e9\" \/>\n<meta property=\"og:description\" content=\"D\u00e9couvrez notre Kit d&#039;entretien pour katana : Haute qualit\u00e9, facile d&#039;utilisation. Efficacit\u00e9 et tradition pour un entretien impeccable !\" \/>\n<meta property=\"og:url\" content=\"https:\/\/repliquemangacine.fr\/it\/fucina-di-katana\/kit-di-manutenzione-per-katana\/\" \/>\n<meta property=\"og:site_name\" content=\"R\u00e9plique Manga Cin\u00e9\" \/>\n<meta property=\"article:publisher\" content=\"https:\/\/www.facebook.com\/RepliqueMangaCine\" \/>\n<meta property=\"article:modified_time\" content=\"2026-03-21T08:28:40+00:00\" \/>\n<meta property=\"og:image\" content=\"https:\/\/repliquemangacine.fr\/wp-content\/uploads\/2024\/01\/kit-dentretien-katana.jpg\" \/>\n\t<meta property=\"og:image:width\" content=\"500\" \/>\n\t<meta property=\"og:image:height\" content=\"500\" \/>\n\t<meta property=\"og:image:type\" content=\"image\/jpeg\" \/>\n<meta name=\"twitter:card\" content=\"summary_large_image\" \/>\n<meta name=\"twitter:label1\" content=\"Tempo di lettura stimato\" \/>\n\t<meta name=\"twitter:data1\" content=\"3 minuti\" \/>\n<script type=\"application\/ld+json\" class=\"yoast-schema-graph\">{\"@context\":\"https:\\\/\\\/schema.org\",\"@graph\":[{\"@type\":\"WebPage\",\"@id\":\"https:\\\/\\\/repliquemangacine.fr\\\/katana-forge\\\/kit-dentretien-pour-katana\\\/\",\"url\":\"https:\\\/\\\/repliquemangacine.fr\\\/katana-forge\\\/kit-dentretien-pour-katana\\\/\",\"name\":\"Kit d'entretien pour katana | R\u00e9plique Manga Cin\u00e9\",\"isPartOf\":{\"@id\":\"https:\\\/\\\/repliquemangacine.fr\\\/#website\"},\"primaryImageOfPage\":{\"@id\":\"https:\\\/\\\/repliquemangacine.fr\\\/katana-forge\\\/kit-dentretien-pour-katana\\\/#primaryimage\"},\"image\":{\"@id\":\"https:\\\/\\\/repliquemangacine.fr\\\/katana-forge\\\/kit-dentretien-pour-katana\\\/#primaryimage\"},\"thumbnailUrl\":\"https:\\\/\\\/repliquemangacine.fr\\\/wp-content\\\/uploads\\\/2024\\\/01\\\/kit-dentretien-katana.jpg\",\"datePublished\":\"2024-01-17T13:27:23+00:00\",\"dateModified\":\"2026-03-21T08:28:40+00:00\",\"description\":\"D\u00e9couvrez notre Kit d'entretien pour katana : Haute qualit\u00e9, facile d'utilisation. Efficacit\u00e9 et tradition pour un entretien impeccable !\",\"breadcrumb\":{\"@id\":\"https:\\\/\\\/repliquemangacine.fr\\\/katana-forge\\\/kit-dentretien-pour-katana\\\/#breadcrumb\"},\"inLanguage\":\"it-IT\",\"potentialAction\":[{\"@type\":\"ReadAction\",\"target\":[\"https:\\\/\\\/repliquemangacine.fr\\\/katana-forge\\\/kit-dentretien-pour-katana\\\/\"]}]},{\"@type\":\"ImageObject\",\"inLanguage\":\"it-IT\",\"@id\":\"https:\\\/\\\/repliquemangacine.fr\\\/katana-forge\\\/kit-dentretien-pour-katana\\\/#primaryimage\",\"url\":\"https:\\\/\\\/repliquemangacine.fr\\\/wp-content\\\/uploads\\\/2024\\\/01\\\/kit-dentretien-katana.jpg\",\"contentUrl\":\"https:\\\/\\\/repliquemangacine.fr\\\/wp-content\\\/uploads\\\/2024\\\/01\\\/kit-dentretien-katana.jpg\",\"width\":500,\"height\":500,\"caption\":\"Kit d'entretien pour katana\"},{\"@type\":\"BreadcrumbList\",\"@id\":\"https:\\\/\\\/repliquemangacine.fr\\\/katana-forge\\\/kit-dentretien-pour-katana\\\/#breadcrumb\",\"itemListElement\":[{\"@type\":\"ListItem\",\"position\":1,\"name\":\"Accueil\",\"item\":\"https:\\\/\\\/repliquemangacine.fr\\\/\"},{\"@type\":\"ListItem\",\"position\":2,\"name\":\"Produits\",\"item\":\"https:\\\/\\\/repliquemangacine.fr\\\/boutique\\\/\"},{\"@type\":\"ListItem\",\"position\":3,\"name\":\"Kit d&#8217;entretien pour katana\"}]},{\"@type\":\"WebSite\",\"@id\":\"https:\\\/\\\/repliquemangacine.fr\\\/#website\",\"url\":\"https:\\\/\\\/repliquemangacine.fr\\\/\",\"name\":\"R\u00e9plique Manga Cin\u00e9\",\"description\":\"\",\"publisher\":{\"@id\":\"https:\\\/\\\/repliquemangacine.fr\\\/#organization\"},\"potentialAction\":[{\"@type\":\"SearchAction\",\"target\":{\"@type\":\"EntryPoint\",\"urlTemplate\":\"https:\\\/\\\/repliquemangacine.fr\\\/?s={search_term_string}\"},\"query-input\":{\"@type\":\"PropertyValueSpecification\",\"valueRequired\":true,\"valueName\":\"search_term_string\"}}],\"inLanguage\":\"it-IT\"},{\"@type\":\"Organization\",\"@id\":\"https:\\\/\\\/repliquemangacine.fr\\\/#organization\",\"name\":\"R\u00e9plique Manga Cin\u00e9\",\"url\":\"https:\\\/\\\/repliquemangacine.fr\\\/\",\"logo\":{\"@type\":\"ImageObject\",\"inLanguage\":\"it-IT\",\"@id\":\"https:\\\/\\\/repliquemangacine.fr\\\/#\\\/schema\\\/logo\\\/image\\\/\",\"url\":\"https:\\\/\\\/repliquemangacine.fr\\\/wp-content\\\/uploads\\\/2023\\\/10\\\/RMC-500250.png\",\"contentUrl\":\"https:\\\/\\\/repliquemangacine.fr\\\/wp-content\\\/uploads\\\/2023\\\/10\\\/RMC-500250.png\",\"width\":500,\"height\":250,\"caption\":\"R\u00e9plique Manga Cin\u00e9\"},\"image\":{\"@id\":\"https:\\\/\\\/repliquemangacine.fr\\\/#\\\/schema\\\/logo\\\/image\\\/\"},\"sameAs\":[\"https:\\\/\\\/www.facebook.com\\\/RepliqueMangaCine\",\"https:\\\/\\\/www.instagram.com\\\/repliquemangacine.fr\\\/\"]}]}<\/script>\n<!-- \/ Yoast SEO plugin. -->","yoast_head_json":{"title":"Kit di manutenzione Katana | R\u00e9plique Manga Cin\u00e9","description":"Scoprite il nostro kit per la cura della katana: alta qualit\u00e0, facile da usare. Efficienza e tradizione per una manutenzione impeccabile!","robots":{"index":"index","follow":"follow","max-snippet":"max-snippet:-1","max-image-preview":"max-image-preview:large","max-video-preview":"max-video-preview:-1"},"canonical":"https:\/\/repliquemangacine.fr\/it\/fucina-di-katana\/kit-di-manutenzione-per-katana\/","og_locale":"it_IT","og_type":"article","og_title":"Kit d'entretien pour katana | R\u00e9plique Manga Cin\u00e9","og_description":"D\u00e9couvrez notre Kit d'entretien pour katana : Haute qualit\u00e9, facile d'utilisation. Efficacit\u00e9 et tradition pour un entretien impeccable !","og_url":"https:\/\/repliquemangacine.fr\/it\/fucina-di-katana\/kit-di-manutenzione-per-katana\/","og_site_name":"R\u00e9plique Manga Cin\u00e9","article_publisher":"https:\/\/www.facebook.com\/RepliqueMangaCine","article_modified_time":"2026-03-21T08:28:40+00:00","og_image":[{"width":500,"height":500,"url":"https:\/\/repliquemangacine.fr\/wp-content\/uploads\/2024\/01\/kit-dentretien-katana.jpg","type":"image\/jpeg"}],"twitter_card":"summary_large_image","twitter_misc":{"Tempo di lettura stimato":"3 minuti"},"schema":{"@context":"https:\/\/schema.org","@graph":[{"@type":"WebPage","@id":"https:\/\/repliquemangacine.fr\/katana-forge\/kit-dentretien-pour-katana\/","url":"https:\/\/repliquemangacine.fr\/katana-forge\/kit-dentretien-pour-katana\/","name":"Kit di manutenzione Katana | R\u00e9plique Manga Cin\u00e9","isPartOf":{"@id":"https:\/\/repliquemangacine.fr\/#website"},"primaryImageOfPage":{"@id":"https:\/\/repliquemangacine.fr\/katana-forge\/kit-dentretien-pour-katana\/#primaryimage"},"image":{"@id":"https:\/\/repliquemangacine.fr\/katana-forge\/kit-dentretien-pour-katana\/#primaryimage"},"thumbnailUrl":"https:\/\/repliquemangacine.fr\/wp-content\/uploads\/2024\/01\/kit-dentretien-katana.jpg","datePublished":"2024-01-17T13:27:23+00:00","dateModified":"2026-03-21T08:28:40+00:00","description":"Scoprite il nostro kit per la cura della katana: alta qualit\u00e0, facile da usare. Efficienza e tradizione per una manutenzione impeccabile!","breadcrumb":{"@id":"https:\/\/repliquemangacine.fr\/katana-forge\/kit-dentretien-pour-katana\/#breadcrumb"},"inLanguage":"it-IT","potentialAction":[{"@type":"ReadAction","target":["https:\/\/repliquemangacine.fr\/katana-forge\/kit-dentretien-pour-katana\/"]}]},{"@type":"ImageObject","inLanguage":"it-IT","@id":"https:\/\/repliquemangacine.fr\/katana-forge\/kit-dentretien-pour-katana\/#primaryimage","url":"https:\/\/repliquemangacine.fr\/wp-content\/uploads\/2024\/01\/kit-dentretien-katana.jpg","contentUrl":"https:\/\/repliquemangacine.fr\/wp-content\/uploads\/2024\/01\/kit-dentretien-katana.jpg","width":500,"height":500,"caption":"Kit d'entretien pour katana"},{"@type":"BreadcrumbList","@id":"https:\/\/repliquemangacine.fr\/katana-forge\/kit-dentretien-pour-katana\/#breadcrumb","itemListElement":[{"@type":"ListItem","position":1,"name":"Accueil","item":"https:\/\/repliquemangacine.fr\/"},{"@type":"ListItem","position":2,"name":"Produits","item":"https:\/\/repliquemangacine.fr\/boutique\/"},{"@type":"ListItem","position":3,"name":"Kit d&#8217;entretien pour katana"}]},{"@type":"WebSite","@id":"https:\/\/repliquemangacine.fr\/#website","url":"https:\/\/repliquemangacine.fr\/","name":"R\u00e9plique Manga Cin\u00e9","description":"","publisher":{"@id":"https:\/\/repliquemangacine.fr\/#organization"},"potentialAction":[{"@type":"SearchAction","target":{"@type":"EntryPoint","urlTemplate":"https:\/\/repliquemangacine.fr\/?s={search_term_string}"},"query-input":{"@type":"PropertyValueSpecification","valueRequired":true,"valueName":"search_term_string"}}],"inLanguage":"it-IT"},{"@type":"Organization","@id":"https:\/\/repliquemangacine.fr\/#organization","name":"R\u00e9plique Manga Cin\u00e9","url":"https:\/\/repliquemangacine.fr\/","logo":{"@type":"ImageObject","inLanguage":"it-IT","@id":"https:\/\/repliquemangacine.fr\/#\/schema\/logo\/image\/","url":"https:\/\/repliquemangacine.fr\/wp-content\/uploads\/2023\/10\/RMC-500250.png","contentUrl":"https:\/\/repliquemangacine.fr\/wp-content\/uploads\/2023\/10\/RMC-500250.png","width":500,"height":250,"caption":"R\u00e9plique Manga Cin\u00e9"},"image":{"@id":"https:\/\/repliquemangacine.fr\/#\/schema\/logo\/image\/"},"sameAs":["https:\/\/www.facebook.com\/RepliqueMangaCine","https:\/\/www.instagram.com\/repliquemangacine.fr\/"]}]}},"_links":{"self":[{"href":"https:\/\/repliquemangacine.fr\/it\/wp-json\/wp\/v2\/product\/68116","targetHints":{"allow":["GET"]}}],"collection":[{"href":"https:\/\/repliquemangacine.fr\/it\/wp-json\/wp\/v2\/product"}],"about":[{"href":"https:\/\/repliquemangacine.fr\/it\/wp-json\/wp\/v2\/types\/product"}],"wp:featuredmedia":[{"embeddable":true,"href":"https:\/\/repliquemangacine.fr\/it\/wp-json\/wp\/v2\/media\/68117"}],"wp:attachment":[{"href":"https:\/\/repliquemangacine.fr\/it\/wp-json\/wp\/v2\/media?parent=68116"}],"wp:term":[{"taxonomy":"product_brand","embeddable":true,"href":"https:\/\/repliquemangacine.fr\/it\/wp-json\/wp\/v2\/product_brand?post=68116"},{"taxonomy":"product_cat","embeddable":true,"href":"https:\/\/repliquemangacine.fr\/it\/wp-json\/wp\/v2\/product_cat?post=68116"},{"taxonomy":"product_tag","embeddable":true,"href":"https:\/\/repliquemangacine.fr\/it\/wp-json\/wp\/v2\/product_tag?post=68116"}],"curies":[{"name":"wp","href":"https:\/\/api.w.org\/{rel}","templated":true}]}}