





{"id":68021,"date":"2024-01-13T17:35:50","date_gmt":"2024-01-13T16:35:50","guid":{"rendered":"https:\/\/repliquemangacine.fr\/?post_type=product&#038;p=68021"},"modified":"2026-02-01T21:27:19","modified_gmt":"2026-02-01T20:27:19","slug":"robin-des-bois-spada","status":"publish","type":"product","link":"https:\/\/repliquemangacine.fr\/it\/epee-templier-medievale\/epee-robin-des-bois\/","title":{"rendered":"Spada di Robin Hood"},"content":{"rendered":"<h2>Scopri la spada di Robin Hood di Russell Crowe<\/h2>\n<p>Per iniziare, immergetevi nel mondo di Ridley Scott, con il<strong>La spada di Robin Hood<\/strong> interpretato da Russell Crowe. Questa replica non ufficiale \u00e8 un omaggio all'acclamato film del 2010 e offre una qualit\u00e0 straordinaria a un prezzo accessibile. La spada cattura lo spirito dell'avventuriero medievale e aggiunge un tocco di autenticit\u00e0 alla tua collezione.<\/p>\n<p>La spada di<a href=\"https:\/\/wikidoublage.fandom.com\/fr\/wiki\/Robin_des_Bois_(2010)\" target=\"_blank\" rel=\"noopener noreferrer\"> Robin Hood<\/a> qui proposta coniuga sapientemente qualit\u00e0 e prezzo interessante. Realizzata con materiali di prima scelta, \u00e8 progettata per resistere al tempo pur rimanendo accessibile. Inoltre, la cura dei dettagli si ritrova in ogni aspetto di questa spada. Dalla guardia alla punta della lama, offre una replica fedele a quella utilizzata da Russell Crowe nel film.<\/p>\n<p>Perfetto per gli appassionati di armi medievali, gli amanti del cinema o i collezionisti alla ricerca di un articolo di qualit\u00e0 senza spendere una fortuna.<\/p>\n<h2>Un oggetto da collezione imperdibile<\/h2>\n<p>L'<strong>La spada di Robin Hood<\/strong> \u00e8 pi\u00f9 di una semplice replica: \u00e8 un vero e proprio oggetto da collezione. Delizier\u00e0 i fan della leggenda di Robin Hood e gli ammiratori del film di Ridley Scott. Ogni dettaglio di questa spada riflette il carattere audace e la nobilt\u00e0 di Robin Hood, interpretato da Russell Crowe. Questo pezzo unico aggiunger\u00e0 valore storico e cinematografico a qualsiasi collezione di armi o cimeli cinematografici.<\/p>\n<p>Si tratta quindi dell'occasione perfetta per acquistare un pezzo di storia del cinema e della leggenda di Robin Hood a un prezzo eccezionale. Non perdete l'opportunit\u00e0 di aggiungere questa spada iconica alla vostra collezione.<\/p>\n<h2>Come faccio a mantenere la lama della mia spada Robin Hood?<\/h2>\n<p>Le spade da collezione e decorative sono realizzate e assemblate in modo semplificato. Poich\u00e9 il loro uso \u00e8 decorativo, non hanno le caratteristiche di sicurezza richieste per una spada giapponese destinata all'allenamento.<\/p>\n<p>Tuttavia, il vostro <strong>La spada di Robin Hood<\/strong> a una lama d'acciaio che deve essere mantenuta per evitare che si danneggi nel tempo. Quando si espone la spada, gli amici saranno curiosi di vedere la lama e di toccarla. \u00c8 qui che bisogna fare attenzione. Vale la pena sottolineare che l'acidit\u00e0 delle dita \u00e8 molto dannosa per l'acciaio, indipendentemente dalla sua qualit\u00e0. Se ci\u00f2 dovesse accadere, niente panico: \u00e8 sufficiente un panno inumidito con un po' di<a href=\"https:\/\/repliquemangacine.fr\/it\/armi-storiche\/olio-universale-ballistol\/\">Olio universale Ballistol<\/a> e pulire le impronte digitali. In questo modo, la spada durer\u00e0 a lungo.<\/p>","protected":false},"excerpt":{"rendered":"<p>Splendida replica della spada di Russell Crowe nel film Robin Hood di Ridley Scott<\/p>\n<ul>\n<li>Lama in acciaio inox 440 con scanalatura centrale<\/li>\n<li>Taglio a doppio taglio<\/li>\n<li>Incisione su entrambi i lati \"Robin Hood al centro della lama<\/li>\n<li>Pomello in acciaio massiccio con croce templare in rilievo<\/li>\n<li>Manico in metallo e PVC ornato da una perla rossa<\/li>\n<li>Protezione in acciaio massiccio invecchiato<\/li>\n<li>Fornito con staffa da parete in legno<\/li>\n<li>Lunghezza lama: 73,5 cm - Lunghezza totale: 95 cm<\/li>\n<li>Peso 1005 g<\/li>\n<\/ul>","protected":false},"featured_media":68022,"template":"","meta":[],"product_brand":[896],"product_cat":[91,66,84],"product_tag":[],"class_list":{"0":"post-68021","1":"product","2":"type-product","3":"status-publish","4":"has-post-thumbnail","6":"product_brand-replique-manga-cine","7":"product_cat-katana-les-epees-de-films-et-series","8":"product_cat-repliques-d-armes-films-et-series","9":"product_cat-epee-templier-medievale","11":"first","12":"instock","13":"taxable","14":"shipping-taxable","15":"purchasable","16":"product-type-simple"},"yoast_head":"<!-- This site is optimized with the Yoast SEO plugin v27.4 - https:\/\/yoast.com\/product\/yoast-seo-wordpress\/ -->\n<title>\u00c9p\u00e9e Robin des Bois | R\u00e9plique Manga Cin\u00e9<\/title>\n<meta name=\"description\" content=\"D\u00e9couvrez l&#039;\u00c9p\u00e9e Robin des Bois, r\u00e9plique de qualit\u00e9 inspir\u00e9e du film avec Russell Crowe. Un objet de collection unique \u00e0 prix abordable. 95 cm\" \/>\n<meta name=\"robots\" content=\"index, follow, max-snippet:-1, max-image-preview:large, max-video-preview:-1\" \/>\n<link rel=\"canonical\" href=\"https:\/\/repliquemangacine.fr\/it\/spada-templare-medievale\/robin-des-bois-spada\/\" \/>\n<meta property=\"og:locale\" content=\"it_IT\" \/>\n<meta property=\"og:type\" content=\"article\" \/>\n<meta property=\"og:title\" content=\"\u00c9p\u00e9e Robin des Bois | R\u00e9plique Manga Cin\u00e9\" \/>\n<meta property=\"og:description\" content=\"D\u00e9couvrez l&#039;\u00c9p\u00e9e Robin des Bois, r\u00e9plique de qualit\u00e9 inspir\u00e9e du film avec Russell Crowe. Un objet de collection unique \u00e0 prix abordable. 95 cm\" \/>\n<meta property=\"og:url\" content=\"https:\/\/repliquemangacine.fr\/it\/spada-templare-medievale\/robin-des-bois-spada\/\" \/>\n<meta property=\"og:site_name\" content=\"R\u00e9plique Manga Cin\u00e9\" \/>\n<meta property=\"article:publisher\" content=\"https:\/\/www.facebook.com\/RepliqueMangaCine\" \/>\n<meta property=\"article:modified_time\" content=\"2026-02-01T20:27:19+00:00\" \/>\n<meta property=\"og:image\" content=\"https:\/\/repliquemangacine.fr\/wp-content\/uploads\/2024\/01\/Epee-Robin-des-bois-ridley-scott.jpg\" \/>\n\t<meta property=\"og:image:width\" content=\"500\" \/>\n\t<meta property=\"og:image:height\" content=\"500\" \/>\n\t<meta property=\"og:image:type\" content=\"image\/jpeg\" \/>\n<meta name=\"twitter:card\" content=\"summary_large_image\" \/>\n<meta name=\"twitter:label1\" content=\"Tempo di lettura stimato\" \/>\n\t<meta name=\"twitter:data1\" content=\"3 minuti\" \/>\n<script type=\"application\/ld+json\" class=\"yoast-schema-graph\">{\"@context\":\"https:\\\/\\\/schema.org\",\"@graph\":[{\"@type\":\"WebPage\",\"@id\":\"https:\\\/\\\/repliquemangacine.fr\\\/epee-templier-medievale\\\/epee-robin-des-bois\\\/\",\"url\":\"https:\\\/\\\/repliquemangacine.fr\\\/epee-templier-medievale\\\/epee-robin-des-bois\\\/\",\"name\":\"\u00c9p\u00e9e Robin des Bois | R\u00e9plique Manga Cin\u00e9\",\"isPartOf\":{\"@id\":\"https:\\\/\\\/repliquemangacine.fr\\\/#website\"},\"primaryImageOfPage\":{\"@id\":\"https:\\\/\\\/repliquemangacine.fr\\\/epee-templier-medievale\\\/epee-robin-des-bois\\\/#primaryimage\"},\"image\":{\"@id\":\"https:\\\/\\\/repliquemangacine.fr\\\/epee-templier-medievale\\\/epee-robin-des-bois\\\/#primaryimage\"},\"thumbnailUrl\":\"https:\\\/\\\/repliquemangacine.fr\\\/wp-content\\\/uploads\\\/2024\\\/01\\\/Epee-Robin-des-bois-ridley-scott.jpg\",\"datePublished\":\"2024-01-13T16:35:50+00:00\",\"dateModified\":\"2026-02-01T20:27:19+00:00\",\"description\":\"D\u00e9couvrez l'\u00c9p\u00e9e Robin des Bois, r\u00e9plique de qualit\u00e9 inspir\u00e9e du film avec Russell Crowe. Un objet de collection unique \u00e0 prix abordable. 95 cm\",\"breadcrumb\":{\"@id\":\"https:\\\/\\\/repliquemangacine.fr\\\/epee-templier-medievale\\\/epee-robin-des-bois\\\/#breadcrumb\"},\"inLanguage\":\"it-IT\",\"potentialAction\":[{\"@type\":\"ReadAction\",\"target\":[\"https:\\\/\\\/repliquemangacine.fr\\\/epee-templier-medievale\\\/epee-robin-des-bois\\\/\"]}]},{\"@type\":\"ImageObject\",\"inLanguage\":\"it-IT\",\"@id\":\"https:\\\/\\\/repliquemangacine.fr\\\/epee-templier-medievale\\\/epee-robin-des-bois\\\/#primaryimage\",\"url\":\"https:\\\/\\\/repliquemangacine.fr\\\/wp-content\\\/uploads\\\/2024\\\/01\\\/Epee-Robin-des-bois-ridley-scott.jpg\",\"contentUrl\":\"https:\\\/\\\/repliquemangacine.fr\\\/wp-content\\\/uploads\\\/2024\\\/01\\\/Epee-Robin-des-bois-ridley-scott.jpg\",\"width\":500,\"height\":500,\"caption\":\"\u00c9p\u00e9e de Robin des Bois\"},{\"@type\":\"BreadcrumbList\",\"@id\":\"https:\\\/\\\/repliquemangacine.fr\\\/epee-templier-medievale\\\/epee-robin-des-bois\\\/#breadcrumb\",\"itemListElement\":[{\"@type\":\"ListItem\",\"position\":1,\"name\":\"Accueil\",\"item\":\"https:\\\/\\\/repliquemangacine.fr\\\/\"},{\"@type\":\"ListItem\",\"position\":2,\"name\":\"Produits\",\"item\":\"https:\\\/\\\/repliquemangacine.fr\\\/boutique\\\/\"},{\"@type\":\"ListItem\",\"position\":3,\"name\":\"\u00c9p\u00e9e Robin des Bois\"}]},{\"@type\":\"WebSite\",\"@id\":\"https:\\\/\\\/repliquemangacine.fr\\\/#website\",\"url\":\"https:\\\/\\\/repliquemangacine.fr\\\/\",\"name\":\"R\u00e9plique Manga Cin\u00e9\",\"description\":\"\",\"publisher\":{\"@id\":\"https:\\\/\\\/repliquemangacine.fr\\\/#organization\"},\"potentialAction\":[{\"@type\":\"SearchAction\",\"target\":{\"@type\":\"EntryPoint\",\"urlTemplate\":\"https:\\\/\\\/repliquemangacine.fr\\\/?s={search_term_string}\"},\"query-input\":{\"@type\":\"PropertyValueSpecification\",\"valueRequired\":true,\"valueName\":\"search_term_string\"}}],\"inLanguage\":\"it-IT\"},{\"@type\":\"Organization\",\"@id\":\"https:\\\/\\\/repliquemangacine.fr\\\/#organization\",\"name\":\"R\u00e9plique Manga Cin\u00e9\",\"url\":\"https:\\\/\\\/repliquemangacine.fr\\\/\",\"logo\":{\"@type\":\"ImageObject\",\"inLanguage\":\"it-IT\",\"@id\":\"https:\\\/\\\/repliquemangacine.fr\\\/#\\\/schema\\\/logo\\\/image\\\/\",\"url\":\"https:\\\/\\\/repliquemangacine.fr\\\/wp-content\\\/uploads\\\/2023\\\/10\\\/RMC-500250.png\",\"contentUrl\":\"https:\\\/\\\/repliquemangacine.fr\\\/wp-content\\\/uploads\\\/2023\\\/10\\\/RMC-500250.png\",\"width\":500,\"height\":250,\"caption\":\"R\u00e9plique Manga Cin\u00e9\"},\"image\":{\"@id\":\"https:\\\/\\\/repliquemangacine.fr\\\/#\\\/schema\\\/logo\\\/image\\\/\"},\"sameAs\":[\"https:\\\/\\\/www.facebook.com\\\/RepliqueMangaCine\",\"https:\\\/\\\/www.instagram.com\\\/repliquemangacine.fr\\\/\"]}]}<\/script>\n<!-- \/ Yoast SEO plugin. -->","yoast_head_json":{"title":"Spada Robin Hood | R\u00e9plique Manga Cin\u00e9","description":"Scoprite la spada di Robin Hood, una replica di qualit\u00e0 ispirata al film con Russell Crowe. Un pezzo unico da collezione a un prezzo accessibile. 95 cm","robots":{"index":"index","follow":"follow","max-snippet":"max-snippet:-1","max-image-preview":"max-image-preview:large","max-video-preview":"max-video-preview:-1"},"canonical":"https:\/\/repliquemangacine.fr\/it\/spada-templare-medievale\/robin-des-bois-spada\/","og_locale":"it_IT","og_type":"article","og_title":"\u00c9p\u00e9e Robin des Bois | R\u00e9plique Manga Cin\u00e9","og_description":"D\u00e9couvrez l'\u00c9p\u00e9e Robin des Bois, r\u00e9plique de qualit\u00e9 inspir\u00e9e du film avec Russell Crowe. Un objet de collection unique \u00e0 prix abordable. 95 cm","og_url":"https:\/\/repliquemangacine.fr\/it\/spada-templare-medievale\/robin-des-bois-spada\/","og_site_name":"R\u00e9plique Manga Cin\u00e9","article_publisher":"https:\/\/www.facebook.com\/RepliqueMangaCine","article_modified_time":"2026-02-01T20:27:19+00:00","og_image":[{"width":500,"height":500,"url":"https:\/\/repliquemangacine.fr\/wp-content\/uploads\/2024\/01\/Epee-Robin-des-bois-ridley-scott.jpg","type":"image\/jpeg"}],"twitter_card":"summary_large_image","twitter_misc":{"Tempo di lettura stimato":"3 minuti"},"schema":{"@context":"https:\/\/schema.org","@graph":[{"@type":"WebPage","@id":"https:\/\/repliquemangacine.fr\/epee-templier-medievale\/epee-robin-des-bois\/","url":"https:\/\/repliquemangacine.fr\/epee-templier-medievale\/epee-robin-des-bois\/","name":"Spada Robin Hood | R\u00e9plique Manga Cin\u00e9","isPartOf":{"@id":"https:\/\/repliquemangacine.fr\/#website"},"primaryImageOfPage":{"@id":"https:\/\/repliquemangacine.fr\/epee-templier-medievale\/epee-robin-des-bois\/#primaryimage"},"image":{"@id":"https:\/\/repliquemangacine.fr\/epee-templier-medievale\/epee-robin-des-bois\/#primaryimage"},"thumbnailUrl":"https:\/\/repliquemangacine.fr\/wp-content\/uploads\/2024\/01\/Epee-Robin-des-bois-ridley-scott.jpg","datePublished":"2024-01-13T16:35:50+00:00","dateModified":"2026-02-01T20:27:19+00:00","description":"Scoprite la spada di Robin Hood, una replica di qualit\u00e0 ispirata al film con Russell Crowe. Un pezzo unico da collezione a un prezzo accessibile. 95 cm","breadcrumb":{"@id":"https:\/\/repliquemangacine.fr\/epee-templier-medievale\/epee-robin-des-bois\/#breadcrumb"},"inLanguage":"it-IT","potentialAction":[{"@type":"ReadAction","target":["https:\/\/repliquemangacine.fr\/epee-templier-medievale\/epee-robin-des-bois\/"]}]},{"@type":"ImageObject","inLanguage":"it-IT","@id":"https:\/\/repliquemangacine.fr\/epee-templier-medievale\/epee-robin-des-bois\/#primaryimage","url":"https:\/\/repliquemangacine.fr\/wp-content\/uploads\/2024\/01\/Epee-Robin-des-bois-ridley-scott.jpg","contentUrl":"https:\/\/repliquemangacine.fr\/wp-content\/uploads\/2024\/01\/Epee-Robin-des-bois-ridley-scott.jpg","width":500,"height":500,"caption":"\u00c9p\u00e9e de Robin des Bois"},{"@type":"BreadcrumbList","@id":"https:\/\/repliquemangacine.fr\/epee-templier-medievale\/epee-robin-des-bois\/#breadcrumb","itemListElement":[{"@type":"ListItem","position":1,"name":"Accueil","item":"https:\/\/repliquemangacine.fr\/"},{"@type":"ListItem","position":2,"name":"Produits","item":"https:\/\/repliquemangacine.fr\/boutique\/"},{"@type":"ListItem","position":3,"name":"\u00c9p\u00e9e Robin des Bois"}]},{"@type":"WebSite","@id":"https:\/\/repliquemangacine.fr\/#website","url":"https:\/\/repliquemangacine.fr\/","name":"R\u00e9plique Manga Cin\u00e9","description":"","publisher":{"@id":"https:\/\/repliquemangacine.fr\/#organization"},"potentialAction":[{"@type":"SearchAction","target":{"@type":"EntryPoint","urlTemplate":"https:\/\/repliquemangacine.fr\/?s={search_term_string}"},"query-input":{"@type":"PropertyValueSpecification","valueRequired":true,"valueName":"search_term_string"}}],"inLanguage":"it-IT"},{"@type":"Organization","@id":"https:\/\/repliquemangacine.fr\/#organization","name":"R\u00e9plique Manga Cin\u00e9","url":"https:\/\/repliquemangacine.fr\/","logo":{"@type":"ImageObject","inLanguage":"it-IT","@id":"https:\/\/repliquemangacine.fr\/#\/schema\/logo\/image\/","url":"https:\/\/repliquemangacine.fr\/wp-content\/uploads\/2023\/10\/RMC-500250.png","contentUrl":"https:\/\/repliquemangacine.fr\/wp-content\/uploads\/2023\/10\/RMC-500250.png","width":500,"height":250,"caption":"R\u00e9plique Manga Cin\u00e9"},"image":{"@id":"https:\/\/repliquemangacine.fr\/#\/schema\/logo\/image\/"},"sameAs":["https:\/\/www.facebook.com\/RepliqueMangaCine","https:\/\/www.instagram.com\/repliquemangacine.fr\/"]}]}},"_links":{"self":[{"href":"https:\/\/repliquemangacine.fr\/it\/wp-json\/wp\/v2\/product\/68021","targetHints":{"allow":["GET"]}}],"collection":[{"href":"https:\/\/repliquemangacine.fr\/it\/wp-json\/wp\/v2\/product"}],"about":[{"href":"https:\/\/repliquemangacine.fr\/it\/wp-json\/wp\/v2\/types\/product"}],"wp:featuredmedia":[{"embeddable":true,"href":"https:\/\/repliquemangacine.fr\/it\/wp-json\/wp\/v2\/media\/68022"}],"wp:attachment":[{"href":"https:\/\/repliquemangacine.fr\/it\/wp-json\/wp\/v2\/media?parent=68021"}],"wp:term":[{"taxonomy":"product_brand","embeddable":true,"href":"https:\/\/repliquemangacine.fr\/it\/wp-json\/wp\/v2\/product_brand?post=68021"},{"taxonomy":"product_cat","embeddable":true,"href":"https:\/\/repliquemangacine.fr\/it\/wp-json\/wp\/v2\/product_cat?post=68021"},{"taxonomy":"product_tag","embeddable":true,"href":"https:\/\/repliquemangacine.fr\/it\/wp-json\/wp\/v2\/product_tag?post=68021"}],"curies":[{"name":"wp","href":"https:\/\/api.w.org\/{rel}","templated":true}]}}