





{"id":68011,"date":"2024-01-13T15:57:11","date_gmt":"2024-01-13T14:57:11","guid":{"rendered":"https:\/\/repliquemangacine.fr\/?post_type=product&#038;p=68011"},"modified":"2026-03-22T09:25:10","modified_gmt":"2026-03-22T08:25:10","slug":"scudo-hylia-zelda-scudo-hylian","status":"publish","type":"product","link":"https:\/\/repliquemangacine.fr\/it\/epee-zelda\/bouclier-hylia-zelda-bouclier-hylien\/","title":{"rendered":"Scudo in resina Hylia Zelda"},"content":{"rendered":"<h2>Scudo di Hylia: un leggendario simbolo di protezione<\/h2>\n<p>Per cominciare, il <strong>Scudo di Hylia<\/strong>, noto anche come Scudo di Hyrule, oggetto iconico dell'universo di \u201cThe Legend of Zelda\u201d. Presente nel gioco \u201cThe Legend of Zelda: Tears of the Kingdom\u201d. Questo scudo \u00e8 pi\u00f9 di una semplice arma di difesa, \u00e8 un simbolo di coraggio e protezione. La nostra fedele replica, realizzata in resina di alta qualit\u00e0, riproduce ogni dettaglio visto nel gioco, offrendo ai fan un'esperienza coinvolgente. Con il suo design iconico, lo Scudo di Hylia \u00e8 un oggetto da collezione per ogni appassionato di Zelda.<\/p>\n<p>Va sottolineato che la cura nella realizzazione di questa replica dello Scudo di Hylia garantisce la fedelt\u00e0 al modello originale del gioco. I minimi dettagli, dalla Triforza all'aquila di Hyrule, sono riprodotti con precisione, rendendo ogni scudo unico. Questa attenzione ai dettagli lo rende un oggetto da collezione di alta gamma, ideale per i fan che desiderano possedere un pezzo dell'universo di Zelda.<\/p>\n<h2>Lo scudo di Hylian: un prezioso oggetto da collezione<\/h2>\n<p>Le <a href=\"https:\/\/zelda.fandom.com\/fr\/wiki\/Bouclier\">Scudo di Hylian<\/a> \u00e8 un oggetto di desiderio per i collezionisti e i fan di Zelda di tutto il mondo. La sua presenza in \"Tears of the Kingdom\" rafforza il suo status di pezzo chiave della serie. Realizzato con cura in resina resistente, questo scudo non \u00e8 una semplice replica. \u00c8 un'opera d'arte che far\u00e0 la gioia di chi vuole aggiungere un tocco di avventura alla propria collezione. Ogni scudo \u00e8 la testimonianza del nostro impegno per la qualit\u00e0.<\/p>\n<h3>Durata ed estetica di rilievo<\/h3>\n<p>La resina utilizzata per creare lo Scudo di Hylian \u00e8 resistente ed esteticamente gradevole. Infatti, questa combinazione garantisce che lo scudo resista alla prova del tempo mantenendo il suo aspetto imponente. Sia per uso decorativo che per cosplay, questo scudo soddisfer\u00e0 le pi\u00f9 alte aspettative in termini di qualit\u00e0 e design.<\/p>\n<h2>Comprare lo Scudo di Hylia al miglior prezzo<\/h2>\n<p>Lo scudo di Hylia di \"The Legend of Zelda: Tears of the Kingdom\" \u00e8 ora disponibile a un prezzo competitivo. Siamo orgogliosi di offrire questa replica di qualit\u00e0 a un prezzo eccezionale. Permettendo ai fan di Zelda di tutte le tasche di aggiungere questo pezzo iconico alla loro collezione. Il nostro impegno per la convenienza e la qualit\u00e0 ci rende la scelta ideale per i collezionisti che cercano il miglior rapporto qualit\u00e0-prezzo. Quindi, scegliendo il nostro Scudo di Hylia, otterrete un prodotto eccezionale senza compromettere il vostro budget.<\/p>\n<h3>Scoprite le Master Swords di Zelda<\/h3>\n<p>Oltre allo Scudo di Hylia, offriamo anche una gamma di riproduzioni del famoso <a href=\"https:\/\/repliquemangacine.fr\/it\/spada-di-zelda\/spada-master-spada-zelda\/\">Maestro di spada<\/a> di Zelda. Come l'ultimo<a href=\"https:\/\/repliquemangacine.fr\/it\/nuovi-prodotti\/leggendaria-spada-corrosa\/\">Spada leggendaria corrosa<\/a><\/p>\n<p>Ogni spada, come lo scudo, \u00e8 realizzata con particolare attenzione ai dettagli e alla qualit\u00e0. In conclusione, queste spade replica, insieme allo Scudo di Hylia, sono l'aggiunta perfetta alla vostra collezione di Zelda.<\/p>","protected":false},"excerpt":{"rendered":"<p>Replica superba e identica dello scudo di Hylian in \"The Legend of Zelda: Tears of the Kingdom\".<\/p>\n<ul>\n<li>Tutto in resina e fibra di vetro<\/li>\n<li>Gancio per il montaggio a parete<\/li>\n<li>Maniglia e velcro per il trasporto<\/li>\n<li>Dimensioni dello scudo: 63 cm per 45,5 cm<\/li>\n<li>Peso: 3135 g<\/li>\n<\/ul>","protected":false},"featured_media":90876,"template":"","meta":[],"product_brand":[896],"product_cat":[56],"product_tag":[],"class_list":{"0":"post-68011","1":"product","2":"type-product","3":"status-publish","4":"has-post-thumbnail","6":"product_brand-replique-manga-cine","7":"product_cat-epee-zelda","9":"first","10":"instock","11":"taxable","12":"shipping-taxable","13":"purchasable","14":"product-type-simple"},"yoast_head":"<!-- This site is optimized with the Yoast SEO plugin v27.4 - https:\/\/yoast.com\/product\/yoast-seo-wordpress\/ -->\n<title>Bouclier Hylia Zelda en r\u00e9sine | R\u00e9plique Manga Cin\u00e9<\/title>\n<meta name=\"description\" content=\"Obtenez le Bouclier d&#039;Hylia de Zelda \u00e0 un prix imbattable. Qualit\u00e9 sup\u00e9rieure, d\u00e9tails authentiques. Compl\u00e9tez votre collection avec les \u00c9p\u00e9es Master Sword.\" \/>\n<meta name=\"robots\" content=\"index, follow, max-snippet:-1, max-image-preview:large, max-video-preview:-1\" \/>\n<link rel=\"canonical\" href=\"https:\/\/repliquemangacine.fr\/it\/spada-di-zelda\/scudo-hylia-zelda-scudo-hylian\/\" \/>\n<meta property=\"og:locale\" content=\"it_IT\" \/>\n<meta property=\"og:type\" content=\"article\" \/>\n<meta property=\"og:title\" content=\"Bouclier Hylia Zelda en r\u00e9sine | R\u00e9plique Manga Cin\u00e9\" \/>\n<meta property=\"og:description\" content=\"Obtenez le Bouclier d&#039;Hylia de Zelda \u00e0 un prix imbattable. Qualit\u00e9 sup\u00e9rieure, d\u00e9tails authentiques. Compl\u00e9tez votre collection avec les \u00c9p\u00e9es Master Sword.\" \/>\n<meta property=\"og:url\" content=\"https:\/\/repliquemangacine.fr\/it\/spada-di-zelda\/scudo-hylia-zelda-scudo-hylian\/\" \/>\n<meta property=\"og:site_name\" content=\"R\u00e9plique Manga Cin\u00e9\" \/>\n<meta property=\"article:publisher\" content=\"https:\/\/www.facebook.com\/RepliqueMangaCine\" \/>\n<meta property=\"article:modified_time\" content=\"2026-03-22T08:25:10+00:00\" \/>\n<meta property=\"og:image\" content=\"https:\/\/repliquemangacine.fr\/wp-content\/uploads\/2024\/01\/Bouclier-Hylia-Zelda.jpg\" \/>\n\t<meta property=\"og:image:width\" content=\"700\" \/>\n\t<meta property=\"og:image:height\" content=\"700\" \/>\n\t<meta property=\"og:image:type\" content=\"image\/jpeg\" \/>\n<meta name=\"twitter:card\" content=\"summary_large_image\" \/>\n<meta name=\"twitter:label1\" content=\"Tempo di lettura stimato\" \/>\n\t<meta name=\"twitter:data1\" content=\"3 minuti\" \/>\n<script type=\"application\/ld+json\" class=\"yoast-schema-graph\">{\"@context\":\"https:\\\/\\\/schema.org\",\"@graph\":[{\"@type\":\"WebPage\",\"@id\":\"https:\\\/\\\/repliquemangacine.fr\\\/epee-zelda\\\/bouclier-hylia-zelda-bouclier-hylien\\\/\",\"url\":\"https:\\\/\\\/repliquemangacine.fr\\\/epee-zelda\\\/bouclier-hylia-zelda-bouclier-hylien\\\/\",\"name\":\"Bouclier Hylia Zelda en r\u00e9sine | R\u00e9plique Manga Cin\u00e9\",\"isPartOf\":{\"@id\":\"https:\\\/\\\/repliquemangacine.fr\\\/#website\"},\"primaryImageOfPage\":{\"@id\":\"https:\\\/\\\/repliquemangacine.fr\\\/epee-zelda\\\/bouclier-hylia-zelda-bouclier-hylien\\\/#primaryimage\"},\"image\":{\"@id\":\"https:\\\/\\\/repliquemangacine.fr\\\/epee-zelda\\\/bouclier-hylia-zelda-bouclier-hylien\\\/#primaryimage\"},\"thumbnailUrl\":\"https:\\\/\\\/repliquemangacine.fr\\\/wp-content\\\/uploads\\\/2024\\\/01\\\/Bouclier-Hylia-Zelda.jpg\",\"datePublished\":\"2024-01-13T14:57:11+00:00\",\"dateModified\":\"2026-03-22T08:25:10+00:00\",\"description\":\"Obtenez le Bouclier d'Hylia de Zelda \u00e0 un prix imbattable. Qualit\u00e9 sup\u00e9rieure, d\u00e9tails authentiques. Compl\u00e9tez votre collection avec les \u00c9p\u00e9es Master Sword.\",\"breadcrumb\":{\"@id\":\"https:\\\/\\\/repliquemangacine.fr\\\/epee-zelda\\\/bouclier-hylia-zelda-bouclier-hylien\\\/#breadcrumb\"},\"inLanguage\":\"it-IT\",\"potentialAction\":[{\"@type\":\"ReadAction\",\"target\":[\"https:\\\/\\\/repliquemangacine.fr\\\/epee-zelda\\\/bouclier-hylia-zelda-bouclier-hylien\\\/\"]}]},{\"@type\":\"ImageObject\",\"inLanguage\":\"it-IT\",\"@id\":\"https:\\\/\\\/repliquemangacine.fr\\\/epee-zelda\\\/bouclier-hylia-zelda-bouclier-hylien\\\/#primaryimage\",\"url\":\"https:\\\/\\\/repliquemangacine.fr\\\/wp-content\\\/uploads\\\/2024\\\/01\\\/Bouclier-Hylia-Zelda.jpg\",\"contentUrl\":\"https:\\\/\\\/repliquemangacine.fr\\\/wp-content\\\/uploads\\\/2024\\\/01\\\/Bouclier-Hylia-Zelda.jpg\",\"width\":700,\"height\":700,\"caption\":\"Bouclier Hylia Zelda dos du bouclier\"},{\"@type\":\"BreadcrumbList\",\"@id\":\"https:\\\/\\\/repliquemangacine.fr\\\/epee-zelda\\\/bouclier-hylia-zelda-bouclier-hylien\\\/#breadcrumb\",\"itemListElement\":[{\"@type\":\"ListItem\",\"position\":1,\"name\":\"Accueil\",\"item\":\"https:\\\/\\\/repliquemangacine.fr\\\/\"},{\"@type\":\"ListItem\",\"position\":2,\"name\":\"Produits\",\"item\":\"https:\\\/\\\/repliquemangacine.fr\\\/boutique\\\/\"},{\"@type\":\"ListItem\",\"position\":3,\"name\":\"Bouclier Hylia Zelda en r\u00e9sine\"}]},{\"@type\":\"WebSite\",\"@id\":\"https:\\\/\\\/repliquemangacine.fr\\\/#website\",\"url\":\"https:\\\/\\\/repliquemangacine.fr\\\/\",\"name\":\"R\u00e9plique Manga Cin\u00e9\",\"description\":\"\",\"publisher\":{\"@id\":\"https:\\\/\\\/repliquemangacine.fr\\\/#organization\"},\"potentialAction\":[{\"@type\":\"SearchAction\",\"target\":{\"@type\":\"EntryPoint\",\"urlTemplate\":\"https:\\\/\\\/repliquemangacine.fr\\\/?s={search_term_string}\"},\"query-input\":{\"@type\":\"PropertyValueSpecification\",\"valueRequired\":true,\"valueName\":\"search_term_string\"}}],\"inLanguage\":\"it-IT\"},{\"@type\":\"Organization\",\"@id\":\"https:\\\/\\\/repliquemangacine.fr\\\/#organization\",\"name\":\"R\u00e9plique Manga Cin\u00e9\",\"url\":\"https:\\\/\\\/repliquemangacine.fr\\\/\",\"logo\":{\"@type\":\"ImageObject\",\"inLanguage\":\"it-IT\",\"@id\":\"https:\\\/\\\/repliquemangacine.fr\\\/#\\\/schema\\\/logo\\\/image\\\/\",\"url\":\"https:\\\/\\\/repliquemangacine.fr\\\/wp-content\\\/uploads\\\/2023\\\/10\\\/RMC-500250.png\",\"contentUrl\":\"https:\\\/\\\/repliquemangacine.fr\\\/wp-content\\\/uploads\\\/2023\\\/10\\\/RMC-500250.png\",\"width\":500,\"height\":250,\"caption\":\"R\u00e9plique Manga Cin\u00e9\"},\"image\":{\"@id\":\"https:\\\/\\\/repliquemangacine.fr\\\/#\\\/schema\\\/logo\\\/image\\\/\"},\"sameAs\":[\"https:\\\/\\\/www.facebook.com\\\/RepliqueMangaCine\",\"https:\\\/\\\/www.instagram.com\\\/repliquemangacine.fr\\\/\"]}]}<\/script>\n<!-- \/ Yoast SEO plugin. -->","yoast_head_json":{"title":"Scudo in resina Hylia Zelda | R\u00e9plique Manga Cin\u00e9","description":"Scudo Hylia di Zelda ad un prezzo imbattibile. Dettagli autentici e di alta qualit\u00e0. Completate la vostra collezione con le Master Swords.","robots":{"index":"index","follow":"follow","max-snippet":"max-snippet:-1","max-image-preview":"max-image-preview:large","max-video-preview":"max-video-preview:-1"},"canonical":"https:\/\/repliquemangacine.fr\/it\/spada-di-zelda\/scudo-hylia-zelda-scudo-hylian\/","og_locale":"it_IT","og_type":"article","og_title":"Bouclier Hylia Zelda en r\u00e9sine | R\u00e9plique Manga Cin\u00e9","og_description":"Obtenez le Bouclier d'Hylia de Zelda \u00e0 un prix imbattable. Qualit\u00e9 sup\u00e9rieure, d\u00e9tails authentiques. Compl\u00e9tez votre collection avec les \u00c9p\u00e9es Master Sword.","og_url":"https:\/\/repliquemangacine.fr\/it\/spada-di-zelda\/scudo-hylia-zelda-scudo-hylian\/","og_site_name":"R\u00e9plique Manga Cin\u00e9","article_publisher":"https:\/\/www.facebook.com\/RepliqueMangaCine","article_modified_time":"2026-03-22T08:25:10+00:00","og_image":[{"width":700,"height":700,"url":"https:\/\/repliquemangacine.fr\/wp-content\/uploads\/2024\/01\/Bouclier-Hylia-Zelda.jpg","type":"image\/jpeg"}],"twitter_card":"summary_large_image","twitter_misc":{"Tempo di lettura stimato":"3 minuti"},"schema":{"@context":"https:\/\/schema.org","@graph":[{"@type":"WebPage","@id":"https:\/\/repliquemangacine.fr\/epee-zelda\/bouclier-hylia-zelda-bouclier-hylien\/","url":"https:\/\/repliquemangacine.fr\/epee-zelda\/bouclier-hylia-zelda-bouclier-hylien\/","name":"Scudo in resina Hylia Zelda | R\u00e9plique Manga Cin\u00e9","isPartOf":{"@id":"https:\/\/repliquemangacine.fr\/#website"},"primaryImageOfPage":{"@id":"https:\/\/repliquemangacine.fr\/epee-zelda\/bouclier-hylia-zelda-bouclier-hylien\/#primaryimage"},"image":{"@id":"https:\/\/repliquemangacine.fr\/epee-zelda\/bouclier-hylia-zelda-bouclier-hylien\/#primaryimage"},"thumbnailUrl":"https:\/\/repliquemangacine.fr\/wp-content\/uploads\/2024\/01\/Bouclier-Hylia-Zelda.jpg","datePublished":"2024-01-13T14:57:11+00:00","dateModified":"2026-03-22T08:25:10+00:00","description":"Scudo Hylia di Zelda ad un prezzo imbattibile. Dettagli autentici e di alta qualit\u00e0. Completate la vostra collezione con le Master Swords.","breadcrumb":{"@id":"https:\/\/repliquemangacine.fr\/epee-zelda\/bouclier-hylia-zelda-bouclier-hylien\/#breadcrumb"},"inLanguage":"it-IT","potentialAction":[{"@type":"ReadAction","target":["https:\/\/repliquemangacine.fr\/epee-zelda\/bouclier-hylia-zelda-bouclier-hylien\/"]}]},{"@type":"ImageObject","inLanguage":"it-IT","@id":"https:\/\/repliquemangacine.fr\/epee-zelda\/bouclier-hylia-zelda-bouclier-hylien\/#primaryimage","url":"https:\/\/repliquemangacine.fr\/wp-content\/uploads\/2024\/01\/Bouclier-Hylia-Zelda.jpg","contentUrl":"https:\/\/repliquemangacine.fr\/wp-content\/uploads\/2024\/01\/Bouclier-Hylia-Zelda.jpg","width":700,"height":700,"caption":"Bouclier Hylia Zelda dos du bouclier"},{"@type":"BreadcrumbList","@id":"https:\/\/repliquemangacine.fr\/epee-zelda\/bouclier-hylia-zelda-bouclier-hylien\/#breadcrumb","itemListElement":[{"@type":"ListItem","position":1,"name":"Accueil","item":"https:\/\/repliquemangacine.fr\/"},{"@type":"ListItem","position":2,"name":"Produits","item":"https:\/\/repliquemangacine.fr\/boutique\/"},{"@type":"ListItem","position":3,"name":"Bouclier Hylia Zelda en r\u00e9sine"}]},{"@type":"WebSite","@id":"https:\/\/repliquemangacine.fr\/#website","url":"https:\/\/repliquemangacine.fr\/","name":"R\u00e9plique Manga Cin\u00e9","description":"","publisher":{"@id":"https:\/\/repliquemangacine.fr\/#organization"},"potentialAction":[{"@type":"SearchAction","target":{"@type":"EntryPoint","urlTemplate":"https:\/\/repliquemangacine.fr\/?s={search_term_string}"},"query-input":{"@type":"PropertyValueSpecification","valueRequired":true,"valueName":"search_term_string"}}],"inLanguage":"it-IT"},{"@type":"Organization","@id":"https:\/\/repliquemangacine.fr\/#organization","name":"R\u00e9plique Manga Cin\u00e9","url":"https:\/\/repliquemangacine.fr\/","logo":{"@type":"ImageObject","inLanguage":"it-IT","@id":"https:\/\/repliquemangacine.fr\/#\/schema\/logo\/image\/","url":"https:\/\/repliquemangacine.fr\/wp-content\/uploads\/2023\/10\/RMC-500250.png","contentUrl":"https:\/\/repliquemangacine.fr\/wp-content\/uploads\/2023\/10\/RMC-500250.png","width":500,"height":250,"caption":"R\u00e9plique Manga Cin\u00e9"},"image":{"@id":"https:\/\/repliquemangacine.fr\/#\/schema\/logo\/image\/"},"sameAs":["https:\/\/www.facebook.com\/RepliqueMangaCine","https:\/\/www.instagram.com\/repliquemangacine.fr\/"]}]}},"_links":{"self":[{"href":"https:\/\/repliquemangacine.fr\/it\/wp-json\/wp\/v2\/product\/68011","targetHints":{"allow":["GET"]}}],"collection":[{"href":"https:\/\/repliquemangacine.fr\/it\/wp-json\/wp\/v2\/product"}],"about":[{"href":"https:\/\/repliquemangacine.fr\/it\/wp-json\/wp\/v2\/types\/product"}],"wp:featuredmedia":[{"embeddable":true,"href":"https:\/\/repliquemangacine.fr\/it\/wp-json\/wp\/v2\/media\/90876"}],"wp:attachment":[{"href":"https:\/\/repliquemangacine.fr\/it\/wp-json\/wp\/v2\/media?parent=68011"}],"wp:term":[{"taxonomy":"product_brand","embeddable":true,"href":"https:\/\/repliquemangacine.fr\/it\/wp-json\/wp\/v2\/product_brand?post=68011"},{"taxonomy":"product_cat","embeddable":true,"href":"https:\/\/repliquemangacine.fr\/it\/wp-json\/wp\/v2\/product_cat?post=68011"},{"taxonomy":"product_tag","embeddable":true,"href":"https:\/\/repliquemangacine.fr\/it\/wp-json\/wp\/v2\/product_tag?post=68011"}],"curies":[{"name":"wp","href":"https:\/\/api.w.org\/{rel}","templated":true}]}}