





{"id":67958,"date":"2024-01-11T17:28:12","date_gmt":"2024-01-11T16:28:12","guid":{"rendered":"https:\/\/repliquemangacine.fr\/?post_type=product&#038;p=67958"},"modified":"2025-11-18T15:17:17","modified_gmt":"2025-11-18T14:17:17","slug":"mauser-c96-custodia-con-impugnatura","status":"publish","type":"product","link":"https:\/\/repliquemangacine.fr\/it\/reproductions-armes-seconde-guerre-mondiale-denix\/mauser-c96-etui-crosse\/","title":{"rendered":"Fondina Mauser C96"},"content":{"rendered":"<h2>Mauser C96 Etui-Crosse di Denix: un classico reinventato<\/h2>\n<p>Prima di tutto, immergetevi nel mondo delle armi storiche con l'offerta del <strong>Fondina Mauser C96<\/strong>. Questo pezzo emblematico \u00e8 realizzato da Denix, un marchio rinomato per la sua esperienza. Un must per i collezionisti e gli amanti della storia militare. Fedele all'originale, questa replica offre un sorprendente realismo, combinando bellezza e autenticit\u00e0. Il Mauser C96 con calcio si distingue per il suo design elegante e la sua ricca storia, che lo rendono perfetto per arricchire la propria collezione o come regalo unico per un appassionato.<\/p>\n<h3>Altre icone della storia militare<\/h3>\n<p>Oltre al Mauser C96, scoprite le repliche di altre armi leggendarie come la<a href=\"https:\/\/repliquemangacine.fr\/it\/riproduzione-armi-seconda-guerra-mondiale-denix\/fucile-m1-garand\/\"> Fucile Garand M1<\/a> e il <a href=\"https:\/\/repliquemangacine.fr\/it\/denix\/mitragliatrice-subacquea-mp40\/\">Pistola mitragliatrice MP40<\/a>disponibile anche su R\u00e9plique Manga Cin\u00e9. Queste armi hanno avuto un ruolo cruciale negli sbarchi e nelle battaglie della Seconda Guerra Mondiale, catturando l'essenza di quel periodo storico.<\/p>\n<h2>Qualit\u00e0 e finitura: La promessa di Denix<\/h2>\n<p>Noi di RMC capiamo l'importanza della qualit\u00e0. Ecco perch\u00e9 abbiamo scelto il Mauser C96 di <a href=\"https:\/\/www.denix.fr\/fr\/catalogue\/guerres-mondiales-1914-1945\/pistolets\/1025\/\" target=\"_blank\" rel=\"noopener noreferrer\">Denix<\/a>un marchio rinomato per le sue finiture impeccabili. Infatti, ogni replica \u00e8 progettata con una meticolosa attenzione ai dettagli. Garantendo una straordinaria somiglianza con l'arma originale. Che siate rievocatori storici, collezionisti o semplicemente amanti di pezzi eccezionali, questa replica vi colpir\u00e0 per la sua qualit\u00e0 e autenticit\u00e0.<\/p>\n<h3>Denix: la perfezione nei dettagli<\/h3>\n<p>Le repliche Denix si distinguono per l'attenzione ai dettagli. Le texture, i pesi e i meccanismi sono progettati per riprodurre fedelmente l'esperienza di un'arma reale, offrendo un'immersione totale nella storia.<\/p>\n<h2>Fondina Mauser C96: il miglior prezzo per un valore imbattibile<\/h2>\n<p>RMC si impegna ad offrirvi la <strong>Fondina Mauser C96<\/strong> a un prezzo competitivo, senza compromettere la qualit\u00e0. Crediamo che ogni appassionato meriti di avere accesso a repliche eccezionali. Ecco perch\u00e9 offriamo questo capolavoro a un prezzo accessibile. Inoltre, investire in questa replica significa scegliere un oggetto da collezione di alta qualit\u00e0 a un valore imbattibile. Acquistando da noi, non beneficerete solo di un prodotto eccezionale, ma anche di un servizio clienti esperto e dedicato, pronto ad accompagnarvi nella vostra passione per le repliche storiche.<\/p>\n<h3>Esplora l'intera gamma<\/h3>\n<p>Scoprite la gamma completa di repliche storiche su R\u00e9plique Manga Cin\u00e9. Include non solo il Mauser C96, ma anche armi iconiche come il <a href=\"https:\/\/repliquemangacine.fr\/it\/denix\/colt-m1911a1-calcio-smontabile-denix-checkered\/\">Colt M1911A1<\/a> rimovibile. Ogni replica \u00e8 una finestra aperta sulla storia, che offre un'esperienza unica e coinvolgente.<\/p>","protected":false},"excerpt":{"rendered":"<p>Riproduzione identica della pistola semiautomatica Mauser C96 del 1896 con fondina.<\/p>\n<ul>\n<li>La carcassa \u00e8 in Zamac.<\/li>\n<li>Piatti in legno massiccio marrone scuro.<\/li>\n<li>Si arma e colpisce, ma non \u00e8 assolutamente in grado di sparare.<\/li>\n<li>Custodia in legno tinto<\/li>\n<li>Guida per il montaggio del calcio<\/li>\n<li>Non \u00e8 richiesta alcuna autorizzazione. Vendita e possesso gratuiti<\/li>\n<li>Dimensioni: 32 cm - 65 cm con custodia per spazzole<\/li>\n<li>Peso dell'arma: 1120 grammi - Peso della fondina e della pistola: 1541 g<\/li>\n<\/ul>","protected":false},"featured_media":67960,"template":"","meta":[],"product_brand":[896],"product_cat":[102,54,40,28,76],"product_tag":[],"class_list":{"0":"post-67958","1":"product","2":"type-product","3":"status-publish","4":"has-post-thumbnail","6":"product_brand-replique-manga-cine","7":"product_cat-denix","8":"product_cat-armes-accessoires-guerre-mondiale","9":"product_cat-pistolet-moderne","10":"product_cat-repliques-darmes","11":"product_cat-reproductions-armes-seconde-guerre-mondiale-denix","13":"first","14":"instock","15":"taxable","16":"shipping-taxable","17":"purchasable","18":"product-type-simple"},"yoast_head":"<!-- This site is optimized with the Yoast SEO plugin v27.4 - https:\/\/yoast.com\/product\/yoast-seo-wordpress\/ -->\n<title>Mauser C96 Etui-Crosse - R\u00e9plique Manga Cin\u00e9<\/title>\n<meta name=\"description\" content=\"D\u00e9couvrez des r\u00e9pliques uniques chez RMC : Mauser C96 Etui-Crosse, Garand M1, MP40. Haute Qualit\u00e9, prix comp\u00e9titifs, immersion historique garantie.\" \/>\n<meta name=\"robots\" content=\"index, follow, max-snippet:-1, max-image-preview:large, max-video-preview:-1\" \/>\n<link rel=\"canonical\" href=\"https:\/\/repliquemangacine.fr\/it\/riproduzione-armi-seconda-guerra-mondiale-denix\/mauser-c96-custodia-con-impugnatura\/\" \/>\n<meta property=\"og:locale\" content=\"it_IT\" \/>\n<meta property=\"og:type\" content=\"article\" \/>\n<meta property=\"og:title\" content=\"Mauser C96 Etui-Crosse - R\u00e9plique Manga Cin\u00e9\" \/>\n<meta property=\"og:description\" content=\"D\u00e9couvrez des r\u00e9pliques uniques chez RMC : Mauser C96 Etui-Crosse, Garand M1, MP40. Haute Qualit\u00e9, prix comp\u00e9titifs, immersion historique garantie.\" \/>\n<meta property=\"og:url\" content=\"https:\/\/repliquemangacine.fr\/it\/riproduzione-armi-seconda-guerra-mondiale-denix\/mauser-c96-custodia-con-impugnatura\/\" \/>\n<meta property=\"og:site_name\" content=\"R\u00e9plique Manga Cin\u00e9\" \/>\n<meta property=\"article:publisher\" content=\"https:\/\/www.facebook.com\/RepliqueMangaCine\" \/>\n<meta property=\"article:modified_time\" content=\"2025-11-18T14:17:17+00:00\" \/>\n<meta property=\"og:image\" content=\"https:\/\/repliquemangacine.fr\/wp-content\/uploads\/2024\/01\/Pistolet-mauser-C96-avec-crosse-en-bois-amovible.jpg\" \/>\n\t<meta property=\"og:image:width\" content=\"500\" \/>\n\t<meta property=\"og:image:height\" content=\"500\" \/>\n\t<meta property=\"og:image:type\" content=\"image\/jpeg\" \/>\n<meta name=\"twitter:card\" content=\"summary_large_image\" \/>\n<meta name=\"twitter:label1\" content=\"Tempo di lettura stimato\" \/>\n\t<meta name=\"twitter:data1\" content=\"3 minuti\" \/>\n<script type=\"application\/ld+json\" class=\"yoast-schema-graph\">{\"@context\":\"https:\\\/\\\/schema.org\",\"@graph\":[{\"@type\":\"WebPage\",\"@id\":\"https:\\\/\\\/repliquemangacine.fr\\\/reproductions-armes-seconde-guerre-mondiale-denix\\\/mauser-c96-etui-crosse\\\/\",\"url\":\"https:\\\/\\\/repliquemangacine.fr\\\/reproductions-armes-seconde-guerre-mondiale-denix\\\/mauser-c96-etui-crosse\\\/\",\"name\":\"Mauser C96 Etui-Crosse - R\u00e9plique Manga Cin\u00e9\",\"isPartOf\":{\"@id\":\"https:\\\/\\\/repliquemangacine.fr\\\/#website\"},\"primaryImageOfPage\":{\"@id\":\"https:\\\/\\\/repliquemangacine.fr\\\/reproductions-armes-seconde-guerre-mondiale-denix\\\/mauser-c96-etui-crosse\\\/#primaryimage\"},\"image\":{\"@id\":\"https:\\\/\\\/repliquemangacine.fr\\\/reproductions-armes-seconde-guerre-mondiale-denix\\\/mauser-c96-etui-crosse\\\/#primaryimage\"},\"thumbnailUrl\":\"https:\\\/\\\/repliquemangacine.fr\\\/wp-content\\\/uploads\\\/2024\\\/01\\\/Pistolet-mauser-C96-avec-crosse-en-bois-amovible.jpg\",\"datePublished\":\"2024-01-11T16:28:12+00:00\",\"dateModified\":\"2025-11-18T14:17:17+00:00\",\"description\":\"D\u00e9couvrez des r\u00e9pliques uniques chez RMC : Mauser C96 Etui-Crosse, Garand M1, MP40. Haute Qualit\u00e9, prix comp\u00e9titifs, immersion historique garantie.\",\"breadcrumb\":{\"@id\":\"https:\\\/\\\/repliquemangacine.fr\\\/reproductions-armes-seconde-guerre-mondiale-denix\\\/mauser-c96-etui-crosse\\\/#breadcrumb\"},\"inLanguage\":\"it-IT\",\"potentialAction\":[{\"@type\":\"ReadAction\",\"target\":[\"https:\\\/\\\/repliquemangacine.fr\\\/reproductions-armes-seconde-guerre-mondiale-denix\\\/mauser-c96-etui-crosse\\\/\"]}]},{\"@type\":\"ImageObject\",\"inLanguage\":\"it-IT\",\"@id\":\"https:\\\/\\\/repliquemangacine.fr\\\/reproductions-armes-seconde-guerre-mondiale-denix\\\/mauser-c96-etui-crosse\\\/#primaryimage\",\"url\":\"https:\\\/\\\/repliquemangacine.fr\\\/wp-content\\\/uploads\\\/2024\\\/01\\\/Pistolet-mauser-C96-avec-crosse-en-bois-amovible.jpg\",\"contentUrl\":\"https:\\\/\\\/repliquemangacine.fr\\\/wp-content\\\/uploads\\\/2024\\\/01\\\/Pistolet-mauser-C96-avec-crosse-en-bois-amovible.jpg\",\"width\":500,\"height\":500,\"caption\":\"Mauser C96 Etui-Crosse amovible\"},{\"@type\":\"BreadcrumbList\",\"@id\":\"https:\\\/\\\/repliquemangacine.fr\\\/reproductions-armes-seconde-guerre-mondiale-denix\\\/mauser-c96-etui-crosse\\\/#breadcrumb\",\"itemListElement\":[{\"@type\":\"ListItem\",\"position\":1,\"name\":\"Accueil\",\"item\":\"https:\\\/\\\/repliquemangacine.fr\\\/\"},{\"@type\":\"ListItem\",\"position\":2,\"name\":\"Produits\",\"item\":\"https:\\\/\\\/repliquemangacine.fr\\\/boutique\\\/\"},{\"@type\":\"ListItem\",\"position\":3,\"name\":\"Mauser C96 Etui-Crosse\"}]},{\"@type\":\"WebSite\",\"@id\":\"https:\\\/\\\/repliquemangacine.fr\\\/#website\",\"url\":\"https:\\\/\\\/repliquemangacine.fr\\\/\",\"name\":\"R\u00e9plique Manga Cin\u00e9\",\"description\":\"\",\"publisher\":{\"@id\":\"https:\\\/\\\/repliquemangacine.fr\\\/#organization\"},\"potentialAction\":[{\"@type\":\"SearchAction\",\"target\":{\"@type\":\"EntryPoint\",\"urlTemplate\":\"https:\\\/\\\/repliquemangacine.fr\\\/?s={search_term_string}\"},\"query-input\":{\"@type\":\"PropertyValueSpecification\",\"valueRequired\":true,\"valueName\":\"search_term_string\"}}],\"inLanguage\":\"it-IT\"},{\"@type\":\"Organization\",\"@id\":\"https:\\\/\\\/repliquemangacine.fr\\\/#organization\",\"name\":\"R\u00e9plique Manga Cin\u00e9\",\"url\":\"https:\\\/\\\/repliquemangacine.fr\\\/\",\"logo\":{\"@type\":\"ImageObject\",\"inLanguage\":\"it-IT\",\"@id\":\"https:\\\/\\\/repliquemangacine.fr\\\/#\\\/schema\\\/logo\\\/image\\\/\",\"url\":\"https:\\\/\\\/repliquemangacine.fr\\\/wp-content\\\/uploads\\\/2023\\\/10\\\/RMC-500250.png\",\"contentUrl\":\"https:\\\/\\\/repliquemangacine.fr\\\/wp-content\\\/uploads\\\/2023\\\/10\\\/RMC-500250.png\",\"width\":500,\"height\":250,\"caption\":\"R\u00e9plique Manga Cin\u00e9\"},\"image\":{\"@id\":\"https:\\\/\\\/repliquemangacine.fr\\\/#\\\/schema\\\/logo\\\/image\\\/\"},\"sameAs\":[\"https:\\\/\\\/www.facebook.com\\\/RepliqueMangaCine\",\"https:\\\/\\\/www.instagram.com\\\/repliquemangacine.fr\\\/\"]}]}<\/script>\n<!-- \/ Yoast SEO plugin. -->","yoast_head_json":{"title":"Fondina Mauser C96 - R\u00e9plique Manga Cin\u00e9","description":"Scoprite le repliche uniche di RMC: Mauser C96 Etui-Crosse, Garand M1, MP40. Alta qualit\u00e0, prezzi competitivi, immersione storica garantita.","robots":{"index":"index","follow":"follow","max-snippet":"max-snippet:-1","max-image-preview":"max-image-preview:large","max-video-preview":"max-video-preview:-1"},"canonical":"https:\/\/repliquemangacine.fr\/it\/riproduzione-armi-seconda-guerra-mondiale-denix\/mauser-c96-custodia-con-impugnatura\/","og_locale":"it_IT","og_type":"article","og_title":"Mauser C96 Etui-Crosse - R\u00e9plique Manga Cin\u00e9","og_description":"D\u00e9couvrez des r\u00e9pliques uniques chez RMC : Mauser C96 Etui-Crosse, Garand M1, MP40. Haute Qualit\u00e9, prix comp\u00e9titifs, immersion historique garantie.","og_url":"https:\/\/repliquemangacine.fr\/it\/riproduzione-armi-seconda-guerra-mondiale-denix\/mauser-c96-custodia-con-impugnatura\/","og_site_name":"R\u00e9plique Manga Cin\u00e9","article_publisher":"https:\/\/www.facebook.com\/RepliqueMangaCine","article_modified_time":"2025-11-18T14:17:17+00:00","og_image":[{"width":500,"height":500,"url":"https:\/\/repliquemangacine.fr\/wp-content\/uploads\/2024\/01\/Pistolet-mauser-C96-avec-crosse-en-bois-amovible.jpg","type":"image\/jpeg"}],"twitter_card":"summary_large_image","twitter_misc":{"Tempo di lettura stimato":"3 minuti"},"schema":{"@context":"https:\/\/schema.org","@graph":[{"@type":"WebPage","@id":"https:\/\/repliquemangacine.fr\/reproductions-armes-seconde-guerre-mondiale-denix\/mauser-c96-etui-crosse\/","url":"https:\/\/repliquemangacine.fr\/reproductions-armes-seconde-guerre-mondiale-denix\/mauser-c96-etui-crosse\/","name":"Fondina Mauser C96 - R\u00e9plique Manga Cin\u00e9","isPartOf":{"@id":"https:\/\/repliquemangacine.fr\/#website"},"primaryImageOfPage":{"@id":"https:\/\/repliquemangacine.fr\/reproductions-armes-seconde-guerre-mondiale-denix\/mauser-c96-etui-crosse\/#primaryimage"},"image":{"@id":"https:\/\/repliquemangacine.fr\/reproductions-armes-seconde-guerre-mondiale-denix\/mauser-c96-etui-crosse\/#primaryimage"},"thumbnailUrl":"https:\/\/repliquemangacine.fr\/wp-content\/uploads\/2024\/01\/Pistolet-mauser-C96-avec-crosse-en-bois-amovible.jpg","datePublished":"2024-01-11T16:28:12+00:00","dateModified":"2025-11-18T14:17:17+00:00","description":"Scoprite le repliche uniche di RMC: Mauser C96 Etui-Crosse, Garand M1, MP40. Alta qualit\u00e0, prezzi competitivi, immersione storica garantita.","breadcrumb":{"@id":"https:\/\/repliquemangacine.fr\/reproductions-armes-seconde-guerre-mondiale-denix\/mauser-c96-etui-crosse\/#breadcrumb"},"inLanguage":"it-IT","potentialAction":[{"@type":"ReadAction","target":["https:\/\/repliquemangacine.fr\/reproductions-armes-seconde-guerre-mondiale-denix\/mauser-c96-etui-crosse\/"]}]},{"@type":"ImageObject","inLanguage":"it-IT","@id":"https:\/\/repliquemangacine.fr\/reproductions-armes-seconde-guerre-mondiale-denix\/mauser-c96-etui-crosse\/#primaryimage","url":"https:\/\/repliquemangacine.fr\/wp-content\/uploads\/2024\/01\/Pistolet-mauser-C96-avec-crosse-en-bois-amovible.jpg","contentUrl":"https:\/\/repliquemangacine.fr\/wp-content\/uploads\/2024\/01\/Pistolet-mauser-C96-avec-crosse-en-bois-amovible.jpg","width":500,"height":500,"caption":"Mauser C96 Etui-Crosse amovible"},{"@type":"BreadcrumbList","@id":"https:\/\/repliquemangacine.fr\/reproductions-armes-seconde-guerre-mondiale-denix\/mauser-c96-etui-crosse\/#breadcrumb","itemListElement":[{"@type":"ListItem","position":1,"name":"Accueil","item":"https:\/\/repliquemangacine.fr\/"},{"@type":"ListItem","position":2,"name":"Produits","item":"https:\/\/repliquemangacine.fr\/boutique\/"},{"@type":"ListItem","position":3,"name":"Mauser C96 Etui-Crosse"}]},{"@type":"WebSite","@id":"https:\/\/repliquemangacine.fr\/#website","url":"https:\/\/repliquemangacine.fr\/","name":"R\u00e9plique Manga Cin\u00e9","description":"","publisher":{"@id":"https:\/\/repliquemangacine.fr\/#organization"},"potentialAction":[{"@type":"SearchAction","target":{"@type":"EntryPoint","urlTemplate":"https:\/\/repliquemangacine.fr\/?s={search_term_string}"},"query-input":{"@type":"PropertyValueSpecification","valueRequired":true,"valueName":"search_term_string"}}],"inLanguage":"it-IT"},{"@type":"Organization","@id":"https:\/\/repliquemangacine.fr\/#organization","name":"R\u00e9plique Manga Cin\u00e9","url":"https:\/\/repliquemangacine.fr\/","logo":{"@type":"ImageObject","inLanguage":"it-IT","@id":"https:\/\/repliquemangacine.fr\/#\/schema\/logo\/image\/","url":"https:\/\/repliquemangacine.fr\/wp-content\/uploads\/2023\/10\/RMC-500250.png","contentUrl":"https:\/\/repliquemangacine.fr\/wp-content\/uploads\/2023\/10\/RMC-500250.png","width":500,"height":250,"caption":"R\u00e9plique Manga Cin\u00e9"},"image":{"@id":"https:\/\/repliquemangacine.fr\/#\/schema\/logo\/image\/"},"sameAs":["https:\/\/www.facebook.com\/RepliqueMangaCine","https:\/\/www.instagram.com\/repliquemangacine.fr\/"]}]}},"_links":{"self":[{"href":"https:\/\/repliquemangacine.fr\/it\/wp-json\/wp\/v2\/product\/67958","targetHints":{"allow":["GET"]}}],"collection":[{"href":"https:\/\/repliquemangacine.fr\/it\/wp-json\/wp\/v2\/product"}],"about":[{"href":"https:\/\/repliquemangacine.fr\/it\/wp-json\/wp\/v2\/types\/product"}],"wp:featuredmedia":[{"embeddable":true,"href":"https:\/\/repliquemangacine.fr\/it\/wp-json\/wp\/v2\/media\/67960"}],"wp:attachment":[{"href":"https:\/\/repliquemangacine.fr\/it\/wp-json\/wp\/v2\/media?parent=67958"}],"wp:term":[{"taxonomy":"product_brand","embeddable":true,"href":"https:\/\/repliquemangacine.fr\/it\/wp-json\/wp\/v2\/product_brand?post=67958"},{"taxonomy":"product_cat","embeddable":true,"href":"https:\/\/repliquemangacine.fr\/it\/wp-json\/wp\/v2\/product_cat?post=67958"},{"taxonomy":"product_tag","embeddable":true,"href":"https:\/\/repliquemangacine.fr\/it\/wp-json\/wp\/v2\/product_tag?post=67958"}],"curies":[{"name":"wp","href":"https:\/\/api.w.org\/{rel}","templated":true}]}}