





{"id":67885,"date":"2024-01-09T17:57:50","date_gmt":"2024-01-09T16:57:50","guid":{"rendered":"https:\/\/repliquemangacine.fr\/?post_type=product&#038;p=67885"},"modified":"2026-03-19T17:11:44","modified_gmt":"2026-03-19T16:11:44","slug":"animali-fantastici-niffleur-peluche","status":"publish","type":"product","link":"https:\/\/repliquemangacine.fr\/it\/les-animaux-fantastiques\/peluche-niffleur-les-animaux-fantastiques\/","title":{"rendered":"Peluche Niffleur - Bestie Fantastiche"},"content":{"rendered":"<h2>Peluche Niffleur: il fedele compagno dei fan di Animali Fantastici<\/h2>\n<p>Per cominciare, se siete fan delle creature magiche di Bestie Fantastiche, allora il nostro <strong>Peluche Niffleur<\/strong> \u00e8 un must per la vostra collezione. Siamo lieti di presentarvi questo adorabile peluche ispirato alla <a href=\"https:\/\/harrypotter.fandom.com\/fr\/wiki\/Niffleur\" target=\"_blank\" rel=\"noopener noreferrer\">Niffler.<\/a> Questa creatura maliziosa ama gli oggetti luccicanti del mondo magico. Incarna lo spirito avventuroso e giocoso di questo universo magico e far\u00e0 sicuramente la gioia di tutti i fan di Bestie Fantastiche.<\/p>\n<h3>Scoprite il nostro peluche Niffleur in Bestie fantastiche<\/h3>\n<p>Infatti, il nostro peluche cattura perfettamente l'aspetto e la personalit\u00e0 maliziosa di questa creatura amata dai fan. Con i suoi occhi curiosi e la tendenza a cercare tesori, il Niffler \u00e8 diventato uno dei personaggi preferiti di Animali Fantastici. Anche se non ufficiale, \u00e8 stato progettato con grande attenzione ai dettagli per offrire una replica di qualit\u00e0.<\/p>\n<h2>Peluche Niffleur a buon mercato: un compagno birichino a un prezzo conveniente<\/h2>\n<p>Se avete sempre sognato di adottare un Niffleur, una creatura birichina, senza spendere una fortuna, siete nel posto giusto! Vi presentiamo il nostro <strong>Peluche Niffleur<\/strong> economica. Inoltre, un'opzione economica per tutti gli amanti delle creature magiche.<\/p>\n<p>Niffleur cattura lo spirito giocoso e malizioso di questa creatura alla ricerca di oggetti luccicanti. Con i suoi occhi curiosi e il suo sguardo malizioso, \u00e8 difficile non soccombere al suo fascino.<\/p>\n<h3>Adotta il tuo Niffleur: un peluche economico e irresistibile!<\/h3>\n<p>\u00c8 importante notare che il nostro <strong>Peluche Niffleur<\/strong> non \u00e8 un'edizione ufficiale, ma \u00e8 stata realizzata con attenzione ai dettagli e alla qualit\u00e0.<\/p>\n<p>Che desideriate ampliare la vostra collezione di creature magiche o fare un regalo magico a un amico, il nostro <strong>Peluche Niffleur<\/strong> \u00e8 una scelta perfetta. Incarna l'incantevole mondo delle Bestie Fantastiche pur rimanendo nel budget a disposizione.<\/p>\n<h2>Bacchette magiche Animali fantastici: Magia delle creature<\/h2>\n<p>Immergetevi nel mondo incantato di Fantastic Beasts con la nostra collezione unica di bacchette magiche ispirate agli iconici personaggi della serie di film. Vi offriamo quindi la nostra gamma completa di bacchette appositamente progettate per i fan di Bestie Fantastiche. Ciascuna delle nostre bacchette incarna la magia degli eroi e delle eroine di questo incantevole universo.<\/p>\n<h3>Esplora la nostra collezione di bacchette per personaggi<\/h3>\n<p>Se siete affascinati dalle avventure di <a href=\"https:\/\/repliquemangacine.fr\/it\/animali-fantastici\/bacchetta-norbert-dragonneau-anima-in-metallo\/\">Newt Scamander<\/a>Tina Goldstein, cos\u00ec come <a href=\"https:\/\/repliquemangacine.fr\/it\/animali-fantastici\/animali-fantastici-a-bacchetta-di-queenie-goldstein\/\">La bacchetta di Queenie Goldstein<\/a>, o altri personaggi memorabili. Le nostre bacchette rendono omaggio alla loro essenza magica. Ogni bacchetta \u00e8 una fedele replica dei modelli utilizzati nei film, con una meticolosa attenzione ai dettagli.<\/p>\n<p>Che tu sia un collezionista o un amante della magia, le nostre bacchette sono un modo affascinante per entrare in contatto con questo straordinario universo.<\/p>\n<p>In conclusione, arricchite la vostra collezione e vivete la magia dei vostri personaggi preferiti.<\/p>","protected":false},"excerpt":{"rendered":"<p>Superba replica non ufficiale del peluche Niffleur di Animali Fantastici.<\/p>\n<ul>\n<li>Tutta la fibra di poliestere<\/li>\n<li>Altezza: 23 cm<\/li>\n<li>Pulizia delle superfici solo a mano<\/li>\n<li><strong>Non adatto a bambini di et\u00e0 inferiore a 36 mesi<\/strong><\/li>\n<\/ul>","protected":false},"featured_media":67886,"template":"","meta":[],"product_brand":[896],"product_cat":[104],"product_tag":[],"class_list":{"0":"post-67885","1":"product","2":"type-product","3":"status-publish","4":"has-post-thumbnail","6":"product_brand-replique-manga-cine","7":"product_cat-les-animaux-fantastiques","9":"first","10":"instock","11":"taxable","12":"shipping-taxable","13":"purchasable","14":"product-type-simple"},"yoast_head":"<!-- This site is optimized with the Yoast SEO plugin v27.4 - https:\/\/yoast.com\/product\/yoast-seo-wordpress\/ -->\n<title>Peluche Niffleur - Les Animaux Fantastiques - R\u00e9plique Manga Cin\u00e9<\/title>\n<meta name=\"description\" content=\"Venez d\u00e9couvrir cette Peluche Niffleur des Animaux Fantastiques au meilleur prix. Tout en fibres Polyester. Hauteur : 23 cm. Envoi 24\/48h\" \/>\n<meta name=\"robots\" content=\"index, follow, max-snippet:-1, max-image-preview:large, max-video-preview:-1\" \/>\n<link rel=\"canonical\" href=\"https:\/\/repliquemangacine.fr\/it\/animali-fantastici\/animali-fantastici-niffleur-peluche\/\" \/>\n<meta property=\"og:locale\" content=\"it_IT\" \/>\n<meta property=\"og:type\" content=\"article\" \/>\n<meta property=\"og:title\" content=\"Peluche Niffleur - Les Animaux Fantastiques - R\u00e9plique Manga Cin\u00e9\" \/>\n<meta property=\"og:description\" content=\"Venez d\u00e9couvrir cette Peluche Niffleur des Animaux Fantastiques au meilleur prix. Tout en fibres Polyester. Hauteur : 23 cm. Envoi 24\/48h\" \/>\n<meta property=\"og:url\" content=\"https:\/\/repliquemangacine.fr\/it\/animali-fantastici\/animali-fantastici-niffleur-peluche\/\" \/>\n<meta property=\"og:site_name\" content=\"R\u00e9plique Manga Cin\u00e9\" \/>\n<meta property=\"article:publisher\" content=\"https:\/\/www.facebook.com\/RepliqueMangaCine\" \/>\n<meta property=\"article:modified_time\" content=\"2026-03-19T16:11:44+00:00\" \/>\n<meta property=\"og:image\" content=\"https:\/\/repliquemangacine.fr\/wp-content\/uploads\/2024\/01\/peluche-niffleur.jpg\" \/>\n\t<meta property=\"og:image:width\" content=\"500\" \/>\n\t<meta property=\"og:image:height\" content=\"500\" \/>\n\t<meta property=\"og:image:type\" content=\"image\/jpeg\" \/>\n<meta name=\"twitter:card\" content=\"summary_large_image\" \/>\n<meta name=\"twitter:label1\" content=\"Tempo di lettura stimato\" \/>\n\t<meta name=\"twitter:data1\" content=\"3 minuti\" \/>\n<script type=\"application\/ld+json\" class=\"yoast-schema-graph\">{\"@context\":\"https:\\\/\\\/schema.org\",\"@graph\":[{\"@type\":\"WebPage\",\"@id\":\"https:\\\/\\\/repliquemangacine.fr\\\/les-animaux-fantastiques\\\/peluche-niffleur-les-animaux-fantastiques\\\/\",\"url\":\"https:\\\/\\\/repliquemangacine.fr\\\/les-animaux-fantastiques\\\/peluche-niffleur-les-animaux-fantastiques\\\/\",\"name\":\"Peluche Niffleur - Les Animaux Fantastiques - R\u00e9plique Manga Cin\u00e9\",\"isPartOf\":{\"@id\":\"https:\\\/\\\/repliquemangacine.fr\\\/#website\"},\"primaryImageOfPage\":{\"@id\":\"https:\\\/\\\/repliquemangacine.fr\\\/les-animaux-fantastiques\\\/peluche-niffleur-les-animaux-fantastiques\\\/#primaryimage\"},\"image\":{\"@id\":\"https:\\\/\\\/repliquemangacine.fr\\\/les-animaux-fantastiques\\\/peluche-niffleur-les-animaux-fantastiques\\\/#primaryimage\"},\"thumbnailUrl\":\"https:\\\/\\\/repliquemangacine.fr\\\/wp-content\\\/uploads\\\/2024\\\/01\\\/peluche-niffleur.jpg\",\"datePublished\":\"2024-01-09T16:57:50+00:00\",\"dateModified\":\"2026-03-19T16:11:44+00:00\",\"description\":\"Venez d\u00e9couvrir cette Peluche Niffleur des Animaux Fantastiques au meilleur prix. Tout en fibres Polyester. Hauteur : 23 cm. Envoi 24\\\/48h\",\"breadcrumb\":{\"@id\":\"https:\\\/\\\/repliquemangacine.fr\\\/les-animaux-fantastiques\\\/peluche-niffleur-les-animaux-fantastiques\\\/#breadcrumb\"},\"inLanguage\":\"it-IT\",\"potentialAction\":[{\"@type\":\"ReadAction\",\"target\":[\"https:\\\/\\\/repliquemangacine.fr\\\/les-animaux-fantastiques\\\/peluche-niffleur-les-animaux-fantastiques\\\/\"]}]},{\"@type\":\"ImageObject\",\"inLanguage\":\"it-IT\",\"@id\":\"https:\\\/\\\/repliquemangacine.fr\\\/les-animaux-fantastiques\\\/peluche-niffleur-les-animaux-fantastiques\\\/#primaryimage\",\"url\":\"https:\\\/\\\/repliquemangacine.fr\\\/wp-content\\\/uploads\\\/2024\\\/01\\\/peluche-niffleur.jpg\",\"contentUrl\":\"https:\\\/\\\/repliquemangacine.fr\\\/wp-content\\\/uploads\\\/2024\\\/01\\\/peluche-niffleur.jpg\",\"width\":500,\"height\":500,\"caption\":\"Peluche Niffleur des Animaux Fantastiques\"},{\"@type\":\"BreadcrumbList\",\"@id\":\"https:\\\/\\\/repliquemangacine.fr\\\/les-animaux-fantastiques\\\/peluche-niffleur-les-animaux-fantastiques\\\/#breadcrumb\",\"itemListElement\":[{\"@type\":\"ListItem\",\"position\":1,\"name\":\"Accueil\",\"item\":\"https:\\\/\\\/repliquemangacine.fr\\\/\"},{\"@type\":\"ListItem\",\"position\":2,\"name\":\"Produits\",\"item\":\"https:\\\/\\\/repliquemangacine.fr\\\/boutique\\\/\"},{\"@type\":\"ListItem\",\"position\":3,\"name\":\"Peluche Niffleur &#8211; Les Animaux Fantastiques\"}]},{\"@type\":\"WebSite\",\"@id\":\"https:\\\/\\\/repliquemangacine.fr\\\/#website\",\"url\":\"https:\\\/\\\/repliquemangacine.fr\\\/\",\"name\":\"R\u00e9plique Manga Cin\u00e9\",\"description\":\"\",\"publisher\":{\"@id\":\"https:\\\/\\\/repliquemangacine.fr\\\/#organization\"},\"potentialAction\":[{\"@type\":\"SearchAction\",\"target\":{\"@type\":\"EntryPoint\",\"urlTemplate\":\"https:\\\/\\\/repliquemangacine.fr\\\/?s={search_term_string}\"},\"query-input\":{\"@type\":\"PropertyValueSpecification\",\"valueRequired\":true,\"valueName\":\"search_term_string\"}}],\"inLanguage\":\"it-IT\"},{\"@type\":\"Organization\",\"@id\":\"https:\\\/\\\/repliquemangacine.fr\\\/#organization\",\"name\":\"R\u00e9plique Manga Cin\u00e9\",\"url\":\"https:\\\/\\\/repliquemangacine.fr\\\/\",\"logo\":{\"@type\":\"ImageObject\",\"inLanguage\":\"it-IT\",\"@id\":\"https:\\\/\\\/repliquemangacine.fr\\\/#\\\/schema\\\/logo\\\/image\\\/\",\"url\":\"https:\\\/\\\/repliquemangacine.fr\\\/wp-content\\\/uploads\\\/2023\\\/10\\\/RMC-500250.png\",\"contentUrl\":\"https:\\\/\\\/repliquemangacine.fr\\\/wp-content\\\/uploads\\\/2023\\\/10\\\/RMC-500250.png\",\"width\":500,\"height\":250,\"caption\":\"R\u00e9plique Manga Cin\u00e9\"},\"image\":{\"@id\":\"https:\\\/\\\/repliquemangacine.fr\\\/#\\\/schema\\\/logo\\\/image\\\/\"},\"sameAs\":[\"https:\\\/\\\/www.facebook.com\\\/RepliqueMangaCine\",\"https:\\\/\\\/www.instagram.com\\\/repliquemangacine.fr\\\/\"]}]}<\/script>\n<!-- \/ Yoast SEO plugin. -->","yoast_head_json":{"title":"Peluche Niffleur - Bestie fantastiche - R\u00e9plique Manga Cin\u00e9","description":"Venite a scoprire questo peluche Niffleur di Animali Fantastici al miglior prezzo. Tutto in fibra di poliestere. Altezza: 23 cm. Consegna 24\/48h","robots":{"index":"index","follow":"follow","max-snippet":"max-snippet:-1","max-image-preview":"max-image-preview:large","max-video-preview":"max-video-preview:-1"},"canonical":"https:\/\/repliquemangacine.fr\/it\/animali-fantastici\/animali-fantastici-niffleur-peluche\/","og_locale":"it_IT","og_type":"article","og_title":"Peluche Niffleur - Les Animaux Fantastiques - R\u00e9plique Manga Cin\u00e9","og_description":"Venez d\u00e9couvrir cette Peluche Niffleur des Animaux Fantastiques au meilleur prix. Tout en fibres Polyester. Hauteur : 23 cm. Envoi 24\/48h","og_url":"https:\/\/repliquemangacine.fr\/it\/animali-fantastici\/animali-fantastici-niffleur-peluche\/","og_site_name":"R\u00e9plique Manga Cin\u00e9","article_publisher":"https:\/\/www.facebook.com\/RepliqueMangaCine","article_modified_time":"2026-03-19T16:11:44+00:00","og_image":[{"width":500,"height":500,"url":"https:\/\/repliquemangacine.fr\/wp-content\/uploads\/2024\/01\/peluche-niffleur.jpg","type":"image\/jpeg"}],"twitter_card":"summary_large_image","twitter_misc":{"Tempo di lettura stimato":"3 minuti"},"schema":{"@context":"https:\/\/schema.org","@graph":[{"@type":"WebPage","@id":"https:\/\/repliquemangacine.fr\/les-animaux-fantastiques\/peluche-niffleur-les-animaux-fantastiques\/","url":"https:\/\/repliquemangacine.fr\/les-animaux-fantastiques\/peluche-niffleur-les-animaux-fantastiques\/","name":"Peluche Niffleur - Bestie fantastiche - R\u00e9plique Manga Cin\u00e9","isPartOf":{"@id":"https:\/\/repliquemangacine.fr\/#website"},"primaryImageOfPage":{"@id":"https:\/\/repliquemangacine.fr\/les-animaux-fantastiques\/peluche-niffleur-les-animaux-fantastiques\/#primaryimage"},"image":{"@id":"https:\/\/repliquemangacine.fr\/les-animaux-fantastiques\/peluche-niffleur-les-animaux-fantastiques\/#primaryimage"},"thumbnailUrl":"https:\/\/repliquemangacine.fr\/wp-content\/uploads\/2024\/01\/peluche-niffleur.jpg","datePublished":"2024-01-09T16:57:50+00:00","dateModified":"2026-03-19T16:11:44+00:00","description":"Venite a scoprire questo peluche Niffleur di Animali Fantastici al miglior prezzo. Tutto in fibra di poliestere. Altezza: 23 cm. Consegna 24\/48h","breadcrumb":{"@id":"https:\/\/repliquemangacine.fr\/les-animaux-fantastiques\/peluche-niffleur-les-animaux-fantastiques\/#breadcrumb"},"inLanguage":"it-IT","potentialAction":[{"@type":"ReadAction","target":["https:\/\/repliquemangacine.fr\/les-animaux-fantastiques\/peluche-niffleur-les-animaux-fantastiques\/"]}]},{"@type":"ImageObject","inLanguage":"it-IT","@id":"https:\/\/repliquemangacine.fr\/les-animaux-fantastiques\/peluche-niffleur-les-animaux-fantastiques\/#primaryimage","url":"https:\/\/repliquemangacine.fr\/wp-content\/uploads\/2024\/01\/peluche-niffleur.jpg","contentUrl":"https:\/\/repliquemangacine.fr\/wp-content\/uploads\/2024\/01\/peluche-niffleur.jpg","width":500,"height":500,"caption":"Peluche Niffleur des Animaux Fantastiques"},{"@type":"BreadcrumbList","@id":"https:\/\/repliquemangacine.fr\/les-animaux-fantastiques\/peluche-niffleur-les-animaux-fantastiques\/#breadcrumb","itemListElement":[{"@type":"ListItem","position":1,"name":"Accueil","item":"https:\/\/repliquemangacine.fr\/"},{"@type":"ListItem","position":2,"name":"Produits","item":"https:\/\/repliquemangacine.fr\/boutique\/"},{"@type":"ListItem","position":3,"name":"Peluche Niffleur &#8211; Les Animaux Fantastiques"}]},{"@type":"WebSite","@id":"https:\/\/repliquemangacine.fr\/#website","url":"https:\/\/repliquemangacine.fr\/","name":"R\u00e9plique Manga Cin\u00e9","description":"","publisher":{"@id":"https:\/\/repliquemangacine.fr\/#organization"},"potentialAction":[{"@type":"SearchAction","target":{"@type":"EntryPoint","urlTemplate":"https:\/\/repliquemangacine.fr\/?s={search_term_string}"},"query-input":{"@type":"PropertyValueSpecification","valueRequired":true,"valueName":"search_term_string"}}],"inLanguage":"it-IT"},{"@type":"Organization","@id":"https:\/\/repliquemangacine.fr\/#organization","name":"R\u00e9plique Manga Cin\u00e9","url":"https:\/\/repliquemangacine.fr\/","logo":{"@type":"ImageObject","inLanguage":"it-IT","@id":"https:\/\/repliquemangacine.fr\/#\/schema\/logo\/image\/","url":"https:\/\/repliquemangacine.fr\/wp-content\/uploads\/2023\/10\/RMC-500250.png","contentUrl":"https:\/\/repliquemangacine.fr\/wp-content\/uploads\/2023\/10\/RMC-500250.png","width":500,"height":250,"caption":"R\u00e9plique Manga Cin\u00e9"},"image":{"@id":"https:\/\/repliquemangacine.fr\/#\/schema\/logo\/image\/"},"sameAs":["https:\/\/www.facebook.com\/RepliqueMangaCine","https:\/\/www.instagram.com\/repliquemangacine.fr\/"]}]}},"_links":{"self":[{"href":"https:\/\/repliquemangacine.fr\/it\/wp-json\/wp\/v2\/product\/67885","targetHints":{"allow":["GET"]}}],"collection":[{"href":"https:\/\/repliquemangacine.fr\/it\/wp-json\/wp\/v2\/product"}],"about":[{"href":"https:\/\/repliquemangacine.fr\/it\/wp-json\/wp\/v2\/types\/product"}],"wp:featuredmedia":[{"embeddable":true,"href":"https:\/\/repliquemangacine.fr\/it\/wp-json\/wp\/v2\/media\/67886"}],"wp:attachment":[{"href":"https:\/\/repliquemangacine.fr\/it\/wp-json\/wp\/v2\/media?parent=67885"}],"wp:term":[{"taxonomy":"product_brand","embeddable":true,"href":"https:\/\/repliquemangacine.fr\/it\/wp-json\/wp\/v2\/product_brand?post=67885"},{"taxonomy":"product_cat","embeddable":true,"href":"https:\/\/repliquemangacine.fr\/it\/wp-json\/wp\/v2\/product_cat?post=67885"},{"taxonomy":"product_tag","embeddable":true,"href":"https:\/\/repliquemangacine.fr\/it\/wp-json\/wp\/v2\/product_tag?post=67885"}],"curies":[{"name":"wp","href":"https:\/\/api.w.org\/{rel}","templated":true}]}}