





{"id":67874,"date":"2024-01-09T14:49:05","date_gmt":"2024-01-09T13:49:05","guid":{"rendered":"https:\/\/repliquemangacine.fr\/?post_type=product&#038;p=67874"},"modified":"2025-12-16T15:34:33","modified_gmt":"2025-12-16T14:34:33","slug":"pietra-filosofale-harry-potter","status":"publish","type":"product","link":"https:\/\/repliquemangacine.fr\/it\/collectors-et-goodies-harry-potter\/pierre-philosophale-harry-potter\/","title":{"rendered":"Pietra filosofale Harry Potter"},"content":{"rendered":"<h2>La Pietra Filosofale: un artefatto mitico nell'universo di Harry Potter<\/h2>\n<p>Per cominciare, il <strong>La Pietra Filosofale in Harry Potter<\/strong>, un artefatto leggendario al centro di questo universo, affascina i fan da anni. Inoltre, nella nostra collezione di prodotti, vi proponiamo una fedele riproduzione di questo oggetto magico emblematico.<br \/>\nChe tu sia un aspirante mago o un appassionato collezionista, questa replica della Pietra Filosofale \u00e8 un must-have. Realizzata con una cura dei dettagli senza pari, cattura in modo straordinario l'essenza dell'opera di J.K. Rowling.<\/p>\n<h3>Scoprire la Pietra Filosofale in Harry Potter<\/h3>\n<p>Lasciatevi trasportare nell'incantevole mondo di Harry Potter possedendo questa replica unica. Immaginate le avventure di Harry, Ron e Hermione alla ricerca di questa pietra misteriosa per raggiungere l'immortalit\u00e0. Che vogliate esporla con orgoglio nella vostra collezione o indossarla durante i vostri eventi cosplay, la nostra replica garantisce un'esperienza autentica.<\/p>\n<h2>La Pietra Filosofale di Harry Potter a buon mercato: una replica di qualit\u00e0<\/h2>\n<p>Alla ricerca di una replica del <a href=\"https:\/\/harrypotter.fandom.com\/fr\/wiki\/Pierre_philosophale\" target=\"_blank\" rel=\"noopener noreferrer\">Pietra filosofale<\/a> Harry Potter a prezzi convenienti senza rinunciare alla qualit\u00e0? Sei nel posto giusto!<br \/>\nNoi di R\u00e9plique Manga Cin\u00e9 siamo orgogliosi di presentarvi la nostra replica economica della Pietra Filosofale. Infatti, comprendiamo che non tutti i maghi e i fan di Harry Potter possono permettersi di spendere una fortuna per possedere questo mitico artefatto.<\/p>\n<h3>Scoprite la Pietra Filosofale a un prezzo accessibile!<\/h3>\n<p>Va sottolineato che la nostra replica della Pietra Filosofale \u00e8 stata realizzata con grande attenzione ai dettagli. Tuttavia, \u00e8 importante notare che la nostra replica non \u00e8 un gioiello ufficiale della saga, ma \u00e8 comunque di ottima qualit\u00e0.<\/p>\n<p>Crediamo nella magia dell'immaginazione. Questa replica \u00e8 perfetta per i fan che desiderano aggiungere un tocco di magia alla loro collezione senza spendere una fortuna.<\/p>\n<h2>Bacchetta di Harry Potter e altri oggetti da collezione<\/h2>\n<p>Noi di RMC non ci accontentiamo di offrirvi solo la <strong>Pietra filosofale Harry Potter<\/strong>. Abbiamo anche una vasta selezione di bacchette magiche e altri prodotti da collezione.<br \/>\nChe tu sia un aspirante mago alla ricerca della bacchetta perfetta o un appassionato collezionista, la nostra collezione ha tutto ci\u00f2 che desideri.<\/p>\n<h3>Esplora la nostra gamma di prodotti per collezionisti<\/h3>\n<p>Immergetevi nell'incantevole mondo di Harry Potter scoprendo la nostra gamma di bacchette dei personaggi, come la bacchetta di <a href=\"https:\/\/repliquemangacine.fr\/it\/bacchette-dei-personaggi-di-harry-potter\/bacchetta-harry-potter-anima-in-metallo-di-alta-qualita\/\">La bacchetta di Harry<\/a>Hermione o qualsiasi altro personaggio. C'\u00e8 anche il peluche di Edwige, cos\u00ec come il <a href=\"https:\/\/repliquemangacine.fr\/it\/collezionisti-di-harry-potter-e-chicche\/scopa-di-harry-potter-firebolt\/\">Scopa Firebolt<\/a>. In conclusione, il nostro negozio online \u00e8 un vero tesoro per i fan di Harry Potter. Potete stare certi che troverete qualcosa che arricchir\u00e0 la vostra collezione.<\/p>\n<p>Scopri oggi stesso la nostra gamma completa di bacchette magiche di Harry Potter e altri prodotti da collezione.<\/p>","protected":false},"excerpt":{"rendered":"<p>Eccellente replica a buon mercato della collana della Pietra Filosofale di Harry Potter<\/p>\n<ul>\n<li>Pietra di resina<\/li>\n<li>Catena in acciaio placcato oro<\/li>\n<li>Fornito in un astuccio di velluto nero Harry Potter<\/li>\n<\/ul>","protected":false},"featured_media":67875,"template":"","meta":[],"product_brand":[],"product_cat":[87],"product_tag":[],"class_list":{"0":"post-67874","1":"product","2":"type-product","3":"status-publish","4":"has-post-thumbnail","6":"product_cat-collectors-et-goodies-harry-potter","8":"first","9":"instock","10":"taxable","11":"shipping-taxable","12":"purchasable","13":"product-type-simple"},"yoast_head":"<!-- This site is optimized with the Yoast SEO plugin v27.5 - https:\/\/yoast.com\/product\/yoast-seo-wordpress\/ -->\n<title>Pierre Philosophale Harry Potter - Collier collector | R\u00e9plique Manga Cin\u00e9<\/title>\n<meta name=\"description\" content=\"Venez d\u00e9couvrir ce pendentif Pierre Philosophale Harry Potter pas cher. Chaine en zinc dor\u00e9. Pierre en r\u00e9sine. Livr\u00e9 avec sa pochette Harry Potter\" \/>\n<meta name=\"robots\" content=\"index, follow, max-snippet:-1, max-image-preview:large, max-video-preview:-1\" \/>\n<link rel=\"canonical\" href=\"https:\/\/repliquemangacine.fr\/it\/collezionisti-di-harry-potter-e-chicche\/pietra-filosofale-harry-potter\/\" \/>\n<meta property=\"og:locale\" content=\"it_IT\" \/>\n<meta property=\"og:type\" content=\"article\" \/>\n<meta property=\"og:title\" content=\"Pierre Philosophale Harry Potter - Collier collector | R\u00e9plique Manga Cin\u00e9\" \/>\n<meta property=\"og:description\" content=\"Venez d\u00e9couvrir ce pendentif Pierre Philosophale Harry Potter pas cher. Chaine en zinc dor\u00e9. Pierre en r\u00e9sine. Livr\u00e9 avec sa pochette Harry Potter\" \/>\n<meta property=\"og:url\" content=\"https:\/\/repliquemangacine.fr\/it\/collezionisti-di-harry-potter-e-chicche\/pietra-filosofale-harry-potter\/\" \/>\n<meta property=\"og:site_name\" content=\"R\u00e9plique Manga Cin\u00e9\" \/>\n<meta property=\"article:publisher\" content=\"https:\/\/www.facebook.com\/RepliqueMangaCine\" \/>\n<meta property=\"article:modified_time\" content=\"2025-12-16T14:34:33+00:00\" \/>\n<meta property=\"og:image\" content=\"https:\/\/repliquemangacine.fr\/wp-content\/uploads\/2024\/01\/pierre-philosophale-harry-potter.jpg\" \/>\n\t<meta property=\"og:image:width\" content=\"500\" \/>\n\t<meta property=\"og:image:height\" content=\"500\" \/>\n\t<meta property=\"og:image:type\" content=\"image\/jpeg\" \/>\n<meta name=\"twitter:card\" content=\"summary_large_image\" \/>\n<meta name=\"twitter:label1\" content=\"Tempo di lettura stimato\" \/>\n\t<meta name=\"twitter:data1\" content=\"3 minuti\" \/>\n<script type=\"application\/ld+json\" class=\"yoast-schema-graph\">{\"@context\":\"https:\\\/\\\/schema.org\",\"@graph\":[{\"@type\":\"WebPage\",\"@id\":\"https:\\\/\\\/repliquemangacine.fr\\\/collectors-et-goodies-harry-potter\\\/pierre-philosophale-harry-potter\\\/\",\"url\":\"https:\\\/\\\/repliquemangacine.fr\\\/collectors-et-goodies-harry-potter\\\/pierre-philosophale-harry-potter\\\/\",\"name\":\"Pierre Philosophale Harry Potter - Collier collector | R\u00e9plique Manga Cin\u00e9\",\"isPartOf\":{\"@id\":\"https:\\\/\\\/repliquemangacine.fr\\\/#website\"},\"primaryImageOfPage\":{\"@id\":\"https:\\\/\\\/repliquemangacine.fr\\\/collectors-et-goodies-harry-potter\\\/pierre-philosophale-harry-potter\\\/#primaryimage\"},\"image\":{\"@id\":\"https:\\\/\\\/repliquemangacine.fr\\\/collectors-et-goodies-harry-potter\\\/pierre-philosophale-harry-potter\\\/#primaryimage\"},\"thumbnailUrl\":\"https:\\\/\\\/repliquemangacine.fr\\\/wp-content\\\/uploads\\\/2024\\\/01\\\/pierre-philosophale-harry-potter.jpg\",\"datePublished\":\"2024-01-09T13:49:05+00:00\",\"dateModified\":\"2025-12-16T14:34:33+00:00\",\"description\":\"Venez d\u00e9couvrir ce pendentif Pierre Philosophale Harry Potter pas cher. Chaine en zinc dor\u00e9. Pierre en r\u00e9sine. Livr\u00e9 avec sa pochette Harry Potter\",\"breadcrumb\":{\"@id\":\"https:\\\/\\\/repliquemangacine.fr\\\/collectors-et-goodies-harry-potter\\\/pierre-philosophale-harry-potter\\\/#breadcrumb\"},\"inLanguage\":\"it-IT\",\"potentialAction\":[{\"@type\":\"ReadAction\",\"target\":[\"https:\\\/\\\/repliquemangacine.fr\\\/collectors-et-goodies-harry-potter\\\/pierre-philosophale-harry-potter\\\/\"]}]},{\"@type\":\"ImageObject\",\"inLanguage\":\"it-IT\",\"@id\":\"https:\\\/\\\/repliquemangacine.fr\\\/collectors-et-goodies-harry-potter\\\/pierre-philosophale-harry-potter\\\/#primaryimage\",\"url\":\"https:\\\/\\\/repliquemangacine.fr\\\/wp-content\\\/uploads\\\/2024\\\/01\\\/pierre-philosophale-harry-potter.jpg\",\"contentUrl\":\"https:\\\/\\\/repliquemangacine.fr\\\/wp-content\\\/uploads\\\/2024\\\/01\\\/pierre-philosophale-harry-potter.jpg\",\"width\":500,\"height\":500,\"caption\":\"Pierre Philosophale Harry Potter\"},{\"@type\":\"BreadcrumbList\",\"@id\":\"https:\\\/\\\/repliquemangacine.fr\\\/collectors-et-goodies-harry-potter\\\/pierre-philosophale-harry-potter\\\/#breadcrumb\",\"itemListElement\":[{\"@type\":\"ListItem\",\"position\":1,\"name\":\"Accueil\",\"item\":\"https:\\\/\\\/repliquemangacine.fr\\\/\"},{\"@type\":\"ListItem\",\"position\":2,\"name\":\"Produits\",\"item\":\"https:\\\/\\\/repliquemangacine.fr\\\/boutique\\\/\"},{\"@type\":\"ListItem\",\"position\":3,\"name\":\"Pierre Philosophale Harry Potter\"}]},{\"@type\":\"WebSite\",\"@id\":\"https:\\\/\\\/repliquemangacine.fr\\\/#website\",\"url\":\"https:\\\/\\\/repliquemangacine.fr\\\/\",\"name\":\"R\u00e9plique Manga Cin\u00e9\",\"description\":\"\",\"publisher\":{\"@id\":\"https:\\\/\\\/repliquemangacine.fr\\\/#organization\"},\"potentialAction\":[{\"@type\":\"SearchAction\",\"target\":{\"@type\":\"EntryPoint\",\"urlTemplate\":\"https:\\\/\\\/repliquemangacine.fr\\\/?s={search_term_string}\"},\"query-input\":{\"@type\":\"PropertyValueSpecification\",\"valueRequired\":true,\"valueName\":\"search_term_string\"}}],\"inLanguage\":\"it-IT\"},{\"@type\":\"Organization\",\"@id\":\"https:\\\/\\\/repliquemangacine.fr\\\/#organization\",\"name\":\"R\u00e9plique Manga Cin\u00e9\",\"url\":\"https:\\\/\\\/repliquemangacine.fr\\\/\",\"logo\":{\"@type\":\"ImageObject\",\"inLanguage\":\"it-IT\",\"@id\":\"https:\\\/\\\/repliquemangacine.fr\\\/#\\\/schema\\\/logo\\\/image\\\/\",\"url\":\"https:\\\/\\\/repliquemangacine.fr\\\/wp-content\\\/uploads\\\/2023\\\/10\\\/RMC-500250.png\",\"contentUrl\":\"https:\\\/\\\/repliquemangacine.fr\\\/wp-content\\\/uploads\\\/2023\\\/10\\\/RMC-500250.png\",\"width\":500,\"height\":250,\"caption\":\"R\u00e9plique Manga Cin\u00e9\"},\"image\":{\"@id\":\"https:\\\/\\\/repliquemangacine.fr\\\/#\\\/schema\\\/logo\\\/image\\\/\"},\"sameAs\":[\"https:\\\/\\\/www.facebook.com\\\/RepliqueMangaCine\",\"https:\\\/\\\/www.instagram.com\\\/repliquemangacine.fr\\\/\"]}]}<\/script>\n<!-- \/ Yoast SEO plugin. -->","yoast_head_json":{"title":"Pietra filosofale di Harry Potter - Collana da collezione | R\u00e9plique Manga Cin\u00e9","description":"Venite a scoprire questo ciondolo a forma di Pietra Filosofale di Harry Potter. Catena in zinco placcato oro. Pietra in resina. Consegnato con la sua custodia di Harry Potter.","robots":{"index":"index","follow":"follow","max-snippet":"max-snippet:-1","max-image-preview":"max-image-preview:large","max-video-preview":"max-video-preview:-1"},"canonical":"https:\/\/repliquemangacine.fr\/it\/collezionisti-di-harry-potter-e-chicche\/pietra-filosofale-harry-potter\/","og_locale":"it_IT","og_type":"article","og_title":"Pierre Philosophale Harry Potter - Collier collector | R\u00e9plique Manga Cin\u00e9","og_description":"Venez d\u00e9couvrir ce pendentif Pierre Philosophale Harry Potter pas cher. Chaine en zinc dor\u00e9. Pierre en r\u00e9sine. Livr\u00e9 avec sa pochette Harry Potter","og_url":"https:\/\/repliquemangacine.fr\/it\/collezionisti-di-harry-potter-e-chicche\/pietra-filosofale-harry-potter\/","og_site_name":"R\u00e9plique Manga Cin\u00e9","article_publisher":"https:\/\/www.facebook.com\/RepliqueMangaCine","article_modified_time":"2025-12-16T14:34:33+00:00","og_image":[{"width":500,"height":500,"url":"https:\/\/repliquemangacine.fr\/wp-content\/uploads\/2024\/01\/pierre-philosophale-harry-potter.jpg","type":"image\/jpeg"}],"twitter_card":"summary_large_image","twitter_misc":{"Tempo di lettura stimato":"3 minuti"},"schema":{"@context":"https:\/\/schema.org","@graph":[{"@type":"WebPage","@id":"https:\/\/repliquemangacine.fr\/collectors-et-goodies-harry-potter\/pierre-philosophale-harry-potter\/","url":"https:\/\/repliquemangacine.fr\/collectors-et-goodies-harry-potter\/pierre-philosophale-harry-potter\/","name":"Pietra filosofale di Harry Potter - Collana da collezione | R\u00e9plique Manga Cin\u00e9","isPartOf":{"@id":"https:\/\/repliquemangacine.fr\/#website"},"primaryImageOfPage":{"@id":"https:\/\/repliquemangacine.fr\/collectors-et-goodies-harry-potter\/pierre-philosophale-harry-potter\/#primaryimage"},"image":{"@id":"https:\/\/repliquemangacine.fr\/collectors-et-goodies-harry-potter\/pierre-philosophale-harry-potter\/#primaryimage"},"thumbnailUrl":"https:\/\/repliquemangacine.fr\/wp-content\/uploads\/2024\/01\/pierre-philosophale-harry-potter.jpg","datePublished":"2024-01-09T13:49:05+00:00","dateModified":"2025-12-16T14:34:33+00:00","description":"Venite a scoprire questo ciondolo a forma di Pietra Filosofale di Harry Potter. Catena in zinco placcato oro. Pietra in resina. Consegnato con la sua custodia di Harry Potter.","breadcrumb":{"@id":"https:\/\/repliquemangacine.fr\/collectors-et-goodies-harry-potter\/pierre-philosophale-harry-potter\/#breadcrumb"},"inLanguage":"it-IT","potentialAction":[{"@type":"ReadAction","target":["https:\/\/repliquemangacine.fr\/collectors-et-goodies-harry-potter\/pierre-philosophale-harry-potter\/"]}]},{"@type":"ImageObject","inLanguage":"it-IT","@id":"https:\/\/repliquemangacine.fr\/collectors-et-goodies-harry-potter\/pierre-philosophale-harry-potter\/#primaryimage","url":"https:\/\/repliquemangacine.fr\/wp-content\/uploads\/2024\/01\/pierre-philosophale-harry-potter.jpg","contentUrl":"https:\/\/repliquemangacine.fr\/wp-content\/uploads\/2024\/01\/pierre-philosophale-harry-potter.jpg","width":500,"height":500,"caption":"Pierre Philosophale Harry Potter"},{"@type":"BreadcrumbList","@id":"https:\/\/repliquemangacine.fr\/collectors-et-goodies-harry-potter\/pierre-philosophale-harry-potter\/#breadcrumb","itemListElement":[{"@type":"ListItem","position":1,"name":"Accueil","item":"https:\/\/repliquemangacine.fr\/"},{"@type":"ListItem","position":2,"name":"Produits","item":"https:\/\/repliquemangacine.fr\/boutique\/"},{"@type":"ListItem","position":3,"name":"Pierre Philosophale Harry Potter"}]},{"@type":"WebSite","@id":"https:\/\/repliquemangacine.fr\/#website","url":"https:\/\/repliquemangacine.fr\/","name":"R\u00e9plique Manga Cin\u00e9","description":"","publisher":{"@id":"https:\/\/repliquemangacine.fr\/#organization"},"potentialAction":[{"@type":"SearchAction","target":{"@type":"EntryPoint","urlTemplate":"https:\/\/repliquemangacine.fr\/?s={search_term_string}"},"query-input":{"@type":"PropertyValueSpecification","valueRequired":true,"valueName":"search_term_string"}}],"inLanguage":"it-IT"},{"@type":"Organization","@id":"https:\/\/repliquemangacine.fr\/#organization","name":"R\u00e9plique Manga Cin\u00e9","url":"https:\/\/repliquemangacine.fr\/","logo":{"@type":"ImageObject","inLanguage":"it-IT","@id":"https:\/\/repliquemangacine.fr\/#\/schema\/logo\/image\/","url":"https:\/\/repliquemangacine.fr\/wp-content\/uploads\/2023\/10\/RMC-500250.png","contentUrl":"https:\/\/repliquemangacine.fr\/wp-content\/uploads\/2023\/10\/RMC-500250.png","width":500,"height":250,"caption":"R\u00e9plique Manga Cin\u00e9"},"image":{"@id":"https:\/\/repliquemangacine.fr\/#\/schema\/logo\/image\/"},"sameAs":["https:\/\/www.facebook.com\/RepliqueMangaCine","https:\/\/www.instagram.com\/repliquemangacine.fr\/"]}]}},"_links":{"self":[{"href":"https:\/\/repliquemangacine.fr\/it\/wp-json\/wp\/v2\/product\/67874","targetHints":{"allow":["GET"]}}],"collection":[{"href":"https:\/\/repliquemangacine.fr\/it\/wp-json\/wp\/v2\/product"}],"about":[{"href":"https:\/\/repliquemangacine.fr\/it\/wp-json\/wp\/v2\/types\/product"}],"wp:featuredmedia":[{"embeddable":true,"href":"https:\/\/repliquemangacine.fr\/it\/wp-json\/wp\/v2\/media\/67875"}],"wp:attachment":[{"href":"https:\/\/repliquemangacine.fr\/it\/wp-json\/wp\/v2\/media?parent=67874"}],"wp:term":[{"taxonomy":"product_brand","embeddable":true,"href":"https:\/\/repliquemangacine.fr\/it\/wp-json\/wp\/v2\/product_brand?post=67874"},{"taxonomy":"product_cat","embeddable":true,"href":"https:\/\/repliquemangacine.fr\/it\/wp-json\/wp\/v2\/product_cat?post=67874"},{"taxonomy":"product_tag","embeddable":true,"href":"https:\/\/repliquemangacine.fr\/it\/wp-json\/wp\/v2\/product_tag?post=67874"}],"curies":[{"name":"wp","href":"https:\/\/api.w.org\/{rel}","templated":true}]}}