





{"id":67553,"date":"2023-12-22T17:05:06","date_gmt":"2023-12-22T16:05:06","guid":{"rendered":"https:\/\/repliquemangacine.fr\/?post_type=product&#038;p=67553"},"modified":"2025-11-18T15:35:38","modified_gmt":"2025-11-18T14:35:38","slug":"fondina-doppia-marrone","status":"publish","type":"product","link":"https:\/\/repliquemangacine.fr\/it\/holster-accessoires-western\/holster-double-marron\/","title":{"rendered":"Fondina doppia marrone"},"content":{"rendered":"<h2>Fondina doppia marrone<\/h2>\n<p>Per cominciare, questo <strong>Fondina doppia marrone<\/strong>, appositamente progettato per contenere due revolver. Questa cintura \u00e8 dotata di una cartucciera con 24 proiettili finti. Generalmente progettata per essere utilizzata con una sola mano. Ci\u00f2 consente di estrarre e\/o sostituire la pistola con la stessa mano. Per riporre la pistola nella fondina con una sola mano, \u00e8 necessario un materiale semirigido. In questo modo la fondina mantiene la sua forma e non crolla quando la pistola non \u00e8 pi\u00f9 all'interno a sostenerla.<\/p>\n<p>Tradizionalmente fissate alla cintura tramite una tracolla. Reso popolare dai film western e da famose scene di duelli. L'estrazione della pistola in alcuni film \u00e8 piuttosto spettacolare e si assiste a prodezze tecniche per rimetterla al suo posto.<\/p>\n<h2>La tua fondina Double Brown al miglior prezzo.<\/h2>\n<p>Vi proponiamo un'ampia scelta di accessori western.<\/p>\n<p>Innanzitutto,<\/p>\n<ul>\n<li>Per la fondina sono necessari <a href=\"https:\/\/repliquemangacine.fr\/it\/pistola-kolser\/colt-45-lucidato-4-75-pollici-1873-caso-kolser\/\">colt 45 lucido 4,75<\/a>modello 1873 del marchio <a href=\"https:\/\/kolser.com\/\" target=\"_blank\" rel=\"noopener noreferrer\">Kolser<\/a> .<\/li>\n<li>Ci sono anche proiettili finti con inneschi per le Colt .45 per riempire la cintura di cartucce.<\/li>\n<li>Cos\u00ec come <a href=\"https:\/\/repliquemangacine.fr\/it\/pistola-kolser\/confezione-blister-208-primer-kolser\/\">blister di primer<\/a> i pezzi di ricambio necessari per far funzionare il tutto!<\/li>\n<li>E molti altri da scoprire nel nostro negozio online!<\/li>\n<\/ul>\n<p>Si tratta quindi di un'ottima idea regalo per tutti gli amanti delle armi storiche. In conclusione, potete utilizzare questa fondina nera da 2 Colt per le vostre rievocazioni e rappresentazioni western. Soprattutto, quest'arma \u00e8 un oggetto da collezione e un pezzo decorativo. R\u00e9plique Manga Cin\u00e9 \u00e8 una societ\u00e0 francese e distributore ufficiale del marchio Denix.<\/p>\n<h2>Come vengono realizzati i suoi accessori western?<\/h2>\n<p>Per cominciare, tutti i nostri prodotti derivati sono di altissima qualit\u00e0, realizzati con una meticolosa attenzione ai dettagli. Alcuni di questi vengono realizzati a mano, per riprodurre i minimi dettagli. Le parti pi\u00f9 importanti sono lavorate con macchine molto precise. Le incisioni sono generalmente realizzate con una punta di diamante o con il laser. Il vostro <strong>Fondina doppia marrone<\/strong> fabbricati per riprodurre esattamente ogni dettaglio. Per eguagliare l'eredit\u00e0 dei capolavori originali. L'accento \u00e8 posto sulla creazione di repliche di alta qualit\u00e0 che siano il pi\u00f9 possibile storicamente accurate. In conclusione, importate dalla Cina, dalla Spagna o dall'India, le nostre repliche vi stupiranno!<\/p>","protected":false},"excerpt":{"rendered":"<p>Questa cintura western di altissima qualit\u00e0 \u00e8 realizzata in pelle spessa e modellata.<\/p>\n<ul>\n<li>Realizzato e cucito a mano.<\/li>\n<li>Due custodie per pistole con parti decorative in vera pelle.<\/li>\n<li>Fibbia da cintura in metallo.<\/li>\n<li>Cinghie di supporto.<\/li>\n<li>Nastro della cartuccia.<\/li>\n<li>Fornito senza proiettili finti<\/li>\n<\/ul>","protected":false},"featured_media":67554,"template":"","meta":[],"product_brand":[],"product_cat":[45,90,27,64],"product_tag":[],"class_list":{"0":"post-67553","1":"product","2":"type-product","3":"status-publish","4":"has-post-thumbnail","6":"product_cat-holster-western-ceinturon","7":"product_cat-holster-accessoires-western","8":"product_cat-armes-et-accessoires-western","9":"product_cat-western-repliques-armes","11":"first","12":"outofstock","13":"taxable","14":"shipping-taxable","15":"purchasable","16":"product-type-simple"},"yoast_head":"<!-- This site is optimized with the Yoast SEO plugin v27.4 - https:\/\/yoast.com\/product\/yoast-seo-wordpress\/ -->\n<title>Holster Double Marron - Accessoires Western | RMC<\/title>\n<meta name=\"description\" content=\"D\u00e9couvrez ce superbe Holster Double Marron au meilleur prix. Tout en cuir marron. Cartouchi\u00e8res. Id\u00e9al pour votre costume de Cow-boys.\" \/>\n<meta name=\"robots\" content=\"index, follow, max-snippet:-1, max-image-preview:large, max-video-preview:-1\" \/>\n<link rel=\"canonical\" href=\"https:\/\/repliquemangacine.fr\/it\/fondina-per-accessori-western\/fondina-doppia-marrone\/\" \/>\n<meta property=\"og:locale\" content=\"it_IT\" \/>\n<meta property=\"og:type\" content=\"article\" \/>\n<meta property=\"og:title\" content=\"Holster Double Marron - Accessoires Western | RMC\" \/>\n<meta property=\"og:description\" content=\"D\u00e9couvrez ce superbe Holster Double Marron au meilleur prix. Tout en cuir marron. Cartouchi\u00e8res. Id\u00e9al pour votre costume de Cow-boys.\" \/>\n<meta property=\"og:url\" content=\"https:\/\/repliquemangacine.fr\/it\/fondina-per-accessori-western\/fondina-doppia-marrone\/\" \/>\n<meta property=\"og:site_name\" content=\"R\u00e9plique Manga Cin\u00e9\" \/>\n<meta property=\"article:publisher\" content=\"https:\/\/www.facebook.com\/RepliqueMangaCine\" \/>\n<meta property=\"article:modified_time\" content=\"2025-11-18T14:35:38+00:00\" \/>\n<meta property=\"og:image\" content=\"https:\/\/repliquemangacine.fr\/wp-content\/uploads\/2023\/12\/Holster-double-marron.jpg\" \/>\n\t<meta property=\"og:image:width\" content=\"500\" \/>\n\t<meta property=\"og:image:height\" content=\"500\" \/>\n\t<meta property=\"og:image:type\" content=\"image\/jpeg\" \/>\n<meta name=\"twitter:card\" content=\"summary_large_image\" \/>\n<meta name=\"twitter:label1\" content=\"Tempo di lettura stimato\" \/>\n\t<meta name=\"twitter:data1\" content=\"3 minuti\" \/>\n<script type=\"application\/ld+json\" class=\"yoast-schema-graph\">{\"@context\":\"https:\\\/\\\/schema.org\",\"@graph\":[{\"@type\":\"WebPage\",\"@id\":\"https:\\\/\\\/repliquemangacine.fr\\\/holster-accessoires-western\\\/holster-double-marron\\\/\",\"url\":\"https:\\\/\\\/repliquemangacine.fr\\\/holster-accessoires-western\\\/holster-double-marron\\\/\",\"name\":\"Holster Double Marron - Accessoires Western | RMC\",\"isPartOf\":{\"@id\":\"https:\\\/\\\/repliquemangacine.fr\\\/#website\"},\"primaryImageOfPage\":{\"@id\":\"https:\\\/\\\/repliquemangacine.fr\\\/holster-accessoires-western\\\/holster-double-marron\\\/#primaryimage\"},\"image\":{\"@id\":\"https:\\\/\\\/repliquemangacine.fr\\\/holster-accessoires-western\\\/holster-double-marron\\\/#primaryimage\"},\"thumbnailUrl\":\"https:\\\/\\\/repliquemangacine.fr\\\/wp-content\\\/uploads\\\/2023\\\/12\\\/Holster-double-marron.jpg\",\"datePublished\":\"2023-12-22T16:05:06+00:00\",\"dateModified\":\"2025-11-18T14:35:38+00:00\",\"description\":\"D\u00e9couvrez ce superbe Holster Double Marron au meilleur prix. Tout en cuir marron. Cartouchi\u00e8res. Id\u00e9al pour votre costume de Cow-boys.\",\"breadcrumb\":{\"@id\":\"https:\\\/\\\/repliquemangacine.fr\\\/holster-accessoires-western\\\/holster-double-marron\\\/#breadcrumb\"},\"inLanguage\":\"it-IT\",\"potentialAction\":[{\"@type\":\"ReadAction\",\"target\":[\"https:\\\/\\\/repliquemangacine.fr\\\/holster-accessoires-western\\\/holster-double-marron\\\/\"]}]},{\"@type\":\"ImageObject\",\"inLanguage\":\"it-IT\",\"@id\":\"https:\\\/\\\/repliquemangacine.fr\\\/holster-accessoires-western\\\/holster-double-marron\\\/#primaryimage\",\"url\":\"https:\\\/\\\/repliquemangacine.fr\\\/wp-content\\\/uploads\\\/2023\\\/12\\\/Holster-double-marron.jpg\",\"contentUrl\":\"https:\\\/\\\/repliquemangacine.fr\\\/wp-content\\\/uploads\\\/2023\\\/12\\\/Holster-double-marron.jpg\",\"width\":500,\"height\":500,\"caption\":\"Holster Double Marron\"},{\"@type\":\"BreadcrumbList\",\"@id\":\"https:\\\/\\\/repliquemangacine.fr\\\/holster-accessoires-western\\\/holster-double-marron\\\/#breadcrumb\",\"itemListElement\":[{\"@type\":\"ListItem\",\"position\":1,\"name\":\"Accueil\",\"item\":\"https:\\\/\\\/repliquemangacine.fr\\\/\"},{\"@type\":\"ListItem\",\"position\":2,\"name\":\"Produits\",\"item\":\"https:\\\/\\\/repliquemangacine.fr\\\/boutique\\\/\"},{\"@type\":\"ListItem\",\"position\":3,\"name\":\"Holster Double Marron\"}]},{\"@type\":\"WebSite\",\"@id\":\"https:\\\/\\\/repliquemangacine.fr\\\/#website\",\"url\":\"https:\\\/\\\/repliquemangacine.fr\\\/\",\"name\":\"R\u00e9plique Manga Cin\u00e9\",\"description\":\"\",\"publisher\":{\"@id\":\"https:\\\/\\\/repliquemangacine.fr\\\/#organization\"},\"potentialAction\":[{\"@type\":\"SearchAction\",\"target\":{\"@type\":\"EntryPoint\",\"urlTemplate\":\"https:\\\/\\\/repliquemangacine.fr\\\/?s={search_term_string}\"},\"query-input\":{\"@type\":\"PropertyValueSpecification\",\"valueRequired\":true,\"valueName\":\"search_term_string\"}}],\"inLanguage\":\"it-IT\"},{\"@type\":\"Organization\",\"@id\":\"https:\\\/\\\/repliquemangacine.fr\\\/#organization\",\"name\":\"R\u00e9plique Manga Cin\u00e9\",\"url\":\"https:\\\/\\\/repliquemangacine.fr\\\/\",\"logo\":{\"@type\":\"ImageObject\",\"inLanguage\":\"it-IT\",\"@id\":\"https:\\\/\\\/repliquemangacine.fr\\\/#\\\/schema\\\/logo\\\/image\\\/\",\"url\":\"https:\\\/\\\/repliquemangacine.fr\\\/wp-content\\\/uploads\\\/2023\\\/10\\\/RMC-500250.png\",\"contentUrl\":\"https:\\\/\\\/repliquemangacine.fr\\\/wp-content\\\/uploads\\\/2023\\\/10\\\/RMC-500250.png\",\"width\":500,\"height\":250,\"caption\":\"R\u00e9plique Manga Cin\u00e9\"},\"image\":{\"@id\":\"https:\\\/\\\/repliquemangacine.fr\\\/#\\\/schema\\\/logo\\\/image\\\/\"},\"sameAs\":[\"https:\\\/\\\/www.facebook.com\\\/RepliqueMangaCine\",\"https:\\\/\\\/www.instagram.com\\\/repliquemangacine.fr\\\/\"]}]}<\/script>\n<!-- \/ Yoast SEO plugin. -->","yoast_head_json":{"title":"Fondina doppia marrone - Accessori Western | RMC","description":"Scoprite questa superba fondina doppia marrone al miglior prezzo. Tutta in pelle marrone. Passanti per cintura. Ideale per il vostro costume da Cowboy.","robots":{"index":"index","follow":"follow","max-snippet":"max-snippet:-1","max-image-preview":"max-image-preview:large","max-video-preview":"max-video-preview:-1"},"canonical":"https:\/\/repliquemangacine.fr\/it\/fondina-per-accessori-western\/fondina-doppia-marrone\/","og_locale":"it_IT","og_type":"article","og_title":"Holster Double Marron - Accessoires Western | RMC","og_description":"D\u00e9couvrez ce superbe Holster Double Marron au meilleur prix. Tout en cuir marron. Cartouchi\u00e8res. Id\u00e9al pour votre costume de Cow-boys.","og_url":"https:\/\/repliquemangacine.fr\/it\/fondina-per-accessori-western\/fondina-doppia-marrone\/","og_site_name":"R\u00e9plique Manga Cin\u00e9","article_publisher":"https:\/\/www.facebook.com\/RepliqueMangaCine","article_modified_time":"2025-11-18T14:35:38+00:00","og_image":[{"width":500,"height":500,"url":"https:\/\/repliquemangacine.fr\/wp-content\/uploads\/2023\/12\/Holster-double-marron.jpg","type":"image\/jpeg"}],"twitter_card":"summary_large_image","twitter_misc":{"Tempo di lettura stimato":"3 minuti"},"schema":{"@context":"https:\/\/schema.org","@graph":[{"@type":"WebPage","@id":"https:\/\/repliquemangacine.fr\/holster-accessoires-western\/holster-double-marron\/","url":"https:\/\/repliquemangacine.fr\/holster-accessoires-western\/holster-double-marron\/","name":"Fondina doppia marrone - Accessori Western | RMC","isPartOf":{"@id":"https:\/\/repliquemangacine.fr\/#website"},"primaryImageOfPage":{"@id":"https:\/\/repliquemangacine.fr\/holster-accessoires-western\/holster-double-marron\/#primaryimage"},"image":{"@id":"https:\/\/repliquemangacine.fr\/holster-accessoires-western\/holster-double-marron\/#primaryimage"},"thumbnailUrl":"https:\/\/repliquemangacine.fr\/wp-content\/uploads\/2023\/12\/Holster-double-marron.jpg","datePublished":"2023-12-22T16:05:06+00:00","dateModified":"2025-11-18T14:35:38+00:00","description":"Scoprite questa superba fondina doppia marrone al miglior prezzo. Tutta in pelle marrone. Passanti per cintura. Ideale per il vostro costume da Cowboy.","breadcrumb":{"@id":"https:\/\/repliquemangacine.fr\/holster-accessoires-western\/holster-double-marron\/#breadcrumb"},"inLanguage":"it-IT","potentialAction":[{"@type":"ReadAction","target":["https:\/\/repliquemangacine.fr\/holster-accessoires-western\/holster-double-marron\/"]}]},{"@type":"ImageObject","inLanguage":"it-IT","@id":"https:\/\/repliquemangacine.fr\/holster-accessoires-western\/holster-double-marron\/#primaryimage","url":"https:\/\/repliquemangacine.fr\/wp-content\/uploads\/2023\/12\/Holster-double-marron.jpg","contentUrl":"https:\/\/repliquemangacine.fr\/wp-content\/uploads\/2023\/12\/Holster-double-marron.jpg","width":500,"height":500,"caption":"Holster Double Marron"},{"@type":"BreadcrumbList","@id":"https:\/\/repliquemangacine.fr\/holster-accessoires-western\/holster-double-marron\/#breadcrumb","itemListElement":[{"@type":"ListItem","position":1,"name":"Accueil","item":"https:\/\/repliquemangacine.fr\/"},{"@type":"ListItem","position":2,"name":"Produits","item":"https:\/\/repliquemangacine.fr\/boutique\/"},{"@type":"ListItem","position":3,"name":"Holster Double Marron"}]},{"@type":"WebSite","@id":"https:\/\/repliquemangacine.fr\/#website","url":"https:\/\/repliquemangacine.fr\/","name":"R\u00e9plique Manga Cin\u00e9","description":"","publisher":{"@id":"https:\/\/repliquemangacine.fr\/#organization"},"potentialAction":[{"@type":"SearchAction","target":{"@type":"EntryPoint","urlTemplate":"https:\/\/repliquemangacine.fr\/?s={search_term_string}"},"query-input":{"@type":"PropertyValueSpecification","valueRequired":true,"valueName":"search_term_string"}}],"inLanguage":"it-IT"},{"@type":"Organization","@id":"https:\/\/repliquemangacine.fr\/#organization","name":"R\u00e9plique Manga Cin\u00e9","url":"https:\/\/repliquemangacine.fr\/","logo":{"@type":"ImageObject","inLanguage":"it-IT","@id":"https:\/\/repliquemangacine.fr\/#\/schema\/logo\/image\/","url":"https:\/\/repliquemangacine.fr\/wp-content\/uploads\/2023\/10\/RMC-500250.png","contentUrl":"https:\/\/repliquemangacine.fr\/wp-content\/uploads\/2023\/10\/RMC-500250.png","width":500,"height":250,"caption":"R\u00e9plique Manga Cin\u00e9"},"image":{"@id":"https:\/\/repliquemangacine.fr\/#\/schema\/logo\/image\/"},"sameAs":["https:\/\/www.facebook.com\/RepliqueMangaCine","https:\/\/www.instagram.com\/repliquemangacine.fr\/"]}]}},"_links":{"self":[{"href":"https:\/\/repliquemangacine.fr\/it\/wp-json\/wp\/v2\/product\/67553","targetHints":{"allow":["GET"]}}],"collection":[{"href":"https:\/\/repliquemangacine.fr\/it\/wp-json\/wp\/v2\/product"}],"about":[{"href":"https:\/\/repliquemangacine.fr\/it\/wp-json\/wp\/v2\/types\/product"}],"wp:featuredmedia":[{"embeddable":true,"href":"https:\/\/repliquemangacine.fr\/it\/wp-json\/wp\/v2\/media\/67554"}],"wp:attachment":[{"href":"https:\/\/repliquemangacine.fr\/it\/wp-json\/wp\/v2\/media?parent=67553"}],"wp:term":[{"taxonomy":"product_brand","embeddable":true,"href":"https:\/\/repliquemangacine.fr\/it\/wp-json\/wp\/v2\/product_brand?post=67553"},{"taxonomy":"product_cat","embeddable":true,"href":"https:\/\/repliquemangacine.fr\/it\/wp-json\/wp\/v2\/product_cat?post=67553"},{"taxonomy":"product_tag","embeddable":true,"href":"https:\/\/repliquemangacine.fr\/it\/wp-json\/wp\/v2\/product_tag?post=67553"}],"curies":[{"name":"wp","href":"https:\/\/api.w.org\/{rel}","templated":true}]}}