





{"id":67142,"date":"2023-12-15T18:45:45","date_gmt":"2023-12-15T17:45:45","guid":{"rendered":"https:\/\/repliquemangacine.fr\/?post_type=product&#038;p=67142"},"modified":"2025-12-02T16:33:56","modified_gmt":"2025-12-02T15:33:56","slug":"spada-di-delendil-gli-anelli-del-potere","status":"publish","type":"product","link":"https:\/\/repliquemangacine.fr\/it\/epees-et-dague-les-anneaux-de-pouvoir\/epee-delendil-les-anneaux-de-pouvoir\/","title":{"rendered":"Spada di Elendil - Anelli del Potere"},"content":{"rendered":"<h2>Scoprite la Spada di Elendil da \"Gli Anelli del Potere\".<\/h2>\n<p>Per cominciare, la Spada di Elendil, un tesoro mitico della Terra di Mezzo. Un pezzo centrale dell'universo de \"Il Signore degli Anelli\", che occupa un posto di rilievo anche nella serie \"Gli Anelli del Potere\". Quest'arma leggendaria, forgiata dalle abili mani degli elfi, porta con s\u00e9 la storia e il coraggio dei grandi re della Terra di Mezzo.<\/p>\n<h3>\"Gli Anelli del Potere: una nuova visione della Spada di Elendil\".<\/h3>\n<p>In \"Gli anelli del potere\", la serie si prende delle libert\u00e0 narrative per esplorare le radici e il destino di Narsil, la spada di Elendil. Pur essendo fedele allo spirito dell'opera originale di Tolkien, la serie offre un'interpretazione unica e arricchente della storia di questa spada emblematica. Questa libert\u00e0 creativa offre ai fan una nuova prospettiva su Narsil, rendendo ogni replica della spada ancora pi\u00f9 preziosa e ricercata dai collezionisti.<\/p>\n<h2>Narsil: la leggendaria spada di Elendil<\/h2>\n<p>Narsil, pi\u00f9 che una semplice spada, \u00e8 un simbolo di coraggio e leggenda nell'universo de \u201cIl Signore degli Anelli\u201d. La sua storia \u00e8 intrinsecamente legata a quella di Elendil, il grande re degli uomini, e attraversa le epoche della Terra di Mezzo.<\/p>\n<p>Reinventata nella serie \u201c<a href=\"https:\/\/www.premiere.fr\/Series\/News-Series\/Les-Anneaux-de-pouvoir-pourquoi-lepee-de-lepisode-3-est-si-importante\" target=\"_blank\" rel=\"noopener noreferrer\">Gli anelli del potere<\/a>\", Narsil mantiene la sua aura mitica pur beneficiando di una nuova narrazione. Appare nel 3\u1d49 episodio della serie. Resta da capire chi abbia forgiato Narsil a N\u00famenor e perch\u00e9 M\u00edriel abbia affidato la spada a Elendil in questo modo.<\/p>\n<h3>Narsil, la spada di Elendil ne \"Gli anelli del potere\".<\/h3>\n<p>La serie, pur rispettando lo spirito dell'opera di Tolkien, esplora nuovi aspetti di questa spada leggendaria. Narsil rappresenta il potere e la regalit\u00e0, ma anche un ponte tra epoche e leggende.  Un tesoro per gli ammiratori di Tolkien e per i collezionisti di oggetti unici.<\/p>\n<h2>Le spade del Signore degli Anelli e gli Anelli del Potere<\/h2>\n<p>Nel ricco e coinvolgente universo de \u201cIl Signore degli Anelli\u201d e de \u201cGli Anelli del Potere\u201d, le spade e i pugnali rivestono un ruolo fondamentale.<\/p>\n<p>Queste spade, che vanno dalla leggendaria spada Narsil riforgiata l\u2019<a href=\"https:\/\/repliquemangacine.fr\/it\/spade-e-pugnali-gli-anelli-del-potere\/spada-anduril-aragorn-signore-degli-anelli\/\">Anduril<\/a>il <a href=\"https:\/\/repliquemangacine.fr\/it\/spade-del-signore-degli-anelli\/dague-aragorn-poignard-elfique-coltello-elfico-daragorn\/\">il pugnale di aragorn<\/a> il suo pugnale elfico. C'\u00e8 anche il<a href=\"https:\/\/repliquemangacine.fr\/it\/nuovi-prodotti\/spada-di-galadriel-anelli-del-potere\/\">La spada di Galadriel<\/a> negli anelli del potere, cos\u00ec come il suo pugnale. Tutte queste armi raccontano la storia della Terra di Mezzo.<\/p>\n<h3>Una collezione unica di armi della Terra di Mezzo<\/h3>\n<p>Ogni spada e pugnale, che appartenga a un re o a uno hobbit, \u00e8 riprodotto con meticolosa attenzione ai dettagli.  Gli appassionati di Tolkien e i collezionisti rimarranno stupiti dalla qualit\u00e0 delle nostre repliche.<br \/>\nIn conclusione, queste spade non sono solo oggetti da collezione. Sono un portale verso un mondo di fantasia e avventura, un'eredit\u00e0 della magia di Tolkien.<\/p>","protected":false},"excerpt":{"rendered":"<p>Splendida replica della spada di Elendil della serie \"Gli Anelli del Potere\".<\/p>\n<ul>\n<li>Lama in acciaio lucido con incisione in oro<\/li>\n<li>Pomolo a forma di raggiera in acciaio massiccio con una perla al centro.<\/li>\n<li>Maniglia rivestita in similpelle nera<\/li>\n<li>Protezione di forma specifica in acciaio massiccio<\/li>\n<li>Fodero in similpelle nera.<\/li>\n<li>Lunghezza lama: 77 cm - Lunghezza totale: 105,5 cm<\/li>\n<li>Peso: 1440 gr<\/li>\n<\/ul>","protected":false},"featured_media":68951,"template":"","meta":[],"product_brand":[],"product_cat":[68,106],"product_tag":[],"class_list":{"0":"post-67142","1":"product","2":"type-product","3":"status-publish","4":"has-post-thumbnail","6":"product_cat-epees-seigneur-des-anneaux","7":"product_cat-epees-et-dague-les-anneaux-de-pouvoir","9":"first","10":"instock","11":"taxable","12":"shipping-taxable","13":"purchasable","14":"product-type-simple"},"yoast_head":"<!-- This site is optimized with the Yoast SEO plugin v27.4 - https:\/\/yoast.com\/product\/yoast-seo-wordpress\/ -->\n<title>\u00c9p\u00e9e d&#039;Elendil - Les Anneaux de Pouvoir - Ep\u00e9e Narsil | RMC<\/title>\n<meta name=\"description\" content=\"En exclusivit\u00e9 ! Retrouvez cette sublime \u00c9p\u00e9e d&#039;Elendil dans la s\u00e9rie les Anneaux de pouvoir. Lame en acier poli d\u00e9cor\u00e9e. Fourreau similicuir. 105,5 cm\" \/>\n<meta name=\"robots\" content=\"index, follow, max-snippet:-1, max-image-preview:large, max-video-preview:-1\" \/>\n<link rel=\"canonical\" href=\"https:\/\/repliquemangacine.fr\/it\/spade-e-pugnali-gli-anelli-del-potere\/spada-di-delendil-gli-anelli-del-potere\/\" \/>\n<meta property=\"og:locale\" content=\"it_IT\" \/>\n<meta property=\"og:type\" content=\"article\" \/>\n<meta property=\"og:title\" content=\"\u00c9p\u00e9e d&#039;Elendil - Les Anneaux de Pouvoir - Ep\u00e9e Narsil | RMC\" \/>\n<meta property=\"og:description\" content=\"En exclusivit\u00e9 ! Retrouvez cette sublime \u00c9p\u00e9e d&#039;Elendil dans la s\u00e9rie les Anneaux de pouvoir. Lame en acier poli d\u00e9cor\u00e9e. Fourreau similicuir. 105,5 cm\" \/>\n<meta property=\"og:url\" content=\"https:\/\/repliquemangacine.fr\/it\/spade-e-pugnali-gli-anelli-del-potere\/spada-di-delendil-gli-anelli-del-potere\/\" \/>\n<meta property=\"og:site_name\" content=\"R\u00e9plique Manga Cin\u00e9\" \/>\n<meta property=\"article:publisher\" content=\"https:\/\/www.facebook.com\/RepliqueMangaCine\" \/>\n<meta property=\"article:modified_time\" content=\"2025-12-02T15:33:56+00:00\" \/>\n<meta property=\"og:image\" content=\"https:\/\/repliquemangacine.fr\/wp-content\/uploads\/2023\/12\/Epee-Elendil-les-anneaux-de-pouvoir.jpg\" \/>\n\t<meta property=\"og:image:width\" content=\"500\" \/>\n\t<meta property=\"og:image:height\" content=\"500\" \/>\n\t<meta property=\"og:image:type\" content=\"image\/jpeg\" \/>\n<meta name=\"twitter:card\" content=\"summary_large_image\" \/>\n<meta name=\"twitter:label1\" content=\"Tempo di lettura stimato\" \/>\n\t<meta name=\"twitter:data1\" content=\"3 minuti\" \/>\n<script type=\"application\/ld+json\" class=\"yoast-schema-graph\">{\"@context\":\"https:\\\/\\\/schema.org\",\"@graph\":[{\"@type\":\"WebPage\",\"@id\":\"https:\\\/\\\/repliquemangacine.fr\\\/epees-et-dague-les-anneaux-de-pouvoir\\\/epee-delendil-les-anneaux-de-pouvoir\\\/\",\"url\":\"https:\\\/\\\/repliquemangacine.fr\\\/epees-et-dague-les-anneaux-de-pouvoir\\\/epee-delendil-les-anneaux-de-pouvoir\\\/\",\"name\":\"\u00c9p\u00e9e d'Elendil - Les Anneaux de Pouvoir - Ep\u00e9e Narsil | RMC\",\"isPartOf\":{\"@id\":\"https:\\\/\\\/repliquemangacine.fr\\\/#website\"},\"primaryImageOfPage\":{\"@id\":\"https:\\\/\\\/repliquemangacine.fr\\\/epees-et-dague-les-anneaux-de-pouvoir\\\/epee-delendil-les-anneaux-de-pouvoir\\\/#primaryimage\"},\"image\":{\"@id\":\"https:\\\/\\\/repliquemangacine.fr\\\/epees-et-dague-les-anneaux-de-pouvoir\\\/epee-delendil-les-anneaux-de-pouvoir\\\/#primaryimage\"},\"thumbnailUrl\":\"https:\\\/\\\/repliquemangacine.fr\\\/wp-content\\\/uploads\\\/2023\\\/12\\\/Epee-Elendil-les-anneaux-de-pouvoir.jpg\",\"datePublished\":\"2023-12-15T17:45:45+00:00\",\"dateModified\":\"2025-12-02T15:33:56+00:00\",\"description\":\"En exclusivit\u00e9 ! Retrouvez cette sublime \u00c9p\u00e9e d'Elendil dans la s\u00e9rie les Anneaux de pouvoir. Lame en acier poli d\u00e9cor\u00e9e. Fourreau similicuir. 105,5 cm\",\"breadcrumb\":{\"@id\":\"https:\\\/\\\/repliquemangacine.fr\\\/epees-et-dague-les-anneaux-de-pouvoir\\\/epee-delendil-les-anneaux-de-pouvoir\\\/#breadcrumb\"},\"inLanguage\":\"it-IT\",\"potentialAction\":[{\"@type\":\"ReadAction\",\"target\":[\"https:\\\/\\\/repliquemangacine.fr\\\/epees-et-dague-les-anneaux-de-pouvoir\\\/epee-delendil-les-anneaux-de-pouvoir\\\/\"]}]},{\"@type\":\"ImageObject\",\"inLanguage\":\"it-IT\",\"@id\":\"https:\\\/\\\/repliquemangacine.fr\\\/epees-et-dague-les-anneaux-de-pouvoir\\\/epee-delendil-les-anneaux-de-pouvoir\\\/#primaryimage\",\"url\":\"https:\\\/\\\/repliquemangacine.fr\\\/wp-content\\\/uploads\\\/2023\\\/12\\\/Epee-Elendil-les-anneaux-de-pouvoir.jpg\",\"contentUrl\":\"https:\\\/\\\/repliquemangacine.fr\\\/wp-content\\\/uploads\\\/2023\\\/12\\\/Epee-Elendil-les-anneaux-de-pouvoir.jpg\",\"width\":500,\"height\":500,\"caption\":\"Ep\u00e9e d'Elendil Les Anneaux de Pouvoir\"},{\"@type\":\"BreadcrumbList\",\"@id\":\"https:\\\/\\\/repliquemangacine.fr\\\/epees-et-dague-les-anneaux-de-pouvoir\\\/epee-delendil-les-anneaux-de-pouvoir\\\/#breadcrumb\",\"itemListElement\":[{\"@type\":\"ListItem\",\"position\":1,\"name\":\"Accueil\",\"item\":\"https:\\\/\\\/repliquemangacine.fr\\\/\"},{\"@type\":\"ListItem\",\"position\":2,\"name\":\"Produits\",\"item\":\"https:\\\/\\\/repliquemangacine.fr\\\/boutique\\\/\"},{\"@type\":\"ListItem\",\"position\":3,\"name\":\"\u00c9p\u00e9e d&#8217;Elendil &#8211; Les Anneaux de Pouvoir\"}]},{\"@type\":\"WebSite\",\"@id\":\"https:\\\/\\\/repliquemangacine.fr\\\/#website\",\"url\":\"https:\\\/\\\/repliquemangacine.fr\\\/\",\"name\":\"R\u00e9plique Manga Cin\u00e9\",\"description\":\"\",\"publisher\":{\"@id\":\"https:\\\/\\\/repliquemangacine.fr\\\/#organization\"},\"potentialAction\":[{\"@type\":\"SearchAction\",\"target\":{\"@type\":\"EntryPoint\",\"urlTemplate\":\"https:\\\/\\\/repliquemangacine.fr\\\/?s={search_term_string}\"},\"query-input\":{\"@type\":\"PropertyValueSpecification\",\"valueRequired\":true,\"valueName\":\"search_term_string\"}}],\"inLanguage\":\"it-IT\"},{\"@type\":\"Organization\",\"@id\":\"https:\\\/\\\/repliquemangacine.fr\\\/#organization\",\"name\":\"R\u00e9plique Manga Cin\u00e9\",\"url\":\"https:\\\/\\\/repliquemangacine.fr\\\/\",\"logo\":{\"@type\":\"ImageObject\",\"inLanguage\":\"it-IT\",\"@id\":\"https:\\\/\\\/repliquemangacine.fr\\\/#\\\/schema\\\/logo\\\/image\\\/\",\"url\":\"https:\\\/\\\/repliquemangacine.fr\\\/wp-content\\\/uploads\\\/2023\\\/10\\\/RMC-500250.png\",\"contentUrl\":\"https:\\\/\\\/repliquemangacine.fr\\\/wp-content\\\/uploads\\\/2023\\\/10\\\/RMC-500250.png\",\"width\":500,\"height\":250,\"caption\":\"R\u00e9plique Manga Cin\u00e9\"},\"image\":{\"@id\":\"https:\\\/\\\/repliquemangacine.fr\\\/#\\\/schema\\\/logo\\\/image\\\/\"},\"sameAs\":[\"https:\\\/\\\/www.facebook.com\\\/RepliqueMangaCine\",\"https:\\\/\\\/www.instagram.com\\\/repliquemangacine.fr\\\/\"]}]}<\/script>\n<!-- \/ Yoast SEO plugin. -->","yoast_head_json":{"title":"Spada di Elendil - Gli Anelli del Potere - Spada Narsil | RMC","description":"Esclusivo! Scoprite questa sublime Spada di Elendil nella serie degli Anelli del Potere. Lama decorata in acciaio lucido. Fodero in similpelle. 105,5 cm.","robots":{"index":"index","follow":"follow","max-snippet":"max-snippet:-1","max-image-preview":"max-image-preview:large","max-video-preview":"max-video-preview:-1"},"canonical":"https:\/\/repliquemangacine.fr\/it\/spade-e-pugnali-gli-anelli-del-potere\/spada-di-delendil-gli-anelli-del-potere\/","og_locale":"it_IT","og_type":"article","og_title":"\u00c9p\u00e9e d'Elendil - Les Anneaux de Pouvoir - Ep\u00e9e Narsil | RMC","og_description":"En exclusivit\u00e9 ! Retrouvez cette sublime \u00c9p\u00e9e d'Elendil dans la s\u00e9rie les Anneaux de pouvoir. Lame en acier poli d\u00e9cor\u00e9e. Fourreau similicuir. 105,5 cm","og_url":"https:\/\/repliquemangacine.fr\/it\/spade-e-pugnali-gli-anelli-del-potere\/spada-di-delendil-gli-anelli-del-potere\/","og_site_name":"R\u00e9plique Manga Cin\u00e9","article_publisher":"https:\/\/www.facebook.com\/RepliqueMangaCine","article_modified_time":"2025-12-02T15:33:56+00:00","og_image":[{"width":500,"height":500,"url":"https:\/\/repliquemangacine.fr\/wp-content\/uploads\/2023\/12\/Epee-Elendil-les-anneaux-de-pouvoir.jpg","type":"image\/jpeg"}],"twitter_card":"summary_large_image","twitter_misc":{"Tempo di lettura stimato":"3 minuti"},"schema":{"@context":"https:\/\/schema.org","@graph":[{"@type":"WebPage","@id":"https:\/\/repliquemangacine.fr\/epees-et-dague-les-anneaux-de-pouvoir\/epee-delendil-les-anneaux-de-pouvoir\/","url":"https:\/\/repliquemangacine.fr\/epees-et-dague-les-anneaux-de-pouvoir\/epee-delendil-les-anneaux-de-pouvoir\/","name":"Spada di Elendil - Gli Anelli del Potere - Spada Narsil | RMC","isPartOf":{"@id":"https:\/\/repliquemangacine.fr\/#website"},"primaryImageOfPage":{"@id":"https:\/\/repliquemangacine.fr\/epees-et-dague-les-anneaux-de-pouvoir\/epee-delendil-les-anneaux-de-pouvoir\/#primaryimage"},"image":{"@id":"https:\/\/repliquemangacine.fr\/epees-et-dague-les-anneaux-de-pouvoir\/epee-delendil-les-anneaux-de-pouvoir\/#primaryimage"},"thumbnailUrl":"https:\/\/repliquemangacine.fr\/wp-content\/uploads\/2023\/12\/Epee-Elendil-les-anneaux-de-pouvoir.jpg","datePublished":"2023-12-15T17:45:45+00:00","dateModified":"2025-12-02T15:33:56+00:00","description":"Esclusivo! Scoprite questa sublime Spada di Elendil nella serie degli Anelli del Potere. Lama decorata in acciaio lucido. Fodero in similpelle. 105,5 cm.","breadcrumb":{"@id":"https:\/\/repliquemangacine.fr\/epees-et-dague-les-anneaux-de-pouvoir\/epee-delendil-les-anneaux-de-pouvoir\/#breadcrumb"},"inLanguage":"it-IT","potentialAction":[{"@type":"ReadAction","target":["https:\/\/repliquemangacine.fr\/epees-et-dague-les-anneaux-de-pouvoir\/epee-delendil-les-anneaux-de-pouvoir\/"]}]},{"@type":"ImageObject","inLanguage":"it-IT","@id":"https:\/\/repliquemangacine.fr\/epees-et-dague-les-anneaux-de-pouvoir\/epee-delendil-les-anneaux-de-pouvoir\/#primaryimage","url":"https:\/\/repliquemangacine.fr\/wp-content\/uploads\/2023\/12\/Epee-Elendil-les-anneaux-de-pouvoir.jpg","contentUrl":"https:\/\/repliquemangacine.fr\/wp-content\/uploads\/2023\/12\/Epee-Elendil-les-anneaux-de-pouvoir.jpg","width":500,"height":500,"caption":"Ep\u00e9e d'Elendil Les Anneaux de Pouvoir"},{"@type":"BreadcrumbList","@id":"https:\/\/repliquemangacine.fr\/epees-et-dague-les-anneaux-de-pouvoir\/epee-delendil-les-anneaux-de-pouvoir\/#breadcrumb","itemListElement":[{"@type":"ListItem","position":1,"name":"Accueil","item":"https:\/\/repliquemangacine.fr\/"},{"@type":"ListItem","position":2,"name":"Produits","item":"https:\/\/repliquemangacine.fr\/boutique\/"},{"@type":"ListItem","position":3,"name":"\u00c9p\u00e9e d&#8217;Elendil &#8211; Les Anneaux de Pouvoir"}]},{"@type":"WebSite","@id":"https:\/\/repliquemangacine.fr\/#website","url":"https:\/\/repliquemangacine.fr\/","name":"R\u00e9plique Manga Cin\u00e9","description":"","publisher":{"@id":"https:\/\/repliquemangacine.fr\/#organization"},"potentialAction":[{"@type":"SearchAction","target":{"@type":"EntryPoint","urlTemplate":"https:\/\/repliquemangacine.fr\/?s={search_term_string}"},"query-input":{"@type":"PropertyValueSpecification","valueRequired":true,"valueName":"search_term_string"}}],"inLanguage":"it-IT"},{"@type":"Organization","@id":"https:\/\/repliquemangacine.fr\/#organization","name":"R\u00e9plique Manga Cin\u00e9","url":"https:\/\/repliquemangacine.fr\/","logo":{"@type":"ImageObject","inLanguage":"it-IT","@id":"https:\/\/repliquemangacine.fr\/#\/schema\/logo\/image\/","url":"https:\/\/repliquemangacine.fr\/wp-content\/uploads\/2023\/10\/RMC-500250.png","contentUrl":"https:\/\/repliquemangacine.fr\/wp-content\/uploads\/2023\/10\/RMC-500250.png","width":500,"height":250,"caption":"R\u00e9plique Manga Cin\u00e9"},"image":{"@id":"https:\/\/repliquemangacine.fr\/#\/schema\/logo\/image\/"},"sameAs":["https:\/\/www.facebook.com\/RepliqueMangaCine","https:\/\/www.instagram.com\/repliquemangacine.fr\/"]}]}},"_links":{"self":[{"href":"https:\/\/repliquemangacine.fr\/it\/wp-json\/wp\/v2\/product\/67142","targetHints":{"allow":["GET"]}}],"collection":[{"href":"https:\/\/repliquemangacine.fr\/it\/wp-json\/wp\/v2\/product"}],"about":[{"href":"https:\/\/repliquemangacine.fr\/it\/wp-json\/wp\/v2\/types\/product"}],"wp:featuredmedia":[{"embeddable":true,"href":"https:\/\/repliquemangacine.fr\/it\/wp-json\/wp\/v2\/media\/68951"}],"wp:attachment":[{"href":"https:\/\/repliquemangacine.fr\/it\/wp-json\/wp\/v2\/media?parent=67142"}],"wp:term":[{"taxonomy":"product_brand","embeddable":true,"href":"https:\/\/repliquemangacine.fr\/it\/wp-json\/wp\/v2\/product_brand?post=67142"},{"taxonomy":"product_cat","embeddable":true,"href":"https:\/\/repliquemangacine.fr\/it\/wp-json\/wp\/v2\/product_cat?post=67142"},{"taxonomy":"product_tag","embeddable":true,"href":"https:\/\/repliquemangacine.fr\/it\/wp-json\/wp\/v2\/product_tag?post=67142"}],"curies":[{"name":"wp","href":"https:\/\/api.w.org\/{rel}","templated":true}]}}